{"id":1264,"date":"2025-07-18T07:33:46","date_gmt":"2025-07-18T07:33:46","guid":{"rendered":"https:\/\/customacrylicproduct.com\/?post_type=product&#038;p=1264"},"modified":"2025-07-18T07:33:46","modified_gmt":"2025-07-18T07:33:46","slug":"custom-acrylic-sun-glass-tray-sun-glass-storage-organizer","status":"publish","type":"product","link":"https:\/\/customacrylicproduct.com\/es\/custom-acrylic-sun-glass-tray-sun-glass-storage-organizer\/","title":{"rendered":"Bandeja acr\u00edlica a medida para cristal de sol Organizador de almacenamiento para cristal de sol"},"content":{"rendered":"<h3 id=\"-transform-your-collection-from-turmoil-to-chic-the-ultimate-customized-acrylic-sunglass-coordinator-\"><strong>Transforme su colecci\u00f3n de turbulenta a chic: el coordinador de gafas de sol acr\u00edlicas personalizadas definitivo<\/strong><\/h3>\n<p>Sus gafas de sol son algo m\u00e1s que una mera protecci\u00f3n contra el sol; son una afirmaci\u00f3n de estilo, un elemento crucial que completa un atuendo y una colecci\u00f3n que ha conservado cuidadosamente a lo largo del tiempo. Desde las atemporales Pilots y las intemporales Wayfarer hasta las vibrantes y llamativas piezas de gran tama\u00f1o, cada conjunto representa un aspecto de su individualidad. Pero, \u00bfc\u00f3mo se guardan exactamente estos preciados objetos? \u00bfEst\u00e1n esparcidos por una c\u00f3moda, enredados en un armario con secretos y cosm\u00e9ticos, o en precario equilibrio sobre una mesilla de noche, vulnerables a las rozaduras, el polvo y los da\u00f1os? Es hora de acabar con el desorden y ofrecer a sus gafas el hogar elegante y ordenado que deber\u00edan tener.<\/p>\n<p>Presentaci\u00f3n de la\u00a0<strong>Bandeja de pol\u00edmero personalizada para gafas de sol y organizador de almacenamiento\u00a0<\/strong>- una clase magistral de dise\u00f1o minimalista y funcionalidad. No es s\u00f3lo una caja; es un malet\u00edn, un refugio de seguridad y una innovadora herramienta empresarial desarrollada para elevar su \u00e1rea y agilizar su vida.<\/p>\n<p><img fetchpriority=\"high\" decoding=\"async\" class=\"size-full wp-image-1265\" src=\"https:\/\/customacrylicproduct.com\/wp-content\/uploads\/2025\/07\/Acrylic-Tray-1.jpg\" alt=\"Bandeja acr\u00edlica (1)\" width=\"800\" height=\"800\" srcset=\"https:\/\/customacrylicproduct.com\/wp-content\/uploads\/2025\/07\/Acrylic-Tray-1.jpg 800w, https:\/\/customacrylicproduct.com\/wp-content\/uploads\/2025\/07\/Acrylic-Tray-1-300x300.jpg 300w, https:\/\/customacrylicproduct.com\/wp-content\/uploads\/2025\/07\/Acrylic-Tray-1-150x150.jpg 150w, https:\/\/customacrylicproduct.com\/wp-content\/uploads\/2025\/07\/Acrylic-Tray-1-768x768.jpg 768w, https:\/\/customacrylicproduct.com\/wp-content\/uploads\/2025\/07\/Acrylic-Tray-1-600x600.jpg 600w, https:\/\/customacrylicproduct.com\/wp-content\/uploads\/2025\/07\/Acrylic-Tray-1-100x100.jpg 100w\" sizes=\"(max-width: 800px) 100vw, 800px\" \/><\/p>\n<h4 id=\"-a-vision-of-clearness-and-order-\"><strong>Una visi\u00f3n de claridad y orden<\/strong><\/h4>\n<p>Imag\u00ednese empezar el d\u00eda con la m\u00e1xima calidad. En lugar de una b\u00fasqueda fren\u00e9tica de las gafas de sol ideales, le recibe una pantalla sensacional y ordenada. Cada par descansa en su propia zona bonita y dedicada, perceptible de un solo vistazo. Esta es la experiencia que ofrece nuestra bandeja acr\u00edlica para gafas de sol.<\/p>\n<p>Fabricado con el mejor acr\u00edlico cristalino, este coordinador se ha desarrollado para que se vea y pase desapercibido. Su naturaleza transparente permite que su magn\u00edfica colecci\u00f3n sea la estrella del programa. Las l\u00edneas limpias y la construcci\u00f3n lisa desarrollan un visual suave y contempor\u00e1neo que complementa cualquier tipo de dise\u00f1o de decoraci\u00f3n, desde el minimalismo moderno al glamour cl\u00e1sico de Hollywood. A diferencia de las situaciones voluminosos, no transparentes que ocultan su colecci\u00f3n de distancia, nuestra bandeja transforma sus gafas de sol a la derecha en un elemento de arte \u00fatil, el cambio de su tocador, estante del armario, o la parte superior del gabinete en una tienda individual.<\/p>\n<p><img decoding=\"async\" class=\"wp-image-1267 size-large\" src=\"https:\/\/customacrylicproduct.com\/wp-content\/uploads\/2025\/07\/Acrylic-Tray-3-1-1024x1024.jpg\" alt=\"Bandeja acr\u00edlica (3)\" width=\"1024\" height=\"1024\" srcset=\"https:\/\/customacrylicproduct.com\/wp-content\/uploads\/2025\/07\/Acrylic-Tray-3-1-1024x1024.jpg 1024w, https:\/\/customacrylicproduct.com\/wp-content\/uploads\/2025\/07\/Acrylic-Tray-3-1-300x300.jpg 300w, https:\/\/customacrylicproduct.com\/wp-content\/uploads\/2025\/07\/Acrylic-Tray-3-1-150x150.jpg 150w, https:\/\/customacrylicproduct.com\/wp-content\/uploads\/2025\/07\/Acrylic-Tray-3-1-768x768.jpg 768w, https:\/\/customacrylicproduct.com\/wp-content\/uploads\/2025\/07\/Acrylic-Tray-3-1-1536x1536.jpg 1536w, https:\/\/customacrylicproduct.com\/wp-content\/uploads\/2025\/07\/Acrylic-Tray-3-1-600x600.jpg 600w, https:\/\/customacrylicproduct.com\/wp-content\/uploads\/2025\/07\/Acrylic-Tray-3-1-100x100.jpg 100w, https:\/\/customacrylicproduct.com\/wp-content\/uploads\/2025\/07\/Acrylic-Tray-3-1.jpg 1600w\" sizes=\"(max-width: 1024px) 100vw, 1024px\" \/><\/p>\n<h4 id=\"-uncompromising-security-for-your-financial-investment-\"><strong>Seguridad sin concesiones para su inversi\u00f3n financiera<\/strong><\/h4>\n<p>Sus gafas son una inversi\u00f3n. Cada lente es una maravilla del dise\u00f1o \u00f3ptico, y cada estructura es un fr\u00e1gil trabajo de estilo. Nuestro organizador de gafas de sol est\u00e1 desarrollado para proteger esa inversi\u00f3n. La bandeja incluye numerosos compartimentos de tama\u00f1o completo que acogen cada juego de gafas de sol individualmente. Esta divisi\u00f3n bien pensada evita el principal motivo de deterioro de las gafas: las rozaduras. Se acabaron las lentes que se rozan entre s\u00ed o que se ara\u00f1an con otros productos en un caj\u00f3n abarrotado.<\/p>\n<p>El fuerte edificio de acr\u00edlico y la construcci\u00f3n ofrece una inflexible, obst\u00e1culo de seguridad contra golpes inesperados y el estr\u00e9s que puede flexionar o romper estructuras fr\u00e1giles. Al mantener sus gafas de sol bien organizados, tambi\u00e9n salvaguardarlos de polvo y part\u00edculas que pueden decidir sobre las lentes y la funci\u00f3n de su m\u00e9todo a la derecha en las bisagras delicadas. Cada \u00e1rea funciona como una colecci\u00f3n privada para sus gafas, garantizando que permanezcan en perfecto estado durante a\u00f1os.<\/p>\n<figure id=\"attachment_1266\" aria-describedby=\"caption-attachment-1266\" style=\"width: 1024px\" class=\"wp-caption aligncenter\"><img decoding=\"async\" class=\"wp-image-1266 size-large\" src=\"https:\/\/customacrylicproduct.com\/wp-content\/uploads\/2025\/07\/Acrylic-Tray-2-1-1024x1024.jpg\" alt=\"Bandeja acr\u00edlica (2)\" width=\"1024\" height=\"1024\" srcset=\"https:\/\/customacrylicproduct.com\/wp-content\/uploads\/2025\/07\/Acrylic-Tray-2-1-1024x1024.jpg 1024w, https:\/\/customacrylicproduct.com\/wp-content\/uploads\/2025\/07\/Acrylic-Tray-2-1-300x300.jpg 300w, https:\/\/customacrylicproduct.com\/wp-content\/uploads\/2025\/07\/Acrylic-Tray-2-1-150x150.jpg 150w, https:\/\/customacrylicproduct.com\/wp-content\/uploads\/2025\/07\/Acrylic-Tray-2-1-768x768.jpg 768w, https:\/\/customacrylicproduct.com\/wp-content\/uploads\/2025\/07\/Acrylic-Tray-2-1-1536x1536.jpg 1536w, https:\/\/customacrylicproduct.com\/wp-content\/uploads\/2025\/07\/Acrylic-Tray-2-1-600x600.jpg 600w, https:\/\/customacrylicproduct.com\/wp-content\/uploads\/2025\/07\/Acrylic-Tray-2-1-100x100.jpg 100w, https:\/\/customacrylicproduct.com\/wp-content\/uploads\/2025\/07\/Acrylic-Tray-2-1.jpg 1920w\" sizes=\"(max-width: 1024px) 100vw, 1024px\" \/><figcaption id=\"caption-attachment-1266\" class=\"wp-caption-text\">Bandeja acr\u00edlica (2)<\/figcaption><\/figure>\n<h4 id=\"-beyond-sunglasses-a-cosmos-of-company-\"><strong>M\u00e1s all\u00e1 de las gafas de sol: Un cosmos de empresa<\/strong><\/h4>\n<p>Aunque est\u00e1 perfectamente hecho para las gafas de sol, el mago de este organizador reside en su incre\u00edble versatilidad, un concepto que se ve en toda nuestra variedad de opciones acr\u00edlicas para negocios. El mismo dise\u00f1o ordenado y compartimentado que pone orden en tus gafas puede cambiar otras \u00e1reas de tu vida.<\/p>\n<ul>\n<li><strong>Para el usuario de gafas:\u00a0<\/strong>Mantenga sus gafas de an\u00e1lisis, de ordenador y graduadas organizadas y f\u00e1cilmente accesibles. Col\u00f3calo en tu escritorio o mesilla de noche para tener un soporte elegante y sensato.<\/li>\n<li><strong>Para los amantes de los relojes:\u00a0<\/strong>Las \u00e1reas est\u00e1n perfectamente dimensionadas para acoger los encuentros de relojes, asegur\u00e1ndolos desde el principio y presentando su colecci\u00f3n con la sofisticaci\u00f3n de una instancia de expertos en joyer\u00eda de primera calidad.<\/li>\n<li><strong>Para los aficionados a la bisuter\u00eda:\u00a0<\/strong>Diga adi\u00f3s a los collares retorcidos y a los pendientes perdidos. Utilice la bandeja para organizar pulseras fornidas, broches de declaraci\u00f3n, anillos grandes y otros accesorios que no encajan en los joyeros de moda est\u00e1ndar.<\/li>\n<li><strong>Para los aficionados al maquillaje:\u00a0<\/strong>Prepara tus barras de labios preferidas, peque\u00f1as paletas de sombras de ojos o envases de brillo de u\u00f1as para un expositor de tocador que sea a la vez impresionante y eficaz.<\/li>\n<li><strong>Para el profesional creativo:\u00a0<\/strong>Como se ve en nuestros organizadores de escritorio correspondientes, el acr\u00edlico aporta claridad a su espacio de trabajo. Utiliza esta bandeja para organizar productos de manualidades, rotuladores fluorescentes, washi tape, clips de carpeta u otros peque\u00f1os art\u00edculos de papeler\u00eda, manteniendo tu mesa de trabajo minimalista y tu mente concentrada.<\/li>\n<\/ul>\n<p>Esta bandeja pertenece a una cohesionada familia de herramientas de trabajo dise\u00f1adas para aportar armon\u00eda y dise\u00f1o a todos los rincones de su oficina u hogar. Comb\u00ednala con nuestras bandejas acr\u00edlicas para cartas, portabol\u00edgrafos y coordinadores de varios niveles para crear un sistema fusionado y avanzado tan sorprendente como pr\u00e1ctico.<\/p>\n<h4 id=\"-the-power-of-customization-\"><strong>El poder de la personalizaci\u00f3n<\/strong><\/h4>\n<p>Entendemos que cada colecci\u00f3n y cada espacio son \u00fanicos. Por eso ofrecemos la garant\u00eda \u201cA medida\u201d. La bandeja b\u00e1sica de 8 compartimentos es un excelente punto de partida, pero sus necesidades pueden ser diferentes. \u00bfTiene una colecci\u00f3n importante que necesita muchas m\u00e1s ranuras? \u00bfNecesita una bandeja m\u00e1s larga y delgada para que quepa completamente dentro de un armario espec\u00edfico o en una estanter\u00eda estrecha? Podemos tratar con usted para personalizar las dimensiones, la variedad de compartimentos y la disposici\u00f3n general para producir una soluci\u00f3n de almacenamiento que sea realmente personalizada. Este nivel de personalizaci\u00f3n garantiza que su coordinador no sea simplemente un producto que compra, sino un elemento integrado en su entorno individual.<\/p>\n<h4 id=\"-made-permanently-constructed-to-last-\"><strong>Fabricado permanentemente, construido para durar<\/strong><\/h4>\n<p>Nuestros coordinadores est\u00e1n fabricados con acr\u00edlico de primera calidad y duradero, y no con pl\u00e1stico ligero y econ\u00f3mico. Esta opci\u00f3n de producto ofrece una serie de ventajas claras:.<\/p>\n<ul>\n<li><strong>Claridad superior:\u00a0<\/strong>Posee una calidad \u00f3ptica que rivaliza con el cristal, pero sin su fragilidad.<\/li>\n<li><strong>Longevidad:\u00a0<\/strong>Es resistente a las roturas y mucho m\u00e1s robusto que el pl\u00e1stico moldeado com\u00fan, lo que garantiza que no se fracturar\u00e1 ni amarillear\u00e1 con el tiempo.<\/li>\n<li><strong>Ligero:\u00a0<\/strong>A pesar de su robustez, el acr\u00edlico es ligero, lo que facilita su reubicaci\u00f3n y reorganizaci\u00f3n a medida que cambian sus necesidades.<\/li>\n<li><strong>F\u00e1cil de limpiar:\u00a0<\/strong>Una simple limpieza con una toalla suave y h\u00fameda es todo lo que necesita para mantener su organizador como nuevo e impecable.<\/li>\n<\/ul>\n<p>Se trata de un producto dise\u00f1ado para el uso diario: una pieza cl\u00e1sica que, sin duda, le ofrecer\u00e1 un rendimiento perfecto durante muchos a\u00f1os.<\/p>\n<h4 id=\"-elevate-your-day-to-day-\"><strong>Eleve su d\u00eda a d\u00eda<\/strong><\/h4>\n<p>La bandeja acr\u00edlica a medida para gafas de sol es algo m\u00e1s que un simple lugar de almacenamiento. Es un compromiso con una forma de vida organizada. Es la sensaci\u00f3n de calma que se origina en una zona despejada. Es el peque\u00f1o deleite de ver sus impresionantes puntos presentados con cuidado. Es una declaraci\u00f3n sobre c\u00f3mo valoras tus pertenencias y tu satisfacci\u00f3n.<\/p>\n<p>Deje de ocultar su dise\u00f1o. Abandone la b\u00fasqueda cotidiana. Deje que su colecci\u00f3n brille.<\/p>\n<p>Pida hoy mismo su Bandeja de Pol\u00edmero Personalizada para Gafas de Sol y descubra la fusi\u00f3n perfecta de belleza, defensa y compa\u00f1\u00eda. Dale a tus preciados dispositivos el hogar al que realmente tienen derecho.<\/p>","protected":false},"excerpt":{"rendered":"<p class=\"ng-star-inserted\"><span class=\"ng-star-inserted\">Exhiba sus gafas con estilo. Nuestra bandeja personalizada para gafas de sol de acr\u00edlico transparente organiza y protege su colecci\u00f3n. Con m\u00faltiples compartimentos, mantiene las gafas libres de ara\u00f1azos y f\u00e1ciles de encontrar. Una soluci\u00f3n de almacenamiento elegante para cualquier tocador o caj\u00f3n.<\/span><\/p>","protected":false},"featured_media":1265,"template":"","meta":{"_kad_post_transparent":"default","_kad_post_title":"","_kad_post_layout":"default","_kad_post_sidebar_id":"","_kad_post_content_style":"default","_kad_post_vertical_padding":"default","_kad_post_feature":"","_kad_post_feature_position":"","_kad_post_header":false,"_kad_post_footer":false,"_kad_post_classname":""},"product_brand":[],"product_cat":[22],"product_tag":[130],"class_list":{"0":"post-1264","1":"product","2":"type-product","3":"status-publish","4":"has-post-thumbnail","6":"product_cat-custom-acrylic-trays","7":"product_tag-acrylic-sun-glass-tray","9":"first","10":"instock","11":"shipping-taxable","12":"product-type-simple","13":"entry","14":"content-bg","15":"loop-entry"},"_links":{"self":[{"href":"https:\/\/customacrylicproduct.com\/es\/wp-json\/wp\/v2\/product\/1264","targetHints":{"allow":["GET"]}}],"collection":[{"href":"https:\/\/customacrylicproduct.com\/es\/wp-json\/wp\/v2\/product"}],"about":[{"href":"https:\/\/customacrylicproduct.com\/es\/wp-json\/wp\/v2\/types\/product"}],"wp:featuredmedia":[{"embeddable":true,"href":"https:\/\/customacrylicproduct.com\/es\/wp-json\/wp\/v2\/media\/1265"}],"wp:attachment":[{"href":"https:\/\/customacrylicproduct.com\/es\/wp-json\/wp\/v2\/media?parent=1264"}],"wp:term":[{"taxonomy":"product_brand","embeddable":true,"href":"https:\/\/customacrylicproduct.com\/es\/wp-json\/wp\/v2\/product_brand?post=1264"},{"taxonomy":"product_cat","embeddable":true,"href":"https:\/\/customacrylicproduct.com\/es\/wp-json\/wp\/v2\/product_cat?post=1264"},{"taxonomy":"product_tag","embeddable":true,"href":"https:\/\/customacrylicproduct.com\/es\/wp-json\/wp\/v2\/product_tag?post=1264"}],"curies":[{"name":"wp","href":"https:\/\/api.w.org\/{rel}","templated":true}]}}