{"id":1281,"date":"2025-07-18T08:22:12","date_gmt":"2025-07-18T08:22:12","guid":{"rendered":"https:\/\/customacrylicproduct.com\/?post_type=product&#038;p=1281"},"modified":"2025-07-18T08:30:55","modified_gmt":"2025-07-18T08:30:55","slug":"custom-generic-round-glass-vase-acrylic-vase-home-decoration","status":"publish","type":"product","link":"https:\/\/customacrylicproduct.com\/es\/custom-generic-round-glass-vase-acrylic-vase-home-decoration\/","title":{"rendered":"Jarr\u00f3n de cristal redondo gen\u00e9rico personalizado Jarr\u00f3n acr\u00edlico Decoraci\u00f3n del hogar"},"content":{"rendered":"<h3 id=\"the-arch-orb-sculptural-coordinator-where-practical-design-meets-spirited-creativity\">El coordinador escult\u00f3rico \u201cArch &amp; Orb\u201d: Donde el dise\u00f1o pr\u00e1ctico se une a la creatividad desbordante<\/h3>\n<p>En un mundo saturado de lo mundano, creemos que las cosas de las que te rodeas deben hacer algo m\u00e1s que servir a un prop\u00f3sito: deben inspirar, deleitar y contar una historia. Presentamos el organizador escult\u00f3rico \u201cArch &amp; Orb\u201d, una clase magistral de dise\u00f1o moderno que desdibuja sin esfuerzo las l\u00edneas que separan un accesorio funcional para la mesa de trabajo, un elegante portaflores y un objeto independiente de arte contempor\u00e1neo. No se trata s\u00f3lo de un contenedor, sino de una experiencia, una muestra de brillantez constructiva dise\u00f1ada para elevar lo cotidiano y transformar su espacio personal en una galer\u00eda de su propia creaci\u00f3n.<\/p>\n<p><img fetchpriority=\"high\" decoding=\"async\" class=\"size-full wp-image-1285 aligncenter\" src=\"https:\/\/customacrylicproduct.com\/wp-content\/uploads\/2025\/07\/Custom-Generic-Round-Glass-Vase-4.jpg\" alt=\"Jarr\u00f3n de cristal redondo gen\u00e9rico personalizado (4)\" width=\"800\" height=\"800\" srcset=\"https:\/\/customacrylicproduct.com\/wp-content\/uploads\/2025\/07\/Custom-Generic-Round-Glass-Vase-4.jpg 800w, https:\/\/customacrylicproduct.com\/wp-content\/uploads\/2025\/07\/Custom-Generic-Round-Glass-Vase-4-300x300.jpg 300w, https:\/\/customacrylicproduct.com\/wp-content\/uploads\/2025\/07\/Custom-Generic-Round-Glass-Vase-4-150x150.jpg 150w, https:\/\/customacrylicproduct.com\/wp-content\/uploads\/2025\/07\/Custom-Generic-Round-Glass-Vase-4-768x768.jpg 768w, https:\/\/customacrylicproduct.com\/wp-content\/uploads\/2025\/07\/Custom-Generic-Round-Glass-Vase-4-600x600.jpg 600w, https:\/\/customacrylicproduct.com\/wp-content\/uploads\/2025\/07\/Custom-Generic-Round-Glass-Vase-4-100x100.jpg 100w\" sizes=\"(max-width: 800px) 100vw, 800px\" \/><\/p>\n<h4 id=\"a-harmony-of-kind-and-shade\">Una armon\u00eda de bondad y sombra<\/h4>\n<p>En esencia, el estilo de \u201cArc &amp; Orb\u201d es una fiesta de puro tipo geom\u00e9trico. La estructura est\u00e1 formada por dos paneles paralelos de acr\u00edlico transparente de alta calidad, cada uno de los cuales forma un arco perfecto y estilizado. Estos arcos crean una sensaci\u00f3n de gracia arquitect\u00f3nica y apertura, estimulando im\u00e1genes de pilares tradicionales o paisajes urbanos futuristas. La elecci\u00f3n de un azul vivo y el\u00e9ctrico es deliberada e impactante. No es un color pasivo; es un color que exige atenci\u00f3n, que irradia confianza, creatividad y calma. La claridad del acr\u00edlico permite el paso de la luz, produciendo un cautivador baile de oscuridad y color refractado que se altera con la luz del d\u00eda, haciendo que el objeto se sienta realmente activo y din\u00e1mico.<\/p>\n<p>Acurrucado entre estos dos arcos se encuentra un funcional contenedor en forma de U, que proporciona el rendimiento central del objeto. Sin embargo, es el audaz toque final lo que realmente define este objeto: una \u00fanica esfera brillante de un amarillo optimista ba\u00f1ado por el sol. Este orbe se muestra a la deriva, capturado en un momento de viva suspensi\u00f3n contra el sorprendente fondo azul. El contraste es el\u00e9ctrico. La esfera rompe la simetr\u00eda oficial de los arcos, introduciendo un componente de sorpresa y fantas\u00eda. Esta interacci\u00f3n entre las l\u00edneas organizadas de los arcos y la curva natural de la esfera es el coraz\u00f3n del mago del dise\u00f1o, que simboliza un equilibrio perfecto entre orden y espontaneidad, clase y diversi\u00f3n. Es un lenguaje de estilo que dialoga con la influencia del Equipo Memphis, que defend\u00eda los tonos vibrantes, las formas geom\u00e9tricas y la negaci\u00f3n de la austeridad minimalista en favor de objetos expresivos y llenos de car\u00e1cter.<\/p>\n<p><img decoding=\"async\" class=\"size-full wp-image-1284 aligncenter\" src=\"https:\/\/customacrylicproduct.com\/wp-content\/uploads\/2025\/07\/Custom-Generic-Round-Glass-Vase-3.jpg\" alt=\"Jarr\u00f3n de cristal redondo gen\u00e9rico personalizado (3)\" width=\"800\" height=\"800\" srcset=\"https:\/\/customacrylicproduct.com\/wp-content\/uploads\/2025\/07\/Custom-Generic-Round-Glass-Vase-3.jpg 800w, https:\/\/customacrylicproduct.com\/wp-content\/uploads\/2025\/07\/Custom-Generic-Round-Glass-Vase-3-300x300.jpg 300w, https:\/\/customacrylicproduct.com\/wp-content\/uploads\/2025\/07\/Custom-Generic-Round-Glass-Vase-3-150x150.jpg 150w, https:\/\/customacrylicproduct.com\/wp-content\/uploads\/2025\/07\/Custom-Generic-Round-Glass-Vase-3-768x768.jpg 768w, https:\/\/customacrylicproduct.com\/wp-content\/uploads\/2025\/07\/Custom-Generic-Round-Glass-Vase-3-600x600.jpg 600w, https:\/\/customacrylicproduct.com\/wp-content\/uploads\/2025\/07\/Custom-Generic-Round-Glass-Vase-3-100x100.jpg 100w\" sizes=\"(max-width: 800px) 100vw, 800px\" \/><\/p>\n<h4 id=\"unparalleled-flexibility-a-things-of-infinite-possibilities\">Flexibilidad sin igual: Cosas de infinitas posibilidades<\/h4>\n<p>El verdadero atractivo del coordinador \u201cArch &amp; Orb\u201d reside en su asombrosa versatilidad. Su estudiada disposici\u00f3n le permite adaptarse sin esfuerzo a sus necesidades, su dise\u00f1o y su vida.<\/p>\n<ul>\n<li><strong>Para el experto moderno:\u00a0<\/strong>Reimagine su oficina. Como propietario de bol\u00edgrafos y l\u00e1pices, aporta un grado de estilo sin igual a su escritorio. Desp\u00eddete de las tazas desordenadas y sin inspiraci\u00f3n y adopta un elemento que ordena tus dispositivos cruciales a la vez que funciona como recurso de motivaci\u00f3n creativa. Es una declaraci\u00f3n de que usted valora el dise\u00f1o, el pensamiento creativo y una mente despejada.<\/li>\n<li><strong>Para los amantes del encanto:\u00a0<\/strong>Transforme su tocador en un refugio elegante y ordenado. El soporte tiene un tama\u00f1o perfecto para brochas de maquillaje, delineadores de ojos, brillos de labios y otros utensilios cosm\u00e9ticos. Los vivos colores a\u00f1adir\u00e1n un toque de glamour a su rutina matutina, haciendo que el acto de arreglarse parezca un ritual creativo.<\/li>\n<li><strong>Para el decorador exigente:\u00a0<\/strong>Util\u00edcelo como florero contempor\u00e1neo para mostrar la belleza de la naturaleza bajo una nueva luz. Aunque no est\u00e1 pensado para un ramo completo, es el recipiente excelente para un \u00fanico tallo notable, unas ramitas de fragante eucalipto o un penacho de fr\u00e1gil c\u00e9sped de pampa (como sugiere maravillosamente la imagen del camino de la vida). El contraste entre la estructura natural de los elementos bot\u00e1nicos y las l\u00edneas aerodin\u00e1micas y sint\u00e9ticas del acr\u00edlico produce un magn\u00edfico debate est\u00e9tico.<\/li>\n<li><strong>Para el artista y el dise\u00f1ador:\u00a0<\/strong>Tenga a mano sus pinceles, modeladores o l\u00e1pices de colores m\u00e1s utilizados. Este propietario es un homenaje al propio procedimiento innovador, un hogar adecuado para los instrumentos que dan vida a sus propias visiones.<\/li>\n<li><strong>Como escultura independiente:\u00a0<\/strong>A menudo, la mejor funci\u00f3n de un objeto es simplemente ser deslumbrante. Coloque el \u201cArc &amp; Orb\u201d en una estanter\u00eda, una repisa de chimenea o una consola de entrada y deje que hable por s\u00ed mismo. Es un tema de conversaci\u00f3n, un objeto de arte obtenible que infunde individualidad y un lado innovador y contempor\u00e1neo a cualquier tipo de plan de decoraci\u00f3n de interiores.<\/li>\n<\/ul>\n<p><img decoding=\"async\" class=\"size-full wp-image-1282 aligncenter\" src=\"https:\/\/customacrylicproduct.com\/wp-content\/uploads\/2025\/07\/Custom-Generic-Round-Glass-Vase-1.jpg\" alt=\"Jarr\u00f3n de cristal redondo gen\u00e9rico personalizado (1)\" width=\"800\" height=\"800\" srcset=\"https:\/\/customacrylicproduct.com\/wp-content\/uploads\/2025\/07\/Custom-Generic-Round-Glass-Vase-1.jpg 800w, https:\/\/customacrylicproduct.com\/wp-content\/uploads\/2025\/07\/Custom-Generic-Round-Glass-Vase-1-300x300.jpg 300w, https:\/\/customacrylicproduct.com\/wp-content\/uploads\/2025\/07\/Custom-Generic-Round-Glass-Vase-1-150x150.jpg 150w, https:\/\/customacrylicproduct.com\/wp-content\/uploads\/2025\/07\/Custom-Generic-Round-Glass-Vase-1-768x768.jpg 768w, https:\/\/customacrylicproduct.com\/wp-content\/uploads\/2025\/07\/Custom-Generic-Round-Glass-Vase-1-600x600.jpg 600w, https:\/\/customacrylicproduct.com\/wp-content\/uploads\/2025\/07\/Custom-Generic-Round-Glass-Vase-1-100x100.jpg 100w\" sizes=\"(max-width: 800px) 100vw, 800px\" \/><\/p>\n<h4 id=\"superior-craftsmanship-and-product\">Artesan\u00eda y productos de calidad superior<\/h4>\n<p>Esta pieza est\u00e1 fabricada a conciencia con acr\u00edlico de primera calidad (tambi\u00e9n llamado plexigl\u00e1s o lucite), elegido por sus fenomenales cualidades superiores. A diferencia del vidrio, el pol\u00edmero es ligero e inastillable, lo que garantiza su resistencia y tranquilidad. Su atributo m\u00e1s excepcional es su claridad \u00f3ptica, que va m\u00e1s all\u00e1 de la del cristal, permitiendo una transmisi\u00f3n m\u00e1s pura y fant\u00e1stica del color y la luz. Los laterales est\u00e1n cortados con precisi\u00f3n, lo que revela la profundidad y el armaz\u00f3n del producto, mientras que las zonas de la superficie est\u00e1n abrillantadas con un acabado extraordinario. La din\u00e1mica esfera amarilla se integra con seguridad y sin esfuerzo en el estilo, testimonio de la calidad de la construcci\u00f3n y de la atenci\u00f3n prestada a la informaci\u00f3n.<\/p>\n<h4 id=\"the-power-of-modification\">El poder de la modificaci\u00f3n<\/h4>\n<p>Entendemos que el dise\u00f1o individual es especial. Dada la naturaleza \u201cpersonalizada\u201d de esta oferta, el \u201cArc &amp; Orb\u201d puede adaptarse a su visi\u00f3n est\u00e9tica particular. Imagine este asombroso dise\u00f1o en una paleta diferente: un gris ahumado con un toque de rosa ne\u00f3n, un innovador acr\u00edlico transparente con un profundo orbe esmeralda, o un c\u00e1lido \u00e1mbar con un tradicional redondo blanco. Las posibilidades s\u00f3lo est\u00e1n limitadas por su imaginaci\u00f3n. Esta modificaci\u00f3n la convierte en una opci\u00f3n perfecta para regalos de empresa, colaboraciones con marcas o para crear un objeto absolutamente \u00fanico para su hogar.<\/p>\n<h4 id=\"an-invite-to-redefine-your-room\">Una invitaci\u00f3n a redefinir su habitaci\u00f3n<\/h4>\n<p>El organizador escult\u00f3rico \u201cArc &amp; Orb\u201d es m\u00e1s que un producto: es una invitaci\u00f3n. Es una invitaci\u00f3n a liberarse de las convenciones, a dar la bienvenida al color y a la amabilidad, y a encontrar el placer en los peque\u00f1os y encantadores detalles de su entorno. Es una pieza para las personas fuertes, imaginativas y conscientes del dise\u00f1o que entienden que los espacios que habitamos son extensiones de nosotros mismos.<\/p>\n<p>Compre un objeto de arte pr\u00e1ctico. Ll\u00e9vate a casa el \u201cArch &amp; Orb\u201d y deja que su briosa sofisticaci\u00f3n y su estilo actual te influyan a diario.<\/p>","protected":false},"excerpt":{"rendered":"<p class=\"ng-star-inserted\"><span class=\"ng-star-inserted\">A\u00f1ade un toque art\u00edstico a tu espacio. Este moderno soporte acr\u00edlico presenta un atrevido dise\u00f1o geom\u00e9trico con arcos azules transl\u00facidos y una divertida esfera amarilla. Vers\u00e1til como elegante portabol\u00edgrafos, organizador de brochas de maquillaje o singular jarr\u00f3n de un solo tallo para un hogar u oficina contempor\u00e1neos.<\/span><\/p>","protected":false},"featured_media":1285,"template":"","meta":{"_kad_post_transparent":"default","_kad_post_title":"","_kad_post_layout":"default","_kad_post_sidebar_id":"","_kad_post_content_style":"default","_kad_post_vertical_padding":"default","_kad_post_feature":"","_kad_post_feature_position":"","_kad_post_header":false,"_kad_post_footer":false,"_kad_post_classname":""},"product_brand":[],"product_cat":[17],"product_tag":[133],"class_list":{"0":"post-1281","1":"product","2":"type-product","3":"status-publish","4":"has-post-thumbnail","6":"product_cat-custom-acrylic-boxes","7":"product_tag-custom-generic-round-glass-vase","9":"first","10":"instock","11":"shipping-taxable","12":"product-type-simple","13":"entry","14":"content-bg","15":"loop-entry"},"_links":{"self":[{"href":"https:\/\/customacrylicproduct.com\/es\/wp-json\/wp\/v2\/product\/1281","targetHints":{"allow":["GET"]}}],"collection":[{"href":"https:\/\/customacrylicproduct.com\/es\/wp-json\/wp\/v2\/product"}],"about":[{"href":"https:\/\/customacrylicproduct.com\/es\/wp-json\/wp\/v2\/types\/product"}],"wp:featuredmedia":[{"embeddable":true,"href":"https:\/\/customacrylicproduct.com\/es\/wp-json\/wp\/v2\/media\/1285"}],"wp:attachment":[{"href":"https:\/\/customacrylicproduct.com\/es\/wp-json\/wp\/v2\/media?parent=1281"}],"wp:term":[{"taxonomy":"product_brand","embeddable":true,"href":"https:\/\/customacrylicproduct.com\/es\/wp-json\/wp\/v2\/product_brand?post=1281"},{"taxonomy":"product_cat","embeddable":true,"href":"https:\/\/customacrylicproduct.com\/es\/wp-json\/wp\/v2\/product_cat?post=1281"},{"taxonomy":"product_tag","embeddable":true,"href":"https:\/\/customacrylicproduct.com\/es\/wp-json\/wp\/v2\/product_tag?post=1281"}],"curies":[{"name":"wp","href":"https:\/\/api.w.org\/{rel}","templated":true}]}}