{"id":1286,"date":"2025-07-18T08:43:27","date_gmt":"2025-07-18T08:43:27","guid":{"rendered":"https:\/\/customacrylicproduct.com\/?post_type=product&#038;p=1286"},"modified":"2025-07-18T08:43:28","modified_gmt":"2025-07-18T08:43:28","slug":"custom-acrylic-makeup-organizer-dustproof-transparent","status":"publish","type":"product","link":"https:\/\/customacrylicproduct.com\/es\/custom-acrylic-makeup-organizer-dustproof-transparent\/","title":{"rendered":"Organizador de maquillaje acr\u00edlico a prueba de polvo transparente personalizado"},"content":{"rendered":"<h3 id=\"introducing-the-pinnacle-of-sophistication-the-custom-polymer-make-up-skin-care-trunk\">Presentamos el pin\u00e1culo de la sofisticaci\u00f3n: El Ba\u00fal de Pol\u00edmero Personalizado para Maquillaje y Cuidado de la Piel<\/h3>\n<p>En un mundo saturado de tendencias pasajeras, el verdadero estilo se encuentra en la uni\u00f3n de un dise\u00f1o atemporal y una capacidad impecable. Nos enorgullece ofrecer el Coordenador de Maquillaje Personalizado de Pol\u00edmero, un art\u00edculo que va m\u00e1s all\u00e1 del mero espacio de almacenamiento para convertirse en una declaraci\u00f3n de sofisticaci\u00f3n y un refugio para sus objetos de elegancia m\u00e1s preciados. Elaborado a conciencia para el amante de la modernidad, este ba\u00fal transparente es m\u00e1s que un coordinador; es una vitrina, una caja fuerte protectora y un punto focal para su tocador, dise\u00f1ado para elevar sus rituales diarios a una experiencia de puro lujo.<\/p>\n<p><img fetchpriority=\"high\" decoding=\"async\" class=\"size-full wp-image-1288\" src=\"https:\/\/customacrylicproduct.com\/wp-content\/uploads\/2025\/07\/Custom-Acrylic-Makeup-Organizer-1.jpg\" alt=\"Organizador de maquillaje acr\u00edlico personalizado (1)\" width=\"800\" height=\"800\" srcset=\"https:\/\/customacrylicproduct.com\/wp-content\/uploads\/2025\/07\/Custom-Acrylic-Makeup-Organizer-1.jpg 800w, https:\/\/customacrylicproduct.com\/wp-content\/uploads\/2025\/07\/Custom-Acrylic-Makeup-Organizer-1-300x300.jpg 300w, https:\/\/customacrylicproduct.com\/wp-content\/uploads\/2025\/07\/Custom-Acrylic-Makeup-Organizer-1-150x150.jpg 150w, https:\/\/customacrylicproduct.com\/wp-content\/uploads\/2025\/07\/Custom-Acrylic-Makeup-Organizer-1-768x768.jpg 768w, https:\/\/customacrylicproduct.com\/wp-content\/uploads\/2025\/07\/Custom-Acrylic-Makeup-Organizer-1-600x600.jpg 600w, https:\/\/customacrylicproduct.com\/wp-content\/uploads\/2025\/07\/Custom-Acrylic-Makeup-Organizer-1-100x100.jpg 100w\" sizes=\"(max-width: 800px) 100vw, 800px\" \/><\/p>\n<p><strong>Una visi\u00f3n de calidad: Dise\u00f1o y est\u00e9tica<\/strong><\/p>\n<p>Inspirado en el atractivo de los ba\u00fales de viaje cl\u00e1sicos, pero reinventado desde una perspectiva moderna, este coordinador es una clase magistral de dise\u00f1o minimalista. Su cuerpo est\u00e1 fabricado en acr\u00edlico transparente, que ofrece una visi\u00f3n sin obst\u00e1culos de 360 grados de sus componentes. Esta apertura no es simplemente una selecci\u00f3n estil\u00edstica; es una transformaci\u00f3n funcional. Ya no perder\u00e1 un tiempo precioso rebuscando en bolsas opacas o armarios desordenados. Toda su colecci\u00f3n -desde los tonos din\u00e1micos de sus combinaciones favoritas hasta los elegantes frascos de su programa de cuidado de la piel- se muestra de un solo vistazo, transformando sus productos en una exposici\u00f3n de arte comisariada.<\/p>\n<p>Las l\u00edneas ordenadas y la suave construcci\u00f3n se acent\u00faan con un llamativo equipamiento de acero pulido. Los robustos cierres de mariposa en tono plateado de la parte delantera no s\u00f3lo protegen los componentes, sino que proporcionan un gratificante clic t\u00e1ctil que le garantiza que sus cosas est\u00e1n a buen recaudo. Las juntas de acero a juego garantizan una apertura y un cierre suaves y seguros de la tapa, mientras que los protectores de las esquinas a\u00f1aden un detalle de estilo industrial que demuestra la durabilidad del ba\u00fal y su cuidada ingenier\u00eda. Un robusto y c\u00f3modo asa, integrada a la perfecci\u00f3n en el lateral, remata el dise\u00f1o, facilitando el transporte sin comprometer la estilizada silueta.<\/p>\n<p><img decoding=\"async\" class=\"size-full wp-image-1289\" src=\"https:\/\/customacrylicproduct.com\/wp-content\/uploads\/2025\/07\/Custom-Acrylic-Makeup-Organizer-2.jpg\" alt=\"Organizador de maquillaje acr\u00edlico personalizado (2)\" width=\"1000\" height=\"1000\" srcset=\"https:\/\/customacrylicproduct.com\/wp-content\/uploads\/2025\/07\/Custom-Acrylic-Makeup-Organizer-2.jpg 1000w, https:\/\/customacrylicproduct.com\/wp-content\/uploads\/2025\/07\/Custom-Acrylic-Makeup-Organizer-2-300x300.jpg 300w, https:\/\/customacrylicproduct.com\/wp-content\/uploads\/2025\/07\/Custom-Acrylic-Makeup-Organizer-2-150x150.jpg 150w, https:\/\/customacrylicproduct.com\/wp-content\/uploads\/2025\/07\/Custom-Acrylic-Makeup-Organizer-2-768x768.jpg 768w, https:\/\/customacrylicproduct.com\/wp-content\/uploads\/2025\/07\/Custom-Acrylic-Makeup-Organizer-2-600x600.jpg 600w, https:\/\/customacrylicproduct.com\/wp-content\/uploads\/2025\/07\/Custom-Acrylic-Makeup-Organizer-2-100x100.jpg 100w\" sizes=\"(max-width: 1000px) 100vw, 1000px\" \/><\/p>\n<p><strong>Alta calidad sin concesiones: Material y mano de obra<\/strong><\/p>\n<p>En el coraz\u00f3n de este coordinador se encuentra su producto superior: un acr\u00edlico de calibre grueso de primera calidad. A diferencia del delicado cristal, este innovador pol\u00edmero es inastillable e incre\u00edblemente resistente, creado para soportar las asperezas del uso diario. Adem\u00e1s, es considerablemente m\u00e1s ligero, lo que facilita su colocaci\u00f3n en el lavabo o su transporte a otra zona. S\u00f3lo utilizamos acr\u00edlico de la mejor calidad, lo que garantiza que siga siendo cristalino con el paso del tiempo, resistiendo el amarilleamiento y el enturbiamiento para preservar la exposici\u00f3n pr\u00edstina de su colecci\u00f3n.<\/p>\n<p>Todas las caras est\u00e1n pulidas con diamante hasta conseguir una superficie lisa como el cristal, que refleja la luz a la perfecci\u00f3n y garantiza la ausencia de esquinas afiladas. El ensamblaje es extraordinario, testimonio de un cuidadoso procedimiento de producci\u00f3n centrado en la calidad y la longevidad. No se trata de un contenedor ligero fabricado en serie; es un art\u00edculo hecho a medida dise\u00f1ado para ser un accesorio duradero en su habitaci\u00f3n individual.<\/p>\n<p><img decoding=\"async\" class=\"size-full wp-image-1290\" src=\"https:\/\/customacrylicproduct.com\/wp-content\/uploads\/2025\/07\/Custom-Acrylic-Makeup-Organizer-3.jpg\" alt=\"Organizador de maquillaje acr\u00edlico personalizado (3)\" width=\"1000\" height=\"1000\" srcset=\"https:\/\/customacrylicproduct.com\/wp-content\/uploads\/2025\/07\/Custom-Acrylic-Makeup-Organizer-3.jpg 1000w, https:\/\/customacrylicproduct.com\/wp-content\/uploads\/2025\/07\/Custom-Acrylic-Makeup-Organizer-3-300x300.jpg 300w, https:\/\/customacrylicproduct.com\/wp-content\/uploads\/2025\/07\/Custom-Acrylic-Makeup-Organizer-3-150x150.jpg 150w, https:\/\/customacrylicproduct.com\/wp-content\/uploads\/2025\/07\/Custom-Acrylic-Makeup-Organizer-3-768x768.jpg 768w, https:\/\/customacrylicproduct.com\/wp-content\/uploads\/2025\/07\/Custom-Acrylic-Makeup-Organizer-3-600x600.jpg 600w, https:\/\/customacrylicproduct.com\/wp-content\/uploads\/2025\/07\/Custom-Acrylic-Makeup-Organizer-3-100x100.jpg 100w\" sizes=\"(max-width: 1000px) 100vw, 1000px\" \/><\/p>\n<p><strong>La mejor opci\u00f3n organizativa<\/strong><\/p>\n<p>Este ba\u00fal fue concebido para solucionar una de las dificultades m\u00e1s t\u00edpicas a las que se enfrentan los amantes de la belleza: el desorden, la suciedad y los desperfectos.<\/p>\n<ul>\n<li><strong>Refugio antipolvo y protector:\u00a0<\/strong>La tapa de ajuste preciso y los cierres de seguridad crean un sellado casi herm\u00e9tico, desarrollando una barrera impermeable contra la suciedad, la humedad, las part\u00edculas transportadas por el aire y el pelo de perro. Sus costosas lociones, fr\u00e1giles polvos e inmaculadas brochas se mantienen en perfecto estado, conservando su m\u00e1xima calidad y prolongando su vida \u00fatil. Esto es especialmente importante para garantizar la estabilidad de los componentes energ\u00e9ticos del cuidado de la piel y evitar la contaminaci\u00f3n de los aplicadores de maquillaje.<\/li>\n<li><strong>Interior espacioso y vers\u00e1til:\u00a0<\/strong>El caritativo interior di\u00e1fano ofrece una comodidad excepcional. Al carecer de separadores integrados y limitadores, se adapta a art\u00edculos de todos los tama\u00f1os y formas. Almacene sin esfuerzo frascos de estructura de tama\u00f1o completo, sprays de configuraci\u00f3n altos, grandes combinaciones de sombras de ojos y juegos completos de brochas. El \u00e1rea adecuada le permite organizar sus productos como mejor le parezca: por marca, por tipo o por frecuencia de uso, ofreci\u00e9ndole un control creativo total sobre su colecci\u00f3n individual.<\/li>\n<li><strong>Simplifique su vida cotidiana:\u00a0<\/strong>Al tener todo a la vista y al alcance de la mano, la aplicaci\u00f3n del maquillaje por la ma\u00f1ana y el ritual de cuidado de la piel por la noche resultan m\u00e1s r\u00e1pidos, agradables y fiables. Redescubrir\u00e1s art\u00edculos que hab\u00edas olvidado que ten\u00edas y descubrir\u00e1s inspiraci\u00f3n al ver tu colecci\u00f3n tan magn\u00edficamente montada. Motiva una estrategia m\u00e1s consciente de la ingesta, ya que se puede ver claramente lo que tiene, la prevenci\u00f3n de replicar las compras.<\/li>\n<\/ul>\n<p><strong>M\u00e1s all\u00e1 del tocador: Una obra maestra polivalente<\/strong><\/p>\n<p>Aunque se ha desarrollado pensando en la cosm\u00e9tica, la naturaleza elegante y funcional de este ba\u00fal acr\u00edlico lo convierte en un extraordinario servicio de almacenamiento para multitud de entusiasmos y pertenencias.<\/p>\n<ul>\n<li><strong>Para los amantes de las fragancias:\u00a0<\/strong>Convi\u00e9rtalo en un magn\u00edfico estuche para sus recipientes de fragancias, protegi\u00e9ndolos de la suciedad y mostrando al mismo tiempo sus espl\u00e9ndidos estilos.<\/li>\n<li><strong>Para las expertas en nail art:\u00a0<\/strong>Crea una biblioteca din\u00e1mica de tu colecci\u00f3n de esmaltes de u\u00f1as, con todos los colores visibles y listos para tu siguiente manicura.<\/li>\n<li><strong>Para el artesano y el artista:\u00a0<\/strong>Organice los hilos, tubos de pintura, cuentas u otros productos peque\u00f1os, manteniendo su \u00e1rea creativa ordenada y sus materiales a salvo.<\/li>\n<li><strong>Como caja de recuerdos:\u00a0<\/strong>Delegue en ella sus recuerdos m\u00e1s preciados -im\u00e1genes, cartas, joyas preciosas o recuerdos de viajes- convirti\u00e9ndolos en un archivo atractivo y legible de los minutos de su vida.<\/li>\n<li><strong>En un entorno profesional:\u00a0<\/strong>Para maquilladores y esteticistas, este ba\u00fal utiliza un medio experto, higi\u00e9nico y elegante para transportar y exponer aparatos y art\u00edculos para los clientes.<\/li>\n<\/ul>\n<p><strong>F\u00e1cil mantenimiento para un atractivo duradero<\/strong><\/p>\n<p>Mantener el estado impecable de su ba\u00fal acr\u00edlico es tan f\u00e1cil como su disposici\u00f3n. Una limpieza r\u00e1pida con una tela de microfibra suave y h\u00fameda y un jab\u00f3n suave es todo lo que se necesita para eliminar las huellas dactilares o el polvo, recuperando su gran brillo en segundos.<\/p>\n<p><strong>Una inversi\u00f3n en su zona y en usted mismo<\/strong><\/p>\n<p>El Coordinador de Maquillaje Acr\u00edlico a Medida es m\u00e1s que un art\u00edculo; es una inversi\u00f3n en orden, elegancia y tranquilidad. Es la opci\u00f3n definitiva para cualquiera que valore tanto la est\u00e9tica como la funcionalidad. Convierte el desorden en una colecci\u00f3n cuidada y la rutina diaria en una rutina elegante. Mejore su habitaci\u00f3n, proteja sus objetos y muestre su estilo con este ba\u00fal de espacio de almacenamiento transparente sin igual. Pida el suyo hoy mismo y redefina lo que indica estar perfectamente ordenado.<\/p>","protected":false},"excerpt":{"rendered":"<p class=\"ng-star-inserted\"><span class=\"ng-star-inserted\">Eleve su tocador con este elegante ba\u00fal de maquillaje acr\u00edlico. Su dise\u00f1o transparente y a prueba de polvo mantiene los cosm\u00e9ticos organizados y perfectamente expuestos. Con herrajes met\u00e1licos duraderos, cierres seguros y un asa, es una soluci\u00f3n de almacenamiento elegante y pr\u00e1ctica para todos tus art\u00edculos de belleza.<\/span><\/p>","protected":false},"featured_media":1288,"template":"","meta":{"_kad_post_transparent":"default","_kad_post_title":"","_kad_post_layout":"default","_kad_post_sidebar_id":"","_kad_post_content_style":"default","_kad_post_vertical_padding":"default","_kad_post_feature":"","_kad_post_feature_position":"","_kad_post_header":false,"_kad_post_footer":false,"_kad_post_classname":""},"product_brand":[],"product_cat":[17],"product_tag":[134],"class_list":{"0":"post-1286","1":"product","2":"type-product","3":"status-publish","4":"has-post-thumbnail","6":"product_cat-custom-acrylic-boxes","7":"product_tag-custom-acrylic-makeup-organizer","9":"first","10":"instock","11":"shipping-taxable","12":"product-type-simple","13":"entry","14":"content-bg","15":"loop-entry"},"_links":{"self":[{"href":"https:\/\/customacrylicproduct.com\/es\/wp-json\/wp\/v2\/product\/1286","targetHints":{"allow":["GET"]}}],"collection":[{"href":"https:\/\/customacrylicproduct.com\/es\/wp-json\/wp\/v2\/product"}],"about":[{"href":"https:\/\/customacrylicproduct.com\/es\/wp-json\/wp\/v2\/types\/product"}],"wp:featuredmedia":[{"embeddable":true,"href":"https:\/\/customacrylicproduct.com\/es\/wp-json\/wp\/v2\/media\/1288"}],"wp:attachment":[{"href":"https:\/\/customacrylicproduct.com\/es\/wp-json\/wp\/v2\/media?parent=1286"}],"wp:term":[{"taxonomy":"product_brand","embeddable":true,"href":"https:\/\/customacrylicproduct.com\/es\/wp-json\/wp\/v2\/product_brand?post=1286"},{"taxonomy":"product_cat","embeddable":true,"href":"https:\/\/customacrylicproduct.com\/es\/wp-json\/wp\/v2\/product_cat?post=1286"},{"taxonomy":"product_tag","embeddable":true,"href":"https:\/\/customacrylicproduct.com\/es\/wp-json\/wp\/v2\/product_tag?post=1286"}],"curies":[{"name":"wp","href":"https:\/\/api.w.org\/{rel}","templated":true}]}}