{"id":1291,"date":"2025-07-18T08:56:31","date_gmt":"2025-07-18T08:56:31","guid":{"rendered":"https:\/\/customacrylicproduct.com\/?post_type=product&#038;p=1291"},"modified":"2025-07-18T08:56:31","modified_gmt":"2025-07-18T08:56:31","slug":"acrylic-gifts-with-bible-verse-prayers-religious-gifts","status":"publish","type":"product","link":"https:\/\/customacrylicproduct.com\/es\/acrylic-gifts-with-bible-verse-prayers-religious-gifts\/","title":{"rendered":"Regalos de acr\u00edlico con oraciones vers\u00edculo de la Biblia - Regalos religiosos"},"content":{"rendered":"<h3 id=\"-a-sign-of-confidence-the-angelic-memento-of-divine-support-\"><strong>Un signo de confianza: El Memento Ang\u00e9lico del Apoyo Divino<\/strong><\/h3>\n<p>En un mundo que suele parecer ruidoso y confuso, en el que nuestros corazones y mentes pueden verse ensombrecidos por las batallas cotidianas, el estr\u00e9s y las ansiedades, la mayor\u00eda de nosotros buscamos un ancla concreta: un recordatorio silencioso y constante de un amor que no se desv\u00eda y de una resistencia que no es la nuestra. Buscamos un susurro de elegancia en el centro de un d\u00eda agitado, un faro de esperanza en una noche oscura. Presentamos nuestro encantador\u00a0<strong>Acr\u00edlico \u00c1ngel Memento con Oraciones Santo Verso de la Biblia\u00a0<\/strong>, Una pieza de arte maravillosamente elaborada, hecha no s\u00f3lo para decorar un espacio, sino para elevar el alma.<\/p>\n<p>Esto es m\u00e1s que una simple decoraci\u00f3n; es un ministerio en miniatura, un testimonio profundo e individual de las promesas perdurables de Dios, grabado en un tipo que es a la vez elegante y duradero. Formado como un suave \u00e1ngel con las alas extendidas, este recuerdo funciona como mensajero cotidiano de consuelo, amor e identificaci\u00f3n divina, lo que lo convierte en el regalo religioso perfecto para usted o un ser querido.<\/p>\n<p><img fetchpriority=\"high\" decoding=\"async\" class=\"size-full wp-image-1292\" src=\"https:\/\/customacrylicproduct.com\/wp-content\/uploads\/2025\/07\/Acrylic-Gifts-1.jpg\" alt=\"Regalos de acr\u00edlico (1)\" width=\"800\" height=\"800\" srcset=\"https:\/\/customacrylicproduct.com\/wp-content\/uploads\/2025\/07\/Acrylic-Gifts-1.jpg 800w, https:\/\/customacrylicproduct.com\/wp-content\/uploads\/2025\/07\/Acrylic-Gifts-1-300x300.jpg 300w, https:\/\/customacrylicproduct.com\/wp-content\/uploads\/2025\/07\/Acrylic-Gifts-1-150x150.jpg 150w, https:\/\/customacrylicproduct.com\/wp-content\/uploads\/2025\/07\/Acrylic-Gifts-1-768x768.jpg 768w, https:\/\/customacrylicproduct.com\/wp-content\/uploads\/2025\/07\/Acrylic-Gifts-1-600x600.jpg 600w, https:\/\/customacrylicproduct.com\/wp-content\/uploads\/2025\/07\/Acrylic-Gifts-1-100x100.jpg 100w\" sizes=\"(max-width: 800px) 100vw, 800px\" \/><\/p>\n<p><strong>Artesan\u00eda impecable, estilo celestial<\/strong><\/p>\n<p>Cada \u00e1ngel est\u00e1 fabricado a conciencia con acr\u00edlico de alta calidad, transparente como el cristal, lo que le confiere la excelente y luminiscente calidad del vidrio sin su delicadeza. El importante dise\u00f1o independiente permite colocarlo firmemente en cualquier tipo de superficie plana, ya sea una mesa de trabajo, una mesilla de noche, una estanter\u00eda o una repisa de chimenea. Los bordes est\u00e1n abrillantados para conseguir un acabado suave y sin riesgos, y la impresi\u00f3n de alta definici\u00f3n a todo color est\u00e1 incrustada en el acr\u00edlico, lo que garantiza que las im\u00e1genes vibrantes y las palabras espirituales nunca se desvanecer\u00e1n, astillar\u00e1n o despegar\u00e1n. En la cabeza, hay grabado un fr\u00e1gil y elegante s\u00edmbolo de coraz\u00f3n infinito, que representa la naturaleza infinita y sin fin del amor de Dios.<\/p>\n<p>Ofrecemos 2 dise\u00f1os \u00fanicos y profundamente significativos, cada uno de los cuales entrelaza la Biblia y la creatividad para hablar al coraz\u00f3n de un modo \u00fanico.<\/p>\n<p><img decoding=\"async\" class=\"wp-image-1293 size-large\" src=\"https:\/\/customacrylicproduct.com\/wp-content\/uploads\/2025\/07\/Acrylic-Gifts-2-1024x1024.jpg\" alt=\"Regalos de acr\u00edlico (2)\" width=\"1024\" height=\"1024\" srcset=\"https:\/\/customacrylicproduct.com\/wp-content\/uploads\/2025\/07\/Acrylic-Gifts-2-1024x1024.jpg 1024w, https:\/\/customacrylicproduct.com\/wp-content\/uploads\/2025\/07\/Acrylic-Gifts-2-300x300.jpg 300w, https:\/\/customacrylicproduct.com\/wp-content\/uploads\/2025\/07\/Acrylic-Gifts-2-150x150.jpg 150w, https:\/\/customacrylicproduct.com\/wp-content\/uploads\/2025\/07\/Acrylic-Gifts-2-768x768.jpg 768w, https:\/\/customacrylicproduct.com\/wp-content\/uploads\/2025\/07\/Acrylic-Gifts-2-600x600.jpg 600w, https:\/\/customacrylicproduct.com\/wp-content\/uploads\/2025\/07\/Acrylic-Gifts-2-100x100.jpg 100w, https:\/\/customacrylicproduct.com\/wp-content\/uploads\/2025\/07\/Acrylic-Gifts-2.jpg 1500w\" sizes=\"(max-width: 1024px) 100vw, 1024px\" \/><\/p>\n<p>-.<\/p>\n<h3 id=\"-layout-1-the-continuous-visibility-angel-pink-floral-cross-\"><strong>Maqueta 1: El \u00e1ngel de la visibilidad continua (Floral rosa y cruz)<\/strong><\/h3>\n<p><strong>\u201d A diario, cada hora, cada minuto, cada segundo\u201d.\u201d\u00a0<\/strong><\/p>\n<p>Este dise\u00f1o es un gr\u00e1fico espectacular del cuidado omnipresente y el amor incesante de Dios. Adornado con delicadas flores rosas y mariposas revoloteando sobre un fondo de una r\u00fastica cruz de madera, es una sugerencia de que nunca est\u00e1s solo y de que eres sostenido en un magn\u00edfico pensamiento a cada minuto.<\/p>\n<ul>\n<li><strong>Cada d\u00eda, Dios te tiene en cuenta. (Salmo 139:17)\u00a0<\/strong>. Esta garant\u00eda efectiva de los Salmos habla con su valor ilimitado. No es s\u00f3lo un pensamiento de corta duraci\u00f3n, pero como el conocedor contin\u00faa, Sus ideas hacia usted son preciosas y superan los granos de arena. Este \u00e1ngel funciona como una piedra de toque f\u00edsica para tener en cuenta que usted es valorado y continuamente en la mente de su Desarrollador.<\/li>\n<li><strong>Cada Hora, Dios cuida de ti. (2 Tesalonicenses 3:3)\u00a0<\/strong>. La vida puede traer pruebas inesperadas y minutos de preocupaci\u00f3n. Este conocimiento es un escudo de fe, una firme declaraci\u00f3n de que \u201cel Se\u00f1or es fiel; ciertamente te realzar\u00e1 y te asegurar\u00e1 contra el maligno\u201d. Deja que este mensaje fortifique tu esp\u00edritu a cada hora, reconociendo que una guardia divina supervisa tu camino.<\/li>\n<li><strong>Cada minuto, Dios cuida de ti. (1 Pedro 5:7)\u00a0<\/strong>. El peso del globo terr\u00e1queo puede resultar pesado. Este relicario susurra la suave orden de \u201cechar todo tu estr\u00e9s y ansiedad sobre \u00c9l, ya que \u00c9l cuida de ti\u201d. Las mariposas, signos de cambio y lanzamiento, se hacen eco est\u00e9ticamente de este sentimiento, anim\u00e1ndote a dejar ir tus preocupaciones y descansar en Su cuidado, min a min.<\/li>\n<li><strong>Desde Cada 2, \u00c9L TE AMA. (Jerem\u00edas 31:3)\u00a0<\/strong>. En el centro de todo est\u00e1 la realidad fundamental del Evangelio: El amor profundo e individual de Dios. Este conocimiento, \u201cOs he amado con amor eterno\u201d, es el ancla de todas las dem\u00e1s promesas. Es la fuente suprema de nuestra esperanza y seguridad.<\/li>\n<\/ul>\n<p>Este \u00e1ngel, con sus suaves y elegantes im\u00e1genes de flores rosas que representan una nueva vida y la cruz que representa el sacrificio y el amor definitivos, es el mejor regalo para una persona que atraviesa una temporada dif\u00edcil, ya que proporciona un importante recurso de consuelo y confianza 24 horas al d\u00eda, 7 d\u00edas a la semana.<\/p>\n<p><img decoding=\"async\" class=\"wp-image-1294 size-large\" src=\"https:\/\/customacrylicproduct.com\/wp-content\/uploads\/2025\/07\/Acrylic-Gifts-3-1024x1024.jpg\" alt=\"Regalos de acr\u00edlico (3)\" width=\"1024\" height=\"1024\" srcset=\"https:\/\/customacrylicproduct.com\/wp-content\/uploads\/2025\/07\/Acrylic-Gifts-3-1024x1024.jpg 1024w, https:\/\/customacrylicproduct.com\/wp-content\/uploads\/2025\/07\/Acrylic-Gifts-3-300x300.jpg 300w, https:\/\/customacrylicproduct.com\/wp-content\/uploads\/2025\/07\/Acrylic-Gifts-3-150x150.jpg 150w, https:\/\/customacrylicproduct.com\/wp-content\/uploads\/2025\/07\/Acrylic-Gifts-3-768x768.jpg 768w, https:\/\/customacrylicproduct.com\/wp-content\/uploads\/2025\/07\/Acrylic-Gifts-3-600x600.jpg 600w, https:\/\/customacrylicproduct.com\/wp-content\/uploads\/2025\/07\/Acrylic-Gifts-3-100x100.jpg 100w, https:\/\/customacrylicproduct.com\/wp-content\/uploads\/2025\/07\/Acrylic-Gifts-3.jpg 1500w\" sizes=\"(max-width: 1024px) 100vw, 1024px\" \/><\/p>\n<p>-.<\/p>\n<h3 id=\"-design-2-the-identity-in-christ-angel-sunflower-affirmation-\"><strong>Dise\u00f1o 2: El \u00e1ngel de la identidad en Cristo (Girasol y Afirmaci\u00f3n)<\/strong><\/h3>\n<p><strong>\u201d Dios dice que eres...\u201d\u00a0<\/strong>.<\/p>\n<p>Este estilo es una resplandeciente declaraci\u00f3n de identidad, desarrollada para combatir los sentimientos de incertidumbre, inestabilidad e indignidad con la irrefutable realidad de la Palabra de Dios. Ba\u00f1ado en el alegre resplandor ba\u00f1ado por el sol de los din\u00e1micos girasoles, que simbolizan la adoraci\u00f3n, el compromiso y la creencia espiritual, este \u00e1ngel ofrece una colecci\u00f3n de poderosas afirmaciones, cada una de ellas arraigada en la Biblia.<\/p>\n<p>Es una llamada diaria para verte con los ojos de Dios.<\/p>\n<ul>\n<li><strong>Elegido (Juan 15:16):\u00a0<\/strong>No eres un accidente ni una ocurrencia tard\u00eda. El Desarrollador del espacio profundo te seleccion\u00f3 especialmente y te asign\u00f3 para prosperar. Esta verdad imparte objetividad y erradica los sentimientos de insignificancia.<\/li>\n<li><strong>Fuerte (Salmo 18:35):\u00a0<\/strong>Tu fuerza no procede de ti mismo, sino de una fuente magn\u00edfica. Este vers\u00edculo nos recuerda que la diestra de Dios nos sostiene y su ayuda nos hace fant\u00e1sticos. Es un mensaje poderoso para cualquier persona que se sienta d\u00e9bil o abrumada.<\/li>\n<li><strong>No tiene precio (1 Corintios 6:20):\u00a0<\/strong>Tienes un valor inconmensurable. Esta afirmaci\u00f3n es un aviso de que fuiste \u201ccomprado a precio de saldo\u201d, el mayor coste imaginable. Habla de tu valor fundamental a los ojos de Dios, un valor que no se basa en tus logros ni en la opini\u00f3n de los dem\u00e1s.<\/li>\n<li><strong>Maravilloso (Daniel 12:3):\u00a0<\/strong>En un mundo que suele cortejar por la apariencia exterior, este vers\u00edculo indica una belleza mucho m\u00e1s profunda y radiante: el lustre de un coraz\u00f3n que refleja la sabidur\u00eda y la decencia de Dios, brillando como las estrellas para siempre.<\/li>\n<li><strong>\u00danico (Salmo 139:13):\u00a0<\/strong>Usted no es una copia. Eres una obra de arte original, \u201ctemerosa e incre\u00edblemente hecha\u201d. Esta afirmaci\u00f3n celebra el trazado complejo e individual que Dios teji\u00f3 en tu ser extremo.<\/li>\n<li><strong>\u00danico (Efesios 2:10):\u00a0<\/strong>Esta hermosa realidad final lo envuelve todo. Eres \u201ccreaci\u00f3n de Dios, creado en Cristo Jes\u00fas para hacer buenas obras\u201d. Tienes una funci\u00f3n distinta y \u00fanica que s\u00f3lo t\u00fa puedes cumplir.<\/li>\n<\/ul>\n<p>Este \u00e1ngel con tem\u00e1tica de girasol es un estallido de luz solar espiritual, un regalo \u00f3ptimo para bautizos, confirmaciones, graduaciones universitarias o para cualquier buen amigo o familiar que necesite una sugerencia de su identificaci\u00f3n y valor reales en Cristo.<\/p>\n<h3 id=\"-the-perfect-present-for-every-single-event-of-the-heart-\"><strong>El regalo perfecto para cada acontecimiento del coraz\u00f3n<\/strong><\/h3>\n<p>Encontrar un regalo que comunique absolutamente la profundidad de sus sentimientos puede ser todo un reto. Nuestro Acr\u00edlico \u00c1ngel Memento trasciende lo ordinario, utilizando un mensaje que permanece para proporcionar mucho despu\u00e9s de la ocasi\u00f3n ha pasado. Es la mejor expresi\u00f3n de fe, esperanza y amor para:.<\/p>\n<ul>\n<li><strong>Apoyo:\u00a0<\/strong>Para un amigo \u00edntimo o un familiar que se enfrenta a una enfermedad, una p\u00e9rdida o una transici\u00f3n vital dif\u00edcil.<\/li>\n<li><strong>Celebraciones:\u00a0<\/strong>Un regalo significativo para el D\u00eda de la Madre, Navidad, Pascua, celebraciones de cumplea\u00f1os, bautizos o aniversarios.<\/li>\n<li><strong>Reconocimiento:\u00a0<\/strong>Un medio impresionante para dar las gracias a un sacerdote, a un participante de la iglesia, a un mentor o a una visi\u00f3n general espiritual.<\/li>\n<li><strong>Incluso si:\u00a0<\/strong>Una moci\u00f3n espont\u00e1nea para hacer saber a alguien que sigue estando en tus pensamientos y peticiones.<\/li>\n<\/ul>\n<p>Col\u00f3calo donde capte la luz y, lo que es m\u00e1s importante, donde llame la atenci\u00f3n. Que sea lo primero que veas por la ma\u00f1ana o lo \u00faltimo que veas por la noche: un predicador inquebrantable y silencioso de la bondad de Dios. Traiga hoy mismo a su hogar este atractivo signo de fe u ofrezca el regalo del aliento eterno, y deje que su existencia angelical cargue su zona de tranquilidad y hecho magn\u00edfico.<\/p>","protected":false},"excerpt":{"rendered":"<p class=\"ng-star-inserted\"><span class=\"ng-star-inserted\">Ofrezca consuelo con nuestro hermoso relicario acr\u00edlico de \u00e1ngel. Impreso con inspiradores vers\u00edculos de la Biblia y oraciones, es un conmovedor regalo religioso que sirve como recordatorio diario de la fe y el amor infinito de Dios. Un regalo perfecto y bien pensado para cualquier ocasi\u00f3n, para demostrar que te importa.<\/span><\/p>","protected":false},"featured_media":1292,"template":"","meta":{"_kad_post_transparent":"default","_kad_post_title":"","_kad_post_layout":"default","_kad_post_sidebar_id":"","_kad_post_content_style":"default","_kad_post_vertical_padding":"default","_kad_post_feature":"","_kad_post_feature_position":"","_kad_post_header":false,"_kad_post_footer":false,"_kad_post_classname":""},"product_brand":[],"product_cat":[20],"product_tag":[129],"class_list":{"0":"post-1291","1":"product","2":"type-product","3":"status-publish","4":"has-post-thumbnail","6":"product_cat-custom-acrylic-crafts","7":"product_tag-acrylic-crafts","9":"first","10":"instock","11":"shipping-taxable","12":"product-type-simple","13":"entry","14":"content-bg","15":"loop-entry"},"_links":{"self":[{"href":"https:\/\/customacrylicproduct.com\/es\/wp-json\/wp\/v2\/product\/1291","targetHints":{"allow":["GET"]}}],"collection":[{"href":"https:\/\/customacrylicproduct.com\/es\/wp-json\/wp\/v2\/product"}],"about":[{"href":"https:\/\/customacrylicproduct.com\/es\/wp-json\/wp\/v2\/types\/product"}],"wp:featuredmedia":[{"embeddable":true,"href":"https:\/\/customacrylicproduct.com\/es\/wp-json\/wp\/v2\/media\/1292"}],"wp:attachment":[{"href":"https:\/\/customacrylicproduct.com\/es\/wp-json\/wp\/v2\/media?parent=1291"}],"wp:term":[{"taxonomy":"product_brand","embeddable":true,"href":"https:\/\/customacrylicproduct.com\/es\/wp-json\/wp\/v2\/product_brand?post=1291"},{"taxonomy":"product_cat","embeddable":true,"href":"https:\/\/customacrylicproduct.com\/es\/wp-json\/wp\/v2\/product_cat?post=1291"},{"taxonomy":"product_tag","embeddable":true,"href":"https:\/\/customacrylicproduct.com\/es\/wp-json\/wp\/v2\/product_tag?post=1291"}],"curies":[{"name":"wp","href":"https:\/\/api.w.org\/{rel}","templated":true}]}}