{"id":1295,"date":"2025-07-18T09:12:45","date_gmt":"2025-07-18T09:12:45","guid":{"rendered":"https:\/\/customacrylicproduct.com\/?post_type=product&#038;p=1295"},"modified":"2025-07-18T09:24:46","modified_gmt":"2025-07-18T09:24:46","slug":"clear-acrylic-serving-tray-sturdy-huge-capacity-acrylic-tray","status":"publish","type":"product","link":"https:\/\/customacrylicproduct.com\/es\/clear-acrylic-serving-tray-sturdy-huge-capacity-acrylic-tray\/","title":{"rendered":"Bandeja acr\u00edlica transparente para servir Bandeja acr\u00edlica resistente de gran capacidad"},"content":{"rendered":"<h3 id=\"beauty-redefined-discover-the-ultimate-clear-polymer-offering-tray\">Belleza redefinida: Descubra lo \u00faltimo en bandejas de pol\u00edmeros transparentes<\/h3>\n<p>En el mundo del estilo dom\u00e9stico y el dise\u00f1o funcional, hay art\u00edculos que s\u00f3lo ofrecen un prop\u00f3sito, y despu\u00e9s est\u00e1n los que lo elevan. Son las piezas que se integran a la perfecci\u00f3n en tu vida y, al mismo tiempo, son una declaraci\u00f3n innovadora. Presentamos el\u00a0<strong>Bandeja de ofrendas de pol\u00edmero transparente con met\u00e1lico se encarga de\u00a0<\/strong>- una obra de arte de dise\u00f1o actual, resistencia inigualable e infinita adaptabilidad. No se trata simplemente de una bandeja; es un lienzo para su vida, desarrollado para aportar orden, elegancia y un toque de prestigio a cualquier espacio que embellezca. Tanto si es un anfitri\u00f3n experto, un organizador preciso o un aficionado a la distribuci\u00f3n elegante, esta bandeja es el componente crucial que ha estado buscando.<\/p>\n<p><img fetchpriority=\"high\" decoding=\"async\" class=\"size-full wp-image-1296\" src=\"https:\/\/customacrylicproduct.com\/wp-content\/uploads\/2025\/07\/Clear-Acrylic-Serving-Tray-1.jpg\" alt=\"Bandeja acr\u00edlica transparente para servir (1)\" width=\"800\" height=\"800\" srcset=\"https:\/\/customacrylicproduct.com\/wp-content\/uploads\/2025\/07\/Clear-Acrylic-Serving-Tray-1.jpg 800w, https:\/\/customacrylicproduct.com\/wp-content\/uploads\/2025\/07\/Clear-Acrylic-Serving-Tray-1-300x300.jpg 300w, https:\/\/customacrylicproduct.com\/wp-content\/uploads\/2025\/07\/Clear-Acrylic-Serving-Tray-1-150x150.jpg 150w, https:\/\/customacrylicproduct.com\/wp-content\/uploads\/2025\/07\/Clear-Acrylic-Serving-Tray-1-768x768.jpg 768w, https:\/\/customacrylicproduct.com\/wp-content\/uploads\/2025\/07\/Clear-Acrylic-Serving-Tray-1-600x600.jpg 600w, https:\/\/customacrylicproduct.com\/wp-content\/uploads\/2025\/07\/Clear-Acrylic-Serving-Tray-1-100x100.jpg 100w\" sizes=\"(max-width: 800px) 100vw, 800px\" \/><\/p>\n<h4 id=\"a-vision-of-crystal-clear-class\">Una visi\u00f3n de clase cristalina<\/h4>\n<p>La primera impresi\u00f3n de esta bandeja para servir es de una claridad espectacular y una gracia minimalista. Fabricada con acr\u00edlico cristalino de \u00faltima generaci\u00f3n, tiene una calidad luminiscente que no tiene nada que envidiar a la del cristal, pero que la supera en robustez y encanto. A diferencia del cristal, este acr\u00edlico duradero es resistente a las roturas y considerablemente m\u00e1s ligero, lo que lo hace m\u00e1s seguro y pr\u00e1ctico para el uso diario y los eventos especiales.<\/p>\n<p>El enfoque del dise\u00f1o es de \u201ccompa\u00f1\u00eda invisible\u201d. El cuerpo transparente produce una asombrosa ilusi\u00f3n \u00f3ptica, haciendo que los objetos colocados sobre ella aparezcan flotando f\u00e1cilmente en el aire. Esta particularidad hace que la bandeja nunca desordene est\u00e9ticamente su zona. Por el contrario, combina con la decoraci\u00f3n existente, permitiendo que los colores y las estructuras de su hogar - y los productos en la bandeja en s\u00ed - para tomar el centro del escenario. Imag\u00ednatela sobre una mesa de centro de madera oscura, una encimera de cocina de m\u00e1rmol blanco o una otomana de formas vivas; no compite, completa.<\/p>\n<p>La est\u00e9tica mejora a\u00fan m\u00e1s con las encantadoras asas met\u00e1licas. Construidas en un estilo contempor\u00e1neo de barra en T y acabadas en un c\u00e1lido y brillante tono dorado o lat\u00f3n, estas asas proporcionan una magn\u00edfica y lujosa comparaci\u00f3n con la excelente claridad del acr\u00edlico. Son algo m\u00e1s que un simple acento ornamental; est\u00e1n fabricadas ergon\u00f3micamente para un agarre c\u00f3modo y protegido, asegur\u00e1ndose de que pueda transportar con confianza y facilidad desde una ronda de bebidas combinadas hasta un decadente desayuno en la cama. Los herrajes est\u00e1n firmemente sujetos, lo que promete estabilidad y longevidad, testimonio de la alta calidad artesanal infundida en cada detalle.<\/p>\n<p><img decoding=\"async\" class=\"size-full wp-image-1297\" src=\"https:\/\/customacrylicproduct.com\/wp-content\/uploads\/2025\/07\/Clear-Acrylic-Serving-Tray-2.jpg\" alt=\"Bandeja acr\u00edlica transparente para servir (2)\" width=\"800\" height=\"800\" srcset=\"https:\/\/customacrylicproduct.com\/wp-content\/uploads\/2025\/07\/Clear-Acrylic-Serving-Tray-2.jpg 800w, https:\/\/customacrylicproduct.com\/wp-content\/uploads\/2025\/07\/Clear-Acrylic-Serving-Tray-2-300x300.jpg 300w, https:\/\/customacrylicproduct.com\/wp-content\/uploads\/2025\/07\/Clear-Acrylic-Serving-Tray-2-150x150.jpg 150w, https:\/\/customacrylicproduct.com\/wp-content\/uploads\/2025\/07\/Clear-Acrylic-Serving-Tray-2-768x768.jpg 768w, https:\/\/customacrylicproduct.com\/wp-content\/uploads\/2025\/07\/Clear-Acrylic-Serving-Tray-2-600x600.jpg 600w, https:\/\/customacrylicproduct.com\/wp-content\/uploads\/2025\/07\/Clear-Acrylic-Serving-Tray-2-100x100.jpg 100w\" sizes=\"(max-width: 800px) 100vw, 800px\" \/><\/p>\n<h4 id=\"unmatched-durability-and-a-huge-ability-permanently\">Durabilidad inigualable y una enorme capacidad permanente<\/h4>\n<p>Aunque su belleza es obvia, la verdadera genialidad de esta bandeja depende de su notable funcionalidad. El \u201cDuradera\u201d de su nombre no es un simple indicador, es una garant\u00eda. Creada con acr\u00edlico de paredes gruesas, esta bandeja est\u00e1 hecha para ser un caballo de batalla fiable en su hogar. Resiste la flexi\u00f3n, la curvatura y la flexi\u00f3n, incluso cuando est\u00e1 llena hasta su capacidad caritativa. Si\u00e9ntase seguro colocando productos pesados sobre ella, como una cafetera completa, una colecci\u00f3n de recipientes de cristal para fragancias o una pila de publicaciones de tapa dura. Su desarrollo s\u00f3lido y duradero garantiza que pueda soportar las necesidades de la vida diaria sin fallar.<\/p>\n<p>La \u201cGran Capacidad\u201d es donde su imaginaci\u00f3n puede volar. La gran superficie plana ofrece una plataforma suficiente para una amplia gama de usos:<\/p>\n<ul>\n<li><strong>El anfitri\u00f3n perfecto:\u00a0<\/strong>Ofrezca f\u00e1cilmente a sus invitados una serie de copas de vino blanco, una colecci\u00f3n de aperitivos o un delicioso postre. Cree una innovadora estaci\u00f3n de bar m\u00f3vil para su siguiente fiesta, con una coctelera para bebidas alcoh\u00f3licas, licores y guarniciones. Los laterales elevados evitan derrames y mantienen todo bien ordenado.<\/li>\n<li><strong>El organizador definitivo:\u00a0<\/strong>Controle el desorden en cualquier tipo de superficie. En el tocador, se convierte en un elegante dep\u00f3sito de fragancias, productos de cuidado de la piel, maquillaje y joyas preciosas. En el sal\u00f3n, recoge con elegancia mandos a distancia, monta\u00f1as rusas, velas y publicaciones. En el lugar de trabajo, transforma un escritorio desordenado en una zona de trabajo ordenada y motivadora para tus art\u00edculos de papeler\u00eda y b\u00e1sicos.<\/li>\n<li><strong>Un atractivo centro de mesa:\u00a0<\/strong>Util\u00edcelo como una base elegante para una vi\u00f1eta curada en su mesa o isla de cocina. Como se ve en la imagen, enmarca perfectamente un jarr\u00f3n de flores frescas, un molinillo de pimienta r\u00fastico, y varios otros art\u00edculos atractivos, transform\u00e1ndolos en una pantalla natural y atractiva. La superficie reflectante aporta profundidad y luz a su plano, aumentando su atractivo est\u00e9tico.<\/li>\n<li><img decoding=\"async\" class=\"size-full wp-image-1299\" src=\"https:\/\/customacrylicproduct.com\/wp-content\/uploads\/2025\/07\/Clear-Acrylic-Serving-Tray-4.jpg\" alt=\"Bandeja acr\u00edlica transparente para servir (4)\" width=\"800\" height=\"800\" srcset=\"https:\/\/customacrylicproduct.com\/wp-content\/uploads\/2025\/07\/Clear-Acrylic-Serving-Tray-4.jpg 800w, https:\/\/customacrylicproduct.com\/wp-content\/uploads\/2025\/07\/Clear-Acrylic-Serving-Tray-4-300x300.jpg 300w, https:\/\/customacrylicproduct.com\/wp-content\/uploads\/2025\/07\/Clear-Acrylic-Serving-Tray-4-150x150.jpg 150w, https:\/\/customacrylicproduct.com\/wp-content\/uploads\/2025\/07\/Clear-Acrylic-Serving-Tray-4-768x768.jpg 768w, https:\/\/customacrylicproduct.com\/wp-content\/uploads\/2025\/07\/Clear-Acrylic-Serving-Tray-4-600x600.jpg 600w, https:\/\/customacrylicproduct.com\/wp-content\/uploads\/2025\/07\/Clear-Acrylic-Serving-Tray-4-100x100.jpg 100w\" sizes=\"(max-width: 800px) 100vw, 800px\" \/><\/li>\n<\/ul>\n<h4 id=\"a-canvas-for-your-creative-thinking-endless-flexibility\">Un lienzo para su pensamiento creativo: Flexibilidad sin fin<\/h4>\n<p>Esta bandeja acr\u00edlica es uno de los art\u00edculos m\u00e1s flexibles que jam\u00e1s poseer\u00e1. Su capacidad camale\u00f3nica para adaptarse a cualquier tipo de funci\u00f3n o entorno la convierte en un elemento esencial para la vida contempor\u00e1nea.<\/p>\n<ul>\n<li><strong>Para comer por la ma\u00f1ana en la cama:\u00a0<\/strong>Convierta una ma\u00f1ana cualquiera en una experiencia elegante. La bandeja es lo suficientemente grande como para contener un plato, una taza de caf\u00e9, un vaso de zumo y un min\u00fasculo portaflores de flores, produciendo un excelente momento digno de un hotel en casa.<\/li>\n<li><strong>Por la tranquilidad del ba\u00f1o:\u00a0<\/strong>Convierta su cuarto de ba\u00f1o en un refugio tipo spa utilizando la bandeja para organizar art\u00edculos de tocador de alta gama, toallas de mano enrolladas y velas perfumadas junto a la ba\u00f1era o sobre el tocador. El pol\u00edmero impermeable es excelente para un entorno h\u00famedo.<\/li>\n<li><strong>Para la entrada:\u00a0<\/strong>Desarrolle una \u201czona de declive\u201d asignada para secretos, correo y gafas de sol. Mantiene tu entrada ordenada a la vez que incluyes un toque de elegancia nada m\u00e1s cruzar la puerta.<\/li>\n<li><strong>Para cada periodo:\u00a0<\/strong>Esta bandeja es el deseo de cualquier decorador. Dale estilo para las vacaciones con adornos y vegetaci\u00f3n, para el oto\u00f1o con peque\u00f1as calabazas y velas, o para la primavera con flores frescas y art\u00edculos de colores pastel. Su naturaleza clara implica que nunca desentonar\u00e1 con su combinaci\u00f3n de colores de temporada.<\/li>\n<\/ul>\n<h4 id=\"designed-for-you-quality-in-every-information\">Dise\u00f1ado para usted: Calidad en cada informaci\u00f3n<\/h4>\n<p>Nuestra empresa cree que el lujo se encuentra en los detalles. Los laterales de la bandeja est\u00e1n pulidos con diamante para que sean completamente lisos y seguros al tacto, mostrando la luz maravillosamente desde todos los \u00e1ngulos. Para proteger sus muebles, la bandeja est\u00e1 equipada con peque\u00f1os pies de goma antideslizantes muy discretos que evitan que se da\u00f1e y garantizan que se mantenga firmemente en su posici\u00f3n. La limpieza es f\u00e1cil: basta con pasar una toalla suave y h\u00fameda y un poco de jab\u00f3n para que recupere su brillo inmaculado y sin huellas.<\/p>\n<p>Reconociendo que el tama\u00f1o no se ajusta a todos, esta impresionante bandeja est\u00e1 frecuentemente disponible en una gama de dimensiones. Como se muestra en la imagen apilada, puede elegir la dimensi\u00f3n perfecta para sus necesidades determinadas o reunir un conjunto de tres para desarrollar una apariencia cohesiva y en capas en toda su casa. Utilice la m\u00e1s grande para su reposapi\u00e9s, la mediana para su carrito de bar y la m\u00e1s peque\u00f1a para su mesilla de noche. Para aquellos cuyo estilo se aleja de la transparencia total, este estilo tambi\u00e9n est\u00e1 disponible en superficies de moda, no transparentes como un blanco n\u00edtido, proporcionando la misma silueta contempor\u00e1nea y equipamiento de oro para un impacto diferente pero igualmente innovador.<\/p>\n<h4 id=\"an-investment-in-style-and-function\">Una inversi\u00f3n en estilo y funcionalidad<\/h4>\n<p>La bandeja acr\u00edlica transparente para servir es m\u00e1s que un dispositivo: es una opci\u00f3n. Es la respuesta al desorden, el conductor para las pantallas de visualizaci\u00f3n magn\u00edficas, y la llave al entretenimiento f\u00e1cil. Personifica la estabilidad ideal entre forma y funcionalidad, proporcionando la agilidad est\u00e9tica del estilo moderno con la resistencia acreditada de la construcci\u00f3n de calidad.<\/p>\n<p>Eleve su hogar, organice su vida y ofrezca con estilo. A\u00f1ada esta pieza crucial a su colecci\u00f3n y descubra las ilimitadas posibilidades que se abren cuando un estilo impecable satisface la utilidad cotidiana. Pida hoy mismo su Bandeja Acr\u00edlica Transparente para Ofrendas y redefina lo que la elegancia implica para usted.<\/p>","protected":false},"excerpt":{"rendered":"<p class=\"ng-star-inserted\"><span class=\"ng-star-inserted\">Sirve y exhibe con estilo con esta elegante bandeja acr\u00edlica transparente. Con un dise\u00f1o resistente y de gran capacidad y unas elegantes asas doradas, es perfecta para recibir invitados, organizar el neceser o como centro de mesa decorativo. Un complemento vers\u00e1til y moderno para cualquier mesa de centro o cocina.<\/span><\/p>","protected":false},"featured_media":1296,"template":"","meta":{"_kad_post_transparent":"default","_kad_post_title":"","_kad_post_layout":"default","_kad_post_sidebar_id":"","_kad_post_content_style":"default","_kad_post_vertical_padding":"default","_kad_post_feature":"","_kad_post_feature_position":"","_kad_post_header":false,"_kad_post_footer":false,"_kad_post_classname":""},"product_brand":[],"product_cat":[22],"product_tag":[135],"class_list":{"0":"post-1295","1":"product","2":"type-product","3":"status-publish","4":"has-post-thumbnail","6":"product_cat-custom-acrylic-trays","7":"product_tag-clear-acrylic-serving-tray","9":"first","10":"instock","11":"shipping-taxable","12":"product-type-simple","13":"entry","14":"content-bg","15":"loop-entry"},"_links":{"self":[{"href":"https:\/\/customacrylicproduct.com\/es\/wp-json\/wp\/v2\/product\/1295","targetHints":{"allow":["GET"]}}],"collection":[{"href":"https:\/\/customacrylicproduct.com\/es\/wp-json\/wp\/v2\/product"}],"about":[{"href":"https:\/\/customacrylicproduct.com\/es\/wp-json\/wp\/v2\/types\/product"}],"wp:featuredmedia":[{"embeddable":true,"href":"https:\/\/customacrylicproduct.com\/es\/wp-json\/wp\/v2\/media\/1296"}],"wp:attachment":[{"href":"https:\/\/customacrylicproduct.com\/es\/wp-json\/wp\/v2\/media?parent=1295"}],"wp:term":[{"taxonomy":"product_brand","embeddable":true,"href":"https:\/\/customacrylicproduct.com\/es\/wp-json\/wp\/v2\/product_brand?post=1295"},{"taxonomy":"product_cat","embeddable":true,"href":"https:\/\/customacrylicproduct.com\/es\/wp-json\/wp\/v2\/product_cat?post=1295"},{"taxonomy":"product_tag","embeddable":true,"href":"https:\/\/customacrylicproduct.com\/es\/wp-json\/wp\/v2\/product_tag?post=1295"}],"curies":[{"name":"wp","href":"https:\/\/api.w.org\/{rel}","templated":true}]}}