{"id":1300,"date":"2025-07-18T09:35:43","date_gmt":"2025-07-18T09:35:43","guid":{"rendered":"https:\/\/customacrylicproduct.com\/?post_type=product&#038;p=1300"},"modified":"2025-07-18T09:35:43","modified_gmt":"2025-07-18T09:35:43","slug":"custom-acrylic-trophy-contest-champion-trophy-medals","status":"publish","type":"product","link":"https:\/\/customacrylicproduct.com\/es\/custom-acrylic-trophy-contest-champion-trophy-medals\/","title":{"rendered":"Trofeo acr\u00edlico personalizado Medallas de campe\u00f3n de concurso"},"content":{"rendered":"<h3 id=\"-commemorate-every-triumph-introducing-our-costs-personalized-acrylic-trophies-honors-\"><strong>Conmemore cada triunfo: presentamos nuestros trofeos y condecoraciones acr\u00edlicos personalizados de Costes<\/strong><\/h3>\n<p>En un mundo de momentos fugaces y distinciones electr\u00f3nicas, el poder de un icono tangible de logro sigue siendo inigualable. El reconocimiento es una necesidad humana esencial; confirma la iniciativa, influye en la calidad continua y convierte un triunfo personal en un recuerdo atesorado. Durante demasiado tiempo, el mundo de los premios ha estado controlado por opciones convencionales, pesadas y a menudo gen\u00e9ricas. Hoy, le invitamos a entrar en el futuro del reconocimiento con nuestra impresionante colecci\u00f3n de trofeos, condecoraciones y medallas de pol\u00edmero hechos a medida: la forma contempor\u00e1nea, flexible y profundamente individual de celebrar cada campe\u00f3n, cada colaborador y cada momento extraordinario.<\/p>\n<p>Fabricados en acr\u00edlico de alta calidad y transparencia cristalina, estos galardones ofrecen el resplandor del cristal con la resistencia y flexibilidad creativa de una maravilla moderna. Ya sea para reconocer a un campe\u00f3n deportivo, identificar a una superestrella corporativa o compartir un sincero agradecimiento, nuestros art\u00edculos acr\u00edlicos personalizados se crean para ser algo m\u00e1s que simples premios: son obras maestras a medida que cuentan una historia especial de \u00e9xito.<\/p>\n<p><img fetchpriority=\"high\" decoding=\"async\" class=\"wp-image-1302 size-large\" src=\"https:\/\/customacrylicproduct.com\/wp-content\/uploads\/2025\/07\/Custom-Acrylic-Trophy-2-1024x1024.jpg\" alt=\"Trofeo acr\u00edlico personalizado (2)\" width=\"1024\" height=\"1024\" srcset=\"https:\/\/customacrylicproduct.com\/wp-content\/uploads\/2025\/07\/Custom-Acrylic-Trophy-2-1024x1024.jpg 1024w, https:\/\/customacrylicproduct.com\/wp-content\/uploads\/2025\/07\/Custom-Acrylic-Trophy-2-300x300.jpg 300w, https:\/\/customacrylicproduct.com\/wp-content\/uploads\/2025\/07\/Custom-Acrylic-Trophy-2-150x150.jpg 150w, https:\/\/customacrylicproduct.com\/wp-content\/uploads\/2025\/07\/Custom-Acrylic-Trophy-2-768x768.jpg 768w, https:\/\/customacrylicproduct.com\/wp-content\/uploads\/2025\/07\/Custom-Acrylic-Trophy-2-600x600.jpg 600w, https:\/\/customacrylicproduct.com\/wp-content\/uploads\/2025\/07\/Custom-Acrylic-Trophy-2-100x100.jpg 100w, https:\/\/customacrylicproduct.com\/wp-content\/uploads\/2025\/07\/Custom-Acrylic-Trophy-2.jpg 1452w\" sizes=\"(max-width: 1024px) 100vw, 1024px\" \/><\/p>\n<h4 id=\"-the-power-of-polymer-a-modern-medium-for-timeless-acknowledgment-\"><strong>El poder del pol\u00edmero: Un medio moderno para un reconocimiento intemporal<\/strong><\/h4>\n<p>Lo primero que ver\u00e1 en nuestros galardones acr\u00edlicos es su impecable calidad luminiscente. Utilizamos s\u00f3lo la mejor calidad de pol\u00edmero de actores, que da claridad \u00f3ptica notable, permitiendo que la luz pase a trav\u00e9s de \u00e9l para un efecto deslumbrante, brillante. A diferencia del cristal t\u00edpico, el acr\u00edlico es mucho m\u00e1s resistente a los golpes y ligero, por lo que es m\u00e1s seguro de manejar, mostrar y transportar sin comprometer su sensaci\u00f3n de primera calidad.<\/p>\n<p>Este material contempor\u00e1neo es el mejor lienzo para la imaginaci\u00f3n. Su superficie lisa y refinada y sus bordes n\u00edtidos producen un aspecto ordenado y moderno que encaja perfectamente en cualquier ambiente, desde la mesa de trabajo de un ejecutivo de empresa hasta la estanter\u00eda de la habitaci\u00f3n de un joven atleta profesional. El estilo inherente del acr\u00edlico garantiza que la atenci\u00f3n se centre en lo esencial: el mensaje de logro y la persona a la que se reconoce. Es un medio que no s\u00f3lo contiene un mensaje, sino que lo eleva.<\/p>\n<figure id=\"attachment_1303\" aria-describedby=\"caption-attachment-1303\" style=\"width: 1024px\" class=\"wp-caption aligncenter\"><img decoding=\"async\" class=\"wp-image-1303 size-large\" src=\"https:\/\/customacrylicproduct.com\/wp-content\/uploads\/2025\/07\/Custom-Acrylic-Trophy-3-1024x1024.jpg\" alt=\"Trofeo acr\u00edlico personalizado (3)\" width=\"1024\" height=\"1024\" srcset=\"https:\/\/customacrylicproduct.com\/wp-content\/uploads\/2025\/07\/Custom-Acrylic-Trophy-3-1024x1024.jpg 1024w, https:\/\/customacrylicproduct.com\/wp-content\/uploads\/2025\/07\/Custom-Acrylic-Trophy-3-300x300.jpg 300w, https:\/\/customacrylicproduct.com\/wp-content\/uploads\/2025\/07\/Custom-Acrylic-Trophy-3-150x150.jpg 150w, https:\/\/customacrylicproduct.com\/wp-content\/uploads\/2025\/07\/Custom-Acrylic-Trophy-3-768x768.jpg 768w, https:\/\/customacrylicproduct.com\/wp-content\/uploads\/2025\/07\/Custom-Acrylic-Trophy-3-600x600.jpg 600w, https:\/\/customacrylicproduct.com\/wp-content\/uploads\/2025\/07\/Custom-Acrylic-Trophy-3-100x100.jpg 100w, https:\/\/customacrylicproduct.com\/wp-content\/uploads\/2025\/07\/Custom-Acrylic-Trophy-3.jpg 1500w\" sizes=\"(max-width: 1024px) 100vw, 1024px\" \/><figcaption id=\"caption-attachment-1303\" class=\"wp-caption-text\">Trofeo acr\u00edlico personalizado (3)<\/figcaption><\/figure>\n<h4 id=\"-unleash-your-creative-thinking-unparalleled-customization-at-your-fingertips-\"><strong>D\u00e9 rienda suelta a su creatividad: Personalizaci\u00f3n sin precedentes al alcance de su mano<\/strong><\/h4>\n<p>El verdadero atractivo de nuestras condecoraciones acr\u00edlicas reside en sus ilimitadas posibilidades de personalizaci\u00f3n. Nuestro equipo cree que un galard\u00f3n debe ser tan \u00fanico como el logro que representa. Por eso ofrecemos un amplio abanico de opciones de personalizaci\u00f3n para dar vida a su visi\u00f3n.<\/p>\n<p><strong>1. Formar su cuento \u00fanico:<\/strong><\/p>\n<p>No recuerde el m\u00e9todo de talla \u00fanica. Con nuestra innovadora capacidad de fabricaci\u00f3n, la forma de su galard\u00f3n solo est\u00e1 limitada por su imaginaci\u00f3n creativa.<\/p>\n<ul>\n<li><strong>Formas est\u00e1ndar y elegantes:\u00a0<\/strong>Para una apariencia atemporal y avanzada, elija entre nuestra colecci\u00f3n de formas b\u00e1sicas. Las placas redondas brillantes, como las de nuestra serie de admiraci\u00f3n, proporcionan un marco suave y elegante para mensajes sinceros como \u201cGracias por ser notable\u201d o \u201cNunca olvides la diferencia que has marcado\u201d. Nuestros bloques octogonales independientes y multifac\u00e9ticos, perfectos para galardones deportivos, proporcionan una existencia significativa y din\u00e1mica que muestra confianza en uno mismo y triunfo.<\/li>\n<li><strong>Formas troqueladas totalmente personalizadas:\u00a0<\/strong>Aqu\u00ed es donde su marca y su imaginaci\u00f3n pueden brillar de verdad. Podemos cortar acr\u00edlico a medida en pr\u00e1cticamente cualquier forma que desee. Imagine un honor formado como el logotipo de su empresa, la silueta de un producto, la mascota de un colegio o un signo tem\u00e1tico para la ocasi\u00f3n. Como demuestra nuestro en\u00e9rgico premio \u201cYou Are The Bomb\u201d, una forma \u00fanica puede incluir una capa de ingenio, diversi\u00f3n y memorabilidad que una placa b\u00e1sica no puede igualar. Este grado de personalizaci\u00f3n convierte al galard\u00f3n en un tema de conversaci\u00f3n inmediato y en una poderosa herramienta de marca.<\/li>\n<\/ul>\n<figure id=\"attachment_1301\" aria-describedby=\"caption-attachment-1301\" style=\"width: 800px\" class=\"wp-caption aligncenter\"><img decoding=\"async\" class=\"size-full wp-image-1301\" src=\"https:\/\/customacrylicproduct.com\/wp-content\/uploads\/2025\/07\/Custom-Acrylic-Trophy-1.jpg\" alt=\"Trofeo acr\u00edlico personalizado (1)\" width=\"800\" height=\"800\" srcset=\"https:\/\/customacrylicproduct.com\/wp-content\/uploads\/2025\/07\/Custom-Acrylic-Trophy-1.jpg 800w, https:\/\/customacrylicproduct.com\/wp-content\/uploads\/2025\/07\/Custom-Acrylic-Trophy-1-300x300.jpg 300w, https:\/\/customacrylicproduct.com\/wp-content\/uploads\/2025\/07\/Custom-Acrylic-Trophy-1-150x150.jpg 150w, https:\/\/customacrylicproduct.com\/wp-content\/uploads\/2025\/07\/Custom-Acrylic-Trophy-1-768x768.jpg 768w, https:\/\/customacrylicproduct.com\/wp-content\/uploads\/2025\/07\/Custom-Acrylic-Trophy-1-600x600.jpg 600w, https:\/\/customacrylicproduct.com\/wp-content\/uploads\/2025\/07\/Custom-Acrylic-Trophy-1-100x100.jpg 100w\" sizes=\"(max-width: 800px) 100vw, 800px\" \/><figcaption id=\"caption-attachment-1301\" class=\"wp-caption-text\">Trofeo acr\u00edlico personalizado (1)<\/figcaption><\/figure>\n<p><strong>2. Una gama de expresiones: De la inscripci\u00f3n elegante al color vivo<\/strong><\/p>\n<p>La forma en que su mensaje y dise\u00f1o se aplican al acr\u00edlico es vital. Ofrecemos dos t\u00e9cnicas principales que se adaptan a cualquier estilo.<\/p>\n<ul>\n<li><strong>Inscripci\u00f3n l\u00e1ser de precisi\u00f3n:\u00a0<\/strong>Para un acabado tradicional, pulido y avanzado, el grabado por l\u00e1ser es la opci\u00f3n ideal. Nuestros modernos l\u00e1seres graban delicadamente su texto y gr\u00e1ficos sencillos en el acr\u00edlico, desarrollando una superficie blanca n\u00edtida y congelada que contrasta perfectamente con el material transparente. Esta t\u00e9cnica es adecuada para mensajes profundos, tipos de letra manuscritos con clase y dise\u00f1os de logotipos m\u00ednimos. Es la mejor elecci\u00f3n para reconocimientos empresariales, premios acad\u00e9micos y regalos personalizados en los que la sutileza y la clase son la clave.<\/li>\n<li><strong>Deslumbrante impresi\u00f3n UV a todo color:\u00a0<\/strong>Cuando necesite que su honor resalte con fuerza y color, nuestra tecnolog\u00eda de impresi\u00f3n UV directa proporciona resultados asombrosos. Este proceso publica sus gr\u00e1ficos a todo color directamente sobre el acr\u00edlico, dando como resultado im\u00e1genes abundantes, vibrantes y fotorrealistas. Como se ve en nuestra serie \u201cBasketball Champion\u201d, este m\u00e9todo es excelente para reproducir logotipos deportivos din\u00e1micos, colores de equipo y dise\u00f1os complejos. La tinta es tratada instant\u00e1neamente por la luz UV, lo que la hace el\u00e1stica, resistente a la decoloraci\u00f3n y crea una profundidad est\u00e9tica espectacular, especialmente cuando se publica en el reverso de bloques acr\u00edlicos m\u00e1s gruesos.<\/li>\n<\/ul>\n<p><strong>3. Palabras que importan: Personalizadas para un m\u00e1ximo impacto<\/strong><\/p>\n<p>El mensaje es el coraz\u00f3n de cualquier tipo de premio. Nos aseguramos de que sus palabras tengan la calidad y el impacto que deben tener. Individualice cada art\u00edculo con nombres, fechas, logros particulares, citas inspiradoras o chistes internos. Desde el profundo agradecimiento de \u201cGracias por prestar atenci\u00f3n, por la ayuda, por la inspiraci\u00f3n\u201d, hasta el rugido victorioso de \u201cCampe\u00f3n de baloncesto\u201d, pasando por el divertido e inspirador \u201cEn algunos casos descuidas que eres incre\u00edble, as\u00ed que esta es tu propina\u201d, las palabras adecuadas convierten un magn\u00edfico art\u00edculo en un preciado recuerdo personal.<\/p>\n<h4 id=\"-adaptability-for-each-occasion-and-accomplishment-\"><strong>Adaptabilidad para cada ocasi\u00f3n y realizaci\u00f3n<\/strong><\/h4>\n<p>Nuestros galardones acr\u00edlicos personalizados se crean para adaptarse a cualquier ocasi\u00f3n en la que se requiera reconocimiento.<\/p>\n<ul>\n<li><strong>Reconocimiento de la empresa:\u00a0<\/strong>Aumentar el \u00e1nimo y fomentar una sociedad de reconocimiento con distinciones para el miembro del personal del mes, el mejor vendedor, la calidad del liderazgo, la finalizaci\u00f3n de tareas y la jubilaci\u00f3n.<\/li>\n<li><strong>Campeonatos deportivos:\u00a0<\/strong>Desde organizaciones vecinales hasta competiciones nacionales, produzca premios extraordinarios para MVPs, campeones e individuos. La durabilidad del acr\u00edlico hace que sea el mejor para conmemorar la experiencia atl\u00e9tica.<\/li>\n<li><strong>Logros acad\u00e9micos:\u00a0<\/strong>Honre a alumnos, profesores y personal docente con elegantes condecoraciones por su graduaci\u00f3n universitaria, sus logros acad\u00e9micos y sus a\u00f1os de dedicaci\u00f3n al servicio. Una placa de agradecimiento individualizada es un regalo que un educador valorar\u00e1 permanentemente.<\/li>\n<li><strong>Regalos personales e hitos:\u00a0<\/strong>Celebre cumplea\u00f1os, aniversarios o simplemente demuestre a un amigo, entrenador o familiar lo mucho que le sugieren con un recuerdo dise\u00f1ado a medida.<\/li>\n<li><strong>Concursos y Ocasiones:\u00a0<\/strong>Tanto si se trata de un concurso de cocina con chili, como de la celebraci\u00f3n de una pel\u00edcula o de la recaudaci\u00f3n de fondos de una comunidad, cree premios tem\u00e1ticos con su marca para que la ocasi\u00f3n destaque.<\/li>\n<\/ul>\n<h4 id=\"-quality-that-endures-a-memory-that-lasts-\"><strong>Calidad que perdura, un recuerdo que perdura<\/strong><\/h4>\n<p>Cada trofeo que desarrollamos es un testimonio de mano de obra de primera calidad. Empezamos con acr\u00edlico de coste y sin defectos y utilizamos tecnolog\u00edas modernas de corte e impresi\u00f3n de precisi\u00f3n para asegurarnos de que cada informaci\u00f3n sea excelente. Los bordes se pulen a la llama hasta conseguir un revestimiento suave, similar al cristal, y cada galard\u00f3n se empareja con una base resistente, adecuadamente dise\u00f1ada para una pantalla estable y atractiva. Estos premios est\u00e1n hechos para durar, funcionando como un recordatorio a largo plazo e impresionante de un trabajo bien hecho.<\/p>\n<p>Vaya m\u00e1s all\u00e1 de lo gen\u00e9rico y cree un momento de reconocimiento que sea tan \u00fanico y brillante como la persona que lo recibe. Un premio debe ser algo m\u00e1s que un marcador de posici\u00f3n: debe ser una declaraci\u00f3n.<\/p>\n<p><strong>P\u00f3ngase en contacto con nosotros hoy mismo para empezar a crear sus premios acr\u00edlicos personalizados, y produzcamos juntos algo extraordinario.<\/strong><\/p>","protected":false},"excerpt":{"rendered":"<p class=\"ng-star-inserted\"><span class=\"ng-star-inserted\">Celebre el \u00e9xito con nuestros impresionantes trofeos acr\u00edlicos personalizados. Personal\u00edcelos con cualquier texto, logotipo o forma \u00fanica. Desde elegantes premios grabados hasta vibrantes premios de campe\u00f3n a todo color, estos modernos y duraderos galardones son perfectos para cualquier concurso, equipo o evento de reconocimiento.<\/span><\/p>","protected":false},"featured_media":1302,"template":"","meta":{"_kad_post_transparent":"default","_kad_post_title":"","_kad_post_layout":"default","_kad_post_sidebar_id":"","_kad_post_content_style":"default","_kad_post_vertical_padding":"default","_kad_post_feature":"","_kad_post_feature_position":"","_kad_post_header":false,"_kad_post_footer":false,"_kad_post_classname":""},"product_brand":[],"product_cat":[19],"product_tag":[136],"class_list":{"0":"post-1300","1":"product","2":"type-product","3":"status-publish","4":"has-post-thumbnail","6":"product_cat-custom-acrylic-trophies-awards","7":"product_tag-custom-acrylic-trophy","9":"first","10":"instock","11":"shipping-taxable","12":"product-type-simple","13":"entry","14":"content-bg","15":"loop-entry"},"_links":{"self":[{"href":"https:\/\/customacrylicproduct.com\/es\/wp-json\/wp\/v2\/product\/1300","targetHints":{"allow":["GET"]}}],"collection":[{"href":"https:\/\/customacrylicproduct.com\/es\/wp-json\/wp\/v2\/product"}],"about":[{"href":"https:\/\/customacrylicproduct.com\/es\/wp-json\/wp\/v2\/types\/product"}],"wp:featuredmedia":[{"embeddable":true,"href":"https:\/\/customacrylicproduct.com\/es\/wp-json\/wp\/v2\/media\/1302"}],"wp:attachment":[{"href":"https:\/\/customacrylicproduct.com\/es\/wp-json\/wp\/v2\/media?parent=1300"}],"wp:term":[{"taxonomy":"product_brand","embeddable":true,"href":"https:\/\/customacrylicproduct.com\/es\/wp-json\/wp\/v2\/product_brand?post=1300"},{"taxonomy":"product_cat","embeddable":true,"href":"https:\/\/customacrylicproduct.com\/es\/wp-json\/wp\/v2\/product_cat?post=1300"},{"taxonomy":"product_tag","embeddable":true,"href":"https:\/\/customacrylicproduct.com\/es\/wp-json\/wp\/v2\/product_tag?post=1300"}],"curies":[{"name":"wp","href":"https:\/\/api.w.org\/{rel}","templated":true}]}}