{"id":1304,"date":"2025-07-18T09:52:21","date_gmt":"2025-07-18T09:52:21","guid":{"rendered":"https:\/\/customacrylicproduct.com\/?post_type=product&#038;p=1304"},"modified":"2025-07-18T09:52:21","modified_gmt":"2025-07-18T09:52:21","slug":"acrylic-tray-counter-ttop-organizer-tray-for-kitchen-box","status":"publish","type":"product","link":"https:\/\/customacrylicproduct.com\/es\/acrylic-tray-counter-ttop-organizer-tray-for-kitchen-box\/","title":{"rendered":"Bandeja acr\u00edlica para mostrador Bandeja organizadora para caja de cocina"},"content":{"rendered":"<h3 id=\"the-art-of-organization-discover-unmatched-style-and-adaptability-with-our-polymer-countertop-tray\">El Arte de la Organizaci\u00f3n: Descubra un estilo y una adaptabilidad inigualables con nuestra bandeja de pol\u00edmero para mostradores<\/h3>\n<p>En el ritmo de la vida contempor\u00e1nea, nuestros hogares son nuestros refugios. Sin embargo, estos refugios individuales pueden verse convenientemente abrumados por el baile diario de peque\u00f1os objetos: llaves en la encimera, cosm\u00e9ticos en el tocador, joyas preciosas en la mesilla de noche, especias por la cocina. Esta suave acumulaci\u00f3n de \u201ccosas\u201d puede interferir con la calma y la claridad que anhelamos. Supongamos que existiera una soluci\u00f3n \u00fanica y elegante para superar este desorden. \u00bfUn dispositivo que no s\u00f3lo guarde, sino que estilice?<\/p>\n<p>Presentamos la Bandeja Organizadora para Mostradores de Cocina de Pol\u00edmero de m\u00e1xima calidad: una obra de arte de dise\u00f1o minimalista y m\u00e1ximo rendimiento. No se trata simplemente de otra caja de espacio de almacenamiento; es un sistema funcional dise\u00f1ado para aportar orden, sofisticaci\u00f3n y un toque de estilo individual a cada rinc\u00f3n de su hogar. Fabricada en acr\u00edlico de alta calidad, esta bandeja es una excelente combinaci\u00f3n de robustez y estilo, lista para transformar sus desordenadas superficies en exposiciones cuidadas e intencionadas.<\/p>\n<p><img fetchpriority=\"high\" decoding=\"async\" class=\"size-full wp-image-1306\" src=\"https:\/\/customacrylicproduct.com\/wp-content\/uploads\/2025\/07\/Acrylic-Tray-Counter-2.jpg\" alt=\"Mostrador con bandeja acr\u00edlica\" width=\"800\" height=\"800\" srcset=\"https:\/\/customacrylicproduct.com\/wp-content\/uploads\/2025\/07\/Acrylic-Tray-Counter-2.jpg 800w, https:\/\/customacrylicproduct.com\/wp-content\/uploads\/2025\/07\/Acrylic-Tray-Counter-2-300x300.jpg 300w, https:\/\/customacrylicproduct.com\/wp-content\/uploads\/2025\/07\/Acrylic-Tray-Counter-2-150x150.jpg 150w, https:\/\/customacrylicproduct.com\/wp-content\/uploads\/2025\/07\/Acrylic-Tray-Counter-2-768x768.jpg 768w, https:\/\/customacrylicproduct.com\/wp-content\/uploads\/2025\/07\/Acrylic-Tray-Counter-2-600x600.jpg 600w, https:\/\/customacrylicproduct.com\/wp-content\/uploads\/2025\/07\/Acrylic-Tray-Counter-2-100x100.jpg 100w\" sizes=\"(max-width: 800px) 100vw, 800px\" \/><\/p>\n<h4 id=\"-exquisite-design-meets-superior-workmanship-\"><strong>El dise\u00f1o exquisito se combina con una mano de obra superior<\/strong><\/h4>\n<p>En el coraz\u00f3n de nuestra bandeja coordinadora hay una dedicaci\u00f3n a los atractivos visuales limpios y modernos. La suave silueta cuadrada de l\u00edneas n\u00edtidas y ordenadas aporta una sensibilidad moderna que complementa cualquier dise\u00f1o decorativo, desde el ultraminimalista al lujosamente extravagante. La construcci\u00f3n s\u00f3lida y consistente proporciona una sensaci\u00f3n de seguridad y durabilidad, mientras que los lados elevados garantizan que todos sus productos b\u00e1sicos permanezcan seguros, evitando derrames y ca\u00eddas.<\/p>\n<p>Un atributo crucial que eleva esta bandeja de un simple contenedor a un elemento absolutamente funcional del dise\u00f1o del hogar es la incorporaci\u00f3n de dos asas recortadas perfectamente integradas. Estas asas no son s\u00f3lo un a\u00f1adido \u00fatil; son un elemento de estilo en s\u00ed mismas, que mantienen el perfil elegante de la bandeja a la vez que proporcionan una portabilidad sencilla y f\u00e1cil. Lleve f\u00e1cilmente su caf\u00e9 matutino vital al patio, transporte su colecci\u00f3n de productos para el cuidado de la piel del dormitorio al lavabo o sirva bebidas combinadas a sus invitados con gracia y comodidad.<\/p>\n<p>Lo realmente brillante de esta bandeja reside en su material. Fabricada en acr\u00edlico de alta calidad, ofrece la excelente claridad y belleza del cristal sin su fragilidad. Este duradero producto es inastillable, lo que lo convierte en una elecci\u00f3n m\u00e1s segura y resistente para familias activas, especialmente en cocinas y cuartos de ba\u00f1o. Es extraordinariamente ligero pero extremadamente resistente, y su superficie no porosa es impermeable y excepcionalmente f\u00e1cil de limpiar. Basta con pasar un pa\u00f1o h\u00famedo para eliminar derrames, polvo o manchas de maquillaje y mantener la bandeja como nueva durante muchos a\u00f1os.<\/p>\n<p><img decoding=\"async\" class=\"aligncenter wp-image-1308 size-large\" src=\"https:\/\/customacrylicproduct.com\/wp-content\/uploads\/2025\/07\/Acrylic-Tray-Counter-4-1024x1024.jpg\" alt=\"Mostrador de bandejas acr\u00edlicas (4)\" width=\"1024\" height=\"1024\" srcset=\"https:\/\/customacrylicproduct.com\/wp-content\/uploads\/2025\/07\/Acrylic-Tray-Counter-4-1024x1024.jpg 1024w, https:\/\/customacrylicproduct.com\/wp-content\/uploads\/2025\/07\/Acrylic-Tray-Counter-4-300x300.jpg 300w, https:\/\/customacrylicproduct.com\/wp-content\/uploads\/2025\/07\/Acrylic-Tray-Counter-4-150x150.jpg 150w, https:\/\/customacrylicproduct.com\/wp-content\/uploads\/2025\/07\/Acrylic-Tray-Counter-4-768x768.jpg 768w, https:\/\/customacrylicproduct.com\/wp-content\/uploads\/2025\/07\/Acrylic-Tray-Counter-4-600x600.jpg 600w, https:\/\/customacrylicproduct.com\/wp-content\/uploads\/2025\/07\/Acrylic-Tray-Counter-4-100x100.jpg 100w, https:\/\/customacrylicproduct.com\/wp-content\/uploads\/2025\/07\/Acrylic-Tray-Counter-4.jpg 1500w\" sizes=\"(max-width: 1024px) 100vw, 1024px\" \/><\/p>\n<h4 id=\"-a-combination-to-perfect-your-space-\"><strong>Una combinaci\u00f3n perfecta para su espacio<\/strong><\/h4>\n<p>Entendemos que el dise\u00f1o personal es primordial. Por eso nuestra bandeja coordinadora de pol\u00edmero est\u00e1 disponible en una serie de colores meticulosamente elegidos, cada uno de ellos creado para estimular un estado de \u00e1nimo diferente y armonizar con su dise\u00f1o interior especial.<\/p>\n<ul>\n<li><strong>Blanco est\u00e1ndar:\u00a0<\/strong>Como se ve adornando una excelente superficie de m\u00e1rmol, la bandeja blanca no transparente es el ep\u00edtome de la elegancia limpia y tranquila. Proporciona un lienzo brillante y neutro que hace destacar los objetos que contiene. Perfecta para crear un ambiente costero con conchas ornamentales, un ambiente de spa en el cuarto de ba\u00f1o o un aspecto n\u00edtido y ordenado en una cocina de inspiraci\u00f3n escandinava.<\/li>\n<li><strong>Negro sofisticado:\u00a0<\/strong>La bandeja negra brillante es una opci\u00f3n perfecta para dar un toque de dramatismo y elegancia. Crea un contraste sensacional frente a las encimeras de cocina m\u00e1s claras, transformando una colecci\u00f3n normal de fragancias y cosm\u00e9ticos en un expositor de primera calidad evocador de una tienda de lujo. La bandeja negra a\u00f1ade profundidad y elegancia, lo que la convierte en una excelente elecci\u00f3n para un lugar de trabajo contempor\u00e1neo, un sal\u00f3n chic o un tocador glamuroso.<\/li>\n<li><strong>Cristalina:\u00a0<\/strong>Acepte el minimalismo moderno con la bandeja transparente. Su aspecto \u201capenas visible\u201d permite que brille el encanto de sus superficies, ya sean abundantes vetas de madera o elegante m\u00e1rmol. Esta elecci\u00f3n es excelente para quienes desean compa\u00f1\u00eda sin peso visual. Vea c\u00f3mo sus accesorios favoritos, como un reloj tradicional y unas elegantes gafas de sol, aparecen flotando en una zona maravillosamente tenida, a\u00f1adiendo una capa de brillo sin abrumar la decoraci\u00f3n.<\/li>\n<li><strong>Naranja vivo:\u00a0<\/strong>Haga una declaraci\u00f3n audaz con nuestra impresionante bandeja naranja. Este estallido de color din\u00e1mico es para el decorador positivo que no le preocupa compartir su personalidad. Puede dinamizar una zona neutra, funcionar como foco principal en una mesa de centro o incluir un toque juguet\u00f3n en un despacho. Es una afirmaci\u00f3n del dise\u00f1o, que demuestra que la organizaci\u00f3n puede ser agradable y estar llena de vida.<\/li>\n<\/ul>\n<p><img decoding=\"async\" class=\"aligncenter wp-image-1307 size-large\" src=\"https:\/\/customacrylicproduct.com\/wp-content\/uploads\/2025\/07\/Acrylic-Tray-Counter-3-1024x1024.jpg\" alt=\"Mostrador de bandejas acr\u00edlicas (3)\" width=\"1024\" height=\"1024\" srcset=\"https:\/\/customacrylicproduct.com\/wp-content\/uploads\/2025\/07\/Acrylic-Tray-Counter-3-1024x1024.jpg 1024w, https:\/\/customacrylicproduct.com\/wp-content\/uploads\/2025\/07\/Acrylic-Tray-Counter-3-300x300.jpg 300w, https:\/\/customacrylicproduct.com\/wp-content\/uploads\/2025\/07\/Acrylic-Tray-Counter-3-150x150.jpg 150w, https:\/\/customacrylicproduct.com\/wp-content\/uploads\/2025\/07\/Acrylic-Tray-Counter-3-768x768.jpg 768w, https:\/\/customacrylicproduct.com\/wp-content\/uploads\/2025\/07\/Acrylic-Tray-Counter-3-600x600.jpg 600w, https:\/\/customacrylicproduct.com\/wp-content\/uploads\/2025\/07\/Acrylic-Tray-Counter-3-100x100.jpg 100w, https:\/\/customacrylicproduct.com\/wp-content\/uploads\/2025\/07\/Acrylic-Tray-Counter-3.jpg 1500w\" sizes=\"(max-width: 1024px) 100vw, 1024px\" \/><\/p>\n<h4 id=\"-infinite-possibilities-a-tray-for-every-single-space-\"><strong>Posibilidades infinitas: Una bandeja para cada espacio<\/strong><\/h4>\n<p>El verdadero atractivo de esta bandeja acr\u00edlica es su comodidad sin l\u00edmites. Su funcionalidad s\u00f3lo est\u00e1 limitada por su creatividad.<\/p>\n<ul>\n<li><strong>El Centro de Mando del \u00c1rea de Cocina:\u00a0<\/strong>Como su propio nombre indica, esta bandeja es un elemento esencial en la cocina. Util\u00edcela para crear una estaci\u00f3n limpia de caf\u00e9 o t\u00e9, acorralando su azucarero, loci\u00f3n y tazas favoritas. Coloque los aceites, vinagres y condimentos junto a la placa de cocci\u00f3n para facilitar el acceso y proteger la encimera. O util\u00edcela como una elegante bandeja para servir aperitivos y bebidas cuando disfrute.<\/li>\n<li><strong>El santuario del ba\u00f1o y el tocador:\u00a0<\/strong>Haz que el mostrador de tu aseo deje de ser un desastre y se convierta en un apacible refugio tipo spa. Prepare ordenadamente sus art\u00edculos de cuidado diario de la piel, maquillaje, brochas y perfumes. La superficie acr\u00edlica resistente al agua es excelente para los lavabos h\u00famedos. Comb\u00ednalo con un difusor de carrizo, como se muestra, para crear una experiencia sensorial completa de orden y tranquilidad.<\/li>\n<li><strong>El Santuario de la Cama y el Armario:\u00a0<\/strong>Acabe con la b\u00fasqueda fren\u00e9tica de sus dispositivos favoritos. Utilice la bandeja en su tocador o mesilla de noche como un avanzado \u201ccaj\u00f3n de sastre\u201d para su reloj, pulseras, anillos y gafas de sol. Proporciona un hogar marcado para sus b\u00e1sicos del d\u00eda a d\u00eda, manteni\u00e9ndolos seguros, ordenados y maravillosamente presentados.<\/li>\n<li><strong>La entrada acogedora:\u00a0<\/strong>Cause una impresi\u00f3n deslumbrante. Coloque la bandeja en una consola de entrada para crear una zona de descanso organizada para secretos, correo, carteras y tel\u00e9fonos. Despeja r\u00e1pidamente la primera habitaci\u00f3n que ves al llegar a casa, estableciendo un tono de paz y orden para el resto de tu hogar.<\/li>\n<li><strong>El estilista del sal\u00f3n:\u00a0<\/strong>Eleve el dise\u00f1o de su mesa de centro o de su otomana. Utiliza la bandeja para asegurar tu decoraci\u00f3n, organizando juntos mandos a distancia, una vela perfumada, una peque\u00f1a planta y monta\u00f1as rusas. Crea un aspecto natural y voluntarioso que realmente se siente expertamente estilizado.<\/li>\n<li><strong>La oficina productiva:\u00a0<\/strong>Aumente su concentraci\u00f3n despejando su espacio de trabajo. Esta bandeja tiene el tama\u00f1o perfecto para organizar bol\u00edgrafos, blocs de notas, clips y otros productos de escritorio, ayud\u00e1ndote a mantener un ambiente limpio y motivador que favorezca la productividad.<\/li>\n<\/ul>\n<h3 id=\"-embrace-a-life-of-stylish-order-\"><strong>Una vida ordenada y con estilo<\/strong><\/h3>\n<p>Esta Bandeja Organizadora Acr\u00edlica para Encimera es algo m\u00e1s que un art\u00edculo; es una forma de vivir mejorada. Es un servicio sencillo y encantador para el eterno problema del desorden. Es una inversi\u00f3n econ\u00f3mica en tranquilidad, una expresi\u00f3n de dise\u00f1o personal y un testimonio del concepto de que los objetos pr\u00e1cticos pueden y deben ser bonitos.<\/p>\n<p>Elija el color que le hable y encuentre el poder transformador de una compa\u00f1\u00eda sofisticada. Aporte armon\u00eda a sus encimeras, calidad a sus rutinas y un toque de dise\u00f1o innovador a su d\u00eda a d\u00eda. Pida el suyo hoy mismo y comience el viaje hacia un hogar m\u00e1s atractivo y organizado.<\/p>","protected":false},"excerpt":{"rendered":"<p>Organice con estilo con esta moderna bandeja acr\u00edlica. Su dise\u00f1o elegante y duradero es perfecto para despejar cualquier encimera. Util\u00edcela en la cocina para las especias, en el tocador para los perfumes o en la entrada para las llaves. Incorpora c\u00f3modas asas para facilitar su transporte.<\/p>","protected":false},"featured_media":1306,"template":"","meta":{"_kad_post_transparent":"default","_kad_post_title":"","_kad_post_layout":"default","_kad_post_sidebar_id":"","_kad_post_content_style":"default","_kad_post_vertical_padding":"default","_kad_post_feature":"","_kad_post_feature_position":"","_kad_post_header":false,"_kad_post_footer":false,"_kad_post_classname":""},"product_brand":[],"product_cat":[22],"product_tag":[125],"class_list":{"0":"post-1304","1":"product","2":"type-product","3":"status-publish","4":"has-post-thumbnail","6":"product_cat-custom-acrylic-trays","7":"product_tag-acrylic-tray","9":"first","10":"instock","11":"shipping-taxable","12":"product-type-simple","13":"entry","14":"content-bg","15":"loop-entry"},"_links":{"self":[{"href":"https:\/\/customacrylicproduct.com\/es\/wp-json\/wp\/v2\/product\/1304","targetHints":{"allow":["GET"]}}],"collection":[{"href":"https:\/\/customacrylicproduct.com\/es\/wp-json\/wp\/v2\/product"}],"about":[{"href":"https:\/\/customacrylicproduct.com\/es\/wp-json\/wp\/v2\/types\/product"}],"wp:featuredmedia":[{"embeddable":true,"href":"https:\/\/customacrylicproduct.com\/es\/wp-json\/wp\/v2\/media\/1306"}],"wp:attachment":[{"href":"https:\/\/customacrylicproduct.com\/es\/wp-json\/wp\/v2\/media?parent=1304"}],"wp:term":[{"taxonomy":"product_brand","embeddable":true,"href":"https:\/\/customacrylicproduct.com\/es\/wp-json\/wp\/v2\/product_brand?post=1304"},{"taxonomy":"product_cat","embeddable":true,"href":"https:\/\/customacrylicproduct.com\/es\/wp-json\/wp\/v2\/product_cat?post=1304"},{"taxonomy":"product_tag","embeddable":true,"href":"https:\/\/customacrylicproduct.com\/es\/wp-json\/wp\/v2\/product_tag?post=1304"}],"curies":[{"name":"wp","href":"https:\/\/api.w.org\/{rel}","templated":true}]}}