{"id":1322,"date":"2025-07-20T07:18:12","date_gmt":"2025-07-20T07:18:12","guid":{"rendered":"https:\/\/customacrylicproduct.com\/?post_type=product&#038;p=1322"},"modified":"2025-07-20T07:18:12","modified_gmt":"2025-07-20T07:18:12","slug":"acrylic-watch-stand-watch-displays-clear-single-display","status":"publish","type":"product","link":"https:\/\/customacrylicproduct.com\/es\/acrylic-watch-stand-watch-displays-clear-single-display\/","title":{"rendered":"Soporte acr\u00edlico para relojes Expositores de relojes Transparente Expositor individual"},"content":{"rendered":"<h3 id=\"elevate-your-treasures-the-ultimate-crystal-clear-polymer-present-stands-for-watches-jewelry-and-collectibles\">Eleve sus tesoros: Lo \u00faltimo en soportes de pol\u00edmero transparente para relojes, joyas y objetos de colecci\u00f3n<\/h3>\n<p>En un mundo de narraci\u00f3n visual, la forma exacta de presentar sus productos m\u00e1s preciados es tan esencial como los propios art\u00edculos. Un reloj asombroso, una fr\u00e1gil joya o una preciada pieza de colecci\u00f3n pueden perder su efecto si se colocan en posici\u00f3n horizontal o en una pantalla de exposici\u00f3n desordenada. Lo que usted necesita es un soporte que proporcione prestigio sin desviar la atenci\u00f3n, un escenario que eleve sin abrumar. Presentamos los Bloques de exposici\u00f3n de pol\u00edmero s\u00f3lido: el remedio claro para transformar cualquier tipo de cosa en una exposici\u00f3n con calidad de museo.<\/p>\n<p>Estos soportes acr\u00edlicos impecablemente transparentes y resistentes son la encarnaci\u00f3n de la elegancia m\u00ednima. Creados para vendedores, fot\u00f3grafos, agencias de colecciones y cualquier persona con buen ojo para las presentaciones sofisticadas, producen un sensacional impacto \u201cflotante\u201d que atrae todo el inter\u00e9s hacia el objeto de honor. Tanto si est\u00e1 decorando el escaparate de una tienda de alta gama, como si est\u00e1 realizando una fotograf\u00eda digital experta de productos o est\u00e1 organizando su colecci\u00f3n individual en su casa, estos soportes proporcionan la base ordenada, contempor\u00e1nea y vers\u00e1til que necesita para que sus productos sean absolutamente resplandecientes.<\/p>\n<p><img fetchpriority=\"high\" decoding=\"async\" class=\"size-full wp-image-1325\" src=\"https:\/\/customacrylicproduct.com\/wp-content\/uploads\/2025\/07\/Acrylic-Watch-Stand-Watch-Displays-3.jpg\" alt=\"Expositores acr\u00edlicos para relojes (3)\" width=\"800\" height=\"800\" srcset=\"https:\/\/customacrylicproduct.com\/wp-content\/uploads\/2025\/07\/Acrylic-Watch-Stand-Watch-Displays-3.jpg 800w, https:\/\/customacrylicproduct.com\/wp-content\/uploads\/2025\/07\/Acrylic-Watch-Stand-Watch-Displays-3-300x300.jpg 300w, https:\/\/customacrylicproduct.com\/wp-content\/uploads\/2025\/07\/Acrylic-Watch-Stand-Watch-Displays-3-150x150.jpg 150w, https:\/\/customacrylicproduct.com\/wp-content\/uploads\/2025\/07\/Acrylic-Watch-Stand-Watch-Displays-3-768x768.jpg 768w, https:\/\/customacrylicproduct.com\/wp-content\/uploads\/2025\/07\/Acrylic-Watch-Stand-Watch-Displays-3-600x600.jpg 600w, https:\/\/customacrylicproduct.com\/wp-content\/uploads\/2025\/07\/Acrylic-Watch-Stand-Watch-Displays-3-100x100.jpg 100w\" sizes=\"(max-width: 800px) 100vw, 800px\" \/><\/p>\n<h4 id=\"-unparalleled-quality-premium-craftsmanship-\"><strong>Calidad y artesan\u00eda sin igual<\/strong><\/h4>\n<p>La base de estos expositores es la extraordinaria calidad de su material. Cada bloque est\u00e1 fabricado a partir de una \u00fanica pieza s\u00f3lida de acr\u00edlico cristalino de primera calidad. No se trata del pl\u00e1stico hueco y ligero que puede encontrar en otros lugares. Nuestros soportes son significativos, resistentes y tienen una hermosa abertura similar al cristal que permite que la luz los atraviese e ilumine sus productos desde todos los \u00e1ngulos. El resultado es un efecto brillante y luminiscente que realza la belleza natural, los detalles y los colores vivos de lo que quiera mostrar.<\/p>\n<p>Cada bloque se somete a un minucioso procedimiento de acabado, que incluye el abrillantado con diamante de todos los bordes. Este m\u00e9todo da lugar a una superficie impecablemente lisa, sin juntas y \u00f3pticamente pura, sin bordes afilados ni manchas sombr\u00edas. Los lados refinados captan y refractan la luz maravillosamente, a\u00f1adiendo un brillo refinado que complementa uno de los productos m\u00e1s glamurosos, desde el brillo de un reloj de oro hasta el fuego de un anillo de diamantes. A diferencia del cristal, nuestro pol\u00edmero de alta densidad es mucho m\u00e1s resistente a las roturas y ligero, lo que lo convierte en una opci\u00f3n m\u00e1s segura y mucho m\u00e1s sensata tanto para entornos comerciales ajetreados como para el hogar. Tambi\u00e9n es resistente a los rayos UV, lo que garantiza que no amarillear\u00e1 con el tiempo, manteniendo su magn\u00edfica claridad durante varios a\u00f1os de soluci\u00f3n impecable.<\/p>\n<p><img decoding=\"async\" class=\"size-full wp-image-1324\" src=\"https:\/\/customacrylicproduct.com\/wp-content\/uploads\/2025\/07\/Acrylic-Watch-Stand-Watch-Displays-2.jpg\" alt=\"Expositores acr\u00edlicos para relojes (2)\" width=\"800\" height=\"800\" srcset=\"https:\/\/customacrylicproduct.com\/wp-content\/uploads\/2025\/07\/Acrylic-Watch-Stand-Watch-Displays-2.jpg 800w, https:\/\/customacrylicproduct.com\/wp-content\/uploads\/2025\/07\/Acrylic-Watch-Stand-Watch-Displays-2-300x300.jpg 300w, https:\/\/customacrylicproduct.com\/wp-content\/uploads\/2025\/07\/Acrylic-Watch-Stand-Watch-Displays-2-150x150.jpg 150w, https:\/\/customacrylicproduct.com\/wp-content\/uploads\/2025\/07\/Acrylic-Watch-Stand-Watch-Displays-2-768x768.jpg 768w, https:\/\/customacrylicproduct.com\/wp-content\/uploads\/2025\/07\/Acrylic-Watch-Stand-Watch-Displays-2-600x600.jpg 600w, https:\/\/customacrylicproduct.com\/wp-content\/uploads\/2025\/07\/Acrylic-Watch-Stand-Watch-Displays-2-100x100.jpg 100w\" sizes=\"(max-width: 800px) 100vw, 800px\" \/><\/p>\n<h4 id=\"-a-masterclass-in-minimalist-layout-\"><strong>Una clase magistral de maquetaci\u00f3n minimalista<\/strong><\/h4>\n<p>La ideolog\u00eda de estos bloques de pantalla es sencilla: la verdadera belleza es discreta. Las l\u00edneas ordenadas y la pureza geom\u00e9trica de los cubos y las contrahuellas rectangulares son deliberadamente minimalistas. Esta opci\u00f3n de estilo garantiza que el soporte nunca adquiera protagonismo. En su lugar, se convierte en una estructura indetectable que sirve de apoyo y soporte. Su naturaleza transparente hace que el soporte pr\u00e1cticamente desaparezca, creando una presentaci\u00f3n et\u00e9rea y a la deriva que asombra al p\u00fablico.<\/p>\n<p>Imagine un espectacular reloj cron\u00f3grafo, como el visualizado con la atrevida esfera azul, relativamente detenido en el aire. Imag\u00ednese un delicado brazalete de perlas, cuyo suave lustre se ve amplificado por la ordenada y brillante superficie bajo \u00e9l. Este es el poder del dise\u00f1o minimalista. Se deshace de todo ruido est\u00e9tico, permitiendo que la artesan\u00eda del reloj, el brillo de los tesoros y el arte de lo coleccionable cobren protagonismo. Adem\u00e1s, la base reflectante del bloque proporciona una foto de espejo refinada y elegante, a\u00f1adiendo profundidad y un toque profesional a su exposici\u00f3n.<\/p>\n<p><img decoding=\"async\" class=\"size-full wp-image-1323\" src=\"https:\/\/customacrylicproduct.com\/wp-content\/uploads\/2025\/07\/Acrylic-Watch-Stand-Watch-Displays-1.jpg\" alt=\"Expositores acr\u00edlicos para relojes (1)\" width=\"800\" height=\"800\" srcset=\"https:\/\/customacrylicproduct.com\/wp-content\/uploads\/2025\/07\/Acrylic-Watch-Stand-Watch-Displays-1.jpg 800w, https:\/\/customacrylicproduct.com\/wp-content\/uploads\/2025\/07\/Acrylic-Watch-Stand-Watch-Displays-1-300x300.jpg 300w, https:\/\/customacrylicproduct.com\/wp-content\/uploads\/2025\/07\/Acrylic-Watch-Stand-Watch-Displays-1-150x150.jpg 150w, https:\/\/customacrylicproduct.com\/wp-content\/uploads\/2025\/07\/Acrylic-Watch-Stand-Watch-Displays-1-768x768.jpg 768w, https:\/\/customacrylicproduct.com\/wp-content\/uploads\/2025\/07\/Acrylic-Watch-Stand-Watch-Displays-1-600x600.jpg 600w, https:\/\/customacrylicproduct.com\/wp-content\/uploads\/2025\/07\/Acrylic-Watch-Stand-Watch-Displays-1-100x100.jpg 100w\" sizes=\"(max-width: 800px) 100vw, 800px\" \/><\/p>\n<h4 id=\"-the-ultimate-display-remedy-unparalleled-convenience-\"><strong>El \u00faltimo remedio para pantallas: Comodidad sin igual<\/strong><\/h4>\n<p>Aunque se etiquetan como soportes para relojes, su aplicaci\u00f3n s\u00f3lo est\u00e1 limitada por su imaginaci\u00f3n. Las distintas formas y tama\u00f1os, desde cubos imponentes hasta elegantes y discretos elevadores, hacen de esta colecci\u00f3n uno de los dispositivos de exposici\u00f3n m\u00e1s vers\u00e1tiles del mercado.<\/p>\n<ul>\n<li><strong>Para el hor\u00f3logo y el experto en joyer\u00eda:\u00a0<\/strong>Estos soportes son una propiedad innegociable para cualquier tipo de exposici\u00f3n de relojes o bisuter\u00eda. Los dados m\u00e1s grandes proporcionan una plataforma audaz y masculina para relojes de declaraci\u00f3n, desde robustos buzos hasta elegantes relojes de vestir. Los cubos m\u00e1s peque\u00f1os y los elevadores en forma de rect\u00e1ngulo son perfectos para exhibir delicados relojes de se\u00f1ora, intrincados brazaletes, anillos de compromiso, alianzas de boda e incluso peque\u00f1os pendientes. Como se ve en las im\u00e1genes, un solo anillo de oro aumentado termina siendo una cosa de deseo cuando se coloca en su propia fase inmaculada, y una colecci\u00f3n de pulseras puede ser art\u00edsticamente establecido a lo largo de varios bloques.<\/li>\n<li><strong>Para el fot\u00f3grafo profesional especializado:\u00a0<\/strong>Produzca f\u00e1cilmente fotograf\u00edas de productos dignas de revistas. Estos bloques acr\u00edlicos son amigos de los fot\u00f3grafos profesionales, ya que proporcionan una superficie ordenada, neutra y respetuosa con los reflejos que facilita la posproducci\u00f3n. Eliminan las historias que distraen y le permiten regular la iluminaci\u00f3n para resaltar cada elemento e informaci\u00f3n de su producto. Util\u00edcelos para crear planos seguros de varios niveles para fotograf\u00edas de grupo o para separar un elemento protagonista solitario para conseguir un efecto extraordinario.<\/li>\n<li><strong>Para el \u00e1vido coleccionista y amante:\u00a0<\/strong>Su entusiasmo debe tener una pantalla de exposici\u00f3n que lo merezca. Eleve su colecci\u00f3n de muestras de minerales, cristales de recuperaci\u00f3n, monedas antiguas, figuritas detalladas o quiz\u00e1s cosm\u00e9ticos de alta gama como frascos de fragancias y tubos de pintalabios. Los soportes protegen sus cosas de las superficies mientras las organizan en una galer\u00eda visualmente espectacular en cualquier tipo de estanter\u00eda, escritorio o armario expositor.<\/li>\n<li><strong>Por la excelencia comercial e industrial:\u00a0<\/strong>En un comercio asequible, la presentaci\u00f3n lo es todo. Utilice estos bloques para construir atractivas pantallas de escaparate, desarrollar la jerarqu\u00eda visual dentro de una vitrina o destacar los art\u00edculos incluidos en un mostrador de cocina. Aumentan instant\u00e1neamente el valor considerado de su producto, atrayendo a los clientes y transformando a los curiosos en clientes. Son una herramienta esencial para exposiciones, ferias de artesan\u00eda y tiendas pop-up, donde es fundamental causar una buena primera impresi\u00f3n.<\/li>\n<\/ul>\n<h4 id=\"-curate-your-vision-mix-suit-and-mesmerize-\"><strong>Curate Your Vision: Mezcle, adapte y cautive<\/strong><\/h4>\n<p>La verdadera fuerza de esta colecci\u00f3n reside en su modularidad. Las im\u00e1genes muestran conjuntos de diferentes tama\u00f1os, que le permitir\u00e1n ser el comisario de su propio espacio. Utilice un bloque grande y solitario para crear un valiente punto focal. Coloque una colecci\u00f3n de dimensiones descendentes para guiar al ojo en un viaje visual. O bien, apilar las bandas rectangulares para crear pantallas de visualizaci\u00f3n vibrante, de varios niveles que incluyen la profundidad y la construcci\u00f3n de inter\u00e9s para su configuraci\u00f3n.<\/p>\n<p>Este sistema le permite desarrollar una presentaci\u00f3n cohesionada pero vibrante. Puede dividir los productos para enfocarlos de forma individual o agruparlos en colecciones tem\u00e1ticas. En su hogar, puede organizar por \u00faltimo su armario o tocador, ofreciendo a cada uno de sus dispositivos preferidos su propia ubicaci\u00f3n exclusiva. En una tienda, puede modificar su exposici\u00f3n en cuesti\u00f3n de minutos, manteniendo su venta al por menor fresca, sorprendente y profesional.<\/p>\n<p>D\u00e9 a sus cosas m\u00e1s valiosas y beneficiosas el protagonismo que merecen. Deja atr\u00e1s el simple almacenamiento y acepta el arte de la discusi\u00f3n.<\/p>\n<p><strong>Pida hoy mismo su juego de soportes acr\u00edlicos transparentes para regalos y transforme su pantalla de normal a extraordinaria.<\/strong><\/p>","protected":false},"excerpt":{"rendered":"<p class=\"ng-star-inserted\"><span class=\"ng-star-inserted\">D\u00e9 a sus relojes y joyas la exposici\u00f3n que se merecen con estos bloques acr\u00edlicos cristalinos. Su dise\u00f1o s\u00f3lido y pulido ofrece un escaparate elegante y moderno para su colecci\u00f3n. Disponibles en varios tama\u00f1os, crean un elegante efecto flotante, convirtiendo sus piezas favoritas en el centro de atenci\u00f3n.<\/span><\/p>","protected":false},"featured_media":1324,"template":"","meta":{"_kad_post_transparent":"default","_kad_post_title":"","_kad_post_layout":"default","_kad_post_sidebar_id":"","_kad_post_content_style":"default","_kad_post_vertical_padding":"default","_kad_post_feature":"","_kad_post_feature_position":"","_kad_post_header":false,"_kad_post_footer":false,"_kad_post_classname":""},"product_brand":[],"product_cat":[15],"product_tag":[138],"class_list":{"0":"post-1322","1":"product","2":"type-product","3":"status-publish","4":"has-post-thumbnail","6":"product_cat-custom-acrylic-displays","7":"product_tag-acrylic-watch-stand-watch-displays","9":"first","10":"instock","11":"shipping-taxable","12":"product-type-simple","13":"entry","14":"content-bg","15":"loop-entry"},"_links":{"self":[{"href":"https:\/\/customacrylicproduct.com\/es\/wp-json\/wp\/v2\/product\/1322","targetHints":{"allow":["GET"]}}],"collection":[{"href":"https:\/\/customacrylicproduct.com\/es\/wp-json\/wp\/v2\/product"}],"about":[{"href":"https:\/\/customacrylicproduct.com\/es\/wp-json\/wp\/v2\/types\/product"}],"wp:featuredmedia":[{"embeddable":true,"href":"https:\/\/customacrylicproduct.com\/es\/wp-json\/wp\/v2\/media\/1324"}],"wp:attachment":[{"href":"https:\/\/customacrylicproduct.com\/es\/wp-json\/wp\/v2\/media?parent=1322"}],"wp:term":[{"taxonomy":"product_brand","embeddable":true,"href":"https:\/\/customacrylicproduct.com\/es\/wp-json\/wp\/v2\/product_brand?post=1322"},{"taxonomy":"product_cat","embeddable":true,"href":"https:\/\/customacrylicproduct.com\/es\/wp-json\/wp\/v2\/product_cat?post=1322"},{"taxonomy":"product_tag","embeddable":true,"href":"https:\/\/customacrylicproduct.com\/es\/wp-json\/wp\/v2\/product_tag?post=1322"}],"curies":[{"name":"wp","href":"https:\/\/api.w.org\/{rel}","templated":true}]}}