{"id":1326,"date":"2025-07-20T07:31:04","date_gmt":"2025-07-20T07:31:04","guid":{"rendered":"https:\/\/customacrylicproduct.com\/?post_type=product&#038;p=1326"},"modified":"2025-07-20T07:31:04","modified_gmt":"2025-07-20T07:31:04","slug":"acrylic-trophy-contest-award-halloween-costume-awards","status":"publish","type":"product","link":"https:\/\/customacrylicproduct.com\/es\/acrylic-trophy-contest-award-halloween-costume-awards\/","title":{"rendered":"Trofeo Acr\u00edlico Premio Concurso Premios Disfraces Halloween"},"content":{"rendered":"<h3 id=\"crown-your-champions-of-enjoyable-the-ultimate-polymer-trophies-for-unforgettable-halloween-christmas-parties\">Corona a tus Campeones de la Diversi\u00f3n: Lo \u00faltimo en trofeos de pol\u00edmero para fiestas de Halloween y Navidad inolvidables<\/h3>\n<p>Cada a\u00f1o aumenta la expectaci\u00f3n. Se asaltan los armarios, se descargan las armas adhesivas y se presiona la imaginaci\u00f3n hasta su total restricci\u00f3n. \u00bfPara qu\u00e9? Pues de esa noche gloriosa en la que reina la imaginaci\u00f3n creativa. Tanto si se trata de la escalofriante creatividad de un disfraz de Halloween como de la chabacaner\u00eda de un Ugly Xmas Sweater, estas iniciativas merecen algo m\u00e1s que una ronda de elogios. Hay que conmemorarlas.<\/p>\n<p>La mejor recompensa para sus concursos festivos: el\u00a0<strong>Colecci\u00f3n de Honor del Concurso de Pol\u00edmero\u00a0<\/strong>. Estos no son su promedio, prefiere la celebraci\u00f3n de peso ligero. Estos son significativos, magn\u00edficamente elaborado recuerdos hechos para honrar a los verdaderos campeones de esp\u00edritu de vacaciones. Con conjuntos comprometidos tanto para las competiciones de trajes de Halloween como para los enfrentamientos de Ugly Christmas Coat, estos trofeos transforman las competiciones amistosas de su celebraci\u00f3n en un evento fabuloso, dejando a sus campeones con un recuerdo brillante que tendr\u00e1n el honor de mostrar durante muchos a\u00f1os.<\/p>\n<p><img fetchpriority=\"high\" decoding=\"async\" class=\"aligncenter wp-image-1329 size-large\" src=\"https:\/\/customacrylicproduct.com\/wp-content\/uploads\/2025\/07\/Acrylic-Trophy-3-1024x1024.jpg\" alt=\"Trofeo acr\u00edlico (3)\" width=\"1024\" height=\"1024\" srcset=\"https:\/\/customacrylicproduct.com\/wp-content\/uploads\/2025\/07\/Acrylic-Trophy-3-1024x1024.jpg 1024w, https:\/\/customacrylicproduct.com\/wp-content\/uploads\/2025\/07\/Acrylic-Trophy-3-300x300.jpg 300w, https:\/\/customacrylicproduct.com\/wp-content\/uploads\/2025\/07\/Acrylic-Trophy-3-150x150.jpg 150w, https:\/\/customacrylicproduct.com\/wp-content\/uploads\/2025\/07\/Acrylic-Trophy-3-768x768.jpg 768w, https:\/\/customacrylicproduct.com\/wp-content\/uploads\/2025\/07\/Acrylic-Trophy-3-600x600.jpg 600w, https:\/\/customacrylicproduct.com\/wp-content\/uploads\/2025\/07\/Acrylic-Trophy-3-100x100.jpg 100w, https:\/\/customacrylicproduct.com\/wp-content\/uploads\/2025\/07\/Acrylic-Trophy-3.jpg 1386w\" sizes=\"(max-width: 1024px) 100vw, 1024px\" \/><\/p>\n<h4 id=\"-a-new-requirement-for-event-prizes-high-quality-you-can-see-and-feel-\"><strong>Un nuevo requisito para los premios de eventos: Alta calidad que se puede ver y sentir<\/strong><\/h4>\n<p>No se acuerde de los lazos desechables ni de los certificados comunes. Estos premios est\u00e1n hechos para impresionar. Cada premio est\u00e1 fabricado con un grueso acr\u00edlico cristalino de primera calidad, lo que le confiere un peso considerable y un impresionante aspecto de cristal sin fragilidad. La forma octogonal especial est\u00e1 tallada con precisi\u00f3n con lados facetados brillantes y pulidos con diamante que captan y refractan la luz, incluyendo un toque de resplandor a cualquier pantalla de visualizaci\u00f3n.<\/p>\n<p>En el momento en que su ganador sostenga uno de estos premios, sabr\u00e1 que es algo \u00fanico. Se siente moderno y fuerte en la mano: un verdadero testimonio de su victoria. La superficie lisa e impecable ofrece el lienzo ideal para los vivos gr\u00e1ficos de alta resoluci\u00f3n impresos con notable nitidez y detalle. Los dise\u00f1os est\u00e1n sellados dentro del acr\u00edlico, lo que garantiza que nunca se despegar\u00e1n, deste\u00f1ir\u00e1n o raspar\u00e1n. Estos trofeos est\u00e1n hechos para durar, funcionando como una sugerencia a largo plazo de una noche llena de risas, pensamiento creativo y diversi\u00f3n.<\/p>\n<p><img decoding=\"async\" class=\"aligncenter wp-image-1330 size-large\" src=\"https:\/\/customacrylicproduct.com\/wp-content\/uploads\/2025\/07\/Acrylic-Trophy-4-1024x1024.jpg\" alt=\"Trofeo acr\u00edlico (4)\" width=\"1024\" height=\"1024\" srcset=\"https:\/\/customacrylicproduct.com\/wp-content\/uploads\/2025\/07\/Acrylic-Trophy-4-1024x1024.jpg 1024w, https:\/\/customacrylicproduct.com\/wp-content\/uploads\/2025\/07\/Acrylic-Trophy-4-300x300.jpg 300w, https:\/\/customacrylicproduct.com\/wp-content\/uploads\/2025\/07\/Acrylic-Trophy-4-150x150.jpg 150w, https:\/\/customacrylicproduct.com\/wp-content\/uploads\/2025\/07\/Acrylic-Trophy-4-768x768.jpg 768w, https:\/\/customacrylicproduct.com\/wp-content\/uploads\/2025\/07\/Acrylic-Trophy-4-600x600.jpg 600w, https:\/\/customacrylicproduct.com\/wp-content\/uploads\/2025\/07\/Acrylic-Trophy-4-100x100.jpg 100w, https:\/\/customacrylicproduct.com\/wp-content\/uploads\/2025\/07\/Acrylic-Trophy-4.jpg 1427w\" sizes=\"(max-width: 1024px) 100vw, 1024px\" \/><\/p>\n<p>-.<\/p>\n<h4 id=\"-spooktacular-formality-the-halloween-costume-contest-honors-\"><strong>Formalidad espeluznante: El Concurso de Disfraces de Halloween<\/strong><\/h4>\n<p>Halloween es la cumbre del virtuosismo de los disfraces. Desde lo terror\u00edficamente pr\u00e1ctico a lo alegremente ingenioso, tus invitados ponen todo su coraz\u00f3n en sus disfraces. Ahora, puedes darles el reconocimiento que desean con nuestro conjunto de espeluznantes y divertidos honores con tem\u00e1tica de esqueleto. El dise\u00f1o animado pero pulido, que incluye un carism\u00e1tico esqueleto animado que da luz verde con entusiasmo, consigue un excelente equilibrio entre lo espeluznante y lo divertido, por lo que resulta apropiado para cualquier tipo de evento.<\/p>\n<p>Esta colecci\u00f3n consta de premios para cada tipo de genio creativo:.<\/p>\n<ul>\n<li><strong>Mejor Disfraz:\u00a0<\/strong>El gran premio Para el disfraz que haya sido perfectamente interpretado, impresionantemente original y sencillamente extraordinario.<\/li>\n<li><strong>El disfraz m\u00e1s aterrador:\u00a0<\/strong>Por el desarrollo que provoca escalofr\u00edos y hace saltar a los visitantes. Este galard\u00f3n rinde homenaje al maestro del miedo.<\/li>\n<li><strong>El disfraz m\u00e1s loco:\u00a0<\/strong>La risa es un premio en s\u00ed mismo, pero este premio es para el individuo cuyo disfraz era un chiste andante, un juego de palabras creativo aqu\u00ed, o simplemente hist\u00e9rico.<\/li>\n<li><strong>Mejor atuendo de pareja:\u00a0<\/strong>\u00a1Celebrando la sinergia y la imaginaci\u00f3n por 2! Este honor es para el d\u00fao din\u00e1mico cuyos trajes emparejados estaban perfectamente sincronizados y maravillosamente concebidos.<\/li>\n<\/ul>\n<p>Piensa en el disfrute del acto de entrega de premios al final de la velada. Cuando desveles los nombres de los ganadores, no les estar\u00e1s entregando simplemente una recompensa, sino un t\u00edtulo y una se\u00f1al concreta de su preeminencia en Halloween.<\/p>\n<p><img decoding=\"async\" class=\"aligncenter wp-image-1327 size-large\" src=\"https:\/\/customacrylicproduct.com\/wp-content\/uploads\/2025\/07\/Acrylic-Trophy-1-1024x1024.jpg\" alt=\"Trofeo acr\u00edlico (1)\" width=\"1024\" height=\"1024\" srcset=\"https:\/\/customacrylicproduct.com\/wp-content\/uploads\/2025\/07\/Acrylic-Trophy-1-1024x1024.jpg 1024w, https:\/\/customacrylicproduct.com\/wp-content\/uploads\/2025\/07\/Acrylic-Trophy-1-300x300.jpg 300w, https:\/\/customacrylicproduct.com\/wp-content\/uploads\/2025\/07\/Acrylic-Trophy-1-150x150.jpg 150w, https:\/\/customacrylicproduct.com\/wp-content\/uploads\/2025\/07\/Acrylic-Trophy-1-768x768.jpg 768w, https:\/\/customacrylicproduct.com\/wp-content\/uploads\/2025\/07\/Acrylic-Trophy-1-600x600.jpg 600w, https:\/\/customacrylicproduct.com\/wp-content\/uploads\/2025\/07\/Acrylic-Trophy-1-100x100.jpg 100w, https:\/\/customacrylicproduct.com\/wp-content\/uploads\/2025\/07\/Acrylic-Trophy-1.jpg 1500w\" sizes=\"(max-width: 1024px) 100vw, 1024px\" \/><\/p>\n<p>-.<\/p>\n<h4 id=\"-commemorate-stylishly-the-ugly-christmas-sweatshirt-honors-\"><strong>Conmemora con estilo: Los honores de la sudadera navide\u00f1a fea<\/strong><\/h4>\n<p>La celebraci\u00f3n del Chaquet\u00f3n de Navidad Feo se ha convertido en una preciosa tradici\u00f3n navide\u00f1a, una deliciosa desobediencia contra el atuendo formal de las vacaciones. Es un evento de lo feo, lo ins\u00edpido y lo gloriosamente chill\u00f3n. Nuestra colecci\u00f3n de premios Ugly Christmas Sweater capta completamente este esp\u00edritu con estilos v\u00edvidos y alegres que presentan una deslumbrante taza dorada e ilustraciones de abrigos felizmente terribles.<\/p>\n<p>Convierte tu enfrentamiento de sudaderas en una competici\u00f3n oficial con varios grupos para asegurarte de que la fealdad de cada uno tiene la oportunidad de brillar.<\/p>\n<ul>\n<li><strong>El jersey m\u00e1s feo:\u00a0<\/strong>Uno de los t\u00edtulos m\u00e1s codiciados (y temidos). Para el abrigo que es un verdadero ataque a los sentidos- una obra de arte de mala preferencia.<\/li>\n<li><strong>Muchos abrigos alegres:\u00a0<\/strong>Las personas que no se limitaron a ponerse un jersey, sino que se vistieron de fiesta, con luces estrobosc\u00f3picas, espumill\u00f3n e incluso uno o dos cascabeles.<\/li>\n<li><strong>Una sudadera muy innovadora:\u00a0<\/strong>Este honor va para el entusiasta del \"h\u00e1galo usted mismo\", el individuo que elabor\u00f3 un dise\u00f1o absolutamente inicial e inteligente que superaba a un simple jersey comprado en una tienda.<\/li>\n<li><strong>El jersey m\u00e1s pegajoso:\u00a0<\/strong>Pariente cercano de \u201cEl m\u00e1s feo\u201d, este premio conmemora el jersey que acoge con alegr\u00eda todos los tropos chillones del libro de jugadas de las vacaciones.<\/li>\n<li><strong>Su\u00e9ter Finest Couple:\u00a0<\/strong>Para la pareja que ha confirmado que dos abrigos horribles son mucho mejor que uno. Esto honra a la mejor coordinada, cringeworthy conjunto de pareja.<\/li>\n<li><strong>Sudadera Ideal Classic:\u00a0<\/strong>\u00a1Un saludo a los cl\u00e1sicos! Este premio es para la persona que haya desenterrado un aut\u00e9ntico tesoro de horror tejido de hace d\u00e9cadas de una tienda de segunda mano o del armario de un antepasado.<\/li>\n<\/ul>\n<p>Estos trofeos incluyen un marco divertido y oficial a su fiesta. Los visitantes har\u00e1n campa\u00f1a por las papeletas, exhibir\u00e1n sus luces parpadeantes y adornos colgantes, y esperar\u00e1n emocionados el juicio final. El vencedor se lleva la \u00faltima fanfarronada y un estupendo trofeo para presentar junto a su decoraci\u00f3n navide\u00f1a cada a\u00f1o.<\/p>\n<h4 id=\"-more-than-a-prize-it-s-a-valued-keepsake-\"><strong>M\u00e1s que un premio, un valioso recuerdo<\/strong><\/h4>\n<p>Lo mejor de estos premios acr\u00edlicos es su vida \u00fatil despu\u00e9s del evento. A diferencia del recipiente de una copa de vino que desaparece en una noche, estos premios est\u00e1n dise\u00f1ados para ser mostrados. Su dise\u00f1o independiente y seguro les permite colocarse completamente sobre un escritorio, una estanter\u00eda, una repisa de chimenea o en un armario de exposici\u00f3n.<\/p>\n<p>Para el ganador, acaba siendo un magn\u00edfico tema de conversaci\u00f3n. Cuando los invitados ven el radiante premio al \u201cTraje m\u00e1s espantoso\u201d en la pantalla, se desencadena una historia sobre esa impresionante celebraci\u00f3n de Halloween. El premio al \u201cjersey m\u00e1s feo\u201d se convierte en un chiste recurrente y en un factor de satisfacci\u00f3n cada fiesta. Es una manifestaci\u00f3n f\u00edsica de un recuerdo divertido, un medio para revivir las risas y la camarader\u00eda de una ocasi\u00f3n \u00fanica.<\/p>\n<h4 id=\"-perfect-for-any-kind-of-event-\"><strong>Perfecto para cualquier tipo de evento<\/strong><\/h4>\n<p>Aunque est\u00e1n pensados para las fiestas en casa, la calidad especializada de estos trofeos los hace excelentes para una gran variedad de ocasiones:.<\/p>\n<ul>\n<li><strong>Eventos de oficina:\u00a0<\/strong>Aumentar la moral y motivar la participaci\u00f3n en los eventos vacacionales de la empresa.<\/li>\n<li><strong>Funciones universitarias:\u00a0<\/strong>Una recompensa segura y divertida para las celebraciones de clase o las ceremonias de disfraces de todo el colegio.<\/li>\n<li><strong>Eventos vecinales y recaudaci\u00f3n de fondos:\u00a0<\/strong>A\u00f1ada un toque experto y alegre a las competiciones y celebraciones del barrio.<\/li>\n<li><strong>Discotecas y restaurantes:\u00a0<\/strong>Organice un concurso p\u00fablico de conjuntos o su\u00e9teres y atraiga a los grupos con la promesa de una recompensa \u00fanica y de alto nivel.<\/li>\n<\/ul>\n<p>Deje de ofrecer recompensas desechables por esfuerzos memorables. Eleve el nivel de su pr\u00f3xima celebraci\u00f3n, despierte competidores agradables y cree recuerdos perdurables.<\/p>\n<p><strong>Pida hoy mismo sus trofeos de pol\u00edmero para concursos y prep\u00e1rese para organizar el evento m\u00e1s comentado de la temporada.<\/strong><\/p>","protected":false},"excerpt":{"rendered":"<p class=\"ng-star-inserted\"><span class=\"ng-star-inserted\">Corona a los ganadores de tus fiestas de Halloween y Navidad con estos divertidos trofeos acr\u00edlicos. Perfectos para concursos de disfraces y de su\u00e9teres feos, cada trofeo presenta gr\u00e1ficos festivos y vibrantes. Duraderos y bellamente elaborados, son un premio memorable y un recuerdo divertido para cualquier enfrentamiento festivo.<\/span><\/p>","protected":false},"featured_media":1329,"template":"","meta":{"_kad_post_transparent":"default","_kad_post_title":"","_kad_post_layout":"default","_kad_post_sidebar_id":"","_kad_post_content_style":"default","_kad_post_vertical_padding":"default","_kad_post_feature":"","_kad_post_feature_position":"","_kad_post_header":false,"_kad_post_footer":false,"_kad_post_classname":""},"product_brand":[],"product_cat":[19],"product_tag":[136],"class_list":{"0":"post-1326","1":"product","2":"type-product","3":"status-publish","4":"has-post-thumbnail","6":"product_cat-custom-acrylic-trophies-awards","7":"product_tag-custom-acrylic-trophy","9":"first","10":"instock","11":"shipping-taxable","12":"product-type-simple","13":"entry","14":"content-bg","15":"loop-entry"},"_links":{"self":[{"href":"https:\/\/customacrylicproduct.com\/es\/wp-json\/wp\/v2\/product\/1326","targetHints":{"allow":["GET"]}}],"collection":[{"href":"https:\/\/customacrylicproduct.com\/es\/wp-json\/wp\/v2\/product"}],"about":[{"href":"https:\/\/customacrylicproduct.com\/es\/wp-json\/wp\/v2\/types\/product"}],"wp:featuredmedia":[{"embeddable":true,"href":"https:\/\/customacrylicproduct.com\/es\/wp-json\/wp\/v2\/media\/1329"}],"wp:attachment":[{"href":"https:\/\/customacrylicproduct.com\/es\/wp-json\/wp\/v2\/media?parent=1326"}],"wp:term":[{"taxonomy":"product_brand","embeddable":true,"href":"https:\/\/customacrylicproduct.com\/es\/wp-json\/wp\/v2\/product_brand?post=1326"},{"taxonomy":"product_cat","embeddable":true,"href":"https:\/\/customacrylicproduct.com\/es\/wp-json\/wp\/v2\/product_cat?post=1326"},{"taxonomy":"product_tag","embeddable":true,"href":"https:\/\/customacrylicproduct.com\/es\/wp-json\/wp\/v2\/product_tag?post=1326"}],"curies":[{"name":"wp","href":"https:\/\/api.w.org\/{rel}","templated":true}]}}