{"id":1346,"date":"2025-07-20T08:32:25","date_gmt":"2025-07-20T08:32:25","guid":{"rendered":"https:\/\/customacrylicproduct.com\/?post_type=product&#038;p=1346"},"modified":"2025-07-20T08:32:25","modified_gmt":"2025-07-20T08:32:25","slug":"custom-acrylic-high-quality-gold-embossed-metal-tag","status":"publish","type":"product","link":"https:\/\/customacrylicproduct.com\/es\/custom-acrylic-high-quality-gold-embossed-metal-tag\/","title":{"rendered":"Etiqueta met\u00e1lica acr\u00edlica personalizada de alta calidad con relieve dorado"},"content":{"rendered":"<h3 id=\"elevate-your-brand-perfect-your-gift-the-ultimate-custom-high-quality-gold-metal-tag\">Eleve su marca, perfeccione su regalo: la etiqueta met\u00e1lica dorada de alta calidad personalizada definitiva<\/h3>\n<p>En un mundo de producci\u00f3n en masa, un toque individual dice mucho. Es el impulso final, la marca registrada de una obra de arte, la pac\u00edfica declaraci\u00f3n de alta calidad que distingue un art\u00edculo, un regalo o una producci\u00f3n. Presentamos el servicio definitivo para marcas y personas que buscan ese sello de distinci\u00f3n sin parang\u00f3n: nuestras etiquetas personalizadas de acero dorado de alta calidad. No se trata de simples etiquetas; son miniobras maestras, minuciosamente elaboradas para plasmar su visi\u00f3n y hacer que sus producciones pasen de ser normales a memorables.<\/p>\n<p>Tanto si es usted un dise\u00f1ador que incluye un sello distintivo en su nueva colecci\u00f3n, un artesano que individualiza un tesoro hecho a mano o una persona que busca un regalo genuinamente distinto y duradero, nuestras etiquetas personalizadas ofrecen una conexi\u00f3n tangible con la m\u00e1xima calidad, trato e identificaci\u00f3n.<\/p>\n<p><img fetchpriority=\"high\" decoding=\"async\" class=\"size-full wp-image-1349\" src=\"https:\/\/customacrylicproduct.com\/wp-content\/uploads\/2025\/07\/Custom-Acrylic-Sign-3.jpg\" alt=\"Cartel acr\u00edlico personalizado (3)\" width=\"800\" height=\"800\" srcset=\"https:\/\/customacrylicproduct.com\/wp-content\/uploads\/2025\/07\/Custom-Acrylic-Sign-3.jpg 800w, https:\/\/customacrylicproduct.com\/wp-content\/uploads\/2025\/07\/Custom-Acrylic-Sign-3-300x300.jpg 300w, https:\/\/customacrylicproduct.com\/wp-content\/uploads\/2025\/07\/Custom-Acrylic-Sign-3-150x150.jpg 150w, https:\/\/customacrylicproduct.com\/wp-content\/uploads\/2025\/07\/Custom-Acrylic-Sign-3-768x768.jpg 768w, https:\/\/customacrylicproduct.com\/wp-content\/uploads\/2025\/07\/Custom-Acrylic-Sign-3-600x600.jpg 600w, https:\/\/customacrylicproduct.com\/wp-content\/uploads\/2025\/07\/Custom-Acrylic-Sign-3-100x100.jpg 100w\" sizes=\"(max-width: 800px) 100vw, 800px\" \/><\/p>\n<h4 id=\"the-essence-of-unmatched-quality\">La esencia de una calidad inigualable<\/h4>\n<p>En el n\u00facleo de nuestro art\u00edculo se encuentra una dedicaci\u00f3n inquebrantable a los materiales y la mano de obra de primera calidad. Cada placa se forja a partir de aceros de primera calidad, elegidos por su tacto sustancial, su impresionante resistencia y su brillo resplandeciente. La radiante superficie dorada, disponible en tonos dorados refinados, cepillados o incluso aumentados, no es un simple revestimiento, sino una capa profunda y duradera hecha para soportar el deslustre y el uso. El peso suave y moderno del acero en la mano es un signo inmediato de su naturaleza costosa, una garant\u00eda silenciosa de la calidad que encierra el producto que embellece.<\/p>\n<p>Nuestro sofisticado proceso de producci\u00f3n permite un nivel de precisi\u00f3n que da vida incluso a los dise\u00f1os m\u00e1s elaborados. Desde las l\u00edneas n\u00edtidas y ordenadas de un dise\u00f1o de logotipo moderno hasta los fr\u00e1giles remolinos de un nombre escrito a mano, cada informaci\u00f3n se elabora con una precisi\u00f3n impecable. Aqu\u00ed es donde la identidad de su marca o su mensaje individual se transforman en un emblema f\u00edsico y duradero.<\/p>\n<p><img decoding=\"async\" class=\"size-full wp-image-1348\" src=\"https:\/\/customacrylicproduct.com\/wp-content\/uploads\/2025\/07\/Custom-Acrylic-Sign-2.jpg\" alt=\"Cartel acr\u00edlico personalizado (2)\" width=\"800\" height=\"800\" srcset=\"https:\/\/customacrylicproduct.com\/wp-content\/uploads\/2025\/07\/Custom-Acrylic-Sign-2.jpg 800w, https:\/\/customacrylicproduct.com\/wp-content\/uploads\/2025\/07\/Custom-Acrylic-Sign-2-300x300.jpg 300w, https:\/\/customacrylicproduct.com\/wp-content\/uploads\/2025\/07\/Custom-Acrylic-Sign-2-150x150.jpg 150w, https:\/\/customacrylicproduct.com\/wp-content\/uploads\/2025\/07\/Custom-Acrylic-Sign-2-768x768.jpg 768w, https:\/\/customacrylicproduct.com\/wp-content\/uploads\/2025\/07\/Custom-Acrylic-Sign-2-600x600.jpg 600w, https:\/\/customacrylicproduct.com\/wp-content\/uploads\/2025\/07\/Custom-Acrylic-Sign-2-100x100.jpg 100w\" sizes=\"(max-width: 800px) 100vw, 800px\" \/><\/p>\n<h4 id=\"a-canvas-for-your-creativity-three-designs-of-expression\">Un lienzo para su creatividad: Tres dise\u00f1os de expresi\u00f3n<\/h4>\n<p>El atractivo de nuestras etiquetas personalizadas reside en su versatilidad. Sabemos que cada marca y cada regalo tienen su propia historia que contar. Para ayudarle a contarla a la perfecci\u00f3n, le ofrecemos una amplia gama de estilos de personalizaci\u00f3n, cada uno con su propio car\u00e1cter \u00fanico, perfectamente ilustrado por nuestros ejemplos.<\/p>\n<p><img decoding=\"async\" class=\"size-full wp-image-1347\" src=\"https:\/\/customacrylicproduct.com\/wp-content\/uploads\/2025\/07\/Custom-Acrylic-Sign-1.jpg\" alt=\"Cartel acr\u00edlico personalizado (1)\" width=\"800\" height=\"800\" srcset=\"https:\/\/customacrylicproduct.com\/wp-content\/uploads\/2025\/07\/Custom-Acrylic-Sign-1.jpg 800w, https:\/\/customacrylicproduct.com\/wp-content\/uploads\/2025\/07\/Custom-Acrylic-Sign-1-300x300.jpg 300w, https:\/\/customacrylicproduct.com\/wp-content\/uploads\/2025\/07\/Custom-Acrylic-Sign-1-150x150.jpg 150w, https:\/\/customacrylicproduct.com\/wp-content\/uploads\/2025\/07\/Custom-Acrylic-Sign-1-768x768.jpg 768w, https:\/\/customacrylicproduct.com\/wp-content\/uploads\/2025\/07\/Custom-Acrylic-Sign-1-600x600.jpg 600w, https:\/\/customacrylicproduct.com\/wp-content\/uploads\/2025\/07\/Custom-Acrylic-Sign-1-100x100.jpg 100w\" sizes=\"(max-width: 800px) 100vw, 800px\" \/><\/p>\n<p><strong>1. La etiqueta est\u00e1ndar grabada y en relieve: Sofisticaci\u00f3n cl\u00e1sica<\/strong><\/p>\n<p>Como se ve en la sofisticada etiqueta \u201cmax bone\u201d, este dise\u00f1o es la personificaci\u00f3n del lujo cl\u00e1sico y discreto. Gracias a los m\u00e9todos de inscripci\u00f3n y estampado m\u00e1s avanzados, el dise\u00f1o de su logotipo, marca o texto personalizado se graba minuciosamente en la superficie del acero. El resultado es un sutil efecto tridimensional que resulta atractivo a la vista y agradable al tacto. Este m\u00e9todo es ideal para:.<\/p>\n<ul>\n<li><strong>Accesorios de lujo para animales:\u00a0<\/strong>A\u00f1adir una marca avanzada a collares, correas y transportines de animales.<\/li>\n<li><strong>Bolsos de alta gama y productos de piel natural:\u00a0<\/strong>Trabaja como marca de fabricante distinguida en carteras, bolsos y maletines.<\/li>\n<li><strong>Muebles y art\u00edculos para el hogar:\u00a0<\/strong>Una declaraci\u00f3n de calidad muy discreta pero eficaz en muebles artesanales o decoraci\u00f3n de dise\u00f1o.<\/li>\n<li><strong>Marca de ropa:\u00a0<\/strong>Una etiqueta refinada para el interior del cuello de una chaqueta o el bolsillo de unos vaqueros.<\/li>\n<\/ul>\n<p>Los lados redondeados y el sencillo estilo de dos orificios garantizan un a\u00f1adido f\u00e1cil y seguro, que se incorpora sin esfuerzo a su art\u00edculo.<\/p>\n<p><strong>2. La etiqueta moderna recortada por l\u00e1ser: Atrevida y arquitect\u00f3nica<\/strong><\/p>\n<p>Para una declaraci\u00f3n contempor\u00e1nea y de gran impacto, el dise\u00f1o intermedio l\u00e1ser no tiene rival. Su estilo, como la instancia \u201cVVNVH\u201d, no se publica en la etiqueta, sino que se corta con precisi\u00f3n\u00a0<em>v\u00eda\u00a0<\/em>ello. Esto desarrolla un impacto de patr\u00f3n llamativo, utilizando el espacio desfavorable para crear sus letras o el dise\u00f1o de su logotipo. Las l\u00edneas n\u00edtidas y ordenadas y la precisi\u00f3n geom\u00e9trica proporcionan una sensaci\u00f3n de edificio moderno dif\u00edcil de pasar por alto. Este dise\u00f1o es excelente para:.<\/p>\n<ul>\n<li><strong>Streetwear y estilo vanguardista:\u00a0<\/strong>Hacer una vibrante declaraci\u00f3n de marca en prendas de vestir, zapatillas de tenis y dispositivos.<\/li>\n<li><strong>Productos de dise\u00f1o industrial:\u00a0<\/strong>Mejorar el aspecto visual de la electr\u00f3nica actual, los dispositivos o las situaciones a medida.<\/li>\n<li><strong>Marca de alta costura:\u00a0<\/strong>Crear una etiqueta especial e inolvidable que acabe siendo parte indispensable del propio estilo.<\/li>\n<li><strong>Placas de identificaci\u00f3n personalizadas:\u00a0<\/strong>Para una representaci\u00f3n vibrante y visual de un nombre o inicial en bolsos, maletas de viaje o trabajos art\u00edsticos.<\/li>\n<\/ul>\n<p>Las aberturas con remaches en las cuatro esquinas proporcionan un m\u00e9todo de adici\u00f3n seguro y de estilo industrial que potencia el encanto moderno de la etiqueta.<\/p>\n<p><strong>3. La etiqueta de intermediario de gui\u00f3n \u00edntimo: Personal y Elegante\u00a0<\/strong>.<\/p>\n<p>Cuando el mensaje es individual, el tipo de letra tambi\u00e9n debe serlo. Nuestro estilo de escritura intermedia, ejemplificado por la etiqueta l\u00edquida \u201cKlove\u201d, transforma un nombre, una palabra o una firma en un objeto de arte para llevar puesto. El metal est\u00e1 meticulosamente cortado para ajustarse a las elegantes curvas de un tipo de letra cursiva, dando lugar a una etiqueta que es a la vez una etiqueta y un atractivo. Los bucles integrados en cada extremo est\u00e1n hechos para ser accesorios de cadenas, cables o grandes cordones, por lo que es ideal para:.<\/p>\n<ul>\n<li><strong>Joyas a medida:\u00a0<\/strong>Desarrollo de medallones con nombre y brazaletes personalizados que son regalos profundamente individuales.<\/li>\n<li><strong>Regalos de boda y eventos:\u00a0<\/strong>A\u00f1ada un toque lujoso e individualizado a los regalos para invitados, las invitaciones o la configuraci\u00f3n del lugar.<\/li>\n<li><strong>Ropa interior y prendas delicadas:\u00a0<\/strong>Un peque\u00f1o y bonito detalle que habla de la naturaleza \u00edntima de la prenda.<\/li>\n<li><strong>Manualidades:\u00a0<\/strong>La marca excelente para un valioso patchwork, una bufanda tejida o un \u00e1lbum de recortes, transformando una actividad de ocio en un legado.<\/li>\n<\/ul>\n<p>Este dise\u00f1o registra la importancia de la singularidad, por lo que es la mejor elecci\u00f3n para regalos personalizados y marcas artesanales.<\/p>\n<h4 id=\"beyond-metal-exploring-all-opportunities-\">M\u00e1s all\u00e1 del metal: Explorando todas las oportunidades.<\/h4>\n<p>Aunque el lujo cl\u00e1sico de nuestras etiquetas de acero dorado es nuestra oferta emblem\u00e1tica, somos conscientes de que diversos trabajos exigen productos diferentes. Para adaptarnos totalmente a sus innovadoras necesidades, tambi\u00e9n ofrecemos la creaci\u00f3n de etiquetas personalizadas en acr\u00edlico de primera calidad. El acr\u00edlico es una opci\u00f3n ligera, flexible y viva, ideal para proyectos en los que el peso es una preocupaci\u00f3n o en los que se desea un toque de color din\u00e1mico.<\/p>\n<h4 id=\"a-smooth-personalization-experience-\">Una experiencia de personalizaci\u00f3n fluida.<\/h4>\n<p>Dar vida a su visi\u00f3n es nuestro entusiasmo. Nuestro proceso de maquetaci\u00f3n es conjunto y sin complicaciones:.<\/p>\n<ol>\n<li><strong>Comparta su visi\u00f3n:\u00a0<\/strong>Facil\u00edtenos el dise\u00f1o de su logotipo, texto, fuente elegida o principio de dise\u00f1o.<\/li>\n<li><strong>Elige tus especificaciones:\u00a0<\/strong>Seleccione el producto recomendado (acero o acr\u00edlico), el acabado, la dimensi\u00f3n, la forma y el dise\u00f1o de los accesorios (agujeros, aspilleras, etc.).<\/li>\n<li><strong>Apruebe su dise\u00f1o:\u00a0<\/strong>Sin duda crearemos una prueba electr\u00f3nica para su revisi\u00f3n, asegur\u00e1ndonos de que toda la informaci\u00f3n es la mejor antes de que comience la producci\u00f3n.<\/li>\n<li><strong>Reciba su obra maestra:\u00a0<\/strong>Elaboramos meticulosamente sus etiquetas personalizadas y se las entregamos preparadas para embellecer sus creaciones.<\/li>\n<\/ol>\n<h4 id=\"the-last-word-in-high-quality-\">La \u00faltima palabra en alta calidad.<\/h4>\n<p>Su marca merece algo m\u00e1s que una etiqueta impresa. Sus regalos merecen algo m\u00e1s que una tarjeta no reutilizable. Nuestras etiquetas personalizadas de acero dorado de alta calidad son una inversi\u00f3n econ\u00f3mica en comprensi\u00f3n, una dedicaci\u00f3n a la m\u00e1xima calidad y un acto de identidad. Son la peque\u00f1a informaci\u00f3n que hace la mayor distinci\u00f3n.<\/p>\n<p>Perm\u00edtanos ayudarle a dejar su huella. P\u00f3ngase en contacto con nuestro grupo hoy mismo para empezar a crear la etiqueta personalizada que contar\u00e1 su historia durante a\u00f1os. Convierta lo normal en extraordinario y deje que brille su m\u00e1xima calidad.<\/p>","protected":false},"excerpt":{"rendered":"<p>Eleve su marca con nuestras etiquetas met\u00e1licas doradas personalizadas de alta calidad. Perfectas para a\u00f1adir un acabado profesional de alta gama a prendas de vestir, bolsos y accesorios. Elija entre elegantes estilos grabados o modernos estilos recortados para mostrar perfectamente su logotipo. Duraderas, sofisticadas y bellamente elaboradas.<\/p>","protected":false},"featured_media":1349,"template":"","meta":{"_kad_post_transparent":"default","_kad_post_title":"","_kad_post_layout":"default","_kad_post_sidebar_id":"","_kad_post_content_style":"default","_kad_post_vertical_padding":"default","_kad_post_feature":"","_kad_post_feature_position":"","_kad_post_header":false,"_kad_post_footer":false,"_kad_post_classname":""},"product_brand":[],"product_cat":[18],"product_tag":[51],"class_list":{"0":"post-1346","1":"product","2":"type-product","3":"status-publish","4":"has-post-thumbnail","6":"product_cat-custom-acrylic-signs","7":"product_tag-custom-acrylic-signs","9":"first","10":"instock","11":"shipping-taxable","12":"product-type-simple","13":"entry","14":"content-bg","15":"loop-entry"},"_links":{"self":[{"href":"https:\/\/customacrylicproduct.com\/es\/wp-json\/wp\/v2\/product\/1346","targetHints":{"allow":["GET"]}}],"collection":[{"href":"https:\/\/customacrylicproduct.com\/es\/wp-json\/wp\/v2\/product"}],"about":[{"href":"https:\/\/customacrylicproduct.com\/es\/wp-json\/wp\/v2\/types\/product"}],"wp:featuredmedia":[{"embeddable":true,"href":"https:\/\/customacrylicproduct.com\/es\/wp-json\/wp\/v2\/media\/1349"}],"wp:attachment":[{"href":"https:\/\/customacrylicproduct.com\/es\/wp-json\/wp\/v2\/media?parent=1346"}],"wp:term":[{"taxonomy":"product_brand","embeddable":true,"href":"https:\/\/customacrylicproduct.com\/es\/wp-json\/wp\/v2\/product_brand?post=1346"},{"taxonomy":"product_cat","embeddable":true,"href":"https:\/\/customacrylicproduct.com\/es\/wp-json\/wp\/v2\/product_cat?post=1346"},{"taxonomy":"product_tag","embeddable":true,"href":"https:\/\/customacrylicproduct.com\/es\/wp-json\/wp\/v2\/product_tag?post=1346"}],"curies":[{"name":"wp","href":"https:\/\/api.w.org\/{rel}","templated":true}]}}