{"id":1360,"date":"2025-07-21T01:38:16","date_gmt":"2025-07-21T01:38:16","guid":{"rendered":"https:\/\/customacrylicproduct.com\/?post_type=product&#038;p=1360"},"modified":"2025-07-21T01:38:16","modified_gmt":"2025-07-21T01:38:16","slug":"high-borosilicate-acrylic-rod-diameter-glass-stirring-rod","status":"publish","type":"product","link":"https:\/\/customacrylicproduct.com\/es\/high-borosilicate-acrylic-rod-diameter-glass-stirring-rod\/","title":{"rendered":"Varilla de agitaci\u00f3n de vidrio acr\u00edlico de alto di\u00e1metro de borosilicato"},"content":{"rendered":"<h3 id=\"unlock-a-globe-of-creative-thinking-the-ultimate-gift-of-costs-threaded-polymer-rods\">Desbloquea un Globo de Pensamiento Creativo: El Regalo Definitivo de Costes Varillas de Pol\u00edmero Roscadas<\/h3>\n<p>En el planeta del dise\u00f1o, la fabricaci\u00f3n y el avance, la calidad de los materiales determina el l\u00edmite de su creatividad. Para el creador cr\u00edtico, el fan\u00e1tico apasionado del \"h\u00e1galo usted mismo\", el dise\u00f1ador profesional o el aficionado especializado de su vida, descubrir un regalo que sea a la vez \u00fatil y motivador puede ser un obst\u00e1culo. Buscas algo que no sea simplemente una herramienta, sino un estimulante para su siguiente concepto excelente.<\/p>\n<p>Presentamos nuestro\u00a0<strong>Varillas acr\u00edlicas de rosca interior Premium\u00a0<\/strong>- una pieza avanzada creada para fusionar una est\u00e9tica notable con una funcionalidad robusta. Olv\u00eddese del enga\u00f1oso y molesto t\u00edtulo; no se trata de simples varillas agitadoras. Son la base innovadora para tareas que requieren estilo, resistencia y un toque de moderno resplandor. Esto es m\u00e1s que un art\u00edculo; es una invitaci\u00f3n a crear, un regalo ideal para cualquiera que vea el mundo en funci\u00f3n de lo que\u00a0<em>puede\u00a0<\/em>ser.<\/p>\n<p><img fetchpriority=\"high\" decoding=\"async\" class=\"size-full wp-image-1364\" src=\"https:\/\/customacrylicproduct.com\/wp-content\/uploads\/2025\/07\/Acrylic-Rod-4.jpg\" alt=\"Varilla acr\u00edlica (4)\" width=\"800\" height=\"800\" srcset=\"https:\/\/customacrylicproduct.com\/wp-content\/uploads\/2025\/07\/Acrylic-Rod-4.jpg 800w, https:\/\/customacrylicproduct.com\/wp-content\/uploads\/2025\/07\/Acrylic-Rod-4-300x300.jpg 300w, https:\/\/customacrylicproduct.com\/wp-content\/uploads\/2025\/07\/Acrylic-Rod-4-150x150.jpg 150w, https:\/\/customacrylicproduct.com\/wp-content\/uploads\/2025\/07\/Acrylic-Rod-4-768x768.jpg 768w, https:\/\/customacrylicproduct.com\/wp-content\/uploads\/2025\/07\/Acrylic-Rod-4-600x600.jpg 600w, https:\/\/customacrylicproduct.com\/wp-content\/uploads\/2025\/07\/Acrylic-Rod-4-100x100.jpg 100w\" sizes=\"(max-width: 800px) 100vw, 800px\" \/><\/p>\n<h4 id=\"the-essence-of-the-product-crystalline-quality-fulfills-unyielding-strength\">La esencia del producto: Calidad cristalina para una fuerza inquebrantable<\/h4>\n<p>A primera vista, estas varillas hipnotizan por su excelente apertura. Tienen una claridad \u00f3ptica equiparable a la del cristal pulido m\u00e1s fino, lo que permite que la luz pase a trav\u00e9s de ellas sin obst\u00e1culos, creando espectaculares impactos est\u00e9ticos de refracci\u00f3n y reflexi\u00f3n. Pero a diferencia del cristal, que es pesado y delicado, estas varas est\u00e1n fabricadas con acr\u00edlico de primera calidad (polimetacrilato de metilo, o PMMA), un producto conmemorado por sus excepcionales construcciones.<\/p>\n<ul>\n<li><strong>M\u00e1s ligeros y resistentes:\u00a0<\/strong>El acr\u00edlico aprovecha el encanto del vidrio sin su responsabilidad. Es mucho m\u00e1s ligero y presenta una resistencia al impacto mucho mayor, lo que lo hace mucho m\u00e1s seguro y flexible para una amplia gama de aplicaciones, desde mobiliario hasta complejas piezas de arte. Un proyecto construido con estos postes ser\u00e1 sin duda duradero y sencillo de manejar.<\/li>\n<li><strong>Durabilidad excepcional:\u00a0<\/strong>Nuestro acr\u00edlico est\u00e1 estabilizado frente a los rayos UV, lo que garantiza que no amarillear\u00e1 ni se volver\u00e1 fr\u00e1gil con el tiempo, ni siquiera cuando est\u00e9 expuesto a la luz solar. El aspecto inmaculado y transparente al agua perdurar\u00e1 durante muchos a\u00f1os, protegiendo la estabilidad y el atractivo de la creaci\u00f3n terminada.<\/li>\n<li><strong>Perfecto Completo:\u00a0<\/strong>Cada varilla se extrude con precisi\u00f3n y despu\u00e9s se mecaniza con pericia, lo que da lugar a una superficie completamente lisa al tacto. Los extremos se cortan y abrillantan para preservar la claridad \u00f3ptica hasta el extremo, ofreciendo una superficie sin juntas y experta desde todos los \u00e1ngulos.<\/li>\n<\/ul>\n<p><img decoding=\"async\" class=\"size-full wp-image-1363\" src=\"https:\/\/customacrylicproduct.com\/wp-content\/uploads\/2025\/07\/Acrylic-Rod-3.jpg\" alt=\"Varilla acr\u00edlica (3)\" width=\"800\" height=\"800\" srcset=\"https:\/\/customacrylicproduct.com\/wp-content\/uploads\/2025\/07\/Acrylic-Rod-3.jpg 800w, https:\/\/customacrylicproduct.com\/wp-content\/uploads\/2025\/07\/Acrylic-Rod-3-300x300.jpg 300w, https:\/\/customacrylicproduct.com\/wp-content\/uploads\/2025\/07\/Acrylic-Rod-3-150x150.jpg 150w, https:\/\/customacrylicproduct.com\/wp-content\/uploads\/2025\/07\/Acrylic-Rod-3-768x768.jpg 768w, https:\/\/customacrylicproduct.com\/wp-content\/uploads\/2025\/07\/Acrylic-Rod-3-600x600.jpg 600w, https:\/\/customacrylicproduct.com\/wp-content\/uploads\/2025\/07\/Acrylic-Rod-3-100x100.jpg 100w\" sizes=\"(max-width: 800px) 100vw, 800px\" \/><\/p>\n<h4 id=\"the-core-advancement-accuracy-internal-threading\">El avance fundamental: Roscado interior de precisi\u00f3n<\/h4>\n<p>Lo que realmente hace que estas barras acr\u00edlicas pasen de ser un simple producto de stock a un elemento de estilo indispensable es el\u00a0<strong>roscado interior mecanizado de precisi\u00f3n\u00a0<\/strong>en cada extremo. Esta \u00fanica caracter\u00edstica abre un mundo de modularidad y seguridad en la construcci\u00f3n que es simplemente dif\u00edcil de conseguir con varillas est\u00e1ndar.<\/p>\n<ul>\n<li><strong>V\u00ednculos invisibles y bien fundados:\u00a0<\/strong>Diga adi\u00f3s a los inc\u00f3modos tirantes exteriores, a los desagradables adhesivos y a los equipos visibles que desvirt\u00faan las l\u00edneas limpias del dise\u00f1o. Los tirantes interiores permiten que los tornillos, tuercas y otros puertos roscados se asienten firme y discretamente dentro del propio poste. De este modo se consiguen uniones potentes y portantes que pr\u00e1cticamente no se ven, lo que da lugar a una est\u00e9tica \u201ca la deriva\u201d o minimalista muy demandada en el dise\u00f1o actual.<\/li>\n<li><strong>Modularidad sin l\u00edmites:\u00a0<\/strong>El roscado estandarizado anima a los dise\u00f1adores a crear de forma modular. Los postes pueden unirse de extremo a extremo para conseguir mayores tama\u00f1os, unirse en \u00e1ngulos mediante tirantes hechos a medida o fijarse directamente a superficies como madera, acero o roca. Los proyectos pueden construirse, desmontarse, reconfigurarse o fijarse c\u00f3modamente, con un grado de adaptabilidad que insta a probarlos.<\/li>\n<li><strong>Adaptabilidad sin rival:\u00a0<\/strong>Esta sencilla pero fant\u00e1stica opci\u00f3n de ingenier\u00eda convierte la varilla en un puerto global, una pata duradera, un elegante soporte, un robusto separador o un aspecto estructural de un conjunto mayor. Las posibles aplicaciones solo est\u00e1n limitadas por la imaginaci\u00f3n.<\/li>\n<\/ul>\n<p><img decoding=\"async\" class=\"size-full wp-image-1362\" src=\"https:\/\/customacrylicproduct.com\/wp-content\/uploads\/2025\/07\/Acrylic-Rod-2.jpg\" alt=\"Varilla acr\u00edlica (2)\" width=\"800\" height=\"800\" srcset=\"https:\/\/customacrylicproduct.com\/wp-content\/uploads\/2025\/07\/Acrylic-Rod-2.jpg 800w, https:\/\/customacrylicproduct.com\/wp-content\/uploads\/2025\/07\/Acrylic-Rod-2-300x300.jpg 300w, https:\/\/customacrylicproduct.com\/wp-content\/uploads\/2025\/07\/Acrylic-Rod-2-150x150.jpg 150w, https:\/\/customacrylicproduct.com\/wp-content\/uploads\/2025\/07\/Acrylic-Rod-2-768x768.jpg 768w, https:\/\/customacrylicproduct.com\/wp-content\/uploads\/2025\/07\/Acrylic-Rod-2-600x600.jpg 600w, https:\/\/customacrylicproduct.com\/wp-content\/uploads\/2025\/07\/Acrylic-Rod-2-100x100.jpg 100w\" sizes=\"(max-width: 800px) 100vw, 800px\" \/><\/p>\n<h4 id=\"a-canvas-for-imagination-limitless-applications\">Un lienzo para la imaginaci\u00f3n: Aplicaciones ilimitadas<\/h4>\n<p>Presentar estos polos es regalar potencial. A continuaci\u00f3n presentamos algunos de los extraordinarios proyectos que pueden hacer realidad:<\/p>\n<p><strong>Para el dise\u00f1ador de mobiliario moderno y el aficionado al bricolaje:\u00a0<\/strong>. Visualice una mesa de centro minimalista en la que la tapa de madera o cristal aparece flotando ingr\u00e1vida sobre 4 patas cristalinas. Fotograf\u00ede una estanter\u00eda con soportes \u201cinvisibles\u201d, desarrollando un aspecto aireado y limpio. Estas varillas son excelentes como:.<\/p>\n<ul>\n<li><strong>Patas de mesas y armarios:\u00a0<\/strong>Proporcionan un soporte resistente y elegante para mesas auxiliares, consolas multimedia y armarios de presentaci\u00f3n.<\/li>\n<li><strong>Tiradores de armario:\u00a0<\/strong>Desarrolle herrajes personalizados de alta gama que a\u00f1adan un toque especial y extravagante a cualquier tipo de mueble.<\/li>\n<li><strong>Separadores para estanter\u00edas a la deriva:\u00a0<\/strong>Monte estanter\u00edas en una superficie de pared con un vac\u00edo limpio y contempor\u00e1neo.<\/li>\n<\/ul>\n<p><strong>Para el m\u00fasico, el tallista y el artesano:\u00a0<\/strong>. Estos postes son una herramienta de ensue\u00f1o para los artistas que colaboran con la luz y el espacio. Se pueden utilizar para construir esculturas cin\u00e9ticas, instalaciones de luz o armazones estructurales que se divierten con la comprensi\u00f3n.<\/p>\n<ul>\n<li><strong>Luces:\u00a0<\/strong>Construye una l\u00e1mpara de ara\u00f1a o colgante a medida, utilizando las varillas como redes para tiras de LED o como difusores que dispersen la luz en atractivos patrones.<\/li>\n<li><strong>Instalaciones art\u00edsticas:\u00a0<\/strong>Desarrollar espectaculares estructuras geom\u00e9tricas o armaduras para esculturas de t\u00e9cnica mixta en las que el grupo soporte pertenezca al propio arte.<\/li>\n<li><strong>Exposiciones en tiendas y galer\u00edas:\u00a0<\/strong>Dise\u00f1e instalaciones de calidad muse\u00edstica para artefactos, soportes para objetos o sofisticados soportes para carteles que realcen el objeto expuesto en lugar de distraer su atenci\u00f3n.<\/li>\n<\/ul>\n<p><strong>Para los aficionados y entusiastas de la tecnolog\u00eda:\u00a0<\/strong>. La resistencia y la naturaleza no conductora del acr\u00edlico hacen que estas varillas sean ideales para tareas t\u00e9cnicas.<\/p>\n<ul>\n<li><strong>Situaciones inform\u00e1ticas personalizadas:\u00a0<\/strong>Desarrollar marcos internos especiales o componentes ornamentales externos para el desarrollo de un sistema inform\u00e1tico de gama alta.<\/li>\n<li><strong>Rob\u00f3tica y creaci\u00f3n de prototipos:\u00a0<\/strong>Util\u00edcelos como piezas arquitect\u00f3nicas ligeras, s\u00f3lidas y c\u00f3modamente mecanizables para brazos rob\u00f3ticos, estructuras o unidades sensoras.<\/li>\n<\/ul>\n<h4 id=\"the-perfect-gift-for-the-developer-in-your-life-\">El regalo perfecto para el desarrollador de su vida<\/h4>\n<p>\u00bfPor qu\u00e9 estos postes acr\u00edlicos con rosca son un regalo tan considerado e impactante?<\/p>\n<ol>\n<li><strong>Habla su idioma:\u00a0<\/strong>Ofrecer este art\u00edculo revela que comprendes su entusiasmo por desarrollar, desarrollar y construir. Es un regalo que reconoce y apoya su impulso creativo.<\/li>\n<li><strong>Es una caja de potencial:\u00a0<\/strong>No se trata s\u00f3lo de un juego de bastones, sino de las piezas b\u00e1sicas para su pr\u00f3xima docena de conceptos. Es un regalo que utilizar\u00e1n, apreciar\u00e1n y transformar\u00e1n en algo nuevo e interesante.<\/li>\n<li><strong>Es \u00fanico y de alta calidad:\u00a0<\/strong>No se trata de un dispositivo com\u00fan que pueda descubrirse en cualquier ferreter\u00eda. Es un componente especializado y de alta calidad que un dise\u00f1ador identificar\u00e1 r\u00e1pidamente como algo \u00fanico y profundamente \u00fatil.<\/li>\n<\/ol>\n<p>Disponibles en varias longitudes, estos bastones pueden mezclarse y combinarse para adaptarse a cualquier escala de proyecto. Cada uno de ellos es un testimonio de calidad, desde su nitidez sin burbujas hasta sus hilos perfectamente cortados.<\/p>\n<p>Regale potencial puro. Ofrezca el regalo de un estilo extraordinario.\u00a0<strong>Pida hoy mismo una colecci\u00f3n de Barras acr\u00edlicas con rosca interior Costs\u00a0<\/strong>y vea c\u00f3mo la mente imaginativa de su vida transforma estos componentes bellos y flexibles en una obra maestra.<\/p>","protected":false},"excerpt":{"rendered":"<p class=\"ng-star-inserted\"><span class=\"ng-star-inserted\">Varillas acr\u00edlicas duraderas y cristalinas con extremos roscados internamente. Perfectas como separadores, conectores, patas o asas para proyectos de bricolaje, muebles y expositores. Estas varillas vers\u00e1tiles proporcionan una conexi\u00f3n fuerte con un aspecto elegante y moderno. Disponibles en varias longitudes para adaptarse a sus necesidades.<\/span><\/p>","protected":false},"featured_media":1364,"template":"","meta":{"_kad_post_transparent":"default","_kad_post_title":"","_kad_post_layout":"default","_kad_post_sidebar_id":"","_kad_post_content_style":"default","_kad_post_vertical_padding":"default","_kad_post_feature":"","_kad_post_feature_position":"","_kad_post_header":false,"_kad_post_footer":false,"_kad_post_classname":""},"product_brand":[],"product_cat":[23],"product_tag":[63],"class_list":{"0":"post-1360","1":"product","2":"type-product","3":"status-publish","4":"has-post-thumbnail","6":"product_cat-custom-acrylic-rods-tubes","7":"product_tag-acrylic-rods","9":"first","10":"instock","11":"shipping-taxable","12":"product-type-simple","13":"entry","14":"content-bg","15":"loop-entry"},"_links":{"self":[{"href":"https:\/\/customacrylicproduct.com\/es\/wp-json\/wp\/v2\/product\/1360","targetHints":{"allow":["GET"]}}],"collection":[{"href":"https:\/\/customacrylicproduct.com\/es\/wp-json\/wp\/v2\/product"}],"about":[{"href":"https:\/\/customacrylicproduct.com\/es\/wp-json\/wp\/v2\/types\/product"}],"wp:featuredmedia":[{"embeddable":true,"href":"https:\/\/customacrylicproduct.com\/es\/wp-json\/wp\/v2\/media\/1364"}],"wp:attachment":[{"href":"https:\/\/customacrylicproduct.com\/es\/wp-json\/wp\/v2\/media?parent=1360"}],"wp:term":[{"taxonomy":"product_brand","embeddable":true,"href":"https:\/\/customacrylicproduct.com\/es\/wp-json\/wp\/v2\/product_brand?post=1360"},{"taxonomy":"product_cat","embeddable":true,"href":"https:\/\/customacrylicproduct.com\/es\/wp-json\/wp\/v2\/product_cat?post=1360"},{"taxonomy":"product_tag","embeddable":true,"href":"https:\/\/customacrylicproduct.com\/es\/wp-json\/wp\/v2\/product_tag?post=1360"}],"curies":[{"name":"wp","href":"https:\/\/api.w.org\/{rel}","templated":true}]}}