{"id":1365,"date":"2025-07-21T01:49:32","date_gmt":"2025-07-21T01:49:32","guid":{"rendered":"https:\/\/customacrylicproduct.com\/?post_type=product&#038;p=1365"},"modified":"2025-07-21T01:49:32","modified_gmt":"2025-07-21T01:49:32","slug":"custom-clear-acrylic-plastic-square-cube-acrylic-box","status":"publish","type":"product","link":"https:\/\/customacrylicproduct.com\/es\/custom-clear-acrylic-plastic-square-cube-acrylic-box\/","title":{"rendered":"Caja acr\u00edlica cuadrada de pl\u00e1stico acr\u00edlico transparente personalizada"},"content":{"rendered":"<h3 id=\"the-junction-of-art-and-energy-presenting-the-custom-polymer-box\">La uni\u00f3n del arte y la energ\u00eda: Presentaci\u00f3n de la caja de pol\u00edmero personalizada<\/h3>\n<p>En un mundo saturado de lo ordinario, solemos pasar por alto los peque\u00f1os detalles que conforman nuestra experiencia cotidiana. Aceptamos lo funcional tal y como es, sin imaginarnos que podr\u00eda ser mucho m\u00e1s. Pensemos en una simple caja de pa\u00f1uelos: una necesidad siempre presente en nuestros hogares, oficinas y salas de espera, pero generalmente oculta en un cart\u00f3n endeble y conocido que choca con nuestra cuidada est\u00e9tica. \u00bfQu\u00e9 pasar\u00eda si este objeto cotidiano dejara de ser un simple objeto est\u00e9tico y se convirtiera en una pieza de arte moderno?<\/p>\n<p>Le invitamos a reimaginar lo habitual con nuestro\u00a0<strong>Dados cuadrados de pl\u00e1stico pol\u00edmero transparente personalizados Caja acr\u00edlica\u00a0<\/strong>. No se trata s\u00f3lo de un contenedor, sino de un objeto de expresi\u00f3n, una ruptura de fuerza y un testimonio de la idea de que incluso los productos m\u00e1s funcionales deben ser encantadores. Fabricada con precisi\u00f3n y dise\u00f1ada con un ojo minimalista, esta caja convierte la funci\u00f3n en una forma de expresi\u00f3n personal.<\/p>\n<p><img fetchpriority=\"high\" decoding=\"async\" class=\"size-full wp-image-1367\" src=\"https:\/\/customacrylicproduct.com\/wp-content\/uploads\/2025\/07\/Acrylic-Box-3-2.jpg\" alt=\"Caja acr\u00edlica 3\" width=\"1000\" height=\"1000\" srcset=\"https:\/\/customacrylicproduct.com\/wp-content\/uploads\/2025\/07\/Acrylic-Box-3-2.jpg 1000w, https:\/\/customacrylicproduct.com\/wp-content\/uploads\/2025\/07\/Acrylic-Box-3-2-300x300.jpg 300w, https:\/\/customacrylicproduct.com\/wp-content\/uploads\/2025\/07\/Acrylic-Box-3-2-150x150.jpg 150w, https:\/\/customacrylicproduct.com\/wp-content\/uploads\/2025\/07\/Acrylic-Box-3-2-768x768.jpg 768w, https:\/\/customacrylicproduct.com\/wp-content\/uploads\/2025\/07\/Acrylic-Box-3-2-600x600.jpg 600w, https:\/\/customacrylicproduct.com\/wp-content\/uploads\/2025\/07\/Acrylic-Box-3-2-100x100.jpg 100w\" sizes=\"(max-width: 1000px) 100vw, 1000px\" \/><\/p>\n<h4 id=\"a-harmony-of-color-and-light\">Armon\u00eda de color y luz<\/h4>\n<p>Lo primero que llama la atenci\u00f3n es el tono: un naranja vibrante, luminoso y transparente. No se trata de un tono plano y opaco, sino de una tonalidad viva que interact\u00faa con el entorno. Fabricada con acr\u00edlico fluorescente de \u00faltima generaci\u00f3n, la caja no se limita a estar en un espacio; regula la atenci\u00f3n. Colocada cerca de una ventana de casa, capta la luz del sol de la ma\u00f1ana, proyectando un resplandor c\u00e1lido y lleno de energ\u00eda por todas sus superficies. Bajo iluminaci\u00f3n interior, sus bordes parecen emitir una luz interna, creando un magn\u00edfico efecto est\u00e9tico que es a la vez contempor\u00e1neo y l\u00fadico.<\/p>\n<p>Este naranja vibrante es un gui\u00f1o a las modas de estilo contempor\u00e1neas, desde la actividad pop-art hasta la actual ola de \u201cdecoraci\u00f3n dopamina\u201d, que se concentra en utilizar la sombra para evocar placer y positividad. Es una selecci\u00f3n certera que puede funcionar como acento espectacular en una zona de tonos neutros o realzar un interior actualmente atrevido y diverso. La claridad a\u00f1ade una capa de elegancia, que permite ver los componentes de su interior -ya sea el estampado de un paquete de pa\u00f1uelos o la vibrante colecci\u00f3n de cosas que elijas para guardar- produciendo una intrigante interacci\u00f3n de formas y oscuridad.<\/p>\n<p><img decoding=\"async\" class=\"size-full wp-image-1366\" src=\"https:\/\/customacrylicproduct.com\/wp-content\/uploads\/2025\/07\/Acrylic-Box-2-2.jpg\" alt=\"Caja acr\u00edlica 2\" width=\"1000\" height=\"1000\" srcset=\"https:\/\/customacrylicproduct.com\/wp-content\/uploads\/2025\/07\/Acrylic-Box-2-2.jpg 1000w, https:\/\/customacrylicproduct.com\/wp-content\/uploads\/2025\/07\/Acrylic-Box-2-2-300x300.jpg 300w, https:\/\/customacrylicproduct.com\/wp-content\/uploads\/2025\/07\/Acrylic-Box-2-2-150x150.jpg 150w, https:\/\/customacrylicproduct.com\/wp-content\/uploads\/2025\/07\/Acrylic-Box-2-2-768x768.jpg 768w, https:\/\/customacrylicproduct.com\/wp-content\/uploads\/2025\/07\/Acrylic-Box-2-2-600x600.jpg 600w, https:\/\/customacrylicproduct.com\/wp-content\/uploads\/2025\/07\/Acrylic-Box-2-2-100x100.jpg 100w\" sizes=\"(max-width: 1000px) 100vw, 1000px\" \/><\/p>\n<h4 id=\"impressive-style-and-masterful-workmanship\">Estilo impresionante y mano de obra magistral<\/h4>\n<p>M\u00e1s all\u00e1 de su llamativo color, la disposici\u00f3n de esta caja acr\u00edlica habla de una filosof\u00eda de refinada sencillez. Su construcci\u00f3n es una maravilla de la ingenier\u00eda de precisi\u00f3n. Cada panel est\u00e1 cortado con l\u00e1ser para su mejor colocaci\u00f3n, presenta l\u00edneas limpias y \u00e1ngulos n\u00edtidos y geom\u00e9tricos que le confieren una cualidad arquitect\u00f3nica. El creativo dise\u00f1o entrelazado, perceptible en los bordes, no es s\u00f3lo un aspecto arquitect\u00f3nico que aporta estabilidad, sino tambi\u00e9n un sutil detalle decorativo que resalta la calidad de su construcci\u00f3n.<\/p>\n<p>El material en s\u00ed, conocido normalmente por marcas como Plexiglas o Lucite, se elige por sus cualidades superiores. Proporciona la apertura cristalina del cristal sin la delicadeza. Este acr\u00edlico es resistente a las roturas, lo que lo convierte en una opci\u00f3n m\u00e1s segura y duradera para hogares ajetreados y espacios industriales muy transitados. Es ligero y a la vez sustancial, y se siente realmente s\u00f3lido y costoso en las manos. Las superficies est\u00e1n abrillantadas hasta conseguir una superficie impecable y brillante, suave al tacto e incre\u00edblemente f\u00e1cil de mantener. Una simple limpieza con un pa\u00f1o suave es todo lo que se necesita para mantener su aspecto hermoso, sin el polvo que se adhiere a las cubiertas textiles o los da\u00f1os por agua que arruinan el cart\u00f3n.<\/p>\n<p>El rendimiento se incorpora sin esfuerzo al dise\u00f1o. La tapa, con una elegante abertura oblonga, permite dispensar f\u00e1cilmente los pa\u00f1uelos de papel. Como se muestra en las fotos, la tapa se quita totalmente, haciendo que la reposici\u00f3n sea una tarea r\u00e1pida y sencilla. El dise\u00f1o se adapta a los paquetes b\u00e1sicos de celdas rectangulares y cuadradas m\u00e1s peque\u00f1as, lo que garantiza la flexibilidad necesaria.<\/p>\n<figure id=\"attachment_1369\" aria-describedby=\"caption-attachment-1369\" style=\"width: 1000px\" class=\"wp-caption aligncenter\"><img decoding=\"async\" class=\"size-full wp-image-1369\" src=\"https:\/\/customacrylicproduct.com\/wp-content\/uploads\/2025\/07\/Acrylic-Box.jpg\" alt=\"Caja acr\u00edlica\" width=\"1000\" height=\"1000\" srcset=\"https:\/\/customacrylicproduct.com\/wp-content\/uploads\/2025\/07\/Acrylic-Box.jpg 1000w, https:\/\/customacrylicproduct.com\/wp-content\/uploads\/2025\/07\/Acrylic-Box-300x300.jpg 300w, https:\/\/customacrylicproduct.com\/wp-content\/uploads\/2025\/07\/Acrylic-Box-150x150.jpg 150w, https:\/\/customacrylicproduct.com\/wp-content\/uploads\/2025\/07\/Acrylic-Box-768x768.jpg 768w, https:\/\/customacrylicproduct.com\/wp-content\/uploads\/2025\/07\/Acrylic-Box-600x600.jpg 600w, https:\/\/customacrylicproduct.com\/wp-content\/uploads\/2025\/07\/Acrylic-Box-100x100.jpg 100w\" sizes=\"(max-width: 1000px) 100vw, 1000px\" \/><figcaption id=\"caption-attachment-1369\" class=\"wp-caption-text\">Caja acr\u00edlicaCaja de c\u00e9lulas: Un mundo de oportunidades<\/figcaption><\/figure>\n<p>Aunque destaca como elegante dispensador de pa\u00f1uelos de papel, limitar este art\u00edculo a una \u00fanica funci\u00f3n ser\u00eda sin duda subestimar sus posibilidades. Su comodidad fundamental lo convierte en una herramienta comercial vital para cada habitaci\u00f3n.<\/p>\n<ul>\n<li><strong>En la oficina:\u00a0<\/strong>Cambie su mesa de trabajo de desordenada a ordenada. Util\u00edcelo para guardar bol\u00edgrafos, rotuladores fluorescentes, notas adhesivas o tarjetas de visita. Su vibrante visibilidad puede disparar la imaginaci\u00f3n y aportar un toque de dise\u00f1o personal a su \u00e1rea profesional.<\/li>\n<li><strong>En el lavabo:\u00a0<\/strong>Convierta su tocador en un refugio tipo spa. Es el mejor recipiente impermeable para bolas de algod\u00f3n, bastoncillos de algod\u00f3n, almohadillas desmaquillantes o jabones para invitados. La superficie f\u00e1cil de limpiar lo hace \u00f3ptimo para un ambiente h\u00famedo.<\/li>\n<li><strong>En la sala:\u00a0<\/strong>Mantenga su mesilla de noche o armario ordenado y a la moda. Puede albergar sus joyas preciosas del d\u00eda a d\u00eda, relojes, cables de facturaci\u00f3n o incluso los mandos a distancia que siempre parecen desvanecerse.<\/li>\n<li><strong>En la entrada:\u00a0<\/strong>Producir un \u201c\u00e1rea de disminuci\u00f3n\u201d asignado para trucos, tratar con m\u00e1scaras, o dinero de bolsillo, la transformaci\u00f3n de un minuto de transici\u00f3n a la derecha en una peque\u00f1a satisfacci\u00f3n, organizado.<\/li>\n<\/ul>\n<h4 id=\"the-power-of-personalization-a-genuinely-individual-present\">El poder de la personalizaci\u00f3n: Un regalo genuinamente individual<\/h4>\n<p>La palabra \u201cPersonalized\u201d en su nombre es una promesa de personalizaci\u00f3n. Las im\u00e1genes muestran 2 dimensiones diferentes, mostrando la flexibilidad del dise\u00f1o para adaptarse a numerosas exigencias. Pero la personalizaci\u00f3n va mucho m\u00e1s all\u00e1, haciendo de esta caja acr\u00edlica el regalo ideal para cualquier tipo de evento.<\/p>\n<ul>\n<li><strong>Para el hogar:\u00a0<\/strong>Imag\u00ednese esta caja grabada con el monograma de un miembro de la familia como regalo de inauguraci\u00f3n. O, para un amigo al que le encante una combinaci\u00f3n de colores determinada, pregunte por las opciones de tonos personalizados para crear una pieza que sea inconfundiblemente suya.<\/li>\n<li><strong>Para el experto:\u00a0<\/strong>Se trata de un extraordinario regalo de empresa. Se puede grabar con elegancia el logotipo de una empresa en el lateral, convirti\u00e9ndolo en un sofisticado art\u00edculo de primera calidad para las oficinas de los clientes, las salas de descanso o los mostradores de recepci\u00f3n. Se trata de un regalo que es a la vez \u00fatil y una sugerencia coherente y moderna de su marca.<\/li>\n<li><strong>Para cualquier tipo de celebraci\u00f3n:\u00a0<\/strong>Ya sea para un cumplea\u00f1os, unas vacaciones o una moci\u00f3n de \u201caunque sea\u201d, esta caja es un regalo de dise\u00f1o y consideraci\u00f3n. Es para el amigo consciente del dise\u00f1o, el miembro de la familia perfectamente ordenado o cualquiera que aprecie las cosas que mezclan maravillosamente la amabilidad y la funcionalidad.<\/li>\n<\/ul>\n<h4 id=\"an-investment-in-vogue\">Una inversi\u00f3n en boga<\/h4>\n<p>En una cultura del cliente a menudo impulsada por lo no reutilizable, esta caja acr\u00edlica marca la diferencia. Es un art\u00edculo cl\u00e1sico y resistente hecho para ser utilizado y apreciado durante a\u00f1os. Es una inversi\u00f3n para mejorar su entorno, para deleitarse con los detalles y para rodearse de objetos que no s\u00f3lo son \u00fatiles, sino tambi\u00e9n realmente hermosos.<\/p>\n<p>Deja de esconder tus c\u00e9lulas. Deja de elegir espacios de almacenamiento mundanos. Marque la diferencia. Instilar su espacio con un estallido de color, un toque de belleza de hoy en d\u00eda, y un disparador de placer. Pida hoy mismo su caja acr\u00edlica transparente personalizada y descubra c\u00f3mo un objeto sencillo, desarrollado con atenci\u00f3n y fabricado con maestr\u00eda, puede cambiar por completo el aspecto de su hogar.<\/p>","protected":false},"excerpt":{"rendered":"<p>A\u00f1ade un vibrante toque de color con esta caja acr\u00edlica personalizada. Fabricada en resistente acr\u00edlico transl\u00facido de color naranja ne\u00f3n, es un elegante porta pa\u00f1uelos o una moderna soluci\u00f3n de almacenamiento. Su elegante dise\u00f1o geom\u00e9trico realza cualquier espacio. Disponible en varios tama\u00f1os para adaptarse a sus necesidades.<\/p>","protected":false},"featured_media":1366,"template":"","meta":{"_kad_post_transparent":"default","_kad_post_title":"","_kad_post_layout":"default","_kad_post_sidebar_id":"","_kad_post_content_style":"default","_kad_post_vertical_padding":"default","_kad_post_feature":"","_kad_post_feature_position":"","_kad_post_header":false,"_kad_post_footer":false,"_kad_post_classname":""},"product_brand":[],"product_cat":[17],"product_tag":[120],"class_list":{"0":"post-1365","1":"product","2":"type-product","3":"status-publish","4":"has-post-thumbnail","6":"product_cat-custom-acrylic-boxes","7":"product_tag-custom-acrylic-box","9":"first","10":"instock","11":"shipping-taxable","12":"product-type-simple","13":"entry","14":"content-bg","15":"loop-entry"},"_links":{"self":[{"href":"https:\/\/customacrylicproduct.com\/es\/wp-json\/wp\/v2\/product\/1365","targetHints":{"allow":["GET"]}}],"collection":[{"href":"https:\/\/customacrylicproduct.com\/es\/wp-json\/wp\/v2\/product"}],"about":[{"href":"https:\/\/customacrylicproduct.com\/es\/wp-json\/wp\/v2\/types\/product"}],"wp:featuredmedia":[{"embeddable":true,"href":"https:\/\/customacrylicproduct.com\/es\/wp-json\/wp\/v2\/media\/1366"}],"wp:attachment":[{"href":"https:\/\/customacrylicproduct.com\/es\/wp-json\/wp\/v2\/media?parent=1365"}],"wp:term":[{"taxonomy":"product_brand","embeddable":true,"href":"https:\/\/customacrylicproduct.com\/es\/wp-json\/wp\/v2\/product_brand?post=1365"},{"taxonomy":"product_cat","embeddable":true,"href":"https:\/\/customacrylicproduct.com\/es\/wp-json\/wp\/v2\/product_cat?post=1365"},{"taxonomy":"product_tag","embeddable":true,"href":"https:\/\/customacrylicproduct.com\/es\/wp-json\/wp\/v2\/product_tag?post=1365"}],"curies":[{"name":"wp","href":"https:\/\/api.w.org\/{rel}","templated":true}]}}