{"id":1370,"date":"2025-07-21T02:01:08","date_gmt":"2025-07-21T02:01:08","guid":{"rendered":"https:\/\/customacrylicproduct.com\/?post_type=product&#038;p=1370"},"modified":"2025-07-21T02:05:38","modified_gmt":"2025-07-21T02:05:38","slug":"custom-transparent-acrylic-sheets-chemical-resistant","status":"publish","type":"product","link":"https:\/\/customacrylicproduct.com\/es\/custom-transparent-acrylic-sheets-chemical-resistant\/","title":{"rendered":"Planchas acr\u00edlicas transparentes a medida Resistente a productos qu\u00edmicos"},"content":{"rendered":"<h3 id=\"-presents-for-custom-transparent-acrylic-sheets-the-ultimate-canvas-for-your-creative-imagination-and-love-\"><strong>Regalos para l\u00e1minas acr\u00edlicas transparentes personalizadas: El lienzo definitivo para su imaginaci\u00f3n creativa y su amor<\/strong><\/h3>\n<p>En un mundo saturado de modas pasajeras y art\u00edculos no reutilizables, la b\u00fasqueda del regalo excelente -uno que sea a la vez profundamente personal y perdurablemente bello- puede ser todo un reto. Buscamos algo que no s\u00f3lo comunique un mensaje, sino que adem\u00e1s acabe siendo un valioso recuerdo. Imag\u00ednese un producto que combine la excelente claridad luminosa del cristal con la resistencia duradera del dise\u00f1o moderno; un lienzo en blanco que pueda transformarse en una muestra de agradecimiento a medida, un icono empresarial de calidad o una preciada obra de arte.<\/p>\n<p>Estamos orgullosos de presentar nuestras l\u00e1minas y bloques acr\u00edlicos transparentes personalizados de primera calidad: el mejor medio para dar vida a sus conceptos de regalo m\u00e1s creativos. Como se aprecia en las im\u00e1genes, se trata de un producto de gran versatilidad. Comienza como una l\u00e1mina transparente perfecta, protegida por una sencilla pel\u00edcula de papel, que alberga una capacidad ilimitada en su inmaculada superficie. Gracias a una artesan\u00eda experta, se transforma en bloques sustanciosos y sofisticados con bordes pulidos con diamante que captan y refractan la luz, desarrollando un resultado visual impresionante que realza cualquier tipo de dise\u00f1o grabado en su interior o sobre \u00e9l. Es algo m\u00e1s que pl\u00e1stico: es un portal para crear momentos extraordinarios y objetos eternos.<\/p>\n<p><img fetchpriority=\"high\" decoding=\"async\" class=\"aligncenter wp-image-1371 size-full\" src=\"https:\/\/customacrylicproduct.com\/wp-content\/uploads\/2025\/07\/Custom-Transparent-Acrylic-Sheets-1.jpg\" alt=\"Planchas acr\u00edlicas transparentes personalizadas (1)\" width=\"700\" height=\"700\" srcset=\"https:\/\/customacrylicproduct.com\/wp-content\/uploads\/2025\/07\/Custom-Transparent-Acrylic-Sheets-1.jpg 700w, https:\/\/customacrylicproduct.com\/wp-content\/uploads\/2025\/07\/Custom-Transparent-Acrylic-Sheets-1-300x300.jpg 300w, https:\/\/customacrylicproduct.com\/wp-content\/uploads\/2025\/07\/Custom-Transparent-Acrylic-Sheets-1-150x150.jpg 150w, https:\/\/customacrylicproduct.com\/wp-content\/uploads\/2025\/07\/Custom-Transparent-Acrylic-Sheets-1-600x600.jpg 600w, https:\/\/customacrylicproduct.com\/wp-content\/uploads\/2025\/07\/Custom-Transparent-Acrylic-Sheets-1-100x100.jpg 100w\" sizes=\"(max-width: 700px) 100vw, 700px\" \/><\/p>\n<h4 id=\"-unparalleled-optical-clarity-a-home-window-to-the-spirit-\"><strong>Claridad \u00f3ptica sin igual: Una ventana dom\u00e9stica al esp\u00edritu<\/strong><\/h4>\n<p>Lo primero que observar\u00e1 en nuestro pol\u00edmero es su impresionante claridad. Con una transmitancia de luz superior a 92%, supera tambi\u00e9n a la del cristal de m\u00e1xima calidad, proporcionando una visi\u00f3n b\u00e1sicamente an\u00e9mica y sin distorsiones. Esta pureza \u00f3ptica lo convierte en la elecci\u00f3n perfecta para bloques de fotos, permitiendo que las im\u00e1genes de los seres queridos irradien con un color y una profundidad vibrantes y fieles a la realidad. Cuando se utiliza para placas u honores personalizados, los dise\u00f1os de textos y logotipos aparecen a la deriva dentro del material, suspendidos en un estado de perfecta apertura. A diferencia del cristal, que a menudo tiene un color verdoso, nuestro acr\u00edlico garantiza que su mensaje y su arte existan exactamente como usted quiere: n\u00edtidos, limpios y extraordinariamente claros.<\/p>\n<p><img decoding=\"async\" class=\"size-full wp-image-1374\" src=\"https:\/\/customacrylicproduct.com\/wp-content\/uploads\/2025\/07\/Custom-Transparent-Acrylic-Sheets-4.jpg\" alt=\"L\u00e1minas acr\u00edlicas transparentes personalizadas (4)\" width=\"1024\" height=\"1024\" srcset=\"https:\/\/customacrylicproduct.com\/wp-content\/uploads\/2025\/07\/Custom-Transparent-Acrylic-Sheets-4.jpg 1024w, https:\/\/customacrylicproduct.com\/wp-content\/uploads\/2025\/07\/Custom-Transparent-Acrylic-Sheets-4-300x300.jpg 300w, https:\/\/customacrylicproduct.com\/wp-content\/uploads\/2025\/07\/Custom-Transparent-Acrylic-Sheets-4-150x150.jpg 150w, https:\/\/customacrylicproduct.com\/wp-content\/uploads\/2025\/07\/Custom-Transparent-Acrylic-Sheets-4-768x768.jpg 768w, https:\/\/customacrylicproduct.com\/wp-content\/uploads\/2025\/07\/Custom-Transparent-Acrylic-Sheets-4-600x600.jpg 600w, https:\/\/customacrylicproduct.com\/wp-content\/uploads\/2025\/07\/Custom-Transparent-Acrylic-Sheets-4-100x100.jpg 100w\" sizes=\"(max-width: 1024px) 100vw, 1024px\" \/><\/p>\n<h4 id=\"-the-power-of-infinite-personalization-\"><strong>El poder de la personalizaci\u00f3n infinita<\/strong><\/h4>\n<p>La verdadera magia de nuestro acr\u00edlico reside en su infinito potencial de personalizaci\u00f3n. No se trata de un producto est\u00e1ndar, sino de la estructura para su propio desarrollo. Tanto si es usted un particular que busca un regalo \u00fanico, como si es una empresa que quiere desarrollar productos de marca o un m\u00fasico que est\u00e1 probando nuevas herramientas, nuestras planchas acr\u00edlicas pueden personalizarse espec\u00edficamente seg\u00fan su visi\u00f3n.<\/p>\n<ul>\n<li><strong>Grabado y grabado por l\u00e1ser:\u00a0<\/strong>Desarrolle dise\u00f1os excepcionalmente descritos y duraderos. Grabe un mensaje sincero, un d\u00eda importante, un logotipo complejo o incluso un retrato completo en la superficie o dentro del propio bloque para conseguir un magn\u00edfico efecto 3D.<\/li>\n<li><strong>Corte y conformado de precisi\u00f3n:\u00a0<\/strong>Nuestro acr\u00edlico puede cortarse en pr\u00e1cticamente cualquier forma imaginable, desde las cl\u00e1sicas formas rectangulares y c\u00edrculos hasta formas complejas y letras personalizadas. Los bordes biselados y refinados que se ven en los bloques terminados son una prueba de la precisi\u00f3n que podemos conseguir.<\/li>\n<li><strong>Impresi\u00f3n UV a todo color:\u00a0<\/strong>Supere el grabado e imprima fotos y gr\u00e1ficos vibrantes a todo color directamente sobre la superficie acr\u00edlica. El resultado es un art\u00edculo duradero y de gran impacto que integra la profundidad del acr\u00edlico con el esplendor de una fotograf\u00eda.<\/li>\n<li><strong>Construcciones multicapa:\u00a0<\/strong>Integre l\u00e1minas de distintas densidades para desarrollar esculturas divididas, indicaciones o pantallas, incluyendo una nueva dimensi\u00f3n de profundidad y refinamiento a su proyecto.<\/li>\n<\/ul>\n<h4 id=\"-engineered-for-stamina-chemical-resistant-and-shatter-proof-\"><strong>Dise\u00f1ado para resistir: resistente a los productos qu\u00edmicos y a prueba de roturas<\/strong><\/h4>\n<p>Un regalo tiene que ser desarrollado para durar, un consejo a largo plazo de un minuto \u00fanico o logro. Nuestro acr\u00edlico est\u00e1 dise\u00f1ado precisamente para esta funci\u00f3n. Es mucho m\u00e1s resistente a los golpes que el cristal -hasta 17 veces m\u00e1s fuerte-, por lo que es pr\u00e1cticamente inastillable. Esta durabilidad lo convierte en una opci\u00f3n m\u00e1s segura y \u00fatil para hogares con ni\u00f1os, lugares de trabajo activos y entornos comerciales muy transitados.<\/p>\n<p>Adem\u00e1s, un atributo esencial de nuestro acr\u00edlico de costes es su notable\u00a0<strong>resistencia qu\u00edmica\u00a0<\/strong>. \u00bfQu\u00e9 significa esto para usted? Significa que su creaci\u00f3n personalizada est\u00e1 protegida contra la degradaci\u00f3n causada por los productos qu\u00edmicos habituales de la familia, limpiadores, aceites y anti\u00e1cidos. Un premio grabado en el escritorio de un director general no se ensombrecer\u00e1 ni amarillear\u00e1 con el tiempo. Un bloque de fotos acr\u00edlico personalizado en el sal\u00f3n puede limpiarse sin temor a da\u00f1ar la superficie. Un salpicadero de cocina hecho a medida resistir\u00e1 las manchas de comida y grasa, manteniendo su excelente claridad durante varios a\u00f1os. Esta durabilidad qu\u00edmica garantiza que su inversi\u00f3n econ\u00f3mica en una pieza hecha a medida estar\u00e1 protegida, y su belleza se mantendr\u00e1 intacta con el paso del tiempo.<\/p>\n<p><img decoding=\"async\" class=\"size-full wp-image-1372\" src=\"https:\/\/customacrylicproduct.com\/wp-content\/uploads\/2025\/07\/Custom-Transparent-Acrylic-Sheets-2.jpg\" alt=\"L\u00e1minas acr\u00edlicas transparentes personalizadas (2)\" width=\"750\" height=\"750\" srcset=\"https:\/\/customacrylicproduct.com\/wp-content\/uploads\/2025\/07\/Custom-Transparent-Acrylic-Sheets-2.jpg 750w, https:\/\/customacrylicproduct.com\/wp-content\/uploads\/2025\/07\/Custom-Transparent-Acrylic-Sheets-2-300x300.jpg 300w, https:\/\/customacrylicproduct.com\/wp-content\/uploads\/2025\/07\/Custom-Transparent-Acrylic-Sheets-2-150x150.jpg 150w, https:\/\/customacrylicproduct.com\/wp-content\/uploads\/2025\/07\/Custom-Transparent-Acrylic-Sheets-2-600x600.jpg 600w, https:\/\/customacrylicproduct.com\/wp-content\/uploads\/2025\/07\/Custom-Transparent-Acrylic-Sheets-2-100x100.jpg 100w\" sizes=\"(max-width: 750px) 100vw, 750px\" \/><\/p>\n<h4 id=\"-a-world-of-applications-from-personal-gifts-to-expert-statements-\"><strong>Un mundo de aplicaciones: De los regalos personales a las declaraciones periciales<\/strong><\/h4>\n<p>La comodidad de nuestro acr\u00edlico a medida lo hace apropiado para una ampl\u00edsima variedad de aplicaciones.<\/p>\n<p><strong>Para aut\u00e9nticos regalos individuales:\u00a0<\/strong>.<\/p>\n<ul>\n<li><strong>Bloques fotogr\u00e1ficos:\u00a0<\/strong>Celebre una boda, un aniversario o la foto de un familiar en un grueso bloque acr\u00edlico independiente que a\u00f1ade un toque moderno y elegante a cualquier decoraci\u00f3n.<\/li>\n<li><strong>Placas grabadas:\u00a0<\/strong>Celebra una graduaci\u00f3n universitaria, un nacimiento o un \u00e9xito \u00fanico con un mensaje personalizado grabado en una placa cristalina.<\/li>\n<li><strong>Llaveros y adornos personalizados:\u00a0<\/strong>Desarrolle peque\u00f1os s\u00edmbolos personalizados que aporten un significado especial.<\/li>\n<li><strong>Se\u00f1alizaci\u00f3n de bodas y eventos:\u00a0<\/strong>Dise\u00f1e sensacionales carteles de bienvenida, n\u00fameros de mesa y gr\u00e1ficos de asientos que emanan clase moderna.<\/li>\n<\/ul>\n<p><strong>Por la excelencia empresarial y la marca:<\/strong><\/p>\n<ul>\n<li><strong>Trofeos y premios a medida:\u00a0<\/strong>Reub\u00edquese m\u00e1s all\u00e1 de los estilos tradicionales y desarrolle honores especiales y de primera calidad que muestren absolutamente la marca de su empresa y la relevancia del logro.<\/li>\n<li><strong>Bloques de escritorio de marca:\u00a0<\/strong>Incluya el dise\u00f1o y el valor del logotipo de su empresa en un elegante y moderno pisapapeles o accesorio de escritorio para empleados y clientes.<\/li>\n<li><strong>Expositores para minoristas de gama alta:\u00a0<\/strong>Exponga productos de lujo, como bisuter\u00eda, relojes o cosm\u00e9ticos, en soportes acr\u00edlicos hechos a medida que realzan el art\u00edculo expuesto en lugar de distraer su atenci\u00f3n.<\/li>\n<li><strong>Vest\u00edbulo Se\u00f1alizaci\u00f3n:\u00a0<\/strong>Cause una primera impresi\u00f3n eficaz con una indicaci\u00f3n acr\u00edlica dimensional y elegante que incluya el nombre y el dise\u00f1o del logotipo de su empresa.<\/li>\n<\/ul>\n<p><strong>Para el m\u00fasico y el fan\u00e1tico del bricolaje:<\/strong><\/p>\n<ul>\n<li><strong>Superficie de pintura:\u00a0<\/strong>Utiliza la l\u00e1mina transparente como un lienzo distinto para la pintura inversa, creando una profundidad y un brillo incre\u00edbles.<\/li>\n<li><strong>Medio escult\u00f3rico:\u00a0<\/strong>Recorta, coloca en capas y une l\u00e1minas para desarrollar espectaculares esculturas abstractas o metaf\u00f3ricas que juegan con la luz y la transparencia.<\/li>\n<li><strong>Decoraci\u00f3n casera DIY:\u00a0<\/strong>Dise\u00f1e sus propias estanter\u00edas flotantes, marcos para fotos o, tal vez, peque\u00f1os tableros de mesa para conseguir un aspecto limpio y minimalista.<\/li>\n<\/ul>\n<h3 id=\"-your-vision-immortalized-in-acrylic-\"><strong>Su visi\u00f3n, inmortalizada en acr\u00edlico<\/strong><\/h3>\n<p>Nuestras l\u00e1minas acr\u00edlicas transparentes a medida representan la excelente sinergia de atractivo, resistencia y personalizaci\u00f3n. Proporcionan una pizarra vac\u00eda para su pensamiento creativo, una herramienta resistente para su mensaje y un material intemporal para sus recuerdos. Desde la l\u00e1mina en bruto y protegida hasta el producto final maravillosamente abrillantado, le ofrecemos la estructura para que cree algo realmente \u00fanico.<\/p>\n<p>No te decantes por lo habitual. Elija un regalo que sea tan claro como sus prop\u00f3sitos y tan duradero como sus opiniones. P\u00f3ngase en contacto con nosotros hoy mismo para hablar de su trabajo y perm\u00edtanos ayudarle a convertir una l\u00e1mina b\u00e1sica de acr\u00edlico en una extraordinaria obra maestra.<\/p>","protected":false},"excerpt":{"rendered":"<p class=\"ng-star-inserted\"><span class=\"ng-star-inserted\">L\u00e1minas acr\u00edlicas transparentes, duraderas y resistentes a los productos qu\u00edmicos. Cortadas a la medida y el grosor que necesite. Acabado pulido de alto brillo para un aspecto cristalino de primera calidad. Ideal para expositores, barreras de protecci\u00f3n y se\u00f1alizaci\u00f3n.<\/span><\/p>","protected":false},"featured_media":1371,"template":"","meta":{"_kad_post_transparent":"default","_kad_post_title":"","_kad_post_layout":"default","_kad_post_sidebar_id":"","_kad_post_content_style":"default","_kad_post_vertical_padding":"default","_kad_post_feature":"","_kad_post_feature_position":"","_kad_post_header":false,"_kad_post_footer":false,"_kad_post_classname":""},"product_brand":[],"product_cat":[24],"product_tag":[142],"class_list":{"0":"post-1370","1":"product","2":"type-product","3":"status-publish","4":"has-post-thumbnail","6":"product_cat-custom-acrylic-sheets","7":"product_tag-custom-transparent-acrylic-sheets","9":"first","10":"instock","11":"shipping-taxable","12":"product-type-simple","13":"entry","14":"content-bg","15":"loop-entry"},"_links":{"self":[{"href":"https:\/\/customacrylicproduct.com\/es\/wp-json\/wp\/v2\/product\/1370","targetHints":{"allow":["GET"]}}],"collection":[{"href":"https:\/\/customacrylicproduct.com\/es\/wp-json\/wp\/v2\/product"}],"about":[{"href":"https:\/\/customacrylicproduct.com\/es\/wp-json\/wp\/v2\/types\/product"}],"wp:featuredmedia":[{"embeddable":true,"href":"https:\/\/customacrylicproduct.com\/es\/wp-json\/wp\/v2\/media\/1371"}],"wp:attachment":[{"href":"https:\/\/customacrylicproduct.com\/es\/wp-json\/wp\/v2\/media?parent=1370"}],"wp:term":[{"taxonomy":"product_brand","embeddable":true,"href":"https:\/\/customacrylicproduct.com\/es\/wp-json\/wp\/v2\/product_brand?post=1370"},{"taxonomy":"product_cat","embeddable":true,"href":"https:\/\/customacrylicproduct.com\/es\/wp-json\/wp\/v2\/product_cat?post=1370"},{"taxonomy":"product_tag","embeddable":true,"href":"https:\/\/customacrylicproduct.com\/es\/wp-json\/wp\/v2\/product_tag?post=1370"}],"curies":[{"name":"wp","href":"https:\/\/api.w.org\/{rel}","templated":true}]}}