{"id":1382,"date":"2025-07-21T03:23:33","date_gmt":"2025-07-21T03:23:33","guid":{"rendered":"https:\/\/customacrylicproduct.com\/?post_type=product&#038;p=1382"},"modified":"2025-07-21T03:23:33","modified_gmt":"2025-07-21T03:23:33","slug":"acrylic-cosmetic-makeup-products-display-holder-wholesales","status":"publish","type":"product","link":"https:\/\/customacrylicproduct.com\/es\/acrylic-cosmetic-makeup-products-display-holder-wholesales\/","title":{"rendered":"Acr\u00edlico Productos Cosm\u00e9ticos Maquillaje Expositor Mayorista"},"content":{"rendered":"<h3 id=\"-the-apex-of-beauty-introducing-the-suisuale-gold-onyx-acrylic-aesthetic-present-owner-\"><strong>La c\u00faspide de la belleza: Presentamos el Regalo Est\u00e9tico Suisuale \u00ae Oro y \u00d3nix Acr\u00edlico Propietario<\/strong><\/h3>\n<p>En el asequible y visual mundo de los cosm\u00e9ticos, la conversaci\u00f3n no s\u00f3lo es esencial; lo es todo. El modo en que se muestra un producto es la primera conversaci\u00f3n que mantiene con un posible cliente. Menciona la calidad, la gama alta y el valor antes de que se abra una sola tapa. Nos complace presentarle una opci\u00f3n de exposici\u00f3n que no s\u00f3lo sostiene sus art\u00edculos, sino que los eleva a la categor\u00eda de obras de arte: El Suisuale \u00ae Gold &amp; Onyx Polymer Cosmetic Show Owner, ya disponible para pedidos al por mayor.<\/p>\n<p>Desarrollado para marcas de coste, minoristas exigentes y amantes del encanto, este expositor es una clase magistral de la alta gama moderna. Es m\u00e1s que un simple organizador; es una fase de ingenier\u00eda minuciosa desarrollada para captar la atenci\u00f3n, mejorar la identificaci\u00f3n de la marca y crear una experiencia extraordinaria en el punto de venta.<\/p>\n<p><img fetchpriority=\"high\" decoding=\"async\" class=\"wp-image-1384 size-large aligncenter\" src=\"https:\/\/customacrylicproduct.com\/wp-content\/uploads\/2025\/07\/Acrylic-Cosmetic-Makeup-Products-Display-2-1024x1024.jpg\" alt=\"Expositor acr\u00edlico para productos cosm\u00e9ticos de maquillaje (2)\" width=\"1024\" height=\"1024\" srcset=\"https:\/\/customacrylicproduct.com\/wp-content\/uploads\/2025\/07\/Acrylic-Cosmetic-Makeup-Products-Display-2-1024x1024.jpg 1024w, https:\/\/customacrylicproduct.com\/wp-content\/uploads\/2025\/07\/Acrylic-Cosmetic-Makeup-Products-Display-2-300x300.jpg 300w, https:\/\/customacrylicproduct.com\/wp-content\/uploads\/2025\/07\/Acrylic-Cosmetic-Makeup-Products-Display-2-150x150.jpg 150w, https:\/\/customacrylicproduct.com\/wp-content\/uploads\/2025\/07\/Acrylic-Cosmetic-Makeup-Products-Display-2-768x768.jpg 768w, https:\/\/customacrylicproduct.com\/wp-content\/uploads\/2025\/07\/Acrylic-Cosmetic-Makeup-Products-Display-2-1536x1536.jpg 1536w, https:\/\/customacrylicproduct.com\/wp-content\/uploads\/2025\/07\/Acrylic-Cosmetic-Makeup-Products-Display-2-600x600.jpg 600w, https:\/\/customacrylicproduct.com\/wp-content\/uploads\/2025\/07\/Acrylic-Cosmetic-Makeup-Products-Display-2-100x100.jpg 100w, https:\/\/customacrylicproduct.com\/wp-content\/uploads\/2025\/07\/Acrylic-Cosmetic-Makeup-Products-Display-2.jpg 1920w\" sizes=\"(max-width: 1024px) 100vw, 1024px\" \/><\/p>\n<h4 id=\"-a-harmony-of-materials-layout-and-looks-\"><strong>Armon\u00eda de materiales: Disposici\u00f3n y aspecto<\/strong><\/h4>\n<p>El impacto inmediato de este propietario de pantalla de visualizaci\u00f3n es de una sofisticaci\u00f3n sorprendente. Su dise\u00f1o es una sinfon\u00eda cuidadosamente equilibrada de 3 productos distintos pero unificados, cada uno elegido por sus edificios visuales y funcionales \u00fanicos.<\/p>\n<ul>\n<li><strong>Pol\u00edmero Espejo Dorado Brillante:\u00a0<\/strong>El coraz\u00f3n de la pantalla de exposici\u00f3n es un radiante sistema de espejo dorado. No se trata de un tono dorado b\u00e1sico; es una superficie reflectante de alto brillo que capta la luz ambiental y se divierte con ella, desarrollando un impresionante efecto de halo alrededor de sus productos. Esta base dorada transmite una sensaci\u00f3n de opulencia y reputaci\u00f3n, vinculando inmediatamente las cosas que acepta a un alto valor. Los intermedios redondos dentro de esta capa est\u00e1n elaborados con precisi\u00f3n, sus bordes brillantes reflejan la luz y se suman al resplandor general.<\/li>\n<li><strong>Base maciza de \u00f3nix negro:\u00a0<\/strong>Todo el armaz\u00f3n se apoya en una s\u00f3lida base de acr\u00edlico negro opaco. Este elemento ofrece un contraste potente y elegante con el oro luminoso. Su revestimiento mate o semibrillante absorbe la luz, haciendo que el oro y los productos situados sobre \u00e9l parezcan mucho m\u00e1s vivos. Esta capa fundamental a\u00f1ade peso visual y seguridad, garantizando que la pantalla se sienta sustancial y segura. Las l\u00edneas n\u00edtidas y limpias y los bordes afilados de la base negra hablan de una sensibilidad contempor\u00e1nea y minimalista que es atemporalmente elegante.<\/li>\n<li><strong>Pol\u00edmero cristalino:\u00a0<\/strong>Las capas superiores y el panel protector trasero est\u00e1n fabricados con acr\u00edlico transparente de la m\u00e1s alta calidad. Este material se ha seleccionado por su impecable transparencia, que ofrece una visi\u00f3n sin obst\u00e1culos de los productos desde todos los \u00e1ngulos. La capa superior transparente, con su propia colecci\u00f3n de aberturas circulares, crea un fascinante efecto de \u201cderiva\u201d, que hace que los cosm\u00e9ticos aparezcan suspendidos en el aire. Los bordes est\u00e1n pulidos con diamante hasta conseguir un acabado similar al del cristal, lo que garantiza que no haya costuras \u00e1speras, sino cambios suaves y lisos que destilan la m\u00e1xima calidad. Como se aprecia en la imagen en primer plano, la carpinter\u00eda es impresionante, testimonio de una mano de obra superior.<\/li>\n<\/ul>\n<p>El panel trasero, tambi\u00e9n de acr\u00edlico cristalino, est\u00e1 elegantemente enmarcado con un fr\u00e1gil ribete dorado, que une todo el dise\u00f1o. Esta placa trasera cumple numerosas funciones: proporciona una historia limpia y n\u00edtida, asegura los productos y utiliza un lienzo de primera para la marca o los mensajes promocionales.<\/p>\n<p><img decoding=\"async\" class=\"size-full wp-image-1386\" src=\"https:\/\/customacrylicproduct.com\/wp-content\/uploads\/2025\/07\/Acrylic-Cosmetic-Makeup-Products-Display-4.jpg\" alt=\"Expositor acr\u00edlico para productos cosm\u00e9ticos de maquillaje (4)\" width=\"800\" height=\"800\" srcset=\"https:\/\/customacrylicproduct.com\/wp-content\/uploads\/2025\/07\/Acrylic-Cosmetic-Makeup-Products-Display-4.jpg 800w, https:\/\/customacrylicproduct.com\/wp-content\/uploads\/2025\/07\/Acrylic-Cosmetic-Makeup-Products-Display-4-300x300.jpg 300w, https:\/\/customacrylicproduct.com\/wp-content\/uploads\/2025\/07\/Acrylic-Cosmetic-Makeup-Products-Display-4-150x150.jpg 150w, https:\/\/customacrylicproduct.com\/wp-content\/uploads\/2025\/07\/Acrylic-Cosmetic-Makeup-Products-Display-4-768x768.jpg 768w, https:\/\/customacrylicproduct.com\/wp-content\/uploads\/2025\/07\/Acrylic-Cosmetic-Makeup-Products-Display-4-600x600.jpg 600w, https:\/\/customacrylicproduct.com\/wp-content\/uploads\/2025\/07\/Acrylic-Cosmetic-Makeup-Products-Display-4-100x100.jpg 100w\" sizes=\"(max-width: 800px) 100vw, 800px\" \/><\/p>\n<h4 id=\"-engineered-for-functionality-and-flexibility-\"><strong>Dise\u00f1ado para ofrecer funcionalidad y flexibilidad<\/strong><\/h4>\n<p>Aunque su belleza es indiscutible, este soporte de pantalla es un triunfo de la ingenier\u00eda funcional. En realidad, cada elemento de su dise\u00f1o se ha pensado atentamente para servir a las necesidades de una variada gama de art\u00edculos est\u00e9ticos.<\/p>\n<ul>\n<li><strong>Aperturas de varios tama\u00f1os:\u00a0<\/strong>La pantalla presenta una variedad de propietarios redondos cortados con precisi\u00f3n de varios di\u00e1metros. Este estilo flexible le permite acunar firmemente un r\u00e9gimen completo de cuidado de la piel o maquillaje. Como se demuestra en las fotos con art\u00edculos de Lanc\u00f4me, puede alojar c\u00f3modamente desde el delgado envase de un suero Advanced G\u00e9nifique y el tipo m\u00e1s ancho de un t\u00f3nico Hydra Zen hasta tarros m\u00e1s peque\u00f1os de loci\u00f3n para los ojos o viales de muestras. Esta flexibilidad lo convierte en una soluci\u00f3n ideal para exponer l\u00edneas de productos, colecciones de regalo o una colecci\u00f3n de \u201cselecciones del editor\u201d.<\/li>\n<li><strong>En capas para compa\u00f1\u00eda y presencia:\u00a0<\/strong>La construcci\u00f3n en varios niveles no es s\u00f3lo una elecci\u00f3n est\u00e9tica. Proporciona una clara divisi\u00f3n y compa\u00f1\u00eda para diversos art\u00edculos, evitando un aspecto desordenado. Los productos m\u00e1s altos pueden colocarse en la parte trasera, mientras que los m\u00e1s peque\u00f1os se sit\u00faan en la parte delantera, garantizando que todos los productos sean visibles y accesibles. Este dise\u00f1o inteligente gu\u00eda el ojo del cliente con la colecci\u00f3n en una serie racional y atractiva.<\/li>\n<li><strong>Estabilidad y longevidad:\u00a0<\/strong>El pol\u00edmero es famoso por su ligereza e incre\u00edble durabilidad, mucho m\u00e1s resistente a los impactos que el cristal. Esto hace que el propietario de la pantalla sea seguro para entornos minoristas muy transitados y muy f\u00e1cil de trasladar y reorganizar. La s\u00f3lida base garantiza su estabilidad en cualquier tipo de mostrador de cocina, mientras que los recortes de precisi\u00f3n impiden que los art\u00edculos se vuelquen.<\/li>\n<\/ul>\n<p><img decoding=\"async\" class=\"size-full wp-image-1383\" src=\"https:\/\/customacrylicproduct.com\/wp-content\/uploads\/2025\/07\/Acrylic-Cosmetic-Makeup-Products-Display-1.jpg\" alt=\"Expositor acr\u00edlico para productos cosm\u00e9ticos de maquillaje (1)\" width=\"800\" height=\"800\" srcset=\"https:\/\/customacrylicproduct.com\/wp-content\/uploads\/2025\/07\/Acrylic-Cosmetic-Makeup-Products-Display-1.jpg 800w, https:\/\/customacrylicproduct.com\/wp-content\/uploads\/2025\/07\/Acrylic-Cosmetic-Makeup-Products-Display-1-300x300.jpg 300w, https:\/\/customacrylicproduct.com\/wp-content\/uploads\/2025\/07\/Acrylic-Cosmetic-Makeup-Products-Display-1-150x150.jpg 150w, https:\/\/customacrylicproduct.com\/wp-content\/uploads\/2025\/07\/Acrylic-Cosmetic-Makeup-Products-Display-1-768x768.jpg 768w, https:\/\/customacrylicproduct.com\/wp-content\/uploads\/2025\/07\/Acrylic-Cosmetic-Makeup-Products-Display-1-600x600.jpg 600w, https:\/\/customacrylicproduct.com\/wp-content\/uploads\/2025\/07\/Acrylic-Cosmetic-Makeup-Products-Display-1-100x100.jpg 100w\" sizes=\"(max-width: 800px) 100vw, 800px\" \/><\/p>\n<h4 id=\"-the-ultimate-branding-and-gifting-solution-\"><strong>La soluci\u00f3n definitiva para la creaci\u00f3n de marcas y regalos<\/strong><\/h4>\n<p><strong>Para marcas y minoristas (al por mayor):\u00a0<\/strong>. Este propietario de pantalla de visualizaci\u00f3n es un dispositivo de servicio eficaz. Como revela la marca \u201csuisuale \u00ae\u201cen la parte frontal, es totalmente ajustable. Ofrecemos a los clientes mayoristas la posibilidad de hacer que este dise\u00f1o sea exclusivamente suyo.<\/p>\n<ul>\n<li><strong>Combinaci\u00f3n de logotipos:\u00a0<\/strong>Grabe o imprima el dise\u00f1o del logotipo de su marca directamente en la base o en el panel trasero para mejorar la identificaci\u00f3n de la marca.<\/li>\n<li><strong>Estilos de color y acabados personalizados:\u00a0<\/strong>Aunque la mezcla de dorado y negro es tradicional, podemos explorar combinaciones de colores personalizadas para que encajen completamente con la est\u00e9tica de su marca.<\/li>\n<li><strong>Capacidades a medida:\u00a0<\/strong>\u00bfNecesita una pantalla de exposici\u00f3n m\u00e1s grande para una gama completa de productos o una m\u00e1s peque\u00f1a para un art\u00edculo funcional? Podemos colaborar con usted para reajustar las dimensiones y los tama\u00f1os de los recortes para satisfacer sus demandas concretas.<\/li>\n<\/ul>\n<p>En un entorno minorista, esta pantalla de exposici\u00f3n funciona como un representante de ventas silencioso. Atrae a los consumidores, pone de relieve la calidad de sus art\u00edculos y fomenta la comunicaci\u00f3n, lo que a la larga impulsa las ventas. Es ideal para mostradores de grandes almacenes, estantes de boutiques, \u00e1reas funcionales de salones de belleza y cub\u00edculos de convenciones comerciales especializadas.<\/p>\n<p><strong>Para regalar:\u00a0<\/strong>. El t\u00edtulo \u201cRegalos para Acr\u00edlico Cosm\u00e9ticos Productos de Maquillaje Propietario Presente\u201d es especialmente adecuado. Este art\u00edculo es el regalo supremo de lujo econ\u00f3mico para el amante del encanto en su vida.<\/p>\n<ul>\n<li><strong>El coordinador perfecto:\u00a0<\/strong>Para cualquier persona con una preciada colecci\u00f3n de productos de cuidado de la piel o maquillaje, este biombo convierte un tocador desordenado en una zona magn\u00edficamente cuidada y organizada.<\/li>\n<li><strong>Una declaraci\u00f3n de elegancia:\u00a0<\/strong>Es un objeto decorativo por derecho propio, que a\u00f1ade un toque de estilo de alta gama a una habitaci\u00f3n de cama, un cuarto de ducha o un vestidor.<\/li>\n<li><strong>Un presente reflexivo y duradero:\u00a0<\/strong>A diferencia de los propios cosm\u00e9ticos, este propietario es un regalo que se utilizar\u00e1 y apreciar\u00e1 durante varios a\u00f1os, un recuerdo constante de un gesto considerado.<\/li>\n<\/ul>\n<h4 id=\"-conclusion-an-investment-in-excellence-\"><strong>Conclusiones: Invertir en la excelencia<\/strong><\/h4>\n<p>El Suisuale \u00ae Gold &amp; Onyx Acrylic Aesthetic Present Holder es m\u00e1s que un simple dispositivo de producto; es una inversi\u00f3n financiera en la imagen de su marca y en la experiencia de sus clientes. Es el lugar en el que la artesan\u00eda superior satisface el estilo inteligente y la est\u00e9tica fastuosa. Al ofrecer sus productos en un soporte que refleja su alta calidad, est\u00e1 haciendo una declaraci\u00f3n poderosa.<\/p>\n<p>Elija esta pantalla para transformar su espacio comercial, para desarrollar un merchandising est\u00e9tico espectacular o para hacer un regalo de estilo incomparable. Ll\u00e1menos hoy mismo para hablar de sus necesidades de venta al por mayor y descubrir c\u00f3mo podemos ayudarle a exponer sus art\u00edculos con la luz que realmente merecen.<\/p>","protected":false},"excerpt":{"rendered":"<p class=\"ng-star-inserted\"><span class=\"ng-star-inserted\">Exhiba sus productos con estilo gracias a este expositor acr\u00edlico de alta calidad. Cuenta con una lujosa base de espejo dorado, un elegante marco negro y ranuras a medida para organizar con elegancia el cuidado de la piel y el maquillaje. Ideal para mostradores y tocadores. Disponible para mayoristas.<\/span><\/p>","protected":false},"featured_media":1384,"template":"","meta":{"_kad_post_transparent":"default","_kad_post_title":"","_kad_post_layout":"default","_kad_post_sidebar_id":"","_kad_post_content_style":"default","_kad_post_vertical_padding":"default","_kad_post_feature":"","_kad_post_feature_position":"","_kad_post_header":false,"_kad_post_footer":false,"_kad_post_classname":""},"product_brand":[],"product_cat":[15],"product_tag":[144],"class_list":{"0":"post-1382","1":"product","2":"type-product","3":"status-publish","4":"has-post-thumbnail","6":"product_cat-custom-acrylic-displays","7":"product_tag-acrylic-cosmetic-makeup-products-display","9":"first","10":"instock","11":"shipping-taxable","12":"product-type-simple","13":"entry","14":"content-bg","15":"loop-entry"},"_links":{"self":[{"href":"https:\/\/customacrylicproduct.com\/es\/wp-json\/wp\/v2\/product\/1382","targetHints":{"allow":["GET"]}}],"collection":[{"href":"https:\/\/customacrylicproduct.com\/es\/wp-json\/wp\/v2\/product"}],"about":[{"href":"https:\/\/customacrylicproduct.com\/es\/wp-json\/wp\/v2\/types\/product"}],"wp:featuredmedia":[{"embeddable":true,"href":"https:\/\/customacrylicproduct.com\/es\/wp-json\/wp\/v2\/media\/1384"}],"wp:attachment":[{"href":"https:\/\/customacrylicproduct.com\/es\/wp-json\/wp\/v2\/media?parent=1382"}],"wp:term":[{"taxonomy":"product_brand","embeddable":true,"href":"https:\/\/customacrylicproduct.com\/es\/wp-json\/wp\/v2\/product_brand?post=1382"},{"taxonomy":"product_cat","embeddable":true,"href":"https:\/\/customacrylicproduct.com\/es\/wp-json\/wp\/v2\/product_cat?post=1382"},{"taxonomy":"product_tag","embeddable":true,"href":"https:\/\/customacrylicproduct.com\/es\/wp-json\/wp\/v2\/product_tag?post=1382"}],"curies":[{"name":"wp","href":"https:\/\/api.w.org\/{rel}","templated":true}]}}