{"id":1387,"date":"2025-07-21T03:33:48","date_gmt":"2025-07-21T03:33:48","guid":{"rendered":"https:\/\/customacrylicproduct.com\/?post_type=product&#038;p=1387"},"modified":"2025-07-21T03:33:48","modified_gmt":"2025-07-21T03:33:48","slug":"acrylic-custom-trophy-awards-suppliers-for-souvenir-gifts","status":"publish","type":"product","link":"https:\/\/customacrylicproduct.com\/es\/acrylic-custom-trophy-awards-suppliers-for-souvenir-gifts\/","title":{"rendered":"Trofeos de acr\u00edlico personalizados para regalos de recuerdo"},"content":{"rendered":"<h3 id=\"commemorate-success-the-ultimate-collection-of-custom-made-acrylic-trophies-and-awards\">Conmemorar el \u00e9xito: La colecci\u00f3n definitiva de trofeos y premios acr\u00edlicos hechos a medida<\/h3>\n<p>En un mundo de ef\u00edmeros reconocimientos electr\u00f3nicos, el poder de un honor tangible y perfectamente elaborado sigue siendo inigualable. Es un testimonio f\u00edsico del trabajo duro, un icono duradero de reconocimiento y una pluma prominente de un hito logrado. Nos complace presentarle nuestra colecci\u00f3n superior de premios y galardones acr\u00edlicos personalizados, una excelente combinaci\u00f3n de belleza actual, notable elaboraci\u00f3n y personalizaci\u00f3n a medida. Desarrollados para empresas, compa\u00f1\u00edas y personas que buscan honrar la excelencia de un modo realmente inolvidable, estos premios transforman minutos de \u00e9xito en tesoros eternos.<\/p>\n<p><img fetchpriority=\"high\" decoding=\"async\" class=\"size-full wp-image-1388\" src=\"https:\/\/customacrylicproduct.com\/wp-content\/uploads\/2025\/07\/Acrylic-Custom-Trophy-1.jpg\" alt=\"Trofeo acr\u00edlico personalizado (1)\" width=\"800\" height=\"800\" srcset=\"https:\/\/customacrylicproduct.com\/wp-content\/uploads\/2025\/07\/Acrylic-Custom-Trophy-1.jpg 800w, https:\/\/customacrylicproduct.com\/wp-content\/uploads\/2025\/07\/Acrylic-Custom-Trophy-1-300x300.jpg 300w, https:\/\/customacrylicproduct.com\/wp-content\/uploads\/2025\/07\/Acrylic-Custom-Trophy-1-150x150.jpg 150w, https:\/\/customacrylicproduct.com\/wp-content\/uploads\/2025\/07\/Acrylic-Custom-Trophy-1-768x768.jpg 768w, https:\/\/customacrylicproduct.com\/wp-content\/uploads\/2025\/07\/Acrylic-Custom-Trophy-1-600x600.jpg 600w, https:\/\/customacrylicproduct.com\/wp-content\/uploads\/2025\/07\/Acrylic-Custom-Trophy-1-100x100.jpg 100w\" sizes=\"(max-width: 800px) 100vw, 800px\" \/><\/p>\n<p><strong>Calidad superior sin igual: El atractivo del pol\u00edmero cristalino\u00a0<\/strong>.<\/p>\n<p>La base de todo premio extraordinario es el material con el que nace. Nuestros premios est\u00e1n fabricados con acr\u00edlico de primera calidad, un producto elegido por su transparencia impecable y cristalina, a la altura del mejor vidrio \u00f3ptico. A diferencia del vidrio convencional, nuestro acr\u00edlico ofrece una longevidad y una resistencia al deterioro excepcionales, lo que garantiza que su s\u00edmbolo de reconocimiento seguir\u00e1 inmaculado durante muchos a\u00f1os.<\/p>\n<p>Cada placa tiene un peso sustancial y alentador que comparte valor y relevancia en el momento en que se sostiene. La verdadera creatividad, sin embargo, se revela en la informaci\u00f3n. Como se ve en las im\u00e1genes de primer plano, los laterales est\u00e1n meticulosamente cortados y pulidos hasta la excelencia. Ofrecemos una selecci\u00f3n de dise\u00f1os de caras, desde biseles limpios y afilados hasta elegantes cortes festoneados que captan y refractan la luz con maestr\u00eda, desarrollando una visualizaci\u00f3n asombrosa desde todos los \u00e1ngulos. Esta gran superficie mejora la obra de arte grabada o publicada en su interior, haciendo que parezca flotar en un bloque de luz pura y clara. La construcci\u00f3n lisa y la superficie brillante dicen mucho de la calidad superior y el cuidado con que se han adquirido todas y cada una de las piezas.<\/p>\n<p><img decoding=\"async\" class=\"size-full wp-image-1390\" src=\"https:\/\/customacrylicproduct.com\/wp-content\/uploads\/2025\/07\/Acrylic-Custom-Trophy-3.jpg\" alt=\"Trofeo acr\u00edlico personalizado (3)\" width=\"800\" height=\"800\" srcset=\"https:\/\/customacrylicproduct.com\/wp-content\/uploads\/2025\/07\/Acrylic-Custom-Trophy-3.jpg 800w, https:\/\/customacrylicproduct.com\/wp-content\/uploads\/2025\/07\/Acrylic-Custom-Trophy-3-300x300.jpg 300w, https:\/\/customacrylicproduct.com\/wp-content\/uploads\/2025\/07\/Acrylic-Custom-Trophy-3-150x150.jpg 150w, https:\/\/customacrylicproduct.com\/wp-content\/uploads\/2025\/07\/Acrylic-Custom-Trophy-3-768x768.jpg 768w, https:\/\/customacrylicproduct.com\/wp-content\/uploads\/2025\/07\/Acrylic-Custom-Trophy-3-600x600.jpg 600w, https:\/\/customacrylicproduct.com\/wp-content\/uploads\/2025\/07\/Acrylic-Custom-Trophy-3-100x100.jpg 100w\" sizes=\"(max-width: 800px) 100vw, 800px\" \/><\/p>\n<p><strong>El arte de la personalizaci\u00f3n a medida: Su visi\u00f3n, hecha realidad\u00a0<\/strong>.<\/p>\n<p>El poder de verdad de nuestra colecci\u00f3n depende de su infinita capacidad de personalizaci\u00f3n. Reconocemos que cada logro es especial y que cada marca tiene su propia identidad. Por ese motivo, ofrecemos un amplio abanico de opciones de personalizaci\u00f3n para crear un galard\u00f3n que no s\u00f3lo se ofrezca, sino que sea realmente representativo de la ocasi\u00f3n y el destinatario.<\/p>\n<p><strong>1. T\u00e9cnicas avanzadas de impresi\u00f3n e inscripci\u00f3n:\u00a0<\/strong>. Como demuestran nuestros variados ejemplos, dominamos varios m\u00e9todos de primera calidad para dar vida a su visi\u00f3n:.<\/p>\n<ul>\n<li><strong>Lujoso papel de aluminio dorado y plateado:\u00a0<\/strong>Para una declaraci\u00f3n tradicional y extravagante, nuestra aplicaci\u00f3n de papel de aluminio dorado y plateado no tiene rival. Este m\u00e9todo proporciona un prestigioso brillo met\u00e1lico al texto y los gr\u00e1ficos, produciendo una llamativa comparaci\u00f3n sobre fondos negros, transparentes o de color. Es la opci\u00f3n ideal para premios a ejecutivos de alto nivel, placas de \u201cProveedor franquiciado\u201d y certificados de gratitud en los que se busca un toque de magnificencia.<\/li>\n<li><strong>Impresi\u00f3n din\u00e1mica a todo color (\u5f69\u5370):\u00a0<\/strong>D\u00e9 rienda suelta a su creatividad con nuestra avanzada impresi\u00f3n en color. Esto permite la mejor duplicaci\u00f3n de dise\u00f1os de logotipos de empresa a todo color, intrincadas im\u00e1genes de marca, componentes fotogr\u00e1ficos y vivos acentos de estilo. Tanto si se trata de los detalles del tono Pantone del nombre de su marca como de un sello refinado y vibrante, esta alternativa ofrece una flexibilidad de dise\u00f1o total sin concesiones.<\/li>\n<li><strong>Inscripci\u00f3n de precisi\u00f3n:\u00a0<\/strong>Para conseguir un efecto refinado a la vez que innovador, el grabado por l\u00e1ser crea textos e im\u00e1genes n\u00edtidos y esmerilados directamente en el acr\u00edlico, con un acabado sensible y sofisticado que resiste el examen del tiempo.<\/li>\n<\/ul>\n<p><strong>2. Material totalmente personalizado:\u00a0<\/strong>. Desde el \u201cCertificado de reconocimiento\u201d hasta el \u201cPremio anual al progreso del equipo\u201d (\u5e74\u5ea6\u56e2\u961f\u8fdb\u6b65\u5956), cada palabra es suya. Personaliza tus honores con:.<\/p>\n<ul>\n<li><strong>Nombres y cargos de los beneficiarios\u00a0<\/strong>.<\/li>\n<li><strong>Nombre de la empresa\u00a0<\/strong>(por ejemplo, \u6df1\u5733\u4e1c\u539f\u7535\u5b50\u6709\u9650\u516c\u53f8 - Shenzhen Dongyuan Electronics Co., Ltd.).<\/li>\n<li><strong>Distintivos de honor particulares\u00a0<\/strong>.<\/li>\n<li><strong>Fechas y dedicaciones\u00a0<\/strong>.<\/li>\n<li><strong>Citas o mensajes motivadores\u00a0<\/strong>.<\/li>\n<li><strong>Lemas o declaraciones de misi\u00f3n de la empresa\u00a0<\/strong>.<\/li>\n<\/ul>\n<p><strong>3. Variedad de estilos y formatos de presentaci\u00f3n:\u00a0<\/strong>. Nuestra galer\u00eda muestra una amplia gama de dise\u00f1os para adaptarse a cualquier tipo de visual:.<\/p>\n<ul>\n<li><strong>Placas verticales est\u00e1ndar:\u00a0<\/strong>Ideales para \u00e9xitos espec\u00edficos, estos galardones se alzan altos y orgullosos, y a menudo incluyen exuberantes bordes cl\u00e1sicos y elegantes tipos de letra con gracias.<\/li>\n<li><strong>Premios Horizontales Modernos:\u00a0<\/strong>Perfectos para mostrar el \u00e9xito de marcas como \u201cMarca favorita del consumidor\u201d (\u6d88\u8d39\u8005\u559c\u7231\u54c1\u724c), ofrecen un lienzo m\u00e1s amplio para dise\u00f1os de texto y logotipos.<\/li>\n<li><strong>Marcos de certificaci\u00f3n minimalistas:\u00a0<\/strong>Para un aspecto limpio y contempor\u00e1neo, nuestros sencillos marcos acr\u00edlicos mantienen un certificado publicado, mezcl\u00e1ndose perfectamente con cualquier tipo de ambiente de trabajo moderno.<\/li>\n<li><strong>Formas y bases distintas:\u00a0<\/strong>Ofrecemos una amplia gama de bases acr\u00edlicas s\u00f3lidas e incluso podemos tratar con usted para desarrollar formas personalizadas que reflejen el tema de su marca o evento.<\/li>\n<\/ul>\n<p><strong>Versatilidad para cada evento y sector\u00a0<\/strong>.<\/p>\n<p>Nuestras condecoraciones acr\u00edlicas personalizadas son la selecci\u00f3n definitiva para un espectro sustancial de objetivos de reconocimiento:.<\/p>\n<ul>\n<li><strong>Reconocimiento corporativo:\u00a0<\/strong>Celebre la calidad dentro de su organizaci\u00f3n. Perfectos para el empleado del mes, el vendedor del a\u00f1o, las distinciones de la direcci\u00f3n, los regalos de jubilaci\u00f3n y para celebrar a\u00f1os de servicio.<\/li>\n<li><strong>Organizaci\u00f3n e hitos de los socios:\u00a0<\/strong>Refuerce las asociaciones de expertos con placas de alta gama por ser \u201cDistribuidor autorizado\u201d o \u201cProveedor franquiciado\u201d (\u7279\u7ea6\u7ecf\u9500\u5546), aniversarios de asociaci\u00f3n y honores a los mejores proveedores.<\/li>\n<li><strong>Premios de Mercado y Marca:\u00a0<\/strong>Haga una declaraci\u00f3n p\u00fablica de su \u00e9xito con premios sensacionales para competidores en el mercado, lanzamientos de productos y honores a la calidad de la marca.<\/li>\n<li><strong>Logros acad\u00e9micos y educativos:\u00a0<\/strong>Conmemore los \u00e9xitos acad\u00e9micos, honre a profesores respetados u otorgue innovadores \u201cCertificados de finalizaci\u00f3n\u201d para programas de formaci\u00f3n y talleres.<\/li>\n<li><strong>Trabajo social y sin \u00e1nimo de lucro:\u00a0<\/strong>Identifique las contribuciones indispensables de donantes, patrocinadores y voluntarios con un bonito recuerdo que demuestre lo mucho que se valora su esfuerzo.<\/li>\n<li><strong>Recuerdos y regalos personales:\u00a0<\/strong>Elabore un regalo \u00fanico para un hito personal, un logro deportivo o simplemente como un obsequio elegante e individualizado para un ser querido.<\/li>\n<\/ul>\n<p><img decoding=\"async\" class=\"size-full wp-image-1391\" src=\"https:\/\/customacrylicproduct.com\/wp-content\/uploads\/2025\/07\/Acrylic-Custom-Trophy-4.jpg\" alt=\"Trofeo acr\u00edlico personalizado (4)\" width=\"800\" height=\"800\" srcset=\"https:\/\/customacrylicproduct.com\/wp-content\/uploads\/2025\/07\/Acrylic-Custom-Trophy-4.jpg 800w, https:\/\/customacrylicproduct.com\/wp-content\/uploads\/2025\/07\/Acrylic-Custom-Trophy-4-300x300.jpg 300w, https:\/\/customacrylicproduct.com\/wp-content\/uploads\/2025\/07\/Acrylic-Custom-Trophy-4-150x150.jpg 150w, https:\/\/customacrylicproduct.com\/wp-content\/uploads\/2025\/07\/Acrylic-Custom-Trophy-4-768x768.jpg 768w, https:\/\/customacrylicproduct.com\/wp-content\/uploads\/2025\/07\/Acrylic-Custom-Trophy-4-600x600.jpg 600w, https:\/\/customacrylicproduct.com\/wp-content\/uploads\/2025\/07\/Acrylic-Custom-Trophy-4-100x100.jpg 100w\" sizes=\"(max-width: 800px) 100vw, 800px\" \/><\/p>\n<p><strong>Una declaraci\u00f3n de valor duradera\u00a0<\/strong>.<\/p>\n<p>Al final, un honor es m\u00e1s que un simple objeto; es una poderosa herramienta de comunicaci\u00f3n. Proporcionar un trofeo acr\u00edlico de alta calidad dise\u00f1ado a medida indica al destinatario que su pago es importante, que sus esfuerzos se ven y que su \u00e9xito se valora al m\u00e1s alto nivel. Es un motivador concreto que sin duda se mostrar\u00e1 alegremente en una mesa de trabajo, en un estante o en una vitrina, actuando como una sugerencia continua de logro y un recurso de motivaci\u00f3n para los dem\u00e1s.<\/p>\n<p>Elija para honrar el \u00e9xito con distinci\u00f3n. Colabore con nosotros para crear y desarrollar una obra maestra acr\u00edlica a medida que capte a la perfecci\u00f3n el esp\u00edritu del logro y el prestigio de su marca. Perm\u00edtanos ayudarle a inmortalizar la calidad.<\/p>","protected":false},"excerpt":{"rendered":"<p class=\"ng-star-inserted\"><span class=\"ng-star-inserted\">Cree elegantes trofeos y galardones acr\u00edlicos personalizados para cualquier ocasi\u00f3n. Personalice estas placas cristalinas con su logotipo y texto. Son perfectas para regalos de empresa, recuerdos y eventos de reconocimiento. Disponemos de varias formas y estilos de impresi\u00f3n de primera calidad, como l\u00e1minas de oro.<\/span><\/p>","protected":false},"featured_media":1388,"template":"","meta":{"_kad_post_transparent":"default","_kad_post_title":"","_kad_post_layout":"default","_kad_post_sidebar_id":"","_kad_post_content_style":"default","_kad_post_vertical_padding":"default","_kad_post_feature":"","_kad_post_feature_position":"","_kad_post_header":false,"_kad_post_footer":false,"_kad_post_classname":""},"product_brand":[],"product_cat":[19],"product_tag":[145],"class_list":{"0":"post-1387","1":"product","2":"type-product","3":"status-publish","4":"has-post-thumbnail","6":"product_cat-custom-acrylic-trophies-awards","7":"product_tag-acrylic-custom-trophy","9":"first","10":"instock","11":"shipping-taxable","12":"product-type-simple","13":"entry","14":"content-bg","15":"loop-entry"},"_links":{"self":[{"href":"https:\/\/customacrylicproduct.com\/es\/wp-json\/wp\/v2\/product\/1387","targetHints":{"allow":["GET"]}}],"collection":[{"href":"https:\/\/customacrylicproduct.com\/es\/wp-json\/wp\/v2\/product"}],"about":[{"href":"https:\/\/customacrylicproduct.com\/es\/wp-json\/wp\/v2\/types\/product"}],"wp:featuredmedia":[{"embeddable":true,"href":"https:\/\/customacrylicproduct.com\/es\/wp-json\/wp\/v2\/media\/1388"}],"wp:attachment":[{"href":"https:\/\/customacrylicproduct.com\/es\/wp-json\/wp\/v2\/media?parent=1387"}],"wp:term":[{"taxonomy":"product_brand","embeddable":true,"href":"https:\/\/customacrylicproduct.com\/es\/wp-json\/wp\/v2\/product_brand?post=1387"},{"taxonomy":"product_cat","embeddable":true,"href":"https:\/\/customacrylicproduct.com\/es\/wp-json\/wp\/v2\/product_cat?post=1387"},{"taxonomy":"product_tag","embeddable":true,"href":"https:\/\/customacrylicproduct.com\/es\/wp-json\/wp\/v2\/product_tag?post=1387"}],"curies":[{"name":"wp","href":"https:\/\/api.w.org\/{rel}","templated":true}]}}