{"id":1397,"date":"2025-07-21T03:57:19","date_gmt":"2025-07-21T03:57:19","guid":{"rendered":"https:\/\/customacrylicproduct.com\/?post_type=product&#038;p=1397"},"modified":"2025-07-21T03:57:19","modified_gmt":"2025-07-21T03:57:19","slug":"custom-acrylic-stand-cosmetic-display-counter-display-kiosk","status":"publish","type":"product","link":"https:\/\/customacrylicproduct.com\/es\/custom-acrylic-stand-cosmetic-display-counter-display-kiosk\/","title":{"rendered":"Stand acr\u00edlico personalizado Expositor de cosm\u00e9ticos Mostrador Kiosco"},"content":{"rendered":"<h3 id=\"-boost-your-brand-the-ultimate-guide-to-personalized-cosmetic-present-stands-\"><strong>Impulse su marca: La gu\u00eda definitiva para los expositores de cosm\u00e9ticos personalizados<\/strong><\/h3>\n<p>En el mundo vivo y competitivo de la cosm\u00e9tica, su producto es la estrella. Pero tambi\u00e9n una de las celebridades m\u00e1s deslumbrantes necesita la fase adecuada para brillar con luz propia. En un entorno minorista abarrotado, el punto inicial de contacto entre su marca y un cliente potencial no es el propio art\u00edculo, sino la pantalla. Es el vendedor silencioso de su marca, su embajador f\u00edsico y su narrador. Ofrecemos la mejor soluci\u00f3n para las marcas dispuestas a asombrar, implicar y convertir: nuestra l\u00ednea de\u00a0<strong>Stands, mostradores y quioscos est\u00e9ticos personalizados de pol\u00edmero, acero y materiales mixtos.\u00a0<\/strong>.<\/p>\n<p>No se trata casi de estanter\u00edas; se trata de crear una experiencia de marca envolvente. Las im\u00e1genes muestran una gama de oportunidades, cada una de ellas una obra maestra a medida dise\u00f1ada para satisfacer apariencias de marca y necesidades \u00fatiles concretas. Desde elegantes expositores de suelo de gran capacidad hasta quioscos probadores interactivos de primera calidad, le permitimos proporcionar a su marca la presencia impactante a la que tiene derecho.<\/p>\n<p><img fetchpriority=\"high\" decoding=\"async\" class=\"size-full wp-image-1398\" src=\"https:\/\/customacrylicproduct.com\/wp-content\/uploads\/2025\/07\/Custom-Acrylic-Stand-Cosmetic-Display-1.jpg\" alt=\"Expositor acr\u00edlico personalizado para cosm\u00e9ticos (1)\" width=\"800\" height=\"800\" srcset=\"https:\/\/customacrylicproduct.com\/wp-content\/uploads\/2025\/07\/Custom-Acrylic-Stand-Cosmetic-Display-1.jpg 800w, https:\/\/customacrylicproduct.com\/wp-content\/uploads\/2025\/07\/Custom-Acrylic-Stand-Cosmetic-Display-1-300x300.jpg 300w, https:\/\/customacrylicproduct.com\/wp-content\/uploads\/2025\/07\/Custom-Acrylic-Stand-Cosmetic-Display-1-150x150.jpg 150w, https:\/\/customacrylicproduct.com\/wp-content\/uploads\/2025\/07\/Custom-Acrylic-Stand-Cosmetic-Display-1-768x768.jpg 768w, https:\/\/customacrylicproduct.com\/wp-content\/uploads\/2025\/07\/Custom-Acrylic-Stand-Cosmetic-Display-1-600x600.jpg 600w, https:\/\/customacrylicproduct.com\/wp-content\/uploads\/2025\/07\/Custom-Acrylic-Stand-Cosmetic-Display-1-100x100.jpg 100w\" sizes=\"(max-width: 800px) 100vw, 800px\" \/><\/p>\n<h4 id=\"-the-power-of-a-purpose-built-display-more-than-simply-furniture-\"><strong>El poder de un expositor a medida: M\u00e1s que un simple mueble<\/strong><\/h4>\n<p>Imagine a un consumidor caminando por un pasillo concurrido. \u00bfQu\u00e9 le hace detenerse? Es una combinaci\u00f3n de sombra, luz, forma e historia. Un estante gen\u00e9rico no comunica nada, pero un expositor dise\u00f1ado a medida dice mucho.<\/p>\n<ul>\n<li><strong>Enfoque de mando:\u00a0<\/strong>Como se ve en el din\u00e1mico expositor rosa \u201cYCIO\u201d, una historia de colores atrevidos y una estructura \u00fanica atraen instant\u00e1neamente las miradas desde toda la tienda. Proyecta una imagen de diversi\u00f3n, vigor juvenil y poder, en total sinton\u00eda con su p\u00fablico objetivo.<\/li>\n<li><strong>Comunicar la identidad de la marca:\u00a0<\/strong>Su expositor es una expansi\u00f3n tridimensional de la visi\u00f3n general de su marca. El stand azul oscuro y blanco \u201cYCIO INTERNATIONAL MAKE-UP\u201d irradia clase, profesionalidad y confianza. Sus l\u00edneas ordenadas, su dise\u00f1o organizado y la fotograf\u00eda de una modelo especializada cuentan una historia de alto rendimiento y alta calidad global. Del mismo modo, el dispositivo negro y rojo \u201cshowself\u201d, con sus \u00e1ngulos agudos y su iluminaci\u00f3n concentrada, grita modernidad, vanguardia y profesionalidad.<\/li>\n<li><strong>Motivar la interacci\u00f3n y la prueba:\u00a0<\/strong>Una pantalla de \u00e9xito invita a los consumidores a tocar, sentir y probar. El stand \u201cshowself\u201d es una clase magistral en este sentido, ya que incluye un espejo junto a probadores de estructuras, l\u00e1pices de ojos y barras de labios. De este modo, la navegaci\u00f3n pasiva se convierte en una experiencia activa y t\u00e1ctil que aumenta considerablemente las posibilidades de compra.<\/li>\n<\/ul>\n<p><img decoding=\"async\" class=\"size-full wp-image-1399\" src=\"https:\/\/customacrylicproduct.com\/wp-content\/uploads\/2025\/07\/Custom-Acrylic-Stand-Cosmetic-Display-2.jpg\" alt=\"Expositor acr\u00edlico personalizado para cosm\u00e9ticos (2)\" width=\"800\" height=\"800\" srcset=\"https:\/\/customacrylicproduct.com\/wp-content\/uploads\/2025\/07\/Custom-Acrylic-Stand-Cosmetic-Display-2.jpg 800w, https:\/\/customacrylicproduct.com\/wp-content\/uploads\/2025\/07\/Custom-Acrylic-Stand-Cosmetic-Display-2-300x300.jpg 300w, https:\/\/customacrylicproduct.com\/wp-content\/uploads\/2025\/07\/Custom-Acrylic-Stand-Cosmetic-Display-2-150x150.jpg 150w, https:\/\/customacrylicproduct.com\/wp-content\/uploads\/2025\/07\/Custom-Acrylic-Stand-Cosmetic-Display-2-768x768.jpg 768w, https:\/\/customacrylicproduct.com\/wp-content\/uploads\/2025\/07\/Custom-Acrylic-Stand-Cosmetic-Display-2-600x600.jpg 600w, https:\/\/customacrylicproduct.com\/wp-content\/uploads\/2025\/07\/Custom-Acrylic-Stand-Cosmetic-Display-2-100x100.jpg 100w\" sizes=\"(max-width: 800px) 100vw, 800px\" \/><\/p>\n<h4 id=\"-the-art-of-personalization-your-vision-brought-to-life-\"><strong>El arte de la personalizaci\u00f3n: Su visi\u00f3n, hecha realidad<\/strong><\/h4>\n<p>\u201d Hecho a medida\u201d es la esencia de lo que hacemos. Nuestra empresa cree que una t\u00e9cnica de talla \u00fanica no logra captar el significado \u00fanico del nombre de su marca. Nuestro procedimiento de dise\u00f1o y producci\u00f3n es un viaje colectivo para crear una pantalla que sea distintivamente suya.<\/p>\n<p><strong>1. Marco y formulario personalizados:\u00a0<\/strong>. La base de cualquier pantalla de exposici\u00f3n excelente es su estructura. Dejamos atr\u00e1s las simples cajas para producir formas vibrantes que mejoran sus productos.<\/p>\n<ul>\n<li><strong>Unidades de pie:\u00a0<\/strong>Como muestran las 4 im\u00e1genes, los expositores de suelo son herramientas poderosas para desarrollar una \u201ctienda dentro de una tienda\u201d. Pueden contener una gran cantidad de suministros, como muestra el stand \u201ckulio\u201d con sus diversas filas de art\u00edculos, o pueden ofrecer una colecci\u00f3n selecta, como los sistemas \u201cYCIO\u201d y \u201cshowself\u201d, de estilo boutique extra.<\/li>\n<li><strong>Elementos de dise\u00f1o especiales:\u00a0<\/strong>Integramos detalles caracter\u00edsticos que hacen que su pantalla de visualizaci\u00f3n sea extraordinaria. Notifique el animado y gran encabezado con forma de beso de carm\u00edn del soporte \u201ckulio\u201d, un toque caprichoso que se recuerda de inmediato. O tenga en cuenta la llamativa base cil\u00edndrica a rayas de caramelo del soporte \u201cYCIO\u201d del cielo, un sofisticado detalle arquitect\u00f3nico que a\u00f1ade un toque de lujo.<\/li>\n<\/ul>\n<p><strong>2. Presentaci\u00f3n del tema estrat\u00e9gico:\u00a0<\/strong>. La presentaci\u00f3n de sus productos es tan importante como el propio stand. Realizamos dise\u00f1os est\u00e9ticos y fiables.<\/p>\n<ul>\n<li><strong>Estanter\u00edas de alta densidad:\u00a0<\/strong>Para las marcas con gamas de colores o l\u00edneas de productos considerables, es esencial disponer de estanter\u00edas organizadas. El stand \u201ckulio\u201d negro y naranja demuestra c\u00f3mo presentar muchos art\u00edculos de forma clara y accesible, permitiendo a los consumidores consultar r\u00e1pidamente toda la colecci\u00f3n.<\/li>\n<li><strong>Tableros de anuncios y pantallas colgantes:\u00a0<\/strong>El estante rosa \u201cYCIO\u201d utiliza un sistema colgante, perfecto para los productos en paquetes agujereados. Esta disposici\u00f3n abierta y ventilada hace que cada art\u00edculo sea visible por separado y f\u00e1cil de coger.<\/li>\n<li><strong>Puestos de ensayo comprometidos:\u00a0<\/strong>Para una experiencia de costes, los sistemas probadores incorporados son esenciales. Las pantallas \u201cshowself\u201d y azul \u201cYCIO\u201d disponen de ranuras moldeadas a medida para cada tipo de producto: barras de labios, polvos y bases de maquillaje. De este modo, no s\u00f3lo se mantiene ordenada la pantalla, sino que se consigue un alto grado de tratamiento y calidad.<\/li>\n<\/ul>\n<p><strong>3. Marca y gr\u00e1ficos integrados:\u00a0<\/strong>. Su pantalla de visualizaci\u00f3n es su anuncio m\u00e1s famoso en la tienda. Integramos a la perfecci\u00f3n su marca para lograr el m\u00e1ximo efecto.<\/p>\n<ul>\n<li><strong>Cabecera y paneles laterales:\u00a0<\/strong>Estas ubicaciones de gran formato son un espacio privilegiado para su logotipo, elementos visuales esenciales e im\u00e1genes de campa\u00f1a. Desde la espectacular fotograf\u00eda de modelos en los stands \u201cshowself\u201d y \u201cYCIO\u201d hasta los vibrantes gr\u00e1ficos centrados en la marca, nos aseguramos de que su mensaje est\u00e9 en primer plano.<\/li>\n<li><strong>Combinaci\u00f3n de colores:\u00a0<\/strong>Podemos igualar exactamente los colores Pantone de su marca, garantizando una coherencia total desde el envase de su producto hasta su visibilidad en el punto de venta. La cohesi\u00f3n de los tonos en cada una de las fotos de ejemplo es un testimonio de esta meticulosa atenci\u00f3n a la informaci\u00f3n.<\/li>\n<\/ul>\n<p><img decoding=\"async\" class=\"size-full wp-image-1401\" src=\"https:\/\/customacrylicproduct.com\/wp-content\/uploads\/2025\/07\/Custom-Acrylic-Stand-Cosmetic-Display-4.jpg\" alt=\"Expositor acr\u00edlico personalizado para cosm\u00e9ticos (4)\" width=\"800\" height=\"800\" srcset=\"https:\/\/customacrylicproduct.com\/wp-content\/uploads\/2025\/07\/Custom-Acrylic-Stand-Cosmetic-Display-4.jpg 800w, https:\/\/customacrylicproduct.com\/wp-content\/uploads\/2025\/07\/Custom-Acrylic-Stand-Cosmetic-Display-4-300x300.jpg 300w, https:\/\/customacrylicproduct.com\/wp-content\/uploads\/2025\/07\/Custom-Acrylic-Stand-Cosmetic-Display-4-150x150.jpg 150w, https:\/\/customacrylicproduct.com\/wp-content\/uploads\/2025\/07\/Custom-Acrylic-Stand-Cosmetic-Display-4-768x768.jpg 768w, https:\/\/customacrylicproduct.com\/wp-content\/uploads\/2025\/07\/Custom-Acrylic-Stand-Cosmetic-Display-4-600x600.jpg 600w, https:\/\/customacrylicproduct.com\/wp-content\/uploads\/2025\/07\/Custom-Acrylic-Stand-Cosmetic-Display-4-100x100.jpg 100w\" sizes=\"(max-width: 800px) 100vw, 800px\" \/><\/p>\n<h4 id=\"-material-excellence-the-right-tool-for-your-message-\"><strong>Excelencia de los materiales: La herramienta adecuada para su mensaje<\/strong><\/h4>\n<p>Aunque el nombre indica \u201csoporte acr\u00edlico a medida\u201d, nuestra experiencia abarca una colecci\u00f3n completa de productos de primera calidad, elegidos para lograr el mejor equilibrio entre aspecto, longevidad y presupuesto.<\/p>\n<ul>\n<li><strong>Pol\u00edmero cristalino:\u00a0<\/strong>El pol\u00edmero (o plexigl\u00e1s) es el requisito de oro para los expositores est\u00e9ticos. Su claridad \u00f3ptica proporciona una sensaci\u00f3n de lujo y alta gama que permite que los productos ocupen el centro del escenario. Adem\u00e1s, es muy funcional, eficiente en su construcci\u00f3n, cortado con l\u00e1ser en formas detalladas e impreso con una resoluci\u00f3n impresionante. Se utiliza para probadores, frentes de seguridad y estanter\u00edas con clase.<\/li>\n<li><strong>Acero duradero y din\u00e1mico:\u00a0<\/strong>Para conseguir estabilidad arquitect\u00f3nica y un aspecto comercial contempor\u00e1neo, el metal es una excelente elecci\u00f3n. El armaz\u00f3n del stand rosa \u201cYCIO\u201d es un ejemplo ideal de c\u00f3mo puede utilizarse el metal para crear un armaz\u00f3n resistente pero ligero, que puede recubrirse de polvo en cualquier color imaginable.<\/li>\n<li><strong>Madera y MDF vers\u00e1tiles:\u00a0<\/strong>Para estructuras s\u00f3lidas y significativas, solemos utilizar madera o tableros de fibra de densidad media (MDF). Estos materiales son los mejores para el cuerpo principal de los quioscos y los soportes de suelo m\u00e1s grandes, ya que proporcionan una base duradera que puede acabarse con laminados, chapas o pintura de alta calidad, como se ve en las estructuras fundamentales de las pantallas \u201ckulio\u201d y \u201cshowself\u201d.<\/li>\n<li><strong>V\u00eddeo e iluminaci\u00f3n de gran impacto:\u00a0<\/strong>Una pantalla de visualizaci\u00f3n nace con gr\u00e1ficos y luz. Utilizamos modernas t\u00e9cnicas de impresi\u00f3n para obtener im\u00e1genes fotorrealistas y podemos integrar iluminaci\u00f3n LED para dar protagonismo a los productos, crear un efecto de halo alrededor de la cabecera o retroiluminar paneles enteros para conseguir un resplandor significativo e imperdible.<\/li>\n<\/ul>\n<h4 id=\"-the-perfect-gift-for-your-brand-name-\"><strong>El regalo perfecto para su marca<\/strong><\/h4>\n<p>\u00bfPor qu\u00e9 llamamos \u201cregalos\u201d a estos expositores? Porque invertir en un punto de venta personalizado es uno de los regalos m\u00e1s beneficiosos que puede hacer a su marca. Es un regalo de visibilidad, de mayor percepci\u00f3n y, en \u00faltima instancia, de mayores ventas. Es el paso final, esencial en su viaje de publicidad y marketing, asegur\u00e1ndose de que todo el esfuerzo que ha tomado en el establecimiento de un art\u00edculo excepcional es reconocido en la actualidad de la decisi\u00f3n.<\/p>\n<p>Tanto si va a lanzar una nueva l\u00ednea, como si va a entrar en una tienda importante, exponer en una feria o revitalizar la presencia de su marca en la tienda, nuestros expositores personalizados son la clave para lograr una percepci\u00f3n duradera. Trabajemos juntos para desarrollar la fase que deben tener sus productos. P\u00f3ngase en contacto con nosotros hoy mismo para empezar a desarrollar la siguiente maravillosa historia de \u00e9xito de su marca.<\/p>","protected":false},"excerpt":{"rendered":"<p class=\"ng-star-inserted\"><span class=\"ng-star-inserted\">Impulse su marca con nuestros expositores de cosm\u00e9ticos personalizados. Dise\u00f1amos llamativos quioscos de suelo y unidades de mostrador para maquillaje y cuidado de la piel. Expositores acr\u00edlicos y met\u00e1licos de alta calidad, totalmente personalizados con su logotipo y gr\u00e1ficos para atraer clientes e impulsar las ventas.<\/span><\/p>","protected":false},"featured_media":1398,"template":"","meta":{"_kad_post_transparent":"default","_kad_post_title":"","_kad_post_layout":"default","_kad_post_sidebar_id":"","_kad_post_content_style":"default","_kad_post_vertical_padding":"default","_kad_post_feature":"","_kad_post_feature_position":"","_kad_post_header":false,"_kad_post_footer":false,"_kad_post_classname":""},"product_brand":[],"product_cat":[15],"product_tag":[33],"class_list":{"0":"post-1397","1":"product","2":"type-product","3":"status-publish","4":"has-post-thumbnail","6":"product_cat-custom-acrylic-displays","7":"product_tag-custom-acrylic-display","9":"first","10":"instock","11":"shipping-taxable","12":"product-type-simple","13":"entry","14":"content-bg","15":"loop-entry"},"_links":{"self":[{"href":"https:\/\/customacrylicproduct.com\/es\/wp-json\/wp\/v2\/product\/1397","targetHints":{"allow":["GET"]}}],"collection":[{"href":"https:\/\/customacrylicproduct.com\/es\/wp-json\/wp\/v2\/product"}],"about":[{"href":"https:\/\/customacrylicproduct.com\/es\/wp-json\/wp\/v2\/types\/product"}],"wp:featuredmedia":[{"embeddable":true,"href":"https:\/\/customacrylicproduct.com\/es\/wp-json\/wp\/v2\/media\/1398"}],"wp:attachment":[{"href":"https:\/\/customacrylicproduct.com\/es\/wp-json\/wp\/v2\/media?parent=1397"}],"wp:term":[{"taxonomy":"product_brand","embeddable":true,"href":"https:\/\/customacrylicproduct.com\/es\/wp-json\/wp\/v2\/product_brand?post=1397"},{"taxonomy":"product_cat","embeddable":true,"href":"https:\/\/customacrylicproduct.com\/es\/wp-json\/wp\/v2\/product_cat?post=1397"},{"taxonomy":"product_tag","embeddable":true,"href":"https:\/\/customacrylicproduct.com\/es\/wp-json\/wp\/v2\/product_tag?post=1397"}],"curies":[{"name":"wp","href":"https:\/\/api.w.org\/{rel}","templated":true}]}}