{"id":1407,"date":"2025-07-21T04:20:16","date_gmt":"2025-07-21T04:20:16","guid":{"rendered":"https:\/\/customacrylicproduct.com\/?post_type=product&#038;p=1407"},"modified":"2025-07-21T06:29:46","modified_gmt":"2025-07-21T06:29:46","slug":"high-end-customized-acrylic-crafts-with-built-in-logo-plate","status":"publish","type":"product","link":"https:\/\/customacrylicproduct.com\/es\/high-end-customized-acrylic-crafts-with-built-in-logo-plate\/","title":{"rendered":"Artesan\u00eda acr\u00edlica personalizada de alta gama con placa para logotipo incorporada"},"content":{"rendered":"<h3 id=\"-celebrate-your-minutes-the-art-of-high-end-customized-acrylic-keepsakes-\"><strong>Celebre sus minutos: El arte de los recuerdos acr\u00edlicos personalizados de alta gama<\/strong><\/h3>\n<p>En un mundo de recuerdos electr\u00f3nicos fugaces y modas no reutilizables, existe una creciente necesidad de algo tangible, cl\u00e1sico y profundamente individual. Buscamos objetos que no s\u00f3lo capturen un momento, sino que tambi\u00e9n preserven su significado, convirtiendo un recuerdo en un testimonio f\u00edsico que pueda conservarse, presentarse y apreciarse durante toda la vida. De esta necesidad nace nuestra colecci\u00f3n de artesan\u00eda acr\u00edlica de alta gama hecha a medida, una excelente combinaci\u00f3n de arte moderno, personalizaci\u00f3n a medida y calidad excepcional.<\/p>\n<p>No son meras cajas o contenedores; son refugios cristalinos para sus historias m\u00e1s preciadas, dise\u00f1ados para impulsar el acto de regalar y recordar hasta convertirlo en un tipo de arte.<\/p>\n<p><img fetchpriority=\"high\" decoding=\"async\" class=\"size-full wp-image-1409\" src=\"https:\/\/customacrylicproduct.com\/wp-content\/uploads\/2025\/07\/Customized-Acrylic-Crafts-2.jpg\" alt=\"Artesan\u00eda acr\u00edlica personalizada (2)\" width=\"800\" height=\"800\" srcset=\"https:\/\/customacrylicproduct.com\/wp-content\/uploads\/2025\/07\/Customized-Acrylic-Crafts-2.jpg 800w, https:\/\/customacrylicproduct.com\/wp-content\/uploads\/2025\/07\/Customized-Acrylic-Crafts-2-300x300.jpg 300w, https:\/\/customacrylicproduct.com\/wp-content\/uploads\/2025\/07\/Customized-Acrylic-Crafts-2-150x150.jpg 150w, https:\/\/customacrylicproduct.com\/wp-content\/uploads\/2025\/07\/Customized-Acrylic-Crafts-2-768x768.jpg 768w, https:\/\/customacrylicproduct.com\/wp-content\/uploads\/2025\/07\/Customized-Acrylic-Crafts-2-600x600.jpg 600w, https:\/\/customacrylicproduct.com\/wp-content\/uploads\/2025\/07\/Customized-Acrylic-Crafts-2-100x100.jpg 100w\" sizes=\"(max-width: 800px) 100vw, 800px\" \/><\/p>\n<h4 id=\"-the-essence-of-modern-elegance-the-purity-of-costs-acrylic-\"><strong>La esencia de la elegancia moderna: La pureza del acr\u00edlico Costs<\/strong><\/h4>\n<p>En el coraz\u00f3n de cada desarrollo est\u00e1 el propio material: un grado excepcional de acr\u00edlico cristalino. T\u00edpicamente incorrecto para el vidrio debido a su calidad pr\u00edstina, \u00f3ptica, este pol\u00edmero de los costes utiliza mucho m\u00e1s. Posee una calidad superior luminosa que graba y refracta la luz, creando una pantalla espectacular que mejora la belleza de cualquier cosa que contenga. A diferencia del cristal, es resistente a las roturas y notablemente duradero, lo que garantiza que su recuerdo permanecer\u00e1 perfecto durante generaciones.<\/p>\n<p>Cada pieza se elabora cuidadosamente a partir de un bloque macizo de acr\u00edlico, lo que le confiere un peso considerable y lujoso que realmente se siente en las manos. Los bordes no s\u00f3lo se cortan, sino que se pulen con diamante hasta conseguir un revestimiento liso, similar al cristal, que elimina cualquier filo y produce una forma fluida y sin juntas. Tanto si elige la gracia contempor\u00e1nea y geom\u00e9trica de nuestro dise\u00f1o hexagonal como el icono universal y encantador del coraz\u00f3n, la forma se realiza con una precisi\u00f3n que habla de un profundo compromiso con la artesan\u00eda.<\/p>\n<p>Esta est\u00e9tica minimalista funciona como el lienzo perfecto. Sus l\u00edneas limpias y su naturaleza clara no compiten con sus objetos de valor, sino que los enmarcan, atrayendo la mirada hacia el interior y haciendo hincapi\u00e9 en la visi\u00f3n que representan.<\/p>\n<p><img decoding=\"async\" class=\"size-full wp-image-1410\" src=\"https:\/\/customacrylicproduct.com\/wp-content\/uploads\/2025\/07\/Customized-Acrylic-Crafts-3.jpg\" alt=\"Artesan\u00eda acr\u00edlica personalizada (3)\" width=\"800\" height=\"800\" srcset=\"https:\/\/customacrylicproduct.com\/wp-content\/uploads\/2025\/07\/Customized-Acrylic-Crafts-3.jpg 800w, https:\/\/customacrylicproduct.com\/wp-content\/uploads\/2025\/07\/Customized-Acrylic-Crafts-3-300x300.jpg 300w, https:\/\/customacrylicproduct.com\/wp-content\/uploads\/2025\/07\/Customized-Acrylic-Crafts-3-150x150.jpg 150w, https:\/\/customacrylicproduct.com\/wp-content\/uploads\/2025\/07\/Customized-Acrylic-Crafts-3-768x768.jpg 768w, https:\/\/customacrylicproduct.com\/wp-content\/uploads\/2025\/07\/Customized-Acrylic-Crafts-3-600x600.jpg 600w, https:\/\/customacrylicproduct.com\/wp-content\/uploads\/2025\/07\/Customized-Acrylic-Crafts-3-100x100.jpg 100w\" sizes=\"(max-width: 800px) 100vw, 800px\" \/><\/p>\n<h4 id=\"-the-art-of-customization-etching-your-tale-in-crystal-\"><strong>El arte de la personalizaci\u00f3n: Grabe su cuento en cristal<\/strong><\/h4>\n<p>La verdadera magia de estas artesan\u00edas acr\u00edlicas depende de su capacidad de cambio. Mediante una inscripci\u00f3n de \u00faltima generaci\u00f3n, transformamos un objeto elegante en un artefacto \u00fanico y profundamente personal. Aqu\u00ed es donde revive su historia.<\/p>\n<p><img decoding=\"async\" class=\"size-full wp-image-1408\" src=\"https:\/\/customacrylicproduct.com\/wp-content\/uploads\/2025\/07\/Customized-Acrylic-Crafts-1.jpg\" alt=\"Artesan\u00eda acr\u00edlica personalizada (1)\" width=\"800\" height=\"800\" srcset=\"https:\/\/customacrylicproduct.com\/wp-content\/uploads\/2025\/07\/Customized-Acrylic-Crafts-1.jpg 800w, https:\/\/customacrylicproduct.com\/wp-content\/uploads\/2025\/07\/Customized-Acrylic-Crafts-1-300x300.jpg 300w, https:\/\/customacrylicproduct.com\/wp-content\/uploads\/2025\/07\/Customized-Acrylic-Crafts-1-150x150.jpg 150w, https:\/\/customacrylicproduct.com\/wp-content\/uploads\/2025\/07\/Customized-Acrylic-Crafts-1-768x768.jpg 768w, https:\/\/customacrylicproduct.com\/wp-content\/uploads\/2025\/07\/Customized-Acrylic-Crafts-1-600x600.jpg 600w, https:\/\/customacrylicproduct.com\/wp-content\/uploads\/2025\/07\/Customized-Acrylic-Crafts-1-100x100.jpg 100w\" sizes=\"(max-width: 800px) 100vw, 800px\" \/><\/p>\n<p><strong>Para los hitos individuales:\u00a0<\/strong>. Imag\u00ednese una caja para anillos que no se limite a guardar el anillo. Como se ve en nuestra obra maestra hexagonal, puede llevar las mismas palabras que especifican su romance: \u201c\u00c9l tom\u00f3 su coraz\u00f3n, as\u00ed que ella tom\u00f3 su apellido\u201d. No es s\u00f3lo un recipiente; es la primera fase de su futuro compartido, grabada de forma permanente. Para una ceremonia de boda, acaba siendo una opci\u00f3n contempor\u00e1nea y notable al coj\u00edn para anillos est\u00e1ndar. Despu\u00e9s del \u201cs\u00ed, quiero\u201d, funciona como un hogar permanente para sus anillos o un bonito recordatorio de sus promesas en una mesilla de noche o un armario.<\/p>\n<p>Las posibilidades de personalizaci\u00f3n son ilimitadas:.<\/p>\n<ul>\n<li><strong>Nombres y fechas:\u00a0<\/strong>Celebre una boda, un aniversario o un nacimiento con un elegante manuscrito.<\/li>\n<li><strong>Citas significativas:\u00a0<\/strong>Grabe un verso preferido, una cita de una pel\u00edcula o un concepto individual.<\/li>\n<li><strong>Votos y garant\u00edas:\u00a0<\/strong>Inmortaliza las promesas que os hab\u00e9is hecho.<\/li>\n<li><strong>Iniciales f\u00e1ciles:\u00a0<\/strong>Para un toque de elegancia discreta y atemporal.<\/li>\n<\/ul>\n<p><strong>Para regalos de empresa y reconocimientos:\u00a0<\/strong>. La idea de la \u201cPlaca con dise\u00f1o de logotipo incorporado\u201d se reimagina aqu\u00ed mismo. A diferencia de una placa diferente, conectada, la identificaci\u00f3n de su negocio se incorpora directamente en la propia artesan\u00eda. Un logotipo, un lema de empresa o un mensaje de admiraci\u00f3n pueden inscribirse espec\u00edficamente en la superficie, creando un regalo de empresa sofisticado, notable y un reflejo real de la calidad superior de su marca.<\/p>\n<p>Aprovecha estas manualidades como:.<\/p>\n<ul>\n<li><strong>Regalos para clientes de alto nivel:\u00a0<\/strong>Un impresionante pisapapeles o dispositivo de escritorio que mantiene su marca en primer plano.<\/li>\n<li><strong>Premios de reconocimiento a los miembros del personal:\u00a0<\/strong>Un importante s\u00edmbolo de logro que parece mucho m\u00e1s \u00fanico que una placa convencional.<\/li>\n<li><strong>Celebraciones del punto de inflexi\u00f3n:\u00a0<\/strong>Celebre el aniversario de boda de una empresa o un logro importante de la organizaci\u00f3n.<\/li>\n<\/ul>\n<h4 id=\"-a-vessel-for-priceless-minutes-versatility-in-application-\"><strong>Un recipiente para minutos que no tienen precio: Versatilidad en la aplicaci\u00f3n<\/strong><\/h4>\n<p>Mientras que un excelente hogar para los anillos de celebraci\u00f3n de la boda, la utilidad de estas artesan\u00edas de acr\u00edlico se extiende a cada minuto sustancial en la vida. Est\u00e1n hechos para ser recipientes flexibles para cualquier tipo de peque\u00f1o, preciado recuerdo.<\/p>\n<ul>\n<li><strong>Caja de recuerdos:\u00a0<\/strong>La primera imagen, con su colecci\u00f3n de gemas vibrantes, muestra su funci\u00f3n como una hermosa vitrina. Util\u00edzala para guardar el primer rizo de un ni\u00f1o o un diente perdido, p\u00e9talos secos de un arreglo considerable, una moneda \u00fanica, arena de unas vacaciones memorables o cualquier tipo de adorno diminuto que encierre un universo de significado.<\/li>\n<li><strong>Caja de bisuter\u00eda:\u00a0<\/strong>M\u00e1s all\u00e1 de los anillos, es un hogar encantador para un conjunto de joyas de tesoro, un delicado colgante o una preciada colecci\u00f3n de gemelos. El estilo transparente implica que usted puede apreciar su joyer\u00eda de moda tambi\u00e9n cuando se guarda de distancia.<\/li>\n<li><strong>Art\u00edculo atractivo:\u00a0<\/strong>Tambi\u00e9n cuando est\u00e1 vac\u00eda, la pura belleza del tipo de acr\u00edlico abrillantado la convierte en una llamativa pieza de decoraci\u00f3n minimalista para el hogar. Puede colocarse sobre una pila de publicaciones, una repisa de chimenea o un moderno escritorio de trabajo, a\u00f1adiendo un toque de refinada belleza a cualquier espacio.<\/li>\n<\/ul>\n<h4 id=\"-uncompromising-high-quality-and-layout-facts-\"><strong>Hechos de alta calidad y dise\u00f1o sin concesiones<\/strong><\/h4>\n<p>Cada elemento de nuestras artesan\u00edas acr\u00edlicas ha sido elaborado con esmero para ofrecer una experiencia individual superior. El dispositivo de cierre es un buen ejemplo. Como se muestra en las piezas hexagonales separadas, utilizamos imanes de neodimio diminutos y potentes incrustados sin esfuerzo dentro del acr\u00edlico. Este innovador estilo garantiza un cierre seguro con una suavidad favorable.\u00a0<em>haga clic en\u00a0<\/em>, El contenido no corre ning\u00fan riesgo. No hay bisagras inc\u00f3modas ni cierres visibles que interrumpan la est\u00e9tica inmaculada, lo que da lugar a un dise\u00f1o que es a la vez funcional y est\u00e9ticamente puro.<\/p>\n<p>El compartimento interior est\u00e1 espec\u00edficamente rallado para ofrecer un espacio espec\u00edfico a sus materiales, evitando que se muevan y a\u00f1adiendo al mismo tiempo una capa m\u00e1s de profundidad est\u00e9tica. Este resultado de \u201ccaja dentro de una caja\u201d mejora la elegancia tridimensional de la pieza, haci\u00e9ndola cautivadora desde cualquier \u00e1ngulo.<\/p>\n<p><strong>En conclusi\u00f3n: Un regalo que acaba siendo un patrimonio<\/strong><\/p>\n<p>En un mundo que se desplaza a la velocidad del rayo, dedicar tiempo a desarrollar un objeto f\u00edsico personalizado es la mejor expresi\u00f3n de cari\u00f1o y consideraci\u00f3n. Nuestras artesan\u00edas acr\u00edlicas personalizadas de gama alta son m\u00e1s que simples regalos: son reliquias planificadas. Son una afirmaci\u00f3n de que un momento, una persona o un compromiso merecen ser conservados en una forma tan clara, fuerte y hermosa como el sentimiento que representan.<\/p>\n<p>Tanto si se lo est\u00e1 sugiriendo al amor de su vida, celebrando unas bodas de oro, reconociendo a un valioso miembro del personal, o simplemente buscando capturar un recuerdo de corta duraci\u00f3n, estas obras de arte acr\u00edlicas proporcionan un remedio atemporal y con estilo. Elija su forma, elija sus palabras, y producir un elemento sustancial de su historia que sin duda ser\u00e1 admirado y apreciado por todos los a\u00f1os venideros.<\/p>","protected":false},"excerpt":{"rendered":"<p class=\"ng-star-inserted\"><span class=\"ng-star-inserted\">Artesan\u00eda acr\u00edlica personalizada de alta gama con fuertes cierres magn\u00e9ticos. Perfectas como caja para alianzas personalizada, sofisticado soporte para recuerdos o regalo corporativo de marca. Las elegantes formas de hex\u00e1gono y coraz\u00f3n crean un expositor moderno y de primera calidad para sus objetos m\u00e1s preciados.<\/span><\/p>","protected":false},"featured_media":1409,"template":"","meta":{"_kad_post_transparent":"default","_kad_post_title":"","_kad_post_layout":"default","_kad_post_sidebar_id":"","_kad_post_content_style":"default","_kad_post_vertical_padding":"default","_kad_post_feature":"","_kad_post_feature_position":"","_kad_post_header":false,"_kad_post_footer":false,"_kad_post_classname":""},"product_brand":[],"product_cat":[20],"product_tag":[146],"class_list":{"0":"post-1407","1":"product","2":"type-product","3":"status-publish","4":"has-post-thumbnail","6":"product_cat-custom-acrylic-crafts","7":"product_tag-customized-acrylic-crafts","9":"first","10":"instock","11":"shipping-taxable","12":"product-type-simple","13":"entry","14":"content-bg","15":"loop-entry"},"_links":{"self":[{"href":"https:\/\/customacrylicproduct.com\/es\/wp-json\/wp\/v2\/product\/1407","targetHints":{"allow":["GET"]}}],"collection":[{"href":"https:\/\/customacrylicproduct.com\/es\/wp-json\/wp\/v2\/product"}],"about":[{"href":"https:\/\/customacrylicproduct.com\/es\/wp-json\/wp\/v2\/types\/product"}],"wp:featuredmedia":[{"embeddable":true,"href":"https:\/\/customacrylicproduct.com\/es\/wp-json\/wp\/v2\/media\/1409"}],"wp:attachment":[{"href":"https:\/\/customacrylicproduct.com\/es\/wp-json\/wp\/v2\/media?parent=1407"}],"wp:term":[{"taxonomy":"product_brand","embeddable":true,"href":"https:\/\/customacrylicproduct.com\/es\/wp-json\/wp\/v2\/product_brand?post=1407"},{"taxonomy":"product_cat","embeddable":true,"href":"https:\/\/customacrylicproduct.com\/es\/wp-json\/wp\/v2\/product_cat?post=1407"},{"taxonomy":"product_tag","embeddable":true,"href":"https:\/\/customacrylicproduct.com\/es\/wp-json\/wp\/v2\/product_tag?post=1407"}],"curies":[{"name":"wp","href":"https:\/\/api.w.org\/{rel}","templated":true}]}}