{"id":1412,"date":"2025-07-21T06:47:41","date_gmt":"2025-07-21T06:47:41","guid":{"rendered":"https:\/\/customacrylicproduct.com\/?post_type=product&#038;p=1412"},"modified":"2025-07-21T06:47:41","modified_gmt":"2025-07-21T06:47:41","slug":"colorful-acrylic-rod-bar-decor-customized-accessories","status":"publish","type":"product","link":"https:\/\/customacrylicproduct.com\/es\/colorful-acrylic-rod-bar-decor-customized-accessories\/","title":{"rendered":"Barra de acr\u00edlico de colores Decoraci\u00f3n Accesorios personalizados"},"content":{"rendered":"<h3 id=\"unleash-your-creativity-the-clear-cut-overview-to-colorful-polymer-rods-for-present-decor-and-customized-accessories\">D\u00e9 rienda suelta a su creatividad: La visi\u00f3n clara de las varillas de pol\u00edmero de colores para regalo, decoraci\u00f3n y accesorios personalizados<\/h3>\n<p>Ad\u00e9ntrese en un mundo en el que la sombra, la luz y la tipograf\u00eda se combinan para producir art\u00edculos de magn\u00edfica sencillez e innumerable capacidad. Estamos encantados de presentar nuestra colecci\u00f3n premium de barras y pubs de pol\u00edmero de colores, un medio funcional e impresionantemente bello hecho para inspirar a desarrolladores, m\u00fasicos, entusiastas del bricolaje y a cualquiera que tenga buen ojo para las apariencias modernas. Si usted est\u00e1 conceptualizando una pieza \u00fanica de decoraci\u00f3n del hogar, la b\u00fasqueda de un regalo genuinamente personalizado, o la b\u00fasqueda de piezas de primera clase para un trabajo personalizado, estas barras de acr\u00edlico ofrecen una excelente mezcla de durabilidad, belleza y viva individualidad.<\/p>\n<p><img fetchpriority=\"high\" decoding=\"async\" class=\"size-full wp-image-1419\" src=\"https:\/\/customacrylicproduct.com\/wp-content\/uploads\/2025\/07\/Colorful-Acrylic-Rod-3.jpg\" alt=\"Varilla acr\u00edlica de colores (3)\" width=\"800\" height=\"800\" srcset=\"https:\/\/customacrylicproduct.com\/wp-content\/uploads\/2025\/07\/Colorful-Acrylic-Rod-3.jpg 800w, https:\/\/customacrylicproduct.com\/wp-content\/uploads\/2025\/07\/Colorful-Acrylic-Rod-3-300x300.jpg 300w, https:\/\/customacrylicproduct.com\/wp-content\/uploads\/2025\/07\/Colorful-Acrylic-Rod-3-150x150.jpg 150w, https:\/\/customacrylicproduct.com\/wp-content\/uploads\/2025\/07\/Colorful-Acrylic-Rod-3-768x768.jpg 768w, https:\/\/customacrylicproduct.com\/wp-content\/uploads\/2025\/07\/Colorful-Acrylic-Rod-3-600x600.jpg 600w, https:\/\/customacrylicproduct.com\/wp-content\/uploads\/2025\/07\/Colorful-Acrylic-Rod-3-100x100.jpg 100w\" sizes=\"(max-width: 800px) 100vw, 800px\" \/><\/p>\n<h4 id=\"the-intrinsic-beauty-and-prevalence-of-acrylic\">La belleza intr\u00ednseca y la prevalencia del acr\u00edlico<\/h4>\n<p>Antes de entrar en la gama de aplicaciones imaginativas, es esencial entender el material en s\u00ed. Nuestras varillas est\u00e1n fabricadas con polimetacrilato de metilo (PMMA) de alta calidad, m\u00e1s conocido como acr\u00edlico, plexigl\u00e1s o Lucite. Este policarbonato excepcional es conmemorado por sus casas que a menudo superan los productos t\u00edpicos como el vidrio.<\/p>\n<p>En primer lugar est\u00e1 su\u00a0<strong>calidad \u00f3ptica\u00a0<\/strong>. Como se aprecia en nuestras varillas cristalinas e infundidas con burbujas, el material hace alarde de una transmitancia de la luz de hasta 92%, lo que lo hace m\u00e1s claro que el cristal. Esto permite que la luz viaje a trav\u00e9s del material y lo atraviese de forma cautivadora, creando radiancias luminosas y grandes reflejos. A diferencia del vidrio, que puede tener un color verdoso, nuestro acr\u00edlico transparente, como se muestra en la tercera imagen, es bello e incoloro, lo que proporciona una base perfecta para un color puro y sin adulterar.<\/p>\n<p>M\u00e1s all\u00e1 de su belleza, el pol\u00edmero es\u00a0<strong>extremadamente resistente\u00a0<\/strong>. Es mucho m\u00e1s resistente a la rotura que el vidrio, lo que lo convierte en una opci\u00f3n m\u00e1s segura y pr\u00e1ctica para una amplia gama de aplicaciones, como muebles, elementos de construcci\u00f3n y productos en lugares muy transitados. A pesar de su resistencia, es\u00a0<strong>extremadamente ligero\u00a0<\/strong>- pesa menos de la mitad que el vidrio, lo que facilita su manipulaci\u00f3n, instalaci\u00f3n y entrega. Adem\u00e1s, el material es resistente a la intemperie y mantiene su color y claridad a lo largo del tiempo sin amarillear, lo que garantiza que sus creaciones seguir\u00e1n vivas durante muchos a\u00f1os.<\/p>\n<p><img decoding=\"async\" class=\"size-full wp-image-1420\" src=\"https:\/\/customacrylicproduct.com\/wp-content\/uploads\/2025\/07\/Colorful-Acrylic-Rod-4.jpg\" alt=\"Varilla acr\u00edlica de colores (4)\" width=\"750\" height=\"750\" srcset=\"https:\/\/customacrylicproduct.com\/wp-content\/uploads\/2025\/07\/Colorful-Acrylic-Rod-4.jpg 750w, https:\/\/customacrylicproduct.com\/wp-content\/uploads\/2025\/07\/Colorful-Acrylic-Rod-4-300x300.jpg 300w, https:\/\/customacrylicproduct.com\/wp-content\/uploads\/2025\/07\/Colorful-Acrylic-Rod-4-150x150.jpg 150w, https:\/\/customacrylicproduct.com\/wp-content\/uploads\/2025\/07\/Colorful-Acrylic-Rod-4-600x600.jpg 600w, https:\/\/customacrylicproduct.com\/wp-content\/uploads\/2025\/07\/Colorful-Acrylic-Rod-4-100x100.jpg 100w\" sizes=\"(max-width: 750px) 100vw, 750px\" \/><\/p>\n<h4 id=\"a-cosmos-of-modification-within-your-reaches\">Un cosmos de modificaciones a su alcance<\/h4>\n<p>La verdadera magia de nuestra colecci\u00f3n de postes acr\u00edlicos reside en su incomparable potencial de personalizaci\u00f3n. Nuestro equipo cree que su visi\u00f3n no debe verse limitada por los art\u00edculos est\u00e1ndar. Por eso ofrecemos un conjunto detallado de alternativas para dar vida a sus ideas \u00fanicas.<\/p>\n<p><strong>1. Un deslumbrante espectro de estilos de color:\u00a0<\/strong>. Como se aprecia en nuestras im\u00e1genes, ofrecemos una fant\u00e1stica variedad de colores fuertes y transl\u00facidos. Desde un naranja intenso y un rojo resplandeciente hasta un azul zafiro profundo, un verde el\u00e9ctrico, un p\u00farpura abundante y un amarillo soleado, nuestros postes est\u00e1n impregnados de sombra por dentro y por fuera. No se trata de una pintura superficial ni de una pel\u00edcula barata; el pigmento se incorpora directamente al acr\u00edlico durante el proceso de extendido, lo que garantiza un tono uniforme, profundo y luminiscente que no se astilla ni desti\u00f1e. La primera foto, con su arco iris de barras largas y delgadas, ilustra perfectamente la vivacidad que puede esperar. Tambi\u00e9n ofrecemos el transparente tradicional y un blanco lechoso y opaco para dise\u00f1os a\u00fan m\u00e1s minimalistas o diferentes. \u00bfNecesita un color de detalle que se adapte a la identificaci\u00f3n de su marca o a su paleta de dise\u00f1o interior? Podemos tratar con usted la combinaci\u00f3n de colores personalizada para proyectos de mayor envergadura.<\/p>\n<p><strong>2. Adaptado a sus medidas:\u00a0<\/strong>. El pensamiento creativo no reconoce una sola dimensi\u00f3n. Las im\u00e1genes ofrecidas muestran la adaptabilidad de la forma, desde las largas y estilizadas varas, mejores para acentos decorativos, hasta los cortos y significativos tubos c\u00edndricos de la 2\u00aa foto, que pueden servir como resistentes bases o bloques escult\u00f3ricos. Podemos personalizar tanto el tama\u00f1o como la longitud de las varas seg\u00fan sus especificaciones exactas. Tanto si necesita varillas delgadas y delicadas para un m\u00f3vil, pilares gruesos para patas de muebles o segmentos exactamente reducidos para piezas industriales, nuestro procedimiento de fabricaci\u00f3n permite una precisi\u00f3n extraordinaria.<\/p>\n<p><strong>3. Resultados interiores \u00fanicos para a\u00f1adir un elemento \u201cWow\u201d:\u00a0<\/strong>. Para los que buscan algo realmente extraordinario, ofrecemos atractivos impactos interiores. Nuestra alternativa m\u00e1s popular, destacada en la cuarta foto, es el \u201cposte burbuja\u201d. Introduciendo h\u00e1bilmente burbujas de aire durante el proceso de fabricaci\u00f3n, creamos un patr\u00f3n din\u00e1mico y burbujeante dentro del acr\u00edlico s\u00f3lido. Estas burbujas capturadas interact\u00faan con la luz, propag\u00e1ndola para desarrollar un resultado brillante y vivo que a\u00f1ade estructura e intriga visual. Este dise\u00f1o es excelente para luminarias, fuentes de agua y obras de arte en las que se desee crear una sensaci\u00f3n de actividad y diversi\u00f3n.<\/p>\n<p><img decoding=\"async\" class=\"size-full wp-image-1418\" src=\"https:\/\/customacrylicproduct.com\/wp-content\/uploads\/2025\/07\/Colorful-Acrylic-Rod-2.jpg\" alt=\"Varilla acr\u00edlica de colores (2)\" width=\"750\" height=\"750\" srcset=\"https:\/\/customacrylicproduct.com\/wp-content\/uploads\/2025\/07\/Colorful-Acrylic-Rod-2.jpg 750w, https:\/\/customacrylicproduct.com\/wp-content\/uploads\/2025\/07\/Colorful-Acrylic-Rod-2-300x300.jpg 300w, https:\/\/customacrylicproduct.com\/wp-content\/uploads\/2025\/07\/Colorful-Acrylic-Rod-2-150x150.jpg 150w, https:\/\/customacrylicproduct.com\/wp-content\/uploads\/2025\/07\/Colorful-Acrylic-Rod-2-600x600.jpg 600w, https:\/\/customacrylicproduct.com\/wp-content\/uploads\/2025\/07\/Colorful-Acrylic-Rod-2-100x100.jpg 100w\" sizes=\"(max-width: 750px) 100vw, 750px\" \/><\/p>\n<h4 id=\"motivation-unleashed-a-world-of-applications-\">Motivaci\u00f3n desatada: Un mundo de aplicaciones<\/h4>\n<p>La adaptabilidad de estos postes acr\u00edlicos personalizados los hace apropiados para una serie casi infinita de tareas. A continuaci\u00f3n se presentan simplemente un par de conceptos para obtener sus engranajes imaginativos transformando:.<\/p>\n<ul>\n<li><strong>Dise\u00f1o arquitect\u00f3nico y de interiores:\u00a0<\/strong>Eleve cualquier tipo de espacio con elementos acr\u00edlicos personalizados. Piense en los balaustres luminiscentes de las escaleras que captan el sol de la ma\u00f1ana, en los vivos separadores de espacios que delimitan las zonas sin bloquear la luz, o en los tiradores y accesorios de los armarios, aerodin\u00e1micos y vibrantes, que aportan un toque contempor\u00e1neo a una cocina o un lavabo.<\/li>\n<li><strong>Dise\u00f1o de mobiliario:\u00a0<\/strong>Produzca muebles magn\u00edficos y contempor\u00e1neos. Utilice varillas gruesas, transparentes o de colores como patas de mesa que produzcan la impresi\u00f3n de ir a la deriva. Incorp\u00f3relas a los respaldos de las sillas, a los cabeceros de las camas o como acentos ornamentales en estanter\u00edas para conseguir un aspecto de alta gama hecho a medida.<\/li>\n<li><strong>Comercio minorista y merchandising visual:\u00a0<\/strong>Haga que sus art\u00edculos destaquen. Estas varillas son excelentes para crear llamativos expositores de productos, se\u00f1alizaci\u00f3n personalizada y accesorios para puntos de venta. Sus colores vivos y sus propiedades para captar la luz en entornos residenciales o comerciales atraen a los clientes y aumentan el valor del producto.<\/li>\n<li><strong>Arte y escultura:\u00a0<\/strong>Para el artista, estos postes son una herramienta de ensue\u00f1o. Permite crear esculturas interactivas con la luz, desarrollar instalaciones masivas que juegan con el color y la transparencia, o utilizar elementos cortados para complejas obras de estilo mosaico. Los postes burbuja son especialmente eficaces para crear piezas que estimulen sensaciones acu\u00e1ticas, a\u00e9reas o c\u00f3smicas.<\/li>\n<li><strong>Regalos personalizados y proyectos h\u00e1galo usted mismo:\u00a0<\/strong>Aqu\u00ed es donde irradia la verdadera personalizaci\u00f3n.<\/li>\n<li><strong>Honores y trofeos personalizados:\u00a0<\/strong>Produzca un premio \u00fanico inscribiendo un poste transparente o tintado.<\/li>\n<li><strong>Soportes para joyas preciosas:\u00a0<\/strong>Un conjunto de varillas cortas y coloridas puede colocarse en una base para obtener un bonito y funcional soporte para anillos y pulseras.<\/li>\n<li><strong>Piezas para aficionados:\u00a0<\/strong>Util\u00edcelos como mangos para herramientas personalizadas, bases para versiones o componentes en arte cin\u00e9tico.<\/li>\n<li><strong>Estilo Wayward:\u00a0<\/strong>Dise\u00f1a vibrantes \u201cpalos m\u00e1gicos\u201d para la zona de un ni\u00f1o, crea un m\u00f3vil colgante o una estanter\u00eda para toallas \u00fanica en su especie.<\/li>\n<\/ul>\n<h4 id=\"our-commitment-to-top-quality-\">Nuestro compromiso con la m\u00e1xima calidad<\/h4>\n<p>Cada varilla acr\u00edlica que creamos es una prueba de nuestro compromiso con la calidad. S\u00f3lo utilizamos PMMA virgen de primera calidad para garantizar la m\u00e1xima calidad y resistencia. Cada varilla se elabora meticulosamente, ya sea una sombra s\u00f3lida, una barra cristalina o una intrincada varilla de burbuja. Nuestro procedimiento de corte es preciso, y podemos entregar varillas con una cara pulida a la llama, parecida al cristal, o con un acabado pulcro, mate, cortado con sierra, seg\u00fan sus necesidades.<\/p>\n<p>Su creatividad es el \u00fanico proyecto que necesita. Estamos a continuaci\u00f3n para ser sus socios en la producci\u00f3n, dando a los productos de primera calidad que va a transformar sus principios a la derecha en realidades sustanciales, encantadoras.<\/p>\n<p><strong>Consulte las oportunidades hoy mismo. P\u00f3ngase en contacto con nuestro grupo para revisar su trabajo, solicitar un presupuesto u obtener un ejemplo. Desarrollemos juntos algo brillante.\u00a0<\/strong>.<\/p>","protected":false},"excerpt":{"rendered":"<p class=\"ng-star-inserted\"><span class=\"ng-star-inserted\">Descubra las barras acr\u00edlicas de alta calidad. Elija entre una gama de vivos colores lisos, transparentes o llamativos dise\u00f1os de burbujas. Perfectas para decoraci\u00f3n personalizada, acentos arquitect\u00f3nicos y proyectos creativos de bricolaje.<\/span><\/p>","protected":false},"featured_media":1419,"template":"","meta":{"_kad_post_transparent":"default","_kad_post_title":"","_kad_post_layout":"default","_kad_post_sidebar_id":"","_kad_post_content_style":"default","_kad_post_vertical_padding":"default","_kad_post_feature":"","_kad_post_feature_position":"","_kad_post_header":false,"_kad_post_footer":false,"_kad_post_classname":""},"product_brand":[],"product_cat":[23],"product_tag":[147],"class_list":{"0":"post-1412","1":"product","2":"type-product","3":"status-publish","4":"has-post-thumbnail","6":"product_cat-custom-acrylic-rods-tubes","7":"product_tag-colorful-acrylic-rod","9":"first","10":"instock","11":"shipping-taxable","12":"product-type-simple","13":"entry","14":"content-bg","15":"loop-entry"},"_links":{"self":[{"href":"https:\/\/customacrylicproduct.com\/es\/wp-json\/wp\/v2\/product\/1412","targetHints":{"allow":["GET"]}}],"collection":[{"href":"https:\/\/customacrylicproduct.com\/es\/wp-json\/wp\/v2\/product"}],"about":[{"href":"https:\/\/customacrylicproduct.com\/es\/wp-json\/wp\/v2\/types\/product"}],"wp:featuredmedia":[{"embeddable":true,"href":"https:\/\/customacrylicproduct.com\/es\/wp-json\/wp\/v2\/media\/1419"}],"wp:attachment":[{"href":"https:\/\/customacrylicproduct.com\/es\/wp-json\/wp\/v2\/media?parent=1412"}],"wp:term":[{"taxonomy":"product_brand","embeddable":true,"href":"https:\/\/customacrylicproduct.com\/es\/wp-json\/wp\/v2\/product_brand?post=1412"},{"taxonomy":"product_cat","embeddable":true,"href":"https:\/\/customacrylicproduct.com\/es\/wp-json\/wp\/v2\/product_cat?post=1412"},{"taxonomy":"product_tag","embeddable":true,"href":"https:\/\/customacrylicproduct.com\/es\/wp-json\/wp\/v2\/product_tag?post=1412"}],"curies":[{"name":"wp","href":"https:\/\/api.w.org\/{rel}","templated":true}]}}