{"id":1421,"date":"2025-07-21T06:58:40","date_gmt":"2025-07-21T06:58:40","guid":{"rendered":"https:\/\/customacrylicproduct.com\/?post_type=product&#038;p=1421"},"modified":"2025-07-21T06:58:41","modified_gmt":"2025-07-21T06:58:41","slug":"custom-acrylic-trophy-employee-inspirational-acrylic-sign-prizes","status":"publish","type":"product","link":"https:\/\/customacrylicproduct.com\/es\/custom-acrylic-trophy-employee-inspirational-acrylic-sign-prizes\/","title":{"rendered":"Trofeo Acr\u00edlico Personalizado Empleado Signo Acr\u00edlico Inspirador Premios"},"content":{"rendered":"<h3 id=\"-commemorate-excellence-the-ultimate-collection-of-custom-polymer-trophies-inspirational-awards-\"><strong>Conmemore la excelencia: La Colecci\u00f3n Definitiva de Trofeos de Pol\u00edmero Personalizados y Premios Inspiradores<\/strong><\/h3>\n<p>En el panorama laboral actual, la moneda de cambio m\u00e1s eficaz no es la remuneraci\u00f3n, sino el reconocimiento. Reconocer el esfuerzo, la dedicaci\u00f3n y el \u00e9xito excepcional de sus empleados es la base de una plantilla favorable, motivada y fiel. Pero, \u00bfc\u00f3mo compartir este aprecio de una manera que sea a la vez intencionada y duradera, algo que trascienda un simple correo electr\u00f3nico o una referencia fugaz en una reuni\u00f3n?<\/p>\n<p>Presentamos nuestra primera colecci\u00f3n de\u00a0<strong>Trofeos de acr\u00edlico personalizados y premios inspiradores para miembros del personal\u00a0<\/strong>- un servicio avanzado, moderno y sincero desarrollado para honrar a las verdaderas estrellas de su organizaci\u00f3n. Al\u00e9jese de los premios anticuados y voluminosos y d\u00e9 la bienvenida al sofisticado y cristalino resplandor del acr\u00edlico. Estos honores son algo m\u00e1s que simples premios; son recuerdos maravillosamente elaborados que sirven como muestra diaria del valor de una persona, un testamento de sus pagos y un icono eficaz de una sociedad empresarial que celebra a sus individuos.<\/p>\n<p><img fetchpriority=\"high\" decoding=\"async\" class=\"wp-image-1425 size-large aligncenter\" src=\"https:\/\/customacrylicproduct.com\/wp-content\/uploads\/2025\/07\/Custom-Acrylic-Trophy-4-1024x1024.jpg\" alt=\"Trofeo acr\u00edlico personalizado (4)\" width=\"1024\" height=\"1024\" srcset=\"https:\/\/customacrylicproduct.com\/wp-content\/uploads\/2025\/07\/Custom-Acrylic-Trophy-4-1024x1024.jpg 1024w, https:\/\/customacrylicproduct.com\/wp-content\/uploads\/2025\/07\/Custom-Acrylic-Trophy-4-300x300.jpg 300w, https:\/\/customacrylicproduct.com\/wp-content\/uploads\/2025\/07\/Custom-Acrylic-Trophy-4-150x150.jpg 150w, https:\/\/customacrylicproduct.com\/wp-content\/uploads\/2025\/07\/Custom-Acrylic-Trophy-4-768x768.jpg 768w, https:\/\/customacrylicproduct.com\/wp-content\/uploads\/2025\/07\/Custom-Acrylic-Trophy-4-600x600.jpg 600w, https:\/\/customacrylicproduct.com\/wp-content\/uploads\/2025\/07\/Custom-Acrylic-Trophy-4-100x100.jpg 100w, https:\/\/customacrylicproduct.com\/wp-content\/uploads\/2025\/07\/Custom-Acrylic-Trophy-4.jpg 1500w\" sizes=\"(max-width: 1024px) 100vw, 1024px\" \/><\/p>\n<h4 id=\"-unequaled-quality-unforgettable-visibility-\"><strong>Calidad inigualable, visibilidad inolvidable<\/strong><\/h4>\n<p>Cada honor de nuestra colecci\u00f3n comienza con una pieza de acr\u00edlico de \u00faltima generaci\u00f3n, elegido por su extraordinaria calidad y resistencia. Este material proporciona la espectacular elegancia del cristal, que refracta la luz, pero con ventajas excepcionales y contempor\u00e1neas. Es resistente a la rotura, ligero y no amarillea con el tiempo, lo que garantiza que su gesto de admiraci\u00f3n seguir\u00e1 siendo excelente durante muchos a\u00f1os.<\/p>\n<p>Cada pieza se corta con precisi\u00f3n y sus lados se pulen con diamante hasta obtener una superficie lisa y luminosa, que desarrolla un aspecto impecable desde todos los \u00e1ngulos. Los mensajes motivadores y los detalles personalizados se aplican utilizando tecnolog\u00edas avanzadas de grabado por l\u00e1ser e impresi\u00f3n de alta resoluci\u00f3n. Este procedimiento produce mensajes incre\u00edblemente n\u00edtidos y gr\u00e1ficos vivos que se adhieren permanentemente al acr\u00edlico, asegurando que nunca se desvanecer\u00e1n, despegar\u00e1n o desgastar\u00e1n. Con el apoyo de una base acr\u00edlica resistente y perfectamente equilibrada, cada trofeo se mantiene en pie con estabilidad y gracia, lo que lo convierte en una mejora de honor para cualquier tipo de escritorio, estanter\u00eda o vitrina.<\/p>\n<p><img decoding=\"async\" class=\"wp-image-1424 size-large aligncenter\" src=\"https:\/\/customacrylicproduct.com\/wp-content\/uploads\/2025\/07\/Custom-Acrylic-Trophy-3-1-1024x1024.jpg\" alt=\"Trofeo acr\u00edlico personalizado (3)\" width=\"1024\" height=\"1024\" srcset=\"https:\/\/customacrylicproduct.com\/wp-content\/uploads\/2025\/07\/Custom-Acrylic-Trophy-3-1-1024x1024.jpg 1024w, https:\/\/customacrylicproduct.com\/wp-content\/uploads\/2025\/07\/Custom-Acrylic-Trophy-3-1-300x300.jpg 300w, https:\/\/customacrylicproduct.com\/wp-content\/uploads\/2025\/07\/Custom-Acrylic-Trophy-3-1-150x150.jpg 150w, https:\/\/customacrylicproduct.com\/wp-content\/uploads\/2025\/07\/Custom-Acrylic-Trophy-3-1-768x768.jpg 768w, https:\/\/customacrylicproduct.com\/wp-content\/uploads\/2025\/07\/Custom-Acrylic-Trophy-3-1-600x600.jpg 600w, https:\/\/customacrylicproduct.com\/wp-content\/uploads\/2025\/07\/Custom-Acrylic-Trophy-3-1-100x100.jpg 100w, https:\/\/customacrylicproduct.com\/wp-content\/uploads\/2025\/07\/Custom-Acrylic-Trophy-3-1.jpg 1500w\" sizes=\"(max-width: 1024px) 100vw, 1024px\" \/><\/p>\n<h4 id=\"-a-design-for-each-achievement-a-design-for-every-celebrity-\"><strong>Un dise\u00f1o para cada logro, un dise\u00f1o para cada celebridad<\/strong><\/h4>\n<p>Nuestra cuidada colecci\u00f3n ofrece una diversa gama de formas y dise\u00f1os, lo que le permite descubrir el mejor honor para reflejar el determinado logro y la personalidad del destinatario.<\/p>\n<ul>\n<li><strong>La serie Octagon tradicional:\u00a0<\/strong>Signo de dureza, estabilidad y talento complejo, el trofeo octogonal es una opci\u00f3n cl\u00e1sica para una amplia selecci\u00f3n de reconocimientos. Sus l\u00edneas limpias son el mejor lienzo para nuestros mensajes motivacionales predise\u00f1ados que llegan directamente al coraz\u00f3n del reconocimiento:.<\/li>\n<li><strong>\u201d Gran trabajo\u201d\u00a0<\/strong>: Combinado con un reluciente icono dorado de trofeo, este es el honor perfecto para reconocer el esfuerzo constante, la finalizaci\u00f3n de proyectos y la eficacia fiable.<\/li>\n<li><strong>\u201d \u00a1Bien hecho!\u201d\u00a0<\/strong>: Un estilo de luz verde alegre y universalmente reconocido que proporciona un est\u00edmulo agradable e inmediato de refuerzo positivo.<\/li>\n<li><strong>\u201d Asombroso\u201d\u00a0<\/strong>: Fijado con un estandarte y tres estrellas radiantes, este premio est\u00e1 reservado a quienes han ido realmente m\u00e1s all\u00e1, proporcionando resultados asombrosos.<\/li>\n<li><strong>\u201d Tiemblas\u201d\u00a0<\/strong>: Un m\u00e9todo sorprendente, contempor\u00e1neo y desenfadado para homenajear a un empleado cuya mentalidad positiva y notables habilidades han tenido un impacto real.<\/li>\n<li><strong>\u201d \u00a1Felicidades! Lo has conseguido!\u201d\u00a0<\/strong>: Este dise\u00f1o, lleno de energ\u00eda festiva, es ideal para marcar hitos importantes, alcanzar objetivos entusiastas y lograr metas significativas.<\/li>\n<li><strong>\u201d T\u00fa marcas la diferencia\u201d\u00a0<\/strong>: Enmarcado por una elegante corona de laurel, este es un mensaje muy significativo para reconocer a un miembro del personal cuya influencia y pagos se dejan sentir en todo el grupo o empresa.<\/li>\n<li><strong>Premio a la Celebridad Motivacional:\u00a0<\/strong>Para sus verdaderas estrellas del espect\u00e1culo, \u00bfqu\u00e9 podr\u00eda ser mejor que un honor en su forma? Nuestros trofeos esculpidos para famosos se crean no s\u00f3lo para reconocer un \u00e9xito, sino tambi\u00e9n para honrar a la persona. Grabado con una encantadora constelaci\u00f3n de estrellas m\u00e1s peque\u00f1as, lleva el extenso mensaje:\u00a0<em>\u201d Que te sientas orgulloso del trabajo que haces, de la persona que eres y de la diferencia que marcas\u201d.\u201d\u00a0<\/em>Este honor trasciende una \u00fanica ocasi\u00f3n; es un tributo a la personalidad de un trabajador, a su estabilidad y a su impacto favorable en general. Su silueta creativa y vibrante lo convierte en un impresionante elemento de arte de escritorio que motiva la satisfacci\u00f3n cada d\u00eda. Se ofrece por separado o en paquetes m\u00faltiples sin complicaciones, y es ideal para el reconocimiento de todo el equipo.<\/li>\n<li><strong>El Escudo de Honor:\u00a0<\/strong>Para las distinciones m\u00e1s respetadas, nuestro galard\u00f3n en forma de escudo se erige como un eficaz emblema de honradez, defensa y logros diferenciados. Su presencia intemporal e imponente lo convierte en el veh\u00edculo supremo para un reconocimiento totalmente individualizado.<\/li>\n<\/ul>\n<p><img decoding=\"async\" class=\"wp-image-1423 size-large aligncenter\" src=\"https:\/\/customacrylicproduct.com\/wp-content\/uploads\/2025\/07\/Custom-Acrylic-Trophy-2-1-1024x1024.jpg\" alt=\"Trofeo acr\u00edlico personalizado (2)\" width=\"1024\" height=\"1024\" srcset=\"https:\/\/customacrylicproduct.com\/wp-content\/uploads\/2025\/07\/Custom-Acrylic-Trophy-2-1-1024x1024.jpg 1024w, https:\/\/customacrylicproduct.com\/wp-content\/uploads\/2025\/07\/Custom-Acrylic-Trophy-2-1-300x300.jpg 300w, https:\/\/customacrylicproduct.com\/wp-content\/uploads\/2025\/07\/Custom-Acrylic-Trophy-2-1-150x150.jpg 150w, https:\/\/customacrylicproduct.com\/wp-content\/uploads\/2025\/07\/Custom-Acrylic-Trophy-2-1-768x768.jpg 768w, https:\/\/customacrylicproduct.com\/wp-content\/uploads\/2025\/07\/Custom-Acrylic-Trophy-2-1-600x600.jpg 600w, https:\/\/customacrylicproduct.com\/wp-content\/uploads\/2025\/07\/Custom-Acrylic-Trophy-2-1-100x100.jpg 100w, https:\/\/customacrylicproduct.com\/wp-content\/uploads\/2025\/07\/Custom-Acrylic-Trophy-2-1.jpg 1500w\" sizes=\"(max-width: 1024px) 100vw, 1024px\" \/><\/p>\n<h4 id=\"-the-power-of-customization-make-it-their-tale-\"><strong>El poder de la personalizaci\u00f3n: Haz que sea su cuento<\/strong><\/h4>\n<p>El verdadero coraz\u00f3n de nuestra colecci\u00f3n depende de la capacidad de producir un premio totalmente distinto. Aunque nuestras opciones predise\u00f1adas son impactantes, un premio a medida transforma un regalo en un recuerdo entra\u00f1able. Nuestro premio escudo completamente personalizado, y otros modelos, le permiten crear un homenaje distintivo definiendo:.<\/p>\n<ul>\n<li><strong>Premio personalizado al t\u00edtulo:\u00a0<\/strong>Ir m\u00e1s all\u00e1 de \u201cMiembro del personal del mes\u201d. Produzca un t\u00edtulo que especifique y tenga un prop\u00f3sito, como \u201cPremio Tit\u00e1n del Desarrollo\u201d o \u201cCampe\u00f3n de Atenci\u00f3n al Cliente 2024\u201d.<\/li>\n<li><strong>Llamada personal:\u00a0<\/strong>Ponga el nombre del destinatario en un lugar destacado, d\u00e1ndole el honor personal que se merece.<\/li>\n<li><strong>Factor de compensaci\u00f3n discutido:\u00a0<\/strong>Aqu\u00ed es donde se produce la magia. En lugar de un t\u00f3pico com\u00fan, detalle el \u201cpor qu\u00e9\u201d. Por ejemplo:\u00a0<em>\u201d Por su notable gesti\u00f3n en la liberaci\u00f3n de la Tarea Phoenix antes de lo previsto,\u201d\u00a0<\/em>o\u00a0<em>\u201d Por ir continuamente m\u00e1s all\u00e1 de los objetivos de ventas y tutelar a los nuevos miembros del equipo.\u201d\u00a0<\/em>Este detalle valida de forma contundente su especial contribuci\u00f3n.<\/li>\n<li><strong>D\u00eda opcional y texto personalizado:\u00a0<\/strong>Incluya el d\u00eda del logro para conmemorar el minuto, o incluya un breve mensaje individual de la direcci\u00f3n o del equipo.<\/li>\n<\/ul>\n<p>Este profundo grado de modificaci\u00f3n garantiza que el destinatario se sienta realmente visto y valorado, desarrollando un v\u00ednculo emocional que un premio gen\u00e9rico no puede reproducir.<\/p>\n<h4 id=\"-versatile-for-any-type-of-and-every-occasion-\"><strong>Vers\u00e1til para cualquier tipo y ocasi\u00f3n<\/strong><\/h4>\n<p>Estas espectaculares condecoraciones acr\u00edlicas son la mejor opci\u00f3n para una amplia gama de necesidades de reconocimiento en cualquier tipo de mercado u organizaci\u00f3n:.<\/p>\n<ul>\n<li><strong>Trabajador del mes, del trimestre o del a\u00f1o\u00a0<\/strong>.<\/li>\n<li><strong>Hitos de ventas y eficiencia\u00a0<\/strong>.<\/li>\n<li><strong>Conclusi\u00f3n del trabajo y \u00e9xito del grupo\u00a0<\/strong>.<\/li>\n<li><strong>Aniversarios laborales y a\u00f1os de servicio\u00a0<\/strong>.<\/li>\n<li><strong>Vida de jubilado y tributos de despedida\u00a0<\/strong>.<\/li>\n<li><strong>Reconocimiento a la gesti\u00f3n y la tutor\u00eda\u00a0<\/strong>.<\/li>\n<li><strong>Programas de reconocimiento entre iguales\u00a0<\/strong>.<\/li>\n<li><strong>Formalidad de voluntariado y servicio comunitario\u00a0<\/strong>.<\/li>\n<li><strong>Regalos de agradecimiento para directivos, colegas y asesores\u00a0<\/strong>.<\/li>\n<\/ul>\n<p>Tanto si es usted un supervisor de RRHH que orquesta una gala anual de honores, como si dirige un grupo con la intenci\u00f3n de levantar el \u00e1nimo o es el propietario de una peque\u00f1a empresa que promueve una sociedad de agradecimiento, estos trofeos son su herramienta ideal.<\/p>\n<p><strong>Compre su gente, un s\u00edmbolo perdurable de gratitud<\/strong><\/p>\n<p>Reconocer a sus trabajadores es una de las inversiones financieras de mayor rendimiento que puede hacer en la cultura, la interacci\u00f3n y la retenci\u00f3n de su empresa. Cuando un miembro del personal pone este impresionante honor acr\u00edlico en su escritorio, hace algo m\u00e1s que decorar un \u00e1rea - sirve como un puntero consistente, sustancial que sus asuntos de trabajo, sus iniciativas son vistos, y que son un componente valioso de un grupo que se preocupa.<\/p>\n<p>No deje que los pagos extraordinarios se desvanezcan en la historia. Eleve su admiraci\u00f3n de un comentario pasajero a un honor a largo plazo.<\/p>\n<p><strong>Pida hoy mismo sus trofeos de pol\u00edmero personalizados y proporcione a su grupo el icono de reconocimiento atractivo, individual y duradero que se han ganado.<\/strong><\/p>","protected":false},"excerpt":{"rendered":"<p class=\"ng-star-inserted\"><span class=\"ng-star-inserted\">Reconozca un gran trabajo con nuestros trofeos acr\u00edlicos personalizados. Perfectos para agradecer a los empleados, estos inspiradores premios pueden personalizarse con nombres, citas y mensajes. Una forma moderna y significativa de celebrar el \u00e9xito.<\/span><\/p>","protected":false},"featured_media":1422,"template":"","meta":{"_kad_post_transparent":"default","_kad_post_title":"","_kad_post_layout":"default","_kad_post_sidebar_id":"","_kad_post_content_style":"default","_kad_post_vertical_padding":"default","_kad_post_feature":"","_kad_post_feature_position":"","_kad_post_header":false,"_kad_post_footer":false,"_kad_post_classname":""},"product_brand":[],"product_cat":[19],"product_tag":[136],"class_list":{"0":"post-1421","1":"product","2":"type-product","3":"status-publish","4":"has-post-thumbnail","6":"product_cat-custom-acrylic-trophies-awards","7":"product_tag-custom-acrylic-trophy","9":"first","10":"instock","11":"shipping-taxable","12":"product-type-simple","13":"entry","14":"content-bg","15":"loop-entry"},"_links":{"self":[{"href":"https:\/\/customacrylicproduct.com\/es\/wp-json\/wp\/v2\/product\/1421","targetHints":{"allow":["GET"]}}],"collection":[{"href":"https:\/\/customacrylicproduct.com\/es\/wp-json\/wp\/v2\/product"}],"about":[{"href":"https:\/\/customacrylicproduct.com\/es\/wp-json\/wp\/v2\/types\/product"}],"wp:featuredmedia":[{"embeddable":true,"href":"https:\/\/customacrylicproduct.com\/es\/wp-json\/wp\/v2\/media\/1422"}],"wp:attachment":[{"href":"https:\/\/customacrylicproduct.com\/es\/wp-json\/wp\/v2\/media?parent=1421"}],"wp:term":[{"taxonomy":"product_brand","embeddable":true,"href":"https:\/\/customacrylicproduct.com\/es\/wp-json\/wp\/v2\/product_brand?post=1421"},{"taxonomy":"product_cat","embeddable":true,"href":"https:\/\/customacrylicproduct.com\/es\/wp-json\/wp\/v2\/product_cat?post=1421"},{"taxonomy":"product_tag","embeddable":true,"href":"https:\/\/customacrylicproduct.com\/es\/wp-json\/wp\/v2\/product_tag?post=1421"}],"curies":[{"name":"wp","href":"https:\/\/api.w.org\/{rel}","templated":true}]}}