{"id":1426,"date":"2025-07-21T07:08:01","date_gmt":"2025-07-21T07:08:01","guid":{"rendered":"https:\/\/customacrylicproduct.com\/?post_type=product&#038;p=1426"},"modified":"2025-07-21T07:08:01","modified_gmt":"2025-07-21T07:08:01","slug":"custom-cast-acrylic-sheet-ideal-for-crafting-and-displays","status":"publish","type":"product","link":"https:\/\/customacrylicproduct.com\/es\/custom-cast-acrylic-sheet-ideal-for-crafting-and-displays\/","title":{"rendered":"L\u00e1mina acr\u00edlica moldeada a medida Ideal para manualidades y exposiciones"},"content":{"rendered":"<h3 id=\"-unleash-your-creativity-premium-xintao-customized-cast-acrylic-sheets-the-perfect-present-and-material-for-crafting-displays-and-style-\"><strong>D\u00e9 rienda suelta a su creatividad: Premium XINTAO Customized Cast Acrylic Sheets- El regalo y material perfecto para manualidades, exposiciones y estilo.<\/strong><\/h3>\n<p>En un mundo donde la imaginaci\u00f3n no entiende de l\u00edmites, el producto adecuado puede ser el puente entre un concepto fugaz y una obra maestra sustancial. Presentamos el lienzo definitivo para su imaginaci\u00f3n creativa: nuestra costosa colecci\u00f3n de\u00a0<strong>Planchas de pol\u00edmero moldeado a medida XINTAO\u00a0<\/strong>. Tanto si es un artesano que elabora joyas preciosas a medida, un dise\u00f1ador que crea prototipos de un nuevo producto, el propietario de un negocio local que desarrolla letreros cautivadores o un amante del bricolaje que busca el regalo personalizado perfecto, estas l\u00e1minas acr\u00edlicas proporcionan un globo de sombra, alta calidad y posibilidades ilimitadas.<\/p>\n<figure id=\"attachment_1429\" aria-describedby=\"caption-attachment-1429\" style=\"width: 800px\" class=\"wp-caption aligncenter\"><img fetchpriority=\"high\" decoding=\"async\" class=\"size-full wp-image-1429\" src=\"https:\/\/customacrylicproduct.com\/wp-content\/uploads\/2025\/07\/Custom-Cast-Acrylic-Sheet-3.jpg\" alt=\"Planchas acr\u00edlicas moldeadas a medida (3)\" width=\"800\" height=\"800\" srcset=\"https:\/\/customacrylicproduct.com\/wp-content\/uploads\/2025\/07\/Custom-Cast-Acrylic-Sheet-3.jpg 800w, https:\/\/customacrylicproduct.com\/wp-content\/uploads\/2025\/07\/Custom-Cast-Acrylic-Sheet-3-300x300.jpg 300w, https:\/\/customacrylicproduct.com\/wp-content\/uploads\/2025\/07\/Custom-Cast-Acrylic-Sheet-3-150x150.jpg 150w, https:\/\/customacrylicproduct.com\/wp-content\/uploads\/2025\/07\/Custom-Cast-Acrylic-Sheet-3-768x768.jpg 768w, https:\/\/customacrylicproduct.com\/wp-content\/uploads\/2025\/07\/Custom-Cast-Acrylic-Sheet-3-600x600.jpg 600w, https:\/\/customacrylicproduct.com\/wp-content\/uploads\/2025\/07\/Custom-Cast-Acrylic-Sheet-3-100x100.jpg 100w\" sizes=\"(max-width: 800px) 100vw, 800px\" \/><figcaption id=\"caption-attachment-1429\" class=\"wp-caption-text\">Planchas acr\u00edlicas moldeadas a medida (3)<strong>st Acr\u00edlico: Una base de primera calidad\u00a0<\/strong>.<\/figcaption><\/figure>\n<p>No todo el acr\u00edlico es equivalente. Nuestras planchas est\u00e1n hechas de\u00a0<strong>acr\u00edlico fundido\u00a0<\/strong>, una forma superior de polimetacrilato de metilo (PMMA) conocida por su excelente calidad y flexibilidad. A diferencia de su hom\u00f3logo extruido, el acr\u00edlico moldeado se crea vertiendo mon\u00f3mero l\u00edquido directamente en un molde, donde se polimeriza. Este minucioso proceso da lugar a un producto m\u00e1s potente, mucho m\u00e1s estable y qu\u00edmicamente m\u00e1s inmune, con una claridad \u00f3ptica excepcional.<\/p>\n<p>\u00bfQu\u00e9 significa esto para sus puestos de trabajo?<\/p>\n<ul>\n<li><strong>Calidad y brillo excepcionales:\u00a0<\/strong>El acr\u00edlico fundido posee una mayor transmisi\u00f3n de la luz y una superficie m\u00e1s deslumbrante, similar al cristal, que hace que los colores resalten con una viveza excepcional. Como se ve en las im\u00e1genes, el rojo profundo y transparente (# 102) y el vibrante lima ecol\u00f3gico (# 635) captan y se divierten con la luz de tal forma que realzan cualquier dise\u00f1o.<\/li>\n<li><strong>Maquinabilidad superior:\u00a0<\/strong>Aqu\u00ed es donde el acr\u00edlico fundido irradia aut\u00e9nticamente para artesanos y productores. Es la opci\u00f3n excelente para el corte por l\u00e1ser y la rotulaci\u00f3n. Cuando se inscribe, produce una informaci\u00f3n n\u00edtida, ordenada y blanca como el hielo que ofrece una magn\u00edfica comparaci\u00f3n con el fondo tintado. Adem\u00e1s, se reduce a la perfecci\u00f3n con sierras, se taladra con facilidad sin derretirse y se puede doblar con calor para darle formas complejas con precisi\u00f3n.<\/li>\n<li><strong>Grosor del atuendo y seguridad:\u00a0<\/strong>El proceso de fundici\u00f3n garantiza una densidad m\u00e1s homog\u00e9nea en toda la plancha, lo que es crucial para los trabajos que requieren un montaje preciso. Adem\u00e1s, el material carece de las tensiones internas que se observan en el acr\u00edlico extruido, por lo que es menos probable que se parta o desti\u00f1a durante la construcci\u00f3n o cuando se somete a disolventes y colas.<\/li>\n<\/ul>\n<p><img decoding=\"async\" class=\"size-full wp-image-1428\" src=\"https:\/\/customacrylicproduct.com\/wp-content\/uploads\/2025\/07\/Custom-Cast-Acrylic-Sheet-2.jpg\" alt=\"L\u00e1mina acr\u00edlica moldeada a medida (2)\" width=\"800\" height=\"800\" srcset=\"https:\/\/customacrylicproduct.com\/wp-content\/uploads\/2025\/07\/Custom-Cast-Acrylic-Sheet-2.jpg 800w, https:\/\/customacrylicproduct.com\/wp-content\/uploads\/2025\/07\/Custom-Cast-Acrylic-Sheet-2-300x300.jpg 300w, https:\/\/customacrylicproduct.com\/wp-content\/uploads\/2025\/07\/Custom-Cast-Acrylic-Sheet-2-150x150.jpg 150w, https:\/\/customacrylicproduct.com\/wp-content\/uploads\/2025\/07\/Custom-Cast-Acrylic-Sheet-2-768x768.jpg 768w, https:\/\/customacrylicproduct.com\/wp-content\/uploads\/2025\/07\/Custom-Cast-Acrylic-Sheet-2-600x600.jpg 600w, https:\/\/customacrylicproduct.com\/wp-content\/uploads\/2025\/07\/Custom-Cast-Acrylic-Sheet-2-100x100.jpg 100w\" sizes=\"(max-width: 800px) 100vw, 800px\" \/><\/p>\n<h4 id=\"-a-kaleidoscope-of-shade-at-your-fingertips-\"><strong>Un caleidoscopio de sombras a su alcance<\/strong><\/h4>\n<p>Su visi\u00f3n merece un esquema excelente. Nuestras l\u00e1minas acr\u00edlicas XINTAO est\u00e1n disponibles en una gama considerable de colores impresionantes, hechos para motivar y llevar a cabo cualquier tipo de concepto creativo. Las im\u00e1genes dadas ofrecen simplemente un vistazo a la derecha en este mundo vibrante:.<\/p>\n<ul>\n<li><strong>Transl\u00facidos vibrantes:\u00a0<\/strong>Imag\u00ednese crear magn\u00edficos parasoles, coloridos difusores de luz o piezas de arte divididas. Nuestras l\u00e1minas transl\u00facidas, como el rojo intenso, el azul profundo y el amarillo brillante, dejan pasar la luz, produciendo un atractivo resplandor de color.<\/li>\n<li><strong>Colores opacos fuertes:\u00a0<\/strong>Para trabajos que requieren un tono fuerte e impactante, nuestra variedad no transparente es perfecta. La colecci\u00f3n presenta desde un negro avanzado y profundo (# 834, P502) y un blanco n\u00edtido y ordenado hasta un rojo potente y atemporal (# 100) y un ecol\u00f3gico rico y verde (# 2092). Son \u00f3ptimos para r\u00f3tulos, stands de ferias y cualquier aplicaci\u00f3n en la que desee que el tono sea la celebridad.<\/li>\n<li><strong>Tintes sutiles y acabados esmerilados:\u00a0<\/strong>M\u00e1s all\u00e1 de lo vibrante, ofrecemos una variedad de tonos sutiles y opciones congeladas que proporcionan una est\u00e9tica elegante y sofisticada, ideal para pantallas de privacidad, pantallas de visualizaci\u00f3n de alta gama o versiones para edificios.<\/li>\n<\/ul>\n<p>Cada hoja est\u00e1 marcada con un c\u00f3digo de color especial (por ejemplo, 327, 584, P9T26) y el a\u00f1o de producci\u00f3n (2023 ), lo que garantiza que pueda volver a pedir exactamente el mismo tono con total confianza para tareas continuas. Este sistema especializado de colores facilita el desarrollo de una colecci\u00f3n de productos fiable y regular.<\/p>\n<h4 id=\"-infinite-applications-from-pastime-to-expert-\"><strong>Aplicaciones infinitas: Del pasatiempo al experto<\/strong><\/h4>\n<p>La flexibilidad de nuestras planchas acr\u00edlicas para actores las convierte en un material esencial para una gran variedad de aplicaciones. Aqu\u00ed est\u00e1n simplemente algunos m\u00e9todos que usted puede traer sus ideas a la vida:.<\/p>\n<ul>\n<li><strong>Para el artesano y el joyero:\u00a0<\/strong>La naturaleza ligera y duradera del acr\u00edlico lo convierte en el material ideal para crear joyas a medida. Dise\u00f1e y corte con l\u00e1ser pendientes elaborados, colgantes resistentes, vibrantes prendedores de pecho y anillos \u00fanicos en su especie, elegantes y c\u00f3modos de llevar.<\/li>\n<li><strong>Para el comercio y la tienda:\u00a0<\/strong>Eleve el nombre de su marca con aspectos personalizados. Cree impresionantes pantallas para puntos de venta, resistentes soportes para productos, se\u00f1alizaci\u00f3n profesional para el lugar de trabajo, conocidos llaveros para regalos de empresa o paneles de men\u00fas que sean bonitos y muy f\u00e1ciles de limpiar.<\/li>\n<li><strong>Para los aficionados a la decoraci\u00f3n y el bricolaje:\u00a0<\/strong>Personalice su espacio vital con un estilo hecho a medida. Cree placas de identificaci\u00f3n especiales para puertas, vibrantes monta\u00f1as rusas para proteger sus muebles, modernas obras de arte para la pared, sofisticados separadores de estanter\u00edas o extraordinarios adornos navide\u00f1os a medida.<\/li>\n<li><strong>Para el fabricante y el aficionado a la tecnolog\u00eda:\u00a0<\/strong>El pol\u00edmero es uno de los favoritos en el \u00e1rea de fabricaci\u00f3n. Desarrolle paneles personalizados para carcasas de PC, estilice y corte placas de teclado \u00fanicas en su especie o cree salas y lugares para sus tareas digitales. La precisi\u00f3n y la variedad de colores permiten construcciones absolutamente \u00fanicas.<\/li>\n<li><strong>Para el regalo personalizado perfecto:\u00a0<\/strong>No hay nada que diga \u201cme importas\u201d como un regalo personalizado. Grabe un mensaje \u00fanico en un marco de fotos transparente, cree un conjunto de llaveros a medida para un equipo de buenos amigos o cree un puzzle \u00fanico. Estas hojas son el punto de partida ideal para regalos que ser\u00e1n apreciados durante a\u00f1os.<\/li>\n<li><strong>Para fines educativos y de creaci\u00f3n de prototipos:\u00a0<\/strong>Los estudiantes y expertos en estilo y arquitectura pueden utilizar estas l\u00e1minas para construir dise\u00f1os en profundidad y modelos de productos. La amplia gama de tonos y la facilidad de fabricaci\u00f3n permiten una visualizaci\u00f3n r\u00e1pida y fiable de los conceptos.<\/li>\n<\/ul>\n<h4 id=\"-developed-for-ease-of-use-\"><strong>Desarrollado para facilitar su uso<\/strong><\/h4>\n<p>A pesar de su alta calidad profesional, nuestro acr\u00edlico fundido XINTAO es incre\u00edblemente sencillo. Cada l\u00e1mina suele llevar una pel\u00edcula protectora de papel o pl\u00e1stico en ambas caras para evitar ara\u00f1azos durante el transporte y la manipulaci\u00f3n. Esta pel\u00edcula se despega r\u00e1pidamente para dejar al descubierto la extraordinaria y brillante superficie que hay debajo. El orificio pretaladrado de nuestros art\u00edculos de tama\u00f1o muestra los hace perfectos para desarrollar anillos de muestras, llaveros o etiquetas de material para su taller.<\/p>\n<p>Tanto si utiliza un l\u00e1ser de CO2 de alta calidad, una fresadora CNC o dispositivos manuales sencillos, descubrir\u00e1 que es un placer trabajar con este producto. Reacciona de forma predecible al calor para doblar y desarrollar, y se puede unir de forma segura con hormig\u00f3n acr\u00edlico para costuras fuertes e imperceptibles.<\/p>\n<p><img decoding=\"async\" class=\"size-full wp-image-1430\" src=\"https:\/\/customacrylicproduct.com\/wp-content\/uploads\/2025\/07\/Custom-Cast-Acrylic-Sheet-4.jpg\" alt=\"Planchas acr\u00edlicas moldeadas a medida (4)\" width=\"800\" height=\"800\" srcset=\"https:\/\/customacrylicproduct.com\/wp-content\/uploads\/2025\/07\/Custom-Cast-Acrylic-Sheet-4.jpg 800w, https:\/\/customacrylicproduct.com\/wp-content\/uploads\/2025\/07\/Custom-Cast-Acrylic-Sheet-4-300x300.jpg 300w, https:\/\/customacrylicproduct.com\/wp-content\/uploads\/2025\/07\/Custom-Cast-Acrylic-Sheet-4-150x150.jpg 150w, https:\/\/customacrylicproduct.com\/wp-content\/uploads\/2025\/07\/Custom-Cast-Acrylic-Sheet-4-768x768.jpg 768w, https:\/\/customacrylicproduct.com\/wp-content\/uploads\/2025\/07\/Custom-Cast-Acrylic-Sheet-4-600x600.jpg 600w, https:\/\/customacrylicproduct.com\/wp-content\/uploads\/2025\/07\/Custom-Cast-Acrylic-Sheet-4-100x100.jpg 100w\" sizes=\"(max-width: 800px) 100vw, 800px\" \/><\/p>\n<h4 id=\"-order-your-innovative-gas-today-\"><strong>Pida hoy mismo su gas innovador<\/strong><\/h4>\n<p>Deje de permitir que sus fant\u00e1sticas ideas se queden en meros conceptos. Con nuestro\u00a0<strong>Planchas acr\u00edlicas moldeadas a medida XINTAO\u00a0<\/strong>, Con el pol\u00edmero fundido, dispondr\u00e1 de la calidad, el color y la adaptabilidad para construir, fabricar y producir cualquier cosa que pueda imaginar. Eche un vistazo a las ilimitadas oportunidades, desde fr\u00e1giles joyas preciosas hasta robustas pantallas de visualizaci\u00f3n, y descubra por qu\u00e9 el pol\u00edmero fundido es la opci\u00f3n recomendada por los fabricantes de todo el mundo.<\/p>\n<p>Seleccione sus colores, elija su talla y prep\u00e1rese para convertir su visi\u00f3n en una vibrante realidad. Pida hoy mismo su colecci\u00f3n y empiece a crear algo encantador.<\/p>","protected":false},"excerpt":{"rendered":"<p class=\"ng-star-inserted\"><span class=\"ng-star-inserted\">L\u00e1minas acr\u00edlicas fundidas de alta calidad en una impresionante gama de colores vibrantes. Perfectas para corte por l\u00e1ser, grabado, manualidades y expositores profesionales. Duraderos y f\u00e1ciles de trabajar, nuestros paneles de plexigl\u00e1s dan vida a su visi\u00f3n creativa.<\/span><\/p>","protected":false},"featured_media":1428,"template":"","meta":{"_kad_post_transparent":"default","_kad_post_title":"","_kad_post_layout":"default","_kad_post_sidebar_id":"","_kad_post_content_style":"default","_kad_post_vertical_padding":"default","_kad_post_feature":"","_kad_post_feature_position":"","_kad_post_header":false,"_kad_post_footer":false,"_kad_post_classname":""},"product_brand":[],"product_cat":[24],"product_tag":[148],"class_list":{"0":"post-1426","1":"product","2":"type-product","3":"status-publish","4":"has-post-thumbnail","6":"product_cat-custom-acrylic-sheets","7":"product_tag-custom-cast-acrylic-sheet","9":"first","10":"instock","11":"shipping-taxable","12":"product-type-simple","13":"entry","14":"content-bg","15":"loop-entry"},"_links":{"self":[{"href":"https:\/\/customacrylicproduct.com\/es\/wp-json\/wp\/v2\/product\/1426","targetHints":{"allow":["GET"]}}],"collection":[{"href":"https:\/\/customacrylicproduct.com\/es\/wp-json\/wp\/v2\/product"}],"about":[{"href":"https:\/\/customacrylicproduct.com\/es\/wp-json\/wp\/v2\/types\/product"}],"wp:featuredmedia":[{"embeddable":true,"href":"https:\/\/customacrylicproduct.com\/es\/wp-json\/wp\/v2\/media\/1428"}],"wp:attachment":[{"href":"https:\/\/customacrylicproduct.com\/es\/wp-json\/wp\/v2\/media?parent=1426"}],"wp:term":[{"taxonomy":"product_brand","embeddable":true,"href":"https:\/\/customacrylicproduct.com\/es\/wp-json\/wp\/v2\/product_brand?post=1426"},{"taxonomy":"product_cat","embeddable":true,"href":"https:\/\/customacrylicproduct.com\/es\/wp-json\/wp\/v2\/product_cat?post=1426"},{"taxonomy":"product_tag","embeddable":true,"href":"https:\/\/customacrylicproduct.com\/es\/wp-json\/wp\/v2\/product_tag?post=1426"}],"curies":[{"name":"wp","href":"https:\/\/api.w.org\/{rel}","templated":true}]}}