{"id":1431,"date":"2025-07-21T07:17:34","date_gmt":"2025-07-21T07:17:34","guid":{"rendered":"https:\/\/customacrylicproduct.com\/?post_type=product&#038;p=1431"},"modified":"2025-07-21T07:17:34","modified_gmt":"2025-07-21T07:17:34","slug":"custom-acrylic-sign-party-wall-backdrop-background-banner","status":"publish","type":"product","link":"https:\/\/customacrylicproduct.com\/es\/custom-acrylic-sign-party-wall-backdrop-background-banner\/","title":{"rendered":"Cartel acr\u00edlico personalizado Tel\u00f3n de fondo para fiestas Banner"},"content":{"rendered":"<h3 id=\"-raise-every-moment-the-ultimate-overview-to-personalized-acrylic-indicators-for-events-backdrops-and-banners-\"><strong>Eleve Cada Momento: Lo \u00faltimo en indicadores acr\u00edlicos personalizados para eventos, telones de fondo y pancartas<\/strong><\/h3>\n<p>En un mundo saturado de fugaces minutos electr\u00f3nicos, nunca se insistir\u00e1 lo suficiente en el poder de un centro de mesa concreto y perfectamente elaborado para su evento. Es el ancla para las fotograf\u00edas, el iniciador del debate, el componente que transforma una simple celebraci\u00f3n en una experiencia inolvidable y curada. Invite al futuro del estilo para eventos: el indicador acr\u00edlico personalizado. Estilizados, contempor\u00e1neos y siempre flexibles, estos indicadores son el regalo ideal y las piezas clave para cualquier tipo de fiesta, evento nupcial, ocasi\u00f3n corporativa o interior dom\u00e9stico.<\/p>\n<p>Mientras imagina una sensacional pancarta de \u201cCumplea\u00f1os satisfecho\u201d o un elegante cartel de bienvenida a una boda, nuestra experiencia se crea en el planeta de la fabricaci\u00f3n de precisi\u00f3n. Las im\u00e1genes que ve muestran el n\u00facleo de nuestras capacidades, demostrando la alta calidad, la resistencia y el minucioso inter\u00e9s por la informaci\u00f3n que ofrecemos en todas y cada una de nuestras tareas, desde aplicaciones comerciales hasta el precioso indicador individualizado que se convertir\u00e1 en el coraz\u00f3n de su celebraci\u00f3n.<\/p>\n<p><img fetchpriority=\"high\" decoding=\"async\" class=\"size-full wp-image-1433\" src=\"https:\/\/customacrylicproduct.com\/wp-content\/uploads\/2025\/07\/Custom-Acrylic-Sign-2-2.jpg\" alt=\"Cartel acr\u00edlico personalizado (2)\" width=\"960\" height=\"960\" srcset=\"https:\/\/customacrylicproduct.com\/wp-content\/uploads\/2025\/07\/Custom-Acrylic-Sign-2-2.jpg 960w, https:\/\/customacrylicproduct.com\/wp-content\/uploads\/2025\/07\/Custom-Acrylic-Sign-2-2-300x300.jpg 300w, https:\/\/customacrylicproduct.com\/wp-content\/uploads\/2025\/07\/Custom-Acrylic-Sign-2-2-150x150.jpg 150w, https:\/\/customacrylicproduct.com\/wp-content\/uploads\/2025\/07\/Custom-Acrylic-Sign-2-2-768x768.jpg 768w, https:\/\/customacrylicproduct.com\/wp-content\/uploads\/2025\/07\/Custom-Acrylic-Sign-2-2-600x600.jpg 600w, https:\/\/customacrylicproduct.com\/wp-content\/uploads\/2025\/07\/Custom-Acrylic-Sign-2-2-100x100.jpg 100w\" sizes=\"(max-width: 960px) 100vw, 960px\" \/><\/p>\n<h4 id=\"-our-foundation-of-quality-a-take-a-look-at-our-production-prowess-\"><strong>Nuestra base de calidad: Eche un vistazo a nuestras proezas de producci\u00f3n<\/strong><\/h4>\n<p>Da\u00f1emos abajo qu\u00e9 nuestras instancias variadas de la fabricaci\u00f3n divulgan referente a la calidad que usted puede anticipar para su indicaci\u00f3n personalizada del acontecimiento:.<\/p>\n<p><strong>1. Claridad, tonalidad y precisi\u00f3n de grado corporativo (Como se ve en la indicaci\u00f3n \u201cMAX \u8fc8\u65af\u201d).<\/strong><\/p>\n<p>La primera foto muestra un indicador especializado de marca para una caja de demostraci\u00f3n de innovaci\u00f3n. \u00bfQu\u00e9 significa esto para su indicador de celebraci\u00f3n?<\/p>\n<ul>\n<li><strong>Color vivo y real:\u00a0<\/strong>El azul profundo y uniforme y el mensaje en blanco n\u00edtido se logran con sofisticadas t\u00e9cnicas de impresi\u00f3n que garantizan que los tonos elegidos sean ricos, saturados y se adapten completamente al motivo de su evento o a la marca de su empresa. No nos limitamos a imprimir; damos vida a su combinaci\u00f3n de colores.<\/li>\n<li><strong>Renderizado impecable de logotipos y textos:\u00a0<\/strong>Observe la nitidez del logotipo \u201cMAX\u201d y la claridad de los caracteres chinos (\u8fc8\u65af). Nuestro proceso de impresi\u00f3n de alta resoluci\u00f3n garantiza que cada l\u00ednea, curva y personalidad de su dise\u00f1o -ya sea un fr\u00e1gil estilo de letra script para una boda o un vibrante dise\u00f1o de logotipo para el lanzamiento de un art\u00edculo- se represente con una nitidez impecable y sin sangrado.<\/li>\n<li><strong>Experto Completo:\u00a0<\/strong>Este r\u00f3tulo tiene un aspecto ordenado, elegante y fiable. Aportamos exactamente el mismo grado de profesionalidad y confianza a su r\u00f3tulo para eventos, garantizando que tenga un aspecto premium, avanzado y digno de su lugar principal en su dise\u00f1o.<\/li>\n<\/ul>\n<p><img decoding=\"async\" class=\"size-full wp-image-1435\" src=\"https:\/\/customacrylicproduct.com\/wp-content\/uploads\/2025\/07\/Custom-Acrylic-Sign-4-1.jpg\" alt=\"Cartel acr\u00edlico personalizado (4)\" width=\"960\" height=\"960\" srcset=\"https:\/\/customacrylicproduct.com\/wp-content\/uploads\/2025\/07\/Custom-Acrylic-Sign-4-1.jpg 960w, https:\/\/customacrylicproduct.com\/wp-content\/uploads\/2025\/07\/Custom-Acrylic-Sign-4-1-300x300.jpg 300w, https:\/\/customacrylicproduct.com\/wp-content\/uploads\/2025\/07\/Custom-Acrylic-Sign-4-1-150x150.jpg 150w, https:\/\/customacrylicproduct.com\/wp-content\/uploads\/2025\/07\/Custom-Acrylic-Sign-4-1-768x768.jpg 768w, https:\/\/customacrylicproduct.com\/wp-content\/uploads\/2025\/07\/Custom-Acrylic-Sign-4-1-600x600.jpg 600w, https:\/\/customacrylicproduct.com\/wp-content\/uploads\/2025\/07\/Custom-Acrylic-Sign-4-1-100x100.jpg 100w\" sizes=\"(max-width: 960px) 100vw, 960px\" \/><\/p>\n<p><strong>2. Estilo intrincado y longevidad \u00fatil (Como se ve en el tablero de control \u201cSHPW Food Warming\u201d)<\/strong><\/p>\n<p>Esta imagen de un tablero de control de temperatura es un testimonio de nuestra habilidad tecnol\u00f3gica en ingenier\u00eda de precisi\u00f3n.<\/p>\n<ul>\n<li><strong>Recortes de instalaciones y formularios:\u00a0<\/strong>La ventana rectangular de tama\u00f1o completo para una pantalla digital y los precisos intermedios para las luces de los r\u00f3tulos demuestran nuestra capacidad para colaborar con dise\u00f1os intrincados. Para la se\u00f1alizaci\u00f3n de su fiesta, esto se traduce en el desarrollo de cualquier tipo de forma personalizada que pueda imaginar, desde letras y formas detalladas hasta r\u00f3tulos con componentes superpuestos o estilos de sala adversos.<\/li>\n<li><strong>Construcci\u00f3n resistente y multicapa:\u00a0<\/strong>El tablero de control debe resistir el uso constante, el calor y la limpieza. Utilizamos materiales costosos y resistentes de acr\u00edlico y policarbonato que son inastillables y est\u00e1n hechos para durar. Su indicaci\u00f3n personalizada sin duda no s\u00f3lo se ven sensacionales en el d\u00eda de la ocasi\u00f3n, pero, adem\u00e1s, se puede mantener como un recuerdo duradero o pieza de decoraci\u00f3n del hogar durante varios a\u00f1os para encontrar.<\/li>\n<li><strong>Potente soporte adhesivo:\u00a0<\/strong>El reverso expone una hoja completa de adhesivo 3M 9448A de alto rendimiento. Este es un atributo cr\u00edtico que podemos suministrar para sus indicadores. Permite una instalaci\u00f3n f\u00e1cil, segura y sin da\u00f1os en superficies de paredes, telones de fondo y otras superficies lisas. No es necesario utilizar clavos ni equipos de instalaci\u00f3n complejos: basta con despegar y pegar para obtener un aspecto impecable y flotante.<\/li>\n<\/ul>\n<p><img decoding=\"async\" class=\"size-full wp-image-1434\" src=\"https:\/\/customacrylicproduct.com\/wp-content\/uploads\/2025\/07\/Custom-Acrylic-Sign-3-2.jpg\" alt=\"Cartel acr\u00edlico personalizado (3)\" width=\"960\" height=\"960\" srcset=\"https:\/\/customacrylicproduct.com\/wp-content\/uploads\/2025\/07\/Custom-Acrylic-Sign-3-2.jpg 960w, https:\/\/customacrylicproduct.com\/wp-content\/uploads\/2025\/07\/Custom-Acrylic-Sign-3-2-300x300.jpg 300w, https:\/\/customacrylicproduct.com\/wp-content\/uploads\/2025\/07\/Custom-Acrylic-Sign-3-2-150x150.jpg 150w, https:\/\/customacrylicproduct.com\/wp-content\/uploads\/2025\/07\/Custom-Acrylic-Sign-3-2-768x768.jpg 768w, https:\/\/customacrylicproduct.com\/wp-content\/uploads\/2025\/07\/Custom-Acrylic-Sign-3-2-600x600.jpg 600w, https:\/\/customacrylicproduct.com\/wp-content\/uploads\/2025\/07\/Custom-Acrylic-Sign-3-2-100x100.jpg 100w\" sizes=\"(max-width: 960px) 100vw, 960px\" \/><\/p>\n<p><strong>3. Consistencia, Escala y Conveniencia (Como se ve en los paneles \u201cCollar Educador para Perros Mascota\u201d)<\/strong><\/p>\n<p>Los numerosos paneles peque\u00f1os para collares de adiestramiento canino ponen de relieve otros dos elementos esenciales de nuestro servicio:.<\/p>\n<ul>\n<li><strong>Replicaci\u00f3n perfecta:\u00a0<\/strong>Tanto si necesita un gran indicador de bienvenida como 150 peque\u00f1os identificadores personalizados para la celebraci\u00f3n de una boda, garantizamos una uniformidad absoluta en cada art\u00edculo. Cada producto ser\u00e1 id\u00e9ntico en color, tama\u00f1o y calidad.<\/li>\n<li><strong>Flexibilidad de aplicaci\u00f3n:\u00a0<\/strong>Estos peque\u00f1os paneles demuestran que nuestras capacidades no se limitan a enormes pancartas. Podemos crear todo un conjunto de dise\u00f1os acr\u00edlicos a juego para su ocasi\u00f3n:.<\/li>\n<li><strong>Agitadores o identificadores de alcohol de consumo a medida\u00a0<\/strong>.<\/li>\n<li><strong>Tarjetas de mesa individualizadas\u00a0<\/strong>.<\/li>\n<li><strong>Cuadro de cifras\u00a0<\/strong>.<\/li>\n<li><strong>Adornos para tartas\u00a0<\/strong>.<\/li>\n<li><strong>Etiquetas de regalo o detalles para eventos\u00a0<\/strong>.<\/li>\n<\/ul>\n<h4 id=\"-unleash-your-creative-thinking-countless-opportunities-for-your-custom-made-sign-\"><strong>D\u00e9 rienda suelta a su creatividad: Innumerables oportunidades para su r\u00f3tulo a medida<\/strong><\/h4>\n<p>Actualmente, vamos a equiparar este poder de fabricaci\u00f3n en la espectacular decoraci\u00f3n para su pr\u00f3xima ocasi\u00f3n. Nuestros letreros acr\u00edlicos personalizados son el lienzo excelente para su visi\u00f3n.<\/p>\n<ul>\n<li><strong>Bodas y aniversarios:\u00a0<\/strong>Imagine un espectacular indicador de bienvenida en acr\u00edlico esmerilado con caligraf\u00eda para dar la bienvenida a sus invitados. Imag\u00ednese unos elegantes n\u00fameros de mesa en acr\u00edlico transparente que parezcan flotar sobre los centros de mesa, o un impresionante indicador de selecci\u00f3n de alimentos en el bar con las bebidas mezcladas de su marca.<\/li>\n<li><strong>Cumplea\u00f1os e hitos:\u00a0<\/strong>Haga una declaraci\u00f3n con un indicador acr\u00edlico grande y vivo que incluya el nombre del invitado de honor y sirva como el mejor fondo para las fotos. Desde unos \u201cDulces 16\u201d a unos \u201cFabulosos 50\u201d, podemos dejar constancia del esp\u00edritu de la fiesta en un dise\u00f1o que destaque.<\/li>\n<li><strong>Duchas infantiles y exposiciones de g\u00e9nero:\u00a0<\/strong>Revele su alegr\u00eda con un letrero perfectamente dise\u00f1ado de \u201c\u00a1Oh, beb\u00e9!\u201d o \u201cInvita a tu hijo\u201d. Son recuerdos muy preciados que luego se pueden colgar en la habitaci\u00f3n del beb\u00e9.<\/li>\n<li><strong>Eventos empresariales y activaciones de marca:\u00a0<\/strong>Entusiasme a los clientes e inspire a los miembros del personal con un cartel h\u00e1bilmente elaborado con el dise\u00f1o del logotipo de su empresa. Perfecto para stands de ferias, lugares de funciones, fondos de entrevistas y eventos de honores.<\/li>\n<li><strong>Telones de fondo y pancartas para eventos:\u00a0<\/strong>Crea la superficie de pared m\u00e1s digna de Instagram con una pancarta acr\u00edlica personalizada. Ya se trate de una cita divertida, un hashtag evento, o un sencillo \u201cPermitir Party,\u201d que ser\u00e1 el foco principal de la agradable.<\/li>\n<\/ul>\n<h4 id=\"-the-straightforward-path-to-your-perfect-indicator-\"><strong>El camino directo hacia su indicador perfecto<\/strong><\/h4>\n<p>Nuestro equipo cree en hacer que el procedimiento de personalizaci\u00f3n sea tan sencillo y satisfactorio como la ocasi\u00f3n en s\u00ed.<\/p>\n<ol>\n<li><strong>Comparta su visi\u00f3n:\u00a0<\/strong>Inf\u00f3rmenos de lo que necesita. Env\u00edenos el texto que desea, el dise\u00f1o del logotipo, el dise\u00f1o de colores, las preferencias de estilo de fuente y las medidas.<\/li>\n<li><strong>Dise\u00f1o colaborativo:\u00a0<\/strong>Nuestro equipo de maquetaci\u00f3n trabajar\u00e1 con usted para desarrollar una prueba digital, asegur\u00e1ndose de que toda la informaci\u00f3n sea excelente antes de empezar a fabricar.<\/li>\n<li><strong>Producci\u00f3n de precisi\u00f3n:\u00a0<\/strong>Haciendo uso de la misma tecnolog\u00eda moderna que crea nuestros productos de calidad industrial, elaboraremos su indicador con un tratamiento minucioso.<\/li>\n<li><strong>Distribuci\u00f3n a domicilio:\u00a0<\/strong>Su indicaci\u00f3n final se examina meticulosamente, se embala de forma segura y se le entrega directamente, lista para su gran lanzamiento.<\/li>\n<\/ol>\n<p>No opte por dise\u00f1os gen\u00e9ricos y no reutilizables. Adquiera una obra de arte que refleje su estilo y eleve su evento. Perm\u00edtanos poner nuestra precisi\u00f3n industrial, experiencia t\u00e9cnica y entusiasmo por la m\u00e1xima calidad a su servicio.<\/p>\n<p><strong>P\u00f3ngase en contacto con nosotros hoy mismo para empezar a crear la indicaci\u00f3n acr\u00edlica personalizada que sin duda convertir\u00e1 su celebraci\u00f3n especial en todo un acontecimiento.<\/strong><\/p>","protected":false},"excerpt":{"rendered":"<p class=\"ng-star-inserted\"><span class=\"ng-star-inserted\">Cree r\u00f3tulos y paneles acr\u00edlicos personalizados de alta calidad para cualquier necesidad. Perfectos para superposiciones de productos, marcas o impresionantes telones de fondo para fiestas. Con una impresi\u00f3n duradera, recortes precisos y una base adhesiva resistente para facilitar el montaje. D\u00e9 vida a su dise\u00f1o exclusivo con un acabado profesional y pulido.<\/span><\/p>","protected":false},"featured_media":1432,"template":"","meta":{"_kad_post_transparent":"default","_kad_post_title":"","_kad_post_layout":"default","_kad_post_sidebar_id":"","_kad_post_content_style":"default","_kad_post_vertical_padding":"default","_kad_post_feature":"","_kad_post_feature_position":"","_kad_post_header":false,"_kad_post_footer":false,"_kad_post_classname":""},"product_brand":[],"product_cat":[18],"product_tag":[149],"class_list":{"0":"post-1431","1":"product","2":"type-product","3":"status-publish","4":"has-post-thumbnail","6":"product_cat-custom-acrylic-signs","7":"product_tag-custom-acrylic-sign","9":"first","10":"instock","11":"shipping-taxable","12":"product-type-simple","13":"entry","14":"content-bg","15":"loop-entry"},"_links":{"self":[{"href":"https:\/\/customacrylicproduct.com\/es\/wp-json\/wp\/v2\/product\/1431","targetHints":{"allow":["GET"]}}],"collection":[{"href":"https:\/\/customacrylicproduct.com\/es\/wp-json\/wp\/v2\/product"}],"about":[{"href":"https:\/\/customacrylicproduct.com\/es\/wp-json\/wp\/v2\/types\/product"}],"wp:featuredmedia":[{"embeddable":true,"href":"https:\/\/customacrylicproduct.com\/es\/wp-json\/wp\/v2\/media\/1432"}],"wp:attachment":[{"href":"https:\/\/customacrylicproduct.com\/es\/wp-json\/wp\/v2\/media?parent=1431"}],"wp:term":[{"taxonomy":"product_brand","embeddable":true,"href":"https:\/\/customacrylicproduct.com\/es\/wp-json\/wp\/v2\/product_brand?post=1431"},{"taxonomy":"product_cat","embeddable":true,"href":"https:\/\/customacrylicproduct.com\/es\/wp-json\/wp\/v2\/product_cat?post=1431"},{"taxonomy":"product_tag","embeddable":true,"href":"https:\/\/customacrylicproduct.com\/es\/wp-json\/wp\/v2\/product_tag?post=1431"}],"curies":[{"name":"wp","href":"https:\/\/api.w.org\/{rel}","templated":true}]}}