{"id":1436,"date":"2025-07-21T07:26:39","date_gmt":"2025-07-21T07:26:39","guid":{"rendered":"https:\/\/customacrylicproduct.com\/?post_type=product&#038;p=1436"},"modified":"2025-07-21T07:26:39","modified_gmt":"2025-07-21T07:26:39","slug":"custom-acrylic-signs-illuminated-shop-display-led-sign","status":"publish","type":"product","link":"https:\/\/customacrylicproduct.com\/es\/custom-acrylic-signs-illuminated-shop-display-led-sign\/","title":{"rendered":"R\u00f3tulos acr\u00edlicos personalizados R\u00f3tulo LED luminoso para tiendas"},"content":{"rendered":"<h3 id=\"-raise-your-brand-name-premium-personalized-illuminated-led-acrylic-indications-\"><strong>Eleve su marca: Indicadores acr\u00edlicos LED iluminados personalizados de primera calidad<\/strong><\/h3>\n<p>En un mundo saturado de sonidos visuales, causar una primera impresi\u00f3n duradera no es simplemente una ventaja, es un requisito. El dise\u00f1o de su logotipo es la cara de su marca, el embajador silencioso que dice mucho antes de que usted pronuncie una palabra. Visual\u00edcelo hecho no s\u00f3lo en un expositor o una tarjeta de visita, sino como una obra de arte tangible y luminosa que regula la atenci\u00f3n y demuestra pericia. Invite a la m\u00e1xima declaraci\u00f3n de identidad de marca: nuestros r\u00f3tulos luminosos personalizados de pol\u00edmero LED.<\/p>\n<p>Como se muestra en la elegante zona de funciones \u201cMYSA\u201d, estas indicaciones son m\u00e1s que simples marcadores: son puntos focales. Convierten cualquier tipo de espacio -desde el vest\u00edbulo de una empresa hasta una boutique elegante, una peluquer\u00eda contempor\u00e1nea o un taller imaginativo- en un testimonio de su compromiso con la alta calidad y el dise\u00f1o. Esta es su oportunidad de dar vida a su marca con un brillo radiante y sofisticado que cautive e inspire confianza en s\u00ed mismo.<\/p>\n<p><img fetchpriority=\"high\" decoding=\"async\" class=\"size-full wp-image-1439\" src=\"https:\/\/customacrylicproduct.com\/wp-content\/uploads\/2025\/07\/Custom-Acrylic-Signs-3-1.jpg\" alt=\"R\u00f3tulos acr\u00edlicos personalizados (3)\" width=\"800\" height=\"800\" srcset=\"https:\/\/customacrylicproduct.com\/wp-content\/uploads\/2025\/07\/Custom-Acrylic-Signs-3-1.jpg 800w, https:\/\/customacrylicproduct.com\/wp-content\/uploads\/2025\/07\/Custom-Acrylic-Signs-3-1-300x300.jpg 300w, https:\/\/customacrylicproduct.com\/wp-content\/uploads\/2025\/07\/Custom-Acrylic-Signs-3-1-150x150.jpg 150w, https:\/\/customacrylicproduct.com\/wp-content\/uploads\/2025\/07\/Custom-Acrylic-Signs-3-1-768x768.jpg 768w, https:\/\/customacrylicproduct.com\/wp-content\/uploads\/2025\/07\/Custom-Acrylic-Signs-3-1-600x600.jpg 600w, https:\/\/customacrylicproduct.com\/wp-content\/uploads\/2025\/07\/Custom-Acrylic-Signs-3-1-100x100.jpg 100w\" sizes=\"(max-width: 800px) 100vw, 800px\" \/><\/p>\n<h4 id=\"-unparalleled-workmanship-and-product-excellence-\"><strong>Mano de obra y excelencia de producto sin parang\u00f3n<\/strong><\/h4>\n<p>En el coraz\u00f3n de cada indicador hay una fusi\u00f3n de tecnolog\u00eda moderna e innovadora y mano de obra magistral. Empezamos con el acr\u00edlico de mayor calidad, elegido por su excepcional claridad, longevidad y comodidad. A continuaci\u00f3n, este producto de primera calidad se corta con precisi\u00f3n utilizando tecnolog\u00eda l\u00e1ser moderna para duplicar su logotipo y sus letras con una precisi\u00f3n perfecta, registrando cada curva, l\u00ednea e informaci\u00f3n detallada de su dise\u00f1o.<\/p>\n<p>La cara del indicador, como se aprecia en la magn\u00edfica inscripci\u00f3n dorada \u201cCUSTOMIZED LOGO STYLE\u201d, luce un lujoso acabado de espejo. Esta superficie pulida muestra maravillosamente su entorno durante el d\u00eda, desarrollando una est\u00e9tica vibrante y de primera calidad. Aunque la opulenta superficie dorada es la preferida por su sofisticaci\u00f3n cl\u00e1sica, ofrecemos una amplia gama de opciones de personalizaci\u00f3n para que se adapte perfectamente al esquema de su marca, entre las que se incluyen:.<\/p>\n<ul>\n<li><strong>Elegantes acabados en acero cepillado (plata, oro rosa, bronce)\u00a0<\/strong>.<\/li>\n<li><strong>Colores fuertes y atrevidos (negro, blanco y Pantone personalizado)\u00a0<\/strong>.<\/li>\n<li><strong>Acabados mate modernos para un aspecto m\u00e1s sutil y avanzado\u00a0<\/strong>.<\/li>\n<\/ul>\n<p>El cuerpo de cada letra est\u00e1 s\u00f3lidamente creado, proporcionando la profundidad tridimensional que hace que la indicaci\u00f3n sobresalga de la pared. No se trata de un r\u00f3tulo plano e impreso, sino de una pieza escult\u00f3rica que aporta estructura y pasi\u00f3n constructiva a su interior.<\/p>\n<p><img decoding=\"async\" class=\"size-full wp-image-1438\" src=\"https:\/\/customacrylicproduct.com\/wp-content\/uploads\/2025\/07\/Custom-Acrylic-Signs-2-1.jpg\" alt=\"R\u00f3tulos acr\u00edlicos personalizados (2)\" width=\"800\" height=\"800\" srcset=\"https:\/\/customacrylicproduct.com\/wp-content\/uploads\/2025\/07\/Custom-Acrylic-Signs-2-1.jpg 800w, https:\/\/customacrylicproduct.com\/wp-content\/uploads\/2025\/07\/Custom-Acrylic-Signs-2-1-300x300.jpg 300w, https:\/\/customacrylicproduct.com\/wp-content\/uploads\/2025\/07\/Custom-Acrylic-Signs-2-1-150x150.jpg 150w, https:\/\/customacrylicproduct.com\/wp-content\/uploads\/2025\/07\/Custom-Acrylic-Signs-2-1-768x768.jpg 768w, https:\/\/customacrylicproduct.com\/wp-content\/uploads\/2025\/07\/Custom-Acrylic-Signs-2-1-600x600.jpg 600w, https:\/\/customacrylicproduct.com\/wp-content\/uploads\/2025\/07\/Custom-Acrylic-Signs-2-1-100x100.jpg 100w\" sizes=\"(max-width: 800px) 100vw, 800px\" \/><\/p>\n<h4 id=\"-the-magic-of-halo-lighting-\"><strong>La magia de la iluminaci\u00f3n halo<\/strong><\/h4>\n<p>Lo que realmente distingue a estas indicaciones es su impresionante retroiluminaci\u00f3n. Integramos componentes LED de bajo consumo y larga duraci\u00f3n de forma discreta detr\u00e1s de cada letra o elemento de dise\u00f1o. Al encenderse, la luz se proyecta hacia atr\u00e1s sobre la superficie de instalaci\u00f3n, creando un efecto de \u201chalo\u201d suave y espiritual. Este suave resplandor perfila su logotipo, haciendo que parezca que flota f\u00e1cilmente contra la pared.<\/p>\n<p>Esta iluminaci\u00f3n de halo ofrece numerosas ventajas clave:.<\/p>\n<ul>\n<li><strong>Sutil sofisticaci\u00f3n:\u00a0<\/strong>A diferencia de las severas indicaciones iluminadas de frente, el resplandor retroiluminado es elegante y acogedor. Produce un ambiente acogedor y especializado que resulta excelente para zonas orientadas al cliente, como mostradores de recepci\u00f3n, espacios de espera y salas de conferencias.<\/li>\n<li><strong>Influencia 24\/7:\u00a0<\/strong>Su indicador tendr\u00e1 un aspecto deslumbrante durante todo el d\u00eda gracias a su elegante superficie, y se transformar\u00e1 en un letrero radiante por la noche o en ambientes con poca luz, garantizando que su marca sea siempre visible y destacada.<\/li>\n<li><strong>Mayor legibilidad:\u00a0<\/strong>La comparaci\u00f3n creada por el resultado del halo hace que su nombre y logotipo sean excepcionalmente claros y f\u00e1ciles de revisar a distancia, sin provocar deslumbramientos ni presi\u00f3n ocular.<\/li>\n<li><strong>Rendimiento energ\u00e9tico:\u00a0<\/strong>Nuestros LED de primera calidad consumen muy poca energ\u00eda y tienen una vida \u00fatil de hasta 50.000 horas, lo que convierte su indicaci\u00f3n en una inversi\u00f3n bonita, sostenible y econ\u00f3mica.<\/li>\n<\/ul>\n<p><img decoding=\"async\" class=\"wp-image-1437 size-large aligncenter\" src=\"https:\/\/customacrylicproduct.com\/wp-content\/uploads\/2025\/07\/Custom-Acrylic-Signs-1-1-1024x1024.jpg\" alt=\"Letreros acr\u00edlicos personalizados (1)\" width=\"1024\" height=\"1024\" srcset=\"https:\/\/customacrylicproduct.com\/wp-content\/uploads\/2025\/07\/Custom-Acrylic-Signs-1-1-1024x1024.jpg 1024w, https:\/\/customacrylicproduct.com\/wp-content\/uploads\/2025\/07\/Custom-Acrylic-Signs-1-1-300x300.jpg 300w, https:\/\/customacrylicproduct.com\/wp-content\/uploads\/2025\/07\/Custom-Acrylic-Signs-1-1-150x150.jpg 150w, https:\/\/customacrylicproduct.com\/wp-content\/uploads\/2025\/07\/Custom-Acrylic-Signs-1-1-768x769.jpg 768w, https:\/\/customacrylicproduct.com\/wp-content\/uploads\/2025\/07\/Custom-Acrylic-Signs-1-1-1534x1536.jpg 1534w, https:\/\/customacrylicproduct.com\/wp-content\/uploads\/2025\/07\/Custom-Acrylic-Signs-1-1-600x601.jpg 600w, https:\/\/customacrylicproduct.com\/wp-content\/uploads\/2025\/07\/Custom-Acrylic-Signs-1-1-100x100.jpg 100w, https:\/\/customacrylicproduct.com\/wp-content\/uploads\/2025\/07\/Custom-Acrylic-Signs-1-1.jpg 1918w\" sizes=\"(max-width: 1024px) 100vw, 1024px\" \/><\/p>\n<h4 id=\"-an-universe-of-applications-where-your-vision-revives-\"><strong>Un Universo de Aplicaciones: Donde revive su visi\u00f3n<\/strong><\/h4>\n<p>La flexibilidad de nuestros indicadores luminosos personalizados no conoce l\u00edmites. Est\u00e1n hechos para elevar cualquier ambiente y servir a una amplia variedad de objetivos.<\/p>\n<ul>\n<li><strong>Lugares de trabajo y entradas de empresas:\u00a0<\/strong>Como se ve con el cartel \u201cMYSA\u201d, haga una declaraci\u00f3n inmediata de \u00e9xito y estabilidad en el momento en que un cliente o socio entre por su puerta. Un dise\u00f1o de logotipo maravillosamente iluminado detr\u00e1s del mostrador de recepci\u00f3n construye un fondo de confianza de marca y realza su imagen de especialista.<\/li>\n<li><strong>Tiendas minoristas y salas de exposici\u00f3n:\u00a0<\/strong>Atraiga tr\u00e1fico a pie de p\u00e1gina web y produzca una experiencia notable en la tienda. Un r\u00f3tulo personalizado puede resaltar el nombre de su marca, un determinado departamento o servir de impresionante fondo de foto \u201cInstagrammable\u201d para sus clientes.<\/li>\n<li><strong>Salones de peluquer\u00eda, spas y centros de salud:\u00a0<\/strong>Cree una atm\u00f3sfera de lujo, calma y evasi\u00f3n. El suave halo luminoso es excelente para crear un entorno relajante que se complementa con las soluciones que ofrece, haciendo que los clientes se sientan mimados desde el primer momento.<\/li>\n<li><strong>Restaurantes, caf\u00e9s y discotecas:\u00a0<\/strong>Establezca el ambiente y defina la personalidad de su establecimiento. Tanto si se trata de un restaurante elegante y moderno como de un bar acogedor y r\u00fastico, un r\u00f3tulo luminoso hecho a medida puede acabar siendo un componente caracter\u00edstico de su dise\u00f1o que los clientes recuerden y fotograf\u00eden.<\/li>\n<li><strong>Estudios creativos y oficinas en casa:\u00a0<\/strong>Para empresarios, artistas y desarrolladores de contenidos web, su oficina personal es su santuario. Un r\u00f3tulo personalizado con su marca, el dise\u00f1o del logotipo de su canal o un concepto individual puede servir como recurso diario de motivaci\u00f3n y como tel\u00f3n de fondo profesional para las llamadas telef\u00f3nicas de videoclips y la creaci\u00f3n de material.<\/li>\n<li><strong>El regalo de empresa perfecto:\u00a0<\/strong>\u00bfBusca un regalo genuinamente distinto y \u00fatil para una gran inauguraci\u00f3n, el aniversario de una empresa o la promoci\u00f3n de un asociado? Un dise\u00f1o de logotipo iluminado personalizado es un regalo considerado, excepcional y pr\u00e1ctico que se valorar\u00e1 y utilizar\u00e1 durante muchos a\u00f1os.<\/li>\n<\/ul>\n<h4 id=\"-a-smooth-process-from-your-idea-to-installment-\"><strong>Un proceso fluido: De la idea al plazo<\/strong><\/h4>\n<p>Nuestra empresa cree que desarrollar su r\u00f3tulo perfecto tiene que ser una experiencia f\u00e1cil y sorprendente. Nuestro proceso est\u00e1 creado para ser conjunto y transparente en cada paso del camino.<\/p>\n<ol>\n<li><strong>Nombramiento y presentaci\u00f3n del dise\u00f1o:\u00a0<\/strong>S\u00f3lo tiene que enviarnos los documentos de dise\u00f1o de su logotipo (preferiblemente en formato AI, EPS o PDF de alta resoluci\u00f3n), las dimensiones deseadas y cualquier tipo de revestimiento o color particular que necesite. \u00bfNo tiene un dise\u00f1o final? Nuestro equipo puede tratar con usted para dar vida a su concepto.<\/li>\n<li><strong>Prueba digital y presupuesto:\u00a0<\/strong>Desarrollaremos una maqueta electr\u00f3nica exhaustiva de su indicaci\u00f3n, que le mostrar\u00e1 exactamente c\u00f3mo quedar\u00e1 con las dimensiones y la iluminaci\u00f3n especificadas. Junto con esta prueba, recibir\u00e1 un presupuesto completo y sin compromiso.<\/li>\n<li><strong>Construcci\u00f3n de precisi\u00f3n:\u00a0<\/strong>Una vez que usted aprueba la prueba, nuestros competentes t\u00e9cnicos se ponen manos a la obra. Utilizando los mejores materiales y herramientas sofisticadas, elaboramos, completamos y montamos minuciosamente su indicaci\u00f3n, integrando la iluminaci\u00f3n LED y los circuitos.<\/li>\n<li><strong>Inspecci\u00f3n de calidad superior y env\u00edo seguro:\u00a0<\/strong>Cada indicador se somete a una rigurosa inspecci\u00f3n de control de calidad para garantizar que es extraordinario. Es despu\u00e9s de que meticulosamente embalado con todo el hardware necesario colocaci\u00f3n y directrices antes de ser enviado firmemente a su puerta principal.<\/li>\n<\/ol>\n<p>Adquiera una identificaci\u00f3n que brille. Vaya m\u00e1s all\u00e1 de lo normal y d\u00e9 a su marca la existencia luminosa y de alta gama a la que tiene derecho. Una indicaci\u00f3n acr\u00edlica iluminada personalizada es algo m\u00e1s que una simple se\u00f1alizaci\u00f3n: es una inversi\u00f3n en su imagen, un faro para su organizaci\u00f3n y una muestra diaria de su visi\u00f3n sacada a la luz.<\/p>\n<p><strong>P\u00f3ngase en contacto con nosotros hoy mismo para obtener un presupuesto gratuito y una maqueta digital, y empecemos a construir el indicador que definir\u00e1 su zona.<\/strong><\/p>","protected":false},"excerpt":{"rendered":"<p class=\"ng-star-inserted\"><span class=\"ng-star-inserted\">Eleve su marca con un impresionante r\u00f3tulo retroiluminado en 3D. Nuestros r\u00f3tulos acr\u00edlicos personalizados presentan un sofisticado halo de brillo LED y un lujoso acabado de espejo. Ideales para logotipos de empresas, recepciones de oficinas y escaparates. Cause una impresi\u00f3n duradera con un r\u00f3tulo iluminado de primera calidad.<\/span><\/p>","protected":false},"featured_media":1437,"template":"","meta":{"_kad_post_transparent":"default","_kad_post_title":"","_kad_post_layout":"default","_kad_post_sidebar_id":"","_kad_post_content_style":"default","_kad_post_vertical_padding":"default","_kad_post_feature":"","_kad_post_feature_position":"","_kad_post_header":false,"_kad_post_footer":false,"_kad_post_classname":""},"product_brand":[],"product_cat":[18],"product_tag":[51],"class_list":{"0":"post-1436","1":"product","2":"type-product","3":"status-publish","4":"has-post-thumbnail","6":"product_cat-custom-acrylic-signs","7":"product_tag-custom-acrylic-signs","9":"first","10":"instock","11":"shipping-taxable","12":"product-type-simple","13":"entry","14":"content-bg","15":"loop-entry"},"_links":{"self":[{"href":"https:\/\/customacrylicproduct.com\/es\/wp-json\/wp\/v2\/product\/1436","targetHints":{"allow":["GET"]}}],"collection":[{"href":"https:\/\/customacrylicproduct.com\/es\/wp-json\/wp\/v2\/product"}],"about":[{"href":"https:\/\/customacrylicproduct.com\/es\/wp-json\/wp\/v2\/types\/product"}],"wp:featuredmedia":[{"embeddable":true,"href":"https:\/\/customacrylicproduct.com\/es\/wp-json\/wp\/v2\/media\/1437"}],"wp:attachment":[{"href":"https:\/\/customacrylicproduct.com\/es\/wp-json\/wp\/v2\/media?parent=1436"}],"wp:term":[{"taxonomy":"product_brand","embeddable":true,"href":"https:\/\/customacrylicproduct.com\/es\/wp-json\/wp\/v2\/product_brand?post=1436"},{"taxonomy":"product_cat","embeddable":true,"href":"https:\/\/customacrylicproduct.com\/es\/wp-json\/wp\/v2\/product_cat?post=1436"},{"taxonomy":"product_tag","embeddable":true,"href":"https:\/\/customacrylicproduct.com\/es\/wp-json\/wp\/v2\/product_tag?post=1436"}],"curies":[{"name":"wp","href":"https:\/\/api.w.org\/{rel}","templated":true}]}}