{"id":1446,"date":"2025-07-21T08:00:52","date_gmt":"2025-07-21T08:00:52","guid":{"rendered":"https:\/\/customacrylicproduct.com\/?post_type=product&#038;p=1446"},"modified":"2025-07-21T08:00:52","modified_gmt":"2025-07-21T08:00:52","slug":"acrylic-tray-organizer-bathroom-vanity-tray-for-counter","status":"publish","type":"product","link":"https:\/\/customacrylicproduct.com\/es\/acrylic-tray-organizer-bathroom-vanity-tray-for-counter\/","title":{"rendered":"Bandeja acr\u00edlica organizadora Bandeja de ba\u00f1o para mostrador"},"content":{"rendered":"<h3 id=\"elevate-your-area-discover-the-ultimate-in-style-and-organization-with-our-versatile-polymer-tray\">Eleve su \u00e1rea: Descubra lo \u00faltimo en estilo y organizaci\u00f3n con nuestra vers\u00e1til bandeja de pol\u00edmero<\/h3>\n<p>En un mundo cargado de actividad y desorden constantes, encontrar momentos de tranquilidad y orden en nuestros espacios personales se ha convertido en la m\u00e1xima expresi\u00f3n. No s\u00f3lo buscamos funcionalidad, sino tambi\u00e9n encanto; no s\u00f3lo compa\u00f1\u00eda, sino tambi\u00e9n sofisticaci\u00f3n. Presentamos la Bandeja Organizadora Acr\u00edlica, una pieza magistralmente dise\u00f1ada que trasciende su forma b\u00e1sica para convertirse en un aspecto crucial de un hogar avanzado y bien ordenado. Es m\u00e1s que una bandeja; es un lienzo para su estilo individual, un santuario para sus objetos m\u00e1s preciados y el servicio ideal para ordenar su vida con elegancia y estilo. Tanto si la visualiza como una elegante bandeja de lavabo, una fuente contempor\u00e1nea o un elegante centro de atenci\u00f3n, su flexibilidad s\u00f3lo es igualada por su extraordinario dise\u00f1o.<\/p>\n<p><img fetchpriority=\"high\" decoding=\"async\" class=\"size-full wp-image-1447\" src=\"https:\/\/customacrylicproduct.com\/wp-content\/uploads\/2025\/07\/Acrylic-Tray-Organizer-1.jpg\" alt=\"Bandeja organizadora acr\u00edlica (1)\" width=\"800\" height=\"800\" srcset=\"https:\/\/customacrylicproduct.com\/wp-content\/uploads\/2025\/07\/Acrylic-Tray-Organizer-1.jpg 800w, https:\/\/customacrylicproduct.com\/wp-content\/uploads\/2025\/07\/Acrylic-Tray-Organizer-1-300x300.jpg 300w, https:\/\/customacrylicproduct.com\/wp-content\/uploads\/2025\/07\/Acrylic-Tray-Organizer-1-150x150.jpg 150w, https:\/\/customacrylicproduct.com\/wp-content\/uploads\/2025\/07\/Acrylic-Tray-Organizer-1-768x768.jpg 768w, https:\/\/customacrylicproduct.com\/wp-content\/uploads\/2025\/07\/Acrylic-Tray-Organizer-1-600x600.jpg 600w, https:\/\/customacrylicproduct.com\/wp-content\/uploads\/2025\/07\/Acrylic-Tray-Organizer-1-100x100.jpg 100w\" sizes=\"(max-width: 800px) 100vw, 800px\" \/><\/p>\n<p><strong>Una sinfon\u00eda de dise\u00f1o moderno y prestaciones impecables<\/strong><\/p>\n<p>En el coraz\u00f3n de este organizador existe un compromiso con los atractivos visuales minimalistas y una calidad superior excepcional. Fabricado en acr\u00edlico de primera calidad y larga duraci\u00f3n, ofrece una sensaci\u00f3n significativa sin el dif\u00edcil peso del cristal o la cer\u00e1mica. El dise\u00f1o es un estudio de l\u00edneas ordenadas y estilo discreto, por lo que es una mejora suave a cualquier tipo de estilo de decoraci\u00f3n, desde moderno y moderno a cl\u00e1sico y extravagante.<\/p>\n<p>Le ofrecemos esta encantadora bandeja en dos superficies distintas y espectaculares para que se adapte perfectamente a sus preferencias:.<\/p>\n<ul>\n<li><strong>Acr\u00edlico transparente:\u00a0<\/strong>Para conseguir la m\u00e1xima elegancia moderna, la alternativa transparente crea un resultado \u201cflotante\u201d, lo que le permite integrarse sin esfuerzo en cualquier tipo de ambiente. No s\u00f3lo resalta lo que contiene, sino tambi\u00e9n la superficie sobre la que descansa, ya sea una encimera de m\u00e1rmol, una abundante veta de madera o un mantel de vivos colores. Su naturaleza transparente hace que sea incre\u00edblemente funcional, incluyendo una capa de organizaci\u00f3n sin desordenar est\u00e9ticamente la habitaci\u00f3n.<\/li>\n<li><strong>Blanco opaco est\u00e1ndar:\u00a0<\/strong>Para una declaraci\u00f3n n\u00edtida, limpia y fuerte, el hermoso revestimiento blanco utiliza un aspecto fresco y tranquilo. Ofrece un fondo neutro ideal que hace resaltar sus coloridos cosm\u00e9ticos, sofisticados envases de perfume o deliciosas golosinas. Esta opci\u00f3n es la mejor para crear un ambiente de spa cohesivo en un cuarto de aseo o un expositor moderno tipo galer\u00eda en una mesa de centro.<\/li>\n<\/ul>\n<p>El rendimiento est\u00e1 entretejido directamente en el material real de su dise\u00f1o. La bandeja incluye asas de corte aerodin\u00e1mico incorporadas que son tanto un elemento de dise\u00f1o como una funci\u00f3n funcional. Mantienen la forma lisa de la bandeja a la vez que proporcionan un agarre c\u00f3modo y seguro para facilitar el transporte de un espacio a otro. Los lados elevados est\u00e1n cuidadosamente proporcionados, lo suficientemente altos como para mantener los productos de forma segura, evitando derrames y ca\u00eddas, pero lo suficientemente bajos como para garantizar que todo est\u00e9 convenientemente visible y accesible.<\/p>\n<p><img decoding=\"async\" class=\"size-full wp-image-1448\" src=\"https:\/\/customacrylicproduct.com\/wp-content\/uploads\/2025\/07\/Acrylic-Tray-Organizer-2.jpg\" alt=\"Bandeja organizadora acr\u00edlica (2)\" width=\"800\" height=\"800\" srcset=\"https:\/\/customacrylicproduct.com\/wp-content\/uploads\/2025\/07\/Acrylic-Tray-Organizer-2.jpg 800w, https:\/\/customacrylicproduct.com\/wp-content\/uploads\/2025\/07\/Acrylic-Tray-Organizer-2-300x300.jpg 300w, https:\/\/customacrylicproduct.com\/wp-content\/uploads\/2025\/07\/Acrylic-Tray-Organizer-2-150x150.jpg 150w, https:\/\/customacrylicproduct.com\/wp-content\/uploads\/2025\/07\/Acrylic-Tray-Organizer-2-768x768.jpg 768w, https:\/\/customacrylicproduct.com\/wp-content\/uploads\/2025\/07\/Acrylic-Tray-Organizer-2-600x600.jpg 600w, https:\/\/customacrylicproduct.com\/wp-content\/uploads\/2025\/07\/Acrylic-Tray-Organizer-2-100x100.jpg 100w\" sizes=\"(max-width: 800px) 100vw, 800px\" \/><\/p>\n<p>&nbsp;<\/p>\n<p><strong>Libere su potencial: Una bandeja para cada \u00e1rea y factor<\/strong><\/p>\n<p>La verdadera genialidad de esta bandeja acr\u00edlica reside en su ilimitada versatilidad. Es un camale\u00f3n del estilo dom\u00e9stico, que se adapta f\u00e1cilmente a sus necesidades y realza cualquier tipo de espacio que habite.<\/p>\n<ul>\n<li><strong>El refugio de lavabos y tocadores:\u00a0<\/strong>Transforme su r\u00e9gimen matutino del desorden a la calma. Util\u00edcela como bandeja de tocador para guardar sus art\u00edculos de uso diario. Organice ordenadamente sus envases, lociones y productos para el cuidado de la piel. Desarrolle una magn\u00edfica pantalla de sus perfumes favoritos, transform\u00e1ndolos en una caracter\u00edstica ornamental en lugar de desorden en la encimera. Adem\u00e1s, es el escenario ideal para el maquillaje, ya que mantiene las brochas, las combinaciones y las bases ordenadas y al alcance de la mano. El producto acr\u00edlico impermeable lo hace excelente para el cuarto de ba\u00f1o, asegurando sus contadores de la cocina de goteos, derrames, y decoloraciones mientras que siendo excepcionalmente muy f\u00e1cil de limpiar ordenado.<\/li>\n<li><strong>El Compa\u00f1ero del Anfitri\u00f3n Elegante:\u00a0<\/strong>Aumente su diversi\u00f3n utiliz\u00e1ndolo como una innovadora bandeja de ofertas. Imag\u00ednese ofreciendo a sus visitas caf\u00e9 por la ma\u00f1ana y galletas reci\u00e9n horneadas, como se ve en nuestras im\u00e1genes de estilo de vida, u ofreciendo bebidas alcoh\u00f3licas nocturnas y aperitivos con un toque de clase. Su robusta construcci\u00f3n y sus asas de f\u00e1cil agarre hacen que transportar bebidas y aperitivos desde la zona de la cocina hasta el sal\u00f3n o el patio sea pan comido. Es un toque b\u00e1sico que demuestra consideraci\u00f3n y una preferencia impecable.<\/li>\n<li><strong>El centro de mesa del sal\u00f3n:\u00a0<\/strong>Controle el desorden de su mesa de centro o reposapi\u00e9s. Esta bandeja es el mejor ancla para la decoraci\u00f3n de tu sal\u00f3n. Coloca un peque\u00f1o jarr\u00f3n con flores frescas, una vela perfumada y un par de tus publicaciones favoritas para crear una vi\u00f1eta moderna y cuidada. Tambi\u00e9n es el lugar perfecto para guardar los mandos de los botones, las monta\u00f1as rusas y otros objetos peque\u00f1os que tienden a perderse, para que tu sal\u00f3n tenga un aspecto ordenado y elegante.<\/li>\n<li><strong>El Coordinador de Oficina Eficiente:\u00a0<\/strong>Aporte una sensaci\u00f3n de orden a su oficina en casa. Col\u00f3quelo en su escritorio para guardar bol\u00edgrafos, blocs de notas, clips y su tel\u00e9fono. Al marcar un hogar para tus dispositivos de trabajo esenciales, puedes cultivar una atm\u00f3sfera m\u00e1s concentrada y eficaz, todo ello mientras a\u00f1ades un toque de belleza especializada a tu espacio de trabajo.<\/li>\n<\/ul>\n<p><strong>Hecho para durar, hecho para impresionar<\/strong><\/p>\n<p>No se trata de un dispositivo comercial desechable, sino de una pieza duradera de dise\u00f1o para el hogar. Creado a partir de acr\u00edlico grueso de alta calidad, es inmune a los golpes, las grietas y el amarilleo con el tiempo. Los laterales est\u00e1n cuidadosamente cortados y pulidos hasta conseguir un revestimiento liso, similar al cristal, asegur\u00e1ndose de que no haya bordes afilados. Esta atenci\u00f3n al detalle habla con un grado de artesan\u00eda que garantiza tanto la seguridad como una sensaci\u00f3n de glamour. Su limpieza es muy sencilla: basta con pasar una toalla suave y h\u00fameda para conservar su hermoso y brillante aspecto.<\/p>\n<p><img decoding=\"async\" class=\"size-full wp-image-1450\" src=\"https:\/\/customacrylicproduct.com\/wp-content\/uploads\/2025\/07\/Acrylic-Tray-Organizer-4.jpg\" alt=\"Bandeja organizadora acr\u00edlica (4)\" width=\"800\" height=\"800\" srcset=\"https:\/\/customacrylicproduct.com\/wp-content\/uploads\/2025\/07\/Acrylic-Tray-Organizer-4.jpg 800w, https:\/\/customacrylicproduct.com\/wp-content\/uploads\/2025\/07\/Acrylic-Tray-Organizer-4-300x300.jpg 300w, https:\/\/customacrylicproduct.com\/wp-content\/uploads\/2025\/07\/Acrylic-Tray-Organizer-4-150x150.jpg 150w, https:\/\/customacrylicproduct.com\/wp-content\/uploads\/2025\/07\/Acrylic-Tray-Organizer-4-768x768.jpg 768w, https:\/\/customacrylicproduct.com\/wp-content\/uploads\/2025\/07\/Acrylic-Tray-Organizer-4-600x600.jpg 600w, https:\/\/customacrylicproduct.com\/wp-content\/uploads\/2025\/07\/Acrylic-Tray-Organizer-4-100x100.jpg 100w\" sizes=\"(max-width: 800px) 100vw, 800px\" \/><\/p>\n<p><strong>El regalo perfecto para cualquier ocasi\u00f3n<\/strong><\/p>\n<p>\u00bfLe cuesta encontrar un regalo que sea bonito y valioso? No busque m\u00e1s. Esta vers\u00e1til bandeja acr\u00edlica es un regalo considerado y elegante para casi cualquier persona de su lista. Es una selecci\u00f3n impresionante para:.<\/p>\n<ul>\n<li><strong>Calentamientos:\u00a0<\/strong>Ayude a un amigo o ser querido a instalarse en su nuevo hogar con un regalo que a\u00f1ade estilo y organizaci\u00f3n al instante.<\/li>\n<li><strong>Cumplea\u00f1os:\u00a0<\/strong>Un regalo elegante y funcional para la persona a la que le gusta el encanto, la decoraci\u00f3n y una zona ordenada.<\/li>\n<li><strong>Celebraciones de boda o duchas nupciales:\u00a0<\/strong>Un regalo innovador que la nueva pareja podr\u00e1 utilizar de muchas maneras en su hogar.<\/li>\n<li><strong>D\u00eda de la madre:\u00a0<\/strong>Regale un tocador de spa organizado en el que pueda disfrutar de sus rituales diarios.<\/li>\n<li><strong>Vacaciones:\u00a0<\/strong>Un regalo muy apreciado que ayuda a colegas, familiares y buenos amigos.<\/li>\n<\/ul>\n<p>Es un regalo que indica que respetas su comodidad y su hogar, aportando un toque de lujo cotidiano que sin duda utilizar\u00e1n y valorar\u00e1n durante muchos a\u00f1os.<\/p>\n<p><strong>Invertir en sofisticaci\u00f3n, abrazar el orden<\/strong><\/p>\n<p>Deje de permitir que el desorden determine el estado de \u00e1nimo de su hogar. Es hora de tomar el control y crear espacios que le aporten placer y tranquilidad. El organizador de bandejas Polymer es m\u00e1s que un accesorio; es una inversi\u00f3n en un estilo de vida mucho m\u00e1s hermoso, organizado y sereno. Es el remedio sencillo que ha estado buscando para unir una zona con otra, asegurar sus superficies y mantener sus cosas preferidas magn\u00edficamente presentadas e impecablemente en su sitio. Incluya este importante art\u00edculo en su hogar hoy mismo y descubra la gran influencia que una empresa con clase puede tener en su vida diaria.<\/p>","protected":false},"excerpt":{"rendered":"<p class=\"ng-star-inserted\"><span class=\"ng-star-inserted\">Organice con estilo con nuestra elegante bandeja acr\u00edlica. Perfecta para el tocador del ba\u00f1o, la mesa de centro o como elegante bandeja para servir. Este organizador resistente e impermeable es ideal para exponer perfumes, cosm\u00e9ticos o bebidas. Un complemento vers\u00e1til y moderno para cualquier mostrador.<\/span><\/p>","protected":false},"featured_media":1448,"template":"","meta":{"_kad_post_transparent":"default","_kad_post_title":"","_kad_post_layout":"default","_kad_post_sidebar_id":"","_kad_post_content_style":"default","_kad_post_vertical_padding":"default","_kad_post_feature":"","_kad_post_feature_position":"","_kad_post_header":false,"_kad_post_footer":false,"_kad_post_classname":""},"product_brand":[],"product_cat":[22],"product_tag":[150],"class_list":{"0":"post-1446","1":"product","2":"type-product","3":"status-publish","4":"has-post-thumbnail","6":"product_cat-custom-acrylic-trays","7":"product_tag-acrylic-tray-organizer","9":"first","10":"instock","11":"shipping-taxable","12":"product-type-simple","13":"entry","14":"content-bg","15":"loop-entry"},"_links":{"self":[{"href":"https:\/\/customacrylicproduct.com\/es\/wp-json\/wp\/v2\/product\/1446","targetHints":{"allow":["GET"]}}],"collection":[{"href":"https:\/\/customacrylicproduct.com\/es\/wp-json\/wp\/v2\/product"}],"about":[{"href":"https:\/\/customacrylicproduct.com\/es\/wp-json\/wp\/v2\/types\/product"}],"wp:featuredmedia":[{"embeddable":true,"href":"https:\/\/customacrylicproduct.com\/es\/wp-json\/wp\/v2\/media\/1448"}],"wp:attachment":[{"href":"https:\/\/customacrylicproduct.com\/es\/wp-json\/wp\/v2\/media?parent=1446"}],"wp:term":[{"taxonomy":"product_brand","embeddable":true,"href":"https:\/\/customacrylicproduct.com\/es\/wp-json\/wp\/v2\/product_brand?post=1446"},{"taxonomy":"product_cat","embeddable":true,"href":"https:\/\/customacrylicproduct.com\/es\/wp-json\/wp\/v2\/product_cat?post=1446"},{"taxonomy":"product_tag","embeddable":true,"href":"https:\/\/customacrylicproduct.com\/es\/wp-json\/wp\/v2\/product_tag?post=1446"}],"curies":[{"name":"wp","href":"https:\/\/api.w.org\/{rel}","templated":true}]}}