{"id":1451,"date":"2025-07-21T08:16:11","date_gmt":"2025-07-21T08:16:11","guid":{"rendered":"https:\/\/customacrylicproduct.com\/?post_type=product&#038;p=1451"},"modified":"2025-07-21T08:16:11","modified_gmt":"2025-07-21T08:16:11","slug":"office-desk-custom-clear-acrylic-desk-computer-desk","status":"publish","type":"product","link":"https:\/\/customacrylicproduct.com\/es\/office-desk-custom-clear-acrylic-desk-computer-desk\/","title":{"rendered":"Escritorio de oficina Custom Clear Acrylic Desk Escritorio de ordenador"},"content":{"rendered":"<h3 id=\"redefine-your-work-area-the-custom-made-polymer-desk-for-the-modern-visionary\">Redefina su \u00e1rea de trabajo: El escritorio de pol\u00edmero a medida para el visionario moderno<\/h3>\n<p>En una \u00e9poca en la que nuestro trabajo y nuestra vida personal est\u00e1n mucho m\u00e1s entrelazados que nunca, el espacio en el que vivimos para la imaginaci\u00f3n, la concentraci\u00f3n y el rendimiento merece ser algo m\u00e1s que simplemente funcional. Tiene que ser una expansi\u00f3n de nuestra individualidad, un recurso de inspiraci\u00f3n y un testimonio de dise\u00f1o impresionante. No recuerde los escritorios grandes y poco creativos del pasado: la madera pesada, el acero fr\u00edo, los estilos comunes que habitan la zona sin potenciarla. Es hora de aceptar un nuevo est\u00e1ndar de dise\u00f1o, que apueste por la luz, el aire y la expresi\u00f3n personal.<\/p>\n<p>Presentaci\u00f3n de la\u00a0<strong>Escritorio de pol\u00edmero a medida\u00a0<\/strong>, una obra de arte de dise\u00f1o minimalista e ingenier\u00eda moderna. No se trata simplemente de un mueble; es toda una declaraci\u00f3n. Fabricado a partir de un \u00fanico elemento continuo de acr\u00edlico de \u00faltima generaci\u00f3n, su ic\u00f3nica silueta de \u201ccascada\u201d fluye a la perfecci\u00f3n desde la superficie hasta el suelo, produciendo un encanto escultural tan sensato como impresionante. Tanto si le apetece la elegancia et\u00e9rea y apenas perceptible de la transparencia cristalina como el estallido aventurero de un color vibrante y personalizado, esta mesa de trabajo se ha creado para transformar su lugar de trabajo, taller o borde creativo en un santuario de estilo y eficiencia.<\/p>\n<p><img fetchpriority=\"high\" decoding=\"async\" class=\"wp-image-1452 size-large aligncenter\" src=\"https:\/\/customacrylicproduct.com\/wp-content\/uploads\/2025\/07\/Custom-Clear-Acrylic-Desk-1-1024x1024.jpg\" alt=\"Escritorio acr\u00edlico transparente personalizado (1)\" width=\"1024\" height=\"1024\" srcset=\"https:\/\/customacrylicproduct.com\/wp-content\/uploads\/2025\/07\/Custom-Clear-Acrylic-Desk-1-1024x1024.jpg 1024w, https:\/\/customacrylicproduct.com\/wp-content\/uploads\/2025\/07\/Custom-Clear-Acrylic-Desk-1-300x300.jpg 300w, https:\/\/customacrylicproduct.com\/wp-content\/uploads\/2025\/07\/Custom-Clear-Acrylic-Desk-1-150x150.jpg 150w, https:\/\/customacrylicproduct.com\/wp-content\/uploads\/2025\/07\/Custom-Clear-Acrylic-Desk-1-768x768.jpg 768w, https:\/\/customacrylicproduct.com\/wp-content\/uploads\/2025\/07\/Custom-Clear-Acrylic-Desk-1-600x600.jpg 600w, https:\/\/customacrylicproduct.com\/wp-content\/uploads\/2025\/07\/Custom-Clear-Acrylic-Desk-1-100x100.jpg 100w, https:\/\/customacrylicproduct.com\/wp-content\/uploads\/2025\/07\/Custom-Clear-Acrylic-Desk-1.jpg 1500w\" sizes=\"(max-width: 1024px) 100vw, 1024px\" \/><\/p>\n<h4 id=\"-the-power-of-openness-an-illusion-of-area-and-quality-\"><strong>El poder de la apertura: Una ilusi\u00f3n de \u00e1rea y calidad<\/strong><\/h4>\n<p>Imagine un espacio de trabajo abierto, ventilado y sin l\u00edmites. La variante transparente de nuestro escritorio acr\u00edlico, como se ve en la foto inicial, es el sue\u00f1o del minimalista. Su inmaculado, cristalino tipo crea un espectacular \u201cfantasma\u201d impacto, lo que le permite combinar sin esfuerzo a la derecha en cualquier tipo de decoraci\u00f3n al tiempo que la zona realmente se siente mucho m\u00e1s grande y mucho m\u00e1s organizado. Es la mejor opci\u00f3n para apartamentos o pisos peque\u00f1os, acogedores espacios de oficina en casa o para cualquier persona que piense que una zona despejada conduce a una mente despejada.<\/p>\n<p>La superficie de la mesa de trabajo parece flotar en el aire, ofreciendo una magn\u00edfica plataforma para sus herramientas esenciales. Su ordenador port\u00e1til parece suspendido, su taza de caf\u00e9 favorita se mantiene en alto y el vivo eco de una peque\u00f1a suculenta se convierte en un punto focal frente al fondo transparente. La luz lo atraviesa sin obst\u00e1culos, dispers\u00e1ndose por el suelo y las paredes, y eliminando el fuerte impacto visual de las mesas de trabajo convencionales. Este silencio visual permite que la decoraci\u00f3n, la vista y las ideas cobren protagonismo. Fabricada en acr\u00edlico de alto espesor, tiene la elegancia transparente del cristal sin la fragilidad ni el peso, lo que garantiza su durabilidad y una est\u00e9tica elegante y pulida durante muchos a\u00f1os.<\/p>\n<p><img decoding=\"async\" class=\"wp-image-1453 size-large aligncenter\" src=\"https:\/\/customacrylicproduct.com\/wp-content\/uploads\/2025\/07\/Custom-Clear-Acrylic-Desk-2-1024x1024.jpg\" alt=\"Escritorio acr\u00edlico transparente personalizado (2)\" width=\"1024\" height=\"1024\" srcset=\"https:\/\/customacrylicproduct.com\/wp-content\/uploads\/2025\/07\/Custom-Clear-Acrylic-Desk-2-1024x1024.jpg 1024w, https:\/\/customacrylicproduct.com\/wp-content\/uploads\/2025\/07\/Custom-Clear-Acrylic-Desk-2-300x300.jpg 300w, https:\/\/customacrylicproduct.com\/wp-content\/uploads\/2025\/07\/Custom-Clear-Acrylic-Desk-2-150x150.jpg 150w, https:\/\/customacrylicproduct.com\/wp-content\/uploads\/2025\/07\/Custom-Clear-Acrylic-Desk-2-768x768.jpg 768w, https:\/\/customacrylicproduct.com\/wp-content\/uploads\/2025\/07\/Custom-Clear-Acrylic-Desk-2-600x600.jpg 600w, https:\/\/customacrylicproduct.com\/wp-content\/uploads\/2025\/07\/Custom-Clear-Acrylic-Desk-2-100x100.jpg 100w, https:\/\/customacrylicproduct.com\/wp-content\/uploads\/2025\/07\/Custom-Clear-Acrylic-Desk-2.jpg 1500w\" sizes=\"(max-width: 1024px) 100vw, 1024px\" \/><\/p>\n<h4 id=\"-a-dash-of-luster-express-yourself-with-customized-shade-\"><strong>Una pizca de brillo: Expr\u00e9sate con un tono personalizado<\/strong><\/h4>\n<p>Para los vibrantes, los imaginativos y los expresivos sin complejos, nuestro escritorio acr\u00edlico est\u00e1 disponible en una magn\u00edfica gama de colores personalizados. Como se muestra en el dise\u00f1o de color naranja vivo, este escritorio puede ser el punto focal electrizante de su \u00e1rea. Imag\u00ednese el acogedor y en\u00e9rgico resplandor del naranja atardecer infundiendo imaginaci\u00f3n y pasi\u00f3n a su espacio de trabajo. Es una inyecci\u00f3n de adrenalina imaginativa, una fuente constante de inspiraci\u00f3n que transforma su oficina en un din\u00e1mico estudio. El color transparente capta la luz, proyectando un tono acogedor y ambiental por toda la zona, desarrollando un estado de \u00e1nimo avanzado y l\u00fadico a la vez.<\/p>\n<p>El escritorio naranja, ya sea como un moderno puesto de ordenador con una silla acr\u00edlica a juego o como una extravagante mesa de centro en un sal\u00f3n moderno, demuestra el poder transformador de la sombra. Pero la elecci\u00f3n es suya. Visualice un impresionante y estupendo gris ahumado para un ambiente avanzado y experto; un profundo azul n\u00e1utico para fomentar la calma y la concentraci\u00f3n; o un juguet\u00f3n fucsia para vigorizar un espacio creativo. Nuestras alternativas de color personalizadas le permiten combinar a la perfecci\u00f3n su mesa de trabajo con su marca personal, los colores de su empresa o simplemente el estado de \u00e1nimo que desea cultivar. Esto no es s\u00f3lo mobiliario; es arte \u00fatil, repintado con luz.<\/p>\n<p><img decoding=\"async\" class=\"wp-image-1454 size-large aligncenter\" src=\"https:\/\/customacrylicproduct.com\/wp-content\/uploads\/2025\/07\/Custom-Clear-Acrylic-Desk-3-1024x1024.jpg\" alt=\"Escritorio acr\u00edlico transparente personalizado (3)\" width=\"1024\" height=\"1024\" srcset=\"https:\/\/customacrylicproduct.com\/wp-content\/uploads\/2025\/07\/Custom-Clear-Acrylic-Desk-3-1024x1024.jpg 1024w, https:\/\/customacrylicproduct.com\/wp-content\/uploads\/2025\/07\/Custom-Clear-Acrylic-Desk-3-300x300.jpg 300w, https:\/\/customacrylicproduct.com\/wp-content\/uploads\/2025\/07\/Custom-Clear-Acrylic-Desk-3-150x150.jpg 150w, https:\/\/customacrylicproduct.com\/wp-content\/uploads\/2025\/07\/Custom-Clear-Acrylic-Desk-3-768x768.jpg 768w, https:\/\/customacrylicproduct.com\/wp-content\/uploads\/2025\/07\/Custom-Clear-Acrylic-Desk-3-600x600.jpg 600w, https:\/\/customacrylicproduct.com\/wp-content\/uploads\/2025\/07\/Custom-Clear-Acrylic-Desk-3-100x100.jpg 100w, https:\/\/customacrylicproduct.com\/wp-content\/uploads\/2025\/07\/Custom-Clear-Acrylic-Desk-3.jpg 1154w\" sizes=\"(max-width: 1024px) 100vw, 1024px\" \/><\/p>\n<h4 id=\"-masterful-design-meets-uncompromising-functionality-\"><strong>Dise\u00f1o magistral y funcionalidad sin concesiones<\/strong><\/h4>\n<p>Aunque su est\u00e9tica es sin duda su funci\u00f3n m\u00e1s llamativa, el Escritorio Acr\u00edlico Personalizado se dise\u00f1\u00f3 pensando en la eficiencia diaria. El mago del estilo cascada depende de su construcci\u00f3n sin juntas, que elimina las l\u00edneas y juntas severas, dando como resultado un tipo fluido y con clase, con bordes bellamente redondeados que son a la vez seguros y est\u00e9ticamente suaves.<\/p>\n<p>Un elemento vital de esta inteligente disposici\u00f3n es la rejilla inferior incorporada. Este discreto pero espacioso nivel es vital para mantener una superficie de trabajo bonita y despejada. Es el mejor hogar para los libros de consulta, como la elegante cantidad \u201cCHANEE\u201d, o para guardar el teclado y el rat\u00f3n del ordenador al final del d\u00eda. Puede guardar blocs de notas, agendas o quiz\u00e1s una tableta, pero al alcance de la mano, manteniendo el espacio abierto y ordenado del escritorio principal para sus tareas m\u00e1s inmediatas.<\/p>\n<p>El propio ordenador de sobremesa ofrece un amplio espacio para cualquier configuraci\u00f3n. Puede alojar c\u00f3modamente un ordenador port\u00e1til sencillo y sus accesorios, como muestra la primera imagen, o un monitor de sobremesa de tama\u00f1o normal, como un iMac, un teclado y un rat\u00f3n, con espacio de sobra para un bloc de notas, una planta y su bebida preferida. Su versatilidad se extiende m\u00e1s all\u00e1 del lugar de trabajo; util\u00edcelo como una sofisticada mesa de tocador en su dormitorio, una elegante mesa consola en una entrada o una sofisticada superficie de pantalla en su sal\u00f3n.<\/p>\n<h4 id=\"-the-ultimate-bespoke-present-for-the-discerning-person-\"><strong>El regalo a medida definitivo para la persona exigente<\/strong><\/h4>\n<p>En un mundo de bienes producidos en masa, un regalo absolutamente individual y considerado es diferente. El escritorio de trabajo de acr\u00edlico hecho a medida es el regalo supremo para las personas en su vida que aprecian el dise\u00f1o, la calidad y la singularidad. Es un regalo extraordinario para un graduado actual que comienza su profesi\u00f3n, un empresario en ciernes que presenta la empresa de sus sue\u00f1os, o un ser querido que ha pasado recientemente a trabajar desde casa.<\/p>\n<p>Eleve su regalo aprovechando nuestras opciones de personalizaci\u00f3n. Seleccione las medidas ideales para una habitaci\u00f3n especial. Elija un color que refleje su coraz\u00f3n, ya sea relajante y claro o din\u00e1mico y atrevido. Para un toque personal sin igual, considere la posibilidad de grabar sus iniciales, una cita inspiradora o el logotipo de su empresa en la superficie. De este modo, el escritorio pasa de ser un objeto precioso a convertirse en un legado personal, un recordatorio diario de tu consideraci\u00f3n y de su potencial.<\/p>\n<p><strong>Mejore su entorno<\/strong><\/p>\n<p>Tu espacio de trabajo es donde nacen los conceptos, se crean las t\u00e9cnicas y se construyen los deseos. Debe ser un lugar que te prepare y te motive. El escritorio de trabajo de acr\u00edlico a medida para sistemas inform\u00e1ticos es m\u00e1s que un simple lugar para trabajar; es un catalizador para el pensamiento creativo, un s\u00edmbolo de estilo actual y una clara representaci\u00f3n de su estilo vanguardista. Elija la calidad. Elija el color. Elija personalizado. Es hora de crear un espacio que le encante.<\/p>","protected":false},"excerpt":{"rendered":"<p class=\"ng-star-inserted\"><span class=\"ng-star-inserted\">Transforme su espacio de trabajo con este impresionante escritorio acr\u00edlico en cascada. Su dise\u00f1o minimalista y transparente a\u00f1ade un toque moderno y crea una ilusi\u00f3n de espacio. Disponible en colores personalizados transparentes o vibrantes con un pr\u00e1ctico estante de almacenamiento. Perfecto para su oficina en casa o como elegante tocador.<\/span><\/p>","protected":false},"featured_media":1452,"template":"","meta":{"_kad_post_transparent":"default","_kad_post_title":"","_kad_post_layout":"default","_kad_post_sidebar_id":"","_kad_post_content_style":"default","_kad_post_vertical_padding":"default","_kad_post_feature":"","_kad_post_feature_position":"","_kad_post_header":false,"_kad_post_footer":false,"_kad_post_classname":""},"product_brand":[],"product_cat":[21],"product_tag":[151],"class_list":{"0":"post-1451","1":"product","2":"type-product","3":"status-publish","4":"has-post-thumbnail","6":"product_cat-custom-acrylic-furnitures","7":"product_tag-custom-clear-acrylic-desk","9":"first","10":"instock","11":"shipping-taxable","12":"product-type-simple","13":"entry","14":"content-bg","15":"loop-entry"},"_links":{"self":[{"href":"https:\/\/customacrylicproduct.com\/es\/wp-json\/wp\/v2\/product\/1451","targetHints":{"allow":["GET"]}}],"collection":[{"href":"https:\/\/customacrylicproduct.com\/es\/wp-json\/wp\/v2\/product"}],"about":[{"href":"https:\/\/customacrylicproduct.com\/es\/wp-json\/wp\/v2\/types\/product"}],"wp:featuredmedia":[{"embeddable":true,"href":"https:\/\/customacrylicproduct.com\/es\/wp-json\/wp\/v2\/media\/1452"}],"wp:attachment":[{"href":"https:\/\/customacrylicproduct.com\/es\/wp-json\/wp\/v2\/media?parent=1451"}],"wp:term":[{"taxonomy":"product_brand","embeddable":true,"href":"https:\/\/customacrylicproduct.com\/es\/wp-json\/wp\/v2\/product_brand?post=1451"},{"taxonomy":"product_cat","embeddable":true,"href":"https:\/\/customacrylicproduct.com\/es\/wp-json\/wp\/v2\/product_cat?post=1451"},{"taxonomy":"product_tag","embeddable":true,"href":"https:\/\/customacrylicproduct.com\/es\/wp-json\/wp\/v2\/product_tag?post=1451"}],"curies":[{"name":"wp","href":"https:\/\/api.w.org\/{rel}","templated":true}]}}