{"id":1457,"date":"2025-07-21T08:29:07","date_gmt":"2025-07-21T08:29:07","guid":{"rendered":"https:\/\/customacrylicproduct.com\/?post_type=product&#038;p=1457"},"modified":"2025-07-21T08:29:07","modified_gmt":"2025-07-21T08:29:07","slug":"custom-acrylic-display-stand-acrylic-u-shape-display-stand","status":"publish","type":"product","link":"https:\/\/customacrylicproduct.com\/es\/custom-acrylic-display-stand-acrylic-u-shape-display-stand\/","title":{"rendered":"Expositor acr\u00edlico personalizado Expositor acr\u00edlico en forma de U"},"content":{"rendered":"<h3 id=\"-raise-your-show-the-ultimate-customized-u-shaped-polymer-riser-stand-\"><strong>Eleve su espect\u00e1culo: Lo \u00faltimo en soportes de pol\u00edmero en forma de U personalizados<\/strong><\/h3>\n<p>En un mundo repleto de art\u00edculos, la forma de ofrecerlos es tan importante como los propios art\u00edculos. Un estante desordenado, un mostrador de cocina patas arriba o una pantalla de exposici\u00f3n sin brillo pueden hacer que se pasen por alto sus pertenencias m\u00e1s preciadas o los art\u00edculos m\u00e1s populares. Es hora de cambiar su discusi\u00f3n de mundana a espectacular. Presentamos el Soporte para Regalos de Pol\u00edmero Personalizado en Forma de U: una herramienta flexible, sofisticada y potente dise\u00f1ada para hacer que sus art\u00edculos destaquen, llamen la atenci\u00f3n y cuenten su propia historia.<\/p>\n<p>Esto no es s\u00f3lo un soporte; es una fase. Fabricados en acr\u00edlico cristalino de primera calidad, estos elevadores ofrecen un innovador resultado \u201ca la deriva\u201d, desarrollando una est\u00e9tica limpia y moderna que realza en lugar de distraer. Si usted es un coleccionista cr\u00edtico, un visionario de la venta al por menor, o simplemente una persona que valora una habitaci\u00f3n ordenada y atractiva, esta colecci\u00f3n de soportes de pantalla es la soluci\u00f3n flexible que realmente ha estado buscando.<\/p>\n<p><img fetchpriority=\"high\" decoding=\"async\" class=\"size-full wp-image-1458\" src=\"https:\/\/customacrylicproduct.com\/wp-content\/uploads\/2025\/07\/Custom-Acrylic-Display-1-1.jpg\" alt=\"Expositor acr\u00edlico personalizado (1)\" width=\"750\" height=\"750\" srcset=\"https:\/\/customacrylicproduct.com\/wp-content\/uploads\/2025\/07\/Custom-Acrylic-Display-1-1.jpg 750w, https:\/\/customacrylicproduct.com\/wp-content\/uploads\/2025\/07\/Custom-Acrylic-Display-1-1-300x300.jpg 300w, https:\/\/customacrylicproduct.com\/wp-content\/uploads\/2025\/07\/Custom-Acrylic-Display-1-1-150x150.jpg 150w, https:\/\/customacrylicproduct.com\/wp-content\/uploads\/2025\/07\/Custom-Acrylic-Display-1-1-600x600.jpg 600w, https:\/\/customacrylicproduct.com\/wp-content\/uploads\/2025\/07\/Custom-Acrylic-Display-1-1-100x100.jpg 100w\" sizes=\"(max-width: 750px) 100vw, 750px\" \/><\/p>\n<h4 id=\"-unparalleled-clearness-and-superior-top-quality-\"><strong>Claridad inigualable y calidad superior<\/strong><\/h4>\n<p>Nuestros expositores en forma de U est\u00e1n fabricados con acr\u00edlico de grado A de alta densidad, un material famoso por sus fenomenales construcciones. A diferencia del vidrio, el acr\u00edlico es ligero y resistente a las roturas, lo que lo convierte en una elecci\u00f3n m\u00e1s segura y mucho m\u00e1s funcional tanto para entornos industriales como dom\u00e9sticos. Sin embargo, su caracter\u00edstica m\u00e1s atractiva es su claridad \u00f3ptica. Con una tasa de transmisi\u00f3n de la luz que supera a la del cristal, nuestros soportes acr\u00edlicos garantizan que sus art\u00edculos se vean sin ning\u00fan matiz ni distorsi\u00f3n. Todo el protagonismo sigue recayendo en su art\u00edculo, que se muestra en sus tonos m\u00e1s reales y con la informaci\u00f3n m\u00e1s precisa.<\/p>\n<p>Cada soporte se fabrica meticulosamente a partir de una \u00fanica l\u00e1mina de acr\u00edlico. Gracias a una avanzada innovaci\u00f3n de curvado t\u00e9rmico, creamos una curva de \u201ccascada\u201d sin costuras, dando lugar a la famosa forma de U. Esta construcci\u00f3n de una sola pieza elimina la necesidad de pegamentos indeseables o juntas d\u00e9biles, asegurando una dureza y resistencia de primera. Los laterales se cortan con l\u00e1ser y se pulen con diamante hasta conseguir un acabado suave y luminoso, que refleja la luz maravillosamente e incluye un toque de lujo a la presentaci\u00f3n total.<\/p>\n<p><img decoding=\"async\" class=\"size-full wp-image-1459\" src=\"https:\/\/customacrylicproduct.com\/wp-content\/uploads\/2025\/07\/Custom-Acrylic-Display-2-1.jpg\" alt=\"Expositor acr\u00edlico personalizado (2)\" width=\"750\" height=\"750\" srcset=\"https:\/\/customacrylicproduct.com\/wp-content\/uploads\/2025\/07\/Custom-Acrylic-Display-2-1.jpg 750w, https:\/\/customacrylicproduct.com\/wp-content\/uploads\/2025\/07\/Custom-Acrylic-Display-2-1-300x300.jpg 300w, https:\/\/customacrylicproduct.com\/wp-content\/uploads\/2025\/07\/Custom-Acrylic-Display-2-1-150x150.jpg 150w, https:\/\/customacrylicproduct.com\/wp-content\/uploads\/2025\/07\/Custom-Acrylic-Display-2-1-600x600.jpg 600w, https:\/\/customacrylicproduct.com\/wp-content\/uploads\/2025\/07\/Custom-Acrylic-Display-2-1-100x100.jpg 100w\" sizes=\"(max-width: 750px) 100vw, 750px\" \/><\/p>\n<h4 id=\"-a-world-of-versatility-from-retail-to-collectibles-\"><strong>Un mundo de versatilidad: Del comercio al coleccionismo<\/strong><\/h4>\n<p>La verdadera genialidad de estas bandas acr\u00edlicas reside en su incre\u00edble versatilidad. A menudo disponibles en tr\u00edo o en diferentes dimensiones (peque\u00f1a, mediana y grande), pueden configurarse para crear un orden est\u00e9tico din\u00e1mico de varios niveles. Este efecto escalonado atrae la mirada por todo el expositor, garantizando que cada art\u00edculo obtenga su momento de protagonismo.<\/p>\n<p><strong>Para el entorno minorista:\u00a0<\/strong>.<\/p>\n<ul>\n<li><strong>Boutiques y zapater\u00edas:\u00a0<\/strong>Como se muestra en nuestras im\u00e1genes, estos soportes son el soporte excelente para los zapatos de gama alta. Muestre un par de elegantes naked pumps con sus llamativos tacones rojos o un cl\u00e1sico par de zapatos negros de piel natural para conjuntos. Las diferentes alturas le permiten incluir un art\u00edculo estrella u organizar una colecci\u00f3n con un sofisticado ritmo est\u00e9tico.<\/li>\n<li><strong>Mostradores de joyas preciosas y accesorios:\u00a0<\/strong>Visualice fr\u00e1giles collares cubiertos sobre la refinada superficie, vistas que captan la luz o bolsos reveladores presentados como obras maestras. La claridad del soporte hace que los tesoros brillen y los metales reluzcan.<\/li>\n<li><strong>Cosm\u00e9tica y Elegancia:\u00a0<\/strong>Organice fragancias, envases de productos para el cuidado de la piel y paletas de maquillaje en una pantalla impecable y acogedora que hable de calidad e higiene.<\/li>\n<li><strong>Panader\u00edas y cafeter\u00edas:\u00a0<\/strong>Cree un apetitoso expositor para cupcakes, macarons y reposter\u00eda artesanal. El producto acr\u00edlico apto para alimentos es higi\u00e9nico y f\u00e1cil de limpiar.<\/li>\n<li><strong>Exposiciones y muestras:\u00a0<\/strong>En un entorno competitivo, destaque entre la multitud. Estos soportes m\u00f3viles y ligeros son f\u00e1ciles de entregar y montar, y proporcionan a su stand un aspecto experto y elegante.<\/li>\n<\/ul>\n<p><img decoding=\"async\" class=\"size-full wp-image-1460\" src=\"https:\/\/customacrylicproduct.com\/wp-content\/uploads\/2025\/07\/Custom-Acrylic-Display-3-1.jpg\" alt=\"Expositor acr\u00edlico personalizado (3)\" width=\"750\" height=\"750\" srcset=\"https:\/\/customacrylicproduct.com\/wp-content\/uploads\/2025\/07\/Custom-Acrylic-Display-3-1.jpg 750w, https:\/\/customacrylicproduct.com\/wp-content\/uploads\/2025\/07\/Custom-Acrylic-Display-3-1-300x300.jpg 300w, https:\/\/customacrylicproduct.com\/wp-content\/uploads\/2025\/07\/Custom-Acrylic-Display-3-1-150x150.jpg 150w, https:\/\/customacrylicproduct.com\/wp-content\/uploads\/2025\/07\/Custom-Acrylic-Display-3-1-600x600.jpg 600w, https:\/\/customacrylicproduct.com\/wp-content\/uploads\/2025\/07\/Custom-Acrylic-Display-3-1-100x100.jpg 100w\" sizes=\"(max-width: 750px) 100vw, 750px\" \/><\/p>\n<p><strong>Para el coleccionista entusiasta y el organizador dom\u00e9stico:<\/strong><\/p>\n<ul>\n<li><strong>La fase del deseo de un aficionado:\u00a0<\/strong>Estos soportes son absolutamente imprescindibles para las agencias de coleccionismo. Produce una escena impresionante con tus figuras de acci\u00f3n favoritas, como las de personajes del mundo de las maravillas como Spiderman, Iron Male, el cachas y Thor. Muestra tu preciada colecci\u00f3n de Funko Pops, como los encantadores n\u00fameros de Groot, o queridos personajes de anime como Doraemon. Los grados escalonados permiten dar a cada n\u00famero -desde la primera fila hasta la \u00faltima- una presencia clara, convirtiendo una sencilla estanter\u00eda en un diorama con calidad de museo.<\/li>\n<li><strong>Estilo de casa elegante:\u00a0<\/strong>Util\u00edzalos junto a antig\u00fcedades. Col\u00f3calos en una estanter\u00eda para elevar peque\u00f1as esculturas o suculentas en macetas. Organice su tocador creando niveles para perfumes y cremas. En la cocina, pueden funcionar como un elegante especiero.<\/li>\n<\/ul>\n<h4 id=\"-the-power-of-personalization-created-you-\"><strong>El poder de la personalizaci\u00f3n: Crearte<\/strong><\/h4>\n<p>Aunque nuestras colecciones t\u00edpicas se crean para un amplio atractivo, entendemos que una dimensi\u00f3n de persona no sirve para todos. Por eso ofrecemos\u00a0<strong>Soportes acr\u00edlicos personalizados para regalos\u00a0<\/strong>. Aqu\u00ed es donde revive su visi\u00f3n espec\u00edfica.<\/p>\n<ul>\n<li><strong>Dimensiones personalizadas:\u00a0<\/strong>\u00bfTiene una figura anormalmente alta o un art\u00edculo de gran tama\u00f1o? Podemos fabricar soportes que se ajusten exactamente a sus requisitos de altura, anchura y profundidad, garantizando siempre el mejor ajuste.<\/li>\n<li><strong>Color y acabado:\u00a0<\/strong>Aunque el cristal es un est\u00e1ndar atemporal, su marca o estilo pueden requerir algo diferente. Como se ve en una de nuestras fotos de estilo de vida, estos soportes son magn\u00edficos en s\u00f3lido\u00a0<strong>acr\u00edlico negro\u00a0<\/strong>, con una comparaci\u00f3n fuerte y significativa que hace que los art\u00edculos salten a la vista. Tambi\u00e9n podemos fabricarlos en blanco, congelado o en otros colores para que su marca quede perfecta.<\/li>\n<li><strong>Marca y personalizaci\u00f3n:\u00a0<\/strong>Para las empresas, esto supone un cambio radical. Podemos grabar o publicar el logotipo de su empresa, el nombre de su marca o un mensaje exclusivo directamente en el soporte. De este modo, un simple dispositivo de pantalla de visualizaci\u00f3n se convierte en una eficaz propiedad de marca.<\/li>\n<\/ul>\n<h4 id=\"-the-perfect-thoughtful-present-\"><strong>El regalo perfecto<\/strong><\/h4>\n<p>\u00bfEst\u00e1 buscando un regalo especial y pr\u00e1ctico? El Acr\u00edlico Personalizado Mostrar Stand es una selecci\u00f3n incre\u00edblemente pensativo para una selecci\u00f3n de personas en su vida:.<\/p>\n<ul>\n<li><strong>Para la agencia de cobros:\u00a0<\/strong>Reg\u00e1lales una magn\u00edfica pantalla para la actividad de ocio que m\u00e1s les gusta. Es un regalo que demuestra que tomas nota de sus intereses.<\/li>\n<li><strong>Para el propietario de un negocio local:\u00a0<\/strong>Ayude a un amigo o familiar cercano a impulsar su peque\u00f1a empresa o tienda Etsy con una opci\u00f3n de expositor experto.<\/li>\n<li><strong>Para los amantes de la moda:\u00a0<\/strong>Un medio elegante y moderno para que organicen y exhiban su calzado favorito, sus bolsos o sus preciosas joyas.<\/li>\n<li><strong>Para la pareja o el nuevo propietario:\u00a0<\/strong>Un regalo contempor\u00e1neo y \u00fatil que les ayuda a organizar y embellecer su nuevo espacio con estilo.<\/li>\n<\/ul>\n<p>Adquiera una presentaci\u00f3n que justifique sus art\u00edculos y entusiasmos. Reub\u00edquese m\u00e1s all\u00e1 del nivel y lo descuidado. Con el soporte de exhibici\u00f3n de pol\u00edmero en forma de U personalizado, puede desarrollar profundidad, incluir elegancia y convertir cualquier superficie en una exhibici\u00f3n curada. Pida el suyo hoy mismo y descubra el arte de la pantalla de exposici\u00f3n.<\/p>","protected":false},"excerpt":{"rendered":"<p class=\"ng-star-inserted\"><span class=\"ng-star-inserted\">Eleve sus art\u00edculos con nuestros expositores acr\u00edlicos personalizados en forma de U. Este conjunto de elevadores transparentes es perfecto para crear impresionantes presentaciones de varios niveles para zapatos, objetos de colecci\u00f3n o productos al por menor. Duraderos, elegantes y vers\u00e1tiles para cualquier necesidad de exposici\u00f3n.<\/span><\/p>","protected":false},"featured_media":1458,"template":"","meta":{"_kad_post_transparent":"default","_kad_post_title":"","_kad_post_layout":"default","_kad_post_sidebar_id":"","_kad_post_content_style":"default","_kad_post_vertical_padding":"default","_kad_post_feature":"","_kad_post_feature_position":"","_kad_post_header":false,"_kad_post_footer":false,"_kad_post_classname":""},"product_brand":[],"product_cat":[15],"product_tag":[33],"class_list":{"0":"post-1457","1":"product","2":"type-product","3":"status-publish","4":"has-post-thumbnail","6":"product_cat-custom-acrylic-displays","7":"product_tag-custom-acrylic-display","9":"first","10":"instock","11":"shipping-taxable","12":"product-type-simple","13":"entry","14":"content-bg","15":"loop-entry"},"_links":{"self":[{"href":"https:\/\/customacrylicproduct.com\/es\/wp-json\/wp\/v2\/product\/1457","targetHints":{"allow":["GET"]}}],"collection":[{"href":"https:\/\/customacrylicproduct.com\/es\/wp-json\/wp\/v2\/product"}],"about":[{"href":"https:\/\/customacrylicproduct.com\/es\/wp-json\/wp\/v2\/types\/product"}],"wp:featuredmedia":[{"embeddable":true,"href":"https:\/\/customacrylicproduct.com\/es\/wp-json\/wp\/v2\/media\/1458"}],"wp:attachment":[{"href":"https:\/\/customacrylicproduct.com\/es\/wp-json\/wp\/v2\/media?parent=1457"}],"wp:term":[{"taxonomy":"product_brand","embeddable":true,"href":"https:\/\/customacrylicproduct.com\/es\/wp-json\/wp\/v2\/product_brand?post=1457"},{"taxonomy":"product_cat","embeddable":true,"href":"https:\/\/customacrylicproduct.com\/es\/wp-json\/wp\/v2\/product_cat?post=1457"},{"taxonomy":"product_tag","embeddable":true,"href":"https:\/\/customacrylicproduct.com\/es\/wp-json\/wp\/v2\/product_tag?post=1457"}],"curies":[{"name":"wp","href":"https:\/\/api.w.org\/{rel}","templated":true}]}}