{"id":1462,"date":"2025-07-21T08:41:38","date_gmt":"2025-07-21T08:41:38","guid":{"rendered":"https:\/\/customacrylicproduct.com\/?post_type=product&#038;p=1462"},"modified":"2025-07-21T08:41:38","modified_gmt":"2025-07-21T08:41:38","slug":"wholesale-custom-custom-acrylic-fashion-label-for-brand-logo","status":"publish","type":"product","link":"https:\/\/customacrylicproduct.com\/es\/wholesale-custom-custom-acrylic-fashion-label-for-brand-logo\/","title":{"rendered":"Mayorista Etiqueta de Moda Acr\u00edlica Personalizada Para Logotipo de Marca"},"content":{"rendered":"<h3 id=\"-elevate-your-brand-an-intro-to-costs-personalized-style-labels-\"><strong>Eleve su marca: Introducci\u00f3n a las etiquetas de estilo personalizadas de Costs<\/strong><\/h3>\n<p>En un mundo lleno de marcas, la misi\u00f3n de diferenciaci\u00f3n es fundamental. Cada detalle importa, cada punto de contacto es una oportunidad y cada elemento de su art\u00edculo tiene que conectar su historia de m\u00e1xima calidad, trato e identidad. La \u00faltima firma t\u00e1ctil de su desarrollo suele ser una de las m\u00e1s duraderas. Presentamos nuestra l\u00ednea superior de etiquetas de moda personalizadas al por mayor de pol\u00edmero y acero: el toque final que hace que sus productos dejen de ser meros art\u00edculos y se conviertan en preciadas piezas del legado de su marca.<\/p>\n<p>No son simples etiquetas; son peque\u00f1os emblemas de calidad, diligentemente elaborados para soportar el peso y la estatura del dise\u00f1o de su logotipo. Pensadas para dise\u00f1adores cr\u00edticos, dise\u00f1adores artesanos, gestores de regalos de empresa y marcas desarrolladas, nuestras etiquetas a medida son el puente entre su visi\u00f3n y la percepci\u00f3n de calidad inigualable de su consumidor.<\/p>\n<p><img fetchpriority=\"high\" decoding=\"async\" class=\"size-full wp-image-1466\" src=\"https:\/\/customacrylicproduct.com\/wp-content\/uploads\/2025\/07\/Acrylic-Fashion-Label-4.jpg\" alt=\"Etiqueta acr\u00edlica de moda (4)\" width=\"800\" height=\"800\" srcset=\"https:\/\/customacrylicproduct.com\/wp-content\/uploads\/2025\/07\/Acrylic-Fashion-Label-4.jpg 800w, https:\/\/customacrylicproduct.com\/wp-content\/uploads\/2025\/07\/Acrylic-Fashion-Label-4-300x300.jpg 300w, https:\/\/customacrylicproduct.com\/wp-content\/uploads\/2025\/07\/Acrylic-Fashion-Label-4-150x150.jpg 150w, https:\/\/customacrylicproduct.com\/wp-content\/uploads\/2025\/07\/Acrylic-Fashion-Label-4-768x768.jpg 768w, https:\/\/customacrylicproduct.com\/wp-content\/uploads\/2025\/07\/Acrylic-Fashion-Label-4-600x600.jpg 600w, https:\/\/customacrylicproduct.com\/wp-content\/uploads\/2025\/07\/Acrylic-Fashion-Label-4-100x100.jpg 100w\" sizes=\"(max-width: 800px) 100vw, 800px\" \/><\/p>\n<h4 id=\"-the-unspoken-power-of-a-premium-tag-\"><strong>El poder t\u00e1cito de una etiqueta Premium<\/strong><\/h4>\n<p>Antes de que un cliente experimente la calidad superior completa de su prenda, bolso o accesorio, ve y siente la etiqueta. Esta interacci\u00f3n inicial establece el tono de toda la experiencia de marca. Una etiqueta ligera y publicada puede devaluar inconscientemente el art\u00edculo, mientras que una etiqueta met\u00e1lica o acr\u00edlica brillante, s\u00f3lida y elegantemente inscrita conecta r\u00e1pidamente lujo, resistencia y atenci\u00f3n precisa a la informaci\u00f3n.<\/p>\n<p>Nuestras etiquetas proporcionan un v\u00ednculo sustancial con su marca. El tacto impresionante y suave del metal liso, el peso sutil que habla de sustancia, la inscripci\u00f3n n\u00edtida y exacta del dise\u00f1o de su logotipo: estas informaciones sensoriales producen una impresi\u00f3n eficaz y duradera. Cuentan la historia de una marca que se compra a s\u00ed misma y, por extensi\u00f3n, en la satisfacci\u00f3n y el deleite de sus clientes. Este elemento min\u00fasculo pero sustancial eleva el valor considerado de cualquier tipo de cosa que decore, justificando un factor de tarifa de costes y fomentando un compromiso de marca sin desviaciones.<\/p>\n<p><img decoding=\"async\" class=\"size-full wp-image-1465\" src=\"https:\/\/customacrylicproduct.com\/wp-content\/uploads\/2025\/07\/Acrylic-Fashion-Label-3.jpg\" alt=\"Etiqueta acr\u00edlica de moda (3)\" width=\"800\" height=\"800\" srcset=\"https:\/\/customacrylicproduct.com\/wp-content\/uploads\/2025\/07\/Acrylic-Fashion-Label-3.jpg 800w, https:\/\/customacrylicproduct.com\/wp-content\/uploads\/2025\/07\/Acrylic-Fashion-Label-3-300x300.jpg 300w, https:\/\/customacrylicproduct.com\/wp-content\/uploads\/2025\/07\/Acrylic-Fashion-Label-3-150x150.jpg 150w, https:\/\/customacrylicproduct.com\/wp-content\/uploads\/2025\/07\/Acrylic-Fashion-Label-3-768x768.jpg 768w, https:\/\/customacrylicproduct.com\/wp-content\/uploads\/2025\/07\/Acrylic-Fashion-Label-3-600x600.jpg 600w, https:\/\/customacrylicproduct.com\/wp-content\/uploads\/2025\/07\/Acrylic-Fashion-Label-3-100x100.jpg 100w\" sizes=\"(max-width: 800px) 100vw, 800px\" \/><\/p>\n<h4 id=\"-letting-loose-imagination-unmatched-customization-at-your-fingertips-\"><strong>Dar rienda suelta a la imaginaci\u00f3n: Personalizaci\u00f3n inigualable al alcance de su mano<\/strong><\/h4>\n<p>Su marca es \u00fanica, y su etiqueta tambi\u00e9n debe serlo. Hemos construido nuestra soluci\u00f3n en torno a una base de personalizaci\u00f3n total, garantizando que el producto final sea una representaci\u00f3n perfecta y tangible de la identificaci\u00f3n de su marca. Tratamos con usted en cada paso, desde el concepto hasta la conclusi\u00f3n, para dar vida a su visi\u00f3n.<\/p>\n<p><strong>1. Una selecci\u00f3n de materiales de prestigio:<\/strong><\/p>\n<p>Aunque las fotos muestran una espectacular variedad de superficies met\u00e1licas, nuestras capacidades abarcan tanto los aceros intemporales como los acr\u00edlicos de hoy en d\u00eda, ofreci\u00e9ndole un espectro de posibilidades est\u00e9ticas.<\/p>\n<ul>\n<li><strong>Metal (aleaci\u00f3n de zinc, lat\u00f3n, acero inoxidable):\u00a0<\/strong>La opci\u00f3n por excelencia para marcas de lujo y patrimoniales. Nuestras etiquetas de metal se ofrecen en una gama de superficies, que consiste en:.<\/li>\n<li><strong>Sleek Gold:\u00a0<\/strong>Brillante, cl\u00e1sico y sin duda opulento. Perfecto para el estilo de alta gama, los trajes de novia y los art\u00edculos de cuero natural de lujo.<\/li>\n<li><strong>Plata peinada\/n\u00edquel:\u00a0<\/strong>Un revestimiento innovador y moderno que sugiere estilo actual y precisi\u00f3n tecnol\u00f3gica.<\/li>\n<li><strong>Oro rosa:\u00a0<\/strong>Una opci\u00f3n elegante y cl\u00e1sica que aporta calor y un toque de romanticismo.<\/li>\n<li><strong>Lat\u00f3n\/Bronce antiguo:\u00a0<\/strong>Presenta una sensaci\u00f3n vintage y artesanal, adecuada para art\u00edculos artesanales, vaqueros y colecciones inspiradas en el patrimonio.<\/li>\n<li><strong>Negro mate:\u00a0<\/strong>Elegante, minimalista y resistente. Una opci\u00f3n potente para ropa de calle, accesorios tecnol\u00f3gicos y estilos progresivos.<\/li>\n<li><strong>Gunmetal:\u00a0<\/strong>Una superficie oscura, temperamental e industrial que irradia un refinamiento vanguardista.<\/li>\n<li><strong>Pol\u00edmero:\u00a0<\/strong>Para marcas que buscan una declaraci\u00f3n moderna, ligera o viva. El acr\u00edlico proporciona un tipo de comodidad diferente:.<\/li>\n<li><strong>Tonos vibrantes:\u00a0<\/strong>Disponibles en una gama pr\u00e1cticamente ilimitada de tonos opacos, transparentes o fluorescentes para adaptarse completamente a la gama de colores de su marca.<\/li>\n<li><strong>Revestimientos espejados:\u00a0<\/strong>Consiga el aspecto reflectante del acero con la ligereza del acr\u00edlico en oro, plata y otros colores.<\/li>\n<li><strong>Cristalino y esmerilado:\u00a0<\/strong>Cree un sutil efecto de marca \u201cfantasma\u201d que es a la vez minimalista y de alta tecnolog\u00eda.<\/li>\n<\/ul>\n<p><strong>2. Precisi\u00f3n en cada informaci\u00f3n:<\/strong><\/p>\n<p>Su logotipo es el coraz\u00f3n de su marca. Utilizamos la tecnolog\u00eda m\u00e1s moderna para asegurarnos de que se realiza con una precisi\u00f3n impecable.<\/p>\n<ul>\n<li><strong>Inscripci\u00f3n l\u00e1ser:\u00a0<\/strong>Ofrece l\u00edneas muy n\u00edtidas y limpias e informaci\u00f3n elaborada, lo mejor para logotipos complejos y un gran mensaje.<\/li>\n<li><strong>Troquelado y estampado\/grabado en relieve:\u00a0<\/strong>Produce un efecto tridimensional, ofreciendo al dise\u00f1o de su logotipo una textura elevada o rebajada que acoge el tacto e incluye profundidad.<\/li>\n<li><strong>Recortes a medida:\u00a0<\/strong>Como se ve en algunos de nuestros casos, podemos reducir el nombre de su marca o el dise\u00f1o de su logotipo directamente del material, desarrollando un dise\u00f1o \u00fanico e inolvidable.<\/li>\n<\/ul>\n<p><strong>3. Conformaci\u00f3n, acotaci\u00f3n y adici\u00f3n:<\/strong><\/p>\n<p>Prescindimos de la t\u00edpica forma rectangular. Su etiqueta puede tener cualquier forma que visualice: ovalada, redonda, una forma personalizada de su s\u00edmbolo o un tipo geom\u00e9trico especial. Tambi\u00e9n ofrecemos diferentes opciones de fijaci\u00f3n para satisfacer sus necesidades espec\u00edficas:.<\/p>\n<ul>\n<li><strong>Agujeros para coser:\u00a0<\/strong>Cl\u00e1sico, protegido y vers\u00e1til para textiles. Disponible con dos, cuatro o agujeros personalizados.<\/li>\n<li><strong>Puntas\/remaches:\u00a0<\/strong>Perfecta para materiales m\u00e1s gruesos como el cuero natural, la tela vaquera y la lona, proporcionando una fijaci\u00f3n robusta y de estilo industrial.<\/li>\n<li><strong>Soporte adhesivo:\u00a0<\/strong>Un fuerte adhesivo 3M para su aplicaci\u00f3n en superficies dif\u00edciles como cajas de regalo, dispositivos electr\u00f3nicos o cuadernos.<\/li>\n<\/ul>\n<p><img decoding=\"async\" class=\"size-full wp-image-1463\" src=\"https:\/\/customacrylicproduct.com\/wp-content\/uploads\/2025\/07\/Acrylic-Fashion-Label-1.jpg\" alt=\"Etiqueta acr\u00edlica de moda (1)\" width=\"800\" height=\"800\" srcset=\"https:\/\/customacrylicproduct.com\/wp-content\/uploads\/2025\/07\/Acrylic-Fashion-Label-1.jpg 800w, https:\/\/customacrylicproduct.com\/wp-content\/uploads\/2025\/07\/Acrylic-Fashion-Label-1-300x300.jpg 300w, https:\/\/customacrylicproduct.com\/wp-content\/uploads\/2025\/07\/Acrylic-Fashion-Label-1-150x150.jpg 150w, https:\/\/customacrylicproduct.com\/wp-content\/uploads\/2025\/07\/Acrylic-Fashion-Label-1-768x768.jpg 768w, https:\/\/customacrylicproduct.com\/wp-content\/uploads\/2025\/07\/Acrylic-Fashion-Label-1-600x600.jpg 600w, https:\/\/customacrylicproduct.com\/wp-content\/uploads\/2025\/07\/Acrylic-Fashion-Label-1-100x100.jpg 100w\" sizes=\"(max-width: 800px) 100vw, 800px\" \/><\/p>\n<h4 id=\"-versatile-applications-past-the-garment-\"><strong>Aplicaciones vers\u00e1tiles: M\u00e1s all\u00e1 de la prenda<\/strong><\/h4>\n<p>Nuestras etiquetas personalizadas s\u00f3lo est\u00e1n limitadas por su creatividad. Son un potente dispositivo de marca en multitud de sectores:.<\/p>\n<ul>\n<li><strong>Ropa de estilo:\u00a0<\/strong>En los complementos se habla de abrigos, chaquetas deportivas, batas y alta costura.<\/li>\n<li><strong>Bolsos y accesorios:\u00a0<\/strong>Marca para bolsos, carteras, mochilas, cinturones y equipaje.<\/li>\n<li><strong>Vaqueros y ropa de abrigo:\u00a0<\/strong>Etiquetas de acero duraderas para manchas de vaqueros y exteriores de abrigos.<\/li>\n<li><strong>Zapatos:\u00a0<\/strong>Marca refinada en zapatillas, botas y calzado de vestir.<\/li>\n<li><strong>Prendas de punto y sombreros:\u00a0<\/strong>Etiquetas con clase para gorros, pa\u00f1uelos y jers\u00e9is.<\/li>\n<li><strong>Art\u00edculos para el hogar y mobiliario:\u00a0<\/strong>Marca de calidad en almohadas, mantas, toallas e incluso muebles de alta gama.<\/li>\n<li><strong>Regalos de empresa:\u00a0<\/strong>Potencie los art\u00edculos promocionales, los accesorios tecnol\u00f3gicos y las cajas de regalo premium con una marca permanente y de gran valor.<\/li>\n<li><strong>Artesan\u00eda:\u00a0<\/strong>A\u00f1ada una marca especializada a los productos hechos a mano, desde dispositivos para perros hasta diarios encuadernados a medida.<\/li>\n<\/ul>\n<h4 id=\"-your-wholesale-companion-in-quality-\"><strong>Su compa\u00f1ero mayorista en calidad<\/strong><\/h4>\n<p>Comprendemos las necesidades de la producci\u00f3n y el valor de una cadena de suministro de confianza. Nuestro programa de venta al por mayor est\u00e1 dise\u00f1ado para ser una experiencia fluida y alentadora para su negocio. Ofrecemos precios competitivos en pedidos al por mayor, cantidades m\u00ednimas de pedido (MOQ) reducidas para apoyar a los dise\u00f1adores emergentes y la capacidad de realizar tiradas de producci\u00f3n a gran escala para marcas establecidas. Nuestro riguroso proceso de control de calidad garantiza que todas las etiquetas de su pedido, desde la primera hasta la diez mil\u00e9sima, mantengan exactamente el mismo criterio de excelencia en acabado, color e informaci\u00f3n.<\/p>\n<p>Nuestro proceso colectivo comienza con una cita para reconocer su tarea. A continuaci\u00f3n, le proporcionamos pruebas electr\u00f3nicas para su aprobaci\u00f3n antes de proceder a una muestra f\u00edsica, lo que garantiza que est\u00e9 totalmente satisfecho antes de que comience la producci\u00f3n completa.<\/p>\n<h4 id=\"-invest-in-your-brand-s-legacy-\"><strong>Invierta en el legado de su marca<\/strong><\/h4>\n<p>A largo plazo, una marca es una garant\u00eda. Es una promesa de alta calidad, una garant\u00eda de dise\u00f1o y una garant\u00eda de experiencia. Nuestras etiquetas de moda met\u00e1licas y acr\u00edlicas personalizadas son algo m\u00e1s que una pieza: son un s\u00edntoma f\u00edsico de ese compromiso. Son un embajador silencioso y coherente de su marca, que comunica su dedicaci\u00f3n a la calidad mucho despu\u00e9s de la primera venta.<\/p>\n<p>Ll\u00e1menos hoy mismo para solicitar un presupuesto o hablar con nuestros expertos en dise\u00f1o. Perm\u00edtanos ayudarle a desarrollar una etiqueta que no s\u00f3lo identifique su producto, sino que lo defina. Haga de su marca una marca de distinci\u00f3n.<\/p>","protected":false},"excerpt":{"rendered":"<p class=\"ng-star-inserted\"><span class=\"ng-star-inserted\">Eleve su marca con etiquetas met\u00e1licas personalizadas con logotipo de primera calidad. Perfectas para moda, ropa y bolsos, estas etiquetas pueden personalizarse con su logotipo en una variedad de acabados impresionantes como oro, plata y negro. A\u00f1ada un toque de lujo y profesionalidad a sus productos. Disponible al por mayor.<\/span><\/p>","protected":false},"featured_media":1466,"template":"","meta":{"_kad_post_transparent":"default","_kad_post_title":"","_kad_post_layout":"default","_kad_post_sidebar_id":"","_kad_post_content_style":"default","_kad_post_vertical_padding":"default","_kad_post_feature":"","_kad_post_feature_position":"","_kad_post_header":false,"_kad_post_footer":false,"_kad_post_classname":""},"product_brand":[],"product_cat":[18],"product_tag":[84],"class_list":{"0":"post-1462","1":"product","2":"type-product","3":"status-publish","4":"has-post-thumbnail","6":"product_cat-custom-acrylic-signs","7":"product_tag-clear-acrylic-signs","9":"first","10":"instock","11":"shipping-taxable","12":"product-type-simple","13":"entry","14":"content-bg","15":"loop-entry"},"_links":{"self":[{"href":"https:\/\/customacrylicproduct.com\/es\/wp-json\/wp\/v2\/product\/1462","targetHints":{"allow":["GET"]}}],"collection":[{"href":"https:\/\/customacrylicproduct.com\/es\/wp-json\/wp\/v2\/product"}],"about":[{"href":"https:\/\/customacrylicproduct.com\/es\/wp-json\/wp\/v2\/types\/product"}],"wp:featuredmedia":[{"embeddable":true,"href":"https:\/\/customacrylicproduct.com\/es\/wp-json\/wp\/v2\/media\/1466"}],"wp:attachment":[{"href":"https:\/\/customacrylicproduct.com\/es\/wp-json\/wp\/v2\/media?parent=1462"}],"wp:term":[{"taxonomy":"product_brand","embeddable":true,"href":"https:\/\/customacrylicproduct.com\/es\/wp-json\/wp\/v2\/product_brand?post=1462"},{"taxonomy":"product_cat","embeddable":true,"href":"https:\/\/customacrylicproduct.com\/es\/wp-json\/wp\/v2\/product_cat?post=1462"},{"taxonomy":"product_tag","embeddable":true,"href":"https:\/\/customacrylicproduct.com\/es\/wp-json\/wp\/v2\/product_tag?post=1462"}],"curies":[{"name":"wp","href":"https:\/\/api.w.org\/{rel}","templated":true}]}}