{"id":1472,"date":"2025-07-21T09:05:53","date_gmt":"2025-07-21T09:05:53","guid":{"rendered":"https:\/\/customacrylicproduct.com\/?post_type=product&#038;p=1472"},"modified":"2025-07-21T09:26:07","modified_gmt":"2025-07-21T09:26:07","slug":"custom-acrylic-trophy-custom-personalized-marble-trophy","status":"publish","type":"product","link":"https:\/\/customacrylicproduct.com\/es\/custom-acrylic-trophy-custom-personalized-marble-trophy\/","title":{"rendered":"Trofeo de acr\u00edlico personalizado Trofeo de m\u00e1rmol personalizado"},"content":{"rendered":"<h3 id=\"-elevate-recognition-with-customized-polymer-trophies-a-modern-symphony-of-shade-craft-and-customization-\"><strong>Eleve el reconocimiento con trofeos de pol\u00edmero personalizados: Una moderna sinfon\u00eda de sombra, artesan\u00eda y personalizaci\u00f3n<\/strong><\/h3>\n<p>En el mundo de los logros y el reconocimiento, la se\u00f1al del \u00e9xito debe ser tan fenomenal como el propio logro. Reub\u00edquese m\u00e1s all\u00e1 de lo com\u00fan y acepte un nuevo per\u00edodo de honores con nuestra magn\u00edfica colecci\u00f3n de Trofeos de pol\u00edmero personalizados. Meticulosamente creados y perfectamente realizados, estos galardones no son simplemente art\u00edculos; son obras de arte personalizadas, representaciones sustanciales de dedicaci\u00f3n, innovaci\u00f3n y excelencia. Mientras que poseen la sensaci\u00f3n y la eminencia considerables tan pronto como se relacionen con los productos est\u00e1ndar como el m\u00e1rmol y el cristal, su edificio y construcci\u00f3n contempor\u00e1neos del acr\u00edlico abren un universo de la sombra viva, de la forma din\u00e1mica, y de la personalizaci\u00f3n sin par que dejar\u00e1n un impacto duradero en cada recipiente.<\/p>\n<p><img fetchpriority=\"high\" decoding=\"async\" class=\"size-full wp-image-1473\" src=\"https:\/\/customacrylicproduct.com\/wp-content\/uploads\/2025\/07\/Custom-Acrylic-Trophy-1-2.jpg\" alt=\"Trofeo acr\u00edlico personalizado (1)\" width=\"800\" height=\"800\" srcset=\"https:\/\/customacrylicproduct.com\/wp-content\/uploads\/2025\/07\/Custom-Acrylic-Trophy-1-2.jpg 800w, https:\/\/customacrylicproduct.com\/wp-content\/uploads\/2025\/07\/Custom-Acrylic-Trophy-1-2-300x300.jpg 300w, https:\/\/customacrylicproduct.com\/wp-content\/uploads\/2025\/07\/Custom-Acrylic-Trophy-1-2-150x150.jpg 150w, https:\/\/customacrylicproduct.com\/wp-content\/uploads\/2025\/07\/Custom-Acrylic-Trophy-1-2-768x768.jpg 768w, https:\/\/customacrylicproduct.com\/wp-content\/uploads\/2025\/07\/Custom-Acrylic-Trophy-1-2-600x600.jpg 600w, https:\/\/customacrylicproduct.com\/wp-content\/uploads\/2025\/07\/Custom-Acrylic-Trophy-1-2-100x100.jpg 100w\" sizes=\"(max-width: 800px) 100vw, 800px\" \/><\/p>\n<h4 id=\"-a-brand-new-measurement-in-honor-layout-\"><strong>Una nueva medida en la disposici\u00f3n de los honores<\/strong><\/h4>\n<p>Lo que distingue r\u00e1pidamente a estos premios es su fascinante dise\u00f1o en m\u00faltiples capas. Cada art\u00edculo es una clase magistral de narraci\u00f3n visual, que combina una placa suave y refinada con un elemento base vibrante y tridimensional que incluye profundidad, personalidad y significado.<\/p>\n<ul>\n<li><strong>La Fundaci\u00f3n Din\u00e1mica:\u00a0<\/strong>F\u00edjese bien en la base de estos premios. En lugar de un simple bloque, encontrar\u00e1 paisajes urbanos intrincados, pilares en aumento o celebridades disparando. Estos componentes tridimensionales no son simplemente decorativos; son simb\u00f3licos. El concepto de horizonte representa la pasi\u00f3n, el crecimiento y la construcci\u00f3n del \u00e9xito desde los cimientos, lo mejor para logros corporativos u honores departamentales. Los pilares rematados con estrellas evocan la sensaci\u00f3n de atrapar a las estrellas y conmemorar a los mejores artistas. Esta pieza de arte fundamental est\u00e1 disponible en una amplia gama de estilos y puede suministrarse en abundantes tonos coordinados (como el azul zafiro profundo o el rojo rub\u00ed) o en un sofisticado acabado transparente congelado que contrasta maravillosamente con la placa principal.<\/li>\n<li><strong>Un lienzo de color luminiscente:\u00a0<\/strong>El texto del premio funciona como un lienzo din\u00e1mico. Utilizamos un proceso de mezcla de tonos de \u00faltima generaci\u00f3n en acr\u00edlico de primera calidad, lo que da como resultado un tono profundo y claro que capta y refracta la luz con una sofisticaci\u00f3n impresionante. Como se ve en las im\u00e1genes, las opciones de tonos son atrevidas y sofisticadas. Seleccione entre un\u00a0<strong>Azul zafiro\u00a0<\/strong>que las menciones cuentan y seguridad, un apasionado\u00a0<strong>Rojo rub\u00ed\u00a0<\/strong>que representa la resistencia y la gesti\u00f3n, una\u00a0<strong>Negro \u00f3nice\u00a0<\/strong>para un toque de estatura cl\u00e1sica, o tal vez un magn\u00edfico\u00a0<strong>Sundown Pendiente Naranja\u00a0<\/strong>que encarna la imaginaci\u00f3n y el dinamismo. Este color de uso le permite enderezar los honores con la marca de su empresa, el tema del evento o la sensaci\u00f3n de detalle que desea transmitir.<\/li>\n<li><strong>Formas sofisticadas para cada mensaje:\u00a0<\/strong>La forma de una cuesti\u00f3n de honor. Nuestra colecci\u00f3n ofrece una selecci\u00f3n de formas para adaptarse al tono de su acto de reconocimiento. El suave\u00a0<strong>parte superior doblada\u00a0<\/strong>ofrece una sensaci\u00f3n de estilo y fluidez. Lo afilado,\u00a0<strong>inclinaci\u00f3n asim\u00e9trica\u00a0<\/strong>transmite una sensaci\u00f3n de dinamismo vanguardista y eficiencia de vanguardia. La intemporalidad\u00a0<strong>placa rectangular\u00a0<\/strong>ofrece una base intemporal y magn\u00edfica para su mensaje. Cada forma est\u00e1 cortada con precisi\u00f3n y pulida con diamante para garantizar unos bordes perfectamente lisos y un revestimiento similar al cristal.<\/li>\n<\/ul>\n<p><img decoding=\"async\" class=\"size-full wp-image-1476\" src=\"https:\/\/customacrylicproduct.com\/wp-content\/uploads\/2025\/07\/Custom-Acrylic-Trophy-4-1.jpg\" alt=\"Trofeo acr\u00edlico personalizado (4)\" width=\"800\" height=\"800\" srcset=\"https:\/\/customacrylicproduct.com\/wp-content\/uploads\/2025\/07\/Custom-Acrylic-Trophy-4-1.jpg 800w, https:\/\/customacrylicproduct.com\/wp-content\/uploads\/2025\/07\/Custom-Acrylic-Trophy-4-1-300x300.jpg 300w, https:\/\/customacrylicproduct.com\/wp-content\/uploads\/2025\/07\/Custom-Acrylic-Trophy-4-1-150x150.jpg 150w, https:\/\/customacrylicproduct.com\/wp-content\/uploads\/2025\/07\/Custom-Acrylic-Trophy-4-1-768x768.jpg 768w, https:\/\/customacrylicproduct.com\/wp-content\/uploads\/2025\/07\/Custom-Acrylic-Trophy-4-1-600x600.jpg 600w, https:\/\/customacrylicproduct.com\/wp-content\/uploads\/2025\/07\/Custom-Acrylic-Trophy-4-1-100x100.jpg 100w\" sizes=\"(max-width: 800px) 100vw, 800px\" \/><\/p>\n<h4 id=\"-the-heart-of-the-matter-unrivaled-personalization-\"><strong>El quid de la cuesti\u00f3n: Personalizaci\u00f3n sin igual<\/strong><\/h4>\n<p>Un honor tiene tanto sentido como el mensaje que transmite. Aqu\u00ed es donde nuestros premios personalizados realmente brillan. Ofrecemos una amplia gama de opciones de personalizaci\u00f3n para convertir cada trofeo en un testimonio especial y personal de logro.<\/p>\n<ul>\n<li><strong>Texto y tipograf\u00eda a medida:\u00a0<\/strong>Desde el nombre del galardonado hasta el t\u00edtulo del premio (\u201dMejor servicio\u201d, \u201cPremio al departamento excelente\u201d, \u201c\u5e74\u5ea6\u6700\u4f18\u79c0\u5458\u5de5\u201d - Mejor empleado anual), cada palabra se proporciona con una precisi\u00f3n n\u00edtida y ordenada. Usted tiene el control total sobre el mensaje, los tipos de letra y el dise\u00f1o para asegurarse de que el mensaje sea claro, impactante y estil\u00edsticamente ideal.<\/li>\n<li><strong>Combinaci\u00f3n de logotipo y gr\u00e1fico de alta resoluci\u00f3n:\u00a0<\/strong>Su marca es su identificaci\u00f3n. Podemos integrar perfectamente el logotipo de su empresa, la insignia de la ocasi\u00f3n o gr\u00e1ficos personalizados directamente en el dise\u00f1o. Como se ha visto en los casos de \u201cECOWATER\u201d y \u201cDr. AHN\u201d, los logotipos no se colocan simplemente en la superficie, sino que se incorporan directamente al visual general, acabando por ser parte integrante de la composici\u00f3n creativa del honor.<\/li>\n<li><strong>Conmemoraci\u00f3n de hitos:\u00a0<\/strong>Marque el evento con detalles d\u00edas, como \u201cHonor 2024\u201d o \u201c2023-2024\u201d, asegur\u00e1ndose de que el recuerdo del \u00e9xito se mantiene para siempre. Tanto si se trata de una gala anual como de un reconocimiento trimestral o de la conclusi\u00f3n de un trabajo puntual, el d\u00eda de la entrega de premios es un momento de victoria.<\/li>\n<\/ul>\n<p>Nuestro procedimiento de dise\u00f1o es conjunto. S\u00f3lo tiene que darnos su mensaje deseado, logotipos e ideas de dise\u00f1o, y nuestro grupo colaborar\u00e1 con usted para crear una prueba electr\u00f3nica, permiti\u00e9ndole revisar y aceptar cada detalle antes de que comience la producci\u00f3n. El resultado es un aut\u00e9ntico premio a medida, creado exclusivamente para usted.<\/p>\n<p><img decoding=\"async\" class=\"size-full wp-image-1475\" src=\"https:\/\/customacrylicproduct.com\/wp-content\/uploads\/2025\/07\/Custom-Acrylic-Trophy-3-2.jpg\" alt=\"Trofeo acr\u00edlico personalizado (3)\" width=\"800\" height=\"800\" srcset=\"https:\/\/customacrylicproduct.com\/wp-content\/uploads\/2025\/07\/Custom-Acrylic-Trophy-3-2.jpg 800w, https:\/\/customacrylicproduct.com\/wp-content\/uploads\/2025\/07\/Custom-Acrylic-Trophy-3-2-300x300.jpg 300w, https:\/\/customacrylicproduct.com\/wp-content\/uploads\/2025\/07\/Custom-Acrylic-Trophy-3-2-150x150.jpg 150w, https:\/\/customacrylicproduct.com\/wp-content\/uploads\/2025\/07\/Custom-Acrylic-Trophy-3-2-768x768.jpg 768w, https:\/\/customacrylicproduct.com\/wp-content\/uploads\/2025\/07\/Custom-Acrylic-Trophy-3-2-600x600.jpg 600w, https:\/\/customacrylicproduct.com\/wp-content\/uploads\/2025\/07\/Custom-Acrylic-Trophy-3-2-100x100.jpg 100w\" sizes=\"(max-width: 800px) 100vw, 800px\" \/><\/p>\n<h4 id=\"-crafted-from-costs-materials-for-long-lasting-stature-\"><strong>Fabricado con materiales resistentes para una larga duraci\u00f3n<\/strong><\/h4>\n<p>Aunque estos premios pueden confundirse con un delicado cristal, est\u00e1n dise\u00f1ados para una elegancia duradera a partir de acr\u00edlico de alta densidad y calidad superior. Esta opci\u00f3n de producto proporciona el m\u00e1s eficaz de todos los globos:.<\/p>\n<ul>\n<li><strong>Claridad \u00f3ptica:\u00a0<\/strong>Nuestro acr\u00edlico hace alarde de una transparencia cristalina equiparable a la del cristal m\u00e1s fino, lo que permite una deslumbrante transmisi\u00f3n de la luz y una vibrante expresi\u00f3n de las sombras.<\/li>\n<li><strong>Peso considerable:\u00a0<\/strong>Estos trofeos tienen un peso agradable y una sensaci\u00f3n s\u00f3lida y excepcional en la mano, comunicando valor y val\u00eda al destinatario.<\/li>\n<li><strong>Resistencia y seguridad:\u00a0<\/strong>A diferencia del vidrio o el cristal, el pol\u00edmero es resistente a las roturas, lo que lo convierte en una alternativa mucho m\u00e1s segura y duradera para la pantalla en un entorno laboral o dom\u00e9stico ajetreado.<\/li>\n<li><strong>Precisi\u00f3n Mano de obra:\u00a0<\/strong>Cada trofeo comienza como un s\u00f3lido bloque de acr\u00edlico, que se corta con precisi\u00f3n, se adhiere con un tratamiento experto y se pule hasta conseguir un brillo especular. La impresi\u00f3n se consigue mediante la avanzada innovaci\u00f3n UV, que trata la tinta directamente sobre el material para obtener una superficie n\u00edtida, vibrante y resistente a los ara\u00f1azos, que no se despegar\u00e1 ni decolorar\u00e1 con el tiempo.<\/li>\n<\/ul>\n<h4 id=\"-the-perfect-award-for-every-single-celebration-\"><strong>El premio perfecto para cada celebraci\u00f3n<\/strong><\/h4>\n<p>La gran comodidad de este dise\u00f1o lo convierte en la opci\u00f3n ideal para una gran variedad de ocasiones de reconocimiento:.<\/p>\n<ul>\n<li><strong>Calidad empresarial:\u00a0<\/strong>Honre a sus mejores vendedores, departamentos destacados y empleados del a\u00f1o.<\/li>\n<li><strong>Reconocimiento de soluciones y socios:\u00a0<\/strong>Reconozca a los proveedores del \u201cMejor Servicio\u201d, a los \u201cMagn\u00edficos Distribuidores\u201d y a los socios importantes de la empresa.<\/li>\n<li><strong>Liderazgo e innovaci\u00f3n:\u00a0<\/strong>Conmemore a los l\u00edderes y grupos visionarios que est\u00e1n ampliando las fronteras de su sector.<\/li>\n<li><strong>Logros acad\u00e9micos y educativos:\u00a0<\/strong>Reconocer a los principales aprendices y graduados de los centros de ocupaci\u00f3n y las instituciones educativas.<\/li>\n<li><strong>Eventos y acontecimientos \u00fanicos:\u00a0<\/strong>Cree una recompensa inolvidable y contempor\u00e1nea para competidores y concursos.<\/li>\n<\/ul>\n<p>No se limite a ofrecer un honor; ofrezca un objeto de declaraci\u00f3n. Ofrezca un icono de logro que sea tan especial, vivo y vibrante como la persona que lo recibe. Nuestros trofeos de pol\u00edmero hechos a medida son m\u00e1s que una recompensa: son un homenaje duradero al trabajo duro, un incentivo para el \u00e9xito futuro y una impresionante pieza de arte que se exhibir\u00e1 con satisfacci\u00f3n durante muchos a\u00f1os.<\/p>\n<p>Ll\u00e1menos hoy mismo para empezar a crear un trofeo que refleje realmente la calidad que desea conmemorar.<\/p>","protected":false},"excerpt":{"rendered":"<p class=\"ng-star-inserted\"><span class=\"ng-star-inserted\">Reconozca la grandeza con nuestros premios acr\u00edlicos personalizados de primera calidad. Totalmente personalizados con su texto y logotipo, estos trofeos presentan colores vibrantes y din\u00e1micos dise\u00f1os en 3D. Una opci\u00f3n elegante y moderna para el reconocimiento de empleados, eventos corporativos y celebraci\u00f3n del \u00e9xito.<\/span><\/p>","protected":false},"featured_media":1473,"template":"","meta":{"_kad_post_transparent":"default","_kad_post_title":"","_kad_post_layout":"default","_kad_post_sidebar_id":"","_kad_post_content_style":"default","_kad_post_vertical_padding":"default","_kad_post_feature":"","_kad_post_feature_position":"","_kad_post_header":false,"_kad_post_footer":false,"_kad_post_classname":""},"product_brand":[],"product_cat":[19],"product_tag":[136],"class_list":{"0":"post-1472","1":"product","2":"type-product","3":"status-publish","4":"has-post-thumbnail","6":"product_cat-custom-acrylic-trophies-awards","7":"product_tag-custom-acrylic-trophy","9":"first","10":"instock","11":"shipping-taxable","12":"product-type-simple","13":"entry","14":"content-bg","15":"loop-entry"},"_links":{"self":[{"href":"https:\/\/customacrylicproduct.com\/es\/wp-json\/wp\/v2\/product\/1472","targetHints":{"allow":["GET"]}}],"collection":[{"href":"https:\/\/customacrylicproduct.com\/es\/wp-json\/wp\/v2\/product"}],"about":[{"href":"https:\/\/customacrylicproduct.com\/es\/wp-json\/wp\/v2\/types\/product"}],"wp:featuredmedia":[{"embeddable":true,"href":"https:\/\/customacrylicproduct.com\/es\/wp-json\/wp\/v2\/media\/1473"}],"wp:attachment":[{"href":"https:\/\/customacrylicproduct.com\/es\/wp-json\/wp\/v2\/media?parent=1472"}],"wp:term":[{"taxonomy":"product_brand","embeddable":true,"href":"https:\/\/customacrylicproduct.com\/es\/wp-json\/wp\/v2\/product_brand?post=1472"},{"taxonomy":"product_cat","embeddable":true,"href":"https:\/\/customacrylicproduct.com\/es\/wp-json\/wp\/v2\/product_cat?post=1472"},{"taxonomy":"product_tag","embeddable":true,"href":"https:\/\/customacrylicproduct.com\/es\/wp-json\/wp\/v2\/product_tag?post=1472"}],"curies":[{"name":"wp","href":"https:\/\/api.w.org\/{rel}","templated":true}]}}