{"id":1479,"date":"2025-07-21T09:37:31","date_gmt":"2025-07-21T09:37:31","guid":{"rendered":"https:\/\/customacrylicproduct.com\/?post_type=product&#038;p=1479"},"modified":"2025-07-21T09:37:32","modified_gmt":"2025-07-21T09:37:32","slug":"clear-colored-acrylic-tube-pmma-cylinder-acrylic-pipe","status":"publish","type":"product","link":"https:\/\/customacrylicproduct.com\/es\/clear-colored-acrylic-tube-pmma-cylinder-acrylic-pipe\/","title":{"rendered":"Tubo acr\u00edlico transparente de color Cilindro de PMMA Tubo acr\u00edlico"},"content":{"rendered":"<h3 id=\"-clear-colored-pmma-polymer-cylinders-the-junction-of-light-shade-and-unbounded-style-\"><strong>Cilindros de pol\u00edmero PMMA transparentes y de color: La uni\u00f3n de luz, sombra y estilo sin l\u00edmites<\/strong><\/h3>\n<p>Abra un mundo de oportunidades de estilo donde la claridad satisface la sombra y el tipo cumple la funci\u00f3n. Nos enorgullece presentar nuestra l\u00ednea l\u00edder de tubos acr\u00edlicos transparentes y de color, cilindros de PMMA y tubos de pol\u00edmero, un producto fundamental creado para el dise\u00f1ador visionario, el desarrollador ingenioso, el fabricante preciso y el m\u00fasico creativo. M\u00e1s que una simple varilla de pl\u00e1stico, este art\u00edculo es un medio flexible, listo para convertirse en impresionantes elementos de construcci\u00f3n, animados expositores de venta al por menor, sensacionales art\u00edculos de arte y piezas funcionales de precisi\u00f3n.<\/p>\n<p>Nuestra colecci\u00f3n, claramente plasmada en el ir junto con fotos, muestra el enorme potencial que encierra cada cilindro magistralmente elaborado. Desde la pureza cristalina a la altura del vidrio \u00f3ptico hasta un deslumbrante espectro de matices instilados, estos tubos acr\u00edlicos est\u00e1n creados para captar la luz, especificar el espacio y dar vida a sus principios m\u00e1s ambiciosos.<\/p>\n<p><img fetchpriority=\"high\" decoding=\"async\" class=\"size-full wp-image-1480\" src=\"https:\/\/customacrylicproduct.com\/wp-content\/uploads\/2025\/07\/Acrylic-Tube-1.jpg\" alt=\"Tubo acr\u00edlico (1)\" width=\"800\" height=\"800\" srcset=\"https:\/\/customacrylicproduct.com\/wp-content\/uploads\/2025\/07\/Acrylic-Tube-1.jpg 800w, https:\/\/customacrylicproduct.com\/wp-content\/uploads\/2025\/07\/Acrylic-Tube-1-300x300.jpg 300w, https:\/\/customacrylicproduct.com\/wp-content\/uploads\/2025\/07\/Acrylic-Tube-1-150x150.jpg 150w, https:\/\/customacrylicproduct.com\/wp-content\/uploads\/2025\/07\/Acrylic-Tube-1-768x768.jpg 768w, https:\/\/customacrylicproduct.com\/wp-content\/uploads\/2025\/07\/Acrylic-Tube-1-600x600.jpg 600w, https:\/\/customacrylicproduct.com\/wp-content\/uploads\/2025\/07\/Acrylic-Tube-1-100x100.jpg 100w\" sizes=\"(max-width: 800px) 100vw, 800px\" \/><\/p>\n<h4 id=\"-area-1-unparalleled-clarity-and-material-pureness-\"><strong>\u00c1rea 1: Claridad y pureza material incomparables<\/strong><\/h4>\n<p>El n\u00facleo de nuestro producto es la extraordinaria calidad de nuestro polimetacrilato de metilo (PMMA), generalmente denominado acr\u00edlico. Como se puede ver en las fotos de nuestros cilindros transparentes, cada pieza tiene un brillo impecable, como el cristal, sin la delicadeza y el peso fundamentales del cristal est\u00e1ndar.<\/p>\n<ul>\n<li><strong>Apertura de grado \u00f3ptico:\u00a0<\/strong>Nuestros postes acr\u00edlicos transparentes proporcionan una transmisi\u00f3n de luz superior, permitiendo que hasta 92% de luz visible los atraviese. De este modo se consigue un aspecto est\u00e9ticamente ligero, discreto y sofisticado. La excelente calidad del producto garantiza que la luz no s\u00f3lo se transmite, sino que tambi\u00e9n se refracta maravillosamente, generando reflejos vibrantes y una sensaci\u00f3n de profundidad, como demuestran los reflejos n\u00edtidos de la superficie de las barras.<\/li>\n<li><strong>Fabricaci\u00f3n de precisi\u00f3n:\u00a0<\/strong>Disponibles en una serie sustancial de di\u00e1metros, desde tubos delgados hasta cilindros significativos, cada art\u00edculo se fabrica con resistencias exactas. Tanto si necesita la uniformidad del acr\u00edlico extruido para aplicaciones largas y constantes como las altas calidades de mecanizado del acr\u00edlico de actores para proyectos intrincados, nuestros productos ofrecen fiabilidad y m\u00e1xima calidad. Las secciones transversales completamente redondas y las superficies lisas y refinadas que recibe el plano apilado son un testimonio de nuestro compromiso con el dise\u00f1o de precisi\u00f3n.<\/li>\n<\/ul>\n<p><img decoding=\"async\" class=\"size-full wp-image-1482\" src=\"https:\/\/customacrylicproduct.com\/wp-content\/uploads\/2025\/07\/Acrylic-Tube-3.jpg\" alt=\"Tubo acr\u00edlico (3)\" width=\"750\" height=\"750\" srcset=\"https:\/\/customacrylicproduct.com\/wp-content\/uploads\/2025\/07\/Acrylic-Tube-3.jpg 750w, https:\/\/customacrylicproduct.com\/wp-content\/uploads\/2025\/07\/Acrylic-Tube-3-300x300.jpg 300w, https:\/\/customacrylicproduct.com\/wp-content\/uploads\/2025\/07\/Acrylic-Tube-3-150x150.jpg 150w, https:\/\/customacrylicproduct.com\/wp-content\/uploads\/2025\/07\/Acrylic-Tube-3-600x600.jpg 600w, https:\/\/customacrylicproduct.com\/wp-content\/uploads\/2025\/07\/Acrylic-Tube-3-100x100.jpg 100w\" sizes=\"(max-width: 750px) 100vw, 750px\" \/><\/p>\n<h4 id=\"-section-2-a-vivid-range-of-innovative-possibilities-\"><strong>Secci\u00f3n 2: Un amplio abanico de posibilidades innovadoras<\/strong><\/h4>\n<p>Trasl\u00e1dese m\u00e1s all\u00e1 del encanto intemporal del acr\u00edlico transparente y sum\u00e9rjase en un mundo de sombra din\u00e1mica y luminiscente. Nuestros cilindros acr\u00edlicos tintados no solo tienen un revestimiento superficial; el tono forma parte esencial del producto, lo que garantiza un tono intenso y uniforme en todo el poste.<\/p>\n<ul>\n<li><strong>Tonos ricos y transl\u00facidos:\u00a0<\/strong>Como muestra la selecci\u00f3n de polos del arco iris, ofrecemos una detallada combinaci\u00f3n de colores b\u00e1sicos, desde el naranja ardiente y el rojo fuerte hasta el azul fr\u00edo y el azul intenso respetuoso con el medio ambiente. Estos tonos claros conectan magn\u00edficamente con la luz, proyectando sombras tintadas y desarrollando sensacionales efectos visuales. Son ideales para tareas que requieren un determinado estado de \u00e1nimo, la colocaci\u00f3n de la identidad de una marca o un estallido de color f\u00e1cil y potente.<\/li>\n<li><strong>Modificaci\u00f3n y opacidad:\u00a0<\/strong>M\u00e1s all\u00e1 de nuestras ofertas t\u00edpicas, ofrecemos servicios de igualaci\u00f3n de colores a medida para satisfacer los requisitos exactos de su proyecto. Tanto si necesita un tono corporativo determinado, un color art\u00edstico especial o distintos niveles de translucidez y opacidad (desde totalmente transparente a semiopaco o s\u00f3lido), podemos ofrec\u00e9rselo. La varilla blanca congelada que se muestra junto con las opciones de color da una idea de la selecci\u00f3n de revestimientos que se ofrece, consistente en superficies satinadas y mates.<\/li>\n<\/ul>\n<p><img decoding=\"async\" class=\"size-full wp-image-1481\" src=\"https:\/\/customacrylicproduct.com\/wp-content\/uploads\/2025\/07\/Acrylic-Tube-2.jpg\" alt=\"Tubo acr\u00edlico (2)\" width=\"750\" height=\"750\" srcset=\"https:\/\/customacrylicproduct.com\/wp-content\/uploads\/2025\/07\/Acrylic-Tube-2.jpg 750w, https:\/\/customacrylicproduct.com\/wp-content\/uploads\/2025\/07\/Acrylic-Tube-2-300x300.jpg 300w, https:\/\/customacrylicproduct.com\/wp-content\/uploads\/2025\/07\/Acrylic-Tube-2-150x150.jpg 150w, https:\/\/customacrylicproduct.com\/wp-content\/uploads\/2025\/07\/Acrylic-Tube-2-600x600.jpg 600w, https:\/\/customacrylicproduct.com\/wp-content\/uploads\/2025\/07\/Acrylic-Tube-2-100x100.jpg 100w\" sizes=\"(max-width: 750px) 100vw, 750px\" \/><\/p>\n<h4 id=\"-section-3-convenience-in-form-function-and-construction-\"><strong>Secci\u00f3n 3: Comodidad en la forma, la funci\u00f3n y la construcci\u00f3n<\/strong><\/h4>\n<p>La verdadera resistencia de nuestros tubos acr\u00edlicos c\u00edndricos radica en su incre\u00edble versatilidad. Estos postes no son simplemente un elemento acabado, sino un factor de partida para una creatividad sin l\u00edmites, gracias a su excepcional trabajabilidad y estabilidad arquitect\u00f3nica.<\/p>\n<ul>\n<li><strong>Elegancia arquitect\u00f3nica:\u00a0<\/strong>Uno de los ejemplos m\u00e1s llamativos de su aplicaci\u00f3n es en la construcci\u00f3n y el dise\u00f1o de interiores. La imagen de la sofisticada escalera expone c\u00f3mo nuestros tubos acr\u00edlicos c\u00edndricos pueden convertirse en espl\u00e9ndidos balaustres. Se pueden mecanizar con intrincados torneados, darles forma de intrincados perfiles y tambi\u00e9n fabricarlos con elementos decorativos como burbujas incrustadas, desarrollando un efecto de \u201cagua congelada\u201d o \u201ccristal\u201d. Rematados con herrajes de acero brillante, estos balaustres elevan una escalera b\u00e1sica hasta convertirla en una elegante pieza central, mostrando la capacidad del material para ser perforado, roscado e incorporado a la perfecci\u00f3n con otros productos como el acero, el lat\u00f3n y la madera.<\/li>\n<li><strong>Maquinabilidad sin complicaciones:\u00a0<\/strong>El acr\u00edlico es el deseo de cualquier fabricante. Puede reducirse f\u00e1cilmente a cualquier tama\u00f1o, perforarse, dirigirse, curvarse con calor y pulirse hasta conseguir un acabado de alto brillo. Los exuberantes dise\u00f1os de los balaustres lo lucen a la perfecci\u00f3n. Tanto si est\u00e1 desarrollando un sencillo soporte como una compleja escultura, nuestras varillas acr\u00edlicas pueden moldearse con dispositivos est\u00e1ndar de taller, lo que permite crear prototipos y desarrollos a medida con rapidez.<\/li>\n<\/ul>\n<h4 id=\"-area-4-a-globe-of-applications-\"><strong>\u00c1mbito 4: Un globo de aplicaciones<\/strong><\/h4>\n<p>Nuestros cilindros acr\u00edlicos de PMMA se utilizan en una amplia gama de mercados y campos creativos:.<\/p>\n<ul>\n<li><strong>Dise\u00f1o interior y estilo:\u00a0<\/strong>Adem\u00e1s de balaustres para escaleras, utilice nuestras barras para barandillas modernas, atractivas mamparas, patas de muebles, tiradores de armarios y componentes de iluminaci\u00f3n personalizados que aprovechan las propiedades de este material para guiar la luz.<\/li>\n<li><strong>Expositores para puntos de venta:\u00a0<\/strong>La claridad y el atractivo moderno del acr\u00edlico lo hacen perfecto para crear ambientes de venta al por menor de gama alta. Construya llamativos elevadores de art\u00edculos, soportes para joyas, propietarios de se\u00f1alizaci\u00f3n y estructuras de exposici\u00f3n diferenciadas que atraigan el inter\u00e9s de los clientes sin distraer la atenci\u00f3n del producto.<\/li>\n<li><strong>Arte y escultura:\u00a0<\/strong>La pir\u00e1mide de postes apilados muestra c\u00f3mo el propio material puede convertirse en una obra de arte. Artistas y escultores utilizan nuestros tubos c\u00edndricos por sus cualidades \u00f3pticas, su estabilidad arquitect\u00f3nica y su capacidad para darles forma.<\/li>\n<li><strong>Dise\u00f1o de iluminaci\u00f3n:\u00a0<\/strong>Las barras acr\u00edlicas son conductos de luz excepcionales. Cuando se iluminan en los bordes con LED, pueden resplandecer notablemente en toda su longitud, desarrollando magn\u00edficos resultados visuales para r\u00f3tulos, iluminaci\u00f3n de acento de edificios e instalaciones art\u00edsticas.<\/li>\n<li><strong>Proyectos industriales y de bricolaje:\u00a0<\/strong>Desde prototipos funcionales y dise\u00f1os cient\u00edficos hasta piezas a medida para peceras y estilo casero \"h\u00e1galo usted mismo\", la longevidad, la resistencia a las condiciones climatol\u00f3gicas y la comodidad de uso hacen de nuestras varillas acr\u00edlicas una opci\u00f3n acreditada para cualquier tipo de trabajo.<\/li>\n<\/ul>\n<h4 id=\"-the-polymer-benefit-why-choose-pmma-\"><strong>La ventaja del pol\u00edmero: \u00bfpor qu\u00e9 elegir PMMA?<\/strong><\/h4>\n<ul>\n<li><strong>Ligero:\u00a0<\/strong>Pesa aproximadamente la mitad que el vidrio, lo que facilita su cuidado, transporte e instalaci\u00f3n.<\/li>\n<li><strong>Resistente a los efectos:\u00a0<\/strong>Dram\u00e1ticamente m\u00e1s resistente a las roturas que el cristal, lo que garantiza la seguridad y la resistencia en lugares muy transitados.<\/li>\n<li><strong>Resistente al clima y a los rayos UV:\u00a0<\/strong>Normalmente resistente a los rayos UV, no amarillea ni acaba rompi\u00e9ndose con el tiempo, por lo que es adecuado tanto para aplicaciones interiores como exteriores.<\/li>\n<li><strong>Excepcional aislante t\u00e9rmico:\u00a0<\/strong>A\u00edsla t\u00e9rmicamente mucho mejor que el vidrio.<\/li>\n<li><strong>Resistencia qu\u00edmica:\u00a0<\/strong>Resistente a muchos productos qu\u00edmicos t\u00edpicos.<\/li>\n<\/ul>\n<p>Su visi\u00f3n es el plan; nuestros cilindros acr\u00edlicos transparentes y tintados son el medio. Tanto si est\u00e1 dise\u00f1ando una gran escalera, un espacio comercial din\u00e1mico o una obra maestra \u00edntima, nuestros productos ofrecen la calidad, versatilidad y brillo est\u00e9tico que necesita para tener \u00e9xito. P\u00f3ngase en contacto con nosotros hoy mismo para revisar las necesidades de su proyecto, solicitar un ejemplo o recibir un presupuesto personalizado. Construyamos juntos algo extraordinario.<\/p>","protected":false},"excerpt":{"rendered":"<p class=\"ng-star-inserted\"><span class=\"ng-star-inserted\">Barras y tubos acr\u00edlicos (PMMA) transparentes y coloreados de alta claridad. Cilindros duraderos y pulidos de varios di\u00e1metros. Perfectos para decoraci\u00f3n arquitect\u00f3nica, como balaustres de escaleras, expositores, iluminaci\u00f3n y proyectos de bricolaje. Tama\u00f1os personalizados y colores vivos disponibles.<\/span><\/p>","protected":false},"featured_media":1480,"template":"","meta":{"_kad_post_transparent":"default","_kad_post_title":"","_kad_post_layout":"default","_kad_post_sidebar_id":"","_kad_post_content_style":"default","_kad_post_vertical_padding":"default","_kad_post_feature":"","_kad_post_feature_position":"","_kad_post_header":false,"_kad_post_footer":false,"_kad_post_classname":""},"product_brand":[],"product_cat":[23],"product_tag":[152],"class_list":{"0":"post-1479","1":"product","2":"type-product","3":"status-publish","4":"has-post-thumbnail","6":"product_cat-custom-acrylic-rods-tubes","7":"product_tag-colored-acrylic-tube","9":"first","10":"instock","11":"shipping-taxable","12":"product-type-simple","13":"entry","14":"content-bg","15":"loop-entry"},"_links":{"self":[{"href":"https:\/\/customacrylicproduct.com\/es\/wp-json\/wp\/v2\/product\/1479","targetHints":{"allow":["GET"]}}],"collection":[{"href":"https:\/\/customacrylicproduct.com\/es\/wp-json\/wp\/v2\/product"}],"about":[{"href":"https:\/\/customacrylicproduct.com\/es\/wp-json\/wp\/v2\/types\/product"}],"wp:featuredmedia":[{"embeddable":true,"href":"https:\/\/customacrylicproduct.com\/es\/wp-json\/wp\/v2\/media\/1480"}],"wp:attachment":[{"href":"https:\/\/customacrylicproduct.com\/es\/wp-json\/wp\/v2\/media?parent=1479"}],"wp:term":[{"taxonomy":"product_brand","embeddable":true,"href":"https:\/\/customacrylicproduct.com\/es\/wp-json\/wp\/v2\/product_brand?post=1479"},{"taxonomy":"product_cat","embeddable":true,"href":"https:\/\/customacrylicproduct.com\/es\/wp-json\/wp\/v2\/product_cat?post=1479"},{"taxonomy":"product_tag","embeddable":true,"href":"https:\/\/customacrylicproduct.com\/es\/wp-json\/wp\/v2\/product_tag?post=1479"}],"curies":[{"name":"wp","href":"https:\/\/api.w.org\/{rel}","templated":true}]}}