{"id":1484,"date":"2025-07-21T09:50:46","date_gmt":"2025-07-21T09:50:46","guid":{"rendered":"https:\/\/customacrylicproduct.com\/?post_type=product&#038;p=1484"},"modified":"2025-07-21T09:50:46","modified_gmt":"2025-07-21T09:50:46","slug":"custom-acrylic-clear-acrylic-plastic-sheets-transparent","status":"publish","type":"product","link":"https:\/\/customacrylicproduct.com\/es\/custom-acrylic-clear-acrylic-plastic-sheets-transparent\/","title":{"rendered":"Acr\u00edlico personalizado transparente Placas de pl\u00e1stico acr\u00edlico transparente"},"content":{"rendered":"<h3 id=\"unleash-your-vision-premium-customized-transparent-acrylic-sheets-for-unmatched-quality-and-convenience\">D\u00e9 rienda suelta a su visi\u00f3n: L\u00e1minas acr\u00edlicas transparentes personalizadas de primera calidad para una calidad y comodidad inigualables<\/h3>\n<p>Imagine un producto con la calidad pr\u00edstina del cristal m\u00e1s fino, pero con la resistencia y durabilidad necesarias para resistir el paso del tiempo. Un material tan vers\u00e1til que puede transformarse en obras de arte elaboradas, pantallas funcionales para empresas o componentes resistentes para el hogar. Bienvenido al mundo de nuestras planchas de pl\u00e1stico acr\u00edlico transparente a medida, la mejor opci\u00f3n para fabricantes, empresas y creadores de tendencias que exigen excelencia. Tanto si est\u00e1 creando una pantalla de venta al por menor aerodin\u00e1mica, elaborando regalos individualizados o llevando a cabo una tarea de construcci\u00f3n a gran escala, nuestras l\u00e1minas acr\u00edlicas transparentes proporcionan la base ideal para dar vida a su visi\u00f3n con una calidad y precisi\u00f3n excepcionales.<\/p>\n<p><img fetchpriority=\"high\" decoding=\"async\" class=\"size-full wp-image-1485\" src=\"https:\/\/customacrylicproduct.com\/wp-content\/uploads\/2025\/07\/Acrylic-Plastic-Sheets-1.jpg\" alt=\"Hojas de pl\u00e1stico acr\u00edlico (1)\" width=\"850\" height=\"850\" srcset=\"https:\/\/customacrylicproduct.com\/wp-content\/uploads\/2025\/07\/Acrylic-Plastic-Sheets-1.jpg 850w, https:\/\/customacrylicproduct.com\/wp-content\/uploads\/2025\/07\/Acrylic-Plastic-Sheets-1-300x300.jpg 300w, https:\/\/customacrylicproduct.com\/wp-content\/uploads\/2025\/07\/Acrylic-Plastic-Sheets-1-150x150.jpg 150w, https:\/\/customacrylicproduct.com\/wp-content\/uploads\/2025\/07\/Acrylic-Plastic-Sheets-1-768x768.jpg 768w, https:\/\/customacrylicproduct.com\/wp-content\/uploads\/2025\/07\/Acrylic-Plastic-Sheets-1-600x600.jpg 600w, https:\/\/customacrylicproduct.com\/wp-content\/uploads\/2025\/07\/Acrylic-Plastic-Sheets-1-100x100.jpg 100w\" sizes=\"(max-width: 850px) 100vw, 850px\" \/><\/p>\n<h4 id=\"deep-dive-the-core-elements-of-our-polymer\">Inmersi\u00f3n profunda: Los elementos b\u00e1sicos de nuestro pol\u00edmero<\/h4>\n<p><strong>1. Claridad \u00f3ptica inigualable\u00a0<\/strong>. La base de nuestro art\u00edculo es su extraordinaria transparencia. Nuestras l\u00e1minas acr\u00edlicas transparentes, que suelen llevar nombres comerciales como Plexiglas o Lucite, presentan un \u00edndice de transmisi\u00f3n de la luz de aproximadamente 92%, superior al del vidrio est\u00e1ndar. A diferencia del vidrio, que puede tener un color ecol\u00f3gico refinado, sobre todo en los cristales m\u00e1s gruesos, nuestro pol\u00edmero es perfectamente transparente, lo que garantiza que las sombras y los objetos que se revisan a trav\u00e9s de \u00e9l se aferran a la vida. Esta calidad cristalina queda magn\u00edficamente demostrada en aplicaciones como el moderno cuadro sin marco que recibi\u00f3 el propietario de la imagen, donde la suculenta que hay detr\u00e1s se muestra con informaci\u00f3n n\u00edtida y sin distorsiones. Esto lo convierte en la opci\u00f3n perfecta para estuches, enmarcaciones con calidad de museo y cualquier aplicaci\u00f3n en la que sea fundamental translucir el producto sin defectos.<\/p>\n<p><strong>2. Resistencia superior y ligereza\u00a0<\/strong>. Aunque su aspecto es delicado y parecido al cristal, su eficacia es cualquier cosa. El pol\u00edmero es un termopl\u00e1stico extraordinariamente duradero, con una resistencia a los efectos entre 10 y 20 veces superior a la del cristal t\u00edpico. Esta resistencia a la rotura lo convierte en una opci\u00f3n mucho m\u00e1s segura, sobre todo en espacios p\u00fablicos, hogares con ni\u00f1os o aplicaciones port\u00e1tiles. Si se cae una l\u00e1mina acr\u00edlica, es mucho menos probable que se produzcan fragmentos peligrosos. Adem\u00e1s, el acr\u00edlico es menos de la mitad de alto que un panel de vidrio equivalente, por lo que es mucho m\u00e1s f\u00e1cil y rentable de transportar, manipular e instalar. Esta combinaci\u00f3n de resistencia y bajo peso abre un mundo de posibilidades tanto para grandes montajes como para desarrollos delicados y ligeros.<\/p>\n<p><strong>3. Personalizaci\u00f3n y construcci\u00f3n sin esfuerzo\u00a0<\/strong>. La verdadera magia de nuestras planchas acr\u00edlicas reside en su infinita personalizaci\u00f3n. Este material es un sue\u00f1o para los creadores y los amantes del bricolaje. Se puede cortar con exactitud con l\u00e1ser, sierra o fresadora para darle cualquier forma posible: desde los sencillos c\u00edrculos de bordes limpios que se ven con su soporte de papel protector, listos para su siguiente proyecto, hasta la facilidad de las piezas entrelazadas. El vibrante surtido de etiquetas cortadas a medida de la imagen, todas derivadas del mismo producto base, muestra la posibilidad de crear lotes de cosas especiales como llaveros, etiquetas para art\u00edculos o atractivos colgantes. Nuestro acr\u00edlico tambi\u00e9n puede perforarse sin agrietarse, curvarse con calor para desarrollar soportes y soportes, y pegarse sin costuras con cementos especiales para conseguir uniones s\u00f3lidas e invisibles. Proporcionamos nuestras l\u00e1minas con una pel\u00edcula de seguridad en ambos lados para evitar rasgu\u00f1os durante el env\u00edo y la manipulaci\u00f3n, garantizando que llegue en excelentes condiciones, todo listo para que usted haga su magia.<\/p>\n<p><img decoding=\"async\" class=\"size-full wp-image-1486\" src=\"https:\/\/customacrylicproduct.com\/wp-content\/uploads\/2025\/07\/Acrylic-Plastic-Sheets-2.jpg\" alt=\"Hojas de pl\u00e1stico acr\u00edlico (2)\" width=\"800\" height=\"800\" srcset=\"https:\/\/customacrylicproduct.com\/wp-content\/uploads\/2025\/07\/Acrylic-Plastic-Sheets-2.jpg 800w, https:\/\/customacrylicproduct.com\/wp-content\/uploads\/2025\/07\/Acrylic-Plastic-Sheets-2-300x300.jpg 300w, https:\/\/customacrylicproduct.com\/wp-content\/uploads\/2025\/07\/Acrylic-Plastic-Sheets-2-150x150.jpg 150w, https:\/\/customacrylicproduct.com\/wp-content\/uploads\/2025\/07\/Acrylic-Plastic-Sheets-2-768x768.jpg 768w, https:\/\/customacrylicproduct.com\/wp-content\/uploads\/2025\/07\/Acrylic-Plastic-Sheets-2-600x600.jpg 600w, https:\/\/customacrylicproduct.com\/wp-content\/uploads\/2025\/07\/Acrylic-Plastic-Sheets-2-100x100.jpg 100w\" sizes=\"(max-width: 800px) 100vw, 800px\" \/><\/p>\n<h4 id=\"limitless-applications-a-canvas-for-every-imagination-\">Aplicaciones ilimitadas: Un lienzo para cada imaginaci\u00f3n<\/h4>\n<p>La adaptabilidad de nuestras planchas acr\u00edlicas transparentes a medida indica que sus aplicaciones s\u00f3lo est\u00e1n limitadas por su creatividad. Atendemos una gran variedad de demandas, desde grandes pedidos comerciales hasta planchas individuales para un trabajo personal.<\/p>\n<p><strong>Para expertos y empresas:\u00a0<\/strong>.<\/p>\n<ul>\n<li><strong>Se\u00f1ales de alto impacto:\u00a0<\/strong>Produzca magn\u00edficas indicaciones interiores y exteriores resistentes a la intemperie y que no amarillean con el sol. Superponga letras recortadas sobre un historial transparente para conseguir un impacto avanzado y flotante.<\/li>\n<li><strong>Elegantes expositores para minoristas:\u00a0<\/strong>Desde elevadores b\u00e1sicos que elevan sus productos hasta grandes vitrinas seguras, el acr\u00edlico proporciona un aspecto discreto y de primera calidad que pone el \u00e9nfasis directamente en su producto. El portaindicadores curvado de la foto es el mejor ejemplo de expositor f\u00e1cil y fiable para el punto de venta.<\/li>\n<li><strong>Soluciones de seguridad:\u00a0<\/strong>En el mundo actual, la seguridad es clave. Nuestras l\u00e1minas son las mejores para fabricar obst\u00e1culos sanitarios, protecciones contra estornudos y divisiones del lugar de trabajo que sirvan de defensa sin sacrificar la visibilidad ni la luz.<\/li>\n<li><strong>Elementos arquitect\u00f3nicos:\u00a0<\/strong>Utilice nuestras planchas m\u00e1s gruesas como alternativa segura y ligera al vidrio para balaustradas, claraboyas, , y atractivos paneles de superficie de pared.<\/li>\n<\/ul>\n<p><strong>Para artesanos y amantes del bricolaje:\u00a0<\/strong>.<\/p>\n<ul>\n<li><strong>Regalos personalizados y artesan\u00eda:\u00a0<\/strong>La superficie lisa y transparente es un lienzo excelente para inscribir, pintar o utilizar pl\u00e1stico. Cree indicaciones de boda a medida, n\u00fameros de mesa, posavasos (como los discos transparentes visualizados) o llaveros personalizados. Las oportunidades para hacer cosas especiales a mano son realmente innumerables.<\/li>\n<li><strong>Decoraci\u00f3n funcional del hogar:\u00a0<\/strong>Dise\u00f1e sus propias estanter\u00edas flotantes, cambie el cristal roto de un marco de fotos o cree un protector a medida para su mesa de comedor o de centro. Su calidad permite que brille la elegancia de tus muebles y los protege de salpicaduras y ara\u00f1azos.<\/li>\n<li><strong>Proyectos para aficionados:\u00a0<\/strong>Construya recintos personalizados para aparatos electr\u00f3nicos, cubiertas transparentes para acuarios y terrarios, o estuches para sus preciadas versiones y antig\u00fcedades. La manejabilidad del producto hace que los proyectos complicados sean realizables para el aficionado comprometido.<\/li>\n<\/ul>\n<p><img decoding=\"async\" class=\"size-full wp-image-1487\" src=\"https:\/\/customacrylicproduct.com\/wp-content\/uploads\/2025\/07\/Acrylic-Plastic-Sheets-3.jpg\" alt=\"Hojas de pl\u00e1stico acr\u00edlico (3)\" width=\"850\" height=\"850\" srcset=\"https:\/\/customacrylicproduct.com\/wp-content\/uploads\/2025\/07\/Acrylic-Plastic-Sheets-3.jpg 850w, https:\/\/customacrylicproduct.com\/wp-content\/uploads\/2025\/07\/Acrylic-Plastic-Sheets-3-300x300.jpg 300w, https:\/\/customacrylicproduct.com\/wp-content\/uploads\/2025\/07\/Acrylic-Plastic-Sheets-3-150x150.jpg 150w, https:\/\/customacrylicproduct.com\/wp-content\/uploads\/2025\/07\/Acrylic-Plastic-Sheets-3-768x768.jpg 768w, https:\/\/customacrylicproduct.com\/wp-content\/uploads\/2025\/07\/Acrylic-Plastic-Sheets-3-600x600.jpg 600w, https:\/\/customacrylicproduct.com\/wp-content\/uploads\/2025\/07\/Acrylic-Plastic-Sheets-3-100x100.jpg 100w\" sizes=\"(max-width: 850px) 100vw, 850px\" \/><\/p>\n<p><strong>Para m\u00fasicos y dise\u00f1adores:<\/strong><\/p>\n<ul>\n<li><strong>Un lienzo moderno:\u00a0<\/strong>Muchos m\u00fasicos contempor\u00e1neos utilizan l\u00e1minas acr\u00edlicas transparentes como superficie de pintura directa, creando colaboraciones con una profundidad y un brillo incre\u00edbles. Tambi\u00e9n es un sustrato excelente para la impresi\u00f3n digital de alta resoluci\u00f3n.<\/li>\n<li><strong>Montaje fotogr\u00e1fico:\u00a0<\/strong>Consiga el tan demandado dise\u00f1o \u201cface-mount\u201d pegando una impresi\u00f3n fotogr\u00e1fica en el reverso de una refinada l\u00e1mina acr\u00edlica. Este enfoque realza el color, incluye profundidad y ofrece una presentaci\u00f3n suave y sin marco.<\/li>\n<li><strong>Herramienta escult\u00f3rica:\u00a0<\/strong>La capacidad de reducir, estratificar y unir el acr\u00edlico permite desarrollar detalladas esculturas tridimensionales e instalaciones art\u00edsticas que se divierten con la luz, la oscuridad y la apertura.<\/li>\n<\/ul>\n<h4 id=\"why-select-our-custom-made-acrylic-sheets-\">\u00bfPor qu\u00e9 elegir nuestras planchas acr\u00edlicas a medida?<\/h4>\n<p>Cuando nos elige, no est\u00e1 comprando simplemente un art\u00edculo de pl\u00e1stico; est\u00e1 comprando una posibilidad. Nos dedicamos a proporcionar las mejores planchas acr\u00edlicas fundidas, \u00f3pticamente transparentes, personalizadas con precisi\u00f3n seg\u00fan sus especificaciones. Nuestra moderna tecnolog\u00eda de corte de \u00faltima generaci\u00f3n garantiza unos lados ordenados y lisos y una precisi\u00f3n dimensional en todo momento. Cada l\u00e1mina se examina meticulosamente y se entrega con su pel\u00edcula protectora intacta para asegurar que llega en el mejor estado. Tanto si necesita una peque\u00f1a pieza en solitario como un pedido masivo de formas complicadas, nuestro equipo se dedica a ofrecerle una experiencia sin complicaciones y un producto extraordinario que funcione como el factor de partida ideal para su esfuerzo imaginativo o empresarial.<\/p>\n<h4 id=\"bring-your-vision-to-life-\">D\u00e9 vida a su visi\u00f3n<\/h4>\n<p>Desde aplicaciones industriales hasta intereses individuales, nuestras planchas de pl\u00e1stico acr\u00edlico transparente a medida proporcionan la claridad, solidez y versatilidad que necesita. Deje de hacer concesiones y empiece a producir. Explore las ilimitadas posibilidades y compre hoy mismo sus l\u00e1minas cortadas a medida para convertir sus fant\u00e1sticos conceptos en una realidad tangible.<\/p>","protected":false},"excerpt":{"rendered":"<p class=\"ng-star-inserted\"><span class=\"ng-star-inserted\">L\u00e1minas de pl\u00e1stico acr\u00edlico transparente de alta calidad, cortadas a medida para su proyecto. Ofrecemos corte por l\u00e1ser de precisi\u00f3n para cualquier forma. Disponible en transparente cristalino y una variedad de colores s\u00f3lidos vibrantes. Perfectas para expositores, carteles, marcos y proyectos creativos de bricolaje. Material PMMA duradero y vers\u00e1til.<\/span><\/p>","protected":false},"featured_media":1485,"template":"","meta":{"_kad_post_transparent":"default","_kad_post_title":"","_kad_post_layout":"default","_kad_post_sidebar_id":"","_kad_post_content_style":"default","_kad_post_vertical_padding":"default","_kad_post_feature":"","_kad_post_feature_position":"","_kad_post_header":false,"_kad_post_footer":false,"_kad_post_classname":""},"product_brand":[],"product_cat":[24],"product_tag":[153],"class_list":{"0":"post-1484","1":"product","2":"type-product","3":"status-publish","4":"has-post-thumbnail","6":"product_cat-custom-acrylic-sheets","7":"product_tag-acrylic-plastic-sheets","9":"first","10":"instock","11":"shipping-taxable","12":"product-type-simple","13":"entry","14":"content-bg","15":"loop-entry"},"_links":{"self":[{"href":"https:\/\/customacrylicproduct.com\/es\/wp-json\/wp\/v2\/product\/1484","targetHints":{"allow":["GET"]}}],"collection":[{"href":"https:\/\/customacrylicproduct.com\/es\/wp-json\/wp\/v2\/product"}],"about":[{"href":"https:\/\/customacrylicproduct.com\/es\/wp-json\/wp\/v2\/types\/product"}],"wp:featuredmedia":[{"embeddable":true,"href":"https:\/\/customacrylicproduct.com\/es\/wp-json\/wp\/v2\/media\/1485"}],"wp:attachment":[{"href":"https:\/\/customacrylicproduct.com\/es\/wp-json\/wp\/v2\/media?parent=1484"}],"wp:term":[{"taxonomy":"product_brand","embeddable":true,"href":"https:\/\/customacrylicproduct.com\/es\/wp-json\/wp\/v2\/product_brand?post=1484"},{"taxonomy":"product_cat","embeddable":true,"href":"https:\/\/customacrylicproduct.com\/es\/wp-json\/wp\/v2\/product_cat?post=1484"},{"taxonomy":"product_tag","embeddable":true,"href":"https:\/\/customacrylicproduct.com\/es\/wp-json\/wp\/v2\/product_tag?post=1484"}],"curies":[{"name":"wp","href":"https:\/\/api.w.org\/{rel}","templated":true}]}}