{"id":1493,"date":"2025-07-21T11:05:43","date_gmt":"2025-07-21T11:05:43","guid":{"rendered":"https:\/\/customacrylicproduct.com\/?post_type=product&#038;p=1493"},"modified":"2025-07-21T11:05:43","modified_gmt":"2025-07-21T11:05:43","slug":"acrylic-desk-ornaments-ornament-quicksand-design-desk-decor","status":"publish","type":"product","link":"https:\/\/customacrylicproduct.com\/es\/acrylic-desk-ornaments-ornament-quicksand-design-desk-decor\/","title":{"rendered":"Adornos de escritorio de acr\u00edlico Adorno de escritorio de dise\u00f1o Quicksand"},"content":{"rendered":"<h3 id=\"transform-your-workspace-presenting-the-polymer-quicksand-desk-accessory\">Transforme su espacio de trabajo: Presentamos el accesorio de escritorio Quicksand de pol\u00edmero<\/h3>\n<p>En el ajetreo y el bullicio de nuestra vida cotidiana, la mesa de trabajo se convierte a menudo en un paisaje de estr\u00e9s y ansiedad: un testimonio de las fechas l\u00edmite, el orden de los asuntos y el flujo incesante de informaci\u00f3n. Es un espacio de rendimiento, sin embargo puede convertirse f\u00e1cilmente en uno de presi\u00f3n. Sup\u00f3n que pudieras introducir un peque\u00f1o bolsillo de tranquilidad, un mini mundo de tranquilidad que se encuentra justo al alcance de tu mano. Presentamos el cautivador adorno de escritorio acr\u00edlico Quicksand, una emocionante pieza de dise\u00f1o desarrollada para ser algo m\u00e1s que un simple pisapapeles. Es un refugio est\u00e9tico, una herramienta para la atenci\u00f3n plena y un est\u00edmulo para su imaginaci\u00f3n creativa, todo ello enmarcado en un atractivo bloque cristalino.<\/p>\n<p><img fetchpriority=\"high\" decoding=\"async\" class=\"size-full wp-image-1495\" src=\"https:\/\/customacrylicproduct.com\/wp-content\/uploads\/2025\/07\/Acrylic-Desk-Ornaments-2.jpg\" alt=\"Adornos de escritorio acr\u00edlicos (2)\" width=\"800\" height=\"800\" srcset=\"https:\/\/customacrylicproduct.com\/wp-content\/uploads\/2025\/07\/Acrylic-Desk-Ornaments-2.jpg 800w, https:\/\/customacrylicproduct.com\/wp-content\/uploads\/2025\/07\/Acrylic-Desk-Ornaments-2-300x300.jpg 300w, https:\/\/customacrylicproduct.com\/wp-content\/uploads\/2025\/07\/Acrylic-Desk-Ornaments-2-150x150.jpg 150w, https:\/\/customacrylicproduct.com\/wp-content\/uploads\/2025\/07\/Acrylic-Desk-Ornaments-2-768x768.jpg 768w, https:\/\/customacrylicproduct.com\/wp-content\/uploads\/2025\/07\/Acrylic-Desk-Ornaments-2-600x600.jpg 600w, https:\/\/customacrylicproduct.com\/wp-content\/uploads\/2025\/07\/Acrylic-Desk-Ornaments-2-100x100.jpg 100w\" sizes=\"(max-width: 800px) 100vw, 800px\" \/><\/p>\n<p><strong>Un fascinante globo terr\u00e1queo en peque\u00f1o<\/strong><\/p>\n<p>En el fondo, este accesorio es una maravilla de f\u00edsica b\u00e1sica y virtuosismo fascinante. Fabricado con pol\u00edmero de primera calidad y larga duraci\u00f3n, su forma rectangular transparente se siente en las manos como un bloque de agua. La nitidez del acr\u00edlico es excelente y permite ver sin obst\u00e1culos la m\u00e1gica escena que contiene. Es dentro de este mundo autosuficiente donde tiene lugar la aut\u00e9ntica magia.<\/p>\n<p>El ornamento contiene dos fluidos distintos e inmiscibles. Uno es un fluido perfectamente transparente y espeso que permite un movimiento lento y gr\u00e1cil, mientras que el segundo es un fluido coloreado o nacarado que funciona como el \u201cfango\u201d o la \u201cola del mar\u201d. Al girar, transformar o agitar suavemente el bloque, estos dos l\u00edquidos bailan entre s\u00ed en un espect\u00e1culo hipnotizador y siempre cambiante. El l\u00edquido tintado se desintegra en burbujas y olas, flotando gradualmente y cayendo en cascada antes de volver a asentarse en alg\u00fan momento, creando un paisaje nuevo y especial cada vez. Es una eficacia lenta, silenciosa y profundamente placentera.<\/p>\n<p>Sin embargo, el fen\u00f3meno no termina con el fluido. Flotando serenamente dentro de este vibrante escenario hay encantadoras figuritas de porcelana y atractivos componentes que ofrecen a cada ornamento su car\u00e1cter y motivo especiales.<\/p>\n<ul>\n<li><strong>El Oso Vivaz:\u00a0<\/strong>Como se ve en una fascinante variante, un oso amarillo feliz con una expresi\u00f3n agradable y una peque\u00f1a conexi\u00f3n de lazo rojo se sienta pacientemente en un oc\u00e9ano azul vibrante. A su lado, un flotador multicapa se balancea delicadamente. Al inclinar este adorno, el oso y su flotador emprenden un caprichoso viaje a trav\u00e9s de las ondulantes olas azules, estimulando una sensaci\u00f3n de despreocupados d\u00edas de verano y simple felicidad.<\/li>\n<li><strong>El oc\u00e9ano sereno:\u00a0<\/strong>Un dise\u00f1o m\u00e1s capta la tranquila elegancia de las profundidades marinas. En lugar de un tono s\u00f3lido, la capa inferior es un espectacular turquesa jaspeado que imita las corrientes arremolinadas del mar. Cuando se agita, este fluido produce impresionantes olas y remolinos, dejando al descubierto premios sorpresa en su interior. En el l\u00edquido transparente de arriba hay conchas marinas iridiscentes, perlas brillantes, peque\u00f1os peces dorados y delicadas flores y copos de nieve que parecen confeti. Se asemeja a sostener un trozo de costa de ensue\u00f1o, un dep\u00f3sito descubierto en una playa olvidada.<\/li>\n<li><strong>El conejito descarriado:\u00a0<\/strong>Para quienes adoran un toque de dulce fantas\u00eda, una figurita de conejito blanco con mejillas resplandecientes descansa apaciblemente sobre una onda arremolinada de color blanco lechoso acentuada con puntas de color ecol\u00f3gico y azul. Esta variaci\u00f3n est\u00e1 cargada de brillo resplandeciente y apelaciones opalescentes que capturan la luz como encantadora suciedad. El conejo parece ser el tranquilo guardi\u00e1n de su mundo nacarado, aportando un minuto de apacible fantas\u00eda en medio de un d\u00eda ajetreado.<\/li>\n<\/ul>\n<p><img decoding=\"async\" class=\"size-full wp-image-1494\" src=\"https:\/\/customacrylicproduct.com\/wp-content\/uploads\/2025\/07\/Acrylic-Desk-Ornaments-1.jpg\" alt=\"Adornos de escritorio acr\u00edlicos (1)\" width=\"800\" height=\"800\" srcset=\"https:\/\/customacrylicproduct.com\/wp-content\/uploads\/2025\/07\/Acrylic-Desk-Ornaments-1.jpg 800w, https:\/\/customacrylicproduct.com\/wp-content\/uploads\/2025\/07\/Acrylic-Desk-Ornaments-1-300x300.jpg 300w, https:\/\/customacrylicproduct.com\/wp-content\/uploads\/2025\/07\/Acrylic-Desk-Ornaments-1-150x150.jpg 150w, https:\/\/customacrylicproduct.com\/wp-content\/uploads\/2025\/07\/Acrylic-Desk-Ornaments-1-768x768.jpg 768w, https:\/\/customacrylicproduct.com\/wp-content\/uploads\/2025\/07\/Acrylic-Desk-Ornaments-1-600x600.jpg 600w, https:\/\/customacrylicproduct.com\/wp-content\/uploads\/2025\/07\/Acrylic-Desk-Ornaments-1-100x100.jpg 100w\" sizes=\"(max-width: 800px) 100vw, 800px\" \/><\/p>\n<p><strong>M\u00e1s que un adorno: Una herramienta para el bienestar<\/strong><\/p>\n<p>En un mundo que exige constantemente nuestra atenci\u00f3n, el adorno acr\u00edlico Quicksand Workdesk invita a hacer lo contrario: detenerse, respirar y simplemente mirar. No se trata simplemente de un objeto ornamental; es un eficaz dispositivo para aliviar la ansiedad y la atenci\u00f3n plena.<\/p>\n<p>El movimiento lento y predecible, pero siempre cambiante, del l\u00edquido y su contenido es muy relajante. Tiene una cualidad meditativa, comparable a ver una pecera, una luz de lava o una vela parpadeante. Cuando te sientas abrumado o atascado en un asunto, dedicar un momento a transformar el accesorio y ver c\u00f3mo se reajusta la escena puede ayudarte a despejar la mente. Act\u00faa como un leve ancla en el aqu\u00ed y ahora, alejando tu atenci\u00f3n de los pensamientos nerviosos y enraiz\u00e1ndote en una experiencia sensorial directa y hermosa. Este \u201cmicro-descanso\u201d puede reducir el ritmo card\u00edaco, aliviar el estr\u00e9s y permitirle volver a su trabajo con un punto de vista renovado.<\/p>\n<p>Adem\u00e1s, puede ser un motor extraordinario para el pensamiento creativo. Cuando te enfrentas a un bloqueo mental, un minuto de inquietud tranquila y animada puede ser precisamente lo que tu cerebro necesita para establecer nuevas conexiones. Mientras ves las figuritas ir a la deriva y el resplandor arremolinarse, permites que tu mente divague y sue\u00f1e despierta. En este estado de inter\u00e9s desenfrenado suelen nacer los conceptos m\u00e1s innovadores. Es un interruptor de reinicio creativo, un objeto diminuto que puede ayudar a desbloquear grandes ideas.<\/p>\n<p><img decoding=\"async\" class=\"size-full wp-image-1497\" src=\"https:\/\/customacrylicproduct.com\/wp-content\/uploads\/2025\/07\/Acrylic-Desk-Ornaments-4.jpg\" alt=\"Adornos de escritorio acr\u00edlicos (4)\" width=\"800\" height=\"800\" srcset=\"https:\/\/customacrylicproduct.com\/wp-content\/uploads\/2025\/07\/Acrylic-Desk-Ornaments-4.jpg 800w, https:\/\/customacrylicproduct.com\/wp-content\/uploads\/2025\/07\/Acrylic-Desk-Ornaments-4-300x300.jpg 300w, https:\/\/customacrylicproduct.com\/wp-content\/uploads\/2025\/07\/Acrylic-Desk-Ornaments-4-150x150.jpg 150w, https:\/\/customacrylicproduct.com\/wp-content\/uploads\/2025\/07\/Acrylic-Desk-Ornaments-4-768x768.jpg 768w, https:\/\/customacrylicproduct.com\/wp-content\/uploads\/2025\/07\/Acrylic-Desk-Ornaments-4-600x600.jpg 600w, https:\/\/customacrylicproduct.com\/wp-content\/uploads\/2025\/07\/Acrylic-Desk-Ornaments-4-100x100.jpg 100w\" sizes=\"(max-width: 800px) 100vw, 800px\" \/><\/p>\n<p><strong>El toque perfecto para cualquier habitaci\u00f3n<\/strong><\/p>\n<p>Con sus l\u00edneas limpias y su cautivador interior, este adorno de escritorio es una pieza vers\u00e1til que combina con cualquier estilo de dise\u00f1o. En una oficina minimalista, a\u00f1ade un solitario y contenido estallido de color y vibrante pasi\u00f3n sin crear desorden. En un espacio mucho m\u00e1s ecl\u00e9ctico o innovador, contribuye a la colecci\u00f3n de tesoros personales que hacen que una oficina se sienta como propia.<\/p>\n<p>Col\u00f3quelo en el escritorio de su trabajo, en la mesa de investigaci\u00f3n de su casa o incluso en la mesilla de noche para disfrutarlo mientras se relaja durante el d\u00eda. Es un complemento estupendo para una clase, ya que sirve de \u201ccalmante\u201d silencioso para los alumnos que necesitan un minuto para redoblar sus esfuerzos. Tambi\u00e9n puede utilizarse en un mostrador de recepci\u00f3n o en una sala de espera, ofreciendo a los visitantes un desaf\u00edo placentero y fascinante.<\/p>\n<p><strong>Un regalo \u00fanico y bien pensado<\/strong><\/p>\n<p>\u00bfLe cuesta encontrar el regalo ideal para un socio, estudiante, educador o amigo \u00edntimo? El adorno acr\u00edlico Mire es una opci\u00f3n ampliamente atractiva y considerada. No necesita pilas, ni configuraci\u00f3n, ni mantenimiento: su belleza es inmediata y duradera. Es un regalo que sigue dando, proporcionando numerosos momentos de tranquilidad y placer. Es ideal para un nuevo evento de trabajo, una celebraci\u00f3n de cumplea\u00f1os, un regalo navide\u00f1o o simplemente como un gesto \u201caunque sea\u201d para demostrar a una persona que te preocupas por su bienestar. Cada estilo aporta una personalidad distinta, lo que le permite seleccionar uno que se adapte perfectamente al destinatario.<\/p>\n<p>En conclusi\u00f3n, el adorno acr\u00edlico Quicksand Workdesk es mucho m\u00e1s de lo que parece. Es una obra de arte, una herramienta para aliviar el estr\u00e9s, una ayuda para poner \u00e9nfasis y una fuente de fascinaci\u00f3n ilimitada. Es un recordatorio para descubrir el atractivo de las peque\u00f1as cosas y tomarse un minuto para uno mismo. Lleva este peque\u00f1o globo de maravilla a tu escritorio y observa c\u00f3mo transforma tu espacio y tu estado de \u00e1nimo, una suave ola cada vez.<\/p>","protected":false},"excerpt":{"rendered":"<p class=\"ng-star-inserted\"><span class=\"ng-star-inserted\">A\u00f1ade un toque de diversi\u00f3n a tu escritorio con este encantador adorno de arenas movedizas acr\u00edlicas. Observa c\u00f3mo las simp\u00e1ticas figuritas flotan a la deriva en el relajante l\u00edquido. Esta cautivadora decoraci\u00f3n de escritorio proporciona un relajante escape visual, perfecto para aliviar el estr\u00e9s y alegrarte el d\u00eda. Un regalo encantador para cualquier ocasi\u00f3n<\/span><\/p>","protected":false},"featured_media":1494,"template":"","meta":{"_kad_post_transparent":"default","_kad_post_title":"","_kad_post_layout":"default","_kad_post_sidebar_id":"","_kad_post_content_style":"default","_kad_post_vertical_padding":"default","_kad_post_feature":"","_kad_post_feature_position":"","_kad_post_header":false,"_kad_post_footer":false,"_kad_post_classname":""},"product_brand":[],"product_cat":[20],"product_tag":[129],"class_list":{"0":"post-1493","1":"product","2":"type-product","3":"status-publish","4":"has-post-thumbnail","6":"product_cat-custom-acrylic-crafts","7":"product_tag-acrylic-crafts","9":"first","10":"instock","11":"shipping-taxable","12":"product-type-simple","13":"entry","14":"content-bg","15":"loop-entry"},"_links":{"self":[{"href":"https:\/\/customacrylicproduct.com\/es\/wp-json\/wp\/v2\/product\/1493","targetHints":{"allow":["GET"]}}],"collection":[{"href":"https:\/\/customacrylicproduct.com\/es\/wp-json\/wp\/v2\/product"}],"about":[{"href":"https:\/\/customacrylicproduct.com\/es\/wp-json\/wp\/v2\/types\/product"}],"wp:featuredmedia":[{"embeddable":true,"href":"https:\/\/customacrylicproduct.com\/es\/wp-json\/wp\/v2\/media\/1494"}],"wp:attachment":[{"href":"https:\/\/customacrylicproduct.com\/es\/wp-json\/wp\/v2\/media?parent=1493"}],"wp:term":[{"taxonomy":"product_brand","embeddable":true,"href":"https:\/\/customacrylicproduct.com\/es\/wp-json\/wp\/v2\/product_brand?post=1493"},{"taxonomy":"product_cat","embeddable":true,"href":"https:\/\/customacrylicproduct.com\/es\/wp-json\/wp\/v2\/product_cat?post=1493"},{"taxonomy":"product_tag","embeddable":true,"href":"https:\/\/customacrylicproduct.com\/es\/wp-json\/wp\/v2\/product_tag?post=1493"}],"curies":[{"name":"wp","href":"https:\/\/api.w.org\/{rel}","templated":true}]}}