{"id":1498,"date":"2025-07-22T01:14:31","date_gmt":"2025-07-22T01:14:31","guid":{"rendered":"https:\/\/customacrylicproduct.com\/?post_type=product&#038;p=1498"},"modified":"2025-07-22T01:14:31","modified_gmt":"2025-07-22T01:14:31","slug":"clear-custom-acrylic-key-holder-acrylic-key-holder","status":"publish","type":"product","link":"https:\/\/customacrylicproduct.com\/es\/clear-custom-acrylic-key-holder-acrylic-key-holder\/","title":{"rendered":"Llavero acr\u00edlico transparente personalizado Llavero acr\u00edlico"},"content":{"rendered":"<h3 id=\"-release-your-imagination-the-ultimate-guide-to-personalized-polymer-trick-holders-\"><strong>Libere su imaginaci\u00f3n: La Gu\u00eda Definitiva para Personalizar Portatrucos de Pol\u00edmero<\/strong><\/h3>\n<p>En un mundo de art\u00edculos producidos en serie, el poder de la personalizaci\u00f3n destaca. Es la capacidad de tomar un concepto fugaz, un personaje querido, o la identidad de una marca y transformarlo en un sustancial, cosas de primera clase que puede sostener, utilizar y compartir. Presentamos nuestros portatrucos acr\u00edlicos personalizados transparentes: el lienzo perfecto para su imaginaci\u00f3n. M\u00e1s que un simple dispositivo, estos propietarios esenciales son mini obras de arte, herramientas de publicidad resistente, y los s\u00edmbolos genuinos de afecto, todos hechos a mano a sus especificaciones precisas.<\/p>\n<p>Como demuestran los diversos ejemplos -desde el adorable y multipartito\u00a0<em>Chiikawa\u00a0<\/em>establece en el ic\u00f3nico\u00a0<em>Doraemon\u00a0<\/em>y\u00a0<em>Hola Cat\u00a0<\/em>bellezas, la vibrante\u00a0<em>\u00a1\u00a1Haikyuu !!\u00a0<\/em>anime, y los estilosos\u00a0<em>Conan investigador\u00a0<\/em>las posibilidades son ilimitadas. Descubra c\u00f3mo puede dar vida a su visi\u00f3n con nuestros portaesenciales acr\u00edlicos personalizados.<\/p>\n<p><img fetchpriority=\"high\" decoding=\"async\" class=\"size-full wp-image-1501\" src=\"https:\/\/customacrylicproduct.com\/wp-content\/uploads\/2025\/07\/Custom-Acrylic-Key-Holder-3.jpg\" alt=\"Llavero acr\u00edlico personalizado (3)\" width=\"1000\" height=\"1000\" srcset=\"https:\/\/customacrylicproduct.com\/wp-content\/uploads\/2025\/07\/Custom-Acrylic-Key-Holder-3.jpg 1000w, https:\/\/customacrylicproduct.com\/wp-content\/uploads\/2025\/07\/Custom-Acrylic-Key-Holder-3-300x300.jpg 300w, https:\/\/customacrylicproduct.com\/wp-content\/uploads\/2025\/07\/Custom-Acrylic-Key-Holder-3-150x150.jpg 150w, https:\/\/customacrylicproduct.com\/wp-content\/uploads\/2025\/07\/Custom-Acrylic-Key-Holder-3-768x768.jpg 768w, https:\/\/customacrylicproduct.com\/wp-content\/uploads\/2025\/07\/Custom-Acrylic-Key-Holder-3-600x600.jpg 600w, https:\/\/customacrylicproduct.com\/wp-content\/uploads\/2025\/07\/Custom-Acrylic-Key-Holder-3-100x100.jpg 100w\" sizes=\"(max-width: 1000px) 100vw, 1000px\" \/><\/p>\n<h4 id=\"-the-core-of-quality-crystal-clear-sturdy-polymer-\"><strong>El n\u00facleo de la calidad: Pol\u00edmero cristalino y resistente<\/strong><\/h4>\n<p>La base de todo llavero excelente es el propio producto. Utilizamos acr\u00edlico transparente de primera calidad que ofrece el equilibrio perfecto entre resistencia y atractivo visual.<\/p>\n<ul>\n<li><strong>Claridad y vivacidad:\u00a0<\/strong>Nuestro acr\u00edlico es cristalino, lo que permite que los colores de verdad de su obra de arte irradien con un brillo fenomenal. A diferencia de otros pl\u00e1sticos m\u00e1s asequibles, no se amarillea gradualmente, lo que garantiza que su dise\u00f1o siga siendo tan deslumbrante como el d\u00eda en que se imprimi\u00f3.<\/li>\n<li><strong>Ligero y resistente:\u00a0<\/strong>A pesar de su naturaleza duradera y resistente a los ara\u00f1azos, el acr\u00edlico es extraordinariamente ligero. Por ello, es adecuado para llaveros que no se cargar\u00e1n con tus trucos, mochila o bolso, pero que pueden resistir los golpes y rozaduras cotidianos de la vida en movimiento.<\/li>\n<li><strong>Troquelado de precisi\u00f3n:\u00a0<\/strong>Su dise\u00f1o no se limita a un cuadrado o c\u00edrculo b\u00e1sico. Gracias a la avanzada tecnolog\u00eda de corte por l\u00e1ser, podemos reducir el acr\u00edlico para que se ajuste exactamente a la forma de su obra de arte. Ya sea la forma elaborada de un personaje como\u00a0<em>Doraemon\u00a0<\/em>o una forma personalizada a juego con el logotipo de su marca, el resultado es un revestimiento ordenado y especializado que realza su estilo.<\/li>\n<\/ul>\n<p><img decoding=\"async\" class=\"size-full wp-image-1502\" src=\"https:\/\/customacrylicproduct.com\/wp-content\/uploads\/2025\/07\/Custom-Acrylic-Key-Holder-4.jpg\" alt=\"Llavero acr\u00edlico personalizado (4)\" width=\"800\" height=\"800\" srcset=\"https:\/\/customacrylicproduct.com\/wp-content\/uploads\/2025\/07\/Custom-Acrylic-Key-Holder-4.jpg 800w, https:\/\/customacrylicproduct.com\/wp-content\/uploads\/2025\/07\/Custom-Acrylic-Key-Holder-4-300x300.jpg 300w, https:\/\/customacrylicproduct.com\/wp-content\/uploads\/2025\/07\/Custom-Acrylic-Key-Holder-4-150x150.jpg 150w, https:\/\/customacrylicproduct.com\/wp-content\/uploads\/2025\/07\/Custom-Acrylic-Key-Holder-4-768x768.jpg 768w, https:\/\/customacrylicproduct.com\/wp-content\/uploads\/2025\/07\/Custom-Acrylic-Key-Holder-4-600x600.jpg 600w, https:\/\/customacrylicproduct.com\/wp-content\/uploads\/2025\/07\/Custom-Acrylic-Key-Holder-4-100x100.jpg 100w\" sizes=\"(max-width: 800px) 100vw, 800px\" \/><\/p>\n<h4 id=\"-your-layout-your-tale-unmatched-modification-\"><strong>Su trazado, su cuento: modificaci\u00f3n inigualable<\/strong><\/h4>\n<p>Aqu\u00ed es donde su imaginaci\u00f3n cobra protagonismo. Nuestro procedimiento de impresi\u00f3n UV de \u00faltima generaci\u00f3n adhiere permanentemente la tinta al acr\u00edlico, dando como resultado un estilo resistente al agua, a la decoloraci\u00f3n e incre\u00edblemente descrito.<\/p>\n<ul>\n<li><strong>Impresi\u00f3n a una cara frente a impresi\u00f3n a doble cara:\u00a0<\/strong>Elija que su estilo se publique por una cara para una apariencia cl\u00e1sica, o seleccione la impresi\u00f3n a doble cara. Puede presentar el mismo dise\u00f1o en ambas caras o crear una experiencia \u00fanica por delante y por detr\u00e1s con distintas im\u00e1genes, expresiones o mensajes.<\/li>\n<li><strong>Protecci\u00f3n de doble tablero:\u00a0<\/strong>Para obtener la m\u00e1xima resistencia, le sugerimos nuestra construcci\u00f3n de doble tablero (o \u201csandwich\u201d). Su obra de arte se imprime en la parte posterior de la pieza frontal de acr\u00edlico y despu\u00e9s se fija con una segunda pieza de acr\u00edlico. De este modo, el dise\u00f1o queda encapsulado y es pr\u00e1cticamente imposible que se raye o se desgaste por delante o por detr\u00e1s.<\/li>\n<li><strong>Recubrimientos especiales para un aspecto \u201cWow\u201d:\u00a0<\/strong>Eleve su estilo m\u00e1s all\u00e1 de lo est\u00e1ndar con nuestra variedad de superficies especiales.<\/li>\n<li><strong>Pol\u00edmero de brillo:\u00a0<\/strong>Como se ve en el magn\u00edfico rosa\u00a0<em>Investigador Conan\u00a0<\/em>belleza, incrustar purpurina dentro del acr\u00edlico a\u00f1ade un brillo encantador y atractivo que cambia con la luz.<\/li>\n<li><strong>Resultado hologr\u00e1fico:\u00a0<\/strong>Crea un emocionante brillo de arco iris que se mueve y resplandece al paso del llavero. Esto es lo mejor para los sue\u00f1os, la ciencia ficci\u00f3n o cualquier estilo que necesite un toque adicional de magia.<\/li>\n<li><strong>C\u00fapula de epoxi:\u00a0<\/strong>A\u00f1ada una capa de resina epoxi lisa, redondeada y brillante sobre su dise\u00f1o. Esto no solo realza los tonos y proporciona una agradable sensaci\u00f3n t\u00e1ctil, sino que adem\u00e1s incluye una capa adicional de protecci\u00f3n.<\/li>\n<li><strong>Colores degradados y transl\u00facidos:\u00a0<\/strong>Como se muestra en el\u00a0<em>\u00a1\u00a1Haikyuu!!\u00a0<\/em>llavero, podemos desarrollar bellos efectos de degradado o utilizar colores transparentes para dar a su estilo profundidad y una est\u00e9tica \u00fanica y actual.<\/li>\n<\/ul>\n<p><img decoding=\"async\" class=\"size-full wp-image-1499\" src=\"https:\/\/customacrylicproduct.com\/wp-content\/uploads\/2025\/07\/Custom-Acrylic-Key-Holder-1.jpg\" alt=\"Llavero acr\u00edlico personalizado (1)\" width=\"800\" height=\"800\" srcset=\"https:\/\/customacrylicproduct.com\/wp-content\/uploads\/2025\/07\/Custom-Acrylic-Key-Holder-1.jpg 800w, https:\/\/customacrylicproduct.com\/wp-content\/uploads\/2025\/07\/Custom-Acrylic-Key-Holder-1-300x300.jpg 300w, https:\/\/customacrylicproduct.com\/wp-content\/uploads\/2025\/07\/Custom-Acrylic-Key-Holder-1-150x150.jpg 150w, https:\/\/customacrylicproduct.com\/wp-content\/uploads\/2025\/07\/Custom-Acrylic-Key-Holder-1-768x768.jpg 768w, https:\/\/customacrylicproduct.com\/wp-content\/uploads\/2025\/07\/Custom-Acrylic-Key-Holder-1-600x600.jpg 600w, https:\/\/customacrylicproduct.com\/wp-content\/uploads\/2025\/07\/Custom-Acrylic-Key-Holder-1-100x100.jpg 100w\" sizes=\"(max-width: 800px) 100vw, 800px\" \/><\/p>\n<h4 id=\"-the-perfect-attachment-a-world-of-hardware-options-\"><strong>El accesorio perfecto: Un mundo de opciones de hardware<\/strong><\/h4>\n<p>Un llavero es insuficiente sin su equipamiento. Le ofrecemos una amplia selecci\u00f3n de accesorios que se adaptan al estilo, la funci\u00f3n y la calidad superior de su dise\u00f1o.<\/p>\n<ul>\n<li><strong>Llaveros cl\u00e1sicos:\u00a0<\/strong>El intemporal anillo partido de plata o chapado en oro es una selecci\u00f3n resistente y de confianza para cualquier colecci\u00f3n de secretos.<\/li>\n<li><strong>Cierres de moda:\u00a0<\/strong>Opta por sujeciones m\u00e1s atractivas y \u00fatiles, como los cierres de langosta, los cierres en forma de estrella o los cierres en forma de coraz\u00f3n. De este modo, le resultar\u00e1 muy f\u00e1cil unir su belleza a cremalleras, asas de bolsos y planificadores. Los vivos cierres de pl\u00e1stico del\u00a0<em>Chiikawa\u00a0<\/em>son un ejemplo perfecto de c\u00f3mo adaptar el hardware a la est\u00e9tica del dise\u00f1o.<\/li>\n<li><strong>Equipos a medida y \u00fatiles:\u00a0<\/strong>Lleve su estilo al siguiente nivel con herrajes personalizados. El\u00a0<em>\u00a1\u00a1Haikyuu !!\u00a0<\/em>incluye un mosquet\u00f3n de forma personalizada y muy conocido, transformando un accesorio sencillo en un art\u00edculo de coste \u00fatil y muy coleccionable.<\/li>\n<li><strong>Conjuntos multibrazo:\u00a0<\/strong>\u00bfPor qu\u00e9 conformarse con un colgante cuando se puede tener un juego completo? Podemos juntar varias bellezas de menor tama\u00f1o en un solo art\u00edculo de ferreter\u00eda, creando un dispositivo vibrante y tintineante como el\u00a0<em>Chiikawa\u00a0<\/em>y\u00a0<em>Detective Conan\u00a0<\/em>instancias. Incluya una peque\u00f1a campana para darle un toque distintivo o una pieza acr\u00edlica secundaria con un nombre o logotipo.<\/li>\n<\/ul>\n<h4 id=\"-applications-from-enthusiasm-projects-to-expert-promotions-\"><strong>Aplicaciones: De los proyectos de entusiasmo a las promociones de expertos<\/strong><\/h4>\n<p>Nuestros soportes cruciales acr\u00edlicos personalizados son extremadamente flexibles y ofrecen una amplia selecci\u00f3n de objetivos.<\/p>\n<ul>\n<li><strong>Para artistas y creadores:\u00a0<\/strong>Transforma tus im\u00e1genes electr\u00f3nicas en art\u00edculos rentables. Son un elemento b\u00e1sico para cualquier tipo de m\u00fasico mesa de calle en las convenciones y son excelentes para ofrecer en Etsy, Shopify, o su tienda en l\u00ednea personal.<\/li>\n<li><strong>Para empresas y marcas:\u00a0<\/strong>Cree productos publicitarios extraordinarios que la gente realmente vaya a utilizar. Reg\u00e1lelos en ferias comerciales, incl\u00fayalos como obsequio con una adquisici\u00f3n u ofr\u00e9zcalos como parte de la l\u00ednea de productos de su marca.<\/li>\n<li><strong>Para barrios y clubes de aficionados:\u00a0<\/strong>Dise\u00f1e llaveros para su club de anime, equipo deportivo o vecindario en l\u00ednea. Son una forma fant\u00e1stica de hacer alarde de aficiones compartidas y crear un sentimiento de pertenencia.<\/li>\n<li><strong>Para regalos individuales y eventos:\u00a0<\/strong>Conmemore una celebraci\u00f3n \u00fanica como una boda, una graduaci\u00f3n o un cumplea\u00f1os con un llavero personalizado. Producen prefiere celebraci\u00f3n distinta, individual y duradera o regalos.<\/li>\n<\/ul>\n<h4 id=\"-retail-ready-packaging-\"><strong>Envases listos para la venta<\/strong><\/h4>\n<p>Problemas de presentaci\u00f3n. Para proporcionar a sus soportes vitales una superficie profesional y lista para la venta al por menor, ofrecemos soluciones personalizadas de envasado de productos. Como en el caso del\u00a0<em>Chiikawa\u00a0<\/em>llavero, esto consiste en una tarjeta de cart\u00f3n de respaldo impreso personalizado que puede presentar su marca, el arte de la personalidad, y las redes sociales se encarga de, todo cuidadosamente encerrado en una bolsa de polietileno transparente.<\/p>\n<p>Desde una belleza solitaria y elegante hasta un conjunto complejo de elementos brillantes y polifac\u00e9ticos, nuestros propietarios de esencieros acr\u00edlicos hechos a medida ofrecen el sistema supremo de expresi\u00f3n. Incorporamos materiales de alta calidad, precisi\u00f3n de fabricaci\u00f3n y un globo de opciones de personalizaci\u00f3n para garantizar que su visi\u00f3n se reconozca a la perfecci\u00f3n.\u00a0<strong>Empieza a crear hoy mismo y convierte tus conceptos en dispositivos que la gente querr\u00e1 llevar consigo a todas partes.\u00a0<\/strong>.<\/p>","protected":false},"excerpt":{"rendered":"<p class=\"ng-star-inserted\"><span class=\"ng-star-inserted\">Cree sus propios llaveros acr\u00edlicos personalizados. Fabricados en acr\u00edlico transparente resistente con una impresi\u00f3n vibrante de alta calidad. Perfectos para personalizar llaves, bolsos o crear art\u00edculos \u00fanicos. Varias formas, tama\u00f1os y opciones de hardware est\u00e1n disponibles para llevar sus dise\u00f1os a la vida.<\/span><\/p>","protected":false},"featured_media":1502,"template":"","meta":{"_kad_post_transparent":"default","_kad_post_title":"","_kad_post_layout":"default","_kad_post_sidebar_id":"","_kad_post_content_style":"default","_kad_post_vertical_padding":"default","_kad_post_feature":"","_kad_post_feature_position":"","_kad_post_header":false,"_kad_post_footer":false,"_kad_post_classname":""},"product_brand":[],"product_cat":[20],"product_tag":[65],"class_list":{"0":"post-1498","1":"product","2":"type-product","3":"status-publish","4":"has-post-thumbnail","6":"product_cat-custom-acrylic-crafts","7":"product_tag-custom-acrylic-crafts","9":"first","10":"instock","11":"shipping-taxable","12":"product-type-simple","13":"entry","14":"content-bg","15":"loop-entry"},"_links":{"self":[{"href":"https:\/\/customacrylicproduct.com\/es\/wp-json\/wp\/v2\/product\/1498","targetHints":{"allow":["GET"]}}],"collection":[{"href":"https:\/\/customacrylicproduct.com\/es\/wp-json\/wp\/v2\/product"}],"about":[{"href":"https:\/\/customacrylicproduct.com\/es\/wp-json\/wp\/v2\/types\/product"}],"wp:featuredmedia":[{"embeddable":true,"href":"https:\/\/customacrylicproduct.com\/es\/wp-json\/wp\/v2\/media\/1502"}],"wp:attachment":[{"href":"https:\/\/customacrylicproduct.com\/es\/wp-json\/wp\/v2\/media?parent=1498"}],"wp:term":[{"taxonomy":"product_brand","embeddable":true,"href":"https:\/\/customacrylicproduct.com\/es\/wp-json\/wp\/v2\/product_brand?post=1498"},{"taxonomy":"product_cat","embeddable":true,"href":"https:\/\/customacrylicproduct.com\/es\/wp-json\/wp\/v2\/product_cat?post=1498"},{"taxonomy":"product_tag","embeddable":true,"href":"https:\/\/customacrylicproduct.com\/es\/wp-json\/wp\/v2\/product_tag?post=1498"}],"curies":[{"name":"wp","href":"https:\/\/api.w.org\/{rel}","templated":true}]}}