{"id":1504,"date":"2025-07-22T01:27:45","date_gmt":"2025-07-22T01:27:45","guid":{"rendered":"https:\/\/customacrylicproduct.com\/?post_type=product&#038;p=1504"},"modified":"2025-07-22T01:27:45","modified_gmt":"2025-07-22T01:27:45","slug":"clear-custom-acrylic-bent-beverage-rack-transparent-plate","status":"publish","type":"product","link":"https:\/\/customacrylicproduct.com\/es\/clear-custom-acrylic-bent-beverage-rack-transparent-plate\/","title":{"rendered":"Plato transparente acr\u00edlico curvado transparente para bebidas"},"content":{"rendered":"<h3 id=\"the-art-of-discussion-presenting-the-clear-custom-polymer-bent-beverage-rack\">El arte de la discusi\u00f3n: Presentaci\u00f3n del portabebidas curvado de pol\u00edmero transparente personalizado<\/h3>\n<p>En un mundo saturado de lo ordinario, hay objetos que trascienden la funci\u00f3n que ofrecen. Dejan de ser simples herramientas para convertirse en declaraciones de estilo, piezas de arte pr\u00e1ctico que redefinen los espacios que habitan. Esta es la esencia del portabebidas acr\u00edlico curvado transparente personalizado: una clase magistral de dise\u00f1o minimalista, pureza de materiales y belleza de construcci\u00f3n. No es simplemente un espacio para apoyar una botella; es un pedestal, un marco y una escultura hecha para elevar el acto de la discusi\u00f3n a una forma de arte.<\/p>\n<p><img fetchpriority=\"high\" decoding=\"async\" class=\"size-full wp-image-1505\" src=\"https:\/\/customacrylicproduct.com\/wp-content\/uploads\/2025\/07\/Acrylic-Bent-1.jpg\" alt=\"Acr\u00edlico curvado (1)\" width=\"800\" height=\"800\" srcset=\"https:\/\/customacrylicproduct.com\/wp-content\/uploads\/2025\/07\/Acrylic-Bent-1.jpg 800w, https:\/\/customacrylicproduct.com\/wp-content\/uploads\/2025\/07\/Acrylic-Bent-1-300x300.jpg 300w, https:\/\/customacrylicproduct.com\/wp-content\/uploads\/2025\/07\/Acrylic-Bent-1-150x150.jpg 150w, https:\/\/customacrylicproduct.com\/wp-content\/uploads\/2025\/07\/Acrylic-Bent-1-768x768.jpg 768w, https:\/\/customacrylicproduct.com\/wp-content\/uploads\/2025\/07\/Acrylic-Bent-1-600x600.jpg 600w, https:\/\/customacrylicproduct.com\/wp-content\/uploads\/2025\/07\/Acrylic-Bent-1-100x100.jpg 100w\" sizes=\"(max-width: 800px) 100vw, 800px\" \/><\/p>\n<p><strong>Una sinfon\u00eda de luz y texto<\/strong><\/p>\n<p>A primera vista, el perchero cautiva por su visibilidad a\u00e9rea. Fabricado a partir de una \u00fanica pieza de acr\u00edlico transparente de primera calidad, su forma es una investigaci\u00f3n de elegantes contradicciones. Es a la vez s\u00f3lida y ligera, estructural y l\u00edquida. Su dise\u00f1o es sigilosamente sencillo: una forma de U continua y expertamente curvada que produce una cuna arqueada y segura. Este contorno constructivo no es s\u00f3lo por seguridad; es una elecci\u00f3n est\u00e9tica que estimula la belleza de un puente moderno o de una cascada en picado helada por el tiempo.<\/p>\n<p>El propio material es una parte crucial de su encanto. No se trata de un pl\u00e1stico com\u00fan; es acr\u00edlico de alta densidad y \u00f3pticamente puro, con una claridad equiparable a la del cristal m\u00e1s inmaculado. Cuando la luz entra en contacto con el bastidor, ejecuta un emocionante baile. Atraviesa el cuerpo transparente, se refracta a trav\u00e9s de los bordes exactamente cortados y pulidos con diamante, y proyecta c\u00e1usticas sutiles y centelleantes sobre la superficie inferior. El corte circular principal, una caracter\u00edstica espec\u00edfica del dise\u00f1o, funciona como una lente, distorsionando y montando juguetonamente la historia, a\u00f1adiendo una capa adicional de intriga est\u00e9tica. Esta interacci\u00f3n constante de luz y sombra garantiza que la estanter\u00eda sea algo din\u00e1mico, que transforma su personalidad a lo largo del d\u00eda seg\u00fan cambia la luz ambiental. Es un fen\u00f3meno silencioso, una pieza que despierta inter\u00e9s sin exigirlo.<\/p>\n<p><img decoding=\"async\" class=\"size-full wp-image-1508\" src=\"https:\/\/customacrylicproduct.com\/wp-content\/uploads\/2025\/07\/Acrylic-Bent-4.jpg\" alt=\"Acr\u00edlico curvado (4)\" width=\"800\" height=\"800\" srcset=\"https:\/\/customacrylicproduct.com\/wp-content\/uploads\/2025\/07\/Acrylic-Bent-4.jpg 800w, https:\/\/customacrylicproduct.com\/wp-content\/uploads\/2025\/07\/Acrylic-Bent-4-300x300.jpg 300w, https:\/\/customacrylicproduct.com\/wp-content\/uploads\/2025\/07\/Acrylic-Bent-4-150x150.jpg 150w, https:\/\/customacrylicproduct.com\/wp-content\/uploads\/2025\/07\/Acrylic-Bent-4-768x768.jpg 768w, https:\/\/customacrylicproduct.com\/wp-content\/uploads\/2025\/07\/Acrylic-Bent-4-600x600.jpg 600w, https:\/\/customacrylicproduct.com\/wp-content\/uploads\/2025\/07\/Acrylic-Bent-4-100x100.jpg 100w\" sizes=\"(max-width: 800px) 100vw, 800px\" \/><\/p>\n<p><strong>M\u00e1s all\u00e1 del contenedor: Un lienzo para tu forma de vivir<\/strong><\/p>\n<p>Aunque bautizado como \u201cportabebidas curvado\u201d, su objetivo s\u00f3lo est\u00e1 limitado por su imaginaci\u00f3n creativa. Su funci\u00f3n principal, naturalmente, la ejecuta con un aplomo inigualable. Imag\u00ednese su mejor recipiente de vino o un whisky de malta solitario inusual acurrucado dentro de su bienvenida transparente. El estante presenta el recipiente en un \u00e1ngulo perfecto y suave, mostrando la etiqueta y conmemorando los materiales que contiene. Convierte un recipiente b\u00e1sico en el centro de atenci\u00f3n del bar, la mesa o la encimera de la cocina. Para restauradores y vinateros, utiliza un medio avanzado y moderno de presentar vinos destacados, desarrollando una impresi\u00f3n inmediata de calidad y sabor.<\/p>\n<p>Sin embargo, su comodidad es su dureza oculta. Esta placa transparente es un camale\u00f3n de estilo, ajust\u00e1ndose a muchas funciones dentro de un hogar elegante o sala industrial:.<\/p>\n<ul>\n<li><strong>El atril del modernista:\u00a0<\/strong>En la zona de cocina, se convierte en un medio moderno y estable un ordenador tablet o un libro de recetas favorito. Su apertura garantiza que no desentone con la decoraci\u00f3n, y su naturaleza impermeable hace que sea insensible a los derrames accidentales.<\/li>\n<li><strong>La exposici\u00f3n del conservador:\u00a0<\/strong>Util\u00edcelo para exhibir objetos preciados. Una pelota de b\u00e9isbol autorizada, un esp\u00e9cimen geol\u00f3gico \u00fanico, una peque\u00f1a escultura o un reloj de lujo pueden encajarse en su arco, transformando un premio personal en una exposici\u00f3n digna de un museo.<\/li>\n<li><strong>El santuario tipo spa:\u00a0<\/strong>En el cuarto de ducha, puede contener una pila de toallas de mano de alta gama elegantemente enrolladas, aportando un toque de lujo de hotel de primera clase a su habitaci\u00f3n individual.<\/li>\n<li><strong>Coordinador del Ejecutivo:\u00a0<\/strong>En un escritorio de trabajo minimalista, act\u00faa como un innovador soporte para un smartphone, correo importante o una colecci\u00f3n de tarjetas de visita de primera calidad, reduciendo el desorden y a\u00f1adiendo al mismo tiempo un toque de estilo constructivo.<\/li>\n<li><strong>La carta Trump de la tienda:\u00a0<\/strong>Para las boutiques de lujo, este estante es el perfecto vendedor silencioso. Mostrar cosm\u00e9ticos, perfumes, bisuter\u00eda o peque\u00f1os aparatos electr\u00f3nicos de primera calidad en este estante eleva inmediatamente su valor visual, atrayendo la mirada del consumidor y resaltando la alta calidad del producto.<\/li>\n<\/ul>\n<p><img decoding=\"async\" class=\"size-full wp-image-1507\" src=\"https:\/\/customacrylicproduct.com\/wp-content\/uploads\/2025\/07\/Acrylic-Bent-3.jpg\" alt=\"Acr\u00edlico curvado (3)\" width=\"800\" height=\"800\" srcset=\"https:\/\/customacrylicproduct.com\/wp-content\/uploads\/2025\/07\/Acrylic-Bent-3.jpg 800w, https:\/\/customacrylicproduct.com\/wp-content\/uploads\/2025\/07\/Acrylic-Bent-3-300x300.jpg 300w, https:\/\/customacrylicproduct.com\/wp-content\/uploads\/2025\/07\/Acrylic-Bent-3-150x150.jpg 150w, https:\/\/customacrylicproduct.com\/wp-content\/uploads\/2025\/07\/Acrylic-Bent-3-768x768.jpg 768w, https:\/\/customacrylicproduct.com\/wp-content\/uploads\/2025\/07\/Acrylic-Bent-3-600x600.jpg 600w, https:\/\/customacrylicproduct.com\/wp-content\/uploads\/2025\/07\/Acrylic-Bent-3-100x100.jpg 100w\" sizes=\"(max-width: 800px) 100vw, 800px\" \/><\/p>\n<p><strong>La pureza del material, la promesa de longevidad<\/strong><\/p>\n<p>La opci\u00f3n del acr\u00edlico es intencionada y significativa. Ofrece el impresionante encanto visual del cristal sin su fragilidad intr\u00ednseca. Este estante para bebidas es mucho m\u00e1s resistente a las roturas y m\u00e1s ligero que uno de cristal de la misma densidad, lo que lo hace m\u00e1s seguro y pr\u00e1ctico para el uso diario y en entornos comerciales muy transitados. La gran densidad del acr\u00edlico le confiere un peso agradable y una sensaci\u00f3n de durabilidad, disipando cualquier tipo de concepto de endeblez. Su mantenimiento es muy sencillo: basta con limpiarlo suavemente con un pa\u00f1o h\u00famedo para que recupere su aspecto cristalino durante muchos a\u00f1os.<\/p>\n<p><strong>El poder de lo \u201cpersonalizado\u201d: Una declaraci\u00f3n a medida<\/strong><\/p>\n<p>La faceta \u201cPersonalizada\u201d de este art\u00edculo es donde se convierte absolutamente en el suyo propio. Sabemos que el verdadero lujo reside en la personalizaci\u00f3n. Esta placa transparente puede adaptarse a sus necesidades particulares, transform\u00e1ndola de un art\u00edculo encantador en un artefacto \u00fanico y personalizado.<\/p>\n<ul>\n<li><strong>Dimensiones a medida:\u00a0<\/strong>\u00bfTiene una botella magnum extragrande o un decantador con una forma distinta? Podemos ajustar las dimensiones del estante para conseguir un ajuste perfecto y seguro.<\/li>\n<li><strong>Inscripci\u00f3n personalizada:\u00a0<\/strong>Piense en el perchero grabado con un monograma familiar como un regalo de boda o aniversario atemporal.<\/li>\n<li><strong>Branding empresarial:\u00a0<\/strong>Para complejos tur\u00edsticos, establecimientos de restauraci\u00f3n, vi\u00f1edos o regalos de empresa, podemos grabar con pericia el logotipo de su empresa en la superficie. De este modo, la estanter\u00eda se convierte en un eficaz dispositivo de marca que habla mucho de su compromiso con la calidad y el detalle.<\/li>\n<li><strong>Tintes sutiles:\u00a0<\/strong>Aunque la claridad cristalina es su se\u00f1a de identidad, podemos explorar pedidos personalizados con colores sutiles -un gran gris ahumado, un acogedor \u00e1mbar o un impresionante azul- para que encajen a la perfecci\u00f3n con la identidad de su marca o la combinaci\u00f3n de decoraci\u00f3n de interiores.<\/li>\n<\/ul>\n<p><strong>Una invitaci\u00f3n a recaudar<\/strong><\/p>\n<p>El botellero acr\u00edlico curvado transparente personalizado es m\u00e1s que un accesorio; es una inversi\u00f3n en mejora est\u00e9tica. Es para el aficionado que valora la historia que hay detr\u00e1s de la botella, el interiorista que busca el toque final perfecto y la persona que cree que el encanto debe estar entretejido en el tejido de la vida. Es un testimonio del concepto de que uno de los objetos m\u00e1s funcionales puede ser tambi\u00e9n el m\u00e1s bello.<\/p>\n<p>D\u00e9 la bienvenida a su espacio a esta pieza de escultura funcional. Deje que transforme el sencillo acto de exhibici\u00f3n en un minuto de apacible acontecimiento. Aumente su atm\u00f3sfera, muestre su gusto y posea un art\u00edculo que sea tan funcional y distinto como usted.<\/p>","protected":false},"excerpt":{"rendered":"<p class=\"ng-star-inserted\"><span class=\"ng-star-inserted\">Exhiba sus bebidas con estilo gracias a este elegante estante acr\u00edlico curvado. Fabricado en acr\u00edlico cristalino de primera calidad, su exclusiva forma curvada ofrece un expositor minimalista e impresionante para botellas o latas. Un toque sofisticado y moderno para cualquier bar o mostrador dom\u00e9stico.<\/span><\/p>","protected":false},"featured_media":1505,"template":"","meta":{"_kad_post_transparent":"default","_kad_post_title":"","_kad_post_layout":"default","_kad_post_sidebar_id":"","_kad_post_content_style":"default","_kad_post_vertical_padding":"default","_kad_post_feature":"","_kad_post_feature_position":"","_kad_post_header":false,"_kad_post_footer":false,"_kad_post_classname":""},"product_brand":[],"product_cat":[21],"product_tag":[69],"class_list":{"0":"post-1504","1":"product","2":"type-product","3":"status-publish","4":"has-post-thumbnail","6":"product_cat-custom-acrylic-furnitures","7":"product_tag-custom-acrylic-furnitures","9":"first","10":"instock","11":"shipping-taxable","12":"product-type-simple","13":"entry","14":"content-bg","15":"loop-entry"},"_links":{"self":[{"href":"https:\/\/customacrylicproduct.com\/es\/wp-json\/wp\/v2\/product\/1504","targetHints":{"allow":["GET"]}}],"collection":[{"href":"https:\/\/customacrylicproduct.com\/es\/wp-json\/wp\/v2\/product"}],"about":[{"href":"https:\/\/customacrylicproduct.com\/es\/wp-json\/wp\/v2\/types\/product"}],"wp:featuredmedia":[{"embeddable":true,"href":"https:\/\/customacrylicproduct.com\/es\/wp-json\/wp\/v2\/media\/1505"}],"wp:attachment":[{"href":"https:\/\/customacrylicproduct.com\/es\/wp-json\/wp\/v2\/media?parent=1504"}],"wp:term":[{"taxonomy":"product_brand","embeddable":true,"href":"https:\/\/customacrylicproduct.com\/es\/wp-json\/wp\/v2\/product_brand?post=1504"},{"taxonomy":"product_cat","embeddable":true,"href":"https:\/\/customacrylicproduct.com\/es\/wp-json\/wp\/v2\/product_cat?post=1504"},{"taxonomy":"product_tag","embeddable":true,"href":"https:\/\/customacrylicproduct.com\/es\/wp-json\/wp\/v2\/product_tag?post=1504"}],"curies":[{"name":"wp","href":"https:\/\/api.w.org\/{rel}","templated":true}]}}