{"id":1510,"date":"2025-07-22T01:39:13","date_gmt":"2025-07-22T01:39:13","guid":{"rendered":"https:\/\/customacrylicproduct.com\/?post_type=product&#038;p=1510"},"modified":"2025-07-22T01:39:13","modified_gmt":"2025-07-22T01:39:13","slug":"acrylic-wedding-place-cards-acrylic-table-number-sign","status":"publish","type":"product","link":"https:\/\/customacrylicproduct.com\/es\/acrylic-wedding-place-cards-acrylic-table-number-sign\/","title":{"rendered":"Acr\u00edlico de la boda tarjetas de lugar de acr\u00edlico se\u00f1al de n\u00famero de mesa"},"content":{"rendered":"<h3 id=\"elevate-your-occasion-with-classic-beauty-introducing-our-premium-polymer-hexagon-signs\">Eleve su ocasi\u00f3n con belleza cl\u00e1sica: Presentamos nuestros carteles hexagonales de pol\u00edmero de alta calidad<\/h3>\n<p>En el arte de la organizaci\u00f3n de eventos, son los detalles precisos los que convierten una reuni\u00f3n atractiva en una experiencia memorable. Es el refinado susurro de elegancia en la decoraci\u00f3n, el toque personal que hace que cada invitado se sienta visto, y el estilo natural que fluye con cada elemento. Le invitamos a encontrar el mejor accesorio para el anfitri\u00f3n, el coordinador y la novia modernos: nuestro elegante\u00a0<strong>Tarjetas de \u00e1rea hexagonal acr\u00edlicas transparentes e indicaciones de n\u00famero de mesa\u00a0<\/strong>.<\/p>\n<p>Estos hex\u00e1gonos acr\u00edlicos funcionales, creados para quienes tienen un ojo cr\u00edtico para el dise\u00f1o contempor\u00e1neo y la elegancia atemporal, son m\u00e1s que simples art\u00edculos \u00fatiles: son un lienzo para su imaginaci\u00f3n y la piedra angular de un impresionante paisaje de mesa. Imagine a sus invitados llegando y encontrando sus nombres aparentemente flotando en una belleza cristalina, o navegando hacia sus mesas ayudados por n\u00fameros elegantes y minimalistas que realzan, en lugar de obstruir, sus preciosos centros de mesa. Este es el nuevo requisito del dise\u00f1o de ocasiones, y empieza aqu\u00ed mismo.<\/p>\n<p><img fetchpriority=\"high\" decoding=\"async\" class=\"size-full wp-image-1511\" src=\"https:\/\/customacrylicproduct.com\/wp-content\/uploads\/2025\/07\/Table-Number-Sign-1.jpg\" alt=\"Signo de n\u00famero de mesa (1)\" width=\"1000\" height=\"1000\" srcset=\"https:\/\/customacrylicproduct.com\/wp-content\/uploads\/2025\/07\/Table-Number-Sign-1.jpg 1000w, https:\/\/customacrylicproduct.com\/wp-content\/uploads\/2025\/07\/Table-Number-Sign-1-300x300.jpg 300w, https:\/\/customacrylicproduct.com\/wp-content\/uploads\/2025\/07\/Table-Number-Sign-1-150x150.jpg 150w, https:\/\/customacrylicproduct.com\/wp-content\/uploads\/2025\/07\/Table-Number-Sign-1-768x768.jpg 768w, https:\/\/customacrylicproduct.com\/wp-content\/uploads\/2025\/07\/Table-Number-Sign-1-600x600.jpg 600w, https:\/\/customacrylicproduct.com\/wp-content\/uploads\/2025\/07\/Table-Number-Sign-1-100x100.jpg 100w\" sizes=\"(max-width: 1000px) 100vw, 1000px\" \/><\/p>\n<h4 id=\"the-appeal-of-flawless-design-material-and-workmanship\">El atractivo de un dise\u00f1o impecable: Materiales y mano de obra<\/h4>\n<p>Nuestros indicadores hexagonales est\u00e1n cortados con precisi\u00f3n en acr\u00edlico de alta calidad, resistente y cristalino. A diferencia del cristal, que puede ser delicado e inseguro, nuestro acr\u00edlico de costes ofrece exactamente la misma apertura luminosa con una resistencia notable y una sensaci\u00f3n de ligereza. Cada art\u00edculo hace alarde de lados impecablemente abrillantados y cortados con l\u00e1ser, garantizando un revestimiento liso, sin riesgos y glamuroso que se siente maravillosamente al tacto.<\/p>\n<p>La elecci\u00f3n de la forma hexagonal es intencionada e inspirada. Como amado del estilo geom\u00e9trico moderno, el hex\u00e1gono proporciona un estilo arquitect\u00f3nico distintivo que establece su ocasi\u00f3n aparte de los que utilizan tarjetas rectangulares o redondas t\u00edpicas. Es un s\u00edmbolo de coherencia, equilibrio y uni\u00f3n, una vista excelente para una boda, un aniversario de boda o cualquier tipo de reuni\u00f3n en la que se re\u00fana la gente. Para asegurarnos de que llegan en excelentes condiciones y sin ara\u00f1azos, cada hex\u00e1gono acr\u00edlico individual se env\u00eda con una pel\u00edcula de seguridad en ambos lados. S\u00f3lo tiene que despegarla antes de usarla para exponer una superficie excelente y extraordinariamente clara preparada para su toque individual.<\/p>\n<p><img decoding=\"async\" class=\"wp-image-1512 size-large\" src=\"https:\/\/customacrylicproduct.com\/wp-content\/uploads\/2025\/07\/Table-Number-Sign-2-1024x1024.jpg\" alt=\"Signo de n\u00famero de mesa (2)\" width=\"1024\" height=\"1024\" srcset=\"https:\/\/customacrylicproduct.com\/wp-content\/uploads\/2025\/07\/Table-Number-Sign-2-1024x1024.jpg 1024w, https:\/\/customacrylicproduct.com\/wp-content\/uploads\/2025\/07\/Table-Number-Sign-2-300x300.jpg 300w, https:\/\/customacrylicproduct.com\/wp-content\/uploads\/2025\/07\/Table-Number-Sign-2-150x150.jpg 150w, https:\/\/customacrylicproduct.com\/wp-content\/uploads\/2025\/07\/Table-Number-Sign-2-768x768.jpg 768w, https:\/\/customacrylicproduct.com\/wp-content\/uploads\/2025\/07\/Table-Number-Sign-2-600x600.jpg 600w, https:\/\/customacrylicproduct.com\/wp-content\/uploads\/2025\/07\/Table-Number-Sign-2-100x100.jpg 100w, https:\/\/customacrylicproduct.com\/wp-content\/uploads\/2025\/07\/Table-Number-Sign-2.jpg 1500w\" sizes=\"(max-width: 1024px) 100vw, 1024px\" \/><\/p>\n<h4 id=\"a-canvas-for-your-distinct-vision-unmatched-versatility\">Un lienzo para su propia visi\u00f3n: Versatilidad sin igual<\/h4>\n<p>La verdadera magia de estos hex\u00e1gonos acr\u00edlicos reside en su ilimitada versatilidad. Se ofrecen como excelentes pizarras vac\u00edas, lo que le permite dar rienda suelta a su imaginaci\u00f3n y adaptarlas perfectamente al estilo y la combinaci\u00f3n de colores especiales de su evento.<\/p>\n<p><strong>1. Elegantes tarjetas de mesa:\u00a0<\/strong>. Transforma tu disposici\u00f3n de asientos en una obra maestra. Con un rotulador de pintura al \u00f3leo (en dorado, plateado, blanco, dorado aumentado o negro), puede escribir a mano el nombre de cada visitante con una magn\u00edfica caligraf\u00eda. El nombre aparecer\u00e1 suspendido en el aire, creando un sensacional impacto est\u00e9tico sobre cualquier mantel o plato. Como se muestra en las im\u00e1genes, puede colocarlos directamente sobre la servilleta de papel, colocarlos en un peque\u00f1o soporte o superponerlos sobre un men\u00fa de papel para conseguir un aspecto rico y multidimensional. No son simplemente un marcador de zona, sino un recuerdo personalizado que sus invitados podr\u00e1n llevarse a casa.<\/p>\n<p><strong>2. Chic Table Figures:\u00a0<\/strong>. Diga adi\u00f3s a los engorrosos n\u00fameros de mesa que bloquean la vista. Nuestros hex\u00e1gonos acr\u00edlicos transparentes ofrecen un soporte claro sin poner en peligro su decoraci\u00f3n. Un n\u00famero atrevido y con clase aplicado con vinilo o pintura atrae la atenci\u00f3n maravillosamente, mientras que el fondo transparente permite que sus planes florales y centros de mesa sigan siendo la estrella del programa. Col\u00f3quelos en un sencillo soporte de madera, acr\u00edlico o met\u00e1lico (seg\u00fan lo que desee) para incorporarlos sin problemas a cualquier tipo de estilo, desde el encanto r\u00fastico a la belleza moderna.<\/p>\n<p><strong>3. M\u00e1s all\u00e1 de la mesa:\u00a0<\/strong>. Su utilidad va mucho m\u00e1s all\u00e1 de la configuraci\u00f3n de lugares y n\u00fameros de mesa. Tenga en cuenta estas otras aplicaciones imaginativas:.<\/p>\n<ul>\n<li><strong>Etiquetas para buffets y bares:\u00a0<\/strong>Etiquetar platos, golosinas o quesos de moda.<\/li>\n<li><strong>Indicaciones para bares y bebidas alcoh\u00f3licas:\u00a0<\/strong>Presente sus bebidas combinadas de autor o enumere los vinos blancos y cervezas disponibles.<\/li>\n<li><strong>Indicadores poco informativos:\u00a0<\/strong>Util\u00edcelos para su mesa de regalos, la estaci\u00f3n del libro de visitas o para mostrar el hashtag de su boda.<\/li>\n<li><strong>\u201d Indicadores \u201dReservado\":\u00a0<\/strong>Marque con elegancia asientos especiales para la familia o la celebraci\u00f3n de un evento nupcial.<\/li>\n<li><strong>DIY Celebraci\u00f3n de la boda prefiere:\u00a0<\/strong>Grabe o pinte un mensaje de agradecimiento o el monograma de su evento nupcial para conseguir un soporte tan bonito como memorable.<\/li>\n<\/ul>\n<p><img decoding=\"async\" class=\"wp-image-1513 size-large aligncenter\" src=\"https:\/\/customacrylicproduct.com\/wp-content\/uploads\/2025\/07\/Table-Number-Sign-3-1024x1024.jpg\" alt=\"Signo de n\u00famero de mesa (3)\" width=\"1024\" height=\"1024\" srcset=\"https:\/\/customacrylicproduct.com\/wp-content\/uploads\/2025\/07\/Table-Number-Sign-3-1024x1024.jpg 1024w, https:\/\/customacrylicproduct.com\/wp-content\/uploads\/2025\/07\/Table-Number-Sign-3-300x300.jpg 300w, https:\/\/customacrylicproduct.com\/wp-content\/uploads\/2025\/07\/Table-Number-Sign-3-150x150.jpg 150w, https:\/\/customacrylicproduct.com\/wp-content\/uploads\/2025\/07\/Table-Number-Sign-3-768x768.jpg 768w, https:\/\/customacrylicproduct.com\/wp-content\/uploads\/2025\/07\/Table-Number-Sign-3-600x600.jpg 600w, https:\/\/customacrylicproduct.com\/wp-content\/uploads\/2025\/07\/Table-Number-Sign-3-100x100.jpg 100w, https:\/\/customacrylicproduct.com\/wp-content\/uploads\/2025\/07\/Table-Number-Sign-3.jpg 1500w\" sizes=\"(max-width: 1024px) 100vw, 1024px\" \/><\/p>\n<h4 id=\"perfectly-fit-for-any-theme-\">Se adapta perfectamente a cualquier tema<\/h4>\n<p>La calidad minimalista y camale\u00f3nica de estas se\u00f1ales acr\u00edlicas transparentes les permite integrarse perfectamente en cualquier tipo de est\u00e9tica. No determinan un dise\u00f1o; lo elevan.<\/p>\n<ul>\n<li><strong>Moderno y minimalista:\u00a0<\/strong>Sus l\u00edneas ordenadas y su forma geom\u00e9trica son id\u00f3neas para una celebraci\u00f3n moderna. Comb\u00ednelos con una tipograf\u00eda sencilla y detalles en blanco y negro para conseguir un aspecto n\u00edtido e innovador.<\/li>\n<li><strong>Encanto y jard\u00edn:\u00a0<\/strong>Sobre un fondo de exuberantes flores, vegetaci\u00f3n como el eucalipto y la suave luz de las velas, los indicadores acr\u00edlicos incluyen un toque de magia contempor\u00e1nea, captando la luz y a\u00f1adiendo una capa de profundidad.<\/li>\n<li><strong>Anticuado y Hippie:\u00a0<\/strong>Contrasta el acr\u00edlico aerodin\u00e1mico con estructuras totalmente naturales. Col\u00f3quelos en propietarios de madera en bruto, \u00e1telos con cordel y empar\u00e9jelos con flores secas para desarrollar una magn\u00edfica asociaci\u00f3n de lo moderno y lo org\u00e1nico.<\/li>\n<li><strong>Glamour y Art D\u00e9co:\u00a0<\/strong>Adornados con caligraf\u00eda met\u00e1lica plateada o dorada y colocados junto a opulentos puntos focales, estos indicadores destilan belleza de lujo y de primera calidad.<\/li>\n<\/ul>\n<h4 id=\"greater-than-a-wedding-information-\">M\u00e1s que una boda Informaci\u00f3n<\/h4>\n<p>Aunque son perfectos para eventos nupciales, el encanto intemporal de estos hex\u00e1gonos acr\u00edlicos los convierte en imprescindibles para una amplia variedad de eventos. Eleve una gala de negocios sofisticada, incluya un toque personal a una fiesta de celebraci\u00f3n de cumplea\u00f1os hist\u00f3rica, resuma a los visitantes en una boda o una fiesta infantil, o aporte un toque especial a las mesas de sus cenas navide\u00f1as o de Acci\u00f3n de Gracias. Para los propietarios de tiendas, incluso pueden funcionar como elegantes etiquetas de precio o indicaciones de art\u00edculos reciclables.<\/p>\n<p>Compre un art\u00edculo que pueda utilizar una y otra vez. El acr\u00edlico resistente es f\u00e1cil de limpiar con un tejido suave y se puede guardar y reciclar para todos los eventos futuros de la vida.<\/p>\n<h4 id=\"your-event-your-work-of-art-\">Su evento, su obra de arte<\/h4>\n<p>Has puesto todo tu coraz\u00f3n en la intenci\u00f3n de cada detalle de tu d\u00eda especial. Desde las flores hasta la m\u00fasica, cada elecci\u00f3n forma parte de vuestra historia. Deje que su mesa consulte con el mismo grado de prop\u00f3sito y estilo. Estos carteles hexagonales acr\u00edlicos no son simplemente una herramienta log\u00edstica; son una declaraci\u00f3n de estilo, un gui\u00f1o al romanticismo contempor\u00e1neo y un detalle que sus invitados apreciar\u00e1n y recordar\u00e1n.<\/p>\n<p>A\u00f1ada este importante elemento a su estilo e inicie el hermoso procedimiento de hacerlos suyos. Consiga un aspecto cohesionado y de alta gama que le parecer\u00e1 individual y h\u00e1bilmente elaborado. Pida su juego de\u00a0<strong>Costes Indicadores hexagonales de pol\u00edmeros\u00a0<\/strong>hoy y crear un ambiente de belleza pura e inolvidable.<\/p>","protected":false},"excerpt":{"rendered":"<p class=\"ng-star-inserted\"><span class=\"ng-star-inserted\">Eleva la categor\u00eda de tu evento con estos elegantes carteles hexagonales acr\u00edlicos. Perfectos como elegantes tarjetas de mesa o modernos n\u00fameros de mesa, su dise\u00f1o cristalino a\u00f1ade un toque sofisticado y minimalista a la decoraci\u00f3n de cualquier boda o fiesta. Una opci\u00f3n bonita y reutilizable para guiar a tus invitados con estilo.<\/span><\/p>","protected":false},"featured_media":1511,"template":"","meta":{"_kad_post_transparent":"default","_kad_post_title":"","_kad_post_layout":"default","_kad_post_sidebar_id":"","_kad_post_content_style":"default","_kad_post_vertical_padding":"default","_kad_post_feature":"","_kad_post_feature_position":"","_kad_post_header":false,"_kad_post_footer":false,"_kad_post_classname":""},"product_brand":[],"product_cat":[18],"product_tag":[51],"class_list":{"0":"post-1510","1":"product","2":"type-product","3":"status-publish","4":"has-post-thumbnail","6":"product_cat-custom-acrylic-signs","7":"product_tag-custom-acrylic-signs","9":"first","10":"instock","11":"shipping-taxable","12":"product-type-simple","13":"entry","14":"content-bg","15":"loop-entry"},"_links":{"self":[{"href":"https:\/\/customacrylicproduct.com\/es\/wp-json\/wp\/v2\/product\/1510","targetHints":{"allow":["GET"]}}],"collection":[{"href":"https:\/\/customacrylicproduct.com\/es\/wp-json\/wp\/v2\/product"}],"about":[{"href":"https:\/\/customacrylicproduct.com\/es\/wp-json\/wp\/v2\/types\/product"}],"wp:featuredmedia":[{"embeddable":true,"href":"https:\/\/customacrylicproduct.com\/es\/wp-json\/wp\/v2\/media\/1511"}],"wp:attachment":[{"href":"https:\/\/customacrylicproduct.com\/es\/wp-json\/wp\/v2\/media?parent=1510"}],"wp:term":[{"taxonomy":"product_brand","embeddable":true,"href":"https:\/\/customacrylicproduct.com\/es\/wp-json\/wp\/v2\/product_brand?post=1510"},{"taxonomy":"product_cat","embeddable":true,"href":"https:\/\/customacrylicproduct.com\/es\/wp-json\/wp\/v2\/product_cat?post=1510"},{"taxonomy":"product_tag","embeddable":true,"href":"https:\/\/customacrylicproduct.com\/es\/wp-json\/wp\/v2\/product_tag?post=1510"}],"curies":[{"name":"wp","href":"https:\/\/api.w.org\/{rel}","templated":true}]}}