{"id":1519,"date":"2025-07-22T02:10:17","date_gmt":"2025-07-22T02:10:17","guid":{"rendered":"https:\/\/customacrylicproduct.com\/?post_type=product&#038;p=1519"},"modified":"2025-07-22T02:10:17","modified_gmt":"2025-07-22T02:10:17","slug":"simplicity-custom-clear-acrylic-digital-photo-frame-standing","status":"publish","type":"product","link":"https:\/\/customacrylicproduct.com\/es\/simplicity-custom-clear-acrylic-digital-photo-frame-standing\/","title":{"rendered":"Marco digital acr\u00edlico transparente personalizado Simplicity de pie"},"content":{"rendered":"<h3 id=\"-showcase-your-memories-in-flawless-clearness-the-simpleness-personalized-clear-polymer-image-framework-\"><strong>Muestre sus recuerdos con una nitidez impecable: El marco de pol\u00edmero transparente personalizado Simpleness<\/strong><\/h3>\n<p>En un mundo saturado de im\u00e1genes electr\u00f3nicas, donde nuestros minutos m\u00e1s preciados se limitan con frecuencia al resplandor a corto plazo de una pantalla, hay un poder extenso y perdurable en dar vida a una foto en el mundo real. Una foto publicada es un v\u00ednculo sustancial con un recuerdo, una historia congelada en el tiempo. Sin embargo, \u00bfc\u00f3mo mostrar estos preciosos minutos sin desviarse de su encanto? \u00bfC\u00f3mo reconocer un recuerdo de un modo que sea a la vez moderno e intemporal?<\/p>\n<p>Presentaci\u00f3n de la\u00a0<strong>Simplicidad Marco de pol\u00edmero transparente a medida\u00a0<\/strong>- una clase magistral de dise\u00f1o minimalista y el expositor definitivo para sus fotograf\u00edas, obras de arte y premios m\u00e1s preciados. Esto es m\u00e1s que un simple marco; es un escenario cristalino que eleva sus recuerdos, permiti\u00e9ndoles resplandecer con un brillo inigualable y acaparar la atenci\u00f3n en cualquier entorno. Olv\u00eddese de los bordes voluminosos y adornados que compiten por el centro de atenci\u00f3n. Nuestro marco acr\u00edlico est\u00e1 dise\u00f1ado con un concepto en mente: hacer que su foto sea la protagonista.<\/p>\n<p><img fetchpriority=\"high\" decoding=\"async\" class=\"size-full wp-image-1522\" src=\"https:\/\/customacrylicproduct.com\/wp-content\/uploads\/2025\/07\/Custom-Clear-Acrylic-Digital-Photo-Frame-3.jpg\" alt=\"Marco digital acr\u00edlico transparente personalizado (3)\" width=\"800\" height=\"800\" srcset=\"https:\/\/customacrylicproduct.com\/wp-content\/uploads\/2025\/07\/Custom-Clear-Acrylic-Digital-Photo-Frame-3.jpg 800w, https:\/\/customacrylicproduct.com\/wp-content\/uploads\/2025\/07\/Custom-Clear-Acrylic-Digital-Photo-Frame-3-300x300.jpg 300w, https:\/\/customacrylicproduct.com\/wp-content\/uploads\/2025\/07\/Custom-Clear-Acrylic-Digital-Photo-Frame-3-150x150.jpg 150w, https:\/\/customacrylicproduct.com\/wp-content\/uploads\/2025\/07\/Custom-Clear-Acrylic-Digital-Photo-Frame-3-768x768.jpg 768w, https:\/\/customacrylicproduct.com\/wp-content\/uploads\/2025\/07\/Custom-Clear-Acrylic-Digital-Photo-Frame-3-600x600.jpg 600w, https:\/\/customacrylicproduct.com\/wp-content\/uploads\/2025\/07\/Custom-Clear-Acrylic-Digital-Photo-Frame-3-100x100.jpg 100w\" sizes=\"(max-width: 800px) 100vw, 800px\" \/><\/p>\n<p><strong>La pureza del dise\u00f1o: Una ventana dom\u00e9stica a su globo<\/strong><\/p>\n<p>Nuestro marco est\u00e1 fabricado con 2 gruesos paneles de acr\u00edlico cristalino de primera calidad que intercalan su foto o archivo. Este ingenioso estilo sin marco produce un sensacional impacto \u201cflotante\u201d, que hace que su foto parezca suspendida en el aire. La luz se refracta maravillosamente a trav\u00e9s de los lados pulidos, incluyendo un refinado resplandor luminiscente que atrae la mirada directamente al coraz\u00f3n de la pantalla: su memoria.<\/p>\n<p>La construcci\u00f3n es una maravilla de ingenier\u00eda sofisticada. Los dos paneles se sujetan entre s\u00ed de forma segura mediante postes met\u00e1licos de primera calidad, que forman parte tanto de la est\u00e9tica como de la funcionalidad. Estos refinados detalles de acero, disponibles en varios recubrimientos, a\u00f1aden un toque de elegancia industrial. La instalaci\u00f3n es muy sencilla: basta con desenroscar los postes, colocar la imagen entre los paneles y volver a fijarlos. No hay pesta\u00f1as met\u00e1licas que doblar ni riesgo de estropear el cristal. Cambiar las fotos es un procedimiento sencillo y agradable que se realiza en cuesti\u00f3n de segundos, lo que le permitir\u00e1 mantener su exposici\u00f3n fresca y actual.<\/p>\n<p><img decoding=\"async\" class=\"wp-image-1523 size-large aligncenter\" src=\"https:\/\/customacrylicproduct.com\/wp-content\/uploads\/2025\/07\/Custom-Clear-Acrylic-Digital-Photo-Frame-4-1024x1024.jpg\" alt=\"Marco digital acr\u00edlico transparente personalizado (4)\" width=\"1024\" height=\"1024\" srcset=\"https:\/\/customacrylicproduct.com\/wp-content\/uploads\/2025\/07\/Custom-Clear-Acrylic-Digital-Photo-Frame-4-1024x1024.jpg 1024w, https:\/\/customacrylicproduct.com\/wp-content\/uploads\/2025\/07\/Custom-Clear-Acrylic-Digital-Photo-Frame-4-300x300.jpg 300w, https:\/\/customacrylicproduct.com\/wp-content\/uploads\/2025\/07\/Custom-Clear-Acrylic-Digital-Photo-Frame-4-150x150.jpg 150w, https:\/\/customacrylicproduct.com\/wp-content\/uploads\/2025\/07\/Custom-Clear-Acrylic-Digital-Photo-Frame-4-768x768.jpg 768w, https:\/\/customacrylicproduct.com\/wp-content\/uploads\/2025\/07\/Custom-Clear-Acrylic-Digital-Photo-Frame-4-1536x1536.jpg 1536w, https:\/\/customacrylicproduct.com\/wp-content\/uploads\/2025\/07\/Custom-Clear-Acrylic-Digital-Photo-Frame-4-600x600.jpg 600w, https:\/\/customacrylicproduct.com\/wp-content\/uploads\/2025\/07\/Custom-Clear-Acrylic-Digital-Photo-Frame-4-100x100.jpg 100w, https:\/\/customacrylicproduct.com\/wp-content\/uploads\/2025\/07\/Custom-Clear-Acrylic-Digital-Photo-Frame-4.jpg 1920w\" sizes=\"(max-width: 1024px) 100vw, 1024px\" \/><\/p>\n<p><strong>Claridad sin igual y resistencia a largo plazo<\/strong><\/p>\n<p>Utilizamos s\u00f3lo lo mejor, acr\u00edlico fundido, popular por su claridad \u00f3ptica superior a la altura del cristal m\u00e1s bello, pero sin la fragilidad. A diferencia del acr\u00edlico m\u00e1s barato, nuestros paneles son inmunes al amarilleamiento gradual, lo que garantiza que su pantalla siga siendo tan clara y din\u00e1mica como el primer d\u00eda que la instal\u00f3. Adem\u00e1s, el acr\u00edlico ofrece una capa natural de protecci\u00f3n contra los rayos UV, que ayuda a proteger sus valiosas fotos de la decoloraci\u00f3n causada por el sol, conservando sus tonos y detalles durante muchos a\u00f1os.<\/p>\n<p>El considerable grosor de los paneles proporciona a la estructura un peso gratificante y una sensaci\u00f3n de primera calidad. Se sostiene con seguridad por s\u00ed mismo, tanto en vertical como en horizontal, gracias a las patas separadoras inteligentemente creadas. Esta comodidad permite mostrar fotos tanto en vertical como en horizontal con un simple giro, lo que lo hace adaptable a cualquier tipo de foto o zona.<\/p>\n<p><img decoding=\"async\" class=\"size-full wp-image-1521\" src=\"https:\/\/customacrylicproduct.com\/wp-content\/uploads\/2025\/07\/Custom-Clear-Acrylic-Digital-Photo-Frame-2.jpg\" alt=\"Marco digital acr\u00edlico transparente personalizado (2)\" width=\"800\" height=\"800\" srcset=\"https:\/\/customacrylicproduct.com\/wp-content\/uploads\/2025\/07\/Custom-Clear-Acrylic-Digital-Photo-Frame-2.jpg 800w, https:\/\/customacrylicproduct.com\/wp-content\/uploads\/2025\/07\/Custom-Clear-Acrylic-Digital-Photo-Frame-2-300x300.jpg 300w, https:\/\/customacrylicproduct.com\/wp-content\/uploads\/2025\/07\/Custom-Clear-Acrylic-Digital-Photo-Frame-2-150x150.jpg 150w, https:\/\/customacrylicproduct.com\/wp-content\/uploads\/2025\/07\/Custom-Clear-Acrylic-Digital-Photo-Frame-2-768x768.jpg 768w, https:\/\/customacrylicproduct.com\/wp-content\/uploads\/2025\/07\/Custom-Clear-Acrylic-Digital-Photo-Frame-2-600x600.jpg 600w, https:\/\/customacrylicproduct.com\/wp-content\/uploads\/2025\/07\/Custom-Clear-Acrylic-Digital-Photo-Frame-2-100x100.jpg 100w\" sizes=\"(max-width: 800px) 100vw, 800px\" \/><\/p>\n<p><strong>Un lienzo para cada cuento<\/strong><\/p>\n<p>La verdadera elegancia de Simpleness Polymer Framework reside en su incre\u00edble comodidad. Es un lienzo en blanco a la espera de su cuento.<\/p>\n<ul>\n<li><strong>Fotograf\u00edas:\u00a0<\/strong>Desde retratos familiares especializados y sensacionales fotos de paisajes hasta instant\u00e1neas espont\u00e1neas de su dispositivo inteligente, este marco proporciona a cada foto una discusi\u00f3n con calidad de galer\u00eda. La claridad realza cada detalle, haciendo que los colores resalten y que las fotos en blanco y negro parezcan ricas y profundas.<\/li>\n<li><strong>Obras de arte e ilustraciones:\u00a0<\/strong>Exhiba la primera obra maestra de su hijo, una postal favorita o un cuadro caprichoso (como el cautivador pato que se ve en la imagen). El dise\u00f1o sin marco valora la integridad de la obra de arte, present\u00e1ndola totalmente sin recortar ni ocultar ning\u00fan tipo de componente de la creaci\u00f3n.<\/li>\n<li><strong>Certificados y premios:\u00a0<\/strong>Ofrezca a sus logros, conseguidos con tanto esfuerzo, el reconocimiento que se merecen. Ya se trate de un t\u00edtulo universitario, una acreditaci\u00f3n de especialista o un premio corporativo, este marco lo dota de estilo moderno y autoridad, por lo que es un complemento ideal para cualquier tipo de hogar o lugar de trabajo empresarial.<\/li>\n<li><strong>Recuerdos:\u00a0<\/strong>No deje que sus recuerdos acumulen polvo en una caja. Utilice el marco para mostrar otros premios planos: el tal\u00f3n de una entrada de un espect\u00e1culo que cambi\u00f3 su vida, una flor prensada de un ramo de novia, una nota transcrita de un ser querido. Los paneles acr\u00edlicos protegen estos fr\u00e1giles productos a la vez que los mantienen perfectamente en pantalla.<\/li>\n<\/ul>\n<p><strong>F\u00e1cil asimilaci\u00f3n en cualquier tipo de decoraci\u00f3n<\/strong><\/p>\n<p>El visual minimalista de la Estructura Acr\u00edlica Simpleness garantiza que realce cualquier tipo de estilo de decoraci\u00f3n interior.<\/p>\n<ul>\n<li><strong>En el hogar moderno:\u00a0<\/strong>Sus l\u00edneas depuradas y su naturaleza clara combinan a la perfecci\u00f3n con el dise\u00f1o moderno, escandinavo o comercial. Col\u00f3quelo sobre una repisa de chimenea minimalista, un escritorio de oficina liso o una mesilla de noche para darle un toque de discreta elegancia.<\/li>\n<li><strong>En la sala convencional:\u00a0<\/strong>El marco ofrece un contrapunto refrescante y contempor\u00e1neo en escenarios mucho m\u00e1s convencionales. Al hacer \u201cflotar\u201d la imagen, evita el desorden est\u00e9tico que puede acompa\u00f1ar a las estructuras cl\u00e1sicas y pesadas, permitiendo que la imagen se tome un respiro.<\/li>\n<li><strong>En el lugar de trabajo experto:\u00a0<\/strong>Proyecte una imagen de rendimiento y dise\u00f1o modernos. Util\u00edcelo para presentar los valores de la empresa, im\u00e1genes de grupo u honores. Su dise\u00f1o limpio y discreto mantiene un ambiente experto a la vez que a\u00f1ade un toque personal.<\/li>\n<\/ul>\n<p><strong>El regalo perfecto, personalizado y atento\u00a0<\/strong>.<\/p>\n<p>\u00bfBusca un regalo que sea a la vez personal y atractivo en general? No busque m\u00e1s. El marco acr\u00edlico Simplicity es una opci\u00f3n fenomenal para cualquier tipo de ocasi\u00f3n: celebraciones de boda, aniversarios, graduaciones, cumplea\u00f1os, el D\u00eda de la Madre o como regalo de inauguraci\u00f3n. C\u00e1rguelo previamente con una foto significativa para un movimiento verdaderamente genuino. Es un regalo que menciona consideraci\u00f3n y un reconocimiento tanto para la memoria como para el dise\u00f1o.<\/p>\n<p><strong>De lo digital al espect\u00e1culo: Unir sus mundos<\/strong><\/p>\n<p>Aunque nuestro art\u00edculo es un marco f\u00edsico, en esp\u00edritu lo llamamos \u201cEstructura de Imagen Digital\u201d. Es el destino perfecto para las numerosas y magn\u00edficas im\u00e1genes capturadas por nuestras c\u00e1maras electr\u00f3nicas y dispositivos inteligentes. Ofrece el puente adecuado, tomando sus minutos digitales ideales y transform\u00e1ndolos directamente en arte f\u00edsico a largo plazo para su hogar u oficina. Te motiva a conservar tu vida, a elegir esas im\u00e1genes concretas que especifican un momento y proporcionan un lugar de honor.<\/p>\n<p>Deja de pasar y empieza a mostrar. Libere sus recuerdos de los l\u00edmites de su unidad de disco. Deja que las risas de unas vacaciones en casa, el romanticismo de un d\u00eda especial o el orgullo de un logro carguen tu \u00e1rea.<\/p>\n<p>Pida su\u00a0<strong>Simplicidad Personalizado Acr\u00edlico Transparente Foto Estructura\u00a0<\/strong>hoy mismo, y ofrezca a sus historias el gran y atractivo escaparate al que absolutamente tienen derecho.<\/p>","protected":false},"excerpt":{"rendered":"<p class=\"ng-star-inserted\"><span class=\"ng-star-inserted\">Exhiba sus recuerdos con moderna sencillez. Nuestro marco de pie de acr\u00edlico transparente proporciona a las fotos y certificados un impresionante efecto \u201cflotante\u201d. El dise\u00f1o de doble panel sin marco es perfecto para cualquier escritorio o estanter\u00eda.<\/span><\/p>","protected":false},"featured_media":1522,"template":"","meta":{"_kad_post_transparent":"default","_kad_post_title":"","_kad_post_layout":"default","_kad_post_sidebar_id":"","_kad_post_content_style":"default","_kad_post_vertical_padding":"default","_kad_post_feature":"","_kad_post_feature_position":"","_kad_post_header":false,"_kad_post_footer":false,"_kad_post_classname":""},"product_brand":[],"product_cat":[20],"product_tag":[65],"class_list":{"0":"post-1519","1":"product","2":"type-product","3":"status-publish","4":"has-post-thumbnail","6":"product_cat-custom-acrylic-crafts","7":"product_tag-custom-acrylic-crafts","9":"first","10":"instock","11":"shipping-taxable","12":"product-type-simple","13":"entry","14":"content-bg","15":"loop-entry"},"_links":{"self":[{"href":"https:\/\/customacrylicproduct.com\/es\/wp-json\/wp\/v2\/product\/1519","targetHints":{"allow":["GET"]}}],"collection":[{"href":"https:\/\/customacrylicproduct.com\/es\/wp-json\/wp\/v2\/product"}],"about":[{"href":"https:\/\/customacrylicproduct.com\/es\/wp-json\/wp\/v2\/types\/product"}],"wp:featuredmedia":[{"embeddable":true,"href":"https:\/\/customacrylicproduct.com\/es\/wp-json\/wp\/v2\/media\/1522"}],"wp:attachment":[{"href":"https:\/\/customacrylicproduct.com\/es\/wp-json\/wp\/v2\/media?parent=1519"}],"wp:term":[{"taxonomy":"product_brand","embeddable":true,"href":"https:\/\/customacrylicproduct.com\/es\/wp-json\/wp\/v2\/product_brand?post=1519"},{"taxonomy":"product_cat","embeddable":true,"href":"https:\/\/customacrylicproduct.com\/es\/wp-json\/wp\/v2\/product_cat?post=1519"},{"taxonomy":"product_tag","embeddable":true,"href":"https:\/\/customacrylicproduct.com\/es\/wp-json\/wp\/v2\/product_tag?post=1519"}],"curies":[{"name":"wp","href":"https:\/\/api.w.org\/{rel}","templated":true}]}}