{"id":1524,"date":"2025-07-22T02:24:38","date_gmt":"2025-07-22T02:24:38","guid":{"rendered":"https:\/\/customacrylicproduct.com\/?post_type=product&#038;p=1524"},"modified":"2025-07-22T02:24:38","modified_gmt":"2025-07-22T02:24:38","slug":"customized-acrylic-logo-signs-handy-gadget-for-work","status":"publish","type":"product","link":"https:\/\/customacrylicproduct.com\/es\/customized-acrylic-logo-signs-handy-gadget-for-work\/","title":{"rendered":"Se\u00f1ales acr\u00edlicas personalizadas con logotipo Pr\u00e1ctico artilugio para el trabajo"},"content":{"rendered":"<h3 id=\"-elevate-your-workspace-with-our-premium-custom-made-polymer-indications-the-ultimate-fusion-of-clarity-longevity-and-professionalism-and-trust-\"><strong>Eleve su espacio de trabajo con nuestras indicaciones de pol\u00edmero de primera calidad hechas a medida: La fusi\u00f3n definitiva de claridad, longevidad y profesionalidad y confianza<\/strong><\/h3>\n<p>En cualquier tipo de entorno especializado, ya sea una planta de producci\u00f3n sofisticada, un lugar de trabajo corporativo din\u00e1mico o un laboratorio de vanguardia, una comunicaci\u00f3n clara no es s\u00f3lo una comodidad; es la base de la seguridad, la eficacia y la identidad de marca. Los indicadores de papel ligero se desti\u00f1en y rompen, las etiquetas improvisadas se despegan y desconciertan, y la ausencia de una direcci\u00f3n clara puede dar lugar a errores costosos o, peor a\u00fan, a riesgos para la seguridad. Es hora de cambiar lo moment\u00e1neo por lo duradero, lo incierto por lo firme.<\/p>\n<p>Presentamos nuestro\u00a0<strong>Logotipos acr\u00edlicos personalizados\u00a0<\/strong>, el pr\u00e1ctico artilugio esencial para cualquier oficina moderna. Fabricados cuidadosamente con acr\u00edlico de \u00faltima generaci\u00f3n, estos r\u00f3tulos est\u00e1n dise\u00f1ados para proporcionar detalles importantes con una claridad inigualable y un dise\u00f1o duradero. Son m\u00e1s que simples r\u00f3tulos; son una declaraci\u00f3n de su compromiso con la m\u00e1xima calidad, la seguridad y la calidad operativa.<\/p>\n<p><img fetchpriority=\"high\" decoding=\"async\" class=\"size-full wp-image-1525\" src=\"https:\/\/customacrylicproduct.com\/wp-content\/uploads\/2025\/07\/Customized-Acrylic-Logo-Signs-1.jpg\" alt=\"Logotipos acr\u00edlicos personalizados (1)\" width=\"800\" height=\"800\" srcset=\"https:\/\/customacrylicproduct.com\/wp-content\/uploads\/2025\/07\/Customized-Acrylic-Logo-Signs-1.jpg 800w, https:\/\/customacrylicproduct.com\/wp-content\/uploads\/2025\/07\/Customized-Acrylic-Logo-Signs-1-300x300.jpg 300w, https:\/\/customacrylicproduct.com\/wp-content\/uploads\/2025\/07\/Customized-Acrylic-Logo-Signs-1-150x150.jpg 150w, https:\/\/customacrylicproduct.com\/wp-content\/uploads\/2025\/07\/Customized-Acrylic-Logo-Signs-1-768x768.jpg 768w, https:\/\/customacrylicproduct.com\/wp-content\/uploads\/2025\/07\/Customized-Acrylic-Logo-Signs-1-600x600.jpg 600w, https:\/\/customacrylicproduct.com\/wp-content\/uploads\/2025\/07\/Customized-Acrylic-Logo-Signs-1-100x100.jpg 100w\" sizes=\"(max-width: 800px) 100vw, 800px\" \/><\/p>\n<h4 id=\"-unparalleled-high-quality-and-durability-built-to-last-\"><strong>Alta calidad y durabilidad sin igual: Construido para durar<\/strong><\/h4>\n<p>El n\u00facleo de nuestras indicaciones es el material acr\u00edlico de costes. A diferencia del vidrio, el pol\u00edmero es resistente a las roturas y ligero, lo que lo convierte en una opci\u00f3n mucho m\u00e1s segura y \u00fatil para zonas muy transitadas. A diferencia del pl\u00e1stico barato, soporta el amarilleamiento con el tiempo, garantizando que sus se\u00f1ales permanezcan n\u00edtidas y claras durante muchos a\u00f1os.<\/p>\n<p>Nuestro procedimiento de fabricaci\u00f3n emplea un sofisticado m\u00e9todo de impresi\u00f3n inversa. El mensaje y los gr\u00e1ficos se publican en el reverso del panel acr\u00edlico transparente, bajo la superficie. Esta innovadora t\u00e9cnica proporciona una doble capa de seguridad:.<\/p>\n<ol>\n<li><strong>Brillante, Acabado Experto:\u00a0<\/strong>La superficie frontal queda completamente lisa y brillante, lo que confiere al intermitente un aspecto suave y de gama alta que realza r\u00e1pidamente su entorno.<\/li>\n<li><strong>M\u00e1xima seguridad:\u00a0<\/strong>Los detalles impresos est\u00e1n protegidos de ara\u00f1azos, rozaduras, productos qu\u00edmicos y representantes de limpieza. Sus precauciones vitales y etiquetas no se decoloran, chip, o deteriorarse, incluso en uno de los entornos comerciales m\u00e1s exigentes.<\/li>\n<\/ol>\n<p>Como se ve en las im\u00e1genes, estos indicadores est\u00e1n fabricados para resistir la rudeza de la oficina, lo que los convierte en una inversi\u00f3n financiera inteligente y a largo plazo.<\/p>\n<p><img decoding=\"async\" class=\"size-full wp-image-1527\" src=\"https:\/\/customacrylicproduct.com\/wp-content\/uploads\/2025\/07\/Customized-Acrylic-Logo-Signs-3.jpg\" alt=\"Logotipos acr\u00edlicos personalizados (3)\" width=\"800\" height=\"800\" srcset=\"https:\/\/customacrylicproduct.com\/wp-content\/uploads\/2025\/07\/Customized-Acrylic-Logo-Signs-3.jpg 800w, https:\/\/customacrylicproduct.com\/wp-content\/uploads\/2025\/07\/Customized-Acrylic-Logo-Signs-3-300x300.jpg 300w, https:\/\/customacrylicproduct.com\/wp-content\/uploads\/2025\/07\/Customized-Acrylic-Logo-Signs-3-150x150.jpg 150w, https:\/\/customacrylicproduct.com\/wp-content\/uploads\/2025\/07\/Customized-Acrylic-Logo-Signs-3-768x768.jpg 768w, https:\/\/customacrylicproduct.com\/wp-content\/uploads\/2025\/07\/Customized-Acrylic-Logo-Signs-3-600x600.jpg 600w, https:\/\/customacrylicproduct.com\/wp-content\/uploads\/2025\/07\/Customized-Acrylic-Logo-Signs-3-100x100.jpg 100w\" sizes=\"(max-width: 800px) 100vw, 800px\" \/><\/p>\n<h4 id=\"-crystal-clear-interaction-information-at-a-glance-\"><strong>Interacci\u00f3n cristalina: Informaci\u00f3n de un vistazo<\/strong><\/h4>\n<p>La principal caracter\u00edstica de cualquier tipo de indicaci\u00f3n es comunicar, y las nuestras lo consiguen. Utilizamos textos fuertes y de alto contraste -generalmente rojo vivo o negro intenso sobre un fondo blanco limpio- para garantizar una legibilidad \u00f3ptima. Este concepto de estilo es esencial para:.<\/p>\n<ul>\n<li><strong>Precauciones de seguridad:\u00a0<\/strong>El indicador \u201c\u7981\u6b62\u5408\u95f8 \u6709\u4eba\u5de5\u4f5c\u201d (J\u00ecnzh\u01d0 H\u00e9zh\u00e1, Y\u01d2ur\u00e9n G\u014dngzu\u00f2), que se convierte en\u00a0<strong>\u201d No cierre el interruptor, una persona est\u00e1 funcionando,\u201d\u00a0<\/strong>es un buen ejemplo. En una situaci\u00f3n de mantenimiento el\u00e9ctrico, las fuertes letras rojas son una se\u00f1al de parada ineludible, que protege contra tr\u00e1gicos percances. Su claridad puede ser literalmente un salvavidas.<\/li>\n<li><strong>Identificaci\u00f3n del peligro:\u00a0<\/strong>El signo \u201c\u6b62\u6b65 \u9ad8\u6b65\u5371\u9669\u201d (Zh\u01d0b\u00f9, G\u0101ob\u00f9 W\u00e9ixi\u01cen), que significa\u00a0<strong>\u201d Renuncia, alto riesgo de acci\u00f3n\u201d\u00a0<\/strong>o\u00a0<strong>\u201d Riesgo, Zona Alta, No Continuar,\u201d\u00a0<\/strong>proporciona una advertencia instant\u00e1nea y clara sobre un peligro f\u00edsico, salvaguardando al personal y a los visitantes del lugar de desplazamientos y ca\u00eddas.<\/li>\n<li><strong>Etiquetado de equipos:\u00a0<\/strong>El indicador \u201c\u51b7\u5242\u538b\u7f29\u673a\u542f\u52a8\u67dc 921\u201d (L\u011bngj\u00ec Y\u0101su\u014d J\u012b Q\u01d0d\u00f2ng Gu\u00ec 921), o bien\u00a0<strong>\u201d Compresor frigor\u00edfico Armario para principiantes 921,\u201d\u00a0<\/strong>demuestra una energ\u00eda ideal. Permite la identificaci\u00f3n r\u00e1pida y precisa de equipos cr\u00edticos, conservando un tiempo importante durante los procedimientos, ex\u00e1menes y mantenimiento en situaciones de emergencia.<\/li>\n<\/ul>\n<p>Con nuestros r\u00f3tulos, no hay lugar para falsas impresiones. El mensaje se transmite de inmediato y con \u00e9xito.<\/p>\n<p><img decoding=\"async\" class=\"size-full wp-image-1526\" src=\"https:\/\/customacrylicproduct.com\/wp-content\/uploads\/2025\/07\/Customized-Acrylic-Logo-Signs-2.jpg\" alt=\"Logotipos acr\u00edlicos personalizados (2)\" width=\"800\" height=\"800\" srcset=\"https:\/\/customacrylicproduct.com\/wp-content\/uploads\/2025\/07\/Customized-Acrylic-Logo-Signs-2.jpg 800w, https:\/\/customacrylicproduct.com\/wp-content\/uploads\/2025\/07\/Customized-Acrylic-Logo-Signs-2-300x300.jpg 300w, https:\/\/customacrylicproduct.com\/wp-content\/uploads\/2025\/07\/Customized-Acrylic-Logo-Signs-2-150x150.jpg 150w, https:\/\/customacrylicproduct.com\/wp-content\/uploads\/2025\/07\/Customized-Acrylic-Logo-Signs-2-768x768.jpg 768w, https:\/\/customacrylicproduct.com\/wp-content\/uploads\/2025\/07\/Customized-Acrylic-Logo-Signs-2-600x600.jpg 600w, https:\/\/customacrylicproduct.com\/wp-content\/uploads\/2025\/07\/Customized-Acrylic-Logo-Signs-2-100x100.jpg 100w\" sizes=\"(max-width: 800px) 100vw, 800px\" \/><\/p>\n<h4 id=\"-totally-customizable-to-your-specific-specifications-\"><strong>Totalmente personalizable seg\u00fan sus especificaciones concretas<\/strong><\/h4>\n<p>Su servicio es \u00fanico y sus r\u00f3tulos deben reflejarlo. Le ofrecemos una experiencia completamente ajustable, que le permite crear el r\u00f3tulo perfecto para cualquier objetivo. Usted gestiona todos los aspectos del dise\u00f1o:.<\/p>\n<ul>\n<li><strong>Texto y material:\u00a0<\/strong>Desde indicaciones de seguridad y etiquetas de dispositivos hasta detalles de direcci\u00f3n y nombres de empleados, podemos publicar cualquier tipo de mensaje que nos pida, en cualquier idioma.<\/li>\n<li><strong>Marcas y gr\u00e1ficos:\u00a0<\/strong>Mejore la identidad de su marca integrando el dise\u00f1o del logotipo de su empresa, iconos personalizados o s\u00edmbolos particulares del mercado.<\/li>\n<li><strong>Colores y fuentes:\u00a0<\/strong>Aunque nuestro requisito es el rojo o el negro de alto contraste, podemos adaptarnos a la paleta de colores de su marca. Elija entre una amplia gama de fuentes especializadas que se adapten al dise\u00f1o de su empresa.<\/li>\n<li><strong>Formas y tama\u00f1o:\u00a0<\/strong>Podemos generar r\u00f3tulos de diversas formas y tama\u00f1os, desde peque\u00f1as etiquetas para herramientas hasta paneles direccionales de gran formato. Los formatos rectangular y cuadrado que reciben las im\u00e1genes destacan por su aspecto limpio y moderno.<\/li>\n<li><strong>Numeraci\u00f3n y codificaci\u00f3n:\u00a0<\/strong>Integre su centro con numeraci\u00f3n consecutiva, c\u00f3digos QR o c\u00f3digos de barras para la supervisi\u00f3n y el control de la propiedad.<\/li>\n<\/ul>\n<h4 id=\"-versatile-and-effortless-installment-\"><strong>Instalaci\u00f3n vers\u00e1til y sin esfuerzo<\/strong><\/h4>\n<p>Comprendemos que las distintas superficies y aplicaciones necesitan diferentes soluciones de montaje. Por eso ofrecemos 2 opciones pr\u00e1cticas:.<\/p>\n<ol>\n<li><strong>Orificios pretaladrados para un montaje seguro:\u00a0<\/strong>Para una instalaci\u00f3n duradera y robusta, especialmente en equipos, superficies murales o accesorios exteriores, nuestras indicaciones pueden incluir aberturas taladradas con precisi\u00f3n en cada esquina. Esto permite un montaje muy sencillo con tornillos, tuercas o remaches, asegurando que la indicaci\u00f3n permanezca firmemente en su sitio.<\/li>\n<li><strong>Soporte adhesivo 3M de alta resistencia:\u00a0<\/strong>Para obtener un aspecto limpio y liso sin taladrar, seleccione nuestro soporte de pegamento 3M de cobertura total. Como se muestra en la imagen detallada, no se trata s\u00f3lo de un par de tiras de cinta adhesiva; es una eficaz hoja de pegamento de calidad industrial que cubre toda la parte posterior del indicador. Basta con despegar y pegar para obtener una uni\u00f3n s\u00f3lida y duradera en superficies lisas como puertas, cristal, madera acabada y armarios met\u00e1licos. Se trata de un servicio excelente para lugares de trabajo, laboratorios y cualquier tipo de zona en la que desee evitar da\u00f1ar la superficie de la pared.<\/li>\n<\/ol>\n<h4 id=\"-applications-across-every-sector-\"><strong>Aplicaciones en todos los sectores<\/strong><\/h4>\n<p>La flexibilidad de nuestros indicadores polim\u00e9ricos a medida los convierte en un dispositivo esencial para pr\u00e1cticamente cualquier tipo de mercado:.<\/p>\n<ul>\n<li><strong>Fabricaci\u00f3n e industria:\u00a0<\/strong>Etiquete los paneles de control, determine la maquinaria, coloque las precauciones de bloqueo\/etiquetado (LOTO) y marque las ubicaciones de los espacios de almacenamiento de materiales peligrosos.<\/li>\n<li><strong>Oficinas comerciales:\u00a0<\/strong>Produzca placas de identificaci\u00f3n profesionales para las puertas, rotule las salas de reuniones, proporcione se\u00f1ales para los aseos y presente el dise\u00f1o del logotipo de su empresa en el lugar de la funci\u00f3n.<\/li>\n<li><strong>Almacenes y log\u00edstica:\u00a0<\/strong>Marque pasillos y zonas, proporcione directrices en los anclajes de carga y etiquete los sistemas de estanter\u00edas para una gesti\u00f3n eficaz de los suministros.<\/li>\n<li><strong>Atenci\u00f3n m\u00e9dica y laboratorios:\u00a0<\/strong>Art\u00edculo m\u00e9todos de higiene, etiquetar herramientas delicadas, determinar lugares restringidos y mostrar advertencias de peligro biol\u00f3gico con claridad y profesionalidad y fiabilidad.<\/li>\n<li><strong>Venta al por menor y amabilidad:\u00a0<\/strong>Destaque a los clientes con indicaciones direccionales, designe ubicaciones \u201cS\u00f3lo para personal\u201d y presente los detalles de forma ordenada y con su marca.<\/li>\n<li><strong>Instituciones educativas:\u00a0<\/strong>Etiquete las aulas, los lugares de trabajo y los laboratorios, y proporcione directrices claras de seguridad y protecci\u00f3n en talleres y centros de investigaci\u00f3n cient\u00edfica.<\/li>\n<\/ul>\n<p><strong>Compre Claridad. Compre Seguridad. Compre Su Marca.<\/strong><\/p>\n<p>Nuestros indicadores personalizados con dise\u00f1o de logotipo en pol\u00edmero son algo m\u00e1s que un simple elemento de pl\u00e1stico; son un componente fundamental de un \u00e1rea de trabajo eficaz, sin riesgos y de aspecto profesional. Son el \u201cartilugio pr\u00e1ctico\u201d que trabaja silenciosamente en segundo plano, evitando confusiones, mejorando la seguridad y reforzando los est\u00e1ndares de su organizaci\u00f3n cada d\u00eda.<\/p>\n<p>Deje de optar por soluciones ef\u00edmeras. P\u00f3ngase al d\u00eda con un sistema de comunicaci\u00f3n tan resistente y profesional como su empresa. Ll\u00e1menos hoy mismo para hablar de sus necesidades de se\u00f1alizaci\u00f3n a medida y recibir un presupuesto. Perm\u00edtanos ayudarle a desarrollar la se\u00f1alizaci\u00f3n ideal para informar, proteger y emocionar.<\/p>","protected":false},"excerpt":{"rendered":"<p class=\"ng-star-inserted\"><span class=\"ng-star-inserted\">Cree se\u00f1ales acr\u00edlicas personalizadas profesionales para su lugar de trabajo. Perfectas para advertencias de seguridad, identificaci\u00f3n de equipos y logotipos. Estas duraderas se\u00f1ales son resistentes a la intemperie y f\u00e1ciles de instalar con un fuerte adhesivo o con orificios en las esquinas. Garantice la claridad y la seguridad con una impresi\u00f3n personalizada de alta calidad.<\/span><\/p>","protected":false},"featured_media":1525,"template":"","meta":{"_kad_post_transparent":"default","_kad_post_title":"","_kad_post_layout":"default","_kad_post_sidebar_id":"","_kad_post_content_style":"default","_kad_post_vertical_padding":"default","_kad_post_feature":"","_kad_post_feature_position":"","_kad_post_header":false,"_kad_post_footer":false,"_kad_post_classname":""},"product_brand":[],"product_cat":[18],"product_tag":[51],"class_list":{"0":"post-1524","1":"product","2":"type-product","3":"status-publish","4":"has-post-thumbnail","6":"product_cat-custom-acrylic-signs","7":"product_tag-custom-acrylic-signs","9":"first","10":"instock","11":"shipping-taxable","12":"product-type-simple","13":"entry","14":"content-bg","15":"loop-entry"},"_links":{"self":[{"href":"https:\/\/customacrylicproduct.com\/es\/wp-json\/wp\/v2\/product\/1524","targetHints":{"allow":["GET"]}}],"collection":[{"href":"https:\/\/customacrylicproduct.com\/es\/wp-json\/wp\/v2\/product"}],"about":[{"href":"https:\/\/customacrylicproduct.com\/es\/wp-json\/wp\/v2\/types\/product"}],"wp:featuredmedia":[{"embeddable":true,"href":"https:\/\/customacrylicproduct.com\/es\/wp-json\/wp\/v2\/media\/1525"}],"wp:attachment":[{"href":"https:\/\/customacrylicproduct.com\/es\/wp-json\/wp\/v2\/media?parent=1524"}],"wp:term":[{"taxonomy":"product_brand","embeddable":true,"href":"https:\/\/customacrylicproduct.com\/es\/wp-json\/wp\/v2\/product_brand?post=1524"},{"taxonomy":"product_cat","embeddable":true,"href":"https:\/\/customacrylicproduct.com\/es\/wp-json\/wp\/v2\/product_cat?post=1524"},{"taxonomy":"product_tag","embeddable":true,"href":"https:\/\/customacrylicproduct.com\/es\/wp-json\/wp\/v2\/product_tag?post=1524"}],"curies":[{"name":"wp","href":"https:\/\/api.w.org\/{rel}","templated":true}]}}