{"id":1530,"date":"2025-07-22T02:34:28","date_gmt":"2025-07-22T02:34:28","guid":{"rendered":"https:\/\/customacrylicproduct.com\/?post_type=product&#038;p=1530"},"modified":"2025-07-22T02:34:28","modified_gmt":"2025-07-22T02:34:28","slug":"led-note-board-with-colors-light-up-acrylic-message-board","status":"publish","type":"product","link":"https:\/\/customacrylicproduct.com\/es\/led-note-board-with-colors-light-up-acrylic-message-board\/","title":{"rendered":"Tablero de notas LED con colores iluminados Tablero de mensajes de acr\u00edlico"},"content":{"rendered":"<h3 id=\"illuminate-your-creative-imagination-presenting-the-led-keep-in-mind-board-with-color-changing-light\">Ilumine su imaginaci\u00f3n creativa: Presentamos el tablero LED Keep In Mind con luz que cambia de color<\/h3>\n<p>En un mundo lleno de alertas electr\u00f3nicas de corta duraci\u00f3n y notas adhesivas desechables, hay una magia especial en un mensaje que es a la vez personal y visualmente cautivador. Imagina un lienzo en el que tus ideas, recordatorios e impulsos innovadores no s\u00f3lo descansen ah\u00ed, sino que realmente resplandezcan con vida. Presentar el\u00a0<strong>Tablero de notas LED con colores iluminados Tablero de mensajes de acr\u00edlico\u00a0<\/strong>- una mezcla revolucionaria de practicidad, pensamiento creativo y dise\u00f1o ambiental que convierte cualquier tipo de habitaci\u00f3n en un centro de ideas.<\/p>\n<p>No se trata simplemente de un tabl\u00f3n de notas adicional. Es un vibrante centro de mesa, una suave luz nocturna, una salida creativa y un mensajero individual, todo en un elegante paquete. Desp\u00eddete de las mesas de trabajo desordenadas y de las tareas olvidadas. Es hora de dejar que tus ideas resplandezcan, que tus listas se iluminen con una suave luminiscencia y que tus mensajes de amor irradien un brillo acogedor y vibrante.<\/p>\n<p><img fetchpriority=\"high\" decoding=\"async\" class=\"size-full wp-image-1531\" src=\"https:\/\/customacrylicproduct.com\/wp-content\/uploads\/2025\/07\/Acrylic-Message-Board-1.jpg\" alt=\"Tabl\u00f3n de anuncios acr\u00edlico (1)\" width=\"800\" height=\"800\" srcset=\"https:\/\/customacrylicproduct.com\/wp-content\/uploads\/2025\/07\/Acrylic-Message-Board-1.jpg 800w, https:\/\/customacrylicproduct.com\/wp-content\/uploads\/2025\/07\/Acrylic-Message-Board-1-300x300.jpg 300w, https:\/\/customacrylicproduct.com\/wp-content\/uploads\/2025\/07\/Acrylic-Message-Board-1-150x150.jpg 150w, https:\/\/customacrylicproduct.com\/wp-content\/uploads\/2025\/07\/Acrylic-Message-Board-1-768x768.jpg 768w, https:\/\/customacrylicproduct.com\/wp-content\/uploads\/2025\/07\/Acrylic-Message-Board-1-600x600.jpg 600w, https:\/\/customacrylicproduct.com\/wp-content\/uploads\/2025\/07\/Acrylic-Message-Board-1-100x100.jpg 100w\" sizes=\"(max-width: 800px) 100vw, 800px\" \/><\/p>\n<h4 id=\"a-crystal-clear-canvas-for-your-creativity\">Un lienzo cristalino para su creatividad<\/h4>\n<p>El coraz\u00f3n de nuestro tabl\u00f3n de notas LED es un panel acr\u00edlico de alta transparencia. Cuando est\u00e1 oscuro, su presencia es m\u00ednima y casi invisible, como se aprecia en su estilo limpio y moderno. Se integra perfectamente en cualquier tipo de dise\u00f1o, desde un bullicioso lugar de trabajo hasta una tranquila habitaci\u00f3n. Sin embargo, esta hermosa superficie est\u00e1 esperando a que la toque.<\/p>\n<p>Utilizando los rotuladores borrables creados espec\u00edficamente, podr\u00e1s dar rienda suelta a tu creatividad. A medida que el bol\u00edgrafo se desliza por el suave acr\u00edlico, sus palabras e ilustraciones aparecen n\u00edtidas y claras. Sin embargo, el verdadero deleite comienza cuando activas la luz. Instant\u00e1neamente, la base LED ilumina todo el panel, haciendo que su escritura resalte con un brillo espectacular y celestial. Cada l\u00ednea, cada garabato y cada letra se iluminan desde dentro, transformando una nota b\u00e1sica en una obra de arte.<\/p>\n<p>Tanto si est\u00e1s ideando un nuevo trabajo, trazando una vi\u00f1eta r\u00e1pida o ejercitando tu caligraf\u00eda, la pizarra proporciona la superficie ideal y reciclable. Las tintas din\u00e1micas de los rotuladores, desde un naranja vibrante e inspirador hasta un blanco suave y maravilloso o un rosa apasionado, destacan brillantemente frente a la luz. Como se aprecia en nuestra imagen de primer plano, el efecto es hipnotizador. Su \u201corden del d\u00eda\u201d acaba siendo un faro de eficacia, y un sencillo \u201cte quiero\u201d se transforma en una radiante declaraci\u00f3n.<\/p>\n<p><img decoding=\"async\" class=\"size-full wp-image-1534\" src=\"https:\/\/customacrylicproduct.com\/wp-content\/uploads\/2025\/07\/Acrylic-Message-Board-4.jpg\" alt=\"Tabl\u00f3n de anuncios acr\u00edlico (4)\" width=\"800\" height=\"800\" srcset=\"https:\/\/customacrylicproduct.com\/wp-content\/uploads\/2025\/07\/Acrylic-Message-Board-4.jpg 800w, https:\/\/customacrylicproduct.com\/wp-content\/uploads\/2025\/07\/Acrylic-Message-Board-4-300x300.jpg 300w, https:\/\/customacrylicproduct.com\/wp-content\/uploads\/2025\/07\/Acrylic-Message-Board-4-150x150.jpg 150w, https:\/\/customacrylicproduct.com\/wp-content\/uploads\/2025\/07\/Acrylic-Message-Board-4-768x768.jpg 768w, https:\/\/customacrylicproduct.com\/wp-content\/uploads\/2025\/07\/Acrylic-Message-Board-4-600x600.jpg 600w, https:\/\/customacrylicproduct.com\/wp-content\/uploads\/2025\/07\/Acrylic-Message-Board-4-100x100.jpg 100w\" sizes=\"(max-width: 800px) 100vw, 800px\" \/><\/p>\n<h4 id=\"dynamic-lights-and-intelligent-layout\">Luces din\u00e1micas y dise\u00f1o inteligente<\/h4>\n<p>El LED Keep in mind Board est\u00e1 dise\u00f1ado no s\u00f3lo para mostrar, sino para realzar. La resistente base blanca aloja una potente tira de LED de bajo consumo. No se trata de una luz extrema y deslumbrante, sino de una experiencia ambiental totalmente personalizable. Con s\u00f3lo pulsar un bot\u00f3n, puede alternar entre una gama de preciosos tonos que se adapten a su estado de \u00e1nimo, dise\u00f1o o al propio mensaje. Elija un amarillo suave y acogedor para un ambiente nocturno confortable y relajante, perfecto para una mesilla de noche, ya que ilumina delicadamente la habitaci\u00f3n sin perturbar el sue\u00f1o. Cambie a un azul din\u00e1mico o a un rosa en\u00e9rgico para hacer resaltar un mensaje de felicitaci\u00f3n, o d\u00e9jelo circular por todos los tonos para obtener una pantalla vibrante y distintiva.<\/p>\n<p>El soporte en s\u00ed es una maravilla de dise\u00f1o bien pensado. Como muestra la imagen preliminar, es totalmente ajustable con varios factores de articulaci\u00f3n. Esto le permite girar la pizarra hasta el \u00e1ngulo excelente para escribir o consultar, garantizando la comodidad y una exposici\u00f3n \u00f3ptima independientemente de d\u00f3nde la coloque. El tablero se encaja de forma segura en el soporte, sujeto firmemente por un elegante clip vertical. Alimentado por un cable USB conveniente, puede conectarlo a un ordenador port\u00e1til, un banco de energ\u00eda, o un adaptador de pared t\u00edpica superficie, que le ofrece la libertad para colocarlo en cualquier lugar que desee.<\/p>\n<p>Estamos dedicados a la alta calidad. Antes de su uso inicial, descubrir\u00e1 que el tablero acr\u00edlico est\u00e1 protegido por una fina pel\u00edcula que garantiza que llegue a su puerta de entrada en perfectas condiciones y sin ara\u00f1azos. Despegarla, como se ve en la imagen del recuadro, es un primer paso agradable para desbloquear su potencial ilimitado.<\/p>\n<p><img decoding=\"async\" class=\"size-full wp-image-1532\" src=\"https:\/\/customacrylicproduct.com\/wp-content\/uploads\/2025\/07\/Acrylic-Message-Board-2.jpg\" alt=\"Tabl\u00f3n de anuncios acr\u00edlico (2)\" width=\"800\" height=\"800\" srcset=\"https:\/\/customacrylicproduct.com\/wp-content\/uploads\/2025\/07\/Acrylic-Message-Board-2.jpg 800w, https:\/\/customacrylicproduct.com\/wp-content\/uploads\/2025\/07\/Acrylic-Message-Board-2-300x300.jpg 300w, https:\/\/customacrylicproduct.com\/wp-content\/uploads\/2025\/07\/Acrylic-Message-Board-2-150x150.jpg 150w, https:\/\/customacrylicproduct.com\/wp-content\/uploads\/2025\/07\/Acrylic-Message-Board-2-768x768.jpg 768w, https:\/\/customacrylicproduct.com\/wp-content\/uploads\/2025\/07\/Acrylic-Message-Board-2-600x600.jpg 600w, https:\/\/customacrylicproduct.com\/wp-content\/uploads\/2025\/07\/Acrylic-Message-Board-2-100x100.jpg 100w\" sizes=\"(max-width: 800px) 100vw, 800px\" \/><\/p>\n<h4 id=\"a-versatile-companion-for-every-element-of-your-life\">Un compa\u00f1ero vers\u00e1til para cada elemento de su vida<\/h4>\n<p>El verdadero encanto del tablero LED Keep in mind reside en su extraordinaria flexibilidad. Se ajusta a tus exigencias, acabando por convertirse en una parte esencial de tu rutina diaria.<\/p>\n<ul>\n<li><strong>Para el experto motivado:\u00a0<\/strong>Cambia tu \u00e1rea de trabajo. Util\u00edzalo para describir tu \u201clista de tareas pendientes\u201d del d\u00eda a d\u00eda, capturar fant\u00e1sticos momentos de \u201cbombilla\u201d o tener a la vista una cita inspiradora. Disminuye el desorden de papeles y funciona como una pieza moderna y pr\u00e1ctica de dise\u00f1o de escritorio que seguramente ser\u00e1 un tema de conversaci\u00f3n durante las videollamadas.<\/li>\n<li><strong>Para so\u00f1adores y planificadores:\u00a0<\/strong>Col\u00f3quela en su mesilla de noche. Como se ve en la imagen de nuestro modo de vida, act\u00faa como una extraordinaria luz nocturna no intrusiva. Antes de irte a dormir, puedes anotar sugerencias para el d\u00eda siguiente -\u201d Recogida en el aeropuerto\u201d, \u201cDe compras\u201d, \u201cReuniones familiares\u201d, para levantarte con una estrategia clara. O bien, deje un mensaje agradable y brillante para que su acompa\u00f1ante lo vea por la ma\u00f1ana temprano. Es un compa\u00f1ero tranquilo y cari\u00f1oso que salvaguarda tus ideas y deseos.<\/li>\n<li><strong>Para la familia creativa:\u00a0<\/strong>Convi\u00e9rtalo en el principal centro de mensajer\u00eda de su hogar. Col\u00f3quelo en la zona de la cocina para mostrar el men\u00fa de la semana, en el sal\u00f3n para un mensaje de \u201c\u00a1Bienvenido a casa!\u201d o en un espacio infantil como forma divertida de practicar la escritura y el dibujo. Es un dispositivo interactivo que fomenta la interacci\u00f3n y la creatividad en todas las edades. Retirarlo y revisarlo no supone ning\u00fan esfuerzo, lo que lo convierte en una superficie respetuosa con el medio ambiente e infinitamente entretenida.<\/li>\n<li><strong>Para ocasiones especiales y empresas:\u00a0<\/strong>Util\u00edcelo como una indicaci\u00f3n moderna y personalizada para fiestas, eventos o su peque\u00f1o negocio. Presente ofertas especiales en una cafeter\u00eda, muestre un saludo en una fiesta de boda o simplemente escriba \u201cCelebraci\u00f3n de cumplea\u00f1os feliz\u201d para una fiesta individualizada. El bonito y colorido texto atraer\u00e1 todas las miradas.<\/li>\n<\/ul>\n<h4 id=\"the-perfect-present-that-keeps-on-giving\">El regalo perfecto que no se acaba nunca<\/h4>\n<p>\u00bfLe cuesta encontrar un regalo \u00fanico y original? No busque m\u00e1s. El tablero LED Keep In Mind es el mejor regalo para estudiantes que evitan ir a la universidad, artistas que buscan una nueva herramienta, especialistas ajetreados o cualquier persona que aprecie una mezcla de dise\u00f1o y funcionalidad. Es m\u00e1s que un art\u00edculo, es una experiencia. Es un regalo que fomenta la compa\u00f1\u00eda, despierta el pensamiento creativo y a\u00f1ade un toque de calor e individualidad a cualquier tipo de ambiente.<\/p>\n<p><strong>En la caja encontrar\u00e1s todo lo que necesitas para ponerte en marcha:\u00a0<\/strong>el tablero acr\u00edlico de primera calidad, la base de luz LED multicolor con su soporte flexible, un cable de alimentaci\u00f3n USB y una colecci\u00f3n de bol\u00edgrafos vibrantes y borrables.<\/p>\n<p>No deje que sus ideas ideales se desvanezcan en un trozo de papel. Deles el protagonismo que se merecen. Pida hoy mismo su pizarra LED Keep in mind y empiece a iluminar su mundo, mensaje a mensaje.<\/p>","protected":false},"excerpt":{"rendered":"<p class=\"ng-star-inserted\"><span class=\"ng-star-inserted\">Ilumina tu vida con nuestro tabl\u00f3n de mensajes acr\u00edlico con LED. Escribe notas, listas de tareas y garabatos que brillan con una luz c\u00e1lida y acogedora. Perfecto como luz nocturna creativa o pizarra de notas de escritorio. Simplemente escribe, ilumina y borra para volver a utilizarlo. Un regalo \u00fanico y divertido para cualquiera<\/span><\/p>","protected":false},"featured_media":1531,"template":"","meta":{"_kad_post_transparent":"default","_kad_post_title":"","_kad_post_layout":"default","_kad_post_sidebar_id":"","_kad_post_content_style":"default","_kad_post_vertical_padding":"default","_kad_post_feature":"","_kad_post_feature_position":"","_kad_post_header":false,"_kad_post_footer":false,"_kad_post_classname":""},"product_brand":[],"product_cat":[20],"product_tag":[129],"class_list":{"0":"post-1530","1":"product","2":"type-product","3":"status-publish","4":"has-post-thumbnail","6":"product_cat-custom-acrylic-crafts","7":"product_tag-acrylic-crafts","9":"first","10":"instock","11":"shipping-taxable","12":"product-type-simple","13":"entry","14":"content-bg","15":"loop-entry"},"_links":{"self":[{"href":"https:\/\/customacrylicproduct.com\/es\/wp-json\/wp\/v2\/product\/1530","targetHints":{"allow":["GET"]}}],"collection":[{"href":"https:\/\/customacrylicproduct.com\/es\/wp-json\/wp\/v2\/product"}],"about":[{"href":"https:\/\/customacrylicproduct.com\/es\/wp-json\/wp\/v2\/types\/product"}],"wp:featuredmedia":[{"embeddable":true,"href":"https:\/\/customacrylicproduct.com\/es\/wp-json\/wp\/v2\/media\/1531"}],"wp:attachment":[{"href":"https:\/\/customacrylicproduct.com\/es\/wp-json\/wp\/v2\/media?parent=1530"}],"wp:term":[{"taxonomy":"product_brand","embeddable":true,"href":"https:\/\/customacrylicproduct.com\/es\/wp-json\/wp\/v2\/product_brand?post=1530"},{"taxonomy":"product_cat","embeddable":true,"href":"https:\/\/customacrylicproduct.com\/es\/wp-json\/wp\/v2\/product_cat?post=1530"},{"taxonomy":"product_tag","embeddable":true,"href":"https:\/\/customacrylicproduct.com\/es\/wp-json\/wp\/v2\/product_tag?post=1530"}],"curies":[{"name":"wp","href":"https:\/\/api.w.org\/{rel}","templated":true}]}}