{"id":1544,"date":"2025-07-22T03:35:11","date_gmt":"2025-07-22T03:35:11","guid":{"rendered":"https:\/\/customacrylicproduct.com\/?post_type=product&#038;p=1544"},"modified":"2025-07-22T03:35:11","modified_gmt":"2025-07-22T03:35:11","slug":"acrylic-senior-special-new-design-trophy-award-custom","status":"publish","type":"product","link":"https:\/\/customacrylicproduct.com\/es\/acrylic-senior-special-new-design-trophy-award-custom\/","title":{"rendered":"Acr\u00edlico Senior Especial Nuevo Dise\u00f1o Trofeo Premio Personalizado"},"content":{"rendered":"<h3 id=\"redefining-recognition-presenting-the-apex-collection-custom-3d-polymer-trophies\">Redefiniendo el reconocimiento: Presentaci\u00f3n de los trofeos de pol\u00edmero 3D personalizados de la colecci\u00f3n Apex<\/h3>\n<p>En un mundo de elogios digitales fugaces, el acto de entregar un premio f\u00edsico sigue siendo un movimiento eficaz y atemporal. Es un minuto congelado en el tiempo, un s\u00edmbolo concreto de dedicaci\u00f3n, calidad y \u00e9xito significativo. Pero tambi\u00e9n durante mucho tiempo, las distinciones en s\u00ed han sido comunes, previsibles y carentes del alma real del logro que pretenden conmemorar.<\/p>\n<p>Nuestra empresa cree que el verdadero reconocimiento corresponde a un monolito, no a un simple bol\u00edgrafo. Con esta ideolog\u00eda presentamos con orgullo nuestra vanguardista l\u00ednea de\u00a0<strong>Trofeos personalizados en pol\u00edmero 3D\u00a0<\/strong>- una colecci\u00f3n en la que el arte, la innovaci\u00f3n y la trascendencia se unen para crear un galard\u00f3n tan excepcional como su destinatario.<\/p>\n<p><img fetchpriority=\"high\" decoding=\"async\" class=\"size-full wp-image-1545\" src=\"https:\/\/customacrylicproduct.com\/wp-content\/uploads\/2025\/07\/New-Design-Trophy-1.jpg\" alt=\"Trofeo Nuevo Dise\u00f1o (1)\" width=\"900\" height=\"900\" srcset=\"https:\/\/customacrylicproduct.com\/wp-content\/uploads\/2025\/07\/New-Design-Trophy-1.jpg 900w, https:\/\/customacrylicproduct.com\/wp-content\/uploads\/2025\/07\/New-Design-Trophy-1-300x300.jpg 300w, https:\/\/customacrylicproduct.com\/wp-content\/uploads\/2025\/07\/New-Design-Trophy-1-150x150.jpg 150w, https:\/\/customacrylicproduct.com\/wp-content\/uploads\/2025\/07\/New-Design-Trophy-1-768x768.jpg 768w, https:\/\/customacrylicproduct.com\/wp-content\/uploads\/2025\/07\/New-Design-Trophy-1-600x600.jpg 600w, https:\/\/customacrylicproduct.com\/wp-content\/uploads\/2025\/07\/New-Design-Trophy-1-100x100.jpg 100w\" sizes=\"(max-width: 900px) 100vw, 900px\" \/><\/p>\n<p><strong>Una nueva altura en el dise\u00f1o del honor: El motivo de la colina<\/strong><\/p>\n<p>En el coraz\u00f3n de nuestra nueva colecci\u00f3n se encuentra un dise\u00f1o eficaz y evocador: una impresionante y minuciosa cadena monta\u00f1osa, aparentemente a la deriva dentro de la inmaculada claridad del acr\u00edlico. No se trata de un mero elemento ornamental; es una narraci\u00f3n grabada en forma s\u00f3lida.<\/p>\n<p>La colina representa la cima del logro. Significa el viaje dif\u00edcil, los obst\u00e1culos superados, la firme fuerza de voluntad necesaria para llegar. Habla con la resistencia, la seguridad y la ambici\u00f3n creciente que impulsa a las personas y a las empresas hacia adelante. Ya se trate de homenajear a un \u201cCompa\u00f1ero del A\u00f1o\u201d, a un campe\u00f3n del \u201cMejor Servicio\u201d o a un atleta de talla mundial, el tema de la colina interact\u00faa con una historia global de \u00e9xito que trasciende idiomas y culturas.<\/p>\n<p>Como se ve en los diversos ejemplos, este principio b\u00e1sico es maravillosamente vers\u00e1til. Para el trofeo de un socio de una empresa, la monta\u00f1a se presenta en un sofisticado negro y gris, sobre un elegante fondo de texto dorado, que transmite seriedad y una estimada colaboraci\u00f3n. Para un trofeo de la \u201cCopa del Mundo de Nataci\u00f3n\u201d, la misma cadena monta\u00f1osa flota maravillosamente sobre un vivo aspecto azul celeste que imita las profundidades de un excelente lago o la masa efectiva de un iceberg, un excelente v\u00ednculo tem\u00e1tico que es a la vez est\u00e9ticamente cautivador y profundamente significativo.<\/p>\n<p><img decoding=\"async\" class=\"size-full wp-image-1547\" src=\"https:\/\/customacrylicproduct.com\/wp-content\/uploads\/2025\/07\/New-Design-Trophy-3.jpg\" alt=\"Trofeo Nuevo Dise\u00f1o (3)\" width=\"900\" height=\"900\" srcset=\"https:\/\/customacrylicproduct.com\/wp-content\/uploads\/2025\/07\/New-Design-Trophy-3.jpg 900w, https:\/\/customacrylicproduct.com\/wp-content\/uploads\/2025\/07\/New-Design-Trophy-3-300x300.jpg 300w, https:\/\/customacrylicproduct.com\/wp-content\/uploads\/2025\/07\/New-Design-Trophy-3-150x150.jpg 150w, https:\/\/customacrylicproduct.com\/wp-content\/uploads\/2025\/07\/New-Design-Trophy-3-768x768.jpg 768w, https:\/\/customacrylicproduct.com\/wp-content\/uploads\/2025\/07\/New-Design-Trophy-3-600x600.jpg 600w, https:\/\/customacrylicproduct.com\/wp-content\/uploads\/2025\/07\/New-Design-Trophy-3-100x100.jpg 100w\" sizes=\"(max-width: 900px) 100vw, 900px\" \/><\/p>\n<p><strong>Artesan\u00eda y pureza de producto sin parang\u00f3n<\/strong><\/p>\n<p>Un estilo asombroso exige un soporte extraordinario. Nuestros trofeos se elaboran a partir de la mejor calidad de acr\u00edlico \u00f3ptico o, bajo demanda, de cristal K9. Este producto es elegido por su perfecta calidad, peso significativo, y fenomenal luz que refracta hogares. A diferencia del acr\u00edlico com\u00fan, est\u00e1 desprovisto de las manchas y el amarilleamiento que pueden disminuir la estatura de un honor con el tiempo. El resultado es una pieza con el impresionante brillo del cristal pero con una longevidad de primera.<\/p>\n<p>Cada premio es el testimonio de un proceso de varias etapas y de gran precisi\u00f3n:.<\/p>\n<ol>\n<li><strong>Inscripci\u00f3n l\u00e1ser interna en 3D:\u00a0<\/strong>La magia de la monta\u00f1a \u201cflotante\u201d se consigue mediante una sofisticada estrategia de grabado l\u00e1ser subsuperficial. Nuestro sofisticado equipo concentra haces de luz l\u00e1ser de alta intensidad para desarrollar cientos de complejas microfracturas dentro del s\u00f3lido bloque de acr\u00edlico. En conjunto, estos puntos desarrollan el minucioso paisaje monta\u00f1oso tridimensional, con grandes alturas y valles sombr\u00edos, todo ello suspendido de forma imposible en el n\u00facleo del trofeo.<\/li>\n<li><strong>Impresi\u00f3n de tonos UV de alta resoluci\u00f3n:\u00a0<\/strong>Los tonos vivos, los dise\u00f1os n\u00edtidos de los logotipos y los mensajes n\u00edtidos se aplican mediante la avanzada tecnolog\u00eda de impresi\u00f3n UV. Este proceso remedia la tinta r\u00e1pidamente con luz ultravioleta, dando lugar a una impresi\u00f3n duradera, resistente a los ara\u00f1azos y con una impresionante integridad de los tonos. Esto permite obtener los intensos azules del agua, el deslumbrante dorado de los t\u00edtulos y la reproducci\u00f3n ideal de la marca de la empresa.<\/li>\n<li><strong>Acabado artesanal:\u00a0<\/strong>La tecnolog\u00eda es s\u00f3lo una parte de la historia. Cada galard\u00f3n se somete a un minucioso proceso de acabado a manos de artesanos experimentados. Los laterales se pulen con diamante hasta conseguir un brillo de espejo, asegur\u00e1ndose de que no haya bordes afilados y de que el objeto capte y refleje la luz desde todos los \u00e1ngulos. Las estructuras, como la reluciente base monta\u00f1osa impregnada de purpurina o el grabado esmerilado de un mapamundi, se utilizan con precisi\u00f3n para incluir una capa m\u00e1s de riqueza sensorial.<\/li>\n<\/ol>\n<p><img decoding=\"async\" class=\"size-full wp-image-1548\" src=\"https:\/\/customacrylicproduct.com\/wp-content\/uploads\/2025\/07\/New-Design-Trophy-4.jpg\" alt=\"Trofeo Nuevo Dise\u00f1o (4)\" width=\"900\" height=\"900\" srcset=\"https:\/\/customacrylicproduct.com\/wp-content\/uploads\/2025\/07\/New-Design-Trophy-4.jpg 900w, https:\/\/customacrylicproduct.com\/wp-content\/uploads\/2025\/07\/New-Design-Trophy-4-300x300.jpg 300w, https:\/\/customacrylicproduct.com\/wp-content\/uploads\/2025\/07\/New-Design-Trophy-4-150x150.jpg 150w, https:\/\/customacrylicproduct.com\/wp-content\/uploads\/2025\/07\/New-Design-Trophy-4-768x768.jpg 768w, https:\/\/customacrylicproduct.com\/wp-content\/uploads\/2025\/07\/New-Design-Trophy-4-600x600.jpg 600w, https:\/\/customacrylicproduct.com\/wp-content\/uploads\/2025\/07\/New-Design-Trophy-4-100x100.jpg 100w\" sizes=\"(max-width: 900px) 100vw, 900px\" \/><\/p>\n<p><strong>El poder de la modificaci\u00f3n infinita<\/strong><\/p>\n<p>Su logro es distinto. Su premio tambi\u00e9n deber\u00eda serlo. Nuestra plataforma se basa en el concepto de personalizaci\u00f3n profunda e intencionada, lo que le permite crear un trofeo que es una verdadera obra maestra \u00fanica.<\/p>\n<ul>\n<li><strong>Forming y Kind:\u00a0<\/strong>Aunque el intemporal bloque rectangular tiene un aire cl\u00e1sico y sustancial, y el \u201cdisco\u201d redondo es una opci\u00f3n moderna y elegante, no estamos limitados por las convenciones. Nuestro equipo de estilo puede trabajar con usted para desarrollar una forma personalizada que muestre la identidad de su marca o el tema de su evento.<\/li>\n<li><strong>Im\u00e1genes y v\u00eddeos a medida:\u00a0<\/strong>Las posibilidades de dise\u00f1o son ilimitadas. Como se ve en una sensacional variaci\u00f3n, podemos incorporar un mapa del mundo sutilmente grabado en la historia, con una estrella que determine un lugar de importancia. Podemos grabar marcas individuales para darles un toque realmente especial, o incorporar elaborados motivos e iconos, como las delicadas estrellas que adornan el lateral del premio al servicio.<\/li>\n<li><strong>Texto y marca personalizados:\u00a0<\/strong>Cada palabra importa. Podemos hacer cualquier mensaje -desde el nombre y el cargo del destinatario hasta la fecha del evento y un mensaje sincero- en una selecci\u00f3n de tipos de letra y revestimientos, consistentes en elegante papel de aluminio dorado, negro cl\u00e1sico o blanco n\u00edtido. Los logotipos corporativos, como los de \u201cEco-Green Group\u201d o \u201cBoehringer Ingelheim\u201d, se recrean con la precisi\u00f3n ideal para mantener la integridad de la marca.<\/li>\n<li><strong>Paletas de sombras tem\u00e1ticas:\u00a0<\/strong>El animado elemento azul es s\u00f3lo el principio. Podemos personalizar la combinaci\u00f3n de colores para que coincida con la marca de su empresa, los tonos del evento o el estado de \u00e1nimo preferido. Imagine un rojo intenso para un honor de ventas, un eco intenso para un premio ecol\u00f3gico o un elegante plata metalizado para un moderno creador de tendencias tecnol\u00f3gicas.<\/li>\n<\/ul>\n<p><strong>El \u00daltimo Toque: Una presentaci\u00f3n inolvidable<\/strong><\/p>\n<p>La experiencia de recibir un premio comienza en el momento en que se entrega. Para reconocerlo, cada uno de nuestros trofeos personalizados se presenta en una glamurosa caja de regalo de alta calidad. La caja de bronce dorado, resistente y con textura que se ve en la imagen, se ha desarrollado para proteger el honor al tiempo que eleva todo el debate. Abrir la caja para descubrir el reluciente y sustancioso premio que contiene es una experiencia en s\u00ed misma, que conecta valor, respeto y profundo reconocimiento incluso antes de que se reciba el galard\u00f3n.<\/p>\n<p><strong>Un honor para cada ocasi\u00f3n:<\/strong><\/p>\n<p>Este estilo vers\u00e1til es la elecci\u00f3n ideal para una amplia gama de ocasiones de reconocimiento:.<\/p>\n<ul>\n<li><strong>Reconocimiento corporativo:\u00a0<\/strong>Trabajador del mes, M\u00e1ximo rendimiento, Servicio ideal, Honores de la direcci\u00f3n.<\/li>\n<li><strong>Asociaci\u00f3n y admiraci\u00f3n del cliente:\u00a0<\/strong>Socio del a\u00f1o, premios a proveedores, aniversarios de clientes.<\/li>\n<li><strong>Ocasiones deportivas:\u00a0<\/strong>Trofeos de Campe\u00f3n, Premios MVP, Placas de Celebraci\u00f3n.<\/li>\n<li><strong>Hitos y aniversarios:\u00a0<\/strong>Aniversarios de Boda en el Trabajo, D\u00edas de la Estructura de la Empresa, Vida de Jubilado Presente.<\/li>\n<li><strong>Acad\u00e9micas y sin \u00e1nimo de lucro:\u00a0<\/strong>Reconocimiento a los donantes, Becas a la Realizaci\u00f3n, Voluntario del A\u00f1o.<\/li>\n<\/ul>\n<p>Reub\u00edquese m\u00e1s all\u00e1 de lo habitual. Elija un honor que narre, motive asombro y sea atesorado de por vida. Elija el Premio Acr\u00edlico 3D hecho a medida de la serie Pinnacle, donde su reconocimiento alcanza su m\u00e1xima expresi\u00f3n.<\/p>\n<p><strong>P\u00f3ngase en contacto con nosotros hoy mismo para iniciar una consulta con nuestro equipo de maquetaci\u00f3n y crear un importante legado de \u00e9xito.<\/strong><\/p>","protected":false},"excerpt":{"rendered":"<p>Reconozca la excelencia con nuestros nuevos trofeos acr\u00edlicos personalizados. Con un impresionante paisaje de monta\u00f1a en 3D capturado en acr\u00edlico cristalino, estos premios son totalmente personalizables. Perfectos para honores corporativos, eventos deportivos y para celebrar a los mejores triunfadores con un premio \u00fanico y prestigioso.<\/p>","protected":false},"featured_media":1545,"template":"","meta":{"_kad_post_transparent":"default","_kad_post_title":"","_kad_post_layout":"default","_kad_post_sidebar_id":"","_kad_post_content_style":"default","_kad_post_vertical_padding":"default","_kad_post_feature":"","_kad_post_feature_position":"","_kad_post_header":false,"_kad_post_footer":false,"_kad_post_classname":""},"product_brand":[],"product_cat":[19],"product_tag":[145],"class_list":{"0":"post-1544","1":"product","2":"type-product","3":"status-publish","4":"has-post-thumbnail","6":"product_cat-custom-acrylic-trophies-awards","7":"product_tag-acrylic-custom-trophy","9":"first","10":"instock","11":"shipping-taxable","12":"product-type-simple","13":"entry","14":"content-bg","15":"loop-entry"},"_links":{"self":[{"href":"https:\/\/customacrylicproduct.com\/es\/wp-json\/wp\/v2\/product\/1544","targetHints":{"allow":["GET"]}}],"collection":[{"href":"https:\/\/customacrylicproduct.com\/es\/wp-json\/wp\/v2\/product"}],"about":[{"href":"https:\/\/customacrylicproduct.com\/es\/wp-json\/wp\/v2\/types\/product"}],"wp:featuredmedia":[{"embeddable":true,"href":"https:\/\/customacrylicproduct.com\/es\/wp-json\/wp\/v2\/media\/1545"}],"wp:attachment":[{"href":"https:\/\/customacrylicproduct.com\/es\/wp-json\/wp\/v2\/media?parent=1544"}],"wp:term":[{"taxonomy":"product_brand","embeddable":true,"href":"https:\/\/customacrylicproduct.com\/es\/wp-json\/wp\/v2\/product_brand?post=1544"},{"taxonomy":"product_cat","embeddable":true,"href":"https:\/\/customacrylicproduct.com\/es\/wp-json\/wp\/v2\/product_cat?post=1544"},{"taxonomy":"product_tag","embeddable":true,"href":"https:\/\/customacrylicproduct.com\/es\/wp-json\/wp\/v2\/product_tag?post=1544"}],"curies":[{"name":"wp","href":"https:\/\/api.w.org\/{rel}","templated":true}]}}