{"id":1549,"date":"2025-07-22T03:45:23","date_gmt":"2025-07-22T03:45:23","guid":{"rendered":"https:\/\/customacrylicproduct.com\/?post_type=product&#038;p=1549"},"modified":"2025-07-22T03:45:23","modified_gmt":"2025-07-22T03:45:23","slug":"clear-acrylic-storage-drawer-bins-multipurpose-organizers","status":"publish","type":"product","link":"https:\/\/customacrylicproduct.com\/es\/clear-acrylic-storage-drawer-bins-multipurpose-organizers\/","title":{"rendered":"Cubos acr\u00edlicos transparentes para cajones Organizadores multiusos"},"content":{"rendered":"<h3 id=\"-change-your-turmoil-into-calmness-the-ultimate-clear-acrylic-stackable-storage-organizers-\"><strong>Cambia la confusi\u00f3n por la calma: Lo \u00faltimo en organizadores de acr\u00edlico transparente apilables<\/strong><\/h3>\n<p>\u00bfEst\u00e1 cansado de la b\u00fasqueda diaria de su barra de labios favorita, la pila del tama\u00f1o adecuado o esa bolsita de t\u00e9 en particular? \u00bfPiensas en tu encimera, tocador o escritorio y ves un paisaje de desorden que a\u00f1ade estr\u00e9s y ansiedad a tu d\u00eda a d\u00eda? Es hora de dejar de permitir que el desorden determine su \u00e1rea y su estado de \u00e1nimo. Es hora de presentar la claridad, el orden y la elegancia en todos los rincones de su casa.<\/p>\n<p>Presentaci\u00f3n de la\u00a0<strong>Cubos apilables de acr\u00edlico transparente para armarios\u00a0<\/strong>- el remedio sofisticado, funcional y excepcionalmente pr\u00e1ctico hecho para aportar armon\u00eda y rendimiento a su vida. No se trata s\u00f3lo de cajas de pl\u00e1stico, sino de un sistema organizativo completo, dise\u00f1ado con esmero para transformar espacios desordenados en escaparates de tranquilidad y estilo. Vea sus pertenencias, prot\u00e9jalas de la suciedad y los da\u00f1os, y desarrolle una configuraci\u00f3n de almacenamiento personalizada que se adapte perfectamente a sus necesidades y a su habitaci\u00f3n.<\/p>\n<p><img fetchpriority=\"high\" decoding=\"async\" class=\"wp-image-1552 size-large aligncenter\" src=\"https:\/\/customacrylicproduct.com\/wp-content\/uploads\/2025\/07\/Acrylic-Storage-Drawer-3-1024x1024.jpg\" alt=\"Caj\u00f3n acr\u00edlico (3)\" width=\"1024\" height=\"1024\" srcset=\"https:\/\/customacrylicproduct.com\/wp-content\/uploads\/2025\/07\/Acrylic-Storage-Drawer-3-1024x1024.jpg 1024w, https:\/\/customacrylicproduct.com\/wp-content\/uploads\/2025\/07\/Acrylic-Storage-Drawer-3-300x300.jpg 300w, https:\/\/customacrylicproduct.com\/wp-content\/uploads\/2025\/07\/Acrylic-Storage-Drawer-3-150x150.jpg 150w, https:\/\/customacrylicproduct.com\/wp-content\/uploads\/2025\/07\/Acrylic-Storage-Drawer-3-768x768.jpg 768w, https:\/\/customacrylicproduct.com\/wp-content\/uploads\/2025\/07\/Acrylic-Storage-Drawer-3-1536x1536.jpg 1536w, https:\/\/customacrylicproduct.com\/wp-content\/uploads\/2025\/07\/Acrylic-Storage-Drawer-3-600x600.jpg 600w, https:\/\/customacrylicproduct.com\/wp-content\/uploads\/2025\/07\/Acrylic-Storage-Drawer-3-100x100.jpg 100w, https:\/\/customacrylicproduct.com\/wp-content\/uploads\/2025\/07\/Acrylic-Storage-Drawer-3.jpg 1920w\" sizes=\"(max-width: 1024px) 100vw, 1024px\" \/><\/p>\n<h4 id=\"-the-power-of-crystal-clear-exposure-\"><strong>El poder de una exposici\u00f3n n\u00edtida<\/strong><\/h4>\n<p>El atributo m\u00e1s definitorio de estos organizadores es su magn\u00edfica transparencia cristalina. Fabricados con acr\u00edlico de \u00faltima generaci\u00f3n de primera calidad, estos armarios permiten ver su contenido sin obst\u00e1culos. Atr\u00e1s quedaron los d\u00edas de abrir y buscar con m\u00faltiples contenedores opacos, deseando encontrar lo que busca. Con nuestros organizadores, podr\u00e1 realizar un r\u00e1pido inventario visual de un solo vistazo.<\/p>\n<p>Imagina tu rutina matutina: en lugar de rebuscar en un bolso de maquillaje desordenado, localizas f\u00e1cilmente el color espec\u00edfico de base de maquillaje, la paleta de sombras de ojos que quieres utilizar y la pinza para el pelo ideal para completar tu look. Esta presencia instant\u00e1nea no s\u00f3lo le ahorra tiempo y molestias, sino que tambi\u00e9n le ayuda a redescubrir y utilizar art\u00edculos que no ten\u00eda. Su aspecto liso, como el cristal, realza el aspecto de cualquier habitaci\u00f3n, convirtiendo sus objetos cotidianos en una hermosa pantalla de visualizaci\u00f3n.<\/p>\n<p><img decoding=\"async\" class=\"size-full wp-image-1550\" src=\"https:\/\/customacrylicproduct.com\/wp-content\/uploads\/2025\/07\/Acrylic-Storage-Drawer-1.jpg\" alt=\"Caj\u00f3n acr\u00edlico (1)\" width=\"800\" height=\"800\" srcset=\"https:\/\/customacrylicproduct.com\/wp-content\/uploads\/2025\/07\/Acrylic-Storage-Drawer-1.jpg 800w, https:\/\/customacrylicproduct.com\/wp-content\/uploads\/2025\/07\/Acrylic-Storage-Drawer-1-300x300.jpg 300w, https:\/\/customacrylicproduct.com\/wp-content\/uploads\/2025\/07\/Acrylic-Storage-Drawer-1-150x150.jpg 150w, https:\/\/customacrylicproduct.com\/wp-content\/uploads\/2025\/07\/Acrylic-Storage-Drawer-1-768x768.jpg 768w, https:\/\/customacrylicproduct.com\/wp-content\/uploads\/2025\/07\/Acrylic-Storage-Drawer-1-600x600.jpg 600w, https:\/\/customacrylicproduct.com\/wp-content\/uploads\/2025\/07\/Acrylic-Storage-Drawer-1-100x100.jpg 100w\" sizes=\"(max-width: 800px) 100vw, 800px\" \/><\/p>\n<h4 id=\"-infinitely-modular-perfectly-stackable-your-area-your-guidelines-\"><strong>Infinitamente modular, perfectamente apilable: Su \u00e1rea, sus directrices<\/strong><\/h4>\n<p>Sus necesidades de espacio de almacenamiento son \u00fanicas, y su organizador tambi\u00e9n debe serlo. \u00c9sa es la ideolog\u00eda que subyace a nuestro dise\u00f1o modular. Cada caj\u00f3n es un dispositivo independiente que se puede utilizar por s\u00ed mismo, pero su verdadero poder se libera al combinarlos. La parte superior y la base de cada contenedor est\u00e1n dise\u00f1adas con refinadas ranuras de ingenier\u00eda de precisi\u00f3n que les permiten bloquearse de forma segura en la zona cuando se apilan. Esto garantiza una torre estable y sin tambaleos, tanto si los apilas de 2, 3 o incluso 4 en altura.<\/p>\n<ul>\n<li><strong>Potencia vertical:\u00a0<\/strong>Recupera tu valiosa superficie de encimera y estanter\u00eda construyendo hacia arriba. Produce una torre alta y esbelta para el tocador del lavabo o una pila compacta para el escritorio de la oficina.<\/li>\n<li><strong>Coherencia horizontal:\u00a0<\/strong>Col\u00f3quelos uno al lado del otro para crear un amplio y discreto espacio de almacenamiento en el pecho. La configuraci\u00f3n de 2\u00d72, como recibieron las fotos, es excelente para la compa\u00f1\u00eda debajo del fregadero o para alinear un estante m\u00e1s grande en su despensa o trastero.<\/li>\n<\/ul>\n<p>Esta modularidad significa que el sistema se ampl\u00eda y ajusta con usted. Empiece con un juego de 4 y a\u00f1ada m\u00e1s f\u00e1cilmente a medida que su colecci\u00f3n crezca. Reconfig\u00farelos cada vez que se mude, amueble o simplemente le apetezca un cambio. Desde un estudio a una casa espaciosa, estos organizadores ofrecen un remedio a medida para cualquier tipo de entorno.<\/p>\n<p><img decoding=\"async\" class=\"wp-image-1553 size-large aligncenter\" src=\"https:\/\/customacrylicproduct.com\/wp-content\/uploads\/2025\/07\/Acrylic-Storage-Drawer-4-1024x1024.jpg\" alt=\"Caj\u00f3n acr\u00edlico (4)\" width=\"1024\" height=\"1024\" srcset=\"https:\/\/customacrylicproduct.com\/wp-content\/uploads\/2025\/07\/Acrylic-Storage-Drawer-4-1024x1024.jpg 1024w, https:\/\/customacrylicproduct.com\/wp-content\/uploads\/2025\/07\/Acrylic-Storage-Drawer-4-300x300.jpg 300w, https:\/\/customacrylicproduct.com\/wp-content\/uploads\/2025\/07\/Acrylic-Storage-Drawer-4-150x150.jpg 150w, https:\/\/customacrylicproduct.com\/wp-content\/uploads\/2025\/07\/Acrylic-Storage-Drawer-4-768x768.jpg 768w, https:\/\/customacrylicproduct.com\/wp-content\/uploads\/2025\/07\/Acrylic-Storage-Drawer-4-1536x1536.jpg 1536w, https:\/\/customacrylicproduct.com\/wp-content\/uploads\/2025\/07\/Acrylic-Storage-Drawer-4-600x600.jpg 600w, https:\/\/customacrylicproduct.com\/wp-content\/uploads\/2025\/07\/Acrylic-Storage-Drawer-4-100x100.jpg 100w, https:\/\/customacrylicproduct.com\/wp-content\/uploads\/2025\/07\/Acrylic-Storage-Drawer-4.jpg 1600w\" sizes=\"(max-width: 1024px) 100vw, 1024px\" \/><\/p>\n<h4 id=\"-uncompromising-top-quality-resilience-\"><strong>M\u00e1xima calidad y resistencia sin concesiones<\/strong><\/h4>\n<p>Estos coordinadores est\u00e1n hechos para durar. S\u00f3lo utilizamos acr\u00edlico 100% virgen, sin BPA y resistente a la rotura, que ofrece el equilibrio perfecto entre ligereza y robustez. A diferencia de los pl\u00e1sticos asequibles y endebles que pueden fracturarse, deformarse o amarillear con el tiempo, nuestro acr\u00edlico de primera calidad mantiene su excelente claridad y honestidad estructural durante a\u00f1os de uso fiable.<\/p>\n<p>La superficie lisa y no porosa es incre\u00edblemente f\u00e1cil de limpiar. Los derrames de maquillaje, cremas o pieles de caf\u00e9 se limpian f\u00e1cilmente con un pa\u00f1o h\u00famedo y un toque de jab\u00f3n suave, manteniendo su espacio de almacenamiento como nuevo. La robusta estructura protege sus pertenencias -desde delicadas paletas de maquillaje hasta preciados productos de artesan\u00eda- de la suciedad, la humedad y los golpes involuntarios.<\/p>\n<h4 id=\"-smooth-capability-elegant-design-\"><strong>Capacidad fluida, dise\u00f1o elegante<\/strong><\/h4>\n<p>Se ha pensado en cada detalle para garantizar una experiencia superior al cliente. Los cajones est\u00e1n dise\u00f1ados para deslizarse hacia dentro y hacia fuera con una actividad suave y gratificante - sin atascos, atascos o capturas. La bandeja incorporada es una obra maestra del dise\u00f1o minimalista. Est\u00e1 moldeado sin esfuerzo en la parte frontal del mueble, proporcionando un agarre c\u00f3modo y seguro sin tiradores extensibles ni herrajes que puedan romperse o interferir con las l\u00edneas ordenadas. Este tirador suave e integrado realza el aspecto moderno y hace que acceder a sus productos sea una satisfacci\u00f3n.<\/p>\n<h3 id=\"-a-multi-purpose-marvel-limitless-possibilities-for-each-area-\"><strong>Una maravilla polivalente: posibilidades ilimitadas para cada \u00e1rea<\/strong><\/h3>\n<p>El verdadero atractivo de estos organizadores reside en su infinita comodidad. Aqu\u00ed est\u00e1n simplemente algunos de los medios que usted puede utilizarlos para dominar el desorden en toda su casa:.<\/p>\n<p><strong>1. El Lugar Elegante (Ducha y tocador):\u00a0<\/strong>. Como se ve en las fotos, estos cajones son un sue\u00f1o hecho realidad para los amantes del maquillaje y el cuidado de la piel.<\/p>\n<ul>\n<li><strong>Cajones superiores:\u00a0<\/strong>Guarda los objetos de uso diario, como frascos de base de maquillaje, s\u00e9rums, gu\u00edas y correctores, en posici\u00f3n vertical para facilitar el acceso.<\/li>\n<li><strong>Cajones centrales:\u00a0<\/strong>Organiza tus accesorios para el pelo. Son la mejor dimensi\u00f3n para pinzas de garra, conexiones de pelo, horquillas y diademas.<\/li>\n<li><strong>Cajones bajos:\u00a0<\/strong>Coloca las paletas de sombras de ojos, coloretes y bronceadores en posici\u00f3n horizontal para evitar que se da\u00f1en. Mant\u00e9n ordenados los discos de algod\u00f3n, los bastoncillos y las esponjas.<\/li>\n<\/ul>\n<p><strong>2. La Oficina Eficiente (Office):\u00a0<\/strong>. Transforme su escritorio de un desorden de papeles en un centro de eficacia.<\/p>\n<ul>\n<li>Ordena bol\u00edgrafos, l\u00e1pices, rotuladores y bol\u00edgrafos.<\/li>\n<li>Mant\u00e9n bien ordenados los peque\u00f1os art\u00edculos de papeler\u00eda, como clips, clips para carpetas y notas adhesivas.<\/li>\n<li>Controle el desorden tecnol\u00f3gico ahorrando la facturaci\u00f3n de televisores con cable, unidades USB, adaptadores y auriculares.<\/li>\n<\/ul>\n<p><strong>3. 3. La instalaci\u00f3n de mando culinaria (zona de cocina y cocina):\u00a0<\/strong>. Ponga orden en el coraz\u00f3n de su hogar. El acr\u00edlico apto para alimentos y sin BPA los hace perfectos para la zona de la cocina.<\/p>\n<ul>\n<li>Cree una terminal de caf\u00e9 y t\u00e9 comprometida para las tazas K, las bolsitas de t\u00e9, los sobres de az\u00facar y los agitadores.<\/li>\n<li>Organiza los paquetes de sabores, los cubitos de caldo y los peque\u00f1os utensilios de reposter\u00eda, como los colorantes alimentarios y los sprays.<\/li>\n<li>Limpia tu armario de golosinas con barritas de granola, golosinas de fruta y paquetes de frutos secos.<\/li>\n<\/ul>\n<p><strong>4. 4. El rinc\u00f3n innovador (espacio artesanal):\u00a0<\/strong>. Para el artesano, el m\u00fasico o el aficionado, estos armarios son importantes.<\/p>\n<ul>\n<li>Clasifique las cuentas, los interruptores y los brazaletes por color o tama\u00f1o.<\/li>\n<li>Mantenga los carretes de hilo, las bobinas y las cintas desenredados y visibles.<\/li>\n<li>Organiza peque\u00f1os tubos de pintura, rollos de washi tape, sellos y almohadillas de tinta.<\/li>\n<\/ul>\n<p><strong>5. Y as\u00ed mucho m\u00e1s ...<\/strong><\/p>\n<ul>\n<li><strong>Bajo el fregadero:\u00a0<\/strong>Controle el caos de art\u00edculos de limpieza, esponjas y estuches de comida.<\/li>\n<li><strong>Guarder\u00eda:\u00a0<\/strong>Compra chupetes, lociones para la rotura del pa\u00f1al, calcetines de beb\u00e9 y peque\u00f1os juguetes.<\/li>\n<li><strong>Armario de medicinas:\u00a0<\/strong>Organiza vendas, pomadas y medicamentos para acceder a ellos f\u00e1cilmente en caso de apuro.<\/li>\n<li><strong>Armario:\u00a0<\/strong>Perfecto para cinturones, relojes, bisuter\u00eda y otros peque\u00f1os accesorios.<\/li>\n<\/ul>\n<p><strong>Compre Claridad. Invierta en Calma.<\/strong><\/p>\n<p>Deje de permitir que el desorden controle su vida. Estos contenedores acr\u00edlicos transparentes apilables para cajones de almacenaje son m\u00e1s que una simple adquisici\u00f3n; son una inversi\u00f3n en tranquilidad. Son el paso inicial hacia la producci\u00f3n de un hogar que realmente se siente organizado, \u00fatil y encantador.<\/p>\n<p>Experimente la felicidad de saber exactamente d\u00f3nde est\u00e1 cada cosa. Del\u00e9itese con la est\u00e9tica ordenada y moderna que realza cualquier tipo de decoraci\u00f3n. Disfrute de la libertad de un sistema totalmente ajustable que funciona para usted.<\/p>\n<p><strong>Haga clic en \u2018Incluir en la cesta\u2019 y d\u00e9 el primer paso hacia una vida perfectamente ordenada. Su espacio sereno y libre de desorden le espera.<\/strong><\/p>","protected":false},"excerpt":{"rendered":"<p class=\"ng-star-inserted\"><span class=\"ng-star-inserted\">Agilice su hogar con nuestros cajones acr\u00edlicos apilables. Perfectos para el maquillaje, el cuidado de la piel o el material de oficina, su dise\u00f1o cristalino permite ver el contenido de un vistazo. Mezcle, combine y apile para crear una organizaci\u00f3n personalizada para cualquier espacio. Modernos, duraderos y muy vers\u00e1tiles.<\/span><\/p>","protected":false},"featured_media":1550,"template":"","meta":{"_kad_post_transparent":"default","_kad_post_title":"","_kad_post_layout":"default","_kad_post_sidebar_id":"","_kad_post_content_style":"default","_kad_post_vertical_padding":"default","_kad_post_feature":"","_kad_post_feature_position":"","_kad_post_header":false,"_kad_post_footer":false,"_kad_post_classname":""},"product_brand":[],"product_cat":[17],"product_tag":[45],"class_list":{"0":"post-1549","1":"product","2":"type-product","3":"status-publish","4":"has-post-thumbnail","6":"product_cat-custom-acrylic-boxes","7":"product_tag-customized-acrylic-boxes","9":"first","10":"instock","11":"shipping-taxable","12":"product-type-simple","13":"entry","14":"content-bg","15":"loop-entry"},"_links":{"self":[{"href":"https:\/\/customacrylicproduct.com\/es\/wp-json\/wp\/v2\/product\/1549","targetHints":{"allow":["GET"]}}],"collection":[{"href":"https:\/\/customacrylicproduct.com\/es\/wp-json\/wp\/v2\/product"}],"about":[{"href":"https:\/\/customacrylicproduct.com\/es\/wp-json\/wp\/v2\/types\/product"}],"wp:featuredmedia":[{"embeddable":true,"href":"https:\/\/customacrylicproduct.com\/es\/wp-json\/wp\/v2\/media\/1550"}],"wp:attachment":[{"href":"https:\/\/customacrylicproduct.com\/es\/wp-json\/wp\/v2\/media?parent=1549"}],"wp:term":[{"taxonomy":"product_brand","embeddable":true,"href":"https:\/\/customacrylicproduct.com\/es\/wp-json\/wp\/v2\/product_brand?post=1549"},{"taxonomy":"product_cat","embeddable":true,"href":"https:\/\/customacrylicproduct.com\/es\/wp-json\/wp\/v2\/product_cat?post=1549"},{"taxonomy":"product_tag","embeddable":true,"href":"https:\/\/customacrylicproduct.com\/es\/wp-json\/wp\/v2\/product_tag?post=1549"}],"curies":[{"name":"wp","href":"https:\/\/api.w.org\/{rel}","templated":true}]}}