{"id":1554,"date":"2025-07-22T06:19:11","date_gmt":"2025-07-22T06:19:11","guid":{"rendered":"https:\/\/customacrylicproduct.com\/?post_type=product&#038;p=1554"},"modified":"2025-07-22T06:19:11","modified_gmt":"2025-07-22T06:19:11","slug":"custom-clear-acrylic-bubble-rod-cast-solid-acrylic-rods","status":"publish","type":"product","link":"https:\/\/customacrylicproduct.com\/es\/custom-clear-acrylic-bubble-rod-cast-solid-acrylic-rods\/","title":{"rendered":"Varillas de acr\u00edlico transparente a medida Varillas de acr\u00edlico macizo moldeado"},"content":{"rendered":"<h3 id=\"presenting-the-exquisite-custom-made-clear-polymer-radiance-rod-a-world-of-sparkle-for-your-layouts\">Presentamos la Exquisita Varilla de Pol\u00edmero Transparente Resplandor Hecha a Medida: Un mundo de brillo para sus dise\u00f1os<\/h3>\n<p>En todo el mundo del dise\u00f1o y la fabricaci\u00f3n, los productos son el lenguaje que utilizamos para narrar. \u00bfBusca un producto que trascienda lo normal, que hable de elegancia moderna, de lujo en\u00e9rgico y de imaginaci\u00f3n sin l\u00edmites? Le invitamos a descubrir nuestros\u00a0<strong>Varillas de purpurina de pol\u00edmero transparente a medida\u00a0<\/strong>- una espectacular fusi\u00f3n de excelente claridad y brillo cautivador, creada para impulsar sus tareas de notables a notables.<\/p>\n<p>Aunque a menudo se los clasifica con los \u201cpostes burbuja\u201d por sus a\u00f1adidos ornamentales, estas s\u00f3lidas varillas de acr\u00edlico fundido sustituyen las tradicionales burbujas de aire por una galaxia de brillos como el arco iris, creando un resultado visual a\u00fan m\u00e1s vibrante y avanzado. Cada poste es un universo autoportante de luz, testimonio de una producci\u00f3n de precisi\u00f3n y un dise\u00f1o imaginativo.<\/p>\n<p><img fetchpriority=\"high\" decoding=\"async\" class=\"size-full wp-image-1555\" src=\"https:\/\/customacrylicproduct.com\/wp-content\/uploads\/2025\/07\/Acrylic-Bubble-Rod-1.jpg\" alt=\"Varilla acr\u00edlica para burbujas (1)\" width=\"800\" height=\"800\" srcset=\"https:\/\/customacrylicproduct.com\/wp-content\/uploads\/2025\/07\/Acrylic-Bubble-Rod-1.jpg 800w, https:\/\/customacrylicproduct.com\/wp-content\/uploads\/2025\/07\/Acrylic-Bubble-Rod-1-300x300.jpg 300w, https:\/\/customacrylicproduct.com\/wp-content\/uploads\/2025\/07\/Acrylic-Bubble-Rod-1-150x150.jpg 150w, https:\/\/customacrylicproduct.com\/wp-content\/uploads\/2025\/07\/Acrylic-Bubble-Rod-1-768x768.jpg 768w, https:\/\/customacrylicproduct.com\/wp-content\/uploads\/2025\/07\/Acrylic-Bubble-Rod-1-600x600.jpg 600w, https:\/\/customacrylicproduct.com\/wp-content\/uploads\/2025\/07\/Acrylic-Bubble-Rod-1-100x100.jpg 100w\" sizes=\"(max-width: 800px) 100vw, 800px\" \/><\/p>\n<h4 id=\"the-significance-of-sparkle-product-and-looks\">El significado del brillo: Producto y apariencia<\/h4>\n<p>El n\u00facleo de nuestro producto es el mejor acr\u00edlico moldeado, tambi\u00e9n conocido como polimetacrilato de metilo (PMMA). A diferencia de su hom\u00f3logo extruido, el acr\u00edlico moldeado ofrece una calidad \u00f3ptica extraordinaria, que rivaliza con la del vidrio y suele superarla. Es totalmente transparente y deja pasar la luz sin obst\u00e1culos, lo que es crucial para mostrar los deslumbrantes elementos que contiene. Este producto no s\u00f3lo es bello, sino tambi\u00e9n extraordinariamente robusto, con una excelente resistencia a la intemperie, seguridad UV y una elevada relaci\u00f3n resistencia-peso. Es considerablemente m\u00e1s resistente a las roturas y m\u00e1s ligero que el vidrio, lo que lo convierte en una opci\u00f3n mucho m\u00e1s segura y flexible para una enorme serie de aplicaciones.<\/p>\n<p>Sin embargo, la magia de la verdad est\u00e1 suspendida en este medio cristalino. Cientos de part\u00edculas de resplandor diligentemente escogidas se dispersan impecablemente por el polo a lo largo del proceso de fundici\u00f3n. No se trata de una terapia de superficie; el resplandor es parte integrante de la propia vara. Cuando la luz entra en la varilla, es refractada por los aspectos hexagonales pulidos y despu\u00e9s incide en estos numerosos espejos peque\u00f1os, dispers\u00e1ndose en una pantalla din\u00e1mica y multicolor. El resultado es vibrante y siempre cambiante, en respuesta a la luz ambiental y al \u00e1ngulo del p\u00fablico. Con poca luz, proporciona un brillo refinado e innovador. Bajo los focos, estalla en un espect\u00e1culo brillante y efervescente.<\/p>\n<p>El perfil hexagonal del poste es una selecci\u00f3n de estilo intencionada. Mientras que los postes redondos tradicionales son atractivos, las 6 caras planas de nuestras varillas hexagonales producen l\u00edneas ordenadas y geom\u00e9tricas que ofrecen una sensaci\u00f3n de edificio contempor\u00e1neo. Estas facetas funcionan como ventanas y prismas individuales, realzando el juego de luces y proporcionando una experiencia t\u00e1ctil especial. Adem\u00e1s, las caras planas aportan ventajas sensibles, como la protecci\u00f3n contra la rodadura y una superficie estable para la instalaci\u00f3n o la integraci\u00f3n en conjuntos m\u00e1s grandes.<\/p>\n<p><img decoding=\"async\" class=\"size-full wp-image-1559\" src=\"https:\/\/customacrylicproduct.com\/wp-content\/uploads\/2025\/07\/Acrylic-Bubble-Rod-5.jpg\" alt=\"Varilla acr\u00edlica para burbujas (5)\" width=\"800\" height=\"800\" srcset=\"https:\/\/customacrylicproduct.com\/wp-content\/uploads\/2025\/07\/Acrylic-Bubble-Rod-5.jpg 800w, https:\/\/customacrylicproduct.com\/wp-content\/uploads\/2025\/07\/Acrylic-Bubble-Rod-5-300x300.jpg 300w, https:\/\/customacrylicproduct.com\/wp-content\/uploads\/2025\/07\/Acrylic-Bubble-Rod-5-150x150.jpg 150w, https:\/\/customacrylicproduct.com\/wp-content\/uploads\/2025\/07\/Acrylic-Bubble-Rod-5-768x768.jpg 768w, https:\/\/customacrylicproduct.com\/wp-content\/uploads\/2025\/07\/Acrylic-Bubble-Rod-5-600x600.jpg 600w, https:\/\/customacrylicproduct.com\/wp-content\/uploads\/2025\/07\/Acrylic-Bubble-Rod-5-100x100.jpg 100w\" sizes=\"(max-width: 800px) 100vw, 800px\" \/><\/p>\n<h4 id=\"a-canvas-for-imagination-unparalleled-applications\">Un lienzo para la imaginaci\u00f3n: Aplicaciones sin precedentes<\/h4>\n<p>La adaptabilidad de nuestras barras de brillo acr\u00edlicas transparentes a medida s\u00f3lo est\u00e1 limitada por su imaginaci\u00f3n. Sus especiales propiedades visuales y su robustez f\u00edsica las convierten en una opci\u00f3n \u00f3ptima para una gran variedad de mercados y empresas innovadoras:<\/p>\n<ul>\n<li><strong>Dise\u00f1o arquitect\u00f3nico y de interiores:\u00a0<\/strong>Transforme componentes pr\u00e1cticos en atributos magn\u00edficos. Piense en estos postes como elegantes balaustradas para una escalera, elegantes tiradores para puertas o atractivos separadores de ambientes. Pueden utilizarse para crear superficies de pared que se diviertan con la luz y a\u00f1adan profundidad y belleza a cualquier tipo de espacio, desde viviendas de alta gama hasta complejos tur\u00edsticos y vest\u00edbulos de empresas.<\/li>\n<li><strong>Fabricaci\u00f3n de muebles:\u00a0<\/strong>D\u00e9 a su mobiliario un toque distintivo. Utilice estos postes como patas de mesa para obtener un resultado celestial y a la deriva, o como elegantes tiradores de caj\u00f3n y tiradores de armario que act\u00faan como joyas preciosas para su ebanister\u00eda. El resultado es un mueble que no s\u00f3lo es pr\u00e1ctico, sino una aut\u00e9ntica obra de arte.<\/li>\n<li><strong>Presenta el comercio minorista y los puntos de venta (TPV):\u00a0<\/strong>En un entorno minorista competitivo, captar el inter\u00e9s del cliente es vital. Nuestras barras de brillo son ideales para desarrollar pantallas de exposici\u00f3n de art\u00edculos de primera calidad, elevadores y acentos de se\u00f1alizaci\u00f3n que atraigan la mirada. El brillo fundamental incluye una suposici\u00f3n de valor y lujo, por lo que son ideales para exhibir cosm\u00e9ticos, bisuter\u00eda, electr\u00f3nica y otros productos de coste.<\/li>\n<li><strong>Dise\u00f1o de luces:\u00a0<\/strong>Estos postes son el sue\u00f1o de cualquier dise\u00f1ador de iluminaci\u00f3n. Int\u00e9grelos en candelabros personalizados, l\u00e1mparas colgantes o apliques de pared. La propia varilla viene a ser un componente de la iluminaci\u00f3n, capturando la luz de la fuente y refract\u00e1ndola en un patr\u00f3n impresionante, desarrollando impactos ambientales que ning\u00fan producto medio puede reproducir.<\/li>\n<li><strong>Arte y Escultura:\u00a0<\/strong>Para m\u00fasicos y escultores, estos bastones son una herramienta especial e inspiradora. Se pueden utilizar para descubrir motivos de luz, espacio y comprensi\u00f3n, creando esculturas visualmente impresionantes y conceptualmente ricas.<\/li>\n<li><strong>Proyectos artesanales y personalizados:\u00a0<\/strong>Las posibilidades para los aficionados y artesanos son ilimitadas: desde el manejo personalizado de cuchillas y espacios en blanco para bol\u00edgrafos hasta palos decorativos y modelismo. El material es muy f\u00e1cil de mecanizar, cortar, taladrar y pulir, lo que permite complejas personalizaciones.<\/li>\n<\/ul>\n<p><img decoding=\"async\" class=\"size-full wp-image-1558\" src=\"https:\/\/customacrylicproduct.com\/wp-content\/uploads\/2025\/07\/Acrylic-Bubble-Rod-4.jpg\" alt=\"Varilla acr\u00edlica para burbujas (4)\" width=\"800\" height=\"800\" srcset=\"https:\/\/customacrylicproduct.com\/wp-content\/uploads\/2025\/07\/Acrylic-Bubble-Rod-4.jpg 800w, https:\/\/customacrylicproduct.com\/wp-content\/uploads\/2025\/07\/Acrylic-Bubble-Rod-4-300x300.jpg 300w, https:\/\/customacrylicproduct.com\/wp-content\/uploads\/2025\/07\/Acrylic-Bubble-Rod-4-150x150.jpg 150w, https:\/\/customacrylicproduct.com\/wp-content\/uploads\/2025\/07\/Acrylic-Bubble-Rod-4-768x768.jpg 768w, https:\/\/customacrylicproduct.com\/wp-content\/uploads\/2025\/07\/Acrylic-Bubble-Rod-4-600x600.jpg 600w, https:\/\/customacrylicproduct.com\/wp-content\/uploads\/2025\/07\/Acrylic-Bubble-Rod-4-100x100.jpg 100w\" sizes=\"(max-width: 800px) 100vw, 800px\" \/><\/p>\n<h4 id=\"the-power-of-customization-tailored-to-your-vision\">El poder de la personalizaci\u00f3n: A la medida de su visi\u00f3n<\/h4>\n<p>Comprendemos que cada tarea tiene unos requisitos distintos. Por eso ofrecemos considerables opciones de modificaci\u00f3n para garantizar que nuestras barras acr\u00edlicas se ajusten perfectamente a su visi\u00f3n innovadora.<\/p>\n<ul>\n<li><strong>Dimensiones:\u00a0<\/strong>Podemos generar barras en una amplia variedad de tama\u00f1os y tama\u00f1os personalizados para ajustarse a sus especificaciones precisas, minimizando los residuos y el tiempo de construcci\u00f3n por su parte.<\/li>\n<li><strong>Opciones de brillo:\u00a0<\/strong>Su visi\u00f3n, su tono. Aunque el brillo plateado\/iridiscente tradicional es una opci\u00f3n destacada, podemos trabajar con usted para incorporar diversos colores de purpurina, dimensiones y grosor para lograr una apariencia determinada: desde un refinado y espor\u00e1dico efecto de luz de estrellas hasta un brillo denso y supersaturado.<\/li>\n<li><strong>Perfiles:\u00a0<\/strong>Si bien la varilla hexagonal es nuestra oferta de marca registrada, podemos descubrir adem\u00e1s otros perfiles, como el cuadrado, el redondo o tal vez el retorcido, en funci\u00f3n de las necesidades de la tarea.<\/li>\n<li><strong>Acabado:\u00a0<\/strong>Nuestro servicio no termina con la producci\u00f3n. Podemos entregar los postes reducidos a longitudes exactas, con los extremos abrillantados hasta conseguir una superficie similar al cristal, o taladrados y retocados para facilitar el montaje.<\/li>\n<\/ul>\n<h4 id=\"your-partner-in-technology\">Su socio tecnol\u00f3gico<\/h4>\n<p>Nuestras barras brillantes de pol\u00edmero transparente personalizadas son m\u00e1s que un simple art\u00edculo: son un componente de motivaci\u00f3n. Proporcionan una oportunidad \u00fanica para infundir a las tareas luz, lujo y una personalidad distintiva. Al elegir nuestros actores fuertes barras de acr\u00edlico, usted est\u00e1 comprando de alta calidad superior, encanto visual sin igual, y la flexibilidad de la modificaci\u00f3n completa.<\/p>\n<p>Perm\u00edtanos ayudarle a dar vida a sus conceptos m\u00e1s entusiastas. Tanto si es un arquitecto que dise\u00f1a una estructura de obra, un fabricante de muebles que produce una nueva colecci\u00f3n o un m\u00fasico que ampl\u00eda los l\u00edmites de su medio, estos postes ofrecen una estructura de chispa.<\/p>\n<p>Ll\u00e1menos hoy mismo para hablar de las necesidades de su proyecto, solicite una muestra y descubra c\u00f3mo nuestras barras de purpurina acr\u00edlicas transparentes personalizadas pueden iluminar su siguiente proyecto. Su visi\u00f3n es el proyecto; nosotros ofrecemos el brillo.<\/p>","protected":false},"excerpt":{"rendered":"<p class=\"ng-star-inserted\"><span class=\"ng-star-inserted\">Realce sus dise\u00f1os con nuestras varillas de burbujas de acr\u00edlico transparente personalizadas. Estas s\u00f3lidas varillas hexagonales moldeadas est\u00e1n rellenas de purpurina brillante para conseguir un acabado deslumbrante y de alta gama. Perfectas para acentos decorativos, expositores y proyectos creativos.<\/span><\/p>","protected":false},"featured_media":1555,"template":"","meta":{"_kad_post_transparent":"default","_kad_post_title":"","_kad_post_layout":"default","_kad_post_sidebar_id":"","_kad_post_content_style":"default","_kad_post_vertical_padding":"default","_kad_post_feature":"","_kad_post_feature_position":"","_kad_post_header":false,"_kad_post_footer":false,"_kad_post_classname":""},"product_brand":[],"product_cat":[23],"product_tag":[61],"class_list":{"0":"post-1554","1":"product","2":"type-product","3":"status-publish","4":"has-post-thumbnail","6":"product_cat-custom-acrylic-rods-tubes","7":"product_tag-custom-acrylic-rods","9":"first","10":"instock","11":"shipping-taxable","12":"product-type-simple","13":"entry","14":"content-bg","15":"loop-entry"},"_links":{"self":[{"href":"https:\/\/customacrylicproduct.com\/es\/wp-json\/wp\/v2\/product\/1554","targetHints":{"allow":["GET"]}}],"collection":[{"href":"https:\/\/customacrylicproduct.com\/es\/wp-json\/wp\/v2\/product"}],"about":[{"href":"https:\/\/customacrylicproduct.com\/es\/wp-json\/wp\/v2\/types\/product"}],"wp:featuredmedia":[{"embeddable":true,"href":"https:\/\/customacrylicproduct.com\/es\/wp-json\/wp\/v2\/media\/1555"}],"wp:attachment":[{"href":"https:\/\/customacrylicproduct.com\/es\/wp-json\/wp\/v2\/media?parent=1554"}],"wp:term":[{"taxonomy":"product_brand","embeddable":true,"href":"https:\/\/customacrylicproduct.com\/es\/wp-json\/wp\/v2\/product_brand?post=1554"},{"taxonomy":"product_cat","embeddable":true,"href":"https:\/\/customacrylicproduct.com\/es\/wp-json\/wp\/v2\/product_cat?post=1554"},{"taxonomy":"product_tag","embeddable":true,"href":"https:\/\/customacrylicproduct.com\/es\/wp-json\/wp\/v2\/product_tag?post=1554"}],"curies":[{"name":"wp","href":"https:\/\/api.w.org\/{rel}","templated":true}]}}