{"id":1564,"date":"2025-07-22T06:36:07","date_gmt":"2025-07-22T06:36:07","guid":{"rendered":"https:\/\/customacrylicproduct.com\/?post_type=product&#038;p=1564"},"modified":"2025-07-22T06:36:07","modified_gmt":"2025-07-22T06:36:07","slug":"custom-color-printing-square-shape-acrylic-trophy-awards","status":"publish","type":"product","link":"https:\/\/customacrylicproduct.com\/es\/custom-color-printing-square-shape-acrylic-trophy-awards\/","title":{"rendered":"Trofeos de acr\u00edlico de forma cuadrada con impresi\u00f3n en color personalizada"},"content":{"rendered":"<h3 id=\"elevate-recognition-the-exceptional-style-of-custom-made-color-printing-square-shape-acrylic-trophy-honors\">Eleve el reconocimiento: El excepcional estilo de los trofeos de acr\u00edlico de forma cuadrada con impresi\u00f3n en color a medida Honores<\/h3>\n<p>En un mundo de fugaces recomendaciones electr\u00f3nicas, el acto de ofrecer un honor f\u00edsico sigue siendo un movimiento extenso y duradero. Es un icono tangible del logro, un recuerdo duradero de un momento decisivo y una eficaz declaraci\u00f3n de valor. Presentamos nuestra principal l\u00ednea de\u00a0<strong>Personalizado de impresi\u00f3n en color cuadrado de formaci\u00f3n de acr\u00edlico Trofeo Honores\u00a0<\/strong>- una opci\u00f3n moderna, din\u00e1mica y sofisticada creada para convertir el reconocimiento en una obra de arte. Estos galardones van m\u00e1s all\u00e1 de los t\u00edpicos premios, ya que utilizan un lienzo luminiscente en el que su marca, su mensaje y su evento reviven con una calidad y un matiz impresionantes.<\/p>\n<p><img fetchpriority=\"high\" decoding=\"async\" class=\"size-full wp-image-1565\" src=\"https:\/\/customacrylicproduct.com\/wp-content\/uploads\/2025\/07\/Acrylic-Trophy-Awards-1.jpg\" alt=\"Trofeos de acr\u00edlico (1)\" width=\"800\" height=\"800\" srcset=\"https:\/\/customacrylicproduct.com\/wp-content\/uploads\/2025\/07\/Acrylic-Trophy-Awards-1.jpg 800w, https:\/\/customacrylicproduct.com\/wp-content\/uploads\/2025\/07\/Acrylic-Trophy-Awards-1-300x300.jpg 300w, https:\/\/customacrylicproduct.com\/wp-content\/uploads\/2025\/07\/Acrylic-Trophy-Awards-1-150x150.jpg 150w, https:\/\/customacrylicproduct.com\/wp-content\/uploads\/2025\/07\/Acrylic-Trophy-Awards-1-768x768.jpg 768w, https:\/\/customacrylicproduct.com\/wp-content\/uploads\/2025\/07\/Acrylic-Trophy-Awards-1-600x600.jpg 600w, https:\/\/customacrylicproduct.com\/wp-content\/uploads\/2025\/07\/Acrylic-Trophy-Awards-1-100x100.jpg 100w\" sizes=\"(max-width: 800px) 100vw, 800px\" \/><\/p>\n<p><strong>El medio moderno: El poder y la pureza del acr\u00edlico<\/strong><\/p>\n<p>En el coraz\u00f3n de estos premios excepcionales se encuentra la selecci\u00f3n del material: acr\u00edlico cristalino de primera calidad. Valorado por su claridad \u00f3ptica, a la altura del cristal m\u00e1s fino, el acr\u00edlico ofrece una serie de ventajas superiores. Posee una alta calidad brillante y luminiscente que capta y refracta la luz, dando a cualquier estilo una sensaci\u00f3n innata de eminencia e importancia.<\/p>\n<p>A diferencia del vidrio, el pol\u00edmero es mucho m\u00e1s ligero y resistente a las roturas, lo que garantiza que su s\u00edmbolo de reconocimiento sea a la vez impresionante y resistente. Esta resistencia hace que sea perfecto para la entrega, ofreciendo en grandes eventos, y mostrando con orgullo durante muchos a\u00f1os sin temor a da\u00f1os muy f\u00e1cil. Las l\u00edneas limpias y n\u00edtidas y la sensaci\u00f3n significativa del fuerte bloque acr\u00edlico producen una est\u00e9tica moderna que se siente a la vez moderna y cl\u00e1sica. Su notable superficie no porosa es la estructura ideal para la espectacular innovaci\u00f3n en impresi\u00f3n que distingue a estos honores.<\/p>\n<p><img decoding=\"async\" class=\"size-full wp-image-1566\" src=\"https:\/\/customacrylicproduct.com\/wp-content\/uploads\/2025\/07\/Acrylic-Trophy-Awards-2.jpg\" alt=\"Trofeos de acr\u00edlico (2)\" width=\"800\" height=\"800\" srcset=\"https:\/\/customacrylicproduct.com\/wp-content\/uploads\/2025\/07\/Acrylic-Trophy-Awards-2.jpg 800w, https:\/\/customacrylicproduct.com\/wp-content\/uploads\/2025\/07\/Acrylic-Trophy-Awards-2-300x300.jpg 300w, https:\/\/customacrylicproduct.com\/wp-content\/uploads\/2025\/07\/Acrylic-Trophy-Awards-2-150x150.jpg 150w, https:\/\/customacrylicproduct.com\/wp-content\/uploads\/2025\/07\/Acrylic-Trophy-Awards-2-768x768.jpg 768w, https:\/\/customacrylicproduct.com\/wp-content\/uploads\/2025\/07\/Acrylic-Trophy-Awards-2-600x600.jpg 600w, https:\/\/customacrylicproduct.com\/wp-content\/uploads\/2025\/07\/Acrylic-Trophy-Awards-2-100x100.jpg 100w\" sizes=\"(max-width: 800px) 100vw, 800px\" \/><\/p>\n<p><strong>Una revoluci\u00f3n en reconocimiento: Publicaci\u00f3n a todo color con profundidad tridimensional<\/strong><\/p>\n<p>Lo que realmente distingue a estos productos es el vanguardista proceso de impresi\u00f3n a todo color. Utilizamos la tecnolog\u00eda m\u00e1s avanzada de impresi\u00f3n directa UV, que emplea tinta directamente en el reverso del bloque acr\u00edlico. Esta t\u00e9cnica es transformadora por varios factores:.<\/p>\n<ol>\n<li><strong>Color vivo y rico:\u00a0<\/strong>Los colores no est\u00e1n s\u00f3lo en la superficie, sino que est\u00e1n asegurados tras una gruesa capa transparente de acr\u00edlico. Esto crea una incre\u00edble sensaci\u00f3n de profundidad y viveza. El acr\u00edlico act\u00faa como una lente, multiplicando el esplendor de los tonos y asegurando la obra de arte. Como se ve en las im\u00e1genes, esto permite crear dise\u00f1os asombrosos, desde los acogedores degradados de amarillo y naranja besados por el sol de un galard\u00f3n por el 10\u00ba aniversario hasta los fr\u00edos azules comerciales de una placa de cualificaci\u00f3n profesional.<\/li>\n<li><strong>Informaci\u00f3n y precisi\u00f3n incre\u00edbles:\u00a0<\/strong>Nuestro procedimiento de impresi\u00f3n puede reproducir dise\u00f1os de logotipos complicados, patrones intrincados, textos finos e incluso fotos con una integridad sensacional. Cada l\u00ednea es n\u00edtida, cada degradado es suave y cada tono es fiel a la identidad de su marca. Los sutiles patrones de puntos y los gr\u00e1ficos divididos visibles en el premio \u201cChina Coffee Cup\u201d muestran el grado de informaci\u00f3n que se puede conseguir, incluida una estructura avanzada del dise\u00f1o.<\/li>\n<li><strong>Sensaci\u00f3n de profundidad y suspensi\u00f3n:\u00a0<\/strong>Al publicar en el reverso, el dise\u00f1o parece flotar dentro del bloque acr\u00edlico. Esto desarrolla un cautivador resultado tridimensional que invita al visitante a mirar mejor. La interacci\u00f3n de la luz con el bloque estimula el dise\u00f1o, convirti\u00e9ndolo en una pieza din\u00e1mica e interesante. Esta profundidad est\u00e9tica convierte un sencillo premio en una cautivadora escultura para ordenador de sobremesa.<\/li>\n<\/ol>\n<p><img decoding=\"async\" class=\"size-full wp-image-1568\" src=\"https:\/\/customacrylicproduct.com\/wp-content\/uploads\/2025\/07\/Acrylic-Trophy-Awards-4.jpg\" alt=\"Trofeos de acr\u00edlico (4)\" width=\"800\" height=\"800\" srcset=\"https:\/\/customacrylicproduct.com\/wp-content\/uploads\/2025\/07\/Acrylic-Trophy-Awards-4.jpg 800w, https:\/\/customacrylicproduct.com\/wp-content\/uploads\/2025\/07\/Acrylic-Trophy-Awards-4-300x300.jpg 300w, https:\/\/customacrylicproduct.com\/wp-content\/uploads\/2025\/07\/Acrylic-Trophy-Awards-4-150x150.jpg 150w, https:\/\/customacrylicproduct.com\/wp-content\/uploads\/2025\/07\/Acrylic-Trophy-Awards-4-768x768.jpg 768w, https:\/\/customacrylicproduct.com\/wp-content\/uploads\/2025\/07\/Acrylic-Trophy-Awards-4-600x600.jpg 600w, https:\/\/customacrylicproduct.com\/wp-content\/uploads\/2025\/07\/Acrylic-Trophy-Awards-4-100x100.jpg 100w\" sizes=\"(max-width: 800px) 100vw, 800px\" \/><\/p>\n<p><strong>La forma cuadrada: Un icono de seguridad, honradez y excelencia<\/strong><\/p>\n<p>La opci\u00f3n de una forma de bloque cuadrado o rectangular es voluntaria y simb\u00f3lica. Este tipo geom\u00e9trico atemporal representa la estabilidad, la fuerza y una base s\u00f3lida, cualidades intr\u00ednsecas a cualquier tipo de logro considerable. Sus l\u00edneas ordenadas y sim\u00e9tricas proporcionan un lienzo perfecto y sin obstrucciones para su visi\u00f3n innovadora, asegur\u00e1ndose de que la atenci\u00f3n sigue centrada en el mensaje y el dise\u00f1o.<\/p>\n<p>La naturaleza significativa y aut\u00f3noma del bloque le confiere una existencia imponente en cualquier escritorio, estanter\u00eda o repisa de chimenea. No requiere una base separada, por lo que su cuenta es m\u00ednima y elegante. Los gruesos bordes pulidos con diamante son suaves al tacto y crean bellos elementos reflectantes que mejoran el brillo total del galard\u00f3n.<\/p>\n<p><strong>Personalizaci\u00f3n ilimitada para cada celebraci\u00f3n<\/strong><\/p>\n<p>Estas condecoraciones acr\u00edlicas son una pizarra en blanco para sus necesidades de reconocimiento. El poder de la modificaci\u00f3n completa implica que usted puede producir un honor distinto y profundamente personal para cualquier evento o punto de inflexi\u00f3n. Como muestran los diversos ejemplos, las oportunidades son infinitas:.<\/p>\n<ul>\n<li><strong>Aniversarios de empresas:\u00a0<\/strong>Conmemore a\u00f1os de dedicaci\u00f3n y \u00e9xito, como el \u201c10\u00ba honor 2013-2023\u2033, con d\u00edas personalizados, lemas firmes (\u201d \u5171\u751f|\u5171\u521b|\u5171\u4eab|\u5171\u8d62\u201d - Sinergia, Cocreaci\u00f3n, Compartir, Ganar-Ganar) y combinaciones de colores de m\u00e1xima calidad.<\/li>\n<li><strong>Reconocimiento del empleado:\u00a0<\/strong>Celebre a los animadores destacados, al \u201cmiembro del personal del mes\u201d o la calidad de la gesti\u00f3n con nombres, d\u00edas y mensajes de agradecimiento individualizados.<\/li>\n<li><strong>Premios a las ventas y al \u00e9xito:\u00a0<\/strong>Anime a sus equipos identificando las mejores cifras de ventas, la finalizaci\u00f3n de proyectos o los hitos de desarrollo con dise\u00f1os llamativos e impactantes.<\/li>\n<li><strong>Premios de Ocasi\u00f3n y Conferencias:\u00a0<\/strong>Desarrolle recuerdos memorables para ponentes de audio, patrocinadores o campeones de concursos. El premio sueco \u201cLLB EXPO 2022 - PRIS F\u00d6R B\u00c4STA MONTER\u201d (Premio al mejor stand) es el mejor ejemplo de trofeo moderno y espec\u00edfico para un evento.<\/li>\n<li><strong>Reconocimiento de compa\u00f1eros y clientes:\u00a0<\/strong>Fortalezca las relaciones comerciales ofreci\u00e9ndoles un obsequio de alta calidad que indique una valiosa colaboraci\u00f3n.<\/li>\n<li><strong>Placas de acreditaci\u00f3n y formaci\u00f3n:\u00a0<\/strong>Defina la finalizaci\u00f3n de un programa, como el \u201cCCT China Coffee Taster \u57f9\u8bad\u8ba4\u8bc1\u9879\u76ee\u201d (Programa de Cualificaci\u00f3n para la Formaci\u00f3n), con una placa de autoridades y de aspecto profesional.<\/li>\n<\/ul>\n<p><strong>El arte de la presentaci\u00f3n<\/strong><\/p>\n<p>Un premio extraordinario merece una presentaci\u00f3n igualmente extraordinaria. Tal y como se muestra en la imagen inicial, nuestros trofeos acr\u00edlicos pueden ir acompa\u00f1ados de una caja de presentaci\u00f3n personalizada. Estas elegantes cajas negras presentan una superficie distintiva y un embellecedor innovador, que proporcionan una lujosa experiencia al abrir la caja. El suave forro interior no s\u00f3lo protege el galard\u00f3n durante el transporte, sino que tambi\u00e9n lo estructura magn\u00edficamente al abrirlo, elevando el momento de la presentaci\u00f3n y subrayando la importancia del honor concedido.<\/p>\n<p><strong>\u00bfPor qu\u00e9 elegir nuestros trofeos acr\u00edlicos a medida?<\/strong><\/p>\n<ul>\n<li><strong>Sofisticaci\u00f3n moderna:\u00a0<\/strong>Una opci\u00f3n contempor\u00e1nea a los t\u00edpicos premios de cristal o metal.<\/li>\n<li><strong>Impacto visual incomparable:\u00a0<\/strong>La impresi\u00f3n a todo color y en alta definici\u00f3n desarrolla dise\u00f1os sensacionales y din\u00e1micos con un impacto 3D \u00fanico.<\/li>\n<li><strong>Durabilidad superior:\u00a0<\/strong>Fabricado en acr\u00edlico inastillable con impresi\u00f3n resistente a la decoloraci\u00f3n y los ara\u00f1azos.<\/li>\n<li><strong>Personalizaci\u00f3n completa:\u00a0<\/strong>Su logotipo, sus matices, su texto. Desarrolle un premio que sea una representaci\u00f3n fiel del nombre de su marca y del logro que celebra.<\/li>\n<li><strong>Impacto duradero:\u00a0<\/strong>Esto es m\u00e1s que un trofeo; es una obra de arte que funciona como un recordatorio constante y hermoso del \u00e9xito y el reconocimiento.<\/li>\n<\/ul>\n<p>Celebre su siguiente hito no s\u00f3lo con un premio, sino con una declaraci\u00f3n. Una declaraci\u00f3n de m\u00e1xima calidad, una declaraci\u00f3n de creatividad y una declaraci\u00f3n de admiraci\u00f3n real. Elija el trofeo de honor de acr\u00edlico cuadrado con impresi\u00f3n en color personalizada y haga un regalo tan fant\u00e1stico como el propio \u00e9xito.<\/p>","protected":false},"excerpt":{"rendered":"<p class=\"ng-star-inserted\"><span class=\"ng-star-inserted\">Celebre el \u00e9xito con nuestros premios acr\u00edlicos cuadrados personalizados. Con impresi\u00f3n vibrante a todo color para mostrar su logotipo y mensaje. Estos modernos trofeos en bloque son perfectos para el reconocimiento corporativo, el agradecimiento a los empleados y eventos especiales. Una forma elegante y memorable de honrar los logros.<\/span><\/p>","protected":false},"featured_media":1565,"template":"","meta":{"_kad_post_transparent":"default","_kad_post_title":"","_kad_post_layout":"default","_kad_post_sidebar_id":"","_kad_post_content_style":"default","_kad_post_vertical_padding":"default","_kad_post_feature":"","_kad_post_feature_position":"","_kad_post_header":false,"_kad_post_footer":false,"_kad_post_classname":""},"product_brand":[],"product_cat":[19],"product_tag":[96,145],"class_list":{"0":"post-1564","1":"product","2":"type-product","3":"status-publish","4":"has-post-thumbnail","6":"product_cat-custom-acrylic-trophies-awards","7":"product_tag-acrylic-awards","8":"product_tag-acrylic-custom-trophy","10":"first","11":"instock","12":"shipping-taxable","13":"product-type-simple","14":"entry","15":"content-bg","16":"loop-entry"},"_links":{"self":[{"href":"https:\/\/customacrylicproduct.com\/es\/wp-json\/wp\/v2\/product\/1564","targetHints":{"allow":["GET"]}}],"collection":[{"href":"https:\/\/customacrylicproduct.com\/es\/wp-json\/wp\/v2\/product"}],"about":[{"href":"https:\/\/customacrylicproduct.com\/es\/wp-json\/wp\/v2\/types\/product"}],"wp:featuredmedia":[{"embeddable":true,"href":"https:\/\/customacrylicproduct.com\/es\/wp-json\/wp\/v2\/media\/1565"}],"wp:attachment":[{"href":"https:\/\/customacrylicproduct.com\/es\/wp-json\/wp\/v2\/media?parent=1564"}],"wp:term":[{"taxonomy":"product_brand","embeddable":true,"href":"https:\/\/customacrylicproduct.com\/es\/wp-json\/wp\/v2\/product_brand?post=1564"},{"taxonomy":"product_cat","embeddable":true,"href":"https:\/\/customacrylicproduct.com\/es\/wp-json\/wp\/v2\/product_cat?post=1564"},{"taxonomy":"product_tag","embeddable":true,"href":"https:\/\/customacrylicproduct.com\/es\/wp-json\/wp\/v2\/product_tag?post=1564"}],"curies":[{"name":"wp","href":"https:\/\/api.w.org\/{rel}","templated":true}]}}