{"id":1569,"date":"2025-07-22T06:45:36","date_gmt":"2025-07-22T06:45:36","guid":{"rendered":"https:\/\/customacrylicproduct.com\/?post_type=product&#038;p=1569"},"modified":"2025-07-22T06:45:36","modified_gmt":"2025-07-22T06:45:36","slug":"acrylic-round-candy-box-candy-container-candy-box-odorless","status":"publish","type":"product","link":"https:\/\/customacrylicproduct.com\/es\/acrylic-round-candy-box-candy-container-candy-box-odorless\/","title":{"rendered":"Caja de caramelos redonda de acr\u00edlico Caja de caramelos inodora"},"content":{"rendered":"<h3 id=\"unveil-the-art-of-discussion-the-ultimate-acrylic-round-sweet-storage-box\">Descubra el Arte de la Discusi\u00f3n: La caja redonda acr\u00edlica definitiva para dulces y almacenamiento<\/h3>\n<p>En un mundo en el que la elegancia reside en los detalles, la forma en que guardamos y ofrecemos nuestros objetos m\u00e1s preciados es importante. Visualice una opci\u00f3n de espacio de almacenamiento que no s\u00f3lo oculte sus premios, sino que los celebre. Un contenedor que transforme los objetos cotidianos en una cuidada pantalla de visualizaci\u00f3n, y las golosinas sencillas en una elegante oferta. Le invitamos a descubrir esa soluci\u00f3n con nuestro\u00a0<strong>Bombonera redonda de pol\u00edmero\u00a0<\/strong>, Una obra maestra de claridad, funcionalidad y dise\u00f1o minimalista. No se trata simplemente de una caja; es una ventana dom\u00e9stica a su mundo, diligentemente elaborada para aportar orden, encanto y clase a cualquier zona.<\/p>\n<p><img fetchpriority=\"high\" decoding=\"async\" class=\"wp-image-1571 size-large aligncenter\" src=\"https:\/\/customacrylicproduct.com\/wp-content\/uploads\/2025\/07\/Acrylic-Round-Candy-Box-2-1024x1024.jpg\" alt=\"Bombonera acr\u00edlica redonda (2)\" width=\"1024\" height=\"1024\" srcset=\"https:\/\/customacrylicproduct.com\/wp-content\/uploads\/2025\/07\/Acrylic-Round-Candy-Box-2-1024x1024.jpg 1024w, https:\/\/customacrylicproduct.com\/wp-content\/uploads\/2025\/07\/Acrylic-Round-Candy-Box-2-300x300.jpg 300w, https:\/\/customacrylicproduct.com\/wp-content\/uploads\/2025\/07\/Acrylic-Round-Candy-Box-2-150x150.jpg 150w, https:\/\/customacrylicproduct.com\/wp-content\/uploads\/2025\/07\/Acrylic-Round-Candy-Box-2-768x768.jpg 768w, https:\/\/customacrylicproduct.com\/wp-content\/uploads\/2025\/07\/Acrylic-Round-Candy-Box-2-600x600.jpg 600w, https:\/\/customacrylicproduct.com\/wp-content\/uploads\/2025\/07\/Acrylic-Round-Candy-Box-2-100x100.jpg 100w, https:\/\/customacrylicproduct.com\/wp-content\/uploads\/2025\/07\/Acrylic-Round-Candy-Box-2.jpg 1200w\" sizes=\"(max-width: 1024px) 100vw, 1024px\" \/><\/p>\n<h4 id=\"a-symphony-of-clarity-and-design\">Una sinfon\u00eda de claridad y dise\u00f1o<\/h4>\n<p>Lo primero que observar\u00e1 en estos envases es su impresionante transparencia. Fabricadas con acr\u00edlico de alta pureza, cada caja tiene un revestimiento cristalino que iguala el brillo del cristal, pero sin su fragilidad. Esta pr\u00edstina transparencia no es s\u00f3lo un atractivo est\u00e9tico; es una opci\u00f3n de dise\u00f1o b\u00e1sica que ofrece varios objetivos. Permite que los tonos din\u00e1micos de sus dulces -los suaves pasteles de las almendras Jordan, el c\u00e1lido naranja de los besos de merengue, los ricos colores de los bombones hechos a mano- brillen, creando un irresistible banquete visual. Para la joyer\u00eda y la artesan\u00eda, esta apertura facilita la identificaci\u00f3n. Se acab\u00f3 abrir montones de cajas opacas para encontrar una cuenta o un conjunto de joyas concreto. Con un solo vistazo, toda su colecci\u00f3n es visible y accesible, como si se tratara de artefactos preciosos en un museo individual.<\/p>\n<p>El dise\u00f1o es elegantemente sencillo pero ingeniosamente pr\u00e1ctico. Las l\u00edneas ordenadas y la mejor forma cil\u00edndrica ofrecen un aspecto moderno que combina con cualquier tipo de estilo, desde el minimalista moderno hasta el tradicional atemporal. Cada contenedor incluye una base de forma perfecta y una tapa que se ajusta perfectamente, garantizando que sus componentes est\u00e9n protegidos de la suciedad, la humedad y el aire, manteniendo su frescura y estabilidad.<\/p>\n<p><img decoding=\"async\" class=\"size-full wp-image-1570\" src=\"https:\/\/customacrylicproduct.com\/wp-content\/uploads\/2025\/07\/Acrylic-Round-Candy-Box-1.jpg\" alt=\"Bombonera acr\u00edlica redonda (1)\" width=\"1000\" height=\"1000\" srcset=\"https:\/\/customacrylicproduct.com\/wp-content\/uploads\/2025\/07\/Acrylic-Round-Candy-Box-1.jpg 1000w, https:\/\/customacrylicproduct.com\/wp-content\/uploads\/2025\/07\/Acrylic-Round-Candy-Box-1-300x300.jpg 300w, https:\/\/customacrylicproduct.com\/wp-content\/uploads\/2025\/07\/Acrylic-Round-Candy-Box-1-150x150.jpg 150w, https:\/\/customacrylicproduct.com\/wp-content\/uploads\/2025\/07\/Acrylic-Round-Candy-Box-1-768x768.jpg 768w, https:\/\/customacrylicproduct.com\/wp-content\/uploads\/2025\/07\/Acrylic-Round-Candy-Box-1-600x600.jpg 600w, https:\/\/customacrylicproduct.com\/wp-content\/uploads\/2025\/07\/Acrylic-Round-Candy-Box-1-100x100.jpg 100w\" sizes=\"(max-width: 1000px) 100vw, 1000px\" \/><\/p>\n<h4 id=\"the-magic-of-modularity-stack-store-and-save-space\">La magia de la modularidad: Apilar, almacenar y ahorrar espacio<\/h4>\n<p>Quiz\u00e1s una de las funciones m\u00e1s innovadoras de nuestras Cajas Redondas de Pol\u00edmero para Dulces sea su ingeniosa disposici\u00f3n apilable. La base de cada recipiente est\u00e1 dise\u00f1ado para encajar de forma segura y sin problemas a la derecha en la tapa de la que aparece debajo de ella. Esto le permite crear torres de almacenamiento seguras y elegantes, transformando las desordenadas superficies horizontales en pantallas verticales ordenadas.<\/p>\n<p>Imagina tu tocador, que antes estaba repleto de productos diminutos, ahora incluye una elegante torre de varios niveles que contiene tus anillos, joyas y pulseras en zonas separadas y visibles. Imagina tu mesa de trabajo para manualidades, donde las cuentas, los interruptores y las lentejuelas ya no est\u00e1n desordenados, sino ordenados y apilados, fomentando tu creatividad. En la despensa de la cocina, estos recipientes pueden crear una v\u00edvida columna de sprays, condimentos o exquisitos dulces, conservando una preciosa superficie de estanter\u00eda a la vez que incluyen un toque de compa\u00f1\u00eda especializada. Este sistema modular es completamente ajustable; apile 2, 3, 4 o incluso m\u00e1s para desarrollar un servicio de espacio de almacenamiento perfectamente adaptado a sus necesidades. Cuando no est\u00e1n apiladas, cada caja funciona como un atractivo contenedor independiente, perfecto para regalos espec\u00edficos o para colocar por toda la casa.<\/p>\n<p><img decoding=\"async\" class=\"size-full wp-image-1574\" src=\"https:\/\/customacrylicproduct.com\/wp-content\/uploads\/2025\/07\/Acrylic-Round-Candy-Box-5.jpg\" alt=\"Bombonera acr\u00edlica redonda (5)\" width=\"1000\" height=\"1000\" srcset=\"https:\/\/customacrylicproduct.com\/wp-content\/uploads\/2025\/07\/Acrylic-Round-Candy-Box-5.jpg 1000w, https:\/\/customacrylicproduct.com\/wp-content\/uploads\/2025\/07\/Acrylic-Round-Candy-Box-5-300x300.jpg 300w, https:\/\/customacrylicproduct.com\/wp-content\/uploads\/2025\/07\/Acrylic-Round-Candy-Box-5-150x150.jpg 150w, https:\/\/customacrylicproduct.com\/wp-content\/uploads\/2025\/07\/Acrylic-Round-Candy-Box-5-768x768.jpg 768w, https:\/\/customacrylicproduct.com\/wp-content\/uploads\/2025\/07\/Acrylic-Round-Candy-Box-5-600x600.jpg 600w, https:\/\/customacrylicproduct.com\/wp-content\/uploads\/2025\/07\/Acrylic-Round-Candy-Box-5-100x100.jpg 100w\" sizes=\"(max-width: 1000px) 100vw, 1000px\" \/><\/p>\n<h4 id=\"uncompromising-quality-food-safe-sturdy-and-odorless\">Calidad sin compromisos: Seguro para los alimentos, resistente e inodoro<\/h4>\n<p>Cuando se trata de ahorrar consumibles, la alta calidad y la seguridad no son negociables. Nuestras Cajas Redondas de Pol\u00edmero para Dulces est\u00e1n fabricadas con pl\u00e1stico de \u00faltima generaci\u00f3n, libre de BPA y apto para alimentos. Este material no s\u00f3lo es duradero y resistente a las roturas, lo que lo convierte en una opci\u00f3n m\u00e1s segura que el vidrio, especialmente en hogares con ni\u00f1os peque\u00f1os, sino que adem\u00e1s es totalmente resistente a la corrosi\u00f3n.\u00a0<strong>inodoro y no poroso\u00a0<\/strong>.<\/p>\n<p>Se trata de un atributo esencial que distingue a nuestros envases. Los pl\u00e1sticos de calidad inferior pueden presentar a menudo un ligero olor o sabor qu\u00edmico a su contenido, estropeando el fr\u00e1gil perfil de sabor de los exquisitos chocolates o caramelos. Nuestro material acr\u00edlico es inerte, lo que significa que no afectar\u00e1 ni alterar\u00e1 los productos que almacene en su interior. Sus delicados merengues de vainilla sabr\u00e1n s\u00f3lo a vainilla, sus caramelos de menta para bodas seguir\u00e1n siendo simplemente refrescantes y sus mejores dulces se conservar\u00e1n en su estado original. La impecable pureza del material garantiza que lo que se guarde dentro ser\u00e1 exactamente lo que se extraiga.<\/p>\n<h4 id=\"an-universe-of-opportunities-beyond-the-sweet\">Un universo de oportunidades: M\u00e1s all\u00e1 de lo dulce<\/h4>\n<p>Aunque se llaman \u201ccajas de dulces\u201d, su utilidad va mucho m\u00e1s all\u00e1 del \u00e1mbito de los postres. Su dise\u00f1o funcional y su tama\u00f1o ideal las convierten en un importante elemento de ordenaci\u00f3n para todas las habitaciones de la casa.<\/p>\n<p><strong>Para el m\u00fasico pastelero y el panadero casero:\u00a0<\/strong>. Muestre sus creaciones culinarias con la elegancia que deben tener. Estas cajas son excelentes para regalar trufas caseras, macarons, frutos secos recubiertos de chocolate o vibrantes dulces dif\u00edciles. Util\u00edcelas como sofisticados recuerdos para bodas, fiestas infantiles y cumplea\u00f1os, cargados de golosinas acordes con su tema. La naturaleza multiuso de la propia caja se convierte en parte del regalo.<\/p>\n<p><strong>Para los aficionados a la bisuter\u00eda:\u00a0<\/strong>. Proteja sus valiosos accesorios de enredos, suciedad y p\u00e9rdidas. Los compartimentos individuales son ideales para organizar anillos, joyas con tachuelas, cadenas fr\u00e1giles y recursos. El atributo apilable le permite desarrollar un joyero personalizado que crezca con su colecci\u00f3n, mientras que la visi\u00f3n clara hace que elegir la pieza perfecta para su ropa sea un placer ma\u00f1anero.<\/p>\n<p><strong>Para los amantes de las manualidades:\u00a0<\/strong>. Ponga orden en un desorden innovador. Organizar las cuentas por color, lentejuelas tipo y brillo, mantener los interruptores y los husos de cuerda ordenada, o tienda de peque\u00f1os adornos scrapbooking. Las tapas protegidas evitan derrames molestos, y el dise\u00f1o claro le ayuda a encontrar precisamente lo que necesita en el centro de un proyecto.<\/p>\n<p><strong>Para el organizador del lugar de trabajo y del hogar:\u00a0<\/strong>. Desordena tu escritorio y armarios con estilo. Estos recipientes tienen las dimensiones perfectas para clips, chinchetas, peque\u00f1os clips para carpetas, gomas el\u00e1sticas e incluso secretos de repuesto o tarjetas SD. En el lavabo, \u00fasalos para almohadillas de algod\u00f3n, bastoncillos de algod\u00f3n, bombas de ba\u00f1o o conexiones para el pelo, manteniendo tu encimera fresca e higi\u00e9nica.<\/p>\n<h4 id=\"the-perfect-present-the-perfect-discussion-\">El regalo perfecto, la discusi\u00f3n perfecta.<\/h4>\n<p>Nuestra dulcera redonda acr\u00edlica es m\u00e1s que un objeto: es una experiencia. Es el placer de ver sus cosas favoritas bellamente organizadas. Es la confianza de hacer un regalo con idea y estilo. Es la sencilla satisfacci\u00f3n de aportar un orden ordenado y moderno a su vida.<\/p>\n<p>Si usted es un confitero experto tratando de encontrar los costos de envasado, una novia de planificaci\u00f3n de la celebraci\u00f3n de la boda perfecta prefiere, un artesano en busca de un sistema de empresa mucho mejor, o simplemente alguien que valora la armon\u00eda de forma y caracter\u00edstica, estos contenedores se crean para usted.<\/p>\n<p>Eleve su almacenamiento, perfeccione su discusi\u00f3n y redescubra la elegancia en las peque\u00f1as cosas. Invierta en un servicio tan funcional, duradero e impresionante como los art\u00edculos que colocar\u00e1 en su interior. Pida hoy mismo sus Cajas Redondas de Pol\u00edmero para Dulces y comience su viaje hacia un mundo mucho m\u00e1s ordenado y sofisticado.<\/p>","protected":false},"excerpt":{"rendered":"<p class=\"ng-star-inserted\"><span class=\"ng-star-inserted\">Presente sus caramelos y recuerdos de fiesta de forma atractiva en nuestras cajas acr\u00edlicas transparentes. Fabricadas con material inodoro y apto para uso alimentario, presentan a la perfecci\u00f3n golosinas de colores. Su dise\u00f1o vers\u00e1til y apilable tambi\u00e9n es ideal para organizar joyas y peque\u00f1as manualidades. Una soluci\u00f3n pr\u00e1ctica y elegante para guardar y regalar.<\/span><\/p>","protected":false},"featured_media":1573,"template":"","meta":{"_kad_post_transparent":"default","_kad_post_title":"","_kad_post_layout":"default","_kad_post_sidebar_id":"","_kad_post_content_style":"default","_kad_post_vertical_padding":"default","_kad_post_feature":"","_kad_post_feature_position":"","_kad_post_header":false,"_kad_post_footer":false,"_kad_post_classname":""},"product_brand":[],"product_cat":[17],"product_tag":[45],"class_list":{"0":"post-1569","1":"product","2":"type-product","3":"status-publish","4":"has-post-thumbnail","6":"product_cat-custom-acrylic-boxes","7":"product_tag-customized-acrylic-boxes","9":"first","10":"instock","11":"shipping-taxable","12":"product-type-simple","13":"entry","14":"content-bg","15":"loop-entry"},"_links":{"self":[{"href":"https:\/\/customacrylicproduct.com\/es\/wp-json\/wp\/v2\/product\/1569","targetHints":{"allow":["GET"]}}],"collection":[{"href":"https:\/\/customacrylicproduct.com\/es\/wp-json\/wp\/v2\/product"}],"about":[{"href":"https:\/\/customacrylicproduct.com\/es\/wp-json\/wp\/v2\/types\/product"}],"wp:featuredmedia":[{"embeddable":true,"href":"https:\/\/customacrylicproduct.com\/es\/wp-json\/wp\/v2\/media\/1573"}],"wp:attachment":[{"href":"https:\/\/customacrylicproduct.com\/es\/wp-json\/wp\/v2\/media?parent=1569"}],"wp:term":[{"taxonomy":"product_brand","embeddable":true,"href":"https:\/\/customacrylicproduct.com\/es\/wp-json\/wp\/v2\/product_brand?post=1569"},{"taxonomy":"product_cat","embeddable":true,"href":"https:\/\/customacrylicproduct.com\/es\/wp-json\/wp\/v2\/product_cat?post=1569"},{"taxonomy":"product_tag","embeddable":true,"href":"https:\/\/customacrylicproduct.com\/es\/wp-json\/wp\/v2\/product_tag?post=1569"}],"curies":[{"name":"wp","href":"https:\/\/api.w.org\/{rel}","templated":true}]}}