{"id":1575,"date":"2025-07-22T06:55:20","date_gmt":"2025-07-22T06:55:20","guid":{"rendered":"https:\/\/customacrylicproduct.com\/?post_type=product&#038;p=1575"},"modified":"2025-07-22T06:55:20","modified_gmt":"2025-07-22T06:55:20","slug":"custom-acrylic-clear-plastic-tube-tubing-round-pipe","status":"publish","type":"product","link":"https:\/\/customacrylicproduct.com\/es\/custom-acrylic-clear-plastic-tube-tubing-round-pipe\/","title":{"rendered":"Tubo de pl\u00e1stico acr\u00edlico transparente a medida Tubo redondo"},"content":{"rendered":"<h3 id=\"-custom-made-polymer-clear-plastic-tube-the-perfect-blend-of-quality-durability-and-flexibility-\"><strong>Tubo de pl\u00e1stico pol\u00edmero transparente a medida: La combinaci\u00f3n perfecta de calidad, durabilidad y flexibilidad<\/strong><\/h3>\n<p>Descubra la mejor opci\u00f3n para sus tareas imaginativas, industriales y empresariales con nuestros tubos de pl\u00e1stico acr\u00edlico transparente personalizados de primera calidad. Dise\u00f1ado para un rendimiento y un atractivo visual fenomenales, este tubo redondo flexible ofrece la excelente transparencia similar al cristal que usted desea, integrada con la resistencia, ligereza y manejabilidad de primera calidad del acr\u00edlico de alta calidad (PMMA). Tanto si es un ingeniero que desarrolla un avanzado sistema de fluidos, un dise\u00f1ador que conceptualiza un moderno componente de iluminaci\u00f3n, un vendedor que produce atractivas pantallas o un fan\u00e1tico del \"h\u00e1galo usted mismo\" que construye su siguiente obra de arte, nuestros tubos acr\u00edlicos a medida son el producto fundamental que dar\u00e1 vida a su visi\u00f3n.<\/p>\n<p><img fetchpriority=\"high\" decoding=\"async\" class=\"size-full wp-image-1579\" src=\"https:\/\/customacrylicproduct.com\/wp-content\/uploads\/2025\/07\/Acrylic-Clear-Plastic-Tube-4.jpg\" alt=\"Tubo acr\u00edlico de pl\u00e1stico transparente (4)\" width=\"800\" height=\"800\" srcset=\"https:\/\/customacrylicproduct.com\/wp-content\/uploads\/2025\/07\/Acrylic-Clear-Plastic-Tube-4.jpg 800w, https:\/\/customacrylicproduct.com\/wp-content\/uploads\/2025\/07\/Acrylic-Clear-Plastic-Tube-4-300x300.jpg 300w, https:\/\/customacrylicproduct.com\/wp-content\/uploads\/2025\/07\/Acrylic-Clear-Plastic-Tube-4-150x150.jpg 150w, https:\/\/customacrylicproduct.com\/wp-content\/uploads\/2025\/07\/Acrylic-Clear-Plastic-Tube-4-768x768.jpg 768w, https:\/\/customacrylicproduct.com\/wp-content\/uploads\/2025\/07\/Acrylic-Clear-Plastic-Tube-4-600x600.jpg 600w, https:\/\/customacrylicproduct.com\/wp-content\/uploads\/2025\/07\/Acrylic-Clear-Plastic-Tube-4-100x100.jpg 100w\" sizes=\"(max-width: 800px) 100vw, 800px\" \/><\/p>\n<h4 id=\"-unparalleled-optical-clearness-aesthetic-purity-\"><strong>Claridad \u00f3ptica y pureza est\u00e9tica inigualables<\/strong><\/h4>\n<p>Lo primero que observar\u00e1 en nuestros tubos acr\u00edlicos es su impresionante claridad. Como muestran las im\u00e1genes, cada tubo posee una calidad luminosa y cristalina que rivaliza con el mejor vidrio \u00f3ptico. Esta transparencia intachable garantiza una visi\u00f3n sin obst\u00e1culos de lo que haya dentro o detr\u00e1s del tubo, lo que lo convierte en la selecci\u00f3n perfecta para aplicaciones en las que la presencia es vital.<\/p>\n<p>A diferencia de otros pl\u00e1sticos que pueden tener un tinte turbio o azulado, nuestros tubos de PMMA se fabrican con un requisito de pureza \u00f3ptica. Esto permite una transmisi\u00f3n \u00f3ptima de la luz, lo que lo hace adecuado para aplicaciones de iluminaci\u00f3n, visores y dispositivos cient\u00edficos. Cuando se utiliza en pantallas de tiendas o revestimientos de museos, protege y exhibe objetos sin distraer la atenci\u00f3n de ellos, permitiendo que los objetos mismos sean la celebridad del espect\u00e1culo. La superficie lisa y brillante refleja la luz maravillosamente, incluyendo un toque de elegancia y profesionalidad a cualquier dise\u00f1o.<\/p>\n<p><img decoding=\"async\" class=\"size-full wp-image-1576\" src=\"https:\/\/customacrylicproduct.com\/wp-content\/uploads\/2025\/07\/Acrylic-Clear-Plastic-Tube-1.jpg\" alt=\"Tubo acr\u00edlico de pl\u00e1stico transparente (1)\" width=\"800\" height=\"800\" srcset=\"https:\/\/customacrylicproduct.com\/wp-content\/uploads\/2025\/07\/Acrylic-Clear-Plastic-Tube-1.jpg 800w, https:\/\/customacrylicproduct.com\/wp-content\/uploads\/2025\/07\/Acrylic-Clear-Plastic-Tube-1-300x300.jpg 300w, https:\/\/customacrylicproduct.com\/wp-content\/uploads\/2025\/07\/Acrylic-Clear-Plastic-Tube-1-150x150.jpg 150w, https:\/\/customacrylicproduct.com\/wp-content\/uploads\/2025\/07\/Acrylic-Clear-Plastic-Tube-1-768x768.jpg 768w, https:\/\/customacrylicproduct.com\/wp-content\/uploads\/2025\/07\/Acrylic-Clear-Plastic-Tube-1-600x600.jpg 600w, https:\/\/customacrylicproduct.com\/wp-content\/uploads\/2025\/07\/Acrylic-Clear-Plastic-Tube-1-100x100.jpg 100w\" sizes=\"(max-width: 800px) 100vw, 800px\" \/><\/p>\n<h4 id=\"-the-prevalence-of-acrylic-stamina-fulfills-lightweight-design-\"><strong>El predominio del acr\u00edlico: La resistencia satisface el dise\u00f1o ligero<\/strong><\/h4>\n<p>Aunque su aspecto imita al vidrio, su eficacia lo supera con creces. Nuestros tubos acr\u00edlicos est\u00e1n fabricados con polimetacrilato de metilo (PMMA), un termopl\u00e1stico que destaca por su extraordinaria resistencia y solidez.<\/p>\n<ul>\n<li><strong>Resistencia a los efectos:\u00a0<\/strong>El acr\u00edlico es aproximadamente entre 10 y 20 veces m\u00e1s resistente a la rotura que el cristal. Esta resistencia fundamental lo convierte en una opci\u00f3n mucho m\u00e1s segura y fiable para salas p\u00fablicas, ambientes comerciales y cualquier tipo de aplicaci\u00f3n en la que la rotura sea un problema. Las ca\u00eddas accidentales o los impactos que arruinar\u00edan un tubo de vidrio suelen dejar intactos nuestros tubos acr\u00edlicos.<\/li>\n<li><strong>Ligero:\u00a0<\/strong>Considerando mucho menos del cincuenta por ciento de la altura del vidrio, los tubos acr\u00edlicos son mucho m\u00e1s sencillos de manejar, transportar y montar. Esto reduce los costes de entrega y los requisitos de carga arquitect\u00f3nica, por lo que es una opci\u00f3n pr\u00e1ctica para proyectos arquitect\u00f3nicos a gran escala, pantallas port\u00e1tiles y configuraciones complejas.<\/li>\n<li><strong>Resistencia a la intemperie y a los rayos UV:\u00a0<\/strong>Nuestros tubos acr\u00edlicos son inmunes por naturaleza a los efectos da\u00f1inos de la luz ultravioleta (UV) y las condiciones meteorol\u00f3gicas extremas. No amarillean, no se decoloran ni se vuelven fr\u00e1giles cuando se someten a la luz solar durante largos periodos de tiempo, lo que garantiza una claridad y honestidad arquitect\u00f3nica duraderas para aplicaciones exteriores como r\u00f3tulos, elementos de construcci\u00f3n o fuentes de agua para jardines.<\/li>\n<\/ul>\n<p><img decoding=\"async\" class=\"size-full wp-image-1577\" src=\"https:\/\/customacrylicproduct.com\/wp-content\/uploads\/2025\/07\/Acrylic-Clear-Plastic-Tube-2.jpg\" alt=\"Tubo acr\u00edlico de pl\u00e1stico transparente (2)\" width=\"800\" height=\"800\" srcset=\"https:\/\/customacrylicproduct.com\/wp-content\/uploads\/2025\/07\/Acrylic-Clear-Plastic-Tube-2.jpg 800w, https:\/\/customacrylicproduct.com\/wp-content\/uploads\/2025\/07\/Acrylic-Clear-Plastic-Tube-2-300x300.jpg 300w, https:\/\/customacrylicproduct.com\/wp-content\/uploads\/2025\/07\/Acrylic-Clear-Plastic-Tube-2-150x150.jpg 150w, https:\/\/customacrylicproduct.com\/wp-content\/uploads\/2025\/07\/Acrylic-Clear-Plastic-Tube-2-768x768.jpg 768w, https:\/\/customacrylicproduct.com\/wp-content\/uploads\/2025\/07\/Acrylic-Clear-Plastic-Tube-2-600x600.jpg 600w, https:\/\/customacrylicproduct.com\/wp-content\/uploads\/2025\/07\/Acrylic-Clear-Plastic-Tube-2-100x100.jpg 100w\" sizes=\"(max-width: 800px) 100vw, 800px\" \/><\/p>\n<h4 id=\"-accuracy-engineered-for-flawless-efficiency-\"><strong>Precisi\u00f3n dise\u00f1ada para una eficacia impecable<\/strong><\/h4>\n<p>La alta calidad no s\u00f3lo tiene que ver con la materia prima, sino tambi\u00e9n con el procedimiento de producci\u00f3n. Nuestros tubos acr\u00edlicos se generan mediante un moderno procedimiento de extrusi\u00f3n que garantiza una seguridad dimensional y una uniformidad fenomenales.<\/p>\n<ul>\n<li><strong>Densidad de la superficie de la pared del atuendo:\u00a0<\/strong>Cada tubo presenta una densidad de pared completamente uniforme en toda su longitud. Esto es importante para las aplicaciones que exigen clasificaciones de presi\u00f3n regulares, honestidad estructural y un aspecto est\u00e9tico perfecto sin distorsiones.<\/li>\n<li><strong>Resistencias estrechas:\u00a0<\/strong>Mantenemos un control riguroso tanto del di\u00e1metro interior (DI) como del tama\u00f1o exterior (DE), garantizando que nuestros tubos cumplan unas especificaciones precisas. Esta uniformidad es importante para producir ajustes herm\u00e9ticos con otros componentes, juntas t\u00f3ricas y conectores, protegiendo contra fugas y asegurando una combinaci\u00f3n perfecta en su configuraci\u00f3n.<\/li>\n<li><strong>Acabado limpio y liso:\u00a0<\/strong>Los tubos se entregan con los laterales limpios y lisos, como se aprecia en las minuciosas im\u00e1genes de primer plano. Esta superficie profesional le ahorrar\u00e1 tiempo y esfuerzo en el postprocesado y le permitir\u00e1 utilizarla en aplicaciones de gama alta.<\/li>\n<\/ul>\n<h4 id=\"-the-power-of-modification-your-vision-our-tubing-\"><strong>El poder de la modificaci\u00f3n: Su visi\u00f3n, nuestros tubos<\/strong><\/h4>\n<p>\u201d La \u201dtalla \u00fanica\" rara vez sirve para tareas innovadoras. Por eso ofrecemos amplias opciones de modificaci\u00f3n para garantizar que obtiene el tubo preciso que necesita.<\/p>\n<ul>\n<li><strong>Di\u00e1metros y espesores de pared personalizados:\u00a0<\/strong>Especifique el tama\u00f1o exterior (OD) y el di\u00e1metro interior (ID) espec\u00edficos que necesita para su proyecto. Tanto si necesita un tubo fr\u00e1gil de pared fina para un dise\u00f1o como un tubo duradero de pared gruesa para un flujo de alta presi\u00f3n, podemos fabricarlo seg\u00fan sus especificaciones.<\/li>\n<li><strong>Longitudes de corte a medida:\u00a0<\/strong>No pierda tiempo ni material reduciendo tama\u00f1os convencionales. Ofrecemos un servicio de corte de precisi\u00f3n a medida, que proporciona tubos listos para integrarse directamente en su proyecto, ahorr\u00e1ndole trabajo y garantizando cortes perfectamente cuadrados y ordenados en todo momento.<\/li>\n<li><strong>Acabar con las alternativas:\u00a0<\/strong>Adem\u00e1s de los cortes b\u00e1sicos, podemos ofrecer soluciones de acabado adicionales, como el pulido a la llama para obtener bordes similares al vidrio, la perforaci\u00f3n de orificios para la colocaci\u00f3n o el flujo, y el fresado de precisi\u00f3n para requisitos m\u00e1s complejos.<\/li>\n<\/ul>\n<h4 id=\"-an-universe-of-applications-\"><strong>Un universo de aplicaciones<\/strong><\/h4>\n<p>La versatilidad de nuestros tubos acr\u00edlicos transparentes s\u00f3lo est\u00e1 limitada por su imaginaci\u00f3n creativa. En ellos conf\u00edan especialistas y aficionados de muchos sectores:.<\/p>\n<ul>\n<li><strong>Industrial y Dise\u00f1o:\u00a0<\/strong>Sistemas de transporte de fluidos, contadores de circulaci\u00f3n, carcasas de seguridad para unidades sensoras sensibles y componentes electr\u00f3nicos, sistemas de transporte neum\u00e1tico y visores el\u00e1sticos para comprobar los grados del l\u00edquido.<\/li>\n<li><strong>Arquitectura y dise\u00f1o:\u00a0<\/strong>Barandillas y balaustradas modernas, componentes de iluminaci\u00f3n distintivos, fuentes de agua, elementos de dise\u00f1o interior y componentes arquitect\u00f3nicos en muebles vanguardistas.<\/li>\n<li><strong>Comercio minorista y puntos de venta:\u00a0<\/strong>Elegantes pantallas expositoras de art\u00edculos, soportes para joyas, coordinadores est\u00e9ticos, portaindicadores y sistemas de contrahuellas que realzan la mercanc\u00eda sin bloquear la vista.<\/li>\n<li><strong>H\u00c1GALO USTED MISMO, Hobby y Proyectos Maker:\u00a0<\/strong>Bucles de enfriamiento de agua de PC personalizados, fabricaci\u00f3n de versiones, terrarios, ranchos de hormigas, comederos de p\u00e1jaros y carcasas para proyectos de dispositivos electr\u00f3nicos personalizados, como recomienda la foto que incluye un revestimiento de suelo de corte.<\/li>\n<li><strong>Cient\u00edfica y de laboratorio:\u00a0<\/strong>Comprobar tubos, columnas de cromatograf\u00eda, elementos para aparatos de laboratorio y bienes inmuebles para arreglos experimentales.<\/li>\n<li><strong>Arte y artesan\u00eda:\u00a0<\/strong>Se utiliza en esculturas, montajes art\u00edsticos de t\u00e9cnica mixta y como elemento para piezas de arte cin\u00e9tico.<\/li>\n<\/ul>\n<h4 id=\"-easy-to-produce-and-deal-with-\"><strong>F\u00e1cil de producir y tratar<\/strong><\/h4>\n<p>Para el dise\u00f1ador pr\u00e1ctico, es un placer trabajar con nuestros tubos acr\u00edlicos. Puede cortarse, taladrarse y mecanizarse c\u00f3modamente con los dispositivos habituales de taller. Se adhiere extraordinariamente bien utilizando hormigones acr\u00edlicos con base de disolvente, creando juntas resistentes, transparentes y casi indetectables. Adem\u00e1s, el acr\u00edlico puede termoformarse o curvarse con calor, lo que permite crear curvas suaves y formas especiales para dise\u00f1os realmente personalizados.<\/p>\n<h3 id=\"-order-your-customized-polymer-tubes-today-\"><strong>Solicite hoy mismo sus tubos de pol\u00edmero personalizados.<\/strong><\/h3>\n<p>Olv\u00eddese de los materiales ordinarios y elija la claridad, resistencia y flexibilidad de nuestros tubos acr\u00edlicos transparentes personalizados. Perm\u00edtanos proporcionarle la base de m\u00e1xima calidad para el \u00e9xito de su pr\u00f3ximo trabajo. Llame hoy mismo a nuestro equipo para hablar de sus necesidades concretas, obtener un presupuesto personalizado y descubrir c\u00f3mo nuestros tubos dise\u00f1ados con precisi\u00f3n pueden convertir sus conceptos en realidad.<\/p>","protected":false},"excerpt":{"rendered":"<p class=\"ng-star-inserted\"><span class=\"ng-star-inserted\">Descubra nuestros tubos acr\u00edlicos cristalinos de alta calidad. Este tubo de pl\u00e1stico r\u00edgido y resistente a los impactos es una alternativa al vidrio duradera y a prueba de roturas. Perfecto para proyectos de bricolaje, maquetas, expositores y uso industrial. Disponibles en varios di\u00e1metros y longitudes cortadas a medida para adaptarse a sus necesidades exactas.<\/span><\/p>","protected":false},"featured_media":1576,"template":"","meta":{"_kad_post_transparent":"default","_kad_post_title":"","_kad_post_layout":"default","_kad_post_sidebar_id":"","_kad_post_content_style":"default","_kad_post_vertical_padding":"default","_kad_post_feature":"","_kad_post_feature_position":"","_kad_post_header":false,"_kad_post_footer":false,"_kad_post_classname":""},"product_brand":[],"product_cat":[23],"product_tag":[63],"class_list":{"0":"post-1575","1":"product","2":"type-product","3":"status-publish","4":"has-post-thumbnail","6":"product_cat-custom-acrylic-rods-tubes","7":"product_tag-acrylic-rods","9":"first","10":"instock","11":"shipping-taxable","12":"product-type-simple","13":"entry","14":"content-bg","15":"loop-entry"},"_links":{"self":[{"href":"https:\/\/customacrylicproduct.com\/es\/wp-json\/wp\/v2\/product\/1575","targetHints":{"allow":["GET"]}}],"collection":[{"href":"https:\/\/customacrylicproduct.com\/es\/wp-json\/wp\/v2\/product"}],"about":[{"href":"https:\/\/customacrylicproduct.com\/es\/wp-json\/wp\/v2\/types\/product"}],"wp:featuredmedia":[{"embeddable":true,"href":"https:\/\/customacrylicproduct.com\/es\/wp-json\/wp\/v2\/media\/1576"}],"wp:attachment":[{"href":"https:\/\/customacrylicproduct.com\/es\/wp-json\/wp\/v2\/media?parent=1575"}],"wp:term":[{"taxonomy":"product_brand","embeddable":true,"href":"https:\/\/customacrylicproduct.com\/es\/wp-json\/wp\/v2\/product_brand?post=1575"},{"taxonomy":"product_cat","embeddable":true,"href":"https:\/\/customacrylicproduct.com\/es\/wp-json\/wp\/v2\/product_cat?post=1575"},{"taxonomy":"product_tag","embeddable":true,"href":"https:\/\/customacrylicproduct.com\/es\/wp-json\/wp\/v2\/product_tag?post=1575"}],"curies":[{"name":"wp","href":"https:\/\/api.w.org\/{rel}","templated":true}]}}