{"id":1580,"date":"2025-07-22T07:08:14","date_gmt":"2025-07-22T07:08:14","guid":{"rendered":"https:\/\/customacrylicproduct.com\/?post_type=product&#038;p=1580"},"modified":"2025-07-22T07:08:14","modified_gmt":"2025-07-22T07:08:14","slug":"custom-acrylic-prismatic-acrylic-sheet-various-style","status":"publish","type":"product","link":"https:\/\/customacrylicproduct.com\/es\/custom-acrylic-prismatic-acrylic-sheet-various-style\/","title":{"rendered":"Hoja acr\u00edlica prism\u00e1tica de encargo del acr\u00edlico diverso estilo"},"content":{"rendered":"<h3 id=\"-customized-acrylic-prismatic-polymer-sheet-a-kaleidoscope-of-color-and-style-for-your-vision-\"><strong>L\u00e1mina acr\u00edlica prism\u00e1tica de pol\u00edmero personalizada: Un caleidoscopio de color y estilo para su visi\u00f3n<\/strong><\/h3>\n<p>En un mundo impulsado por el aspecto y el desarrollo, los materiales que elija son la estructura de su creaci\u00f3n. Son los escritores silenciosos que comunican alta calidad, emoci\u00f3n y prop\u00f3sito. Le invitamos a adentrarse en un universo de ilimitada capacidad creativa con nuestra principal colecci\u00f3n de\u00a0<strong>Hojas acr\u00edlicas prism\u00e1ticas y de dise\u00f1os variados personalizadas\u00a0<\/strong>. Tal y como se muestra en la rueda de colores vivos y en los ejemplos, no se trata simplemente de un producto, sino de una combinaci\u00f3n para su imaginaci\u00f3n, que ofrece una gama inigualable de tonos, superficies y estilos para llevar cualquier tipo de tarea del concepto a un hecho impresionante.<\/p>\n<p><img fetchpriority=\"high\" decoding=\"async\" class=\"size-full wp-image-1581\" src=\"https:\/\/customacrylicproduct.com\/wp-content\/uploads\/2025\/07\/Acrylic-Sheet-1-2.jpg\" alt=\"L\u00e1mina acr\u00edlica (1)\" width=\"900\" height=\"900\" srcset=\"https:\/\/customacrylicproduct.com\/wp-content\/uploads\/2025\/07\/Acrylic-Sheet-1-2.jpg 900w, https:\/\/customacrylicproduct.com\/wp-content\/uploads\/2025\/07\/Acrylic-Sheet-1-2-300x300.jpg 300w, https:\/\/customacrylicproduct.com\/wp-content\/uploads\/2025\/07\/Acrylic-Sheet-1-2-150x150.jpg 150w, https:\/\/customacrylicproduct.com\/wp-content\/uploads\/2025\/07\/Acrylic-Sheet-1-2-768x768.jpg 768w, https:\/\/customacrylicproduct.com\/wp-content\/uploads\/2025\/07\/Acrylic-Sheet-1-2-600x600.jpg 600w, https:\/\/customacrylicproduct.com\/wp-content\/uploads\/2025\/07\/Acrylic-Sheet-1-2-100x100.jpg 100w\" sizes=\"(max-width: 900px) 100vw, 900px\" \/><\/p>\n<h4 id=\"-an-unparalleled-spectrum-of-shade-\"><strong>Un espectro de sombras sin igual<\/strong><\/h4>\n<p>En el coraz\u00f3n mismo de nuestra colecci\u00f3n existe el poder del color. Los cuadros muestran una magn\u00edfica variedad de tonos cuidadosamente seleccionados, preparados tanto como un pr\u00e1ctico muestrario de seguidores como sofisticadas filas, que demuestran la enorme amplitud de sus alternativas. Nuestra colecci\u00f3n de tonalidades se ha desarrollado para motivar y equipar, abordando todos los lenguajes de dise\u00f1o y percepciones visuales.<\/p>\n<ul>\n<li><strong>Vibrante y Vibrante:\u00a0<\/strong>Estudie una selecci\u00f3n de impresionantes colores clave y secundarios. Piense en rojos brillantes, azules cobalto profundos, amarillos soleados y esmeraldas exuberantes. Estos tonos son ideales para hacer una declaraci\u00f3n, producir se\u00f1alizaci\u00f3n llamativa, hacer art\u00edculos animados, o incluir un pop de poder a cualquier tipo de espacio. Su rica saturaci\u00f3n y tono regular garantizan que su \u00faltima pieza sea impactante y notable.<\/li>\n<li><strong>Pasteles sutiles y sofisticados:\u00a0<\/strong>Para trabajos que requieran un toque m\u00e1s suave y con mucha m\u00e1s clase, descubra nuestra amplia gama de colores pastel. Desde el fr\u00e1gil lavanda y el tranquilo verde menta hasta el acogedor rosa rubor y el exquisito suero de leche, estos colores exhiben una belleza moderna y avanzada. Son excelentes para expositores de tiendas de primera calidad, mobiliario moderno, decoraci\u00f3n de bodas y trabajos de estilo minimalista en los que la sutileza es crucial.<\/li>\n<li><strong>Tonos ricos y terrosos:\u00a0<\/strong>Cimiente sus dise\u00f1os con nuestra colecci\u00f3n de tonos profundos, naturales y neutros. Descubra ocres acogedores, burdeos profundos, beiges innovadores y una serie de grises que van desde el pizarra claro al carb\u00f3n profundo. Estos colores ofrecen un atractivo atemporal, ideal para aspectos arquitect\u00f3nicos, marcas de empresa y embalajes de art\u00edculos de lujo.<\/li>\n<li><strong>Neutrales esenciales:\u00a0<\/strong>Ninguna paleta est\u00e1 completa sin los principios. Ofrecemos los blancos m\u00e1s n\u00edtidos y opacos y los negros m\u00e1s profundos y brillantes, ofreciendo el mejor lienzo o comparaci\u00f3n para su trabajo.<\/li>\n<\/ul>\n<p>Cada color se elabora con armon\u00eda y viveza, garantizando que la muestra que tiene en sus manos es una representaci\u00f3n real de la hoja completa que recibir\u00e1.<\/p>\n<p><img decoding=\"async\" class=\"wp-image-1582 size-large aligncenter\" src=\"https:\/\/customacrylicproduct.com\/wp-content\/uploads\/2025\/07\/Acrylic-Sheet-2-2-1024x576.jpg\" alt=\"L\u00e1mina acr\u00edlica (2)\" width=\"1024\" height=\"576\" srcset=\"https:\/\/customacrylicproduct.com\/wp-content\/uploads\/2025\/07\/Acrylic-Sheet-2-2-1024x576.jpg 1024w, https:\/\/customacrylicproduct.com\/wp-content\/uploads\/2025\/07\/Acrylic-Sheet-2-2-300x169.jpg 300w, https:\/\/customacrylicproduct.com\/wp-content\/uploads\/2025\/07\/Acrylic-Sheet-2-2-768x432.jpg 768w, https:\/\/customacrylicproduct.com\/wp-content\/uploads\/2025\/07\/Acrylic-Sheet-2-2-1536x864.jpg 1536w, https:\/\/customacrylicproduct.com\/wp-content\/uploads\/2025\/07\/Acrylic-Sheet-2-2-600x338.jpg 600w, https:\/\/customacrylicproduct.com\/wp-content\/uploads\/2025\/07\/Acrylic-Sheet-2-2.jpg 1920w\" sizes=\"(max-width: 1024px) 100vw, 1024px\" \/><\/p>\n<h4 id=\"-beyond-color-exploring-a-world-of-various-design-\"><strong>M\u00e1s all\u00e1 del color: explorando un mundo de \u201cdise\u00f1o variado\u201d<\/strong><\/h4>\n<p>Nuestro compromiso con la modificaci\u00f3n va mucho m\u00e1s all\u00e1 de la paleta de colores. El \u201cNumerous Design\u201d de nuestro nombre representa una amplia gama de revestimientos y resultados que permiten personalizar el aspecto del material, su apertura y su comunicaci\u00f3n con la luz.<\/p>\n<ul>\n<li><strong>Brillo tradicional:\u00a0<\/strong>La opci\u00f3n m\u00e1s destacada, nuestro acabado de alto brillo proporciona una superficie elegante, contempor\u00e1nea y reflectante que hace que los tonos resalten. Como se ve en muchas de las muestras, esta superficie es flexible, f\u00e1cil de limpiar e ideal para un aspecto pulido y profesional.<\/li>\n<li><strong>Elegante mate y esmerilado:\u00a0<\/strong>Para una sensaci\u00f3n de supresi\u00f3n y modernidad, elija un revestimiento mate o esmerilado. El acr\u00edlico mate reduce el deslumbramiento y oculta las huellas dactilares, proporcionando una textura suave y aterciopelada. El acr\u00edlico esmerilado proporciona una difusi\u00f3n excepcional de la luz, lo que lo convierte en una selecci\u00f3n excepcional para expositores de privacidad personal, aplicaciones de iluminaci\u00f3n y expositores sofisticados.<\/li>\n<li><strong>La magia de Prismatic:\u00a0<\/strong>La opci\u00f3n \u201cPrism\u00e1tico\u201d es donde nuestro acr\u00edlico cambia genuinamente. Estas l\u00e1minas incluyen una superficie finamente texturizada, normalmente con un patr\u00f3n micropiramidal o lineal. Esta estructura capta y refracta magistralmente la luz ambiental, distribuy\u00e9ndola en un asombroso efecto de arco iris que cambia y brilla al cambiar el \u00e1ngulo de visi\u00f3n. El pol\u00edmero prism\u00e1tico es todo un espect\u00e1culo, perfecto para paredes funcionales, paneles atractivos, apliques de luz, instalaciones art\u00edsticas y cualquier tipo de proyecto dise\u00f1ado para cautivar e intrigar.<\/li>\n<li><strong>Patrones y efectos especiales:\u00a0<\/strong>Como significa el encantador ejemplo punteado de las fotos, ofrecemos una variedad de dise\u00f1os especializados. Imagine l\u00e1minas con trocitos de purpurina para darles un toque de glamour, l\u00e1minas nacaradas que brillan con un resplandor opalescente o patrones jaspeados que imitan la belleza intemporal de la roca natural. Podemos trabajar con usted para desarrollar patrones a medida, apariencias e impactos incrustados para que su proyecto sea realmente distintivo.<\/li>\n<\/ul>\n<p><img decoding=\"async\" class=\"wp-image-1584 size-large aligncenter\" src=\"https:\/\/customacrylicproduct.com\/wp-content\/uploads\/2025\/07\/Acrylic-Sheet-4-1-1024x576.jpg\" alt=\"L\u00e1mina acr\u00edlica (4)\" width=\"1024\" height=\"576\" srcset=\"https:\/\/customacrylicproduct.com\/wp-content\/uploads\/2025\/07\/Acrylic-Sheet-4-1-1024x576.jpg 1024w, https:\/\/customacrylicproduct.com\/wp-content\/uploads\/2025\/07\/Acrylic-Sheet-4-1-300x169.jpg 300w, https:\/\/customacrylicproduct.com\/wp-content\/uploads\/2025\/07\/Acrylic-Sheet-4-1-768x432.jpg 768w, https:\/\/customacrylicproduct.com\/wp-content\/uploads\/2025\/07\/Acrylic-Sheet-4-1-1536x864.jpg 1536w, https:\/\/customacrylicproduct.com\/wp-content\/uploads\/2025\/07\/Acrylic-Sheet-4-1-600x338.jpg 600w, https:\/\/customacrylicproduct.com\/wp-content\/uploads\/2025\/07\/Acrylic-Sheet-4-1.jpg 1920w\" sizes=\"(max-width: 1024px) 100vw, 1024px\" \/><\/p>\n<h4 id=\"-the-prevalence-of-acrylic-high-quality-you-can-build-on-\"><strong>La prevalencia del acr\u00edlico: Alta calidad sobre la que construir<\/strong><\/h4>\n<p>Nuestras planchas est\u00e1n fabricadas con polimetacrilato de metilo (PMMA) de primera calidad, un producto famoso por sus extraordinarias propiedades residenciales o comerciales.<\/p>\n<ul>\n<li><strong>Ligero y resistente a las influencias:\u00a0<\/strong>El pol\u00edmero es mucho m\u00e1s ligero que el vidrio, pero su resistencia a los efectos es hasta 17 veces mayor, lo que lo hace mucho m\u00e1s seguro y menos complicado de manejar, transportar e instalar.<\/li>\n<li><strong>Fabricaci\u00f3n sin esfuerzo:\u00a0<\/strong>Material de ensue\u00f1o para dise\u00f1adores y creadores, el acr\u00edlico se puede cortar, taladrar, inscribir, doblar con calor y pulir hasta obtener una cara cristalina con facilidad. Es totalmente apto con cortadoras l\u00e1ser, lo que permite patrones complejos y formas exactas.<\/li>\n<li><strong>Calidad \u00f3ptica y resistencia a la intemperie:\u00a0<\/strong>Nuestro acr\u00edlico ofrece una excelente transmisi\u00f3n de la luz y claridad \u00f3ptica. Es naturalmente estable a los rayos UV, lo que garantiza que no amarillear\u00e1 ni se debilitar\u00e1 cuando se utilice en aplicaciones exteriores, convirti\u00e9ndolo en una elecci\u00f3n fiable para se\u00f1ales y funciones de construcci\u00f3n duraderas.<\/li>\n<\/ul>\n<h4 id=\"-limitless-applications-the-only-limit-is-your-creative-imagination-\"><strong>Aplicaciones ilimitadas: El \u00fanico l\u00edmite es su imaginaci\u00f3n creativa<\/strong><\/h4>\n<p>La adaptabilidad de nuestras planchas acr\u00edlicas personalizadas las convierte en el producto \u00f3ptimo para una lista ilimitada de aplicaciones en numerosos sectores.<\/p>\n<ul>\n<li><strong>Arquitectos y dise\u00f1adores de interiores:\u00a0<\/strong>Cree sensacionales superficies de pared, separadores duraderos, muebles personalizados, salpicaderos a la moda y componentes de iluminaci\u00f3n distintos.<\/li>\n<li><strong>Minoristas y comerciantes visuales:\u00a0<\/strong>Cree atractivos expositores para puntos de venta, expositores de art\u00edculos, r\u00f3tulos con su marca y componentes integrales para tiendas que mejoren la identificaci\u00f3n de su marca.<\/li>\n<li><strong>Artistas y creadores:\u00a0<\/strong>Dise\u00f1e joyas preciosas con todo lujo de detalles, llaveros vibrantes (\u00a1como nuestros muestrarios de ejemplo!), productos de decoraci\u00f3n para el hogar, esculturas y objetos de arte de t\u00e9cnica mixta.<\/li>\n<li><strong>Planificadores de ocasiones:\u00a0<\/strong>Fabrique se\u00f1alizaci\u00f3n personalizada, componentes atractivos, n\u00fameros de mesa y telones de fondo \u00fanicos para bodas, eventos corporativos y convenciones comerciales.<\/li>\n<li><strong>Dise\u00f1adores e ingenieros de productos:\u00a0<\/strong>Cree prototipos y produzca revestimientos de art\u00edculos, placas frontales y piezas pr\u00e1cticas duraderas y est\u00e9ticamente agradables.<\/li>\n<\/ul>\n<h4 id=\"-your-vision-personalized-\"><strong>Su visi\u00f3n, personalizada<\/strong><\/h4>\n<p>Nuestra empresa cree en un procedimiento colectivo. Las muestras que aparecen en las fotos son m\u00e1s que un cat\u00e1logo: son un dispositivo. Le permiten ver y sentir realmente los colores y las superficies, garantizando una combinaci\u00f3n ideal y la selecci\u00f3n del producto antes de dedicarse a un pedido mayor. Suministramos nuestras planchas acr\u00edlicas en diversos grosores y tama\u00f1os est\u00e1ndar, y nos centramos en los pedidos personalizados. Si necesita un pantone espec\u00edfico, un corte de dimensiones \u00fanicas o un patr\u00f3n personalizado, nuestro grupo est\u00e1 aqu\u00ed para ayudarle a convertir sus necesidades espec\u00edficas en un producto concreto.<\/p>\n<p>D\u00e9 rienda suelta a su creatividad y eleve sus trabajos con un material que utiliza tanto el atractivo como el rendimiento. Explore nuestro caleidoscopio de tonos, experimente con nuestros diversos dise\u00f1os y descubra la diferencia que pueden marcar los costes del acr\u00edlico personalizado.\u00a0<strong>P\u00f3ngase en contacto con nosotros hoy mismo para solicitar un paquete de ejemplo o para repasar las necesidades especiales de su pr\u00f3ximo proyecto.<\/strong><\/p>","protected":false},"excerpt":{"rendered":"<p class=\"ng-star-inserted\"><span class=\"ng-star-inserted\">Explore nuestras planchas acr\u00edlicas personalizadas, disponibles en un arco iris de colores vibrantes, acabados y estilos prism\u00e1ticos. Perfectas para corte por l\u00e1ser, se\u00f1alizaci\u00f3n, expositores y proyectos creativos. Cortamos seg\u00fan sus especificaciones exactas.<\/span><\/p>","protected":false},"featured_media":1581,"template":"","meta":{"_kad_post_transparent":"default","_kad_post_title":"","_kad_post_layout":"default","_kad_post_sidebar_id":"","_kad_post_content_style":"default","_kad_post_vertical_padding":"default","_kad_post_feature":"","_kad_post_feature_position":"","_kad_post_header":false,"_kad_post_footer":false,"_kad_post_classname":""},"product_brand":[],"product_cat":[24],"product_tag":[74],"class_list":{"0":"post-1580","1":"product","2":"type-product","3":"status-publish","4":"has-post-thumbnail","6":"product_cat-custom-acrylic-sheets","7":"product_tag-custom-acrylic-sheets","9":"first","10":"instock","11":"shipping-taxable","12":"product-type-simple","13":"entry","14":"content-bg","15":"loop-entry"},"_links":{"self":[{"href":"https:\/\/customacrylicproduct.com\/es\/wp-json\/wp\/v2\/product\/1580","targetHints":{"allow":["GET"]}}],"collection":[{"href":"https:\/\/customacrylicproduct.com\/es\/wp-json\/wp\/v2\/product"}],"about":[{"href":"https:\/\/customacrylicproduct.com\/es\/wp-json\/wp\/v2\/types\/product"}],"wp:featuredmedia":[{"embeddable":true,"href":"https:\/\/customacrylicproduct.com\/es\/wp-json\/wp\/v2\/media\/1581"}],"wp:attachment":[{"href":"https:\/\/customacrylicproduct.com\/es\/wp-json\/wp\/v2\/media?parent=1580"}],"wp:term":[{"taxonomy":"product_brand","embeddable":true,"href":"https:\/\/customacrylicproduct.com\/es\/wp-json\/wp\/v2\/product_brand?post=1580"},{"taxonomy":"product_cat","embeddable":true,"href":"https:\/\/customacrylicproduct.com\/es\/wp-json\/wp\/v2\/product_cat?post=1580"},{"taxonomy":"product_tag","embeddable":true,"href":"https:\/\/customacrylicproduct.com\/es\/wp-json\/wp\/v2\/product_tag?post=1580"}],"curies":[{"name":"wp","href":"https:\/\/api.w.org\/{rel}","templated":true}]}}