{"id":379,"date":"2025-07-01T04:24:38","date_gmt":"2025-07-01T04:24:38","guid":{"rendered":"https:\/\/customacrylicproduct.com\/?post_type=product&#038;p=379"},"modified":"2025-07-02T12:34:12","modified_gmt":"2025-07-02T12:34:12","slug":"factory-price-uv-printing-cosmetic-custom-acrylic-display","status":"publish","type":"product","link":"https:\/\/customacrylicproduct.com\/es\/factory-price-uv-printing-cosmetic-custom-acrylic-display\/","title":{"rendered":"Precio de f\u00e1brica de impresi\u00f3n UV cosm\u00e9ticos personalizado pantalla de acr\u00edlico"},"content":{"rendered":"<p>Eleve la presencia de su marca con nuestro **Expositor acr\u00edlico cosm\u00e9tico personalizado con impresi\u00f3n UV**, fabricado por expertos para combinar funcionalidad, elegancia y durabilidad. Fabricado con **acr\u00edlico ecol\u00f3gico de grado A**, este expositor ofrece una resistencia excepcional y una larga vida \u00fatil, lo que garantiza que sus productos cosm\u00e9ticos se exhiban con estilo y fiabilidad.<\/p>\n<p>Lo que distingue a nuestro expositor es el **soporte de alta transparencia**, pulido con precisi\u00f3n mediante t\u00e9cnicas de llama para lograr un acabado cristalino. Esta claridad brillante mejora la visibilidad del producto y a\u00f1ade una sensaci\u00f3n elegante y de primera calidad que atrae las miradas sin esfuerzo: perfecto para mostradores de belleza, estantes de tiendas y eventos promocionales.<\/p>\n<figure id=\"attachment_382\" aria-describedby=\"caption-attachment-382\" style=\"width: 800px\" class=\"wp-caption aligncenter\"><a href=\"https:\/\/customacrylicproduct.com\/es\/custom-acrylic-displays\/\"><img fetchpriority=\"high\" decoding=\"async\" class=\"wp-image-382 size-full\" src=\"https:\/\/customacrylicproduct.com\/wp-content\/uploads\/2025\/07\/Factory-Price-UV-Printing-Cosmetic-Custom-Acrylic-Display-03.jpg\" alt=\"Expositor acr\u00edlico personalizado\" width=\"800\" height=\"800\" srcset=\"https:\/\/customacrylicproduct.com\/wp-content\/uploads\/2025\/07\/Factory-Price-UV-Printing-Cosmetic-Custom-Acrylic-Display-03.jpg 800w, https:\/\/customacrylicproduct.com\/wp-content\/uploads\/2025\/07\/Factory-Price-UV-Printing-Cosmetic-Custom-Acrylic-Display-03-300x300.jpg 300w, https:\/\/customacrylicproduct.com\/wp-content\/uploads\/2025\/07\/Factory-Price-UV-Printing-Cosmetic-Custom-Acrylic-Display-03-150x150.jpg 150w, https:\/\/customacrylicproduct.com\/wp-content\/uploads\/2025\/07\/Factory-Price-UV-Printing-Cosmetic-Custom-Acrylic-Display-03-768x768.jpg 768w, https:\/\/customacrylicproduct.com\/wp-content\/uploads\/2025\/07\/Factory-Price-UV-Printing-Cosmetic-Custom-Acrylic-Display-03-12x12.jpg 12w, https:\/\/customacrylicproduct.com\/wp-content\/uploads\/2025\/07\/Factory-Price-UV-Printing-Cosmetic-Custom-Acrylic-Display-03-600x600.jpg 600w, https:\/\/customacrylicproduct.com\/wp-content\/uploads\/2025\/07\/Factory-Price-UV-Printing-Cosmetic-Custom-Acrylic-Display-03-100x100.jpg 100w\" sizes=\"(max-width: 800px) 100vw, 800px\" \/><\/a><figcaption id=\"caption-attachment-382\" class=\"wp-caption-text\">Expositor acr\u00edlico personalizado<\/figcaption><\/figure>\n<p>Nuestro expositor tambi\u00e9n cuenta con **impresi\u00f3n UV avanzada de alta definici\u00f3n**, que permite una reproducci\u00f3n de colores vibrantes y texto n\u00edtido que no se desvanece con el tiempo. Logotipos, nombres de productos o elementos de marca aparecen m\u00e1s vivos y profesionales, ayudando a su pantalla se destacan en cualquier entorno de venta al por menor. El proceso de impresi\u00f3n UV admite detalles intrincados, garantizando que cada fuente e imagen aparezcan n\u00edtidas, limpias y est\u00e9ticamente agradables.<\/p>\n<p>Dise\u00f1ada y fabricada directamente en nuestra f\u00e1brica, esta soluci\u00f3n de exposici\u00f3n puede personalizarse totalmente para satisfacer las necesidades espec\u00edficas de su marca, ya sea la forma, el tama\u00f1o o el dise\u00f1o de impresi\u00f3n, por lo que es ideal para empresas de cosm\u00e9ticos que buscan una presentaci\u00f3n \u00fanica e impactante. Tanto si lanza una nueva l\u00ednea de productos como si renueva su expositor de venta al por menor, este soporte acr\u00edlico ofrece una soluci\u00f3n visualmente impactante y duradera que mejora tanto la experiencia del cliente como la visibilidad del producto.<\/p>\n<p>Conf\u00ede en una soluci\u00f3n directa de f\u00e1brica que da prioridad a la calidad, la sostenibilidad y el dise\u00f1o llamativo, todo en un paquete perfecto.<\/p>","protected":false},"excerpt":{"rendered":"<p>Muestre sus cosm\u00e9ticos con estilo con nuestro expositor acr\u00edlico personalizado fabricado con acr\u00edlico ecol\u00f3gico de grado A. Con un soporte cristalino, pulido a la llama e impresi\u00f3n UV de alta definici\u00f3n, ofrece un aspecto elegante, gr\u00e1ficos vibrantes y durabilidad duradera, directamente de f\u00e1brica.<\/p>","protected":false},"featured_media":380,"template":"","meta":{"_kad_post_transparent":"default","_kad_post_title":"","_kad_post_layout":"default","_kad_post_sidebar_id":"","_kad_post_content_style":"default","_kad_post_vertical_padding":"default","_kad_post_feature":"","_kad_post_feature_position":"","_kad_post_header":false,"_kad_post_footer":false,"_kad_post_classname":""},"product_brand":[],"product_cat":[15],"product_tag":[34,33],"class_list":{"0":"post-379","1":"product","2":"type-product","3":"status-publish","4":"has-post-thumbnail","6":"product_cat-custom-acrylic-displays","7":"product_tag-cosmetic-acrylic-display","8":"product_tag-custom-acrylic-display","10":"first","11":"instock","12":"shipping-taxable","13":"product-type-simple","14":"entry","15":"content-bg","16":"loop-entry"},"_links":{"self":[{"href":"https:\/\/customacrylicproduct.com\/es\/wp-json\/wp\/v2\/product\/379","targetHints":{"allow":["GET"]}}],"collection":[{"href":"https:\/\/customacrylicproduct.com\/es\/wp-json\/wp\/v2\/product"}],"about":[{"href":"https:\/\/customacrylicproduct.com\/es\/wp-json\/wp\/v2\/types\/product"}],"wp:featuredmedia":[{"embeddable":true,"href":"https:\/\/customacrylicproduct.com\/es\/wp-json\/wp\/v2\/media\/380"}],"wp:attachment":[{"href":"https:\/\/customacrylicproduct.com\/es\/wp-json\/wp\/v2\/media?parent=379"}],"wp:term":[{"taxonomy":"product_brand","embeddable":true,"href":"https:\/\/customacrylicproduct.com\/es\/wp-json\/wp\/v2\/product_brand?post=379"},{"taxonomy":"product_cat","embeddable":true,"href":"https:\/\/customacrylicproduct.com\/es\/wp-json\/wp\/v2\/product_cat?post=379"},{"taxonomy":"product_tag","embeddable":true,"href":"https:\/\/customacrylicproduct.com\/es\/wp-json\/wp\/v2\/product_tag?post=379"}],"curies":[{"name":"wp","href":"https:\/\/api.w.org\/{rel}","templated":true}]}}