{"id":467,"date":"2025-07-02T10:22:19","date_gmt":"2025-07-02T10:22:19","guid":{"rendered":"https:\/\/customacrylicproduct.com\/?post_type=product&#038;p=467"},"modified":"2025-07-03T02:18:01","modified_gmt":"2025-07-03T02:18:01","slug":"custom-acrylic-bluetooth-headset-display-stands-supplier","status":"publish","type":"product","link":"https:\/\/customacrylicproduct.com\/es\/custom-acrylic-bluetooth-headset-display-stands-supplier\/","title":{"rendered":"Proveedor de soportes acr\u00edlicos personalizados para auriculares Bluetooth"},"content":{"rendered":"<h3 id=\"-beyond-package-crafting-bespoke-acrylic-display-stands-to-make-your-bluetooth-headsets-memorable-\"><strong>M\u00e1s all\u00e1 del paquete: Crea expositores acr\u00edlicos a medida para que tus auriculares Bluetooth sean memorables\u00a0<\/strong><\/h3>\n<p>En el saturado mundo de los dispositivos electr\u00f3nicos para clientes, un art\u00edculo de primera calidad es s\u00f3lo la mitad de la batalla. Puede que sus auriculares Bluetooth ofrezcan una integridad de audio sin igual, una cancelaci\u00f3n de ruido innovadora y un dise\u00f1o ergon\u00f3mico, pero en un estante abarrotado corren el riesgo de ser ignorados. El momento cr\u00edtico de decisi\u00f3n para un cliente suele producirse en la minor\u00eda de segundos que pasa escaneando un expositor. \u00bfC\u00f3mo puede captar su atenci\u00f3n, comunicarle un valor superior y darle la bienvenida para que se implique con su marca?<\/p>\n<p>La soluci\u00f3n no est\u00e1 simplemente en el art\u00edculo, sino en su presentaci\u00f3n. A <a href=\"https:\/\/customacrylicproduct.com\/es\/factory-price-uv-printing-cosmetic-custom-acrylic-display\/\">soporte de pantalla acr\u00edlico personalizado<\/a> es m\u00e1s que un soporte: es una propiedad fundamental. Es el embajador f\u00edsico de su marca, un vendedor silencioso que trabaja sin descanso para que su art\u00edculo pase de ser un producto a ser un objeto de deseo.<\/p>\n<p>Como principal proveedor y proveedor especializado, nos asociamos con ingeniosas marcas de dispositivos electr\u00f3nicos, vendedores internacionales y agencias de publicidad inteligentes para crear servicios de pantallas de visualizaci\u00f3n a medida. Comprendemos que un soporte de pantalla es un punto de contacto cr\u00edtico en el viaje del cliente: una herramienta eficaz dise\u00f1ada para detener el tr\u00e1fico peatonal del sitio web, mostrar alta calidad y, en \u00faltima instancia, impulsar las ventas.<\/p>\n<p>Le damos la bienvenida al resumen definitivo sobre c\u00f3mo podemos trabajar juntos para crear una opci\u00f3n de pantalla tan \u00fanica y meticulosamente elaborada como los productos que vende.<\/p>\n<figure id=\"attachment_468\" aria-describedby=\"caption-attachment-468\" style=\"width: 800px\" class=\"wp-caption aligncenter\"><a href=\"https:\/\/customacrylicproduct.com\/es\/custom-acrylic-displays\/\"><img fetchpriority=\"high\" decoding=\"async\" class=\"wp-image-468 size-full\" src=\"https:\/\/customacrylicproduct.com\/wp-content\/uploads\/2025\/07\/Custom-Acrylic-Display-Stands-1.jpg\" alt=\"Expositores acr\u00edlicos personalizados\" width=\"800\" height=\"800\" srcset=\"https:\/\/customacrylicproduct.com\/wp-content\/uploads\/2025\/07\/Custom-Acrylic-Display-Stands-1.jpg 800w, https:\/\/customacrylicproduct.com\/wp-content\/uploads\/2025\/07\/Custom-Acrylic-Display-Stands-1-300x300.jpg 300w, https:\/\/customacrylicproduct.com\/wp-content\/uploads\/2025\/07\/Custom-Acrylic-Display-Stands-1-150x150.jpg 150w, https:\/\/customacrylicproduct.com\/wp-content\/uploads\/2025\/07\/Custom-Acrylic-Display-Stands-1-768x768.jpg 768w, https:\/\/customacrylicproduct.com\/wp-content\/uploads\/2025\/07\/Custom-Acrylic-Display-Stands-1-12x12.jpg 12w, https:\/\/customacrylicproduct.com\/wp-content\/uploads\/2025\/07\/Custom-Acrylic-Display-Stands-1-600x600.jpg 600w, https:\/\/customacrylicproduct.com\/wp-content\/uploads\/2025\/07\/Custom-Acrylic-Display-Stands-1-100x100.jpg 100w\" sizes=\"(max-width: 800px) 100vw, 800px\" \/><\/a><figcaption id=\"caption-attachment-468\" class=\"wp-caption-text\">Expositores acr\u00edlicos personalizados<\/figcaption><\/figure>\n<h3 id=\"-your-vision-our-know-how-the-power-of-unrestricted-modification-\"><strong>Su visi\u00f3n, nuestro saber hacer: El poder de la modificaci\u00f3n sin restricciones\u00a0<\/strong>.<\/h3>\n<p>Nuestra empresa cree que la verdadera colocaci\u00f3n del nombre de la marca s\u00f3lo puede conseguirse mediante opciones a medida. El m\u00e9todo de \u201ctalla \u00fanica\u201d no capta la esencia \u00fanica de su marca ni el lenguaje de dise\u00f1o espec\u00edfico de sus productos. Nuestra garant\u00eda fundamental es suministrar expositores acr\u00edlicos totalmente personalizados, d\u00e1ndole un control totalmente innovador sobre cada informaci\u00f3n.<\/p>\n<p>Nuestro procedimiento de personalizaci\u00f3n conjunta le permite definir:.<\/p>\n<ul>\n<li><strong>Dise\u00f1o a medida:\u00a0<\/strong>Su imaginaci\u00f3n creativa es el \u00fanico l\u00edmite. Tanto si necesita un z\u00f3calo minimalista y elegante para un auricular insignia solitario como una pantalla interactiva din\u00e1mica de varias unidades para toda una familia de art\u00edculos, nuestros equipos de estilo e ingenier\u00eda pueden hacer realidad su visi\u00f3n. Podemos trabajar a partir de sus archivos CAD espec\u00edficos o crear una idea a partir de un sencillo boceto, siempre teniendo en cuenta factores cruciales como los \u00e1ngulos de control, la seguridad y protecci\u00f3n de los art\u00edculos, los dise\u00f1os funcionales para el cliente y la practicidad en la tienda.<\/li>\n<li><strong>A medida Tama\u00f1o y capacidades:\u00a0<\/strong>Un ajuste excelente no es negociable. Un soporte mal ajustado tiene un aspecto poco profesional y puede incluso no proteger correctamente el producto. Elaboramos cada soporte seg\u00fan las especificaciones precisas de sus dise\u00f1os de auriculares Bluetooth, garantizando un debate c\u00f3modo, protegido y visualmente extraordinario. Desde peque\u00f1os dispositivos para mostradores de cocina dise\u00f1ados para aprovechar al m\u00e1ximo el impacto de los pasillos de caja hasta grandes y excelentes expositores de suelo para tiendas emblem\u00e1ticas, el ajuste ser\u00e1 perfecto siempre.<\/li>\n<li><strong>Un espectro de estilos de color personalizados:\u00a0<\/strong>El color es un tipo de comunicaci\u00f3n de marca eficaz e instant\u00e1neo. Le ofrecemos una enorme combinaci\u00f3n para que se adapte por completo a la identificaci\u00f3n de su empresa. Elija entre un acr\u00edlico \u00f3pticamente puro y cristalino para ofrecer a sus productos un efecto \u201cflotante\u201d; opte por el cl\u00e1sico blanco o negro para un refinamiento atemporal; o elija un tono fuerte y din\u00e1mico para llamar la atenci\u00f3n en un espacio comercial agitado. Para las marcas que exigen una uniformidad absoluta, podemos promover la combinaci\u00f3n de colores Pantone en los pedidos que cumplan los requisitos.<\/li>\n<li><strong>Dise\u00f1o integrado de logotipos y marcas:\u00a0<\/strong>Transforme su expositor de f\u00e1cil propietario en una poderosa herramienta publicitaria. Ofrecemos numerosos m\u00e9todos de marca de alta fidelidad para incrustar su dise\u00f1o de logotipo y mensajer\u00eda:.<\/li>\n<li><strong>Impresi\u00f3n digital UV:\u00a0<\/strong>Para dise\u00f1os de logotipos vibrantes y a todo color, im\u00e1genes fotorrealistas de productos y descripciones t\u00e9cnicas detalladas. Este enfoque proporciona una durabilidad y un esplendor est\u00e9tico extraordinarios.<\/li>\n<li><strong>Serigraf\u00eda:\u00a0<\/strong>La opci\u00f3n excelente para logotipos y textos n\u00edtidos y opacos en varios colores fuertes. Ofrece una superficie resistente y especializada que resulta muy rentable para grandes tiradas de fabricaci\u00f3n.<\/li>\n<li><strong>Grabado por l\u00e1ser:\u00a0<\/strong>Para un resultado de marca sutil, t\u00e1ctil y sin duda premium. Un logotipo inscrito interact\u00faa con el lujo y la permanencia, incluyendo un toque innovador que los clientes pueden ver y sentir realmente.<\/li>\n<\/ul>\n<h3 id=\"-more-than-a-stand-a-versatile-multifunctional-present-solution-\"><strong>M\u00e1s que un soporte: Una soluci\u00f3n vers\u00e1til y multifuncional para regalos\u00a0<\/strong>.<\/h3>\n<p>Creamos nuestros soportes de pantalla para que sean algo m\u00e1s que un simple elemento de pl\u00e1stico. Los dise\u00f1amos para que sean recursos inteligentes y flexibles que a\u00f1adan valor en varios contextos, desde el suelo del comercio minorista hasta el hogar del usuario final.<\/p>\n<ul>\n<li><strong>Ajuste universal y eficacia en el espacio:\u00a0<\/strong>Aunque cada soporte se fabrica a medida, la ideolog\u00eda del dise\u00f1o hace hincapi\u00e9 en un rendimiento inteligente. Nuestros stands est\u00e1n dise\u00f1ados para\u00a0<strong>se adaptan a varios tama\u00f1os y formas de auriculares\u00a0<\/strong>, desde las versiones on-ear hasta las over-ear, lo que garantiza la flexibilidad en toda su l\u00ednea de productos. Fundamentalmente, estas pantallas est\u00e1n dise\u00f1adas para\u00a0<strong>le ayudar\u00e1n a ahorrar un valioso espacio en su mesa de trabajo y estanter\u00edas\u00a0<\/strong>. Su impacto m\u00ednimo aprovecha al m\u00e1ximo la influencia est\u00e9tica sin ensuciar, lo que permite una comercializaci\u00f3n m\u00e1s limpia y eficaz.<\/li>\n<li><strong>Dise\u00f1o elegante para cualquier ambiente:\u00a0<\/strong>Fabricados en acr\u00edlico, nuestros soportes cuentan con un\u00a0<strong>dise\u00f1o elegante y moderno\u00a0<\/strong>. Esta est\u00e9tica es intencionadamente vers\u00e1til. Es lo suficientemente profesional como para ser el centro de atenci\u00f3n de un evento.\u00a0<strong>centro de exposiciones\u00a0<\/strong>o un cub\u00edculo de exposici\u00f3n, pero lo suficientemente elegante como para que pueda considerarse un precioso art\u00edculo de\u00a0<strong>decoraci\u00f3n del hogar\u00a0<\/strong>. Este atractivo doble incluye un considerable valor visual para el cliente final.<\/li>\n<li><strong>El propietario inteligente y multifuncional:\u00a0<\/strong>Reconocemos que los consumidores contempor\u00e1neos poseen una comunidad de herramientas. Por eso nuestros dise\u00f1os suelen ser multifuncionales. Este colgador de auriculares no s\u00f3lo es un hogar sencillo y c\u00f3modo para unos auriculares queridos, sino que adem\u00e1s puede\u00a0<strong>sirven de soporte para colocar un tel\u00e9fono m\u00f3vil, un reloj y otros gadgets\u00a0<\/strong>. De este modo, la pantalla deja de ser un producto de un solo uso y se convierte en un \u201cvalet tecnol\u00f3gico\u201d o un organizador de escritorio, una funci\u00f3n que cala hondo en un p\u00fablico conocedor de la tecnolog\u00eda y ofrece un factor de atracci\u00f3n para que el cliente conserve la pantalla mucho tiempo despu\u00e9s de la compra.<\/li>\n<li><strong>Port\u00e1til y pr\u00e1ctico para un mundo din\u00e1mico:\u00a0<\/strong>Nuestros auriculares est\u00e1n dise\u00f1ados para ser\u00a0<strong>delgados y ligeros, por lo que son muy f\u00e1ciles de transportar\u00a0<\/strong>. Esta es una gran ventaja para sus grupos de marketing que gestionan tiendas pop-up, asisten a ferias comerciales o realizan promociones basadas en eventos. La transportabilidad garantiza que el debate sobre su marca premium pueda difundirse de forma constante y sencilla en cualquier lugar donde se re\u00fana con sus clientes.<\/li>\n<\/ul>\n<h3 id=\"-the-foundation-of-quality-premium-polymer-material-\"><strong>La base de la calidad: Material polim\u00e9rico de primera calidad\u00a0<\/strong>.<\/h3>\n<p>La m\u00e1xima calidad de un <a href=\"https:\/\/customacrylicproduct.com\/es\/factory-price-uv-printing-cosmetic-custom-acrylic-display\/\">soporte de pantalla<\/a> comienza con la alta calidad de sus productos. Construimos todos nuestros productos con acr\u00edlico superior de alta calidad, conocido comercialmente por nombres como\u00a0<strong>Plexigl\u00e1s, PMMA o Lucite\u00a0<\/strong>. Este producto es la selecci\u00f3n indiscutible para aplicaciones de venta al por menor de primera calidad debido a su combinaci\u00f3n distintiva de hogares:.<\/p>\n<ul>\n<li><strong>Claridad \u00f3ptica inigualable:\u00a0<\/strong>Con una transmitancia luminosa de m\u00e1s de 92%, el pol\u00edmero de primera calidad es m\u00e1s claro que el cristal convencional, lo que garantiza que el estilo y la informaci\u00f3n de su producto se vean sin distorsi\u00f3n ni matiz.<\/li>\n<li><strong>Longevidad notable:\u00a0<\/strong>Aunque posee el atractivo del cristal, el acr\u00edlico es mucho m\u00e1s resistente a los impactos y a las roturas, lo que lo convierte en una opci\u00f3n m\u00e1s segura y digna de confianza para los comercios p\u00fablicos.<\/li>\n<li><strong>Est\u00e9tica elegante y moderna:\u00a0<\/strong>Las l\u00edneas n\u00edtidas y la superficie impecable del acr\u00edlico proyectan una foto moderna, sofisticada y experta que aumenta el valor visual de los dispositivos electr\u00f3nicos que presenta.<\/li>\n<li><strong>Construcci\u00f3n ligera:\u00a0<\/strong>El pol\u00edmero pesa aproximadamente la mitad que el vidrio, lo que se traduce directamente en unos precios de env\u00edo m\u00e1s bajos y un trato m\u00e1s sencillo para el equipo de venta al por menor.<\/li>\n<\/ul>\n<figure id=\"attachment_469\" aria-describedby=\"caption-attachment-469\" style=\"width: 800px\" class=\"wp-caption aligncenter\"><a href=\"https:\/\/customacrylicproduct.com\/es\/best-quality-wholesale-customized-acrylic-storage-boxes\/\"><img decoding=\"async\" class=\"wp-image-469 size-full\" src=\"https:\/\/customacrylicproduct.com\/wp-content\/uploads\/2025\/07\/Custom-Acrylic-Display-Stands-2.jpg\" alt=\"Expositores acr\u00edlicos personalizados\" width=\"800\" height=\"800\" srcset=\"https:\/\/customacrylicproduct.com\/wp-content\/uploads\/2025\/07\/Custom-Acrylic-Display-Stands-2.jpg 800w, https:\/\/customacrylicproduct.com\/wp-content\/uploads\/2025\/07\/Custom-Acrylic-Display-Stands-2-300x300.jpg 300w, https:\/\/customacrylicproduct.com\/wp-content\/uploads\/2025\/07\/Custom-Acrylic-Display-Stands-2-150x150.jpg 150w, https:\/\/customacrylicproduct.com\/wp-content\/uploads\/2025\/07\/Custom-Acrylic-Display-Stands-2-768x768.jpg 768w, https:\/\/customacrylicproduct.com\/wp-content\/uploads\/2025\/07\/Custom-Acrylic-Display-Stands-2-12x12.jpg 12w, https:\/\/customacrylicproduct.com\/wp-content\/uploads\/2025\/07\/Custom-Acrylic-Display-Stands-2-600x600.jpg 600w, https:\/\/customacrylicproduct.com\/wp-content\/uploads\/2025\/07\/Custom-Acrylic-Display-Stands-2-100x100.jpg 100w\" sizes=\"(max-width: 800px) 100vw, 800px\" \/><\/a><figcaption id=\"caption-attachment-469\" class=\"wp-caption-text\">Expositores acr\u00edlicos personalizados<\/figcaption><\/figure>\n<h3 id=\"-a-collaboration-improved-quality-and-speed-our-b2b-refine-\"><strong>Una colaboraci\u00f3n mejora la calidad y la rapidez: Nuestro B2B Refine\u00a0<\/strong>.<\/h3>\n<p>Hemos racionalizado todo nuestro flujo de trabajo para ser transparentes, eficaces y centrarnos en el cliente. Somos conscientes de que, en el ajetreado sector de la electr\u00f3nica, la rapidez y la fiabilidad no son negociables.<\/p>\n<h4 id=\"-action-1-inquiry-and-our-quick-quote-warranty-\"><strong>Acci\u00f3n 1: Consulta y garant\u00eda de presupuesto r\u00e1pido\u00a0<\/strong>.<\/h4>\n<p>Su viaje comienza con su consulta. Ofr\u00e9zcanos sus principios de dise\u00f1o, dimensiones, requisitos de cantidad y directrices de marca, y nuestro equipo se pondr\u00e1 manos a la obra. Agradecemos su tiempo y le garantizamos un presupuesto completo y claro.\u00a0<strong>de 1 a 8 horas\u00a0<\/strong>.<\/p>\n<h4 id=\"-step-2-validation-with-our-fast-example-program-\"><strong>Paso 2: Validaci\u00f3n con nuestro programa de ejemplo r\u00e1pido\u00a0<\/strong>.<\/h4>\n<p>Queremos que se sienta 100% seguro antes de comprometerse con una tirada de producci\u00f3n completa. Por eso le proporcionamos un\u00a0<strong>ejemplo de programa de accesibilidad\u00a0<\/strong>. Un prototipo f\u00edsico le permite probar el ajuste, evaluar la alta calidad y proteger la autorizaci\u00f3n interna de las partes interesadas. Nuestra dedicaci\u00f3n a la velocidad es inquebrantable:\u00a0<strong>el desarrollo de la muestra tarda entre 3 y 5 d\u00edas laborables\u00a0<\/strong>. Con plazos de entrega t\u00edpicos de una semana en la mayor\u00eda de los lugares, puede tener un prototipo f\u00edsico en sus manos con una rapidez asombrosa.<\/p>\n<h4 id=\"-step-3-available-manufacturing-with-flexible-moqs-\"><strong>Paso 3: Fabricaci\u00f3n disponible con MOQ flexibles\u00a0<\/strong>.<\/h4>\n<p>Una vez aceptado el ejemplo, pasamos a la producci\u00f3n completa. Para apoyar a empresas de todos los tama\u00f1os, desde nuevas empresas emergentes hasta l\u00edderes de mercado consolidados, nuestra\u00a0<strong>La cantidad m\u00ednima de pedido (MOQ) es de 100 unidades\u00a0<\/strong>. Este factor de entrada disponible hace realidad soluciones realmente personalizadas para lanzamientos de productos espec\u00edficos, ediciones m\u00ednimas o proyectos de publicidad y marketing para eventos concretos.<\/p>\n<h3 id=\"-your-global-companion-worldwide-shipping-and-logistics-\"><strong>Su compa\u00f1ero global: Log\u00edstica y env\u00edos internacionales\u00a0<\/strong>.<\/h3>\n<p>Nuestra clientela es global, y tambi\u00e9n lo es nuestra capacidad funcional. Ofrecemos servicios fiables y rentables\u00a0<strong>soluciones de env\u00edo a todo el mundo\u00a0<\/strong>, Garantizamos que sus soportes de pantalla personalizados lleguen de forma segura y puntual, independientemente de d\u00f3nde se encuentren sus mercados. Utilizamos una red de transportistas de confianza para ofrecerle alternativas vers\u00e1tiles:.<\/p>\n<ul>\n<li><strong>Por mar:\u00a0<\/strong>Para el transporte m\u00e1s econ\u00f3mico de grandes pedidos no urgentes.<\/li>\n<li><strong>Por v\u00eda a\u00e9rea:\u00a0<\/strong>Para una opci\u00f3n mucho m\u00e1s r\u00e1pida que equilibre tarifa y gasto.<\/li>\n<li><strong>Por correo urgente (DHL, FedEx, etc.):\u00a0<\/strong>Para la entrega m\u00e1s r\u00e1pida de ejemplos y pedidos urgentes.<\/li>\n<\/ul>\n<h3 id=\"-why-pick-us-your-success-is-our-criteria-\"><strong>\u00bfPor qu\u00e9 elegirnos? Su \u00e9xito es nuestro criterio.\u00a0<\/strong>.<\/h3>\n<ul>\n<li><strong>Versatilidad sin igual:\u00a0<\/strong>No nos limitamos a proporcionar stands; proporcionamos soluciones de exposici\u00f3n multifuncionales que incluyen valor en cada fase.<\/li>\n<li><strong>Compromiso con la calidad:\u00a0<\/strong>Desde los costes acr\u00edlicos hasta la ingenier\u00eda de precisi\u00f3n, nuestra concentraci\u00f3n en la alta calidad es absoluta.<\/li>\n<li><strong>Valor directo de f\u00e1brica:\u00a0<\/strong>Como proveedor, ofrecemos precios competitivos eliminando intermediarios innecesarios.<\/li>\n<li><strong>Velocidad e integridad:\u00a0<\/strong>Nuestra r\u00e1pida estimaci\u00f3n de precios, r\u00e1pida fabricaci\u00f3n de ejemplos y fiable log\u00edstica mantienen sus proyectos dentro de los plazos previstos.<\/li>\n<li><strong>Una colaboraci\u00f3n real:\u00a0<\/strong>Somos profesionales cualificados, dedicados a producir una pantalla de visualizaci\u00f3n que mejore su marca y aumente sus beneficios.<\/li>\n<\/ul>\n<h3 id=\"-ready-to-raise-your-brand-name-allow-s-start-\"><strong>\u00bfListo para elevar su marca? Empecemos.\u00a0<\/strong>.<\/h3>\n<p>Sus auriculares Bluetooth representan la cima de la innovaci\u00f3n en audio y dise\u00f1o. Ya es hora de que su visibilidad en los comercios est\u00e9 a la altura de ese criterio de calidad.<\/p>\n<p>P\u00f3ngase en contacto con nuestro equipo hoy mismo para empezar a hablar. Desarrollemos un <a href=\"https:\/\/customacrylicproduct.com\/es\/factory-price-uv-printing-cosmetic-custom-acrylic-display\/\">expositor acr\u00edlico personalizado<\/a> que deje a los clientes boquiabiertos y convierta el inter\u00e9s pasajero en una venta validada.<\/p>\n<p><strong>Solicite ahora su presupuesto gratuito y sin compromiso y reciba una propuesta detallada en un plazo de 1 a 8 horas.\u00a0<\/strong>.<\/p>","protected":false},"excerpt":{"rendered":"<p>Eleve su marca con nuestros soportes acr\u00edlicos de alta calidad para auriculares. Ofrecemos dise\u00f1os personalizados OEM\/ODM completos con su logotipo para un impacto minorista impresionante. Como proveedor directo de f\u00e1brica, garantizamos una calidad superior y precios competitivos. Solicite hoy mismo un presupuesto para su soluci\u00f3n de exposici\u00f3n a medida.<\/p>","protected":false},"featured_media":468,"template":"","meta":{"_kad_post_transparent":"default","_kad_post_title":"","_kad_post_layout":"default","_kad_post_sidebar_id":"","_kad_post_content_style":"default","_kad_post_vertical_padding":"default","_kad_post_feature":"","_kad_post_feature_position":"","_kad_post_header":false,"_kad_post_footer":false,"_kad_post_classname":""},"product_brand":[],"product_cat":[15],"product_tag":[47,33,46],"class_list":{"0":"post-467","1":"product","2":"type-product","3":"status-publish","4":"has-post-thumbnail","6":"product_cat-custom-acrylic-displays","7":"product_tag-acrylic-bluetooth-headset-display-stands","8":"product_tag-custom-acrylic-display","9":"product_tag-custom-acrylic-display-stands","11":"first","12":"instock","13":"shipping-taxable","14":"product-type-simple","15":"entry","16":"content-bg","17":"loop-entry"},"_links":{"self":[{"href":"https:\/\/customacrylicproduct.com\/es\/wp-json\/wp\/v2\/product\/467","targetHints":{"allow":["GET"]}}],"collection":[{"href":"https:\/\/customacrylicproduct.com\/es\/wp-json\/wp\/v2\/product"}],"about":[{"href":"https:\/\/customacrylicproduct.com\/es\/wp-json\/wp\/v2\/types\/product"}],"wp:featuredmedia":[{"embeddable":true,"href":"https:\/\/customacrylicproduct.com\/es\/wp-json\/wp\/v2\/media\/468"}],"wp:attachment":[{"href":"https:\/\/customacrylicproduct.com\/es\/wp-json\/wp\/v2\/media?parent=467"}],"wp:term":[{"taxonomy":"product_brand","embeddable":true,"href":"https:\/\/customacrylicproduct.com\/es\/wp-json\/wp\/v2\/product_brand?post=467"},{"taxonomy":"product_cat","embeddable":true,"href":"https:\/\/customacrylicproduct.com\/es\/wp-json\/wp\/v2\/product_cat?post=467"},{"taxonomy":"product_tag","embeddable":true,"href":"https:\/\/customacrylicproduct.com\/es\/wp-json\/wp\/v2\/product_tag?post=467"}],"curies":[{"name":"wp","href":"https:\/\/api.w.org\/{rel}","templated":true}]}}