{"id":473,"date":"2025-07-03T02:26:55","date_gmt":"2025-07-03T02:26:55","guid":{"rendered":"https:\/\/customacrylicproduct.com\/?post_type=product&#038;p=473"},"modified":"2025-07-03T03:02:44","modified_gmt":"2025-07-03T03:02:44","slug":"manufacture-custom-logo-acrylic-watch-display-stands","status":"publish","type":"product","link":"https:\/\/customacrylicproduct.com\/es\/manufacture-custom-logo-acrylic-watch-display-stands\/","title":{"rendered":"Fabricar expositores acr\u00edlicos para relojes con logotipo personalizado"},"content":{"rendered":"<h2 id=\"the-art-of-discussion-boost-your-watches-with-our-custom-made-logo-acrylic-watch-present-stands\">El arte de la discusi\u00f3n: Potencie sus relojes con nuestros expositores acr\u00edlicos para relojes con logotipo hechos a medida<\/h2>\n<p>En el mundo de la relojer\u00eda, un reloj nunca es simplemente un aparato para dar la hora. Es una declaraci\u00f3n de dise\u00f1o individual, una maravilla del dise\u00f1o, un art\u00edculo de arte port\u00e1til, y por lo general, una preciada reliquia transmitida de generaci\u00f3n en generaci\u00f3n. Cada equipo, cada superficie pulida y cada tictac deliberado de la propiedad anterior cuenta una historia de precisi\u00f3n, entusiasmo y patrimonio. As\u00ed pues, \u00bfpor qu\u00e9 permitir que una obra maestra de este tipo se presente en algo menos que un soporte digno de su categor\u00eda?<\/p>\n<p>En el din\u00e1mico y asequible paisaje de la venta al por menor contempor\u00e1nea, o incluso en el apacible refugio de una colecci\u00f3n exclusiva, la discusi\u00f3n lo es todo. Un gran reloj merece mucho m\u00e1s que estar simplemente colocado en un estuche o metido en una caja. Requiere ser exhibido, celebrado y admirado desde todos los \u00e1ngulos. Esta es la filosof\u00eda que nos mueve. Como los profesionales del mercado cuando se refiere a la pantalla de acr\u00edlico reloj de pie, entendemos que la etapa es tan vital como la celebridad. No nos limitamos a desarrollar propietarios; creamos experiencias.<\/p>\n<p>Bienvenido a la soluci\u00f3n definitiva para el debate sobre relojes: nuestros expositores acr\u00edlicos para relojes totalmente personalizados. Aqu\u00ed es donde la identificaci\u00f3n de su marca se une a nuestra calidad de fabricaci\u00f3n para producir una declaraci\u00f3n visual que cautiva, atrae y convierte.<\/p>\n<h3 id=\"the-challenge-of-the-modern-industry-cutting-through-the-noise\">El reto de la industria moderna: Aislarse del ruido<\/h3>\n<p>Imag\u00ednese un ambiente de tienda de lujo. Es una armon\u00eda de est\u00edmulos: joyas de moda relucientes, pantallas din\u00e1micas, marcas que se completan y un flujo continuo de clientes. Hay muchos otros art\u00edculos y ruidos que compiten por captar la atenci\u00f3n del cliente. En este mar de homogeneidad, \u00bfc\u00f3mo se descubre su marca de relojes? Exactamente, \u00bfc\u00f3mo detiene a un posible cliente en su camino y le introduce en el detallado mundo de sus relojes? Una pantalla est\u00e1ndar no es suficiente. Es un susurro en un griter\u00edo.<\/p>\n<p>Desea captarlos y transformarlos en compradores. Para ello, necesita un expositor que haga algo m\u00e1s que sostener un reloj. Necesita un representante de ventas silencioso, un embajador de la marca y un autor, todo en uno. Nuestro grupo le ayudar\u00e1 a conseguir este objetivo. Las pantallas personalizadas son necesarias si desea que su marca de relojes destaque absolutamente, comunique su sugerencia de valor especial y forje un v\u00ednculo memorable con el cliente.<\/p>\n<p><a href=\"https:\/\/customacrylicproduct.com\/es\/custom-acrylic-displays\/\"><img fetchpriority=\"high\" decoding=\"async\" class=\"aligncenter wp-image-475 size-full\" src=\"https:\/\/customacrylicproduct.com\/wp-content\/uploads\/2025\/07\/Custom-Acrylic-Watch-Display-2.jpg\" alt=\"Expositor acr\u00edlico personalizado para relojes\" width=\"800\" height=\"800\" srcset=\"https:\/\/customacrylicproduct.com\/wp-content\/uploads\/2025\/07\/Custom-Acrylic-Watch-Display-2.jpg 800w, https:\/\/customacrylicproduct.com\/wp-content\/uploads\/2025\/07\/Custom-Acrylic-Watch-Display-2-300x300.jpg 300w, https:\/\/customacrylicproduct.com\/wp-content\/uploads\/2025\/07\/Custom-Acrylic-Watch-Display-2-150x150.jpg 150w, https:\/\/customacrylicproduct.com\/wp-content\/uploads\/2025\/07\/Custom-Acrylic-Watch-Display-2-768x768.jpg 768w, https:\/\/customacrylicproduct.com\/wp-content\/uploads\/2025\/07\/Custom-Acrylic-Watch-Display-2-12x12.jpg 12w, https:\/\/customacrylicproduct.com\/wp-content\/uploads\/2025\/07\/Custom-Acrylic-Watch-Display-2-600x600.jpg 600w, https:\/\/customacrylicproduct.com\/wp-content\/uploads\/2025\/07\/Custom-Acrylic-Watch-Display-2-100x100.jpg 100w\" sizes=\"(max-width: 800px) 100vw, 800px\" \/><\/a><\/p>\n<h3 id=\"the-polymer-advantage-clearness-durability-and-unmatched-sophistication\">La ventaja de los pol\u00edmeros: Claridad, durabilidad y sofisticaci\u00f3n sin igual<\/h3>\n<p>Nuestro material preferido es el acr\u00edlico de primera calidad. Es el lienzo ideal sobre el que construir el discurso de su marca. Utilizamos los mejores\u00a0<strong>productos acr\u00edlicos para hacer este soporte, que es libre de riesgo suficiente para que usted utilice se sent\u00eda confiado.\u00a0<\/strong>Este compromiso con un producto de alta calidad se traduce directamente en una serie de ventajas que hacen que nuestros stands sean excepcionales.<\/p>\n<p><strong>1. Claridad cristalina:\u00a0<\/strong>El acr\u00edlico de \u00faltima generaci\u00f3n ofrece una claridad \u00f3ptica equiparable a la de uno de los cristales m\u00e1s caros. A diferencia del cristal, tiene una luminiscencia totalmente natural que no produce un tinte ambiental ni alterado, lo que garantiza que los tonos de verdad y los detalles elaborados de la esfera, la instancia y la correa de su reloj existan con total integridad. La transparencia de nuestro\u00a0<strong>soportes para relojes transparentes\u00a0<\/strong>permite que el reloj flote relativamente, desarrollando una sensaci\u00f3n de preciosidad y concentraci\u00f3n que atrae inmediatamente la mirada. El soporte se convierte en un marco refinado y sofisticado, que nunca eclipsa el arte para el que est\u00e1 hecho.<\/p>\n<p><strong>2. Seguridad y resistencia superiores:\u00a0<\/strong>En cualquier entorno de cara al p\u00fablico, la seguridad es extremadamente importante. La propia naturaleza de los art\u00edculos\u00a0<strong>hecho de acr\u00edlico puede utilizar este soporte de pantalla de reloj de forma m\u00e1s segura y conveniente\u00a0<\/strong>que los de cristal. El acr\u00edlico es considerablemente m\u00e1s resistente a los golpes que el cristal, lo que reduce dr\u00e1sticamente el peligro de que se estropee y se produzcan posibles lesiones en un establecimiento comercial muy concurrido o durante el transporte. Esta robustez garantiza que su inversi\u00f3n en un expositor de alta calidad sea duradera, resistente a fracturas, astillamientos y a la rudeza del uso cotidiano. Esta es la\u00a0<strong>disfrutar de coordinador base\u00a0<\/strong>que proporciona tanto encanto como comodidad.<\/p>\n<p><strong>3. Ligero y m\u00f3vil:\u00a0<\/strong>A pesar de su resistencia, el acr\u00edlico es extraordinariamente ligero. Esto hace que\u00a0<strong>soporte actual para reloj\u00a0<\/strong>incre\u00edblemente flexible. Con su\u00a0<strong>ligero y de tama\u00f1o correcto, sin problemas para que usted pueda requerir a cualquier tipo de \u00e1reas que usted necesita\u00a0<\/strong>, La instalaci\u00f3n de pantallas para una feria comercial, una tienda pop-up o un evento \u00fanico en una tienda resulta muy sencilla. Puede reconfigurar sus pantallas f\u00e1cilmente, adapt\u00e1ndolas a nuevas colecciones o campa\u00f1as de marketing sin los problemas log\u00edsticos que conllevan los materiales m\u00e1s pesados y vulnerables. No se trata simplemente de componentes fijos, sino de vibrantes dispositivos publicitarios.<\/p>\n<p><a href=\"https:\/\/customacrylicproduct.com\/es\/custom-acrylic-displays\/\"><img decoding=\"async\" class=\"aligncenter wp-image-474 size-full\" src=\"https:\/\/customacrylicproduct.com\/wp-content\/uploads\/2025\/07\/Custom-Acrylic-Watch-Display-1.jpg\" alt=\"Expositor acr\u00edlico personalizado para relojes\" width=\"800\" height=\"800\" srcset=\"https:\/\/customacrylicproduct.com\/wp-content\/uploads\/2025\/07\/Custom-Acrylic-Watch-Display-1.jpg 800w, https:\/\/customacrylicproduct.com\/wp-content\/uploads\/2025\/07\/Custom-Acrylic-Watch-Display-1-300x300.jpg 300w, https:\/\/customacrylicproduct.com\/wp-content\/uploads\/2025\/07\/Custom-Acrylic-Watch-Display-1-150x150.jpg 150w, https:\/\/customacrylicproduct.com\/wp-content\/uploads\/2025\/07\/Custom-Acrylic-Watch-Display-1-768x768.jpg 768w, https:\/\/customacrylicproduct.com\/wp-content\/uploads\/2025\/07\/Custom-Acrylic-Watch-Display-1-12x12.jpg 12w, https:\/\/customacrylicproduct.com\/wp-content\/uploads\/2025\/07\/Custom-Acrylic-Watch-Display-1-600x600.jpg 600w, https:\/\/customacrylicproduct.com\/wp-content\/uploads\/2025\/07\/Custom-Acrylic-Watch-Display-1-100x100.jpg 100w\" sizes=\"(max-width: 800px) 100vw, 800px\" \/><\/a><\/p>\n<h3 id=\"the-power-of-real-customization-your-vision-brought-to-life\">El poder de la personalizaci\u00f3n real: Su visi\u00f3n, hecha realidad<\/h3>\n<p>Aqu\u00ed es donde nos distinguimos como l\u00edderes indiscutibles del sector. Nuestro equipo cree que un expositor de pantalla debe ser una extensi\u00f3n del ADN de su marca. Por eso no ofrecemos una soluci\u00f3n \u00fanica. M\u00e1s bien, ofrecemos un viaje de colaboraci\u00f3n.\u00a0<strong>Adaptamos su soporte acr\u00edlico para pantalla de visualizaci\u00f3n de relojes a sus deseos,\u00a0<\/strong>garantizando que el producto final sea un perfecto reflejo de su visi\u00f3n y su val\u00eda.<\/p>\n<p>Sus alternativas de modificaci\u00f3n son pr\u00e1cticamente ilimitadas:<\/p>\n<ul>\n<li><strong>Marca tu identidad con un logotipo:\u00a0<\/strong>Su logotipo es su firma. Podemos h\u00e1bil y completamente\u00a0<strong>marque su pantalla de visualizaci\u00f3n con un dise\u00f1o de logotipo\u00a0<\/strong>utilizando una serie de sofisticadas estrategias, que consisten en la inscripci\u00f3n l\u00e1ser de precisi\u00f3n, la impresi\u00f3n viva a todo color e incluso el sofisticado texto elevado en 3D. De este modo, el stand deja de ser un simple propietario para convertirse en una eficaz herramienta de branding que refuerza el recuerdo de la marca e irradia un aire de exclusividad y experiencia.<\/li>\n<li><strong>Incorpore tecnolog\u00eda moderna interactiva:\u00a0<\/strong>En la era digital actual, las pantallas est\u00e1ticas est\u00e1n pasando a la historia. Podemos elevar su debate hasta el siglo XXI. Imagine a un consumidor acerc\u00e1ndose a su pantalla. Nosotros podemos\u00a0<strong>insertar pantallas t\u00e1ctiles\u00a0<\/strong>directamente en la base acr\u00edlica, lo que les permite interactuar con usted. Pueden explorar las especificaciones completas del reloj, ver distintas combinaciones de correas, ver c\u00f3mo se desarrolla la historia de su marca o quiz\u00e1 suscribirse a un bolet\u00edn electr\u00f3nico. Esto transforma la observaci\u00f3n pasiva en participaci\u00f3n activa, lo que aumenta dr\u00e1sticamente el tiempo de permanencia y la tasa de inter\u00e9s del cliente.<\/li>\n<li><strong>Narraci\u00f3n visual din\u00e1mica:\u00a0<\/strong>\u00bfQuiere destacar la resistencia al agua de su flamante reloj de buceo o la intrincada actividad de su cron\u00f3grafo autom\u00e1tico? Nosotros podemos\u00a0<strong>colocar peque\u00f1as pantallas de videoclips\u00a0<\/strong>que muestren las caracter\u00edsticas especiales de sus relojes de una forma emocionante. Muestre su artesan\u00eda con secuencias de v\u00eddeo de producci\u00f3n tras el tel\u00f3n, comparta testimonios radiantes o muestre informaci\u00f3n sobre tarifas y cualquier otra informaci\u00f3n que le gustar\u00eda compartir. Este aspecto vibrante es un im\u00e1n para la atenci\u00f3n, contando una historia abundante que un simple cartel nunca podr\u00eda.<\/li>\n<li><strong>Usted es el dise\u00f1ador de la forma y la funci\u00f3n:\u00a0<\/strong>Su marca tiene un aspecto visual \u00fanico y su expositor debe reconocerlo.\u00a0<strong>Tambi\u00e9n puede elegir el color, la forma y el tama\u00f1o de su soporte.\u00a0<\/strong>\u00bfImagina un elegante y minimalista soporte en forma de C en negro azabache para su colecci\u00f3n moderna y progresista? \u00bfO tal vez una serie de plataformas transparentes de varios niveles para exponer una familia completa de relojes? Desde la curvatura precisa del propietario del reloj hasta las dimensiones de la base, todos los aspectos est\u00e1n bajo su control. Podemos crear\u00a0<strong>soportes acr\u00edlicos para relojes\u00a0<\/strong>para obras de arte individuales o grandes\u00a0<strong>ver pantalla espacio de almacenamiento propietario\u00a0<\/strong>sistemas para colecciones enteras.<\/li>\n<\/ul>\n<p><a href=\"https:\/\/customacrylicproduct.com\/es\/custom-acrylic-displays\/\"><img decoding=\"async\" class=\"aligncenter wp-image-476 size-full\" src=\"https:\/\/customacrylicproduct.com\/wp-content\/uploads\/2025\/07\/Custom-Acrylic-Watch-Display-3.jpg\" alt=\"Expositor acr\u00edlico personalizado para relojes\" width=\"800\" height=\"800\" srcset=\"https:\/\/customacrylicproduct.com\/wp-content\/uploads\/2025\/07\/Custom-Acrylic-Watch-Display-3.jpg 800w, https:\/\/customacrylicproduct.com\/wp-content\/uploads\/2025\/07\/Custom-Acrylic-Watch-Display-3-300x300.jpg 300w, https:\/\/customacrylicproduct.com\/wp-content\/uploads\/2025\/07\/Custom-Acrylic-Watch-Display-3-150x150.jpg 150w, https:\/\/customacrylicproduct.com\/wp-content\/uploads\/2025\/07\/Custom-Acrylic-Watch-Display-3-768x768.jpg 768w, https:\/\/customacrylicproduct.com\/wp-content\/uploads\/2025\/07\/Custom-Acrylic-Watch-Display-3-12x12.jpg 12w, https:\/\/customacrylicproduct.com\/wp-content\/uploads\/2025\/07\/Custom-Acrylic-Watch-Display-3-600x600.jpg 600w, https:\/\/customacrylicproduct.com\/wp-content\/uploads\/2025\/07\/Custom-Acrylic-Watch-Display-3-100x100.jpg 100w\" sizes=\"(max-width: 800px) 100vw, 800px\" \/><\/a><\/p>\n<p><strong>Tenga la seguridad de que le conseguiremos exactamente lo que necesita.\u00a0<\/strong>Nuestro objetivo es equiparar el significado de su marca a un tipo f\u00edsico que regule la atenci\u00f3n y la consideraci\u00f3n.<\/p>\n<h3 id=\"our-collaborative-style-process-a-collaboration-in-excellence\">Nuestro Proceso de Estilo Colaborativo: Una colaboraci\u00f3n en la excelencia<\/h3>\n<p>Nuestro equipo cree que producir la pantalla de visualizaci\u00f3n ideal es una colaboraci\u00f3n. Nuestro procedimiento est\u00e1 creado para ser claro, colectivo y centrado totalmente en su satisfacci\u00f3n.<\/p>\n<p><strong>Acci\u00f3n 1: el examen.\u00a0<\/strong>Comienza con un debate.\u00a0<strong>Nuestros profesionales le ayudar\u00e1n a encontrar el soporte acr\u00edlico para pantallas de reloj que mejor se adapte a sus necesidades.\u00a0<\/strong>Prestaremos atenci\u00f3n a sus objetivos, conoceremos la identificaci\u00f3n de su marca, comprenderemos a su p\u00fablico objetivo y repasaremos el entorno en el que vivir\u00e1 el expositor.<\/p>\n<p><strong>Paso 2: El plan.\u00a0<\/strong>Basado en nuestra consulta,\u00a0<strong>despu\u00e9s haremos una ilustraci\u00f3n de lo que ha seleccionado y se la enviaremos.\u00a0<\/strong>No se trata de una simple ilustraci\u00f3n; utilizamos un innovador programa inform\u00e1tico para crear maquetas 2D y renders 3D completos, que le permitir\u00e1n imaginar con precisi\u00f3n el aspecto que tendr\u00e1 su stand, con el dise\u00f1o de su logotipo y cualquier tipo de integraci\u00f3n t\u00e9cnica.<\/p>\n<p><strong>Acci\u00f3n 3: El prototipo y la mejora.\u00a0<\/strong>Ver para creer. Para pedidos m\u00e1s grandes,\u00a0<strong>tendr\u00e1 la oportunidad de comprobar el modelo antes de que empecemos a ocuparnos de su stand.\u00a0<\/strong>Este es un paso crucial. Puede sentir la alta calidad del acr\u00edlico, ver la precisi\u00f3n de la marca y asegurarse de que las medidas son perfectas. Esta es su posibilidad de\u00a0<strong>hacer modificaciones en el estilo para asegurarse de que obtiene exactamente lo que desea.\u00a0<\/strong>Agradecemos sus respuestas y afinaremos el dise\u00f1o hasta que cumpla su autorizaci\u00f3n absoluta.<\/p>\n<h3 id=\"beyond-the-retail-counter-a-stand-for-every-event\">M\u00e1s all\u00e1 del mostrador: Un stand para cada evento<\/h3>\n<p>Aunque es lo mejor para el comercio minorista, la aplicaci\u00f3n\u00a0<strong>ver propietarios de pantallas\u00a0<\/strong>se extiende mucho m\u00e1s all\u00e1 de la fachada de la tienda.<\/p>\n<ul>\n<li><strong>Para el coleccionista exigente:\u00a0<\/strong>Este\u00a0<strong>disfrutar de soporte de espacio de almacenamiento se produce para el propietario del reloj que reconoce que un reloj, ver titular o dispositivos de almacenamiento de reloj es esencial.\u00a0<\/strong>Para la persona que ha conservado una colecci\u00f3n de relojes finos, nuestros soportes ofrecen una pantalla de exposici\u00f3n con calidad de museo para el hogar o la oficina. Protegen su inversi\u00f3n financiera desde la base y la exhiben como la obra de arte que es.<\/li>\n<li><strong>El regalo perfecto:\u00a0<\/strong>Un soporte acr\u00edlico a medida para relojes\u00a0<strong>un regalo maravilloso a su miembro de la familia, amantes, amigos, miembros de la familia y asociados para hacer extra sorprendido.\u00a0<\/strong>Es un regalo considerado, elegante y personal para cualquier tipo de fan\u00e1tico de los relojes, que revela que aprecias su inter\u00e9s y preferencia.<\/li>\n<\/ul>\n<p>Su reloj narra la mano de obra y la precisi\u00f3n. Perm\u00edtanos ayudarle a considerar que la historia de la etapa que debe tener. P\u00f3ngase en contacto con nuestro grupo de expertos de hoy, y vamos a empezar el proceso de colaboraci\u00f3n de desarrollar un reloj de acr\u00edlico personalizado pantalla de visualizaci\u00f3n de pie que sin duda no s\u00f3lo mostrar sus relojes, pero elevar toda su marca.<\/p>","protected":false},"excerpt":{"rendered":"<p>Haga que su marca destaque con un expositor acr\u00edlico personalizado para relojes. Con su logotipo, podemos a\u00f1adir pantallas de v\u00eddeo interactivas para crear una soluci\u00f3n de venta al por menor sorprendente. Usted elige el color, la forma y el tama\u00f1o. Nuestros expertos le ayudar\u00e1n a dise\u00f1ar un expositor que capte la atenci\u00f3n y convierta a los clientes en compradores.<\/p>","protected":false},"featured_media":475,"template":"","meta":{"_kad_post_transparent":"default","_kad_post_title":"","_kad_post_layout":"default","_kad_post_sidebar_id":"","_kad_post_content_style":"default","_kad_post_vertical_padding":"default","_kad_post_feature":"","_kad_post_feature_position":"","_kad_post_header":false,"_kad_post_footer":false,"_kad_post_classname":""},"product_brand":[],"product_cat":[15],"product_tag":[48,33,46],"class_list":{"0":"post-473","1":"product","2":"type-product","3":"status-publish","4":"has-post-thumbnail","6":"product_cat-custom-acrylic-displays","7":"product_tag-acrylic-watch-display-stands","8":"product_tag-custom-acrylic-display","9":"product_tag-custom-acrylic-display-stands","11":"first","12":"instock","13":"shipping-taxable","14":"product-type-simple","15":"entry","16":"content-bg","17":"loop-entry"},"_links":{"self":[{"href":"https:\/\/customacrylicproduct.com\/es\/wp-json\/wp\/v2\/product\/473","targetHints":{"allow":["GET"]}}],"collection":[{"href":"https:\/\/customacrylicproduct.com\/es\/wp-json\/wp\/v2\/product"}],"about":[{"href":"https:\/\/customacrylicproduct.com\/es\/wp-json\/wp\/v2\/types\/product"}],"wp:featuredmedia":[{"embeddable":true,"href":"https:\/\/customacrylicproduct.com\/es\/wp-json\/wp\/v2\/media\/475"}],"wp:attachment":[{"href":"https:\/\/customacrylicproduct.com\/es\/wp-json\/wp\/v2\/media?parent=473"}],"wp:term":[{"taxonomy":"product_brand","embeddable":true,"href":"https:\/\/customacrylicproduct.com\/es\/wp-json\/wp\/v2\/product_brand?post=473"},{"taxonomy":"product_cat","embeddable":true,"href":"https:\/\/customacrylicproduct.com\/es\/wp-json\/wp\/v2\/product_cat?post=473"},{"taxonomy":"product_tag","embeddable":true,"href":"https:\/\/customacrylicproduct.com\/es\/wp-json\/wp\/v2\/product_tag?post=473"}],"curies":[{"name":"wp","href":"https:\/\/api.w.org\/{rel}","templated":true}]}}