{"id":479,"date":"2025-07-03T03:28:21","date_gmt":"2025-07-03T03:28:21","guid":{"rendered":"https:\/\/customacrylicproduct.com\/?post_type=product&#038;p=479"},"modified":"2025-07-03T06:43:32","modified_gmt":"2025-07-03T06:43:32","slug":"private-label-colored-acrylic-gift-storage-square-boxes","status":"publish","type":"product","link":"https:\/\/customacrylicproduct.com\/es\/private-label-colored-acrylic-gift-storage-square-boxes\/","title":{"rendered":"Cajas cuadradas acr\u00edlicas de colores para regalo de marca blanca"},"content":{"rendered":"<h3 id=\"-unbox-radiance-presenting-our-private-tag-colored-polymer-present-storage-space-boxes-where-clarity-fulfills-creative-thinking-\"><strong>Unbox Radiance: Presentamos nuestras cajas para regalos y espacio de almacenamiento de pol\u00edmero de color con etiqueta privada- Donde la claridad hace realidad el pensamiento creativo\u00a0<\/strong>.<\/h3>\n<p>En un mundo saturado de modas pasajeras y art\u00edculos no reutilizables, existe un deseo creciente de objetos que no s\u00f3lo sean \u00fatiles, sino tambi\u00e9n bellos, duraderos y profundamente personales. Buscamos poner orden en nuestro caos, elevar nuestros rituales diarios y ofrecer nuestros regalos y productos m\u00e1s preciados de una forma que refleje realmente su valor. Es a partir de esta necesidad que nuestra destacada colecci\u00f3n de Regalos de Pol\u00edmero de Color con Etiqueta Personal y <a href=\"https:\/\/customacrylicproduct.com\/es\/best-quality-wholesale-customized-acrylic-storage-boxes\/\">Espacio de almacenamiento Cajas cuadradas<\/a> una sinfon\u00eda de color, claridad y artesan\u00eda a medida dise\u00f1ada para transformar lo normal en extraordinario.<\/p>\n<p>Tanto si se trata de una marca que busca producir un embalaje extraordinario para sus productos, como de una tienda que est\u00e1 creando una pantalla innovadora o de un particular interesado en el dise\u00f1o que est\u00e1 organizando un refugio personal, nuestros <a href=\"https:\/\/customacrylicproduct.com\/es\/best-quality-wholesale-customized-acrylic-storage-boxes\/\">cajas acr\u00edlicas<\/a> ofrecen un lienzo para su pensamiento creativo. Son una declaraci\u00f3n de alta calidad, un compromiso con la elegancia y un remedio \u00fatil a los retos modernos de espacio de almacenamiento y presentaci\u00f3n. Acomp\u00e1\u00f1enos a explorar las excepcionales cualidades superiores que hacen que nuestros <a href=\"https:\/\/customacrylicproduct.com\/es\/best-quality-wholesale-customized-acrylic-storage-boxes\/\">cajas acr\u00edlicas<\/a> la elecci\u00f3n clara para quienes no quieren renunciar al dise\u00f1o ni al material.<\/p>\n<h4 id=\"-1-the-essence-of-excellence-the-unequaled-top-quality-of-our-polymer-\"><strong>1. La esencia de la excelencia: La inigualable calidad superior de nuestro pol\u00edmero\u00a0<\/strong>.<\/h4>\n<p>La base de cualquier producto extraordinario reside en su material. Hemos elegido acr\u00edlico de primera calidad por su combinaci\u00f3n \u00fanica de elegancia visual y gran resistencia, lo que garantiza que cada caja sea una inversi\u00f3n econ\u00f3mica en calidad superior duradera.<\/p>\n<ul>\n<li><strong>Transparencia cristalina y eficacia de tonos vivos:\u00a0<\/strong>En el coraz\u00f3n del encanto de nuestro acr\u00edlico est\u00e1 su impresionante calidad. Con un \u00edndice de transmisi\u00f3n de la luz superior a 92%, iguala la pureza del cristal \u00f3ptico, permitiendo que la luz baile a trav\u00e9s de su estructura. El resultado es un resplandor suave y luminoso que ilumina los materiales que contiene, mostr\u00e1ndolos en su forma m\u00e1s aut\u00e9ntica, sin distorsiones. Sin embargo, la claridad es s\u00f3lo la mitad de la historia. Mediante un preciso proceso de te\u00f1ido, desvelamos un vibrante espectro de posibilidades. Desde un rojo ardiente y apasionado hasta un azul apacible y relajante, pasando por un verde en\u00e9rgico y un p\u00farpura majestuoso, nuestra gama de tonos es tan variada como su creatividad. Esta doble capacidad cumple dos objetivos: ofrece un r\u00e1pido deleite est\u00e9tico y proporciona un \u00fatil sistema para la organizaci\u00f3n por c\u00f3digos de colores, lo que facilita la clasificaci\u00f3n de todo, desde tonos de pintalabios hasta material de oficina.<\/li>\n<li><strong>Resistencia sin rival para una seguridad duradera:\u00a0<\/strong>Nuestras cajas acr\u00edlicas est\u00e1n dise\u00f1adas para soportar los rigores de la vida cotidiana. Con una resistencia\u00a0<strong>16 veces superior a la del vidrio com\u00fan\u00a0<\/strong>, Utilizan una opci\u00f3n resistente a la rotura que es a la vez segura y fiable. Esta durabilidad los hace ideales para entornos comerciales bulliciosos, hogares activos e incluso zonas p\u00fablicas. Adem\u00e1s, nuestro acr\u00edlico es incre\u00edblemente resistente al desgaste y muestra una defensa superior frente a corrosivos comunes como \u00e1cidos y \u00e1lcalis. A diferencia de los materiales inferiores que amarillean, se deforman o se debilitan gradualmente, nuestras cajas mantienen su honestidad estructural y su bello aspecto durante varios a\u00f1os, lo que las hace ideales para aplicaciones tanto interiores como exteriores sin preocuparse por su destrucci\u00f3n.<\/li>\n<li><strong>Ligero naturalmente, Fiable deliberadamente:\u00a0<\/strong>A pesar de su durabilidad, el acr\u00edlico es muy ligero: pesa la mitad que el cristal. Esto reduce significativamente el problema y el precio del transporte y el env\u00edo, una ventaja vital para nuestros clientes empresariales. Para el usuario final, significa que nuestras cajas son f\u00e1ciles de manejar, trasladar y reorganizar. En una \u00e9poca de creciente concienciaci\u00f3n medioambiental, estamos orgullosos de que nuestro pol\u00edmero sea un producto completamente reciclable. Al elegir nuestros productos, est\u00e1 optando por una sofisticaci\u00f3n duradera, un bello remedio que se alinea con el compromiso de proteger nuestro mundo.<\/li>\n<\/ul>\n<p><a href=\"https:\/\/customacrylicproduct.com\/es\/private-label-colored-acrylic-gift-storage-square-boxes\/\"><img fetchpriority=\"high\" decoding=\"async\" class=\"wp-image-483 size-full aligncenter\" src=\"https:\/\/customacrylicproduct.com\/wp-content\/uploads\/2025\/07\/Colored-Acrylic-Boxes-4.jpg\" alt=\"Cajas acr\u00edlicas de colores\" width=\"800\" height=\"800\" srcset=\"https:\/\/customacrylicproduct.com\/wp-content\/uploads\/2025\/07\/Colored-Acrylic-Boxes-4.jpg 800w, https:\/\/customacrylicproduct.com\/wp-content\/uploads\/2025\/07\/Colored-Acrylic-Boxes-4-300x300.jpg 300w, https:\/\/customacrylicproduct.com\/wp-content\/uploads\/2025\/07\/Colored-Acrylic-Boxes-4-150x150.jpg 150w, https:\/\/customacrylicproduct.com\/wp-content\/uploads\/2025\/07\/Colored-Acrylic-Boxes-4-768x768.jpg 768w, https:\/\/customacrylicproduct.com\/wp-content\/uploads\/2025\/07\/Colored-Acrylic-Boxes-4-12x12.jpg 12w, https:\/\/customacrylicproduct.com\/wp-content\/uploads\/2025\/07\/Colored-Acrylic-Boxes-4-600x600.jpg 600w, https:\/\/customacrylicproduct.com\/wp-content\/uploads\/2025\/07\/Colored-Acrylic-Boxes-4-100x100.jpg 100w\" sizes=\"(max-width: 800px) 100vw, 800px\" \/><\/a><\/p>\n<h4 id=\"-2-from-principle-to-creation-the-art-of-bespoke-style-\"><strong>2. Del principio a la creaci\u00f3n: El arte del estilo a medida\u00a0<\/strong>.<\/h4>\n<p>Una caja nunca es simplemente una caja. Es una forma de construcci\u00f3n, una pieza de dise\u00f1o que tiene que ser tan \u00fanica como los productos que contiene o la marca que representa. Nuestros sofisticados procesos de fabricaci\u00f3n le permiten ir m\u00e1s all\u00e1 de las formas comunes y desarrollar un producto realmente personalizado.<\/p>\n<ul>\n<li><strong>Versatilidad estructural ilimitada:\u00a0<\/strong>Su visi\u00f3n es nuestro plan. Aprovechando tecnolog\u00edas modernas de vanguardia como la precisi\u00f3n\u00a0<strong>corte por l\u00e1ser, suave flexi\u00f3n en caliente y capa protectora UV\u00a0<\/strong>, tambi\u00e9n podemos dar vida a uno de los estilos m\u00e1s complejos. Mientras que el intemporal tipo cuadrado proporciona un encanto intemporal, podemos crear elaboradas estructuras adaptadas a demandas particulares. Imagine un coordinador escalonado de varios niveles que presente una colecci\u00f3n de barras de labios como una tribuna, una caja lisa en forma de c\u00e1psula para valiosa bisuter\u00eda o una bandeja compartimentada con ranuras fresadas a medida para pinceles y herramientas de maquillaje. Su creatividad es el \u00fanico l\u00edmite.<\/li>\n<li><strong>Una sinfon\u00eda de tratamientos superficiales:\u00a0<\/strong>La textura t\u00e1ctil y est\u00e9tica de un art\u00edculo afecta en gran medida a su valor percibido. Ofrecemos una serie de tratamientos superficiales para mejorar la est\u00e9tica y crear una experiencia multisensorial.<\/li>\n<li><strong>Elegante:\u00a0<\/strong>Nuestro t\u00edpico acabado pulido es perfectamente liso y transparente, creando un resultado similar al cristal que aprovecha al m\u00e1ximo la claridad y refleja la luz magn\u00edficamente.<\/li>\n<li><strong>Esmerilado:\u00a0<\/strong>Para dar un toque de discreta elegancia, nuestra superficie esmerilada ofrece una estructura nebulosa y de enfoque suave. Cubre parcialmente el contenido, creando una sensaci\u00f3n de aura a la vez que difunde perfectamente la luz.<\/li>\n<li><strong>Con textura:\u00a0<\/strong>Para incluir una medida art\u00edstica distintiva, podemos incorporar elegantes patrones a rayas o un moderno aspecto de panal directamente en la superficie acr\u00edlica, desarrollando un vibrante juego de luces y sombras que suplica ser tocado.<\/li>\n<li><strong>Integraci\u00f3n reflexiva de accesorios:\u00a0<\/strong>El verdadero lujo se encuentra en la informaci\u00f3n. De hecho, hemos pensado en todos los aspectos de la funcionalidad, incluida una colecci\u00f3n de accesorios funcionales. Elija un\u00a0<strong>tapa abatible antipolvo\u00a0<\/strong>para sujetar materiales \u00fatiles, algunos con cierres magn\u00e9ticos silenciosos. Opte por\u00a0<strong>gu\u00edas de deslizamiento suave para cajones\u00a0<\/strong>para una accesibilidad sin esfuerzo en organizadores escalonados. Y para mayor estabilidad, podemos a\u00f1adir discretos\u00a0<strong>almohadillas de goma antideslizantes\u00a0<\/strong>a la base, garantizando que su caja permanezca segura en su sitio sobre cualquier tipo de superficie.<\/li>\n<\/ul>\n<p><a href=\"https:\/\/customacrylicproduct.com\/es\/private-label-colored-acrylic-gift-storage-square-boxes\/\"><img decoding=\"async\" class=\"aligncenter wp-image-480 size-full\" src=\"https:\/\/customacrylicproduct.com\/wp-content\/uploads\/2025\/07\/Colored-Acrylic-Boxes-1.jpg\" alt=\"Cajas acr\u00edlicas de colores\" width=\"800\" height=\"800\" srcset=\"https:\/\/customacrylicproduct.com\/wp-content\/uploads\/2025\/07\/Colored-Acrylic-Boxes-1.jpg 800w, https:\/\/customacrylicproduct.com\/wp-content\/uploads\/2025\/07\/Colored-Acrylic-Boxes-1-300x300.jpg 300w, https:\/\/customacrylicproduct.com\/wp-content\/uploads\/2025\/07\/Colored-Acrylic-Boxes-1-150x150.jpg 150w, https:\/\/customacrylicproduct.com\/wp-content\/uploads\/2025\/07\/Colored-Acrylic-Boxes-1-768x768.jpg 768w, https:\/\/customacrylicproduct.com\/wp-content\/uploads\/2025\/07\/Colored-Acrylic-Boxes-1-12x12.jpg 12w, https:\/\/customacrylicproduct.com\/wp-content\/uploads\/2025\/07\/Colored-Acrylic-Boxes-1-600x600.jpg 600w, https:\/\/customacrylicproduct.com\/wp-content\/uploads\/2025\/07\/Colored-Acrylic-Boxes-1-100x100.jpg 100w\" sizes=\"(max-width: 800px) 100vw, 800px\" \/><\/a><\/p>\n<h4 id=\"-3-past-package-infinite-opportunities-for-organization-show-\"><strong>3. Paquete anterior: infinitas oportunidades de organizaci\u00f3n y espect\u00e1culo\u00a0<\/strong>.<\/h4>\n<p>La comodidad de nuestro <a href=\"https:\/\/customacrylicproduct.com\/es\/best-quality-wholesale-customized-acrylic-storage-boxes\/\">cajas acr\u00edlicas<\/a> los convierte en una herramienta importante en una amplia gama de aplicaciones, combinando a la perfecci\u00f3n la energ\u00eda con un atractivo visual de primera calidad.<\/p>\n<ul>\n<li><strong>La soluci\u00f3n definitiva de almacenamiento y organizaci\u00f3n:\u00a0<\/strong>Transforme el desorden en una colecci\u00f3n cuidada. Nuestras cajas son famosas por ser la mejor elecci\u00f3n para organizar peque\u00f1os objetos de valor incalculable. Para los fan\u00e1ticos del encanto, crean un magn\u00edfico hogar para\u00a0<strong>cosm\u00e9ticos\u00a0<\/strong>, Para los profesionales, aportan orden y seguridad. Para el profesional, ponen orden en\u00a0<strong>papeler\u00eda\u00a0<\/strong>, y dispositivos de escritorio. Para la agencia de cobros, suponen un dep\u00f3sito seguro e impresionante para\u00a0<strong>joyas preciosas\u00a0<\/strong>, relojes y recuerdos. Los dise\u00f1os claros o de color eliminan la b\u00fasqueda fren\u00e9tica, transformando la rutina diaria de localizar lo que se necesita en un minuto de calma sin complicaciones.<\/li>\n<li><strong>Emocionante espect\u00e1culo y costes de embalaje:\u00a0<\/strong>La primera impresi\u00f3n lo es todo. La fenomenal transmisi\u00f3n de la luz de nuestro acr\u00edlico lo convierte en el producto id\u00f3neo para\u00a0<strong>embalaje de productos de exposici\u00f3n\u00a0<\/strong>. Los comerciantes pueden elevar su producto, convirtiendo un simple art\u00edculo en algo de gran valor. Una joya preciosa metida en una caja de pol\u00edmero tintado se convierte en una obra maestra. Una figurita de colecci\u00f3n se convierte en una vitrina de museo. Un regalo de lujo no s\u00f3lo se ofrece, sino que se ofrece ceremoniosamente. Nuestras cajas aumentan la calidad visual de sus productos, fascinando a los clientes e impulsando las ventas.<\/li>\n<li><strong>Optimizaci\u00f3n ingeniosa del \u00e1rea:\u00a0<\/strong>En el estilo de vida contempor\u00e1neo, la superficie es un valor a\u00f1adido. Nuestros estilos est\u00e1n dise\u00f1ados para ayudarle a aprovechar cada cent\u00edmetro cuadrado. La forma uniforme y modular de nuestras cajas cuadradas permite\u00a0<strong>apilamiento estable\u00a0<\/strong>, desarrollando elegantes torres verticales de almacenamiento sobre una mesa o estanter\u00eda para ropa. Adem\u00e1s, dise\u00f1amos\u00a0<strong>versiones murales\u00a0<\/strong>, Como las elegantes fundas para cajas de pa\u00f1uelos o las estanter\u00edas con pulsador, que liberan un valioso espacio en zonas peque\u00f1as como ba\u00f1os, entradas y lugares de trabajo.<\/li>\n<\/ul>\n<h4 id=\"-4-precision-in-every-measurement-customizing-to-your-exact-demands-\"><strong>4. Precisi\u00f3n en cada medici\u00f3n: Adaptaci\u00f3n exacta a sus necesidades\u00a0<\/strong>.<\/h4>\n<p>Entendemos que una dimensi\u00f3n no sirve para todos. Nuestro compromiso con la personalizaci\u00f3n alcanza a las especificaciones t\u00e9cnicas de cada caja, asegurando una excelente adecuaci\u00f3n a su proyecto.<\/p>\n<ul>\n<li><strong>Dimensi\u00f3n y densidad ajustables:\u00a0<\/strong>Ofrecemos una serie sustancial de densidad de producto, desde un delicado\u00a0<strong>1 mm\u00a0<\/strong>para aplicaciones ligeras a una\u00a0<strong>50 mm\u00a0<\/strong>para una est\u00e9tica atrevida y robusta. Para proyectos especiales, espesores personalizados de aproximadamente\u00a0<strong>100 mm\u00a0<\/strong>puede alcanzarse. Trabajamos con enormes tableros convencionales (por ejemplo,\u00a0<strong>1220 \u00d7 2440 mm, 2050 \u00d7 3050 mm\u00a0<\/strong>), lo que nos permite crear cajas completas de cualquier tama\u00f1o que necesite, desde una peque\u00f1a caja para anillos hasta una gran caja para discos.<\/li>\n<li><strong>Un mundo de color y luz:\u00a0<\/strong>Nuestro sistema de colores se ha desarrollado para ofrecer la m\u00e1xima flexibilidad imaginativa. Elija entre\u00a0<strong>transparente, transparente (semiopaco) y totalmente opaco\u00a0<\/strong>alternativas. Descubra nuestra\u00a0<strong>sistemas monocolor y bicolor\u00a0<\/strong>, o crear un estilo \u00fanico con pol\u00edmeros de efectos especiales que contienen\u00a0<strong>brocas fluorescentes\u00a0<\/strong>o mostrar encantador\u00a0<strong>cambios de tono gradientes\u00a0<\/strong>. Esto le permite combinar a la perfecci\u00f3n la identificaci\u00f3n de su marca, el dise\u00f1o interior o el dise\u00f1o personal.<\/li>\n<li><strong>Dise\u00f1ado para soportar cargas y seguridad:\u00a0<\/strong>M\u00e1s all\u00e1 de su elegancia, el acr\u00edlico es un pol\u00edmero de alto rendimiento. Su robustez integral le permite soportar un peso considerable sin ansiedad ni contorsi\u00f3n. En serio, en el caso poco probable de que un impacto grave provoque da\u00f1os, el acr\u00edlico\u00a0<strong>no se rompe en fragmentos afilados y peligrosos\u00a0<\/strong>como el cristal. Esta funci\u00f3n de seguridad y protecci\u00f3n hace que nuestras cajas sean una opci\u00f3n excelente para ambientes con ni\u00f1os, lugares p\u00fablicos de mucho tr\u00e1nsito y establecimientos comerciales en los que la seguridad del cliente es extremadamente importante.<\/li>\n<\/ul>\n<h4 id=\"-5-uncomplicated-beauty-a-seamless-user-experience-\"><strong>5. Belleza sin complicaciones: Una experiencia de usuario sin fisuras\u00a0<\/strong>.<\/h4>\n<p>Un art\u00edculo s\u00f3lo tiene \u00e9xito si es un placer utilizarlo. Hemos fabricado meticulosamente nuestras cajas acr\u00edlicas para que sean tan sencillas y de bajo mantenimiento como bonitas.<\/p>\n<ul>\n<li><strong>F\u00e1cil de usar:\u00a0<\/strong>Nuestros dise\u00f1os se centran en sus rituales cotidianos. A\u00a0<strong>caja tipo caj\u00f3n\u00a0<\/strong>se abre con un deslizamiento suave y satisfactorio. A\u00a0<strong>tapa abatible\u00a0<\/strong>se abre y se cierra con comodidad, proporcionando un acceso instant\u00e1neo a la vez que protege el contenido. Las superficies son extremadamente\u00a0<strong>f\u00e1cil de limpiar\u00a0<\/strong>; Una simple limpieza con una toalla suave y h\u00fameda es todo lo que necesita para eliminar el polvo y las huellas dactilares, restaurando su brillo inmaculado en segundos.<\/li>\n<li><strong>Resolver los problemas del mundo real:\u00a0<\/strong>Nuestras cajas est\u00e1n creadas para ser remedios. El\u00a0<strong>a prueba de polvo y humedad\u00a0<\/strong>homes proporcionan un escudo protector para sus objetos de valor, desde cosm\u00e9ticos caros y aparatos electr\u00f3nicos delicados hasta archivos esenciales y recuerdos valiosos. La naturaleza transparente del producto\u00a0<strong>reduce considerablemente el tiempo de navegaci\u00f3n\u00a0<\/strong>, Aumente su rendimiento diario y reduzca la irritaci\u00f3n. Es un peque\u00f1o cambio que tiene un gran efecto en su calidad de vida.<\/li>\n<li><strong>Cuide su inversi\u00f3n:\u00a0<\/strong>Para asegurarte una belleza para toda la vida, te recomendamos un par de sencillas medidas de seguridad. Evite poner las cajas a altas temperaturas, ya que el pol\u00edmero puede deformarse cuando se expone a un calor extremo. Proteja la superficie desde el primer momento evitando el contacto con objetos afilados o abrasivos. Aunque nuestro acr\u00edlico tiene prevenciones contra los rayos UV, la exposici\u00f3n prolongada y directa a la luz solar intensa puede acabar por decolorar algunos tonos.<\/li>\n<\/ul>\n<p><a href=\"https:\/\/customacrylicproduct.com\/es\/private-label-colored-acrylic-gift-storage-square-boxes\/\"><img decoding=\"async\" class=\"aligncenter wp-image-482 size-full\" src=\"https:\/\/customacrylicproduct.com\/wp-content\/uploads\/2025\/07\/Colored-Acrylic-Boxes-3.jpg\" alt=\"Cajas acr\u00edlicas de colores\" width=\"800\" height=\"800\" srcset=\"https:\/\/customacrylicproduct.com\/wp-content\/uploads\/2025\/07\/Colored-Acrylic-Boxes-3.jpg 800w, https:\/\/customacrylicproduct.com\/wp-content\/uploads\/2025\/07\/Colored-Acrylic-Boxes-3-300x300.jpg 300w, https:\/\/customacrylicproduct.com\/wp-content\/uploads\/2025\/07\/Colored-Acrylic-Boxes-3-150x150.jpg 150w, https:\/\/customacrylicproduct.com\/wp-content\/uploads\/2025\/07\/Colored-Acrylic-Boxes-3-768x768.jpg 768w, https:\/\/customacrylicproduct.com\/wp-content\/uploads\/2025\/07\/Colored-Acrylic-Boxes-3-12x12.jpg 12w, https:\/\/customacrylicproduct.com\/wp-content\/uploads\/2025\/07\/Colored-Acrylic-Boxes-3-600x600.jpg 600w, https:\/\/customacrylicproduct.com\/wp-content\/uploads\/2025\/07\/Colored-Acrylic-Boxes-3-100x100.jpg 100w\" sizes=\"(max-width: 800px) 100vw, 800px\" \/><\/a><\/p>\n<h4 id=\"-6-your-brand-name-brilliantly-stood-for-our-personal-label-partnership-\"><strong>6. Su marca, brillantemente representada: Nuestra asociaci\u00f3n de marca personal\u00a0<\/strong>.<\/h4>\n<p>Somos m\u00e1s que un distribuidor; somos su socio estrat\u00e9gico en la fabricaci\u00f3n de productos extraordinarios. Nuestra soluci\u00f3n de etiquetas personales est\u00e1 desarrollada para llevar la identificaci\u00f3n de su marca a la vanguardia con una calidad y modificaci\u00f3n inigualables.<\/p>\n<ul>\n<li><strong>Dirigido a un p\u00fablico exigente:\u00a0<\/strong>Nos dirigimos a clientes que valoran la calidad y el dise\u00f1o. Nuestro p\u00fablico clave est\u00e1 formado por\u00a0<strong>familias j\u00f3venes y modernas\u00a0<\/strong>centrada en producir opciones de almacenamiento modernas y eficaces;\u00a0<strong>comerciantes de activos con visi\u00f3n de futuro\u00a0<\/strong>y marcas de comercio electr\u00f3nico que reconocen que los costes de envasado de los productos impulsan las ventas; y\u00a0<strong>dise\u00f1adores culturales y creativos visionarios\u00a0<\/strong>que requieren una herramienta de alta calidad para sus expresiones imaginativas.<\/li>\n<li><strong>Modificaci\u00f3n integral para su marca:\u00a0<\/strong>Su marca es especial, y su embalaje tambi\u00e9n debe serlo. Proporcionamos modificaciones de nivel empresarial para garantizar que su art\u00edculo sea inconfundiblemente suyo. Esto incluye\u00a0<strong>dise\u00f1o de logotipo de precisi\u00f3n impresi\u00f3n o grabado\u00a0<\/strong>, impreso a medida\u00a0<strong>gr\u00e1ficos y patrones\u00a0<\/strong>, y cajas totalmente personalizadas. Para poner a su disposici\u00f3n nuestras soluciones\u00a0<strong>la cantidad m\u00ednima de pedido (MOQ) puede ser tan baja como 100 piezas\u00a0<\/strong>. Tambi\u00e9n damos\u00a0<strong>servicios de muestra\u00a0<\/strong>, lo que le permite ver y sentir la m\u00e1xima calidad de primera mano antes de dedicarse a un pedido mayor.<\/li>\n<li><strong>Rentabilidad extraordinaria y valor a largo plazo:\u00a0<\/strong>Aunque la primera inversi\u00f3n en acr\u00edlico puede ser superior a la del pl\u00e1stico fundamental o el vidrio com\u00fan, su valor a largo plazo es enormemente excepcional. Su extraordinaria longevidad sugiere una vida mucho m\u00e1s larga del producto sin necesidad de sustituirlo constantemente. Su est\u00e9tica cl\u00e1sica garantiza que no pasar\u00e1 de moda. Para las marcas, es una inversi\u00f3n en comprensi\u00f3n de marca, compromiso con el cliente y una experiencia excepcional al abrir la caja. No es s\u00f3lo un precio; es una posesi\u00f3n que paga dividendos en calidad y diferencia.<\/li>\n<\/ul>\n<p><strong>Empiece su viaje con nosotros hoy mismo. Llame a nuestros asesores de estilo para revisar su visi\u00f3n, solicitar un ejemplo personalizado y descubrir c\u00f3mo nuestras cajas de pol\u00edmero de color con etiqueta privada pueden enmarcar sus art\u00edculos, organizar su vida y contar su historia con colores vivos y brillantes.\u00a0<\/strong>.<\/p>","protected":false},"excerpt":{"rendered":"<p class=\"ng-star-inserted\"><span class=\"ng-star-inserted\">Eleve su marca con nuestras cajas acr\u00edlicas cuadradas de marca blanca. Fabricadas con acr\u00edlico de color de 3 mm de alta calidad, ofrecen un almacenamiento duradero y elegante para regalos, cosm\u00e9ticos y mucho m\u00e1s. Una soluci\u00f3n vers\u00e1til y de primera calidad para que sus productos destaquen. Personal\u00edcelas con su logotipo y los colores de su marca.<\/span><\/p>","protected":false},"featured_media":481,"template":"","meta":{"_kad_post_transparent":"default","_kad_post_title":"","_kad_post_layout":"default","_kad_post_sidebar_id":"","_kad_post_content_style":"default","_kad_post_vertical_padding":"default","_kad_post_feature":"","_kad_post_feature_position":"","_kad_post_header":false,"_kad_post_footer":false,"_kad_post_classname":""},"product_brand":[],"product_cat":[17],"product_tag":[44,49,45],"class_list":{"0":"post-479","1":"product","2":"type-product","3":"status-publish","4":"has-post-thumbnail","6":"product_cat-custom-acrylic-boxes","7":"product_tag-acrylic-storage-boxes","8":"product_tag-colored-acrylic-boxes","9":"product_tag-customized-acrylic-boxes","11":"first","12":"instock","13":"shipping-taxable","14":"product-type-simple","15":"entry","16":"content-bg","17":"loop-entry"},"_links":{"self":[{"href":"https:\/\/customacrylicproduct.com\/es\/wp-json\/wp\/v2\/product\/479","targetHints":{"allow":["GET"]}}],"collection":[{"href":"https:\/\/customacrylicproduct.com\/es\/wp-json\/wp\/v2\/product"}],"about":[{"href":"https:\/\/customacrylicproduct.com\/es\/wp-json\/wp\/v2\/types\/product"}],"wp:featuredmedia":[{"embeddable":true,"href":"https:\/\/customacrylicproduct.com\/es\/wp-json\/wp\/v2\/media\/481"}],"wp:attachment":[{"href":"https:\/\/customacrylicproduct.com\/es\/wp-json\/wp\/v2\/media?parent=479"}],"wp:term":[{"taxonomy":"product_brand","embeddable":true,"href":"https:\/\/customacrylicproduct.com\/es\/wp-json\/wp\/v2\/product_brand?post=479"},{"taxonomy":"product_cat","embeddable":true,"href":"https:\/\/customacrylicproduct.com\/es\/wp-json\/wp\/v2\/product_cat?post=479"},{"taxonomy":"product_tag","embeddable":true,"href":"https:\/\/customacrylicproduct.com\/es\/wp-json\/wp\/v2\/product_tag?post=479"}],"curies":[{"name":"wp","href":"https:\/\/api.w.org\/{rel}","templated":true}]}}