{"id":486,"date":"2025-07-03T06:59:27","date_gmt":"2025-07-03T06:59:27","guid":{"rendered":"https:\/\/customacrylicproduct.com\/?post_type=product&#038;p=486"},"modified":"2025-07-03T07:35:22","modified_gmt":"2025-07-03T07:35:22","slug":"custom-printed-engraved-led-luminous-acrylic-signs-supplier","status":"publish","type":"product","link":"https:\/\/customacrylicproduct.com\/es\/custom-printed-engraved-led-luminous-acrylic-signs-supplier\/","title":{"rendered":"Proveedor de r\u00f3tulos acr\u00edlicos luminosos LED grabados con impresi\u00f3n personalizada"},"content":{"rendered":"<h3 id=\"-illuminate-your-vision-the-definitive-overview-to-custom-engraved-printed-led-acrylic-indications-\"><strong>Ilumine su visi\u00f3n: La visi\u00f3n definitiva de las indicaciones acr\u00edlicas LED grabadas e impresas a medida\u00a0<\/strong>.<\/h3>\n<p>En un mundo saturado de ruido visual, para captar la atenci\u00f3n hace falta algo m\u00e1s que un mensaje: hace falta una herramienta que sea tan grande y vibrante como la propia marca. La se\u00f1alizaci\u00f3n est\u00e1ndar cumple una funci\u00f3n, pero para atraer realmente la atenci\u00f3n, crear una atm\u00f3sfera extraordinaria y entrar en contacto con el p\u00fablico a un nivel emocional, se necesita el poder cautivador de la luz.<\/p>\n<p>Entre en el futuro de la iluminaci\u00f3n:\u00a0<strong>Impresos y grabados a medida <a href=\"https:\/\/customacrylicproduct.com\/es\/custom-printed-engraved-led-luminous-acrylic-signs-supplier\/\">Se\u00f1ales de pol\u00edmero luminiscente LED<\/a>\u00a0<\/strong>. Como proveedor l\u00edder, nos especializamos en transformar sus logotipos, dise\u00f1os y mensajes en sensacionales obras maestras que brillan con su funcionalidad. Fusionando tecnolog\u00eda punta con mano de obra a medida, nuestros r\u00f3tulos utilizan una opci\u00f3n innovadora, duradera y energ\u00e9ticamente eficiente frente a las opciones t\u00edpicas, equip\u00e1ndole para iluminar su mundo, en cualquier momento y en cualquier lugar.<\/p>\n<h4 id=\"-the-modern-advancement-beyond-conventional-glass-neon-\"><strong>El avance moderno: M\u00e1s all\u00e1 del ne\u00f3n de cristal convencional\u00a0<\/strong>.<\/h4>\n<p>Durante a\u00f1os, el eterno zumbido y resplandor de las indicaciones de ne\u00f3n de cristal han sido sin\u00f3nimo de animada vida nocturna y audaz publicidad y marketing. Sin embargo, ese atractivo cl\u00e1sico presenta desventajas considerables: delicadeza, elevado consumo de energ\u00eda, problemas de seguridad por alto voltaje y mantenimiento costoso.<\/p>\n<p>Nuestra <a href=\"https:\/\/customacrylicproduct.com\/es\/custom-printed-engraved-led-luminous-acrylic-signs-supplier\/\">Acr\u00edlico luminoso con LED<\/a> est\u00e1n dise\u00f1ados para ofrecer toda la influencia visual del ne\u00f3n sin ninguna de sus limitaciones. Este es el nuevo criterio para una iluminaci\u00f3n brillante, sin riesgos y duradera.<\/p>\n<ul>\n<li><strong>Resistencia inigualable:\u00a0<\/strong>En lugar de tubos de cristal que se rompen, nuestros carteles est\u00e1n fabricados con un tablero acr\u00edlico de alta calidad resistente a las roturas. Esto hace que sean extremadamente resistentes y seguros para su uso en lugares de mucho tr\u00e1fico, desde tiendas bulliciosas a lugares de eventos din\u00e1micos.<\/li>\n<li><strong>Mayor seguridad y protecci\u00f3n:\u00a0<\/strong>Al funcionar con una entrada USB de bajo voltaje, nuestras se\u00f1ales son sorprendentes al tacto y eliminan los riesgos relacionados con los transformadores de alto voltaje y los cristales fr\u00e1giles. Son una opci\u00f3n mucho m\u00e1s segura para hogares, empresas y \u00e1reas p\u00fablicas, especialmente donde puede haber j\u00f3venes.<\/li>\n<li><strong>Respetuoso con el medio ambiente y de bajo consumo:\u00a0<\/strong>Utilizamos tecnolog\u00eda de tubos LED de nueva generaci\u00f3n incrustados dentro de la elegante silicona o directamente iluminando el acr\u00edlico. Los LED consumen una parte de la energ\u00eda del ne\u00f3n convencional, lo que reduce sustancialmente sus gastos de energ\u00eda el\u00e9ctrica y su huella de carbono. Con una notable esperanza de vida de m\u00e1s de 50.000 horas, estos r\u00f3tulos son una inversi\u00f3n sostenible a largo plazo.<\/li>\n<li><strong>Funcionamiento silencioso e impecable:\u00a0<\/strong>Olv\u00eddese de los zumbidos y parpadeos constantes de las antiguas indicaciones. Nuestra tecnolog\u00eda LED proporciona una luz pura, silenciosa y regular que realza el entorno sin ruidos de distracci\u00f3n ni resultados de calor.<\/li>\n<\/ul>\n<p><a href=\"https:\/\/customacrylicproduct.com\/es\/custom-printed-engraved-led-luminous-acrylic-signs-supplier\/\"><img fetchpriority=\"high\" decoding=\"async\" class=\"aligncenter wp-image-487 size-full\" src=\"https:\/\/customacrylicproduct.com\/wp-content\/uploads\/2025\/07\/Custom-Acrylic-Signs-1.jpg\" alt=\"R\u00f3tulos acr\u00edlicos personalizados\" width=\"800\" height=\"800\" srcset=\"https:\/\/customacrylicproduct.com\/wp-content\/uploads\/2025\/07\/Custom-Acrylic-Signs-1.jpg 800w, https:\/\/customacrylicproduct.com\/wp-content\/uploads\/2025\/07\/Custom-Acrylic-Signs-1-300x300.jpg 300w, https:\/\/customacrylicproduct.com\/wp-content\/uploads\/2025\/07\/Custom-Acrylic-Signs-1-150x150.jpg 150w, https:\/\/customacrylicproduct.com\/wp-content\/uploads\/2025\/07\/Custom-Acrylic-Signs-1-768x768.jpg 768w, https:\/\/customacrylicproduct.com\/wp-content\/uploads\/2025\/07\/Custom-Acrylic-Signs-1-12x12.jpg 12w, https:\/\/customacrylicproduct.com\/wp-content\/uploads\/2025\/07\/Custom-Acrylic-Signs-1-600x600.jpg 600w, https:\/\/customacrylicproduct.com\/wp-content\/uploads\/2025\/07\/Custom-Acrylic-Signs-1-100x100.jpg 100w\" sizes=\"(max-width: 800px) 100vw, 800px\" \/><\/a><\/p>\n<h4 id=\"-your-vision-brilliantly-understood-the-power-of-personalization-\"><strong>Su visi\u00f3n, brillantemente entendida: El poder de la personalizaci\u00f3n\u00a0<\/strong>.<\/h4>\n<p>En el centro de nuestro servicio est\u00e1 la dedicaci\u00f3n a la personalizaci\u00f3n. No nos limitamos a vender un producto, sino que proporcionamos un lienzo para su creatividad. Tanto si necesita una pieza \u00fanica como un pedido masivo para una franquicia, nuestro procedimiento se desarrolla para dar vida a su visi\u00f3n distintiva con precisi\u00f3n y estilo.<\/p>\n<p><strong>1. Inscripci\u00f3n l\u00e1ser de precisi\u00f3n:\u00a0<\/strong>. Esta estrategia es la mejor para desarrollar dise\u00f1os n\u00edtidos, elegantes e innovadores. Nuestros l\u00e1seres de alta precisi\u00f3n graban su logotipo, texto u obra de arte directamente en la superficie del panel acr\u00edlico cristalino. Cuando se activan los LED montados en los bordes, la luz viaja con el acr\u00edlico y se refracta magn\u00edficamente dentro de las l\u00edneas grabadas, provocando que su estilo brille extremadamente mientras el resto del panel sigue siendo transparente. Esto desarrolla un sensacional resultado de \u201cderiva\u201d, como se ve en las din\u00e1micas indicaciones azules y ecol\u00f3gicas de \u201cFruta\u201d.<\/p>\n<ul>\n<li><strong>Lo mejor para:\u00a0<\/strong>Dise\u00f1os de logotipos minimalistas, indicaciones basadas en texto, se\u00f1alizaci\u00f3n arquitect\u00f3nica, dise\u00f1o profesional de lugares de trabajo y arte lineal detallado.<\/li>\n<\/ul>\n<p><strong>2. Impresi\u00f3n UV din\u00e1mica:\u00a0<\/strong>. Para los estilos que requieren tonos completos, degradados o informaci\u00f3n fotogr\u00e1fica, nuestra innovadora tecnolog\u00eda de impresi\u00f3n UV es la mejor opci\u00f3n. Podemos publicar su obra de arte directamente sobre la superficie acr\u00edlica con tintas que se curan inmediatamente con luz UV, dando lugar a una foto resistente, resistente a los ara\u00f1azos y excepcionalmente vibrante. Cuando se retroiluminan con nuestros potentes LED, los tonos acaban siendo extremadamente luminosos, desarrollando una indicaci\u00f3n que es a la vez una herramienta de informaci\u00f3n y una obra de arte.<\/p>\n<ul>\n<li><strong>Lo mejor para:\u00a0<\/strong>Logotipos de empresa a todo color, mascotas de gran calidad, gr\u00e1ficos minuciosos, pantallas publicitarias e instalaciones creativas.<\/li>\n<\/ul>\n<p><strong>3. Un espectro de luz:\u00a0<\/strong>. Seleccione el color que mejor se adapte a la identificaci\u00f3n de su marca o al estado de \u00e1nimo preferido. Desde el tono fr\u00edo y especializado del indicador de cielo hasta la sensaci\u00f3n fresca y org\u00e1nica del respetuoso con el medio ambiente, ofrecemos una amplia gama de alternativas de tonos fijos. Tambi\u00e9n suministramos servicios de iluminaci\u00f3n din\u00e1mica RGB, que le permiten alterar los tonos, crear impactos difuminados o parpadear al ritmo de las canciones, convirtiendo su indicaci\u00f3n en el centro de atenci\u00f3n en cualquier ocasi\u00f3n.<\/p>\n<p><a href=\"https:\/\/customacrylicproduct.com\/es\/custom-printed-engraved-led-luminous-acrylic-signs-supplier\/\"><img decoding=\"async\" class=\"aligncenter wp-image-488 size-full\" src=\"https:\/\/customacrylicproduct.com\/wp-content\/uploads\/2025\/07\/Custom-Acrylic-Signs-2.jpg\" alt=\"R\u00f3tulos acr\u00edlicos personalizados\" width=\"800\" height=\"800\" srcset=\"https:\/\/customacrylicproduct.com\/wp-content\/uploads\/2025\/07\/Custom-Acrylic-Signs-2.jpg 800w, https:\/\/customacrylicproduct.com\/wp-content\/uploads\/2025\/07\/Custom-Acrylic-Signs-2-300x300.jpg 300w, https:\/\/customacrylicproduct.com\/wp-content\/uploads\/2025\/07\/Custom-Acrylic-Signs-2-150x150.jpg 150w, https:\/\/customacrylicproduct.com\/wp-content\/uploads\/2025\/07\/Custom-Acrylic-Signs-2-768x768.jpg 768w, https:\/\/customacrylicproduct.com\/wp-content\/uploads\/2025\/07\/Custom-Acrylic-Signs-2-12x12.jpg 12w, https:\/\/customacrylicproduct.com\/wp-content\/uploads\/2025\/07\/Custom-Acrylic-Signs-2-600x600.jpg 600w, https:\/\/customacrylicproduct.com\/wp-content\/uploads\/2025\/07\/Custom-Acrylic-Signs-2-100x100.jpg 100w\" sizes=\"(max-width: 800px) 100vw, 800px\" \/><\/a><\/p>\n<h4 id=\"-superior-deliberately-materials-and-craftsmanship-\"><strong>Superior deliberadamente: Materiales y artesan\u00eda\u00a0<\/strong>.<\/h4>\n<p>Un indicador s\u00f3lo es comparable a los materiales con los que est\u00e1 fabricado. Solo utilizamos componentes de primera calidad para asegurarnos de que cada indicador que fabricamos es una obra maestra de calidad y durabilidad.<\/p>\n<ul>\n<li><strong>Panel de pol\u00edmero de grado \u00f3ptico:\u00a0<\/strong>Utilizamos acr\u00edlico grueso y cristalino que proporciona una transmisi\u00f3n y difusi\u00f3n de la luz superiores. Es ligero, pero m\u00e1s potente y mucho m\u00e1s resistente a los impactos que el cristal, lo que garantiza que su r\u00f3tulo siga siendo excelente durante muchos a\u00f1os. Los bordes refinados est\u00e1n h\u00e1bilmente acabados para aprovechar al m\u00e1ximo el resplandor de la iluminaci\u00f3n de los bordes.<\/li>\n<li><strong>Elegante y ligera estructura de aluminio:\u00a0<\/strong>La indicaci\u00f3n est\u00e1 alojada en una moderna cuenta de aluminio ligero anodizado. Este marco no s\u00f3lo ofrece integridad estructural y protege los componentes LED, sino que tambi\u00e9n a\u00f1ade una est\u00e9tica aerodin\u00e1mica y contempor\u00e1nea que complementa cualquier dise\u00f1o. Su estilo minimalista garantiza que el mensaje iluminado siga siendo el centro de atenci\u00f3n.<\/li>\n<li><strong>C\u00f3modo sistema para colgar:\u00a0<\/strong>Integrados directamente en la estructura de aluminio hay discretos pero s\u00f3lidos factores de instalaci\u00f3n, como los ganchos de ojal que se ven en las im\u00e1genes. Esto facilita la instalaci\u00f3n, tanto si se cuelga del techo como si se monta en la pared o en una vitrina.<\/li>\n<\/ul>\n<h4 id=\"-effortless-integration-easy-procedure-and-installation-\"><strong>Integraci\u00f3n sin esfuerzo: Procedimiento e instalaci\u00f3n sencillos\u00a0<\/strong>.<\/h4>\n<p>Creemos que una tecnolog\u00eda eficaz debe ser excepcionalmente f\u00e1cil de usar. Nuestros r\u00f3tulos acr\u00edlicos LED se han desarrollado para que sean realmente f\u00e1ciles de conectar y usar.<\/p>\n<p>Alimentado por un cable USB est\u00e1ndar, la instalaci\u00f3n es tan f\u00e1cil como conectarlo a cualquier tipo de puerto compatible, ya sea un ordenador, un port\u00e1til, una instituci\u00f3n financiera de energ\u00eda, o un adaptador de pared USB t\u00edpico. Este sistema de bajo voltaje elimina la necesidad de cableado intrincado o expertos el\u00e9ctricos profesionales, proporcion\u00e1ndole la libertad de ubicar o mover su indicador en cualquier lugar que lo necesite. Esta versatilidad hace que nuestros indicadores sean perfectos para exposiciones, tiendas pop-up y ocasiones en las que es esencial una r\u00e1pida configuraci\u00f3n y desmontaje.<\/p>\n<p><a href=\"https:\/\/customacrylicproduct.com\/es\/custom-acrylic-signs\/\"><img decoding=\"async\" class=\"aligncenter wp-image-489 size-full\" src=\"https:\/\/customacrylicproduct.com\/wp-content\/uploads\/2025\/07\/Custom-Acrylic-Signs-3.jpg\" alt=\"R\u00f3tulos acr\u00edlicos personalizados\" width=\"800\" height=\"800\" srcset=\"https:\/\/customacrylicproduct.com\/wp-content\/uploads\/2025\/07\/Custom-Acrylic-Signs-3.jpg 800w, https:\/\/customacrylicproduct.com\/wp-content\/uploads\/2025\/07\/Custom-Acrylic-Signs-3-300x300.jpg 300w, https:\/\/customacrylicproduct.com\/wp-content\/uploads\/2025\/07\/Custom-Acrylic-Signs-3-150x150.jpg 150w, https:\/\/customacrylicproduct.com\/wp-content\/uploads\/2025\/07\/Custom-Acrylic-Signs-3-768x768.jpg 768w, https:\/\/customacrylicproduct.com\/wp-content\/uploads\/2025\/07\/Custom-Acrylic-Signs-3-12x12.jpg 12w, https:\/\/customacrylicproduct.com\/wp-content\/uploads\/2025\/07\/Custom-Acrylic-Signs-3-600x600.jpg 600w, https:\/\/customacrylicproduct.com\/wp-content\/uploads\/2025\/07\/Custom-Acrylic-Signs-3-100x100.jpg 100w\" sizes=\"(max-width: 800px) 100vw, 800px\" \/><\/a><\/p>\n<h4 id=\"-change-any-kind-of-area-endless-applications-\"><strong>Cambie cualquier tipo de \u00e1rea: Infinitas Aplicaciones\u00a0<\/strong>.<\/h4>\n<p>El dise\u00f1o \u00fanico y el fascinante brillo de nuestros r\u00f3tulos LED personalizados los convierten en una herramienta flexible para a\u00f1adir individualidad, profesionalidad y un toque de magia a cualquier tipo de entorno.<\/p>\n<ul>\n<li><strong>Para empresas y comercios:\u00a0<\/strong>Eleve la existencia de su marca en la tienda. Util\u00edcelos como indicadores principales del dise\u00f1o del logotipo, se\u00f1ales de orientaci\u00f3n (\u201dZona de frutas\u201d, \u201cAseos\u201d, \u201cAtenci\u00f3n al cliente\u201d) o para destacar promociones \u00fanicas en expositores y restaurantes. Son excelentes para bares, cafeter\u00edas, salones de belleza y lugares de trabajo que buscan un aspecto moderno y de alta gama.<\/li>\n<li><strong>Para ocasiones y eventos:\u00a0<\/strong>Cree un ambiente magn\u00edfico y rom\u00e1ntico en bodas y recepciones con un cartel personalizado con monograma o de bienvenida. Ilumine las celebraciones de cumplea\u00f1os, las ocasiones de negocios y los lanzamientos de productos con un centro de mesa de marca que a los invitados les encantar\u00e1 fotografiar y compartir.<\/li>\n<li><strong>Para \u00e1reas individuales:\u00a0<\/strong>Haga su vida mucho m\u00e1s intrigante. Cambia un despacho, un sal\u00f3n, una habitaci\u00f3n o una sala de juegos con una indicaci\u00f3n a medida. Presente su cita favorita, su etiqueta de jugador o una obra de arte \u00fanica. Es un accesorio extraordinario para streamers, desarrolladores de contenido web y cualquiera que quiera crear un fondo de imagen genial.<\/li>\n<\/ul>\n<h4 id=\"-partner-with-a-leading-provider-why-pick-united-states-\"><strong>As\u00f3ciese con un proveedor l\u00edder: \u00bfPor qu\u00e9 China? <\/strong>.<\/h4>\n<p>Como proveedor dedicado, ofrecemos algo m\u00e1s que un art\u00edculo: ofrecemos una colaboraci\u00f3n. Colaboramos con clientes particulares, dise\u00f1adores, proyectistas y empresas de todas las dimensiones para ofrecer servicios de iluminaci\u00f3n escalables y de alta calidad.<\/p>\n<ul>\n<li><strong>Perfeccionamiento del dise\u00f1o colaborativo:\u00a0<\/strong>Nuestro grupo de profesionales tratar\u00e1 con usted para perfeccionar su dise\u00f1o, garantizando que se mejora para el grabado o la publicaci\u00f3n para lograr el impacto est\u00e9tico m\u00e1s eficaz posible.<\/li>\n<li><strong>Dedicaci\u00f3n a la alta calidad:\u00a0<\/strong>Cada indicador pasa por un riguroso proceso de control de calidad para garantizar una inscripci\u00f3n perfecta, tonos vibrantes y una iluminaci\u00f3n ideal antes de salir de nuestro centro.<\/li>\n<li><strong>Soluciones escalables:\u00a0<\/strong>Tanto si necesita un \u00fanico r\u00f3tulo hecho a medida para su hogar como cientos de r\u00f3tulos similares para una implantaci\u00f3n nacional de venta al por menor, tenemos la capacidad de producci\u00f3n necesaria para satisfacer sus demandas a tiempo y sin salirnos del presupuesto.<\/li>\n<li><strong>Soporte dedicado:\u00a0<\/strong>Desde el primer concepto hasta el \u00faltimo env\u00edo, nuestro grupo de atenci\u00f3n al cliente est\u00e1 aqu\u00ed para garantizar una experiencia fluida, transparente y agradable.<\/li>\n<\/ul>\n<p><strong>Ilumine su marca. Ilumine su zona. Desarrolle su minuto.\u00a0<\/strong>.<\/p>\n<p>Descubra las posibilidades ilimitadas de los indicadores acr\u00edlicos luminiscentes LED personalizados. P\u00f3ngase en contacto con nosotros hoy mismo para revisar su trabajo, obtener un presupuesto gratuito y dejar que le ayudemos a hacer realidad su visi\u00f3n.<\/p>","protected":false},"excerpt":{"rendered":"<p class=\"ng-star-inserted\"><span class=\"ng-star-inserted\">Eleve su espacio con nuestros r\u00f3tulos acr\u00edlicos LED grabados a medida. Como proveedor l\u00edder, creamos r\u00f3tulos luminosos y vibrantes perfectos para logotipos de empresas, expositores comerciales y se\u00f1alizaci\u00f3n. Con un elegante marco de aluminio y LED de bajo consumo, iluminamos su marca. Solicite hoy mismo un presupuesto personalizado.<\/span><\/p>","protected":false},"featured_media":489,"template":"","meta":{"_kad_post_transparent":"default","_kad_post_title":"","_kad_post_layout":"default","_kad_post_sidebar_id":"","_kad_post_content_style":"default","_kad_post_vertical_padding":"default","_kad_post_feature":"","_kad_post_feature_position":"","_kad_post_header":false,"_kad_post_footer":false,"_kad_post_classname":""},"product_brand":[],"product_cat":[18],"product_tag":[52,51],"class_list":{"0":"post-486","1":"product","2":"type-product","3":"status-publish","4":"has-post-thumbnail","6":"product_cat-custom-acrylic-signs","7":"product_tag-acrylic-sign-luminous","8":"product_tag-custom-acrylic-signs","10":"first","11":"instock","12":"shipping-taxable","13":"product-type-simple","14":"entry","15":"content-bg","16":"loop-entry"},"_links":{"self":[{"href":"https:\/\/customacrylicproduct.com\/es\/wp-json\/wp\/v2\/product\/486","targetHints":{"allow":["GET"]}}],"collection":[{"href":"https:\/\/customacrylicproduct.com\/es\/wp-json\/wp\/v2\/product"}],"about":[{"href":"https:\/\/customacrylicproduct.com\/es\/wp-json\/wp\/v2\/types\/product"}],"wp:featuredmedia":[{"embeddable":true,"href":"https:\/\/customacrylicproduct.com\/es\/wp-json\/wp\/v2\/media\/489"}],"wp:attachment":[{"href":"https:\/\/customacrylicproduct.com\/es\/wp-json\/wp\/v2\/media?parent=486"}],"wp:term":[{"taxonomy":"product_brand","embeddable":true,"href":"https:\/\/customacrylicproduct.com\/es\/wp-json\/wp\/v2\/product_brand?post=486"},{"taxonomy":"product_cat","embeddable":true,"href":"https:\/\/customacrylicproduct.com\/es\/wp-json\/wp\/v2\/product_cat?post=486"},{"taxonomy":"product_tag","embeddable":true,"href":"https:\/\/customacrylicproduct.com\/es\/wp-json\/wp\/v2\/product_tag?post=486"}],"curies":[{"name":"wp","href":"https:\/\/api.w.org\/{rel}","templated":true}]}}