{"id":492,"date":"2025-07-03T08:51:34","date_gmt":"2025-07-03T08:51:34","guid":{"rendered":"https:\/\/customacrylicproduct.com\/?post_type=product&#038;p=492"},"modified":"2025-07-03T12:49:41","modified_gmt":"2025-07-03T12:49:41","slug":"custom-acrylic-podiums-transparent-acrylic-lecterns","status":"publish","type":"product","link":"https:\/\/customacrylicproduct.com\/es\/custom-acrylic-podiums-transparent-acrylic-lecterns\/","title":{"rendered":"Podios acr\u00edlicos personalizados Atriles acr\u00edlicos transparentes"},"content":{"rendered":"<h3 id=\"-command-the-stage-the-ultimate-overview-to-personalized-polymer-podiums-and-lecterns-\"><strong>Domine el escenario: Lo \u00faltimo en atriles y podios acr\u00edlicos personalizados <\/strong>.<\/h3>\n<p>En cualquier lugar donde se necesite que se oiga una voz -ya sea una sala de conferencias de una empresa, una gran sala de reuniones, un aula universitaria o un lugar de culto espiritual-, el estrado donde se habla es algo m\u00e1s que un simple mueble. Es un signo de autoridad, un foco de atenci\u00f3n y un socio silencioso en la comunicaci\u00f3n. El mejor atril localiza al orador, enfoca al p\u00fablico objetivo y mejora la potencia del mensaje.<\/p>\n<p>Durante mucho tiempo, la elecci\u00f3n ha estado entre atriles de madera convencionales y pesados o atriles de acero comerciales y fr\u00edos. Hoy ofrecemos una opci\u00f3n moderna, con clase y profundamente \u00fatil: el <a href=\"https:\/\/customacrylicproduct.com\/es\/custom-acrylic-podiums-transparent-acrylic-lecterns\/\">Podio ac\u00edlico personalizado<\/a>. Como proveedor l\u00edder, hemos desarrollado el arte de fabricar atriles con una fusi\u00f3n perfecta de estilo avanzado, rendimiento incomparable y personalizaci\u00f3n a medida. Tanto si desea la sofisticaci\u00f3n et\u00e9rea y \u201cflotante\u201d de un atril transparente como la visibilidad audaz y arquitect\u00f3nica de un dise\u00f1o de color s\u00f3lido como el de la imagen, nuestros atriles son la soluci\u00f3n perfecta. <a href=\"https:\/\/customacrylicproduct.com\/es\/custom-acrylic-podiums-transparent-acrylic-lecterns\/\">podios acr\u00edlicos<\/a> est\u00e1n dise\u00f1ados para potenciar tu presencia y tu voz.<\/p>\n<p><a href=\"https:\/\/customacrylicproduct.com\/es\/custom-acrylic-podiums-transparent-acrylic-lecterns\/\"><img fetchpriority=\"high\" decoding=\"async\" class=\"wp-image-496 size-full aligncenter\" src=\"https:\/\/customacrylicproduct.com\/wp-content\/uploads\/2025\/07\/Custom-Acrylic-Podiums.jpg\" alt=\"Podios acr\u00edlicos personalizados\" width=\"800\" height=\"800\" srcset=\"https:\/\/customacrylicproduct.com\/wp-content\/uploads\/2025\/07\/Custom-Acrylic-Podiums.jpg 800w, https:\/\/customacrylicproduct.com\/wp-content\/uploads\/2025\/07\/Custom-Acrylic-Podiums-300x300.jpg 300w, https:\/\/customacrylicproduct.com\/wp-content\/uploads\/2025\/07\/Custom-Acrylic-Podiums-150x150.jpg 150w, https:\/\/customacrylicproduct.com\/wp-content\/uploads\/2025\/07\/Custom-Acrylic-Podiums-768x768.jpg 768w, https:\/\/customacrylicproduct.com\/wp-content\/uploads\/2025\/07\/Custom-Acrylic-Podiums-12x12.jpg 12w, https:\/\/customacrylicproduct.com\/wp-content\/uploads\/2025\/07\/Custom-Acrylic-Podiums-600x600.jpg 600w, https:\/\/customacrylicproduct.com\/wp-content\/uploads\/2025\/07\/Custom-Acrylic-Podiums-100x100.jpg 100w\" sizes=\"(max-width: 800px) 100vw, 800px\" \/><\/a><\/p>\n<h4 id=\"-engineered-for-excellence-the-core-concepts-of-our-layout-\"><strong>Dise\u00f1ados para la excelencia: Los conceptos b\u00e1sicos de nuestro dise\u00f1o\u00a0<\/strong>.<\/h4>\n<p>Cada podio que fabricamos se basa en una estructura de principios de dise\u00f1o bien pensados, que resuelven las necesidades reales de los oradores y coordinadores de ocasiones. No nos limitamos a construir atriles; creamos soluciones.<\/p>\n<p><strong>1. Estabilidad inquebrantable: Su estructura de cimentaci\u00f3n\u00a0<\/strong>. La confianza de un orador de audio puede verse sutilmente debilitada por un sistema inestable o inestable. Nosotros hemos eliminado esta preocupaci\u00f3n por completo. La base de nuestro podio es su\u00a0<strong>alta estabilidad\u00a0<\/strong>, El resultado es un dise\u00f1o muy cuidado. La base se ha\u00a0<strong>engrosado y expandido\u00a0<\/strong>, Este dise\u00f1o garantiza que el podio se mantenga firmemente plantado, sin ning\u00fan tipo de bamboleo o vibraci\u00f3n, incluso en escenarios con mucho tr\u00e1fico de personas o en ambientes vibrantes. Este dise\u00f1o garantiza que el podio se mantenga firmemente plantado, sin ning\u00fan tipo de bamboleo o vibraci\u00f3n, incluso en escenarios con mucho tr\u00e1fico peatonal o en ambientes vibrantes. Ap\u00f3yese en \u00e9l, coloque sus productos con confianza y gesticule con entusiasmo: su podio seguir\u00e1 siendo un soporte firme y fiable, que le permitir\u00e1 concentrarse por completo en su entrega.<\/p>\n<p><strong>2. Sofisticaci\u00f3n duradera: La promesa de una gran dureza\u00a0<\/strong>. Una inversi\u00f3n financiera en herramientas profesionales debe ser una inversi\u00f3n a largo plazo. Nuestras plataformas se construyen a partir de\u00a0<strong>acr\u00edlico de alta calidad\u00a0<\/strong>, un material elegido por su notable combinaci\u00f3n de dureza y atractivo. Aunque es\u00a0<strong>menos de la mitad del peso del vidrio\u00a0<\/strong>, Su estructura molecular ofrece una dureza y una resistencia a los efectos extraordinarias.<\/p>\n<p>Adem\u00e1s, nuestro pol\u00edmero est\u00e1 espec\u00edficamente formulado para ser\u00a0<strong>mucho menos vulnerable a las manchas o al amarilleamiento\u00a0<\/strong>con el paso del tiempo, tambi\u00e9n cuando se expone a la luz solar o a luces interiores intensas. A diferencia de los pl\u00e1sticos de calidad inferior, conservar\u00e1 su apertura cristalina o su excelente y s\u00f3lida sombra durante muchos a\u00f1os, garantizando que su fase tenga constantemente un aspecto profesional y refinado. No se trata de un componente moment\u00e1neo; es una piedra angular resistente de su juego de herramientas de debate.<\/p>\n<p><a href=\"https:\/\/customacrylicproduct.com\/es\/custom-acrylic-furnitures\/\"><img decoding=\"async\" class=\"wp-image-494 size-full aligncenter\" src=\"https:\/\/customacrylicproduct.com\/wp-content\/uploads\/2025\/07\/Custom-Acrylic-Podiums-2.jpg\" alt=\"Podios acr\u00edlicos personalizados\" width=\"800\" height=\"800\" srcset=\"https:\/\/customacrylicproduct.com\/wp-content\/uploads\/2025\/07\/Custom-Acrylic-Podiums-2.jpg 800w, https:\/\/customacrylicproduct.com\/wp-content\/uploads\/2025\/07\/Custom-Acrylic-Podiums-2-300x300.jpg 300w, https:\/\/customacrylicproduct.com\/wp-content\/uploads\/2025\/07\/Custom-Acrylic-Podiums-2-150x150.jpg 150w, https:\/\/customacrylicproduct.com\/wp-content\/uploads\/2025\/07\/Custom-Acrylic-Podiums-2-768x768.jpg 768w, https:\/\/customacrylicproduct.com\/wp-content\/uploads\/2025\/07\/Custom-Acrylic-Podiums-2-12x12.jpg 12w, https:\/\/customacrylicproduct.com\/wp-content\/uploads\/2025\/07\/Custom-Acrylic-Podiums-2-600x600.jpg 600w, https:\/\/customacrylicproduct.com\/wp-content\/uploads\/2025\/07\/Custom-Acrylic-Podiums-2-100x100.jpg 100w\" sizes=\"(max-width: 800px) 100vw, 800px\" \/><\/a><\/p>\n<p><strong>3. Seguridad intencionada: Confianza en cada detalle\u00a0<\/strong>. En un espacio p\u00fablico, la seguridad es muy importante. Creemos que un estilo cuidado se extiende a la protecci\u00f3n tanto del usuario como del p\u00fablico. Por eso hemos implantado\u00a0<strong>s\u00f3lidas funciones de seguridad\u00a0<\/strong>en nuestros podios. En\u00a0<strong>Las cuatro esquinas de la superficie delantera de la plataforma han sido h\u00e1bilmente redondeadas y alisadas.\u00a0<\/strong>. Este detalle relativamente peque\u00f1o tiene una influencia considerable. Elimina los bordes afilados, por lo que\u00a0<strong>no tiene que preocuparse por los da\u00f1os o lesiones provocados por golpes involuntarios\u00a0<\/strong>. Esto proporciona un confort indispensable en entornos din\u00e1micos como ferias comerciales, auditorios escolares o salones de actos en los que las personas se mueven con frecuencia.<\/p>\n<h4 id=\"-developed-for-the-audio-speaker-a-masterclass-in-practicality-\"><strong>Desarrollado para el orador de audio: Una clase magistral de sentido pr\u00e1ctico\u00a0<\/strong>.<\/h4>\n<p>El verdadero valor de un podio viene determinado por lo bien que sirva a la persona que lo respalda. Hemos incorporado atributos que aumentan la comodidad, la facilidad y el rendimiento.<\/p>\n<p><strong>Gran utilidad en todos los \u00e1ngulos:\u00a0<\/strong>. La superficie de lectura clave incluye un suave,\u00a0<strong>tablero ergon\u00f3mico inclinado\u00a0<\/strong>. Se trata de una elecci\u00f3n de dise\u00f1o crucial que hace que sea dr\u00e1sticamente\u00a0<strong>m\u00e1s f\u00e1cil para los usuarios revisar sus documentos\u00a0<\/strong>, o tabletas sin tener que estirar el cuello ni romper el contacto visual con el p\u00fablico objetivo. Esto motiva una mejor postura, reduce el estr\u00e9s durante largas discusiones y facilita un estilo de hablar m\u00e1s natural e interesante.<\/p>\n<p><strong>Almacenamiento integrado para una habitaci\u00f3n sin desorden:\u00a0<\/strong>. En el marco del podio se encuentra un espacioso\u00a0<strong>espacio de almacenamiento interior tablero o estante\u00a0<\/strong>. Esta funci\u00f3n es el ep\u00edtome del estilo \u00fatil, ya que proporciona una zona c\u00f3moda y fuera de la vista para guardar todos sus elementos b\u00e1sicos. Ya se trate de un vaso de agua, un micr\u00f3fono de repuesto, su Biblia o un mensaje religioso, un cuaderno para anotar ideas o los mandos a distancia para presentaciones, este soporte mantiene ordenada y despejada su superficie clave para hablar. Esto permite una apariencia m\u00e1s especializada y garantiza que todo lo que necesita est\u00e9 al alcance de la mano, aunque oculto a la vista del p\u00fablico.<\/p>\n<h4 id=\"-the-power-of-choice-transparent-vs-solid-color-podiums-\"><strong>El poder de elegir: podios transparentes frente a podios de colores s\u00f3lidos\u00a0<\/strong>.<\/h4>\n<p>Aunque todos nuestros atriles se desarrollan con los mismos conceptos b\u00e1sicos de seguridad, longevidad y funcionalidad, ofrecemos opciones visuales \u00fanicas que se adaptan perfectamente a su entorno y marca.<\/p>\n<ul>\n<li><strong>Atril de pol\u00edmero transparente:\u00a0<\/strong>La plataforma \u201cghost\u201d es la m\u00e1xima declaraci\u00f3n de minimalismo moderno. Su estructura y construcci\u00f3n cristalinas crean una impresi\u00f3n de visibilidad, concentrando toda la atenci\u00f3n en el altavoz de audio. Se integra perfectamente en cualquier tipo de decoraci\u00f3n, haciendo que el espacio parezca m\u00e1s amplio y menos ca\u00f3tico. Este estilo es muy popular en iglesias contempor\u00e1neas, conferencias tecnol\u00f3gicas, galer\u00edas de arte y ceremonias de boda en las que se busca un aspecto discreto pero elegante.<\/li>\n<li><strong>El podio de pol\u00edmero de color s\u00f3lido (como en la foto):\u00a0<\/strong>La plataforma blanca, aerodin\u00e1mica y no transparente que se muestra en la imagen proporciona un tipo de efecto diferente. Proporciona una presencia fuerte y s\u00f3lida y un tipo de edificio limpio. Este estilo funciona como el mejor lienzo para\u00a0<strong>marca personalizada\u00a0<\/strong>. El dise\u00f1o del logotipo de su empresa, publicado en colores vivos y completos, se destaca con una claridad fenomenal frente a la excelente historia blanca, cambiando r\u00e1pidamente el atril derecho en un poderoso dispositivo de marca. Estos son excelentes para las ocasiones de la empresa, universidades, organizaciones del gobierno federal, y cualquier tipo de empresa que buscan hacer una declaraci\u00f3n visual s\u00f3lida.<\/li>\n<\/ul>\n<p><a href=\"https:\/\/customacrylicproduct.com\/es\/custom-acrylic-furnitures\/\"><img decoding=\"async\" class=\"wp-image-493 size-full aligncenter\" src=\"https:\/\/customacrylicproduct.com\/wp-content\/uploads\/2025\/07\/Custom-Acrylic-Podiums-1.jpg\" alt=\"Podios acr\u00edlicos personalizados\" width=\"800\" height=\"800\" srcset=\"https:\/\/customacrylicproduct.com\/wp-content\/uploads\/2025\/07\/Custom-Acrylic-Podiums-1.jpg 800w, https:\/\/customacrylicproduct.com\/wp-content\/uploads\/2025\/07\/Custom-Acrylic-Podiums-1-300x300.jpg 300w, https:\/\/customacrylicproduct.com\/wp-content\/uploads\/2025\/07\/Custom-Acrylic-Podiums-1-150x150.jpg 150w, https:\/\/customacrylicproduct.com\/wp-content\/uploads\/2025\/07\/Custom-Acrylic-Podiums-1-768x768.jpg 768w, https:\/\/customacrylicproduct.com\/wp-content\/uploads\/2025\/07\/Custom-Acrylic-Podiums-1-12x12.jpg 12w, https:\/\/customacrylicproduct.com\/wp-content\/uploads\/2025\/07\/Custom-Acrylic-Podiums-1-600x600.jpg 600w, https:\/\/customacrylicproduct.com\/wp-content\/uploads\/2025\/07\/Custom-Acrylic-Podiums-1-100x100.jpg 100w\" sizes=\"(max-width: 800px) 100vw, 800px\" \/><\/a><\/p>\n<h4 id=\"-a-stage-for-every-single-event-unequaled-flexibility-\"><strong>Un escenario para cada evento: Flexibilidad sin igual\u00a0<\/strong>.<\/h4>\n<p>Las l\u00edneas limpias y el aspecto especializado de nuestro <a href=\"https:\/\/customacrylicproduct.com\/es\/custom-acrylic-podiums-transparent-acrylic-lecterns\/\">atriles acr\u00edlicos<\/a> los hacen incre\u00edblemente funcionales. Nuestros podios han regulado realmente el enfoque en una gran variedad de lugares y eventos:.<\/p>\n<ul>\n<li><strong>Conferencias y ponencias:\u00a0<\/strong>Dar una imagen de autoridad, profesionalidad y confianza contempor\u00e1neas.<\/li>\n<li><strong>Ferias de profesiones:\u00a0<\/strong>Atraiga visitantes a su cub\u00edculo y ofrezca un sistema de marca para demostraciones de productos.<\/li>\n<li><strong>Iglesias y lugares de oraci\u00f3n:\u00a0<\/strong>Utilice un p\u00falpito acr\u00edlico transparente para producir una sensaci\u00f3n de visibilidad y conexi\u00f3n, o uno resistente para una visibilidad mucho m\u00e1s est\u00e1ndar. El estante interior es perfecto para guardar las Escrituras y las notas del serm\u00f3n.<\/li>\n<li><strong>Bodas y banquetes:\u00a0<\/strong>Ofrezca un centro de mesa elegante y moderno para discursos, brindis y juramentos.<\/li>\n<li><strong>Escuelas y universidades:\u00a0<\/strong>Ofrezca un atril robusto, seguro y experto para montajes y conferencias.<\/li>\n<li><strong>Restaurantes y hoteles:\u00a0<\/strong>Util\u00edcelo como un sofisticado atril para recibir a sus invitados.<\/li>\n<\/ul>\n<h4 id=\"-a-dedication-to-a-better-future-great-material-accountable-choice-\"><strong>Dedicaci\u00f3n a un futuro mejor: Gran material, elecci\u00f3n responsable\u00a0<\/strong>.<\/h4>\n<p>El acr\u00edlico que utilizamos no s\u00f3lo es resistente e impactante, sino tambi\u00e9n una elecci\u00f3n responsable. Es un\u00a0<strong>gran producto que se lleva bien tanto con las personas como con el entorno\u00a0<\/strong>. No es t\u00f3xico ni contiene sustancias qu\u00edmicas peligrosas, por lo que es seguro para cualquier tipo de ambiente interior. Adem\u00e1s, el acr\u00edlico es un producto reciclable, en l\u00ednea con los objetivos de sostenibilidad de las empresas modernas.<\/p>\n<p><strong>Alza la voz. Define tu escenario.\u00a0<\/strong>.<\/p>\n<p>Elegir uno de nuestros <a href=\"https:\/\/customacrylicproduct.com\/es\/custom-acrylic-podiums-transparent-acrylic-lecterns\/\">plataformas acr\u00edlicas a medida<\/a> es elegir invertir en alta calidad, seguridad y dise\u00f1o. Es una declaraci\u00f3n de que usted valora la comunicaci\u00f3n clara y una fotograf\u00eda especializada. Es una herramienta hecha para darte poder, ofreci\u00e9ndote una plataforma estable, funcional y bonita donde compartir tu mensaje con el mundo.<\/p>\n<p>Ll\u00e1menos hoy mismo para hablar de sus requisitos espec\u00edficos. Perm\u00edtanos ayudarle a elegir el mejor dise\u00f1o, las dimensiones y las opciones de marca personalizadas para desarrollar un atril que sea inconfundiblemente suyo.<\/p>","protected":false},"excerpt":{"rendered":"<p>Mejore su presencia en el escenario con nuestros podios acr\u00edlicos personalizados. Disponibles en estilos transparentes o de color s\u00f3lido, como este moderno modelo blanco, nuestros atriles ofrecen estabilidad y un aspecto profesional. A\u00f1ada el logotipo de su organizaci\u00f3n para darle un toque personalizado. Perfectos para conferencias, colegios y eventos.<\/p>","protected":false},"featured_media":496,"template":"","meta":{"_kad_post_transparent":"default","_kad_post_title":"","_kad_post_layout":"default","_kad_post_sidebar_id":"","_kad_post_content_style":"default","_kad_post_vertical_padding":"default","_kad_post_feature":"","_kad_post_feature_position":"","_kad_post_header":false,"_kad_post_footer":false,"_kad_post_classname":""},"product_brand":[],"product_cat":[21],"product_tag":[53,54,55],"class_list":{"0":"post-492","1":"product","2":"type-product","3":"status-publish","4":"has-post-thumbnail","6":"product_cat-custom-acrylic-furnitures","7":"product_tag-custom-acrylic-podiums","8":"product_tag-transparent-acrylic-lecterns","9":"product_tag-transparent-acrylic-podiums","11":"first","12":"instock","13":"shipping-taxable","14":"product-type-simple","15":"entry","16":"content-bg","17":"loop-entry"},"_links":{"self":[{"href":"https:\/\/customacrylicproduct.com\/es\/wp-json\/wp\/v2\/product\/492","targetHints":{"allow":["GET"]}}],"collection":[{"href":"https:\/\/customacrylicproduct.com\/es\/wp-json\/wp\/v2\/product"}],"about":[{"href":"https:\/\/customacrylicproduct.com\/es\/wp-json\/wp\/v2\/types\/product"}],"wp:featuredmedia":[{"embeddable":true,"href":"https:\/\/customacrylicproduct.com\/es\/wp-json\/wp\/v2\/media\/496"}],"wp:attachment":[{"href":"https:\/\/customacrylicproduct.com\/es\/wp-json\/wp\/v2\/media?parent=492"}],"wp:term":[{"taxonomy":"product_brand","embeddable":true,"href":"https:\/\/customacrylicproduct.com\/es\/wp-json\/wp\/v2\/product_brand?post=492"},{"taxonomy":"product_cat","embeddable":true,"href":"https:\/\/customacrylicproduct.com\/es\/wp-json\/wp\/v2\/product_cat?post=492"},{"taxonomy":"product_tag","embeddable":true,"href":"https:\/\/customacrylicproduct.com\/es\/wp-json\/wp\/v2\/product_tag?post=492"}],"curies":[{"name":"wp","href":"https:\/\/api.w.org\/{rel}","templated":true}]}}