{"id":497,"date":"2025-07-03T09:28:13","date_gmt":"2025-07-03T09:28:13","guid":{"rendered":"https:\/\/customacrylicproduct.com\/?post_type=product&#038;p=497"},"modified":"2025-07-03T12:48:41","modified_gmt":"2025-07-03T12:48:41","slug":"custom-clear-acrylic-fruit-trays-maker-perspex-acrylic-tray","status":"publish","type":"product","link":"https:\/\/customacrylicproduct.com\/es\/custom-clear-acrylic-fruit-trays-maker-perspex-acrylic-tray\/","title":{"rendered":"Bandejas acr\u00edlicas transparentes a medida Bandeja acr\u00edlica Maker Perspex"},"content":{"rendered":"<h3 id=\"-the-art-of-discussion-custom-crafted-perspex-polymer-trays-display-solutions-\"><strong>El arte de la discusi\u00f3n: Soluciones de exposici\u00f3n y bandejas de pol\u00edmero Perspex \u00ae hechas a medida\u00a0<\/strong>.<\/h3>\n<p>En el mundo de la venta al por menor de alta gama, la amabilidad de lujo y los espacios personales comisariados, la discusi\u00f3n no es s\u00f3lo un detalle: es toda la experiencia. La forma en que un objeto se sostiene, se presenta y se proporciona conecta su valor mucho antes de que se lea un coste o se saboree un gusto. Reconocemos este principio a la perfecci\u00f3n. Como principales fabricantes de bandejas acr\u00edlicas Perspex \u00ae personalizadas y soluciones para exposiciones, no nos limitamos a crear recipientes; creamos experiencias. Desarrollamos el escenario invisible que convierte sus productos en la estrella del programa.<\/p>\n<p>Nuestra <a href=\"https:\/\/customacrylicproduct.com\/es\/custom-clear-acrylic-fruit-trays-maker-perspex-acrylic-tray\/\">bandejas personalizadas,<\/a> como el elegante y contempor\u00e1neo modelo azul de la imagen, son la personificaci\u00f3n de la clase m\u00ednima y el rendimiento sin parang\u00f3n. Se han desarrollado para clientes exigentes que requieren alta calidad, claridad y modificaci\u00f3n, transformando cualquier pantalla de normal a extraordinaria.<\/p>\n<h4 id=\"-the-product-of-option-the-unmatched-prevalence-of-perspex-polymer-\"><strong>El Producto de Opci\u00f3n: La Inigualable Prevalencia del Pol\u00edmero Perspex\u00a0<\/strong>.<\/h4>\n<p>La base de toda obra de arte es el producto donde nace. Utilizamos exclusivamente acr\u00edlico Perspex \u00ae de primera calidad, un material famoso por su pureza \u00f3ptica y su rendimiento duradero, que supera con creces a materiales tradicionales como el vidrio en todos los aspectos cruciales.<\/p>\n<p><strong>1. Calidad \u00f3ptica total:\u00a0<\/strong>. Nuestras bandejas son\u00a0<strong>fabricado con acr\u00edlico transparente Perspex\u00a0<\/strong>, un producto que\u00a0<strong>\u00f3pticamente m\u00e1s claro que el vidrio\u00a0<\/strong>. Mientras que el vidrio b\u00e1sico suele tener un tinte ecol\u00f3gico refinado que puede distorsionar el tono real de los art\u00edculos que contiene, nuestro pol\u00edmero pr\u00e1cticamente no se ve. Esta claridad pr\u00edstina garantiza que sus art\u00edculos se vean exactamente como fueron concebidos, con colores vibrantes e informaci\u00f3n detallada totalmente visible desde todos los \u00e1ngulos. No se limita a sujetar sus objetos, sino que los realza.<\/p>\n<p><strong>2. Un protector contra el tiempo: Seguridad UV fundamental:\u00a0<\/strong>. La luz solar y la iluminaci\u00f3n artificial son riesgos silenciosos para los bienes valiosos, ya que provocan la decoloraci\u00f3n de los colores y el deterioro de los productos con el paso del tiempo. Nuestro acr\u00edlico de alta calidad act\u00faa como un poderoso escudo, proporcionando un\u00a0<strong>alto nivel de defensa UV\u00a0<\/strong>. Esta calidad superior integral elimina una parte significativa de los rayos ultravioleta inseguros, asegurando alimentos delicados de manchas, asegurando joyas preciosas de perder su resplandor, y la protecci\u00f3n de la integridad de las antig\u00fcedades y artefactos.<\/p>\n<p><strong>3. Seguridad y practicidad integradas:\u00a0<\/strong>. En cualquier tipo de ambiente p\u00fablico o muy transitado, la seguridad no es negociable. Nuestras soluciones acr\u00edlicas ofrecen una profunda satisfacci\u00f3n.\u00a0<strong>Mucho m\u00e1s seguro que utilizar vidrio\u00a0<\/strong>, El acr\u00edlico es incre\u00edblemente resistente a las roturas. Es mucho menos probable que una ca\u00edda o un golpe involuntarios provoquen un peligroso amasijo de fragmentos afilados. Adem\u00e1s, el acr\u00edlico es\u00a0<strong>menos de la mitad del peso del vidrio\u00a0<\/strong>, Nuestras bandejas son muy f\u00e1ciles de manejar, transportar y reorganizar, una ventaja importante tanto para el personal que trabaja en ocasiones especiales como para los vendedores al por menor y los artistas dom\u00e9sticos.<\/p>\n<p><a href=\"https:\/\/customacrylicproduct.com\/es\/custom-clear-acrylic-fruit-trays-maker-perspex-acrylic-tray\/\"><img fetchpriority=\"high\" decoding=\"async\" class=\"aligncenter wp-image-499 size-full\" src=\"https:\/\/customacrylicproduct.com\/wp-content\/uploads\/2025\/07\/Custom-Acrylic-Trays-2.jpg\" alt=\"Bandejas acr\u00edlicas personalizadas\" width=\"800\" height=\"800\" srcset=\"https:\/\/customacrylicproduct.com\/wp-content\/uploads\/2025\/07\/Custom-Acrylic-Trays-2.jpg 800w, https:\/\/customacrylicproduct.com\/wp-content\/uploads\/2025\/07\/Custom-Acrylic-Trays-2-300x300.jpg 300w, https:\/\/customacrylicproduct.com\/wp-content\/uploads\/2025\/07\/Custom-Acrylic-Trays-2-150x150.jpg 150w, https:\/\/customacrylicproduct.com\/wp-content\/uploads\/2025\/07\/Custom-Acrylic-Trays-2-768x768.jpg 768w, https:\/\/customacrylicproduct.com\/wp-content\/uploads\/2025\/07\/Custom-Acrylic-Trays-2-12x12.jpg 12w, https:\/\/customacrylicproduct.com\/wp-content\/uploads\/2025\/07\/Custom-Acrylic-Trays-2-600x600.jpg 600w, https:\/\/customacrylicproduct.com\/wp-content\/uploads\/2025\/07\/Custom-Acrylic-Trays-2-100x100.jpg 100w\" sizes=\"(max-width: 800px) 100vw, 800px\" \/><\/a><\/p>\n<h4 id=\"-craftsmanship-in-every-line-the-appeal-of-seamless-building-and-construction-\"><strong>Artesan\u00eda en cada l\u00ednea: El atractivo de la construcci\u00f3n sin juntas\u00a0<\/strong>.<\/h4>\n<p>La verdadera alta gama reside en los detalles de construcci\u00f3n. Nuestro proceso de producci\u00f3n se caracteriza por la precisi\u00f3n, lo que hace que el producto tenga un tacto tan bueno como su aspecto.<\/p>\n<p>Uno de los atributos m\u00e1s llamativos de nuestras bandejas y fundas es su est\u00e9tica limpia e imperturbable. Esto se consigue utilizando\u00a0<strong>paneles acr\u00edlicos unidos a tope\u00a0<\/strong>, una t\u00e9cnica que permite\u00a0<strong>vistas ordenadas sin horribles estructuras de acero que le tapen la vista\u00a0<\/strong>. A diferencia de los art\u00edculos de calidad inferior que se mantienen unidos mediante soportes o equipos visibles, nuestros art\u00edculos parecen haber sido fabricados a partir de un \u00fanico y resistente bloque de acr\u00edlico. Esta disposici\u00f3n monol\u00edtica crea una sensaci\u00f3n avanzada, de calidad de museo, que aumenta el valor visual de todo lo que lo compone. Los bordes suavemente redondeados, como se ve en la bandeja azul, est\u00e1n completamente curvados al calor y refinados, garantizando un tipo suave y fluido que es a la vez elegante a la vista y positivo al tacto.<\/p>\n<h4 id=\"-beyond-the-tray-the-globe-of-customization-and-enclosed-displays-\"><strong>M\u00e1s all\u00e1 de la bandeja: El mundo de la personalizaci\u00f3n y los expositores cerrados\u00a0<\/strong>.<\/h4>\n<p>Aunque nuestras bandejas abiertas son un elemento b\u00e1sico de sofisticaci\u00f3n, reconocemos que la seguridad real en algunos casos requiere un servicio m\u00e1s detallado. Nuestro saber hacer como fabricante personalizado nos permite prolongar este enfoque de estilo a las cajas y vitrinas acr\u00edlicas completamente cerradas.<\/p>\n<p>En\u00a0<strong><a href=\"https:\/\/customacrylicproduct.com\/es\/custom-clear-acrylic-fruit-trays-maker-perspex-acrylic-tray\/\">suministros para cajas acr\u00edlicas<\/a> un contenedor de 6 lados\u00a0<\/strong>que es perfecto para cuando necesite\u00a0<strong>mantenga sus objetos guardados ordenados, secos y a salvo de visitantes no deseados.\u00a0<\/strong>Es el servicio \u00f3ptimo para proteger panes fr\u00e1giles de la suciedad, proteger bisuter\u00eda \u00fatil de la manipulaci\u00f3n o archivar objetos esenciales.<\/p>\n<p>Para garantizar un ajuste ideal y protegido, nuestras fundas son\u00a0<strong>provisto de una base acr\u00edlica rebajada de 6 mm\u00a0<\/strong>. Este estilo cuenta con un peque\u00f1o lado escalonado fresado justo en la base, lo que permite que la tapa de 5 lados para\u00a0<strong>mantener firmemente listo\u00a0<\/strong>. Protege contra el deslizamiento de la cubierta, proporcionando seguridad y protecci\u00f3n y conservando al mismo tiempo el aspecto elegante y sin marco.<\/p>\n<p>Su visi\u00f3n es nuestro proyecto. Nos gustan las modificaciones y podemos crear soluciones adaptadas a sus necesidades concretas. Nuestro <a href=\"https:\/\/customacrylicproduct.com\/es\/custom-acrylic-trays\/\">bandejas ac\u00edlicas a medida<\/a> y las instancias pueden ser <strong>a medida en una enorme serie de tama\u00f1os y tonos\u00a0<\/strong>. Tanto si necesita una bandeja que se ajuste a las dimensiones de una estanter\u00eda espec\u00edfica, una caja con el color de su marca, o una forma \u00fanica que destaque, nuestro grupo de artesanos puede darle vida.<\/p>\n<p><a href=\"https:\/\/customacrylicproduct.com\/es\/custom-clear-acrylic-fruit-trays-maker-perspex-acrylic-tray\/\"><img decoding=\"async\" class=\"aligncenter wp-image-498 size-full\" src=\"https:\/\/customacrylicproduct.com\/wp-content\/uploads\/2025\/07\/Custom-Acrylic-Trays-1.jpg\" alt=\"Bandejas acr\u00edlicas personalizadas\" width=\"800\" height=\"800\" srcset=\"https:\/\/customacrylicproduct.com\/wp-content\/uploads\/2025\/07\/Custom-Acrylic-Trays-1.jpg 800w, https:\/\/customacrylicproduct.com\/wp-content\/uploads\/2025\/07\/Custom-Acrylic-Trays-1-300x300.jpg 300w, https:\/\/customacrylicproduct.com\/wp-content\/uploads\/2025\/07\/Custom-Acrylic-Trays-1-150x150.jpg 150w, https:\/\/customacrylicproduct.com\/wp-content\/uploads\/2025\/07\/Custom-Acrylic-Trays-1-768x768.jpg 768w, https:\/\/customacrylicproduct.com\/wp-content\/uploads\/2025\/07\/Custom-Acrylic-Trays-1-12x12.jpg 12w, https:\/\/customacrylicproduct.com\/wp-content\/uploads\/2025\/07\/Custom-Acrylic-Trays-1-600x600.jpg 600w, https:\/\/customacrylicproduct.com\/wp-content\/uploads\/2025\/07\/Custom-Acrylic-Trays-1-100x100.jpg 100w\" sizes=\"(max-width: 800px) 100vw, 800px\" \/><\/a><\/p>\n<h4 id=\"-elevating-the-present-creating-measurement-and-style-\"><strong>Elevar el presente: Crear medida y estilo\u00a0<\/strong>.<\/h4>\n<p>Una pantalla nivelada puede ser una oportunidad perdida. Para ayudarle a producir presentaciones realmente vibrantes y atractivas, le ofrecemos una colecci\u00f3n de dispositivos de pantalla compatibles.\u00a0<strong>Nuestra <a href=\"https:\/\/customacrylicproduct.com\/es\/custom-acrylic-trays\/\">expositor acr\u00edlico<\/a> En el interior de la vitrina rectangular acr\u00edlica se pueden utilizar puentes, pelda\u00f1os y bloques de pantalla para incluir un dise\u00f1o y una medida adicionales a sus expositores.\u00a0<\/strong>.<\/p>\n<p>Imagine una pantalla de exposici\u00f3n de bisuter\u00eda en la que un colgante est\u00e1 elegantemente cortinado sobre un puente, con joyas a juego que descansan sobre peque\u00f1os bloques, todo ello dentro de una caja transparente protegida. O imagine una bandeja de postres en la que los macarons se colocan en una pantalla de exposici\u00f3n escalonada de varios niveles, creando un paisaje de golosinas est\u00e9ticamente magn\u00edfico. Estos dispositivos b\u00e1sicos y transparentes se integran sin esfuerzo, permiti\u00e9ndole divertirse con la elevaci\u00f3n y la profundidad para dirigir la mirada del p\u00fablico e informar de una historia visual mucho m\u00e1s atractiva.<\/p>\n<h4 id=\"-a-world-of-applications-where-beauty-fulfills-function-\"><strong>Un mundo de aplicaciones: Donde la belleza cumple su funci\u00f3n\u00a0<\/strong>.<\/h4>\n<p>La flexibilidad y la est\u00e9tica avanzada de nuestras bandejas y cajas acr\u00edlicas a medida las convierten en la opci\u00f3n excelente para una variedad casi ilimitada de aplicaciones.<\/p>\n<ul>\n<li><strong>Comida presente:\u00a0<\/strong>Nuestras bandejas aptas para alimentos son tan higi\u00e9nicas como espectaculares, ya sea para exhibir din\u00e1micos planes de frutas y decadentes pasteles en el buf\u00e9 de un hotel, presentar aperitivos en un catering u organizar condimentos en una cafeter\u00eda moderna.<\/li>\n<li><strong>Joyer\u00eda y venta al por menor de alta gama:\u00a0<\/strong>Desarrolle una atm\u00f3sfera de exclusividad premium. Presente relojes, colgantes, anillos y grandes dispositivos de forma que destaque su elaboraci\u00f3n sin desviar la atenci\u00f3n. La opci\u00f3n de estuche con tapa incluye una capa de seguridad necesaria.<\/li>\n<li><strong>Escaparates y publicidad en tiendas:\u00a0<\/strong>Capte el inter\u00e9s de los transe\u00fantes con un escaparate limpio, brillante y moderno. Nuestras bandejas y situaciones son excelentes para dar protagonismo a lanzamientos de nuevos art\u00edculos, promociones de temporada y art\u00edculos destacados.<\/li>\n<li><strong>Museos y galer\u00edas:\u00a0<\/strong>Presente artefactos, maquetas y antig\u00fcedades con la calidad y defensa a las que tienen derecho. La defensa UV y las vistas desbloqueadas son necesarias para funciones de archivo y eventos.<\/li>\n<li><strong>Hogar y lugar de trabajo:\u00a0<\/strong>Organice su tocador con una bandeja elegante para perfumes y cosm\u00e9ticos, desarrolle una sofisticada bandeja de servir para entretener a los visitantes, o haga uso de una bandeja personalizada como un coordinador de escritorio de trabajo avanzado o \u201ccatch-all\u201d en su entrada.<\/li>\n<\/ul>\n<p><a href=\"https:\/\/customacrylicproduct.com\/es\/custom-acrylic-trays\/\"><img decoding=\"async\" class=\"aligncenter wp-image-500 size-full\" src=\"https:\/\/customacrylicproduct.com\/wp-content\/uploads\/2025\/07\/Custom-Acrylic-Trays-3.jpg\" alt=\"Bandejas acr\u00edlicas personalizadas\" width=\"800\" height=\"800\" srcset=\"https:\/\/customacrylicproduct.com\/wp-content\/uploads\/2025\/07\/Custom-Acrylic-Trays-3.jpg 800w, https:\/\/customacrylicproduct.com\/wp-content\/uploads\/2025\/07\/Custom-Acrylic-Trays-3-300x300.jpg 300w, https:\/\/customacrylicproduct.com\/wp-content\/uploads\/2025\/07\/Custom-Acrylic-Trays-3-150x150.jpg 150w, https:\/\/customacrylicproduct.com\/wp-content\/uploads\/2025\/07\/Custom-Acrylic-Trays-3-768x768.jpg 768w, https:\/\/customacrylicproduct.com\/wp-content\/uploads\/2025\/07\/Custom-Acrylic-Trays-3-12x12.jpg 12w, https:\/\/customacrylicproduct.com\/wp-content\/uploads\/2025\/07\/Custom-Acrylic-Trays-3-600x600.jpg 600w, https:\/\/customacrylicproduct.com\/wp-content\/uploads\/2025\/07\/Custom-Acrylic-Trays-3-100x100.jpg 100w\" sizes=\"(max-width: 800px) 100vw, 800px\" \/><\/a><\/p>\n<p><strong>As\u00f3ciese con un fabricante que entiende la calidad.\u00a0<\/strong>.<\/p>\n<p>Cuando nos elige, no est\u00e1 adquiriendo simplemente un art\u00edculo; est\u00e1 colaborando con un fabricante dedicado a la calidad. Incorporamos tecnolog\u00eda moderna de vanguardia con mano de obra cl\u00e1sica para ofrecer servicios que son tan duraderos como atractivos. P\u00f3ngase en contacto con nosotros hoy mismo para hablar de su tarea y perm\u00edtanos ayudarle a crear la mejor soluci\u00f3n de pantalla acr\u00edlica para potenciar su marca y mostrar sus productos de la mejor forma posible.<\/p>","protected":false},"excerpt":{"rendered":"<p>El Arte de la Discusi\u00f3n: Bandejas de pol\u00edmero Perspex \u00ae hechas a medida y soluciones de exposici\u00f3n . En el mundo de la venta al por menor de alta gama, la amabilidad de lujo, y los espacios personales comisariados, la discusi\u00f3n no es s\u00f3lo un detalle - es toda la experiencia. La forma en que un objeto se sostiene, se presenta y se ofrece conecta su valor mucho antes de que se...<\/p>","protected":false},"featured_media":501,"template":"","meta":{"_kad_post_transparent":"default","_kad_post_title":"","_kad_post_layout":"default","_kad_post_sidebar_id":"","_kad_post_content_style":"default","_kad_post_vertical_padding":"default","_kad_post_feature":"","_kad_post_feature_position":"","_kad_post_header":false,"_kad_post_footer":false,"_kad_post_classname":""},"product_brand":[],"product_cat":[22],"product_tag":[56,57],"class_list":{"0":"post-497","1":"product","2":"type-product","3":"status-publish","4":"has-post-thumbnail","6":"product_cat-custom-acrylic-trays","7":"product_tag-custom-acrylic-trays","8":"product_tag-perspex-acrylic-tray","10":"first","11":"instock","12":"shipping-taxable","13":"product-type-simple","14":"entry","15":"content-bg","16":"loop-entry"},"_links":{"self":[{"href":"https:\/\/customacrylicproduct.com\/es\/wp-json\/wp\/v2\/product\/497","targetHints":{"allow":["GET"]}}],"collection":[{"href":"https:\/\/customacrylicproduct.com\/es\/wp-json\/wp\/v2\/product"}],"about":[{"href":"https:\/\/customacrylicproduct.com\/es\/wp-json\/wp\/v2\/types\/product"}],"wp:featuredmedia":[{"embeddable":true,"href":"https:\/\/customacrylicproduct.com\/es\/wp-json\/wp\/v2\/media\/501"}],"wp:attachment":[{"href":"https:\/\/customacrylicproduct.com\/es\/wp-json\/wp\/v2\/media?parent=497"}],"wp:term":[{"taxonomy":"product_brand","embeddable":true,"href":"https:\/\/customacrylicproduct.com\/es\/wp-json\/wp\/v2\/product_brand?post=497"},{"taxonomy":"product_cat","embeddable":true,"href":"https:\/\/customacrylicproduct.com\/es\/wp-json\/wp\/v2\/product_cat?post=497"},{"taxonomy":"product_tag","embeddable":true,"href":"https:\/\/customacrylicproduct.com\/es\/wp-json\/wp\/v2\/product_tag?post=497"}],"curies":[{"name":"wp","href":"https:\/\/api.w.org\/{rel}","templated":true}]}}